{"id":1782,"date":"2021-01-29T12:34:32","date_gmt":"2021-01-29T11:34:32","guid":{"rendered":"http:\/\/www.pickchickbymec.es.mialias.net\/?page_id=1782"},"modified":"2026-01-13T13:35:14","modified_gmt":"2026-01-13T12:35:14","slug":"porfolio","status":"publish","type":"page","link":"https:\/\/www.pickchickbymec.com\/en\/porfolio\/","title":{"rendered":"Portfolio"},"content":{"rendered":"<p>Soy Marta \u00c1lvarez, m\u00e1s conocida como Mec. Soy ilustradora freelance y este es mi porfolio. A continuaci\u00f3n tienes varias secciones donde puedes echar un ojo a los trabajos que he realizado hasta la fecha. Si quieres colaborar conmigo no dudes en contactarme por email a <strong><a href=\"mailto:pickchickshop@gmail.com\">pickchickshop@gmail.com<\/a><\/strong><\/p>\n\n\n\n<hr class=\"wp-block-separator has-text-color has-pale-cyan-blue-color has-alpha-channel-opacity has-pale-cyan-blue-background-color has-background is-style-dots\"\/>\n\n\n\n<h2 class=\"wp-block-heading has-text-align-center\"><a href=\"https:\/\/www.pickchickbymec.com\/en\/porfolio\/porfolio-ilustracion\/\">Illustration<\/a><\/h2>\n\n\n\n<h2 class=\"wp-block-heading has-text-align-center\"><a href=\"https:\/\/www.pickchickbymec.com\/en\/porfolio\/proyectos-profesionales\/\">Trabajos para empresas<\/a><\/h2>\n\n\n\n<h2 class=\"wp-block-heading has-text-align-center\"><a href=\"https:\/\/www.pickchickbymec.com\/en\/porfolio\/clases-dibujo-martorell\/\">Cursos y talleres<\/a><\/h2>\n\n\n\n<p><\/p>\n\n\n\n<hr class=\"wp-block-separator has-text-color has-vivid-cyan-blue-color has-alpha-channel-opacity has-vivid-cyan-blue-background-color has-background is-style-dots\"\/>\n\n\n\n<p>Adem\u00e1s de lo recogido en los anteriores apartados te invito a que visites el resto de la web. En la <strong><a href=\"https:\/\/www.pickchickbymec.com\/en\/tienda\/\">tienda<\/a><\/strong> encontrar\u00e1s un mont\u00f3n de productos con ilustraci\u00f3n aplicada, todos hechos por m\u00ed. En la secci\u00f3n del <a href=\"https:\/\/www.pickchickbymec.com\/en\/caelo\/\"><strong>c\u00f3mic autoeditado Caelo<\/strong><\/a> conocer\u00e1s el proyecto al que m\u00e1s cari\u00f1o estoy poniendo actualmente y podr\u00e1s ver ejemplos de algunas p\u00e1ginas y parte del proceso creativo que hay detr\u00e1s. <\/p>\n\n\n\n<p>Si todav\u00eda quieres ver m\u00e1s ejemplos de mi arte mi cuenta de <a href=\"https:\/\/www.instagram.com\/mecsart\"><strong>Instagram de sketchbook<\/strong><\/a>  incluye much\u00edsimos bocetos en acuarela, frescos y espont\u00e1neos.<\/p>","protected":false},"excerpt":{"rendered":"<p>Soy Marta \u00c1lvarez, m\u00e1s conocida como Mec. Soy ilustradora freelance y este es mi porfolio. A continuaci\u00f3n tienes varias secciones donde puedes echar un ojo a los trabajos que he realizado hasta la fecha. Si quieres colaborar conmigo no dudes en contactarme por email a pickchickshop@gmail.com Ilustraci\u00f3n Trabajos para empresas Cursos y talleres Adem\u00e1s de [&hellip;]<\/p>\n","protected":false},"author":1,"featured_media":75,"parent":0,"menu_order":0,"comment_status":"closed","ping_status":"closed","template":"","meta":{"_monsterinsights_skip_tracking":false,"_monsterinsights_sitenote_active":false,"_monsterinsights_sitenote_note":"","_monsterinsights_sitenote_category":0,"footnotes":""},"class_list":["post-1782","page","type-page","status-publish","has-post-thumbnail","hentry"],"yoast_head":"<!-- This site is optimized with the Yoast SEO plugin v27.5 - https:\/\/yoast.com\/product\/yoast-seo-wordpress\/ -->\n<title>Porfolio - Pick\u00b7Chick by Mec<\/title>\n<meta name=\"description\" content=\"Soy Mec, ilustradora Freelance, y aqu\u00ed puedes ver mi Porfolio. Encontrar\u00e1s tanto ilustraciones realizadas como mis trabajos para empresas.\" \/>\n<meta name=\"robots\" content=\"index, follow, max-snippet:-1, max-image-preview:large, max-video-preview:-1\" \/>\n<link rel=\"canonical\" href=\"https:\/\/www.pickchickbymec.com\/en\/porfolio\/\" \/>\n<meta property=\"og:locale\" content=\"en_GB\" \/>\n<meta property=\"og:type\" content=\"article\" \/>\n<meta property=\"og:title\" content=\"Porfolio - Pick\u00b7Chick by Mec\" \/>\n<meta property=\"og:description\" content=\"Soy Mec, ilustradora Freelance, y aqu\u00ed puedes ver mi Porfolio. Encontrar\u00e1s tanto ilustraciones realizadas como mis trabajos para empresas.\" \/>\n<meta property=\"og:url\" content=\"https:\/\/www.pickchickbymec.com\/en\/porfolio\/\" \/>\n<meta property=\"og:site_name\" content=\"Pick\u00b7Chick by Mec\" \/>\n<meta property=\"article:modified_time\" content=\"2026-01-13T12:35:14+00:00\" \/>\n<meta property=\"og:image\" content=\"https:\/\/www.pickchickbymec.com\/wp-content\/uploads\/2021\/01\/cropped-cropped-print-cabecera.jpg\" \/>\n\t<meta property=\"og:image:width\" content=\"2000\" \/>\n\t<meta property=\"og:image:height\" content=\"199\" \/>\n\t<meta property=\"og:image:type\" content=\"image\/jpeg\" \/>\n<meta name=\"twitter:card\" content=\"summary_large_image\" \/>\n<meta name=\"twitter:label1\" content=\"Estimated reading time\" \/>\n\t<meta name=\"twitter:data1\" content=\"1 minute\" \/>\n<script type=\"application\/ld+json\" class=\"yoast-schema-graph\">{\"@context\":\"https:\\\/\\\/schema.org\",\"@graph\":[{\"@type\":\"WebPage\",\"@id\":\"https:\\\/\\\/www.pickchickbymec.com\\\/porfolio\\\/\",\"url\":\"https:\\\/\\\/www.pickchickbymec.com\\\/porfolio\\\/\",\"name\":\"Porfolio - Pick\u00b7Chick by Mec\",\"isPartOf\":{\"@id\":\"https:\\\/\\\/www.pickchickbymec.com\\\/#website\"},\"primaryImageOfPage\":{\"@id\":\"https:\\\/\\\/www.pickchickbymec.com\\\/porfolio\\\/#primaryimage\"},\"image\":{\"@id\":\"https:\\\/\\\/www.pickchickbymec.com\\\/porfolio\\\/#primaryimage\"},\"thumbnailUrl\":\"https:\\\/\\\/www.pickchickbymec.com\\\/wp-content\\\/uploads\\\/2021\\\/01\\\/cropped-cropped-print-cabecera.jpg\",\"datePublished\":\"2021-01-29T11:34:32+00:00\",\"dateModified\":\"2026-01-13T12:35:14+00:00\",\"description\":\"Soy Mec, ilustradora Freelance, y aqu\u00ed puedes ver mi Porfolio. Encontrar\u00e1s tanto ilustraciones realizadas como mis trabajos para empresas.\",\"breadcrumb\":{\"@id\":\"https:\\\/\\\/www.pickchickbymec.com\\\/porfolio\\\/#breadcrumb\"},\"inLanguage\":\"en-GB\",\"potentialAction\":[{\"@type\":\"ReadAction\",\"target\":[\"https:\\\/\\\/www.pickchickbymec.com\\\/porfolio\\\/\"]}]},{\"@type\":\"ImageObject\",\"inLanguage\":\"en-GB\",\"@id\":\"https:\\\/\\\/www.pickchickbymec.com\\\/porfolio\\\/#primaryimage\",\"url\":\"https:\\\/\\\/www.pickchickbymec.com\\\/wp-content\\\/uploads\\\/2021\\\/01\\\/cropped-cropped-print-cabecera.jpg\",\"contentUrl\":\"https:\\\/\\\/www.pickchickbymec.com\\\/wp-content\\\/uploads\\\/2021\\\/01\\\/cropped-cropped-print-cabecera.jpg\",\"width\":2000,\"height\":199,\"caption\":\"Cabecera estampado kawaii pickchick\"},{\"@type\":\"BreadcrumbList\",\"@id\":\"https:\\\/\\\/www.pickchickbymec.com\\\/porfolio\\\/#breadcrumb\",\"itemListElement\":[{\"@type\":\"ListItem\",\"position\":1,\"name\":\"Portada\",\"item\":\"https:\\\/\\\/www.pickchickbymec.com\\\/\"},{\"@type\":\"ListItem\",\"position\":2,\"name\":\"Porfolio\"}]},{\"@type\":\"WebSite\",\"@id\":\"https:\\\/\\\/www.pickchickbymec.com\\\/#website\",\"url\":\"https:\\\/\\\/www.pickchickbymec.com\\\/\",\"name\":\"Pick\u00b7Chick by Mec\",\"description\":\"kawaii illustrator and artisan\",\"publisher\":{\"@id\":\"https:\\\/\\\/www.pickchickbymec.com\\\/#\\\/schema\\\/person\\\/189a1cea9c7f6704595062aabbbb38fe\"},\"potentialAction\":[{\"@type\":\"SearchAction\",\"target\":{\"@type\":\"EntryPoint\",\"urlTemplate\":\"https:\\\/\\\/www.pickchickbymec.com\\\/?s={search_term_string}\"},\"query-input\":{\"@type\":\"PropertyValueSpecification\",\"valueRequired\":true,\"valueName\":\"search_term_string\"}}],\"inLanguage\":\"en-GB\"},{\"@type\":[\"Person\",\"Organization\"],\"@id\":\"https:\\\/\\\/www.pickchickbymec.com\\\/#\\\/schema\\\/person\\\/189a1cea9c7f6704595062aabbbb38fe\",\"name\":\"pickchickbymec\",\"image\":{\"@type\":\"ImageObject\",\"inLanguage\":\"en-GB\",\"@id\":\"https:\\\/\\\/secure.gravatar.com\\\/avatar\\\/0c13b11690ce1ad38e031b40cac436947d766b2585e3e81250e6cf60b0a3b61f?s=96&d=mm&r=g\",\"url\":\"https:\\\/\\\/secure.gravatar.com\\\/avatar\\\/0c13b11690ce1ad38e031b40cac436947d766b2585e3e81250e6cf60b0a3b61f?s=96&d=mm&r=g\",\"contentUrl\":\"https:\\\/\\\/secure.gravatar.com\\\/avatar\\\/0c13b11690ce1ad38e031b40cac436947d766b2585e3e81250e6cf60b0a3b61f?s=96&d=mm&r=g\",\"caption\":\"pickchickbymec\"},\"logo\":{\"@id\":\"https:\\\/\\\/secure.gravatar.com\\\/avatar\\\/0c13b11690ce1ad38e031b40cac436947d766b2585e3e81250e6cf60b0a3b61f?s=96&d=mm&r=g\"}}]}<\/script>\n<!-- \/ Yoast SEO plugin. -->","yoast_head_json":{"title":"Porfolio - Pick\u00b7Chick by Mec","description":"Soy Mec, ilustradora Freelance, y aqu\u00ed puedes ver mi Porfolio. Encontrar\u00e1s tanto ilustraciones realizadas como mis trabajos para empresas.","robots":{"index":"index","follow":"follow","max-snippet":"max-snippet:-1","max-image-preview":"max-image-preview:large","max-video-preview":"max-video-preview:-1"},"canonical":"https:\/\/www.pickchickbymec.com\/en\/porfolio\/","og_locale":"en_GB","og_type":"article","og_title":"Porfolio - Pick\u00b7Chick by Mec","og_description":"Soy Mec, ilustradora Freelance, y aqu\u00ed puedes ver mi Porfolio. Encontrar\u00e1s tanto ilustraciones realizadas como mis trabajos para empresas.","og_url":"https:\/\/www.pickchickbymec.com\/en\/porfolio\/","og_site_name":"Pick\u00b7Chick by Mec","article_modified_time":"2026-01-13T12:35:14+00:00","og_image":[{"width":2000,"height":199,"url":"https:\/\/www.pickchickbymec.com\/wp-content\/uploads\/2021\/01\/cropped-cropped-print-cabecera.jpg","type":"image\/jpeg"}],"twitter_card":"summary_large_image","twitter_misc":{"Estimated reading time":"1 minute"},"schema":{"@context":"https:\/\/schema.org","@graph":[{"@type":"WebPage","@id":"https:\/\/www.pickchickbymec.com\/porfolio\/","url":"https:\/\/www.pickchickbymec.com\/porfolio\/","name":"Porfolio - Pick\u00b7Chick by Mec","isPartOf":{"@id":"https:\/\/www.pickchickbymec.com\/#website"},"primaryImageOfPage":{"@id":"https:\/\/www.pickchickbymec.com\/porfolio\/#primaryimage"},"image":{"@id":"https:\/\/www.pickchickbymec.com\/porfolio\/#primaryimage"},"thumbnailUrl":"https:\/\/www.pickchickbymec.com\/wp-content\/uploads\/2021\/01\/cropped-cropped-print-cabecera.jpg","datePublished":"2021-01-29T11:34:32+00:00","dateModified":"2026-01-13T12:35:14+00:00","description":"Soy Mec, ilustradora Freelance, y aqu\u00ed puedes ver mi Porfolio. Encontrar\u00e1s tanto ilustraciones realizadas como mis trabajos para empresas.","breadcrumb":{"@id":"https:\/\/www.pickchickbymec.com\/porfolio\/#breadcrumb"},"inLanguage":"en-GB","potentialAction":[{"@type":"ReadAction","target":["https:\/\/www.pickchickbymec.com\/porfolio\/"]}]},{"@type":"ImageObject","inLanguage":"en-GB","@id":"https:\/\/www.pickchickbymec.com\/porfolio\/#primaryimage","url":"https:\/\/www.pickchickbymec.com\/wp-content\/uploads\/2021\/01\/cropped-cropped-print-cabecera.jpg","contentUrl":"https:\/\/www.pickchickbymec.com\/wp-content\/uploads\/2021\/01\/cropped-cropped-print-cabecera.jpg","width":2000,"height":199,"caption":"Cabecera estampado kawaii pickchick"},{"@type":"BreadcrumbList","@id":"https:\/\/www.pickchickbymec.com\/porfolio\/#breadcrumb","itemListElement":[{"@type":"ListItem","position":1,"name":"Portada","item":"https:\/\/www.pickchickbymec.com\/"},{"@type":"ListItem","position":2,"name":"Porfolio"}]},{"@type":"WebSite","@id":"https:\/\/www.pickchickbymec.com\/#website","url":"https:\/\/www.pickchickbymec.com\/","name":"Pick-Chick by Mec","description":"kawaii illustrator and artisan","publisher":{"@id":"https:\/\/www.pickchickbymec.com\/#\/schema\/person\/189a1cea9c7f6704595062aabbbb38fe"},"potentialAction":[{"@type":"SearchAction","target":{"@type":"EntryPoint","urlTemplate":"https:\/\/www.pickchickbymec.com\/?s={search_term_string}"},"query-input":{"@type":"PropertyValueSpecification","valueRequired":true,"valueName":"search_term_string"}}],"inLanguage":"en-GB"},{"@type":["Person","Organization"],"@id":"https:\/\/www.pickchickbymec.com\/#\/schema\/person\/189a1cea9c7f6704595062aabbbb38fe","name":"pickchickbymec","image":{"@type":"ImageObject","inLanguage":"en-GB","@id":"https:\/\/secure.gravatar.com\/avatar\/0c13b11690ce1ad38e031b40cac436947d766b2585e3e81250e6cf60b0a3b61f?s=96&d=mm&r=g","url":"https:\/\/secure.gravatar.com\/avatar\/0c13b11690ce1ad38e031b40cac436947d766b2585e3e81250e6cf60b0a3b61f?s=96&d=mm&r=g","contentUrl":"https:\/\/secure.gravatar.com\/avatar\/0c13b11690ce1ad38e031b40cac436947d766b2585e3e81250e6cf60b0a3b61f?s=96&d=mm&r=g","caption":"pickchickbymec"},"logo":{"@id":"https:\/\/secure.gravatar.com\/avatar\/0c13b11690ce1ad38e031b40cac436947d766b2585e3e81250e6cf60b0a3b61f?s=96&d=mm&r=g"}}]}},"jetpack-related-posts":[],"jetpack_sharing_enabled":true,"_links":{"self":[{"href":"https:\/\/www.pickchickbymec.com\/en\/wp-json\/wp\/v2\/pages\/1782","targetHints":{"allow":["GET"]}}],"collection":[{"href":"https:\/\/www.pickchickbymec.com\/en\/wp-json\/wp\/v2\/pages"}],"about":[{"href":"https:\/\/www.pickchickbymec.com\/en\/wp-json\/wp\/v2\/types\/page"}],"author":[{"embeddable":true,"href":"https:\/\/www.pickchickbymec.com\/en\/wp-json\/wp\/v2\/users\/1"}],"replies":[{"embeddable":true,"href":"https:\/\/www.pickchickbymec.com\/en\/wp-json\/wp\/v2\/comments?post=1782"}],"version-history":[{"count":10,"href":"https:\/\/www.pickchickbymec.com\/en\/wp-json\/wp\/v2\/pages\/1782\/revisions"}],"predecessor-version":[{"id":8993,"href":"https:\/\/www.pickchickbymec.com\/en\/wp-json\/wp\/v2\/pages\/1782\/revisions\/8993"}],"wp:featuredmedia":[{"embeddable":true,"href":"https:\/\/www.pickchickbymec.com\/en\/wp-json\/wp\/v2\/media\/75"}],"wp:attachment":[{"href":"https:\/\/www.pickchickbymec.com\/en\/wp-json\/wp\/v2\/media?parent=1782"}],"curies":[{"name":"wp","href":"https:\/\/api.w.org\/{rel}","templated":true}]}}