{"id":1806,"date":"2021-01-29T12:55:57","date_gmt":"2021-01-29T11:55:57","guid":{"rendered":"http:\/\/www.pickchickbymec.es.mialias.net\/?page_id=1806"},"modified":"2026-01-13T13:52:47","modified_gmt":"2026-01-13T12:52:47","slug":"clases-dibujo-martorell","status":"publish","type":"page","link":"https:\/\/www.pickchickbymec.com\/en\/porfolio\/clases-dibujo-martorell\/","title":{"rendered":"Drawing classes and workshops in Martorell and surroundings"},"content":{"rendered":"<div class=\"wp-block-columns is-layout-flex wp-container-core-columns-is-layout-9d6595d7 wp-block-columns-is-layout-flex\">\n<div class=\"wp-block-column is-layout-flow wp-block-column-is-layout-flow\">\n<p class=\"has-black-color has-text-color has-link-color has-medium-font-size wp-elements-9253e3a941501ff26ad01557a736d7f6\">Desde 2019 ejerzo de profesora y tallerista, doy clases semanales de dibujo a ni\u00f1os y adolescentes en <a href=\"https:\/\/www.instagram.com\/lacasahandmade\/\"><strong>La Casa Handmade<\/strong><\/a> (Martorell), y realizo monogr\u00e1ficos de iniciaci\u00f3n a t\u00e9cnicas art\u00edsticas para adultos de forma espor\u00e1dica.<\/p>\n\n\n\n<p class=\"has-black-color has-text-color has-link-color has-medium-font-size wp-elements-b6068d72030e60cdd53f2749dc6ab194\">Tambi\u00e9n he impartido talleres de acuarela y color en colaboraci\u00f3n con<strong> Parc Sanitari Sant Joan de Deu<\/strong> (Centre Penitenciari Can Brians y centro de salud mental SJD Cornell\u00e1).<\/p>\n\n\n\n<p class=\"has-black-color has-text-color has-link-color has-medium-font-size wp-elements-fda9fca882a324c352077a4cbcce1b97\">Si tienes un local creativo y buscas a alguien para talleres puntuales no dudes en contactarme por <a href=\"\/en\/pickchickshop@gmail.com\/\"><\/a><strong><a href=\"\/en\/pickchickshop@gmail.com\/\">email<\/a>.<\/strong><\/p>\n<\/div>\n\n\n\n<div class=\"wp-block-column is-layout-flow wp-block-column-is-layout-flow\"><div class=\"wp-block-image\">\n<figure class=\"aligncenter size-large is-resized\"><img loading=\"lazy\" decoding=\"async\" width=\"724\" height=\"1024\" src=\"https:\/\/www.pickchickbymec.com\/wp-content\/uploads\/2024\/08\/cartel-clases-peque-724x1024.jpg\" alt=\"Clases manga martorell\" class=\"wp-image-8028\" style=\"width:424px;height:auto\" srcset=\"https:\/\/www.pickchickbymec.com\/wp-content\/uploads\/2024\/08\/cartel-clases-peque-724x1024.jpg 724w, https:\/\/www.pickchickbymec.com\/wp-content\/uploads\/2024\/08\/cartel-clases-peque-600x849.jpg 600w, https:\/\/www.pickchickbymec.com\/wp-content\/uploads\/2024\/08\/cartel-clases-peque-212x300.jpg 212w, https:\/\/www.pickchickbymec.com\/wp-content\/uploads\/2024\/08\/cartel-clases-peque-768x1087.jpg 768w, https:\/\/www.pickchickbymec.com\/wp-content\/uploads\/2024\/08\/cartel-clases-peque.jpg 848w\" sizes=\"auto, (max-width: 724px) 100vw, 724px\" \/><\/figure>\n<\/div><\/div>\n<\/div>\n\n\n\n<hr class=\"wp-block-separator has-text-color has-pale-cyan-blue-color has-alpha-channel-opacity has-pale-cyan-blue-background-color has-background is-style-dots\"\/>\n\n\n\n<figure class=\"wp-block-gallery has-nested-images columns-default is-cropped wp-block-gallery-1 is-layout-flex wp-block-gallery-is-layout-flex\">\n<figure class=\"wp-block-image size-large\"><img loading=\"lazy\" decoding=\"async\" width=\"1024\" height=\"1021\" data-id=\"1810\" src=\"https:\/\/www.pickchickbymec.com\/wp-content\/uploads\/2021\/01\/Screenshot_20200123_150149-1024x1021.jpg\" alt=\"Clases de dibujo infantil Martorell\" class=\"wp-image-1810\" srcset=\"https:\/\/www.pickchickbymec.com\/wp-content\/uploads\/2021\/01\/Screenshot_20200123_150149-1024x1021.jpg 1024w, https:\/\/www.pickchickbymec.com\/wp-content\/uploads\/2021\/01\/Screenshot_20200123_150149-100x100.jpg 100w, https:\/\/www.pickchickbymec.com\/wp-content\/uploads\/2021\/01\/Screenshot_20200123_150149-600x598.jpg 600w, https:\/\/www.pickchickbymec.com\/wp-content\/uploads\/2021\/01\/Screenshot_20200123_150149-300x300.jpg 300w, https:\/\/www.pickchickbymec.com\/wp-content\/uploads\/2021\/01\/Screenshot_20200123_150149-150x150.jpg 150w, https:\/\/www.pickchickbymec.com\/wp-content\/uploads\/2021\/01\/Screenshot_20200123_150149-768x766.jpg 768w, https:\/\/www.pickchickbymec.com\/wp-content\/uploads\/2021\/01\/Screenshot_20200123_150149-60x60.jpg 60w, https:\/\/www.pickchickbymec.com\/wp-content\/uploads\/2021\/01\/Screenshot_20200123_150149-468x468.jpg 468w, https:\/\/www.pickchickbymec.com\/wp-content\/uploads\/2021\/01\/Screenshot_20200123_150149.jpg 1080w\" sizes=\"auto, (max-width: 1024px) 100vw, 1024px\" \/><\/figure>\n\n\n\n<figure class=\"wp-block-image size-large\"><img loading=\"lazy\" decoding=\"async\" width=\"1024\" height=\"1024\" data-id=\"1811\" src=\"https:\/\/www.pickchickbymec.com\/wp-content\/uploads\/2021\/01\/Screenshot_20200123_150137-1024x1024.jpg\" alt=\"Clases de dibujo infantil Martorell\" class=\"wp-image-1811\" srcset=\"https:\/\/www.pickchickbymec.com\/wp-content\/uploads\/2021\/01\/Screenshot_20200123_150137-1024x1024.jpg 1024w, https:\/\/www.pickchickbymec.com\/wp-content\/uploads\/2021\/01\/Screenshot_20200123_150137-100x100.jpg 100w, https:\/\/www.pickchickbymec.com\/wp-content\/uploads\/2021\/01\/Screenshot_20200123_150137-600x601.jpg 600w, https:\/\/www.pickchickbymec.com\/wp-content\/uploads\/2021\/01\/Screenshot_20200123_150137-300x300.jpg 300w, https:\/\/www.pickchickbymec.com\/wp-content\/uploads\/2021\/01\/Screenshot_20200123_150137-150x150.jpg 150w, https:\/\/www.pickchickbymec.com\/wp-content\/uploads\/2021\/01\/Screenshot_20200123_150137-768x769.jpg 768w, https:\/\/www.pickchickbymec.com\/wp-content\/uploads\/2021\/01\/Screenshot_20200123_150137-60x60.jpg 60w, https:\/\/www.pickchickbymec.com\/wp-content\/uploads\/2021\/01\/Screenshot_20200123_150137-468x468.jpg 468w, https:\/\/www.pickchickbymec.com\/wp-content\/uploads\/2021\/01\/Screenshot_20200123_150137.jpg 1080w\" sizes=\"auto, (max-width: 1024px) 100vw, 1024px\" \/><\/figure>\n\n\n\n<figure class=\"wp-block-image size-large\"><img loading=\"lazy\" decoding=\"async\" width=\"1024\" height=\"1019\" data-id=\"1812\" src=\"https:\/\/www.pickchickbymec.com\/wp-content\/uploads\/2021\/01\/Screenshot_20200123_150203-1024x1019.jpg\" alt=\"Clases de dibujo infantil Martorell\" class=\"wp-image-1812\" srcset=\"https:\/\/www.pickchickbymec.com\/wp-content\/uploads\/2021\/01\/Screenshot_20200123_150203-1024x1019.jpg 1024w, https:\/\/www.pickchickbymec.com\/wp-content\/uploads\/2021\/01\/Screenshot_20200123_150203-100x100.jpg 100w, https:\/\/www.pickchickbymec.com\/wp-content\/uploads\/2021\/01\/Screenshot_20200123_150203-600x597.jpg 600w, https:\/\/www.pickchickbymec.com\/wp-content\/uploads\/2021\/01\/Screenshot_20200123_150203-300x300.jpg 300w, https:\/\/www.pickchickbymec.com\/wp-content\/uploads\/2021\/01\/Screenshot_20200123_150203-150x150.jpg 150w, https:\/\/www.pickchickbymec.com\/wp-content\/uploads\/2021\/01\/Screenshot_20200123_150203-768x764.jpg 768w, https:\/\/www.pickchickbymec.com\/wp-content\/uploads\/2021\/01\/Screenshot_20200123_150203-60x60.jpg 60w, https:\/\/www.pickchickbymec.com\/wp-content\/uploads\/2021\/01\/Screenshot_20200123_150203.jpg 1080w\" sizes=\"auto, (max-width: 1024px) 100vw, 1024px\" \/><\/figure>\n\n\n\n<figure class=\"wp-block-image size-large\"><img loading=\"lazy\" decoding=\"async\" width=\"1024\" height=\"1014\" data-id=\"1813\" src=\"https:\/\/www.pickchickbymec.com\/wp-content\/uploads\/2021\/01\/Screenshot_20200710_173947-1024x1014.jpg\" alt=\"Clases de acuarela para adultos Martorell, Barcelona\" class=\"wp-image-1813\" srcset=\"https:\/\/www.pickchickbymec.com\/wp-content\/uploads\/2021\/01\/Screenshot_20200710_173947-1024x1014.jpg 1024w, https:\/\/www.pickchickbymec.com\/wp-content\/uploads\/2021\/01\/Screenshot_20200710_173947-100x100.jpg 100w, https:\/\/www.pickchickbymec.com\/wp-content\/uploads\/2021\/01\/Screenshot_20200710_173947-600x594.jpg 600w, https:\/\/www.pickchickbymec.com\/wp-content\/uploads\/2021\/01\/Screenshot_20200710_173947-300x297.jpg 300w, https:\/\/www.pickchickbymec.com\/wp-content\/uploads\/2021\/01\/Screenshot_20200710_173947-150x150.jpg 150w, https:\/\/www.pickchickbymec.com\/wp-content\/uploads\/2021\/01\/Screenshot_20200710_173947-768x760.jpg 768w, https:\/\/www.pickchickbymec.com\/wp-content\/uploads\/2021\/01\/Screenshot_20200710_173947-61x60.jpg 61w, https:\/\/www.pickchickbymec.com\/wp-content\/uploads\/2021\/01\/Screenshot_20200710_173947.jpg 1080w\" sizes=\"auto, (max-width: 1024px) 100vw, 1024px\" \/><\/figure>\n\n\n\n<figure class=\"wp-block-image size-large\"><img loading=\"lazy\" decoding=\"async\" width=\"1024\" height=\"1014\" data-id=\"1814\" src=\"https:\/\/www.pickchickbymec.com\/wp-content\/uploads\/2021\/01\/Screenshot_20200710_174009-1024x1014.jpg\" alt=\"Clases de acuarela para adultos Martorell, Barcelona\" class=\"wp-image-1814\" srcset=\"https:\/\/www.pickchickbymec.com\/wp-content\/uploads\/2021\/01\/Screenshot_20200710_174009-1024x1014.jpg 1024w, https:\/\/www.pickchickbymec.com\/wp-content\/uploads\/2021\/01\/Screenshot_20200710_174009-100x100.jpg 100w, https:\/\/www.pickchickbymec.com\/wp-content\/uploads\/2021\/01\/Screenshot_20200710_174009-600x594.jpg 600w, https:\/\/www.pickchickbymec.com\/wp-content\/uploads\/2021\/01\/Screenshot_20200710_174009-300x297.jpg 300w, https:\/\/www.pickchickbymec.com\/wp-content\/uploads\/2021\/01\/Screenshot_20200710_174009-150x150.jpg 150w, https:\/\/www.pickchickbymec.com\/wp-content\/uploads\/2021\/01\/Screenshot_20200710_174009-768x760.jpg 768w, https:\/\/www.pickchickbymec.com\/wp-content\/uploads\/2021\/01\/Screenshot_20200710_174009-61x60.jpg 61w, https:\/\/www.pickchickbymec.com\/wp-content\/uploads\/2021\/01\/Screenshot_20200710_174009.jpg 1080w\" sizes=\"auto, (max-width: 1024px) 100vw, 1024px\" \/><\/figure>\n<\/figure>\n\n\n\n<hr class=\"wp-block-separator has-text-color has-pale-cyan-blue-color has-alpha-channel-opacity has-pale-cyan-blue-background-color has-background is-style-dots\"\/>\n\n\n\n<h3 class=\"wp-block-heading\">Talleres para adultos<\/h3>\n\n\n\n<p><strong>Iniciaci\u00f3n al grabado de sellos\/ linograbado:<\/strong>&nbsp;A partir de 16 a\u00f1os. En este taller aprender\u00e1s sobre las caracter\u00edsticas de esta t\u00e9cnica, a utilizar las gubias de forma segura, a estampar de forma f\u00e1cil y crear dise\u00f1os e ilustraciones que hagan relucir esta t\u00e9cnica.<\/p>\n\n\n\n<p><strong>Iniciaci\u00f3n a la acuarela:&nbsp;<\/strong>A partir de 14 a\u00f1os. Este curso es ideal para iniciarte en el arte de la acuarela. Conoce los materiales necesarios y sus cualidades. Aprende a aplicar la acuarela de diversas formas para lograr resultados muy distintos. Consejos y trucos para dar el acabado que deseas para tus ilustraciones.<\/p>\n\n\n\n<p><strong>Ilustraci\u00f3n b\u00e1sica:<\/strong> Monogr\u00e1fico de varias sesiones en el que se ense\u00f1an las bases del dibujo y la ilustraci\u00f3n. Este curso es ideal para que puedas seguir practicando por tu cuenta y mejorar gracias a herramientas \u00fatiles que te permitan sacar el m\u00e1ximo partido. Incluye temas como el boceto, composici\u00f3n y color. A partir de 14 a\u00f1os.<\/p>\n\n\n\n<hr class=\"wp-block-separator has-text-color has-pale-cyan-blue-color has-alpha-channel-opacity has-pale-cyan-blue-background-color has-background is-style-dots\"\/>\n\n\n\n<h3 class=\"wp-block-heading\">Talleres en La Casa Handmade (Martorell)<\/h3>\n\n\n\n<p><strong>Extraescolar continuada semanal Infantil:<\/strong>&nbsp;Cada martes de 17:30 a 19:00 en La Casa Handmade. Estas clases van dirigidas a ni\u00f1os de <strong>entre 7 y 10 a\u00f1os<\/strong> con inter\u00e9s en el arte y el dibujo. El objetivo es que se empiecen a familiarizar con conceptos clave de la ilustraci\u00f3n y desarrollen el inter\u00e9s y la imaginaci\u00f3n. Esto se lleva a cabo mediante distintas actividades que a la vez permiten cierta&nbsp;libertad art\u00edstica y&nbsp;creativa a los peque\u00f1os.<\/p>\n\n\n\n<p><strong>Extraescolar continuada semanal C\u00f3mic y Manga:<\/strong> Cada martes de 19:00 a 20:30 en La Casa Handmade.  Estas clases van dirigidas a alumnos <strong>a partir de 11 a\u00f1os<\/strong> interesados en ilustraci\u00f3n y c\u00f3mic. Los alumnos desarrollan sus propios proyectos bajo mi supervisi\u00f3n, donde les doy herramientas sobre narrativa gr\u00e1fica, color, anatom\u00eda, composici\u00f3n y otros temas importantes a tener en cuenta.<\/p>","protected":false},"excerpt":{"rendered":"<p>Desde 2019 ejerzo de profesora y tallerista, doy clases semanales de dibujo a ni\u00f1os y adolescentes en La Casa Handmade (Martorell), y realizo monogr\u00e1ficos de iniciaci\u00f3n a t\u00e9cnicas art\u00edsticas para adultos de forma espor\u00e1dica. Tambi\u00e9n he impartido talleres de acuarela y color en colaboraci\u00f3n con Parc Sanitari Sant Joan de Deu (Centre Penitenciari Can Brians [&hellip;]<\/p>\n","protected":false},"author":1,"featured_media":75,"parent":1782,"menu_order":0,"comment_status":"closed","ping_status":"closed","template":"","meta":{"_monsterinsights_skip_tracking":false,"_monsterinsights_sitenote_active":false,"_monsterinsights_sitenote_note":"","_monsterinsights_sitenote_category":0,"footnotes":""},"class_list":["post-1806","page","type-page","status-publish","has-post-thumbnail","hentry"],"yoast_head":"<!-- This site is optimized with the Yoast SEO plugin v27.4 - https:\/\/yoast.com\/product\/yoast-seo-wordpress\/ -->\n<title>Clases y talleres de dibujo en Martorell y alrededores - Pick\u00b7Chick by Mec<\/title>\n<meta name=\"description\" content=\"Soy profesora y tallerista art\u00edstica. Clases de dibujo para ni\u00f1os y adolescentes en Martorell, talleres de acuarela puntuales y m\u00e1s.\" \/>\n<meta name=\"robots\" content=\"index, follow, max-snippet:-1, max-image-preview:large, max-video-preview:-1\" \/>\n<link rel=\"canonical\" href=\"https:\/\/www.pickchickbymec.com\/en\/porfolio\/clases-dibujo-martorell\/\" \/>\n<meta property=\"og:locale\" content=\"en_GB\" \/>\n<meta property=\"og:type\" content=\"article\" \/>\n<meta property=\"og:title\" content=\"Clases y talleres de dibujo en Martorell y alrededores - Pick\u00b7Chick by Mec\" \/>\n<meta property=\"og:description\" content=\"Soy profesora y tallerista art\u00edstica. Clases de dibujo para ni\u00f1os y adolescentes en Martorell, talleres de acuarela puntuales y m\u00e1s.\" \/>\n<meta property=\"og:url\" content=\"https:\/\/www.pickchickbymec.com\/en\/porfolio\/clases-dibujo-martorell\/\" \/>\n<meta property=\"og:site_name\" content=\"Pick\u00b7Chick by Mec\" \/>\n<meta property=\"article:modified_time\" content=\"2026-01-13T12:52:47+00:00\" \/>\n<meta property=\"og:image\" content=\"https:\/\/www.pickchickbymec.com\/wp-content\/uploads\/2021\/01\/cropped-cropped-print-cabecera.jpg\" \/>\n\t<meta property=\"og:image:width\" content=\"2000\" \/>\n\t<meta property=\"og:image:height\" content=\"199\" \/>\n\t<meta property=\"og:image:type\" content=\"image\/jpeg\" \/>\n<meta name=\"twitter:card\" content=\"summary_large_image\" \/>\n<meta name=\"twitter:label1\" content=\"Estimated reading time\" \/>\n\t<meta name=\"twitter:data1\" content=\"4 minutes\" \/>\n<script type=\"application\/ld+json\" class=\"yoast-schema-graph\">{\"@context\":\"https:\\\/\\\/schema.org\",\"@graph\":[{\"@type\":\"WebPage\",\"@id\":\"https:\\\/\\\/www.pickchickbymec.com\\\/porfolio\\\/clases-dibujo-martorell\\\/\",\"url\":\"https:\\\/\\\/www.pickchickbymec.com\\\/porfolio\\\/clases-dibujo-martorell\\\/\",\"name\":\"Clases y talleres de dibujo en Martorell y alrededores - Pick\u00b7Chick by Mec\",\"isPartOf\":{\"@id\":\"https:\\\/\\\/www.pickchickbymec.com\\\/#website\"},\"primaryImageOfPage\":{\"@id\":\"https:\\\/\\\/www.pickchickbymec.com\\\/porfolio\\\/clases-dibujo-martorell\\\/#primaryimage\"},\"image\":{\"@id\":\"https:\\\/\\\/www.pickchickbymec.com\\\/porfolio\\\/clases-dibujo-martorell\\\/#primaryimage\"},\"thumbnailUrl\":\"https:\\\/\\\/www.pickchickbymec.com\\\/wp-content\\\/uploads\\\/2021\\\/01\\\/cropped-cropped-print-cabecera.jpg\",\"datePublished\":\"2021-01-29T11:55:57+00:00\",\"dateModified\":\"2026-01-13T12:52:47+00:00\",\"description\":\"Soy profesora y tallerista art\u00edstica. Clases de dibujo para ni\u00f1os y adolescentes en Martorell, talleres de acuarela puntuales y m\u00e1s.\",\"breadcrumb\":{\"@id\":\"https:\\\/\\\/www.pickchickbymec.com\\\/porfolio\\\/clases-dibujo-martorell\\\/#breadcrumb\"},\"inLanguage\":\"en-GB\",\"potentialAction\":[{\"@type\":\"ReadAction\",\"target\":[\"https:\\\/\\\/www.pickchickbymec.com\\\/porfolio\\\/clases-dibujo-martorell\\\/\"]}]},{\"@type\":\"ImageObject\",\"inLanguage\":\"en-GB\",\"@id\":\"https:\\\/\\\/www.pickchickbymec.com\\\/porfolio\\\/clases-dibujo-martorell\\\/#primaryimage\",\"url\":\"https:\\\/\\\/www.pickchickbymec.com\\\/wp-content\\\/uploads\\\/2021\\\/01\\\/cropped-cropped-print-cabecera.jpg\",\"contentUrl\":\"https:\\\/\\\/www.pickchickbymec.com\\\/wp-content\\\/uploads\\\/2021\\\/01\\\/cropped-cropped-print-cabecera.jpg\",\"width\":2000,\"height\":199,\"caption\":\"Cabecera estampado kawaii pickchick\"},{\"@type\":\"BreadcrumbList\",\"@id\":\"https:\\\/\\\/www.pickchickbymec.com\\\/porfolio\\\/clases-dibujo-martorell\\\/#breadcrumb\",\"itemListElement\":[{\"@type\":\"ListItem\",\"position\":1,\"name\":\"Portada\",\"item\":\"https:\\\/\\\/www.pickchickbymec.com\\\/\"},{\"@type\":\"ListItem\",\"position\":2,\"name\":\"Porfolio\",\"item\":\"https:\\\/\\\/www.pickchickbymec.com\\\/porfolio\\\/\"},{\"@type\":\"ListItem\",\"position\":3,\"name\":\"Clases y talleres de dibujo en Martorell y alrededores\"}]},{\"@type\":\"WebSite\",\"@id\":\"https:\\\/\\\/www.pickchickbymec.com\\\/#website\",\"url\":\"https:\\\/\\\/www.pickchickbymec.com\\\/\",\"name\":\"Pick\u00b7Chick by Mec\",\"description\":\"kawaii illustrator and artisan\",\"publisher\":{\"@id\":\"https:\\\/\\\/www.pickchickbymec.com\\\/#\\\/schema\\\/person\\\/189a1cea9c7f6704595062aabbbb38fe\"},\"potentialAction\":[{\"@type\":\"SearchAction\",\"target\":{\"@type\":\"EntryPoint\",\"urlTemplate\":\"https:\\\/\\\/www.pickchickbymec.com\\\/?s={search_term_string}\"},\"query-input\":{\"@type\":\"PropertyValueSpecification\",\"valueRequired\":true,\"valueName\":\"search_term_string\"}}],\"inLanguage\":\"en-GB\"},{\"@type\":[\"Person\",\"Organization\"],\"@id\":\"https:\\\/\\\/www.pickchickbymec.com\\\/#\\\/schema\\\/person\\\/189a1cea9c7f6704595062aabbbb38fe\",\"name\":\"pickchickbymec\",\"image\":{\"@type\":\"ImageObject\",\"inLanguage\":\"en-GB\",\"@id\":\"https:\\\/\\\/secure.gravatar.com\\\/avatar\\\/0c13b11690ce1ad38e031b40cac436947d766b2585e3e81250e6cf60b0a3b61f?s=96&d=mm&r=g\",\"url\":\"https:\\\/\\\/secure.gravatar.com\\\/avatar\\\/0c13b11690ce1ad38e031b40cac436947d766b2585e3e81250e6cf60b0a3b61f?s=96&d=mm&r=g\",\"contentUrl\":\"https:\\\/\\\/secure.gravatar.com\\\/avatar\\\/0c13b11690ce1ad38e031b40cac436947d766b2585e3e81250e6cf60b0a3b61f?s=96&d=mm&r=g\",\"caption\":\"pickchickbymec\"},\"logo\":{\"@id\":\"https:\\\/\\\/secure.gravatar.com\\\/avatar\\\/0c13b11690ce1ad38e031b40cac436947d766b2585e3e81250e6cf60b0a3b61f?s=96&d=mm&r=g\"}}]}<\/script>\n<!-- \/ Yoast SEO plugin. -->","yoast_head_json":{"title":"Clases y talleres de dibujo en Martorell y alrededores - Pick\u00b7Chick by Mec","description":"Soy profesora y tallerista art\u00edstica. Clases de dibujo para ni\u00f1os y adolescentes en Martorell, talleres de acuarela puntuales y m\u00e1s.","robots":{"index":"index","follow":"follow","max-snippet":"max-snippet:-1","max-image-preview":"max-image-preview:large","max-video-preview":"max-video-preview:-1"},"canonical":"https:\/\/www.pickchickbymec.com\/en\/porfolio\/clases-dibujo-martorell\/","og_locale":"en_GB","og_type":"article","og_title":"Clases y talleres de dibujo en Martorell y alrededores - Pick\u00b7Chick by Mec","og_description":"Soy profesora y tallerista art\u00edstica. Clases de dibujo para ni\u00f1os y adolescentes en Martorell, talleres de acuarela puntuales y m\u00e1s.","og_url":"https:\/\/www.pickchickbymec.com\/en\/porfolio\/clases-dibujo-martorell\/","og_site_name":"Pick\u00b7Chick by Mec","article_modified_time":"2026-01-13T12:52:47+00:00","og_image":[{"width":2000,"height":199,"url":"https:\/\/www.pickchickbymec.com\/wp-content\/uploads\/2021\/01\/cropped-cropped-print-cabecera.jpg","type":"image\/jpeg"}],"twitter_card":"summary_large_image","twitter_misc":{"Estimated reading time":"4 minutes"},"schema":{"@context":"https:\/\/schema.org","@graph":[{"@type":"WebPage","@id":"https:\/\/www.pickchickbymec.com\/porfolio\/clases-dibujo-martorell\/","url":"https:\/\/www.pickchickbymec.com\/porfolio\/clases-dibujo-martorell\/","name":"Clases y talleres de dibujo en Martorell y alrededores - Pick\u00b7Chick by Mec","isPartOf":{"@id":"https:\/\/www.pickchickbymec.com\/#website"},"primaryImageOfPage":{"@id":"https:\/\/www.pickchickbymec.com\/porfolio\/clases-dibujo-martorell\/#primaryimage"},"image":{"@id":"https:\/\/www.pickchickbymec.com\/porfolio\/clases-dibujo-martorell\/#primaryimage"},"thumbnailUrl":"https:\/\/www.pickchickbymec.com\/wp-content\/uploads\/2021\/01\/cropped-cropped-print-cabecera.jpg","datePublished":"2021-01-29T11:55:57+00:00","dateModified":"2026-01-13T12:52:47+00:00","description":"Soy profesora y tallerista art\u00edstica. Clases de dibujo para ni\u00f1os y adolescentes en Martorell, talleres de acuarela puntuales y m\u00e1s.","breadcrumb":{"@id":"https:\/\/www.pickchickbymec.com\/porfolio\/clases-dibujo-martorell\/#breadcrumb"},"inLanguage":"en-GB","potentialAction":[{"@type":"ReadAction","target":["https:\/\/www.pickchickbymec.com\/porfolio\/clases-dibujo-martorell\/"]}]},{"@type":"ImageObject","inLanguage":"en-GB","@id":"https:\/\/www.pickchickbymec.com\/porfolio\/clases-dibujo-martorell\/#primaryimage","url":"https:\/\/www.pickchickbymec.com\/wp-content\/uploads\/2021\/01\/cropped-cropped-print-cabecera.jpg","contentUrl":"https:\/\/www.pickchickbymec.com\/wp-content\/uploads\/2021\/01\/cropped-cropped-print-cabecera.jpg","width":2000,"height":199,"caption":"Cabecera estampado kawaii pickchick"},{"@type":"BreadcrumbList","@id":"https:\/\/www.pickchickbymec.com\/porfolio\/clases-dibujo-martorell\/#breadcrumb","itemListElement":[{"@type":"ListItem","position":1,"name":"Portada","item":"https:\/\/www.pickchickbymec.com\/"},{"@type":"ListItem","position":2,"name":"Porfolio","item":"https:\/\/www.pickchickbymec.com\/porfolio\/"},{"@type":"ListItem","position":3,"name":"Clases y talleres de dibujo en Martorell y alrededores"}]},{"@type":"WebSite","@id":"https:\/\/www.pickchickbymec.com\/#website","url":"https:\/\/www.pickchickbymec.com\/","name":"Pick-Chick by Mec","description":"kawaii illustrator and artisan","publisher":{"@id":"https:\/\/www.pickchickbymec.com\/#\/schema\/person\/189a1cea9c7f6704595062aabbbb38fe"},"potentialAction":[{"@type":"SearchAction","target":{"@type":"EntryPoint","urlTemplate":"https:\/\/www.pickchickbymec.com\/?s={search_term_string}"},"query-input":{"@type":"PropertyValueSpecification","valueRequired":true,"valueName":"search_term_string"}}],"inLanguage":"en-GB"},{"@type":["Person","Organization"],"@id":"https:\/\/www.pickchickbymec.com\/#\/schema\/person\/189a1cea9c7f6704595062aabbbb38fe","name":"pickchickbymec","image":{"@type":"ImageObject","inLanguage":"en-GB","@id":"https:\/\/secure.gravatar.com\/avatar\/0c13b11690ce1ad38e031b40cac436947d766b2585e3e81250e6cf60b0a3b61f?s=96&d=mm&r=g","url":"https:\/\/secure.gravatar.com\/avatar\/0c13b11690ce1ad38e031b40cac436947d766b2585e3e81250e6cf60b0a3b61f?s=96&d=mm&r=g","contentUrl":"https:\/\/secure.gravatar.com\/avatar\/0c13b11690ce1ad38e031b40cac436947d766b2585e3e81250e6cf60b0a3b61f?s=96&d=mm&r=g","caption":"pickchickbymec"},"logo":{"@id":"https:\/\/secure.gravatar.com\/avatar\/0c13b11690ce1ad38e031b40cac436947d766b2585e3e81250e6cf60b0a3b61f?s=96&d=mm&r=g"}}]}},"jetpack-related-posts":[],"jetpack_sharing_enabled":true,"_links":{"self":[{"href":"https:\/\/www.pickchickbymec.com\/en\/wp-json\/wp\/v2\/pages\/1806","targetHints":{"allow":["GET"]}}],"collection":[{"href":"https:\/\/www.pickchickbymec.com\/en\/wp-json\/wp\/v2\/pages"}],"about":[{"href":"https:\/\/www.pickchickbymec.com\/en\/wp-json\/wp\/v2\/types\/page"}],"author":[{"embeddable":true,"href":"https:\/\/www.pickchickbymec.com\/en\/wp-json\/wp\/v2\/users\/1"}],"replies":[{"embeddable":true,"href":"https:\/\/www.pickchickbymec.com\/en\/wp-json\/wp\/v2\/comments?post=1806"}],"version-history":[{"count":10,"href":"https:\/\/www.pickchickbymec.com\/en\/wp-json\/wp\/v2\/pages\/1806\/revisions"}],"predecessor-version":[{"id":8991,"href":"https:\/\/www.pickchickbymec.com\/en\/wp-json\/wp\/v2\/pages\/1806\/revisions\/8991"}],"up":[{"embeddable":true,"href":"https:\/\/www.pickchickbymec.com\/en\/wp-json\/wp\/v2\/pages\/1782"}],"wp:featuredmedia":[{"embeddable":true,"href":"https:\/\/www.pickchickbymec.com\/en\/wp-json\/wp\/v2\/media\/75"}],"wp:attachment":[{"href":"https:\/\/www.pickchickbymec.com\/en\/wp-json\/wp\/v2\/media?parent=1806"}],"curies":[{"name":"wp","href":"https:\/\/api.w.org\/{rel}","templated":true}]}}