{"id":1832,"date":"2021-01-29T13:27:41","date_gmt":"2021-01-29T12:27:41","guid":{"rendered":"http:\/\/www.pickchickbymec.es.mialias.net\/?page_id=1832"},"modified":"2025-08-01T19:44:55","modified_gmt":"2025-08-01T17:44:55","slug":"sobre-pickchick","status":"publish","type":"page","link":"https:\/\/www.pickchickbymec.com\/en\/sobre-pickchick\/","title":{"rendered":"About the brand and about me"},"content":{"rendered":"<div class=\"wp-block-columns is-layout-flex wp-container-core-columns-is-layout-9d6595d7 wp-block-columns-is-layout-flex\">\n<div class=\"wp-block-column is-layout-flow wp-block-column-is-layout-flow\" style=\"flex-basis:66.66%\">\n<p class=\"has-vivid-cyan-blue-color has-text-color has-medium-font-size\"><strong>\u00a1Hola!<\/strong><\/p>\n\n\n\n<p><\/p>\n<\/div>\n<\/div>\n\n\n\n<div class=\"wp-block-columns is-layout-flex wp-container-core-columns-is-layout-9d6595d7 wp-block-columns-is-layout-flex\">\n<div class=\"wp-block-column is-layout-flow wp-block-column-is-layout-flow\">\n<figure class=\"wp-block-image size-full\"><img loading=\"lazy\" decoding=\"async\" width=\"750\" height=\"1000\" src=\"https:\/\/www.pickchickbymec.com\/wp-content\/uploads\/2025\/08\/perfil-peque.jpg\" alt=\"\" class=\"wp-image-8689\" srcset=\"https:\/\/www.pickchickbymec.com\/wp-content\/uploads\/2025\/08\/perfil-peque.jpg 750w, https:\/\/www.pickchickbymec.com\/wp-content\/uploads\/2025\/08\/perfil-peque-600x800.jpg 600w, https:\/\/www.pickchickbymec.com\/wp-content\/uploads\/2025\/08\/perfil-peque-225x300.jpg 225w\" sizes=\"auto, (max-width: 750px) 100vw, 750px\" \/><\/figure>\n<\/div>\n\n\n\n<div class=\"wp-block-column is-layout-flow wp-block-column-is-layout-flow\">\n<p class=\"has-text-color\" style=\"color:#1c658f;font-size:16px\">Soy Marta, aunque por internet se me conoce m\u00e1s como Mec. Soy ilustradora freelance especializada en estilo kawaii y cartoon. Pick\u00b7Chick es mi propia marca, para la que creo productos basados en mis dibujos y personajes, muchos de ellos hechos a mano. Adem\u00e1s de este peque\u00f1o negocio que muevo tanto online como en ferias y eventos, actualmente tambi\u00e9n doy clases de dibujo, estoy trabajando en un c\u00f3mic autopublicado y estoy abierta a encargos y colaboraciones.<\/p>\n<\/div>\n<\/div>\n\n\n\n<p class=\"has-text-color\" style=\"color:#1c658f;font-size:16px\">Aunque soy graduada universitaria en dise\u00f1o, mi verdadera pasi\u00f3n es el dibujo, disciplina que me ha llevado a colaborar con empresas como Uniqlo o El Corte Ingl\u00e9s (<a href=\"https:\/\/www.pickchickbymec.com\/en\/porfolio\/proyectos-profesionales\/\">puedes ver mi porfolio aqu\u00ed<\/a>), y poder trabajar de lo que m\u00e1s disfruto. Mi obra se inspira mucho en el Kawaii, los animales (sobretodo las aves), el c\u00f3mic, la animaci\u00f3n, el mundillo friki, la cultura japonesa y\u00a0la vida cuotidiana. Me gusta crear mis propios personajes, con sus historias y peculiaridades, y luego plasmarlos en dibujos o en las tres dimensiones gracias a la costura.<\/p>\n\n\n\n<hr class=\"wp-block-separator has-text-color has-pale-cyan-blue-color has-alpha-channel-opacity has-pale-cyan-blue-background-color has-background is-style-dots\"\/>\n\n\n\n<p class=\"has-vivid-cyan-blue-color has-text-color has-medium-font-size\"><strong>About Pick-Chick<\/strong><\/p>\n\n\n\n<div class=\"wp-block-columns is-layout-flex wp-container-core-columns-is-layout-9d6595d7 wp-block-columns-is-layout-flex\">\n<div class=\"wp-block-column is-layout-flow wp-block-column-is-layout-flow\" style=\"flex-basis:66.66%\">\n<p class=\"has-text-color\" style=\"color:#1c658f;font-size:16px\">Pick\u00b7Chick naci\u00f3 en 2009, mientras cursaba el bachillerato art\u00edstico. El nombre surgi\u00f3 a ra\u00edz de un trabajo de clase de dise\u00f1o, donde cre\u00e9 un logotipo para una marca con la que comercializar los broches de fieltro que cos\u00eda. Un a\u00f1o m\u00e1s tarde, al adentrarme en el coleccionismo de mu\u00f1ecas Pullip, empec\u00e9 a vender ropa para ellas hecha a mano bajo el nombre de Pick\u00b7Chick, y fue cuando la marca se hizo m\u00e1s conocida&nbsp;por internet, participando en&nbsp;foros, eventos y ferias, y  desarroll\u00e9 m\u00e1s a fondo mis habilidades con la costura.<\/p>\n\n\n\n<p class=\"has-text-color\" style=\"color:#1c658f;font-size:16px\">En 2016, y tras una peque\u00f1a crisis personal, dej\u00e9 de coser ropa para mu\u00f1ecas para centrarme en los peluches y la ilustraci\u00f3n mucho m\u00e1s seriamente. Hacer que Pick\u00b7Chick no fuese solo un hobby e intentar convertirlo en mi trabajo a tiempo completo. Empec\u00e9 a asistir a eventos de ilustraci\u00f3n y form\u00e9 parte del grupo Navis Delirium para crear diversos fanzines.<\/p>\n\n\n\n<p class=\"has-text-color\" style=\"color:#1c658f;font-size:16px\">Durante un tiempo estuve combinando este proyecto con otros trabajos a media jornada hasta que por fin, en 2019, pude darme de alta como aut\u00f3noma y convertirme en artista freelance profesional a tiempo completo. Desde entonces, y pese a la crisis por COVID, la empresa ha ido creciendo, haci\u00e9ndose m\u00e1s popular en eventos y redes, y participando en varios proyectos con otras empresas.<\/p>\n<\/div>\n\n\n\n<div class=\"wp-block-column is-layout-flow wp-block-column-is-layout-flow\" style=\"flex-basis:33.33%\">\n<figure class=\"wp-block-image size-large\"><img loading=\"lazy\" decoding=\"async\" width=\"800\" height=\"600\" src=\"http:\/\/www.pickchickbymec.com\/wp-content\/uploads\/2021\/01\/brochepollo.jpg\" alt=\"\" class=\"wp-image-1833\" srcset=\"https:\/\/www.pickchickbymec.com\/wp-content\/uploads\/2021\/01\/brochepollo.jpg 800w, https:\/\/www.pickchickbymec.com\/wp-content\/uploads\/2021\/01\/brochepollo-300x225.jpg 300w, https:\/\/www.pickchickbymec.com\/wp-content\/uploads\/2021\/01\/brochepollo-600x450.jpg 600w, https:\/\/www.pickchickbymec.com\/wp-content\/uploads\/2021\/01\/brochepollo-768x576.jpg 768w, https:\/\/www.pickchickbymec.com\/wp-content\/uploads\/2021\/01\/brochepollo-80x60.jpg 80w\" sizes=\"auto, (max-width: 800px) 100vw, 800px\" \/><\/figure>\n\n\n\n<figure class=\"wp-block-image size-large\"><img loading=\"lazy\" decoding=\"async\" width=\"1024\" height=\"683\" src=\"http:\/\/www.pickchickbymec.com\/wp-content\/uploads\/2021\/01\/namign-1024x683.jpg\" alt=\"\" class=\"wp-image-1834\" srcset=\"https:\/\/www.pickchickbymec.com\/wp-content\/uploads\/2021\/01\/namign-1024x683.jpg 1024w, https:\/\/www.pickchickbymec.com\/wp-content\/uploads\/2021\/01\/namign-600x400.jpg 600w, https:\/\/www.pickchickbymec.com\/wp-content\/uploads\/2021\/01\/namign-300x200.jpg 300w, https:\/\/www.pickchickbymec.com\/wp-content\/uploads\/2021\/01\/namign-768x512.jpg 768w, https:\/\/www.pickchickbymec.com\/wp-content\/uploads\/2021\/01\/namign-90x60.jpg 90w, https:\/\/www.pickchickbymec.com\/wp-content\/uploads\/2021\/01\/namign.jpg 1200w\" sizes=\"auto, (max-width: 1024px) 100vw, 1024px\" \/><\/figure>\n<\/div>\n<\/div>","protected":false},"excerpt":{"rendered":"<p>\u00a1Hola! Soy Marta, aunque por internet se me conoce m\u00e1s como Mec. Soy ilustradora freelance especializada en estilo kawaii y cartoon. Pick\u00b7Chick es mi propia marca, para la que creo productos basados en mis dibujos y personajes, muchos de ellos hechos a mano. Adem\u00e1s de este peque\u00f1o negocio que muevo tanto online como en ferias [&hellip;]<\/p>\n","protected":false},"author":1,"featured_media":75,"parent":0,"menu_order":0,"comment_status":"closed","ping_status":"closed","template":"","meta":{"_monsterinsights_skip_tracking":false,"_monsterinsights_sitenote_active":false,"_monsterinsights_sitenote_note":"","_monsterinsights_sitenote_category":0,"footnotes":""},"class_list":["post-1832","page","type-page","status-publish","has-post-thumbnail","hentry"],"yoast_head":"<!-- This site is optimized with the Yoast SEO plugin v27.4 - https:\/\/yoast.com\/product\/yoast-seo-wordpress\/ -->\n<title>Pick\u00b7Chick by Mec - Sobre Pick\u00b7Chick y sobre mi: con\u00f3cenos mejor<\/title>\n<meta name=\"description\" content=\"\u00bfQuieres saber c\u00f3mo naci\u00f3 la marca Pick\u00b7Chick? \u00bfO m\u00e1s cositas sobre la creadora que hay detr\u00e1s? Descubre m\u00e1s sobre este proyecto aqu\u00ed.\" \/>\n<meta name=\"robots\" content=\"index, follow, max-snippet:-1, max-image-preview:large, max-video-preview:-1\" \/>\n<link rel=\"canonical\" href=\"https:\/\/www.pickchickbymec.com\/en\/sobre-pickchick\/\" \/>\n<meta property=\"og:locale\" content=\"en_GB\" \/>\n<meta property=\"og:type\" content=\"article\" \/>\n<meta property=\"og:title\" content=\"Pick\u00b7Chick by Mec - Sobre Pick\u00b7Chick y sobre mi: con\u00f3cenos mejor\" \/>\n<meta property=\"og:description\" content=\"\u00bfQuieres saber c\u00f3mo naci\u00f3 la marca Pick\u00b7Chick? \u00bfO m\u00e1s cositas sobre la creadora que hay detr\u00e1s? Descubre m\u00e1s sobre este proyecto aqu\u00ed.\" \/>\n<meta property=\"og:url\" content=\"https:\/\/www.pickchickbymec.com\/en\/sobre-pickchick\/\" \/>\n<meta property=\"og:site_name\" content=\"Pick\u00b7Chick by Mec\" \/>\n<meta property=\"article:modified_time\" content=\"2025-08-01T17:44:55+00:00\" \/>\n<meta property=\"og:image\" content=\"https:\/\/www.pickchickbymec.com\/wp-content\/uploads\/2021\/01\/cropped-cropped-print-cabecera.jpg\" \/>\n\t<meta property=\"og:image:width\" content=\"2000\" \/>\n\t<meta property=\"og:image:height\" content=\"199\" \/>\n\t<meta property=\"og:image:type\" content=\"image\/jpeg\" \/>\n<meta name=\"twitter:card\" content=\"summary_large_image\" \/>\n<meta name=\"twitter:label1\" content=\"Estimated reading time\" \/>\n\t<meta name=\"twitter:data1\" content=\"3 minutes\" \/>\n<script type=\"application\/ld+json\" class=\"yoast-schema-graph\">{\"@context\":\"https:\\\/\\\/schema.org\",\"@graph\":[{\"@type\":\"WebPage\",\"@id\":\"https:\\\/\\\/www.pickchickbymec.com\\\/sobre-pickchick\\\/\",\"url\":\"https:\\\/\\\/www.pickchickbymec.com\\\/sobre-pickchick\\\/\",\"name\":\"Pick\u00b7Chick by Mec - Sobre Pick\u00b7Chick y sobre mi: con\u00f3cenos mejor\",\"isPartOf\":{\"@id\":\"https:\\\/\\\/www.pickchickbymec.com\\\/#website\"},\"primaryImageOfPage\":{\"@id\":\"https:\\\/\\\/www.pickchickbymec.com\\\/sobre-pickchick\\\/#primaryimage\"},\"image\":{\"@id\":\"https:\\\/\\\/www.pickchickbymec.com\\\/sobre-pickchick\\\/#primaryimage\"},\"thumbnailUrl\":\"https:\\\/\\\/www.pickchickbymec.com\\\/wp-content\\\/uploads\\\/2021\\\/01\\\/cropped-cropped-print-cabecera.jpg\",\"datePublished\":\"2021-01-29T12:27:41+00:00\",\"dateModified\":\"2025-08-01T17:44:55+00:00\",\"description\":\"\u00bfQuieres saber c\u00f3mo naci\u00f3 la marca Pick\u00b7Chick? \u00bfO m\u00e1s cositas sobre la creadora que hay detr\u00e1s? Descubre m\u00e1s sobre este proyecto aqu\u00ed.\",\"breadcrumb\":{\"@id\":\"https:\\\/\\\/www.pickchickbymec.com\\\/sobre-pickchick\\\/#breadcrumb\"},\"inLanguage\":\"en-GB\",\"potentialAction\":[{\"@type\":\"ReadAction\",\"target\":[\"https:\\\/\\\/www.pickchickbymec.com\\\/sobre-pickchick\\\/\"]}]},{\"@type\":\"ImageObject\",\"inLanguage\":\"en-GB\",\"@id\":\"https:\\\/\\\/www.pickchickbymec.com\\\/sobre-pickchick\\\/#primaryimage\",\"url\":\"https:\\\/\\\/www.pickchickbymec.com\\\/wp-content\\\/uploads\\\/2021\\\/01\\\/cropped-cropped-print-cabecera.jpg\",\"contentUrl\":\"https:\\\/\\\/www.pickchickbymec.com\\\/wp-content\\\/uploads\\\/2021\\\/01\\\/cropped-cropped-print-cabecera.jpg\",\"width\":2000,\"height\":199,\"caption\":\"Cabecera estampado kawaii pickchick\"},{\"@type\":\"BreadcrumbList\",\"@id\":\"https:\\\/\\\/www.pickchickbymec.com\\\/sobre-pickchick\\\/#breadcrumb\",\"itemListElement\":[{\"@type\":\"ListItem\",\"position\":1,\"name\":\"Portada\",\"item\":\"https:\\\/\\\/www.pickchickbymec.com\\\/\"},{\"@type\":\"ListItem\",\"position\":2,\"name\":\"Sobre la marca y sobre mi\"}]},{\"@type\":\"WebSite\",\"@id\":\"https:\\\/\\\/www.pickchickbymec.com\\\/#website\",\"url\":\"https:\\\/\\\/www.pickchickbymec.com\\\/\",\"name\":\"Pick\u00b7Chick by Mec\",\"description\":\"kawaii illustrator and artisan\",\"publisher\":{\"@id\":\"https:\\\/\\\/www.pickchickbymec.com\\\/#\\\/schema\\\/person\\\/189a1cea9c7f6704595062aabbbb38fe\"},\"potentialAction\":[{\"@type\":\"SearchAction\",\"target\":{\"@type\":\"EntryPoint\",\"urlTemplate\":\"https:\\\/\\\/www.pickchickbymec.com\\\/?s={search_term_string}\"},\"query-input\":{\"@type\":\"PropertyValueSpecification\",\"valueRequired\":true,\"valueName\":\"search_term_string\"}}],\"inLanguage\":\"en-GB\"},{\"@type\":[\"Person\",\"Organization\"],\"@id\":\"https:\\\/\\\/www.pickchickbymec.com\\\/#\\\/schema\\\/person\\\/189a1cea9c7f6704595062aabbbb38fe\",\"name\":\"pickchickbymec\",\"image\":{\"@type\":\"ImageObject\",\"inLanguage\":\"en-GB\",\"@id\":\"https:\\\/\\\/secure.gravatar.com\\\/avatar\\\/0c13b11690ce1ad38e031b40cac436947d766b2585e3e81250e6cf60b0a3b61f?s=96&d=mm&r=g\",\"url\":\"https:\\\/\\\/secure.gravatar.com\\\/avatar\\\/0c13b11690ce1ad38e031b40cac436947d766b2585e3e81250e6cf60b0a3b61f?s=96&d=mm&r=g\",\"contentUrl\":\"https:\\\/\\\/secure.gravatar.com\\\/avatar\\\/0c13b11690ce1ad38e031b40cac436947d766b2585e3e81250e6cf60b0a3b61f?s=96&d=mm&r=g\",\"caption\":\"pickchickbymec\"},\"logo\":{\"@id\":\"https:\\\/\\\/secure.gravatar.com\\\/avatar\\\/0c13b11690ce1ad38e031b40cac436947d766b2585e3e81250e6cf60b0a3b61f?s=96&d=mm&r=g\"}}]}<\/script>\n<!-- \/ Yoast SEO plugin. -->","yoast_head_json":{"title":"Pick\u00b7Chick by Mec - Sobre Pick\u00b7Chick y sobre mi: con\u00f3cenos mejor","description":"\u00bfQuieres saber c\u00f3mo naci\u00f3 la marca Pick\u00b7Chick? \u00bfO m\u00e1s cositas sobre la creadora que hay detr\u00e1s? Descubre m\u00e1s sobre este proyecto aqu\u00ed.","robots":{"index":"index","follow":"follow","max-snippet":"max-snippet:-1","max-image-preview":"max-image-preview:large","max-video-preview":"max-video-preview:-1"},"canonical":"https:\/\/www.pickchickbymec.com\/en\/sobre-pickchick\/","og_locale":"en_GB","og_type":"article","og_title":"Pick\u00b7Chick by Mec - Sobre Pick\u00b7Chick y sobre mi: con\u00f3cenos mejor","og_description":"\u00bfQuieres saber c\u00f3mo naci\u00f3 la marca Pick\u00b7Chick? \u00bfO m\u00e1s cositas sobre la creadora que hay detr\u00e1s? Descubre m\u00e1s sobre este proyecto aqu\u00ed.","og_url":"https:\/\/www.pickchickbymec.com\/en\/sobre-pickchick\/","og_site_name":"Pick\u00b7Chick by Mec","article_modified_time":"2025-08-01T17:44:55+00:00","og_image":[{"width":2000,"height":199,"url":"https:\/\/www.pickchickbymec.com\/wp-content\/uploads\/2021\/01\/cropped-cropped-print-cabecera.jpg","type":"image\/jpeg"}],"twitter_card":"summary_large_image","twitter_misc":{"Estimated reading time":"3 minutes"},"schema":{"@context":"https:\/\/schema.org","@graph":[{"@type":"WebPage","@id":"https:\/\/www.pickchickbymec.com\/sobre-pickchick\/","url":"https:\/\/www.pickchickbymec.com\/sobre-pickchick\/","name":"Pick\u00b7Chick by Mec - Sobre Pick\u00b7Chick y sobre mi: con\u00f3cenos mejor","isPartOf":{"@id":"https:\/\/www.pickchickbymec.com\/#website"},"primaryImageOfPage":{"@id":"https:\/\/www.pickchickbymec.com\/sobre-pickchick\/#primaryimage"},"image":{"@id":"https:\/\/www.pickchickbymec.com\/sobre-pickchick\/#primaryimage"},"thumbnailUrl":"https:\/\/www.pickchickbymec.com\/wp-content\/uploads\/2021\/01\/cropped-cropped-print-cabecera.jpg","datePublished":"2021-01-29T12:27:41+00:00","dateModified":"2025-08-01T17:44:55+00:00","description":"\u00bfQuieres saber c\u00f3mo naci\u00f3 la marca Pick\u00b7Chick? \u00bfO m\u00e1s cositas sobre la creadora que hay detr\u00e1s? Descubre m\u00e1s sobre este proyecto aqu\u00ed.","breadcrumb":{"@id":"https:\/\/www.pickchickbymec.com\/sobre-pickchick\/#breadcrumb"},"inLanguage":"en-GB","potentialAction":[{"@type":"ReadAction","target":["https:\/\/www.pickchickbymec.com\/sobre-pickchick\/"]}]},{"@type":"ImageObject","inLanguage":"en-GB","@id":"https:\/\/www.pickchickbymec.com\/sobre-pickchick\/#primaryimage","url":"https:\/\/www.pickchickbymec.com\/wp-content\/uploads\/2021\/01\/cropped-cropped-print-cabecera.jpg","contentUrl":"https:\/\/www.pickchickbymec.com\/wp-content\/uploads\/2021\/01\/cropped-cropped-print-cabecera.jpg","width":2000,"height":199,"caption":"Cabecera estampado kawaii pickchick"},{"@type":"BreadcrumbList","@id":"https:\/\/www.pickchickbymec.com\/sobre-pickchick\/#breadcrumb","itemListElement":[{"@type":"ListItem","position":1,"name":"Portada","item":"https:\/\/www.pickchickbymec.com\/"},{"@type":"ListItem","position":2,"name":"Sobre la marca y sobre mi"}]},{"@type":"WebSite","@id":"https:\/\/www.pickchickbymec.com\/#website","url":"https:\/\/www.pickchickbymec.com\/","name":"Pick-Chick by Mec","description":"kawaii illustrator and artisan","publisher":{"@id":"https:\/\/www.pickchickbymec.com\/#\/schema\/person\/189a1cea9c7f6704595062aabbbb38fe"},"potentialAction":[{"@type":"SearchAction","target":{"@type":"EntryPoint","urlTemplate":"https:\/\/www.pickchickbymec.com\/?s={search_term_string}"},"query-input":{"@type":"PropertyValueSpecification","valueRequired":true,"valueName":"search_term_string"}}],"inLanguage":"en-GB"},{"@type":["Person","Organization"],"@id":"https:\/\/www.pickchickbymec.com\/#\/schema\/person\/189a1cea9c7f6704595062aabbbb38fe","name":"pickchickbymec","image":{"@type":"ImageObject","inLanguage":"en-GB","@id":"https:\/\/secure.gravatar.com\/avatar\/0c13b11690ce1ad38e031b40cac436947d766b2585e3e81250e6cf60b0a3b61f?s=96&d=mm&r=g","url":"https:\/\/secure.gravatar.com\/avatar\/0c13b11690ce1ad38e031b40cac436947d766b2585e3e81250e6cf60b0a3b61f?s=96&d=mm&r=g","contentUrl":"https:\/\/secure.gravatar.com\/avatar\/0c13b11690ce1ad38e031b40cac436947d766b2585e3e81250e6cf60b0a3b61f?s=96&d=mm&r=g","caption":"pickchickbymec"},"logo":{"@id":"https:\/\/secure.gravatar.com\/avatar\/0c13b11690ce1ad38e031b40cac436947d766b2585e3e81250e6cf60b0a3b61f?s=96&d=mm&r=g"}}]}},"jetpack-related-posts":[],"jetpack_sharing_enabled":true,"_links":{"self":[{"href":"https:\/\/www.pickchickbymec.com\/en\/wp-json\/wp\/v2\/pages\/1832","targetHints":{"allow":["GET"]}}],"collection":[{"href":"https:\/\/www.pickchickbymec.com\/en\/wp-json\/wp\/v2\/pages"}],"about":[{"href":"https:\/\/www.pickchickbymec.com\/en\/wp-json\/wp\/v2\/types\/page"}],"author":[{"embeddable":true,"href":"https:\/\/www.pickchickbymec.com\/en\/wp-json\/wp\/v2\/users\/1"}],"replies":[{"embeddable":true,"href":"https:\/\/www.pickchickbymec.com\/en\/wp-json\/wp\/v2\/comments?post=1832"}],"version-history":[{"count":10,"href":"https:\/\/www.pickchickbymec.com\/en\/wp-json\/wp\/v2\/pages\/1832\/revisions"}],"predecessor-version":[{"id":8691,"href":"https:\/\/www.pickchickbymec.com\/en\/wp-json\/wp\/v2\/pages\/1832\/revisions\/8691"}],"wp:featuredmedia":[{"embeddable":true,"href":"https:\/\/www.pickchickbymec.com\/en\/wp-json\/wp\/v2\/media\/75"}],"wp:attachment":[{"href":"https:\/\/www.pickchickbymec.com\/en\/wp-json\/wp\/v2\/media?parent=1832"}],"curies":[{"name":"wp","href":"https:\/\/api.w.org\/{rel}","templated":true}]}}