{"id":1848,"date":"2021-01-29T13:55:44","date_gmt":"2021-01-29T12:55:44","guid":{"rendered":"http:\/\/www.pickchickbymec.es.mialias.net\/?page_id=1848"},"modified":"2023-06-19T13:14:01","modified_gmt":"2023-06-19T11:14:01","slug":"contacto-artista-freelance-barcelona","status":"publish","type":"page","link":"https:\/\/www.pickchickbymec.com\/en\/contacto-artista-freelance-barcelona\/","title":{"rendered":"Contact"},"content":{"rendered":"<p>Hola, soy Marta. Soy artista freelance en Barcelona, Espa\u00f1a. Si tienes cualquier duda sobre mi trabajo o quieres contratar mis servicios de ilustraci\u00f3n, dise\u00f1o gr\u00e1fico o artesan\u00eda puedes contactar conmigo a trav\u00e9s del siguiente email. Intentar\u00e9 contestarte lo antes posible.<\/p>\n\n\n\n<p><strong><a href=\"mailto:pickchickshop@gmail.com\" target=\"_blank\" rel=\"noreferrer noopener\">pickchickshop@gmail.com<\/a><\/strong><\/p>\n\n\n\n<p>Intentar\u00e9 contestar siempre lo antes posible (de lunes a viernes en menos de 24 horas). Mediante este formulario puedes:<\/p>\n\n\n\n<ul class=\"wp-block-list\">\n<li><strong>Resolver tus dudas:<\/strong> Si tienes preguntas sobre cualquiera de mis productos te responder\u00e9 encantada. De todas formas antes puedes consultar la secci\u00f3n de preguntas frecuentes <a href=\"https:\/\/www.pickchickbymec.com\/en\/faq\/\">(FAQ)<\/a> , donde encontrar\u00e1s respuesta a algunas cuestiones sobre env\u00edos y procesos, por ejemplo. <\/li>\n<\/ul>\n\n\n\n<ul class=\"wp-block-list\">\n<li><strong>Pedir un presupuesto<\/strong> totalmente personalizado y sin compromiso sobre cualquier tipo de encargo personalizado, seas particular o empresa, se trate de dise\u00f1o, ilustraci\u00f3n o costura.<\/li>\n<\/ul>\n\n\n\n<ul class=\"wp-block-list\">\n<li><strong>Encargar productos personalizados<\/strong>. \u00bfNecesitas un peluche basado en tu propio dise\u00f1o? \u00bfUn retrato para regalar? \u00bfO te gusta uno de mis Mobbo pero lo prefieres en otro color? Aqu\u00ed puedes encargar tus productos exclusivos, realizados especialmente para ti y acorde a tus necesidades. <\/li>\n<\/ul>\n\n\n\n<ul class=\"wp-block-list\">\n<li><strong>Realizar un taller o curso en tu local<\/strong>: Si quieres que imparta uno de mis talleres art\u00edsticos en tu local no dudes en contactar. \u00a1T\u00fa pones el sitio y yo doy la clase!<\/li>\n<\/ul>\n\n\n\n<ul class=\"wp-block-list\">\n<li><strong>Colaboraciones<\/strong>: Tanto si tienes tienda f\u00edsica y quieres vender mis productos, como si eres otro artista y te gustar\u00eda que trabaj\u00e1semos juntos en alg\u00fan tipo de proyecto, hazme llegar tu propuesta por aqu\u00ed. Tambi\u00e9n estoy abierta a colaboraciones con influencers.<\/li>\n<\/ul>\n\n\n\n<p>Adem\u00e1s de por email, puedo resolver tus dudas y peticiones por mensaje privado en las siguientes plataformas y redes sociales. A continuaci\u00f3n te dejo los links en las que soy m\u00e1s activa y me encontrar\u00e1s m\u00e1s f\u00e1cilmente.<\/p>\n\n\n\n<ul class=\"wp-block-list\">\n<li><a data-type=\"URL\" data-id=\"https:\/\/www.etsy.com\/es\/shop\/PickChickbymec\" href=\"https:\/\/www.etsy.com\/es\/shop\/PickChickbymec\" target=\"_blank\" rel=\"noreferrer noopener\">Etsy<\/a><\/li>\n\n\n\n<li><a data-type=\"URL\" data-id=\"https:\/\/www.instagram.com\/pickchickbymec\/\" href=\"https:\/\/www.instagram.com\/pickchickbymec\/\" target=\"_blank\" rel=\"noreferrer noopener\">Instagram Pick\u00b7Chick<\/a><\/li>\n\n\n\n<li><a data-type=\"URL\" data-id=\"https:\/\/www.instagram.com\/mecsart\/\" href=\"https:\/\/www.instagram.com\/mecsart\/\" target=\"_blank\" rel=\"noreferrer noopener\">Instagram Ilustraci\u00f3n<\/a> (mecsart)<\/li>\n\n\n\n<li><a href=\"https:\/\/twitter.com\/pickchickbymec\">Twitter<\/a><\/li>\n<\/ul>\n\n\n\n<p>\u00a1Preg\u00fantame todo lo que necesites, que no muerdo :D!<\/p>\n\n\n\n<p><\/p>\n\n\n\n<p><\/p>","protected":false},"excerpt":{"rendered":"<p>Hola, soy Marta. Soy artista freelance en Barcelona, Espa\u00f1a. Si tienes cualquier duda sobre mi trabajo o quieres contratar mis servicios de ilustraci\u00f3n, dise\u00f1o gr\u00e1fico o artesan\u00eda puedes contactar conmigo a trav\u00e9s del siguiente email. Intentar\u00e9 contestarte lo antes posible. pickchickshop@gmail.com Intentar\u00e9 contestar siempre lo antes posible (de lunes a viernes en menos de 24 [&hellip;]<\/p>\n","protected":false},"author":1,"featured_media":29,"parent":0,"menu_order":0,"comment_status":"closed","ping_status":"closed","template":"","meta":{"_monsterinsights_skip_tracking":false,"_monsterinsights_sitenote_active":false,"_monsterinsights_sitenote_note":"","_monsterinsights_sitenote_category":0,"footnotes":""},"class_list":["post-1848","page","type-page","status-publish","has-post-thumbnail","hentry"],"yoast_head":"<!-- This site is optimized with the Yoast SEO plugin v27.5 - https:\/\/yoast.com\/product\/yoast-seo-wordpress\/ -->\n<title>Contacto - Pick\u00b7Chick by Mec - Artista Freelance en Barcelona<\/title>\n<meta name=\"description\" content=\"Hola, soy artista (dise\u00f1adora, ilustradora y artesana) freelance en Barcelona. Para cualquier duda o propuesta puedes contactarme aqu\u00ed.\" \/>\n<meta name=\"robots\" content=\"index, follow, max-snippet:-1, max-image-preview:large, max-video-preview:-1\" \/>\n<link rel=\"canonical\" href=\"https:\/\/www.pickchickbymec.com\/en\/contacto-artista-freelance-barcelona\/\" \/>\n<meta property=\"og:locale\" content=\"en_GB\" \/>\n<meta property=\"og:type\" content=\"article\" \/>\n<meta property=\"og:title\" content=\"Contacto - Pick\u00b7Chick by Mec - Artista Freelance en Barcelona\" \/>\n<meta property=\"og:description\" content=\"Hola, soy artista (dise\u00f1adora, ilustradora y artesana) freelance en Barcelona. Para cualquier duda o propuesta puedes contactarme aqu\u00ed.\" \/>\n<meta property=\"og:url\" content=\"https:\/\/www.pickchickbymec.com\/en\/contacto-artista-freelance-barcelona\/\" \/>\n<meta property=\"og:site_name\" content=\"Pick\u00b7Chick by Mec\" \/>\n<meta property=\"article:modified_time\" content=\"2023-06-19T11:14:01+00:00\" \/>\n<meta property=\"og:image\" content=\"https:\/\/www.pickchickbymec.com\/wp-content\/uploads\/2021\/01\/pollosolo.jpg\" \/>\n\t<meta property=\"og:image:width\" content=\"1000\" \/>\n\t<meta property=\"og:image:height\" content=\"1000\" \/>\n\t<meta property=\"og:image:type\" content=\"image\/jpeg\" \/>\n<meta name=\"twitter:card\" content=\"summary_large_image\" \/>\n<meta name=\"twitter:label1\" content=\"Estimated reading time\" \/>\n\t<meta name=\"twitter:data1\" content=\"2 minutes\" \/>\n<script type=\"application\/ld+json\" class=\"yoast-schema-graph\">{\"@context\":\"https:\\\/\\\/schema.org\",\"@graph\":[{\"@type\":\"WebPage\",\"@id\":\"https:\\\/\\\/www.pickchickbymec.com\\\/contacto-artista-freelance-barcelona\\\/\",\"url\":\"https:\\\/\\\/www.pickchickbymec.com\\\/contacto-artista-freelance-barcelona\\\/\",\"name\":\"Contacto - Pick\u00b7Chick by Mec - Artista Freelance en Barcelona\",\"isPartOf\":{\"@id\":\"https:\\\/\\\/www.pickchickbymec.com\\\/#website\"},\"primaryImageOfPage\":{\"@id\":\"https:\\\/\\\/www.pickchickbymec.com\\\/contacto-artista-freelance-barcelona\\\/#primaryimage\"},\"image\":{\"@id\":\"https:\\\/\\\/www.pickchickbymec.com\\\/contacto-artista-freelance-barcelona\\\/#primaryimage\"},\"thumbnailUrl\":\"https:\\\/\\\/www.pickchickbymec.com\\\/wp-content\\\/uploads\\\/2021\\\/01\\\/pollosolo.jpg\",\"datePublished\":\"2021-01-29T12:55:44+00:00\",\"dateModified\":\"2023-06-19T11:14:01+00:00\",\"description\":\"Hola, soy artista (dise\u00f1adora, ilustradora y artesana) freelance en Barcelona. Para cualquier duda o propuesta puedes contactarme aqu\u00ed.\",\"breadcrumb\":{\"@id\":\"https:\\\/\\\/www.pickchickbymec.com\\\/contacto-artista-freelance-barcelona\\\/#breadcrumb\"},\"inLanguage\":\"en-GB\",\"potentialAction\":[{\"@type\":\"ReadAction\",\"target\":[\"https:\\\/\\\/www.pickchickbymec.com\\\/contacto-artista-freelance-barcelona\\\/\"]}]},{\"@type\":\"ImageObject\",\"inLanguage\":\"en-GB\",\"@id\":\"https:\\\/\\\/www.pickchickbymec.com\\\/contacto-artista-freelance-barcelona\\\/#primaryimage\",\"url\":\"https:\\\/\\\/www.pickchickbymec.com\\\/wp-content\\\/uploads\\\/2021\\\/01\\\/pollosolo.jpg\",\"contentUrl\":\"https:\\\/\\\/www.pickchickbymec.com\\\/wp-content\\\/uploads\\\/2021\\\/01\\\/pollosolo.jpg\",\"width\":1000,\"height\":1000,\"caption\":\"logo pickchick by mec solo pollito\"},{\"@type\":\"BreadcrumbList\",\"@id\":\"https:\\\/\\\/www.pickchickbymec.com\\\/contacto-artista-freelance-barcelona\\\/#breadcrumb\",\"itemListElement\":[{\"@type\":\"ListItem\",\"position\":1,\"name\":\"Portada\",\"item\":\"https:\\\/\\\/www.pickchickbymec.com\\\/\"},{\"@type\":\"ListItem\",\"position\":2,\"name\":\"Contacto\"}]},{\"@type\":\"WebSite\",\"@id\":\"https:\\\/\\\/www.pickchickbymec.com\\\/#website\",\"url\":\"https:\\\/\\\/www.pickchickbymec.com\\\/\",\"name\":\"Pick\u00b7Chick by Mec\",\"description\":\"kawaii illustrator and artisan\",\"publisher\":{\"@id\":\"https:\\\/\\\/www.pickchickbymec.com\\\/#\\\/schema\\\/person\\\/189a1cea9c7f6704595062aabbbb38fe\"},\"potentialAction\":[{\"@type\":\"SearchAction\",\"target\":{\"@type\":\"EntryPoint\",\"urlTemplate\":\"https:\\\/\\\/www.pickchickbymec.com\\\/?s={search_term_string}\"},\"query-input\":{\"@type\":\"PropertyValueSpecification\",\"valueRequired\":true,\"valueName\":\"search_term_string\"}}],\"inLanguage\":\"en-GB\"},{\"@type\":[\"Person\",\"Organization\"],\"@id\":\"https:\\\/\\\/www.pickchickbymec.com\\\/#\\\/schema\\\/person\\\/189a1cea9c7f6704595062aabbbb38fe\",\"name\":\"pickchickbymec\",\"image\":{\"@type\":\"ImageObject\",\"inLanguage\":\"en-GB\",\"@id\":\"https:\\\/\\\/secure.gravatar.com\\\/avatar\\\/0c13b11690ce1ad38e031b40cac436947d766b2585e3e81250e6cf60b0a3b61f?s=96&d=mm&r=g\",\"url\":\"https:\\\/\\\/secure.gravatar.com\\\/avatar\\\/0c13b11690ce1ad38e031b40cac436947d766b2585e3e81250e6cf60b0a3b61f?s=96&d=mm&r=g\",\"contentUrl\":\"https:\\\/\\\/secure.gravatar.com\\\/avatar\\\/0c13b11690ce1ad38e031b40cac436947d766b2585e3e81250e6cf60b0a3b61f?s=96&d=mm&r=g\",\"caption\":\"pickchickbymec\"},\"logo\":{\"@id\":\"https:\\\/\\\/secure.gravatar.com\\\/avatar\\\/0c13b11690ce1ad38e031b40cac436947d766b2585e3e81250e6cf60b0a3b61f?s=96&d=mm&r=g\"}}]}<\/script>\n<!-- \/ Yoast SEO plugin. -->","yoast_head_json":{"title":"Contacto - Pick\u00b7Chick by Mec - Artista Freelance en Barcelona","description":"Hola, soy artista (dise\u00f1adora, ilustradora y artesana) freelance en Barcelona. Para cualquier duda o propuesta puedes contactarme aqu\u00ed.","robots":{"index":"index","follow":"follow","max-snippet":"max-snippet:-1","max-image-preview":"max-image-preview:large","max-video-preview":"max-video-preview:-1"},"canonical":"https:\/\/www.pickchickbymec.com\/en\/contacto-artista-freelance-barcelona\/","og_locale":"en_GB","og_type":"article","og_title":"Contacto - Pick\u00b7Chick by Mec - Artista Freelance en Barcelona","og_description":"Hola, soy artista (dise\u00f1adora, ilustradora y artesana) freelance en Barcelona. Para cualquier duda o propuesta puedes contactarme aqu\u00ed.","og_url":"https:\/\/www.pickchickbymec.com\/en\/contacto-artista-freelance-barcelona\/","og_site_name":"Pick\u00b7Chick by Mec","article_modified_time":"2023-06-19T11:14:01+00:00","og_image":[{"width":1000,"height":1000,"url":"https:\/\/www.pickchickbymec.com\/wp-content\/uploads\/2021\/01\/pollosolo.jpg","type":"image\/jpeg"}],"twitter_card":"summary_large_image","twitter_misc":{"Estimated reading time":"2 minutes"},"schema":{"@context":"https:\/\/schema.org","@graph":[{"@type":"WebPage","@id":"https:\/\/www.pickchickbymec.com\/contacto-artista-freelance-barcelona\/","url":"https:\/\/www.pickchickbymec.com\/contacto-artista-freelance-barcelona\/","name":"Contacto - Pick\u00b7Chick by Mec - Artista Freelance en Barcelona","isPartOf":{"@id":"https:\/\/www.pickchickbymec.com\/#website"},"primaryImageOfPage":{"@id":"https:\/\/www.pickchickbymec.com\/contacto-artista-freelance-barcelona\/#primaryimage"},"image":{"@id":"https:\/\/www.pickchickbymec.com\/contacto-artista-freelance-barcelona\/#primaryimage"},"thumbnailUrl":"https:\/\/www.pickchickbymec.com\/wp-content\/uploads\/2021\/01\/pollosolo.jpg","datePublished":"2021-01-29T12:55:44+00:00","dateModified":"2023-06-19T11:14:01+00:00","description":"Hola, soy artista (dise\u00f1adora, ilustradora y artesana) freelance en Barcelona. Para cualquier duda o propuesta puedes contactarme aqu\u00ed.","breadcrumb":{"@id":"https:\/\/www.pickchickbymec.com\/contacto-artista-freelance-barcelona\/#breadcrumb"},"inLanguage":"en-GB","potentialAction":[{"@type":"ReadAction","target":["https:\/\/www.pickchickbymec.com\/contacto-artista-freelance-barcelona\/"]}]},{"@type":"ImageObject","inLanguage":"en-GB","@id":"https:\/\/www.pickchickbymec.com\/contacto-artista-freelance-barcelona\/#primaryimage","url":"https:\/\/www.pickchickbymec.com\/wp-content\/uploads\/2021\/01\/pollosolo.jpg","contentUrl":"https:\/\/www.pickchickbymec.com\/wp-content\/uploads\/2021\/01\/pollosolo.jpg","width":1000,"height":1000,"caption":"logo pickchick by mec solo pollito"},{"@type":"BreadcrumbList","@id":"https:\/\/www.pickchickbymec.com\/contacto-artista-freelance-barcelona\/#breadcrumb","itemListElement":[{"@type":"ListItem","position":1,"name":"Portada","item":"https:\/\/www.pickchickbymec.com\/"},{"@type":"ListItem","position":2,"name":"Contacto"}]},{"@type":"WebSite","@id":"https:\/\/www.pickchickbymec.com\/#website","url":"https:\/\/www.pickchickbymec.com\/","name":"Pick-Chick by Mec","description":"kawaii illustrator and artisan","publisher":{"@id":"https:\/\/www.pickchickbymec.com\/#\/schema\/person\/189a1cea9c7f6704595062aabbbb38fe"},"potentialAction":[{"@type":"SearchAction","target":{"@type":"EntryPoint","urlTemplate":"https:\/\/www.pickchickbymec.com\/?s={search_term_string}"},"query-input":{"@type":"PropertyValueSpecification","valueRequired":true,"valueName":"search_term_string"}}],"inLanguage":"en-GB"},{"@type":["Person","Organization"],"@id":"https:\/\/www.pickchickbymec.com\/#\/schema\/person\/189a1cea9c7f6704595062aabbbb38fe","name":"pickchickbymec","image":{"@type":"ImageObject","inLanguage":"en-GB","@id":"https:\/\/secure.gravatar.com\/avatar\/0c13b11690ce1ad38e031b40cac436947d766b2585e3e81250e6cf60b0a3b61f?s=96&d=mm&r=g","url":"https:\/\/secure.gravatar.com\/avatar\/0c13b11690ce1ad38e031b40cac436947d766b2585e3e81250e6cf60b0a3b61f?s=96&d=mm&r=g","contentUrl":"https:\/\/secure.gravatar.com\/avatar\/0c13b11690ce1ad38e031b40cac436947d766b2585e3e81250e6cf60b0a3b61f?s=96&d=mm&r=g","caption":"pickchickbymec"},"logo":{"@id":"https:\/\/secure.gravatar.com\/avatar\/0c13b11690ce1ad38e031b40cac436947d766b2585e3e81250e6cf60b0a3b61f?s=96&d=mm&r=g"}}]}},"jetpack-related-posts":[],"jetpack_sharing_enabled":true,"_links":{"self":[{"href":"https:\/\/www.pickchickbymec.com\/en\/wp-json\/wp\/v2\/pages\/1848","targetHints":{"allow":["GET"]}}],"collection":[{"href":"https:\/\/www.pickchickbymec.com\/en\/wp-json\/wp\/v2\/pages"}],"about":[{"href":"https:\/\/www.pickchickbymec.com\/en\/wp-json\/wp\/v2\/types\/page"}],"author":[{"embeddable":true,"href":"https:\/\/www.pickchickbymec.com\/en\/wp-json\/wp\/v2\/users\/1"}],"replies":[{"embeddable":true,"href":"https:\/\/www.pickchickbymec.com\/en\/wp-json\/wp\/v2\/comments?post=1848"}],"version-history":[{"count":9,"href":"https:\/\/www.pickchickbymec.com\/en\/wp-json\/wp\/v2\/pages\/1848\/revisions"}],"predecessor-version":[{"id":6225,"href":"https:\/\/www.pickchickbymec.com\/en\/wp-json\/wp\/v2\/pages\/1848\/revisions\/6225"}],"wp:featuredmedia":[{"embeddable":true,"href":"https:\/\/www.pickchickbymec.com\/en\/wp-json\/wp\/v2\/media\/29"}],"wp:attachment":[{"href":"https:\/\/www.pickchickbymec.com\/en\/wp-json\/wp\/v2\/media?parent=1848"}],"curies":[{"name":"wp","href":"https:\/\/api.w.org\/{rel}","templated":true}]}}