{"id":7880,"date":"2024-06-20T14:30:52","date_gmt":"2024-06-20T12:30:52","guid":{"rendered":"https:\/\/www.pickchickbymec.com\/?page_id=7880"},"modified":"2025-06-26T13:18:36","modified_gmt":"2025-06-26T11:18:36","slug":"ilustracion-personalizada-commissions","status":"publish","type":"page","link":"https:\/\/www.pickchickbymec.com\/en\/ilustracion-personalizada-commissions\/","title":{"rendered":"Personalised illustration (commissions)"},"content":{"rendered":"<p>\u00bfBuscas un regalo \u00fanico y especial? \u00bfNecesitas el retrato de tu personaje de rol? \u00bfO renovar la imagen de perfil y la cabecera de tus redes sociales? Si te gusta mi estilo y deseas encargar una ilustraci\u00f3n personalizada puedes hacerlo envi\u00e1ndome un email a <a href=\"mailto:pickchickshop@gmail.com\">pickchickshop@gmail.com<\/a>.<\/p>\n\n\n\n<hr class=\"wp-block-separator has-alpha-channel-opacity is-style-dots\"\/>\n\n\n\n<h3 class=\"wp-block-heading\">Caracter\u00edsticas de una ilustraci\u00f3n personalizada (commission)<\/h3>\n\n\n\n<ul class=\"wp-block-list\">\n<li>Trabajo tanto en digital como en tradicional (acuarela y l\u00e1piz). <\/li>\n\n\n\n<li>Con los <strong>trabajos en tradicional<\/strong> se enviar\u00e1 el original en f\u00edsico por correo certificado con n\u00famero de seguimiento.<\/li>\n\n\n\n<li>En el caso de las <strong>ilustraciones digitales<\/strong> se entregan por email en JPG, tama\u00f1o din A4 a 300 ppp y en RGB. Si quieres una copia impresa se cobrar\u00e1 al mismo precio que los prints de la tienda y se enviar\u00e1 por correo con sus respectivos gastos de env\u00edo.<\/li>\n\n\n\n<li>Puedo hacer: retratos de personas reales, personajes creados por ti (original characters, OCs), fanart de personajes existentes, mascotas, furrry y NSFW (siempre que est\u00e9 c\u00f3moda con la propuesta).<\/li>\n\n\n\n<li>La obra entregada estar\u00e1 realizada en un estilo similar al de los ejemplos.<\/li>\n<\/ul>\n\n\n\n<hr class=\"wp-block-separator has-alpha-channel-opacity is-style-dots\"\/>\n\n\n\n<h3 class=\"wp-block-heading\">Condiciones<\/h3>\n\n\n\n<p><\/p>\n\n\n\n<ul class=\"wp-block-list\">\n<li>El uso de este tipo de ilustraciones es completamente <strong>personal<\/strong>. Para cualquier otro fin comercial, de uso y\/o reproducci\u00f3n por favor consulta por email.<\/li>\n\n\n\n<li>El pago se har\u00e1 \u00edntegro por adelantado antes de empezar a trabajar mediante Bizzum, Paypal o link de plataforma de pago de la web (para encargos de 60\u20ac o superiores se permitir\u00e1 el pago en 2 plazos, uno antes de empezar y el otro una vez terminada la obra).<\/li>\n\n\n\n<li>El importe pagado <strong>no se devolver\u00e1<\/strong> una vez empezado el trabajo aunque el cliente se eche atr\u00e1s.<\/li>\n\n\n\n<li>Se trabajar\u00e1 a partir de bocetos y se ir\u00e1 ense\u00f1ando la obra en puntos clave del proceso para posibles modificaciones o correcciones (l\u00e1piz, tinta, color plano, sombras y efectos finales). Las modificaciones que se tengan que hacer una vez pasado al siguiente punto con el previo ok se cobrar\u00e1n aparte.<\/li>\n<\/ul>\n\n\n\n<p class=\"has-text-align-center has-medium-font-size\">Pide tu presupuesto contact\u00e1ndome a <strong><a href=\"mailto:pickchickshop@gmail.com\">pickchickshop@gmail.com<\/a><\/strong><\/p>\n\n\n\n<hr class=\"wp-block-separator has-alpha-channel-opacity is-style-dots\"\/>\n\n\n\n<h3 class=\"wp-block-heading\">Tabla de precios<\/h3>\n\n\n\n<p>Aqu\u00ed puedes encontrar el precio standard para los distintos tipos de<strong> ilustraci\u00f3n digital<\/strong>. Puede verse ligeramente incrementado en el caso de personajes especialmente complejos o detallados. Para el caso de los encargos de acuarelas originales el presupuesto se realizar\u00e1 por email de forma personalizada.<\/p>\n\n\n\n<div class=\"wp-block-columns is-layout-flex wp-container-core-columns-is-layout-9d6595d7 wp-block-columns-is-layout-flex\">\n<div class=\"wp-block-column is-layout-flow wp-block-column-is-layout-flow\">\n<figure class=\"wp-block-image size-full\"><img loading=\"lazy\" decoding=\"async\" width=\"800\" height=\"1000\" src=\"https:\/\/www.pickchickbymec.com\/wp-content\/uploads\/2025\/06\/commissions-chibi.jpg\" alt=\"\" class=\"wp-image-8538\" srcset=\"https:\/\/www.pickchickbymec.com\/wp-content\/uploads\/2025\/06\/commissions-chibi.jpg 800w, https:\/\/www.pickchickbymec.com\/wp-content\/uploads\/2025\/06\/commissions-chibi-600x750.jpg 600w, https:\/\/www.pickchickbymec.com\/wp-content\/uploads\/2025\/06\/commissions-chibi-240x300.jpg 240w, https:\/\/www.pickchickbymec.com\/wp-content\/uploads\/2025\/06\/commissions-chibi-768x960.jpg 768w\" sizes=\"auto, (max-width: 800px) 100vw, 800px\" \/><\/figure>\n<\/div>\n\n\n\n<div class=\"wp-block-column is-layout-flow wp-block-column-is-layout-flow\">\n<figure class=\"wp-block-image size-full\"><img loading=\"lazy\" decoding=\"async\" width=\"800\" height=\"1000\" src=\"https:\/\/www.pickchickbymec.com\/wp-content\/uploads\/2025\/06\/commissions-full.jpg\" alt=\"\" class=\"wp-image-8537\" srcset=\"https:\/\/www.pickchickbymec.com\/wp-content\/uploads\/2025\/06\/commissions-full.jpg 800w, https:\/\/www.pickchickbymec.com\/wp-content\/uploads\/2025\/06\/commissions-full-600x750.jpg 600w, https:\/\/www.pickchickbymec.com\/wp-content\/uploads\/2025\/06\/commissions-full-240x300.jpg 240w, https:\/\/www.pickchickbymec.com\/wp-content\/uploads\/2025\/06\/commissions-full-768x960.jpg 768w\" sizes=\"auto, (max-width: 800px) 100vw, 800px\" \/><\/figure>\n<\/div>\n<\/div>\n\n\n\n<div class=\"wp-block-columns is-layout-flex wp-container-core-columns-is-layout-9d6595d7 wp-block-columns-is-layout-flex\">\n<div class=\"wp-block-column is-layout-flow wp-block-column-is-layout-flow\">\n<figure class=\"wp-block-image size-full\"><img loading=\"lazy\" decoding=\"async\" width=\"800\" height=\"1000\" src=\"https:\/\/www.pickchickbymec.com\/wp-content\/uploads\/2025\/06\/commissions-lineart.jpg\" alt=\"\" class=\"wp-image-8535\" srcset=\"https:\/\/www.pickchickbymec.com\/wp-content\/uploads\/2025\/06\/commissions-lineart.jpg 800w, https:\/\/www.pickchickbymec.com\/wp-content\/uploads\/2025\/06\/commissions-lineart-600x750.jpg 600w, https:\/\/www.pickchickbymec.com\/wp-content\/uploads\/2025\/06\/commissions-lineart-240x300.jpg 240w, https:\/\/www.pickchickbymec.com\/wp-content\/uploads\/2025\/06\/commissions-lineart-768x960.jpg 768w\" sizes=\"auto, (max-width: 800px) 100vw, 800px\" \/><\/figure>\n<\/div>\n\n\n\n<div class=\"wp-block-column is-layout-flow wp-block-column-is-layout-flow\">\n<figure class=\"wp-block-image size-full\"><img loading=\"lazy\" decoding=\"async\" width=\"800\" height=\"1000\" src=\"https:\/\/www.pickchickbymec.com\/wp-content\/uploads\/2025\/06\/commissions-flat.jpg\" alt=\"\" class=\"wp-image-8536\" srcset=\"https:\/\/www.pickchickbymec.com\/wp-content\/uploads\/2025\/06\/commissions-flat.jpg 800w, https:\/\/www.pickchickbymec.com\/wp-content\/uploads\/2025\/06\/commissions-flat-600x750.jpg 600w, https:\/\/www.pickchickbymec.com\/wp-content\/uploads\/2025\/06\/commissions-flat-240x300.jpg 240w, https:\/\/www.pickchickbymec.com\/wp-content\/uploads\/2025\/06\/commissions-flat-768x960.jpg 768w\" sizes=\"auto, (max-width: 800px) 100vw, 800px\" \/><\/figure>\n<\/div>\n<\/div>\n\n\n\n<div class=\"wp-block-columns is-layout-flex wp-container-core-columns-is-layout-9d6595d7 wp-block-columns-is-layout-flex\">\n<div class=\"wp-block-column is-layout-flow wp-block-column-is-layout-flow\">\n<figure class=\"wp-block-image size-full\"><img loading=\"lazy\" decoding=\"async\" width=\"800\" height=\"1000\" src=\"https:\/\/www.pickchickbymec.com\/wp-content\/uploads\/2025\/06\/commissions-emotes.jpg\" alt=\"\" class=\"wp-image-8539\" srcset=\"https:\/\/www.pickchickbymec.com\/wp-content\/uploads\/2025\/06\/commissions-emotes.jpg 800w, https:\/\/www.pickchickbymec.com\/wp-content\/uploads\/2025\/06\/commissions-emotes-600x750.jpg 600w, https:\/\/www.pickchickbymec.com\/wp-content\/uploads\/2025\/06\/commissions-emotes-240x300.jpg 240w, https:\/\/www.pickchickbymec.com\/wp-content\/uploads\/2025\/06\/commissions-emotes-768x960.jpg 768w\" sizes=\"auto, (max-width: 800px) 100vw, 800px\" \/><\/figure>\n<\/div>\n\n\n\n<div class=\"wp-block-column is-layout-flow wp-block-column-is-layout-flow\">\n<figure class=\"wp-block-image size-full\"><img loading=\"lazy\" decoding=\"async\" width=\"800\" height=\"1000\" src=\"https:\/\/www.pickchickbymec.com\/wp-content\/uploads\/2025\/06\/banners2.jpg\" alt=\"\" class=\"wp-image-8550\" srcset=\"https:\/\/www.pickchickbymec.com\/wp-content\/uploads\/2025\/06\/banners2.jpg 800w, https:\/\/www.pickchickbymec.com\/wp-content\/uploads\/2025\/06\/banners2-600x750.jpg 600w, https:\/\/www.pickchickbymec.com\/wp-content\/uploads\/2025\/06\/banners2-240x300.jpg 240w, https:\/\/www.pickchickbymec.com\/wp-content\/uploads\/2025\/06\/banners2-768x960.jpg 768w\" sizes=\"auto, (max-width: 800px) 100vw, 800px\" \/><\/figure>\n<\/div>\n<\/div>\n\n\n\n<hr class=\"wp-block-separator has-alpha-channel-opacity is-style-dots\"\/>\n\n\n\n<h3 class=\"wp-block-heading\">Ejemplos<\/h3>\n\n\n\n<p>Aqu\u00ed tienes algunos ejemplos de ilustraciones personalizadas b\u00e1sicas, pero puedes consultar mi <a href=\"https:\/\/www.pickchickbymec.com\/en\/porfolio\/porfolio-ilustracion\/\">porfolio de ilustraci\u00f3n<\/a> y mi cuenta de<a href=\"https:\/\/www.instagram.com\/mecsart\/\"> Instagram de sketches <\/a>si quieres consultar m\u00e1s trabajos u otros estilos a los que me puedo adaptar.<\/p>\n\n\n\n<div class=\"wp-block-columns is-layout-flex wp-container-core-columns-is-layout-9d6595d7 wp-block-columns-is-layout-flex\">\n<div class=\"wp-block-column is-layout-flow wp-block-column-is-layout-flow\">\n<figure class=\"wp-block-image size-full\"><img loading=\"lazy\" decoding=\"async\" width=\"831\" height=\"1000\" src=\"https:\/\/www.pickchickbymec.com\/wp-content\/uploads\/2025\/06\/Fauno.jpg\" alt=\"\" class=\"wp-image-8541\" srcset=\"https:\/\/www.pickchickbymec.com\/wp-content\/uploads\/2025\/06\/Fauno.jpg 831w, https:\/\/www.pickchickbymec.com\/wp-content\/uploads\/2025\/06\/Fauno-600x722.jpg 600w, https:\/\/www.pickchickbymec.com\/wp-content\/uploads\/2025\/06\/Fauno-249x300.jpg 249w, https:\/\/www.pickchickbymec.com\/wp-content\/uploads\/2025\/06\/Fauno-768x924.jpg 768w\" sizes=\"auto, (max-width: 831px) 100vw, 831px\" \/><\/figure>\n<\/div>\n\n\n\n<div class=\"wp-block-column is-layout-flow wp-block-column-is-layout-flow\">\n<figure class=\"wp-block-image size-full\"><img loading=\"lazy\" decoding=\"async\" width=\"707\" height=\"938\" src=\"https:\/\/www.pickchickbymec.com\/wp-content\/uploads\/2025\/06\/jambo-peque.jpg\" alt=\"\" class=\"wp-image-8542\" srcset=\"https:\/\/www.pickchickbymec.com\/wp-content\/uploads\/2025\/06\/jambo-peque.jpg 707w, https:\/\/www.pickchickbymec.com\/wp-content\/uploads\/2025\/06\/jambo-peque-600x796.jpg 600w, https:\/\/www.pickchickbymec.com\/wp-content\/uploads\/2025\/06\/jambo-peque-226x300.jpg 226w\" sizes=\"auto, (max-width: 707px) 100vw, 707px\" \/><\/figure>\n<\/div>\n<\/div>\n\n\n\n<div class=\"wp-block-columns is-layout-flex wp-container-core-columns-is-layout-9d6595d7 wp-block-columns-is-layout-flex\">\n<div class=\"wp-block-column is-layout-flow wp-block-column-is-layout-flow\">\n<figure class=\"wp-block-image size-full\"><img loading=\"lazy\" decoding=\"async\" width=\"707\" height=\"1000\" src=\"https:\/\/www.pickchickbymec.com\/wp-content\/uploads\/2025\/06\/pio-peque.jpg\" alt=\"\" class=\"wp-image-8543\" srcset=\"https:\/\/www.pickchickbymec.com\/wp-content\/uploads\/2025\/06\/pio-peque.jpg 707w, https:\/\/www.pickchickbymec.com\/wp-content\/uploads\/2025\/06\/pio-peque-600x849.jpg 600w, https:\/\/www.pickchickbymec.com\/wp-content\/uploads\/2025\/06\/pio-peque-212x300.jpg 212w\" sizes=\"auto, (max-width: 707px) 100vw, 707px\" \/><\/figure>\n<\/div>\n\n\n\n<div class=\"wp-block-column is-layout-flow wp-block-column-is-layout-flow\">\n<figure class=\"wp-block-image size-full\"><img loading=\"lazy\" decoding=\"async\" width=\"741\" height=\"1000\" src=\"https:\/\/www.pickchickbymec.com\/wp-content\/uploads\/2025\/06\/chibi-peque.jpg\" alt=\"\" class=\"wp-image-8544\" srcset=\"https:\/\/www.pickchickbymec.com\/wp-content\/uploads\/2025\/06\/chibi-peque.jpg 741w, https:\/\/www.pickchickbymec.com\/wp-content\/uploads\/2025\/06\/chibi-peque-600x810.jpg 600w, https:\/\/www.pickchickbymec.com\/wp-content\/uploads\/2025\/06\/chibi-peque-222x300.jpg 222w\" sizes=\"auto, (max-width: 741px) 100vw, 741px\" \/><\/figure>\n<\/div>\n<\/div>","protected":false},"excerpt":{"rendered":"<p>\u00bfBuscas un regalo \u00fanico y especial? \u00bfNecesitas el retrato de tu personaje de rol? \u00bfO renovar la imagen de perfil y la cabecera de tus redes sociales? Si te gusta mi estilo y deseas encargar una ilustraci\u00f3n personalizada puedes hacerlo envi\u00e1ndome un email a pickchickshop@gmail.com. Caracter\u00edsticas de una ilustraci\u00f3n personalizada (commission) Condiciones Pide tu presupuesto [&hellip;]<\/p>\n","protected":false},"author":1,"featured_media":8537,"parent":0,"menu_order":0,"comment_status":"closed","ping_status":"closed","template":"","meta":{"_monsterinsights_skip_tracking":false,"_monsterinsights_sitenote_active":false,"_monsterinsights_sitenote_note":"","_monsterinsights_sitenote_category":0,"footnotes":""},"class_list":["post-7880","page","type-page","status-publish","has-post-thumbnail","hentry"],"yoast_head":"<!-- This site is optimized with the Yoast SEO plugin v27.5 - https:\/\/yoast.com\/product\/yoast-seo-wordpress\/ -->\n<title>Ilustraci\u00f3n personalizada (commissions) - Pick\u00b7Chick by Mec<\/title>\n<meta name=\"description\" content=\"\u00a1Encargos abiertos! Pide tu ilustraci\u00f3n personalizada en estilo c\u00f3mic completamente al gusto. Hago personajes originales, fanart, retratos...\" \/>\n<meta name=\"robots\" content=\"index, follow, max-snippet:-1, max-image-preview:large, max-video-preview:-1\" \/>\n<link rel=\"canonical\" href=\"https:\/\/www.pickchickbymec.com\/en\/ilustracion-personalizada-commissions\/\" \/>\n<meta property=\"og:locale\" content=\"en_GB\" \/>\n<meta property=\"og:type\" content=\"article\" \/>\n<meta property=\"og:title\" content=\"Ilustraci\u00f3n personalizada (commissions) - Pick\u00b7Chick by Mec\" \/>\n<meta property=\"og:description\" content=\"\u00a1Encargos abiertos! Pide tu ilustraci\u00f3n personalizada en estilo c\u00f3mic completamente al gusto. Hago personajes originales, fanart, retratos...\" \/>\n<meta property=\"og:url\" content=\"https:\/\/www.pickchickbymec.com\/en\/ilustracion-personalizada-commissions\/\" \/>\n<meta property=\"og:site_name\" content=\"Pick\u00b7Chick by Mec\" \/>\n<meta property=\"article:modified_time\" content=\"2025-06-26T11:18:36+00:00\" \/>\n<meta property=\"og:image\" content=\"https:\/\/www.pickchickbymec.com\/wp-content\/uploads\/2025\/06\/commissions-full.jpg\" \/>\n\t<meta property=\"og:image:width\" content=\"800\" \/>\n\t<meta property=\"og:image:height\" content=\"1000\" \/>\n\t<meta property=\"og:image:type\" content=\"image\/jpeg\" \/>\n<meta name=\"twitter:card\" content=\"summary_large_image\" \/>\n<meta name=\"twitter:label1\" content=\"Estimated reading time\" \/>\n\t<meta name=\"twitter:data1\" content=\"5 minutes\" \/>\n<script type=\"application\/ld+json\" class=\"yoast-schema-graph\">{\"@context\":\"https:\\\/\\\/schema.org\",\"@graph\":[{\"@type\":\"WebPage\",\"@id\":\"https:\\\/\\\/www.pickchickbymec.com\\\/ilustracion-personalizada-commissions\\\/\",\"url\":\"https:\\\/\\\/www.pickchickbymec.com\\\/ilustracion-personalizada-commissions\\\/\",\"name\":\"Ilustraci\u00f3n personalizada (commissions) - Pick\u00b7Chick by Mec\",\"isPartOf\":{\"@id\":\"https:\\\/\\\/www.pickchickbymec.com\\\/#website\"},\"primaryImageOfPage\":{\"@id\":\"https:\\\/\\\/www.pickchickbymec.com\\\/ilustracion-personalizada-commissions\\\/#primaryimage\"},\"image\":{\"@id\":\"https:\\\/\\\/www.pickchickbymec.com\\\/ilustracion-personalizada-commissions\\\/#primaryimage\"},\"thumbnailUrl\":\"https:\\\/\\\/www.pickchickbymec.com\\\/wp-content\\\/uploads\\\/2025\\\/06\\\/commissions-full.jpg\",\"datePublished\":\"2024-06-20T12:30:52+00:00\",\"dateModified\":\"2025-06-26T11:18:36+00:00\",\"description\":\"\u00a1Encargos abiertos! Pide tu ilustraci\u00f3n personalizada en estilo c\u00f3mic completamente al gusto. Hago personajes originales, fanart, retratos...\",\"breadcrumb\":{\"@id\":\"https:\\\/\\\/www.pickchickbymec.com\\\/ilustracion-personalizada-commissions\\\/#breadcrumb\"},\"inLanguage\":\"en-GB\",\"potentialAction\":[{\"@type\":\"ReadAction\",\"target\":[\"https:\\\/\\\/www.pickchickbymec.com\\\/ilustracion-personalizada-commissions\\\/\"]}]},{\"@type\":\"ImageObject\",\"inLanguage\":\"en-GB\",\"@id\":\"https:\\\/\\\/www.pickchickbymec.com\\\/ilustracion-personalizada-commissions\\\/#primaryimage\",\"url\":\"https:\\\/\\\/www.pickchickbymec.com\\\/wp-content\\\/uploads\\\/2025\\\/06\\\/commissions-full.jpg\",\"contentUrl\":\"https:\\\/\\\/www.pickchickbymec.com\\\/wp-content\\\/uploads\\\/2025\\\/06\\\/commissions-full.jpg\",\"width\":800,\"height\":1000,\"caption\":\"retrato personalizado estilo c\u00f3mic manga\"},{\"@type\":\"BreadcrumbList\",\"@id\":\"https:\\\/\\\/www.pickchickbymec.com\\\/ilustracion-personalizada-commissions\\\/#breadcrumb\",\"itemListElement\":[{\"@type\":\"ListItem\",\"position\":1,\"name\":\"Portada\",\"item\":\"https:\\\/\\\/www.pickchickbymec.com\\\/\"},{\"@type\":\"ListItem\",\"position\":2,\"name\":\"Ilustraci\u00f3n personalizada (commissions)\"}]},{\"@type\":\"WebSite\",\"@id\":\"https:\\\/\\\/www.pickchickbymec.com\\\/#website\",\"url\":\"https:\\\/\\\/www.pickchickbymec.com\\\/\",\"name\":\"Pick\u00b7Chick by Mec\",\"description\":\"kawaii illustrator and artisan\",\"publisher\":{\"@id\":\"https:\\\/\\\/www.pickchickbymec.com\\\/#\\\/schema\\\/person\\\/189a1cea9c7f6704595062aabbbb38fe\"},\"potentialAction\":[{\"@type\":\"SearchAction\",\"target\":{\"@type\":\"EntryPoint\",\"urlTemplate\":\"https:\\\/\\\/www.pickchickbymec.com\\\/?s={search_term_string}\"},\"query-input\":{\"@type\":\"PropertyValueSpecification\",\"valueRequired\":true,\"valueName\":\"search_term_string\"}}],\"inLanguage\":\"en-GB\"},{\"@type\":[\"Person\",\"Organization\"],\"@id\":\"https:\\\/\\\/www.pickchickbymec.com\\\/#\\\/schema\\\/person\\\/189a1cea9c7f6704595062aabbbb38fe\",\"name\":\"pickchickbymec\",\"image\":{\"@type\":\"ImageObject\",\"inLanguage\":\"en-GB\",\"@id\":\"https:\\\/\\\/secure.gravatar.com\\\/avatar\\\/0c13b11690ce1ad38e031b40cac436947d766b2585e3e81250e6cf60b0a3b61f?s=96&d=mm&r=g\",\"url\":\"https:\\\/\\\/secure.gravatar.com\\\/avatar\\\/0c13b11690ce1ad38e031b40cac436947d766b2585e3e81250e6cf60b0a3b61f?s=96&d=mm&r=g\",\"contentUrl\":\"https:\\\/\\\/secure.gravatar.com\\\/avatar\\\/0c13b11690ce1ad38e031b40cac436947d766b2585e3e81250e6cf60b0a3b61f?s=96&d=mm&r=g\",\"caption\":\"pickchickbymec\"},\"logo\":{\"@id\":\"https:\\\/\\\/secure.gravatar.com\\\/avatar\\\/0c13b11690ce1ad38e031b40cac436947d766b2585e3e81250e6cf60b0a3b61f?s=96&d=mm&r=g\"}}]}<\/script>\n<!-- \/ Yoast SEO plugin. -->","yoast_head_json":{"title":"Ilustraci\u00f3n personalizada (commissions) - Pick\u00b7Chick by Mec","description":"\u00a1Encargos abiertos! Pide tu ilustraci\u00f3n personalizada en estilo c\u00f3mic completamente al gusto. Hago personajes originales, fanart, retratos...","robots":{"index":"index","follow":"follow","max-snippet":"max-snippet:-1","max-image-preview":"max-image-preview:large","max-video-preview":"max-video-preview:-1"},"canonical":"https:\/\/www.pickchickbymec.com\/en\/ilustracion-personalizada-commissions\/","og_locale":"en_GB","og_type":"article","og_title":"Ilustraci\u00f3n personalizada (commissions) - Pick\u00b7Chick by Mec","og_description":"\u00a1Encargos abiertos! Pide tu ilustraci\u00f3n personalizada en estilo c\u00f3mic completamente al gusto. Hago personajes originales, fanart, retratos...","og_url":"https:\/\/www.pickchickbymec.com\/en\/ilustracion-personalizada-commissions\/","og_site_name":"Pick\u00b7Chick by Mec","article_modified_time":"2025-06-26T11:18:36+00:00","og_image":[{"width":800,"height":1000,"url":"https:\/\/www.pickchickbymec.com\/wp-content\/uploads\/2025\/06\/commissions-full.jpg","type":"image\/jpeg"}],"twitter_card":"summary_large_image","twitter_misc":{"Estimated reading time":"5 minutes"},"schema":{"@context":"https:\/\/schema.org","@graph":[{"@type":"WebPage","@id":"https:\/\/www.pickchickbymec.com\/ilustracion-personalizada-commissions\/","url":"https:\/\/www.pickchickbymec.com\/ilustracion-personalizada-commissions\/","name":"Ilustraci\u00f3n personalizada (commissions) - Pick\u00b7Chick by Mec","isPartOf":{"@id":"https:\/\/www.pickchickbymec.com\/#website"},"primaryImageOfPage":{"@id":"https:\/\/www.pickchickbymec.com\/ilustracion-personalizada-commissions\/#primaryimage"},"image":{"@id":"https:\/\/www.pickchickbymec.com\/ilustracion-personalizada-commissions\/#primaryimage"},"thumbnailUrl":"https:\/\/www.pickchickbymec.com\/wp-content\/uploads\/2025\/06\/commissions-full.jpg","datePublished":"2024-06-20T12:30:52+00:00","dateModified":"2025-06-26T11:18:36+00:00","description":"\u00a1Encargos abiertos! Pide tu ilustraci\u00f3n personalizada en estilo c\u00f3mic completamente al gusto. Hago personajes originales, fanart, retratos...","breadcrumb":{"@id":"https:\/\/www.pickchickbymec.com\/ilustracion-personalizada-commissions\/#breadcrumb"},"inLanguage":"en-GB","potentialAction":[{"@type":"ReadAction","target":["https:\/\/www.pickchickbymec.com\/ilustracion-personalizada-commissions\/"]}]},{"@type":"ImageObject","inLanguage":"en-GB","@id":"https:\/\/www.pickchickbymec.com\/ilustracion-personalizada-commissions\/#primaryimage","url":"https:\/\/www.pickchickbymec.com\/wp-content\/uploads\/2025\/06\/commissions-full.jpg","contentUrl":"https:\/\/www.pickchickbymec.com\/wp-content\/uploads\/2025\/06\/commissions-full.jpg","width":800,"height":1000,"caption":"retrato personalizado estilo c\u00f3mic manga"},{"@type":"BreadcrumbList","@id":"https:\/\/www.pickchickbymec.com\/ilustracion-personalizada-commissions\/#breadcrumb","itemListElement":[{"@type":"ListItem","position":1,"name":"Portada","item":"https:\/\/www.pickchickbymec.com\/"},{"@type":"ListItem","position":2,"name":"Ilustraci\u00f3n personalizada (commissions)"}]},{"@type":"WebSite","@id":"https:\/\/www.pickchickbymec.com\/#website","url":"https:\/\/www.pickchickbymec.com\/","name":"Pick-Chick by Mec","description":"kawaii illustrator and artisan","publisher":{"@id":"https:\/\/www.pickchickbymec.com\/#\/schema\/person\/189a1cea9c7f6704595062aabbbb38fe"},"potentialAction":[{"@type":"SearchAction","target":{"@type":"EntryPoint","urlTemplate":"https:\/\/www.pickchickbymec.com\/?s={search_term_string}"},"query-input":{"@type":"PropertyValueSpecification","valueRequired":true,"valueName":"search_term_string"}}],"inLanguage":"en-GB"},{"@type":["Person","Organization"],"@id":"https:\/\/www.pickchickbymec.com\/#\/schema\/person\/189a1cea9c7f6704595062aabbbb38fe","name":"pickchickbymec","image":{"@type":"ImageObject","inLanguage":"en-GB","@id":"https:\/\/secure.gravatar.com\/avatar\/0c13b11690ce1ad38e031b40cac436947d766b2585e3e81250e6cf60b0a3b61f?s=96&d=mm&r=g","url":"https:\/\/secure.gravatar.com\/avatar\/0c13b11690ce1ad38e031b40cac436947d766b2585e3e81250e6cf60b0a3b61f?s=96&d=mm&r=g","contentUrl":"https:\/\/secure.gravatar.com\/avatar\/0c13b11690ce1ad38e031b40cac436947d766b2585e3e81250e6cf60b0a3b61f?s=96&d=mm&r=g","caption":"pickchickbymec"},"logo":{"@id":"https:\/\/secure.gravatar.com\/avatar\/0c13b11690ce1ad38e031b40cac436947d766b2585e3e81250e6cf60b0a3b61f?s=96&d=mm&r=g"}}]}},"jetpack-related-posts":[],"jetpack_sharing_enabled":true,"_links":{"self":[{"href":"https:\/\/www.pickchickbymec.com\/en\/wp-json\/wp\/v2\/pages\/7880","targetHints":{"allow":["GET"]}}],"collection":[{"href":"https:\/\/www.pickchickbymec.com\/en\/wp-json\/wp\/v2\/pages"}],"about":[{"href":"https:\/\/www.pickchickbymec.com\/en\/wp-json\/wp\/v2\/types\/page"}],"author":[{"embeddable":true,"href":"https:\/\/www.pickchickbymec.com\/en\/wp-json\/wp\/v2\/users\/1"}],"replies":[{"embeddable":true,"href":"https:\/\/www.pickchickbymec.com\/en\/wp-json\/wp\/v2\/comments?post=7880"}],"version-history":[{"count":13,"href":"https:\/\/www.pickchickbymec.com\/en\/wp-json\/wp\/v2\/pages\/7880\/revisions"}],"predecessor-version":[{"id":8551,"href":"https:\/\/www.pickchickbymec.com\/en\/wp-json\/wp\/v2\/pages\/7880\/revisions\/8551"}],"wp:featuredmedia":[{"embeddable":true,"href":"https:\/\/www.pickchickbymec.com\/en\/wp-json\/wp\/v2\/media\/8537"}],"wp:attachment":[{"href":"https:\/\/www.pickchickbymec.com\/en\/wp-json\/wp\/v2\/media?parent=7880"}],"curies":[{"name":"wp","href":"https:\/\/api.w.org\/{rel}","templated":true}]}}