{"id":7885,"date":"2024-06-20T14:30:47","date_gmt":"2024-06-20T12:30:47","guid":{"rendered":"https:\/\/www.pickchickbymec.com\/?page_id=7885"},"modified":"2024-06-20T14:31:57","modified_gmt":"2024-06-20T12:31:57","slug":"peluches-personalizados","status":"publish","type":"page","link":"https:\/\/www.pickchickbymec.com\/en\/peluches-personalizados\/","title":{"rendered":"Personalised cuddly toys"},"content":{"rendered":"<p>Adem\u00e1s de ilustraciones en mi tienda puedes encontrar peluches. Si quieres encargar un mu\u00f1eco achuchable completamente al gusto este es tu sitio.<\/p>\n\n\n\n<ul class=\"wp-block-list\">\n<li>Puedo hacer tanto variaciones de los peluches que hay en la tienda como dise\u00f1os nuevos desde 0 completamente personalizados. <\/li>\n\n\n\n<li>Los basados en mis propios productos tendr\u00e1n por lo general el mismo precio que en la tienda (por ejemplo si encargas un Kiw-tie de otro color te costar\u00e1 lo mismo que los que tengo en stock).<\/li>\n\n\n\n<li>Para poder hacerte el presupuesto de un peluche completamente nuevo necesitar\u00e9 que me env\u00edes un email a pickchickshop@gmail.com indicando el dise\u00f1o que quieres (si es con fotos de referencia mejor) y el tama\u00f1o aproximado.<\/li>\n\n\n\n<li>Ten en cuenta que son mu\u00f1ecos hechos a mano, llevan muchas horas de trabajo, hay que dise\u00f1ar el patr\u00f3n desde 0 y a veces pedir materiales que tardan varios d\u00edas en llegar. Esto significa que el plazo de entrega puede demorarse hasta 1 mes o m\u00e1s seg\u00fan el caso, y el precio f\u00e1cilmente superar\u00e1 los 100\u20ac.<\/li>\n\n\n\n<li>Se trabajar\u00e1 a partir de bocetos y muestras en foto de los materiales. <\/li>\n\n\n\n<li>Se requiere el pago \u00edntegro por adelantado para pedir los materiales y empezar a trabajar.<\/li>\n<\/ul>\n\n\n\n<p>Pide presupuesto, resuelve cualquier duda o encarga tu peluche escribi\u00e9ndome por email a <a href=\"mailto:pickchickshop@gmail.com\">pickchickshop@gmail.com<\/a><\/p>\n\n\n\n<h3 class=\"wp-block-heading\">Algunos de los trabajos realizados<\/h3>\n\n\n\n<div class=\"wp-block-columns is-layout-flex wp-container-core-columns-is-layout-9d6595d7 wp-block-columns-is-layout-flex\">\n<div class=\"wp-block-column is-layout-flow wp-block-column-is-layout-flow\">\n<figure class=\"wp-block-image size-full\"><img loading=\"lazy\" decoding=\"async\" width=\"800\" height=\"800\" src=\"https:\/\/www.pickchickbymec.com\/wp-content\/uploads\/2024\/06\/17-enero.jpg\" alt=\"\" class=\"wp-image-7886\" srcset=\"https:\/\/www.pickchickbymec.com\/wp-content\/uploads\/2024\/06\/17-enero.jpg 800w, https:\/\/www.pickchickbymec.com\/wp-content\/uploads\/2024\/06\/17-enero-100x100.jpg 100w, https:\/\/www.pickchickbymec.com\/wp-content\/uploads\/2024\/06\/17-enero-600x600.jpg 600w, https:\/\/www.pickchickbymec.com\/wp-content\/uploads\/2024\/06\/17-enero-300x300.jpg 300w, https:\/\/www.pickchickbymec.com\/wp-content\/uploads\/2024\/06\/17-enero-150x150.jpg 150w, https:\/\/www.pickchickbymec.com\/wp-content\/uploads\/2024\/06\/17-enero-768x768.jpg 768w\" sizes=\"auto, (max-width: 800px) 100vw, 800px\" \/><\/figure>\n<\/div>\n\n\n\n<div class=\"wp-block-column is-layout-flow wp-block-column-is-layout-flow\">\n<figure class=\"wp-block-image size-full\"><img loading=\"lazy\" decoding=\"async\" width=\"800\" height=\"800\" src=\"https:\/\/www.pickchickbymec.com\/wp-content\/uploads\/2024\/06\/martes-7-insta-2.jpg\" alt=\"\" class=\"wp-image-7887\" srcset=\"https:\/\/www.pickchickbymec.com\/wp-content\/uploads\/2024\/06\/martes-7-insta-2.jpg 800w, https:\/\/www.pickchickbymec.com\/wp-content\/uploads\/2024\/06\/martes-7-insta-2-100x100.jpg 100w, https:\/\/www.pickchickbymec.com\/wp-content\/uploads\/2024\/06\/martes-7-insta-2-600x600.jpg 600w, https:\/\/www.pickchickbymec.com\/wp-content\/uploads\/2024\/06\/martes-7-insta-2-300x300.jpg 300w, https:\/\/www.pickchickbymec.com\/wp-content\/uploads\/2024\/06\/martes-7-insta-2-150x150.jpg 150w, https:\/\/www.pickchickbymec.com\/wp-content\/uploads\/2024\/06\/martes-7-insta-2-768x768.jpg 768w\" sizes=\"auto, (max-width: 800px) 100vw, 800px\" \/><\/figure>\n<\/div>\n\n\n\n<div class=\"wp-block-column is-layout-flow wp-block-column-is-layout-flow\">\n<figure class=\"wp-block-image size-full\"><img loading=\"lazy\" decoding=\"async\" width=\"600\" height=\"600\" src=\"https:\/\/www.pickchickbymec.com\/wp-content\/uploads\/2024\/06\/16-FEB-2.jpg\" alt=\"\" class=\"wp-image-7888\" srcset=\"https:\/\/www.pickchickbymec.com\/wp-content\/uploads\/2024\/06\/16-FEB-2.jpg 600w, https:\/\/www.pickchickbymec.com\/wp-content\/uploads\/2024\/06\/16-FEB-2-100x100.jpg 100w, https:\/\/www.pickchickbymec.com\/wp-content\/uploads\/2024\/06\/16-FEB-2-300x300.jpg 300w, https:\/\/www.pickchickbymec.com\/wp-content\/uploads\/2024\/06\/16-FEB-2-150x150.jpg 150w\" sizes=\"auto, (max-width: 600px) 100vw, 600px\" \/><\/figure>\n<\/div>\n<\/div>\n\n\n\n<div class=\"wp-block-columns is-layout-flex wp-container-core-columns-is-layout-9d6595d7 wp-block-columns-is-layout-flex\">\n<div class=\"wp-block-column is-layout-flow wp-block-column-is-layout-flow\">\n<figure class=\"wp-block-image size-full\"><img loading=\"lazy\" decoding=\"async\" width=\"533\" height=\"533\" src=\"https:\/\/www.pickchickbymec.com\/wp-content\/uploads\/2024\/06\/conejis3.jpg\" alt=\"\" class=\"wp-image-7889\" srcset=\"https:\/\/www.pickchickbymec.com\/wp-content\/uploads\/2024\/06\/conejis3.jpg 533w, https:\/\/www.pickchickbymec.com\/wp-content\/uploads\/2024\/06\/conejis3-100x100.jpg 100w, https:\/\/www.pickchickbymec.com\/wp-content\/uploads\/2024\/06\/conejis3-300x300.jpg 300w, https:\/\/www.pickchickbymec.com\/wp-content\/uploads\/2024\/06\/conejis3-150x150.jpg 150w\" sizes=\"auto, (max-width: 533px) 100vw, 533px\" \/><\/figure>\n<\/div>\n\n\n\n<div class=\"wp-block-column is-layout-flow wp-block-column-is-layout-flow\">\n<figure class=\"wp-block-image size-full\"><img loading=\"lazy\" decoding=\"async\" width=\"500\" height=\"500\" src=\"https:\/\/www.pickchickbymec.com\/wp-content\/uploads\/2024\/06\/muneca4.jpg\" alt=\"\" class=\"wp-image-7890\" srcset=\"https:\/\/www.pickchickbymec.com\/wp-content\/uploads\/2024\/06\/muneca4.jpg 500w, https:\/\/www.pickchickbymec.com\/wp-content\/uploads\/2024\/06\/muneca4-100x100.jpg 100w, https:\/\/www.pickchickbymec.com\/wp-content\/uploads\/2024\/06\/muneca4-300x300.jpg 300w, https:\/\/www.pickchickbymec.com\/wp-content\/uploads\/2024\/06\/muneca4-150x150.jpg 150w\" sizes=\"auto, (max-width: 500px) 100vw, 500px\" \/><\/figure>\n<\/div>\n\n\n\n<div class=\"wp-block-column is-layout-flow wp-block-column-is-layout-flow\">\n<figure class=\"wp-block-image size-full\"><img loading=\"lazy\" decoding=\"async\" width=\"600\" height=\"600\" src=\"https:\/\/www.pickchickbymec.com\/wp-content\/uploads\/2024\/06\/perrete1.jpg\" alt=\"\" class=\"wp-image-7891\" srcset=\"https:\/\/www.pickchickbymec.com\/wp-content\/uploads\/2024\/06\/perrete1.jpg 600w, https:\/\/www.pickchickbymec.com\/wp-content\/uploads\/2024\/06\/perrete1-100x100.jpg 100w, https:\/\/www.pickchickbymec.com\/wp-content\/uploads\/2024\/06\/perrete1-300x300.jpg 300w, https:\/\/www.pickchickbymec.com\/wp-content\/uploads\/2024\/06\/perrete1-150x150.jpg 150w\" sizes=\"auto, (max-width: 600px) 100vw, 600px\" \/><\/figure>\n<\/div>\n<\/div>\n\n\n\n<div class=\"wp-block-columns is-layout-flex wp-container-core-columns-is-layout-9d6595d7 wp-block-columns-is-layout-flex\">\n<div class=\"wp-block-column is-layout-flow wp-block-column-is-layout-flow\">\n<figure class=\"wp-block-image size-full\"><img loading=\"lazy\" decoding=\"async\" width=\"500\" height=\"500\" src=\"https:\/\/www.pickchickbymec.com\/wp-content\/uploads\/2024\/06\/palomas1.jpg\" alt=\"\" class=\"wp-image-7892\" srcset=\"https:\/\/www.pickchickbymec.com\/wp-content\/uploads\/2024\/06\/palomas1.jpg 500w, https:\/\/www.pickchickbymec.com\/wp-content\/uploads\/2024\/06\/palomas1-100x100.jpg 100w, https:\/\/www.pickchickbymec.com\/wp-content\/uploads\/2024\/06\/palomas1-300x300.jpg 300w, https:\/\/www.pickchickbymec.com\/wp-content\/uploads\/2024\/06\/palomas1-150x150.jpg 150w\" sizes=\"auto, (max-width: 500px) 100vw, 500px\" \/><\/figure>\n<\/div>\n\n\n\n<div class=\"wp-block-column is-layout-flow wp-block-column-is-layout-flow\">\n<figure class=\"wp-block-image size-large\"><img loading=\"lazy\" decoding=\"async\" width=\"1024\" height=\"1024\" src=\"https:\/\/www.pickchickbymec.com\/wp-content\/uploads\/2024\/06\/pelucheperson2-1024x1024.jpg\" alt=\"\" class=\"wp-image-7893\" srcset=\"https:\/\/www.pickchickbymec.com\/wp-content\/uploads\/2024\/06\/pelucheperson2-1024x1024.jpg 1024w, https:\/\/www.pickchickbymec.com\/wp-content\/uploads\/2024\/06\/pelucheperson2-100x100.jpg 100w, https:\/\/www.pickchickbymec.com\/wp-content\/uploads\/2024\/06\/pelucheperson2-600x600.jpg 600w, https:\/\/www.pickchickbymec.com\/wp-content\/uploads\/2024\/06\/pelucheperson2-300x300.jpg 300w, https:\/\/www.pickchickbymec.com\/wp-content\/uploads\/2024\/06\/pelucheperson2-150x150.jpg 150w, https:\/\/www.pickchickbymec.com\/wp-content\/uploads\/2024\/06\/pelucheperson2-768x768.jpg 768w, https:\/\/www.pickchickbymec.com\/wp-content\/uploads\/2024\/06\/pelucheperson2.jpg 1500w\" sizes=\"auto, (max-width: 1024px) 100vw, 1024px\" \/><\/figure>\n<\/div>\n\n\n\n<div class=\"wp-block-column is-layout-flow wp-block-column-is-layout-flow\">\n<figure class=\"wp-block-image size-large\"><img loading=\"lazy\" decoding=\"async\" width=\"1024\" height=\"1024\" src=\"https:\/\/www.pickchickbymec.com\/wp-content\/uploads\/2024\/06\/17-ENE-1-1024x1024.jpg\" alt=\"\" class=\"wp-image-7894\" srcset=\"https:\/\/www.pickchickbymec.com\/wp-content\/uploads\/2024\/06\/17-ENE-1-1024x1024.jpg 1024w, https:\/\/www.pickchickbymec.com\/wp-content\/uploads\/2024\/06\/17-ENE-1-100x100.jpg 100w, https:\/\/www.pickchickbymec.com\/wp-content\/uploads\/2024\/06\/17-ENE-1-600x600.jpg 600w, https:\/\/www.pickchickbymec.com\/wp-content\/uploads\/2024\/06\/17-ENE-1-300x300.jpg 300w, https:\/\/www.pickchickbymec.com\/wp-content\/uploads\/2024\/06\/17-ENE-1-150x150.jpg 150w, https:\/\/www.pickchickbymec.com\/wp-content\/uploads\/2024\/06\/17-ENE-1-768x768.jpg 768w, https:\/\/www.pickchickbymec.com\/wp-content\/uploads\/2024\/06\/17-ENE-1-1536x1536.jpg 1536w, https:\/\/www.pickchickbymec.com\/wp-content\/uploads\/2024\/06\/17-ENE-1.jpg 2000w\" sizes=\"auto, (max-width: 1024px) 100vw, 1024px\" \/><\/figure>\n<\/div>\n<\/div>","protected":false},"excerpt":{"rendered":"<p>Adem\u00e1s de ilustraciones en mi tienda puedes encontrar peluches. Si quieres encargar un mu\u00f1eco achuchable completamente al gusto este es tu sitio. Pide presupuesto, resuelve cualquier duda o encarga tu peluche escribi\u00e9ndome por email a pickchickshop@gmail.com Algunos de los trabajos realizados<\/p>","protected":false},"author":1,"featured_media":0,"parent":0,"menu_order":0,"comment_status":"closed","ping_status":"closed","template":"","meta":{"_monsterinsights_skip_tracking":false,"_monsterinsights_sitenote_active":false,"_monsterinsights_sitenote_note":"","_monsterinsights_sitenote_category":0,"footnotes":""},"class_list":["post-7885","page","type-page","status-publish","hentry"],"yoast_head":"<!-- This site is optimized with the Yoast SEO plugin v27.5 - https:\/\/yoast.com\/product\/yoast-seo-wordpress\/ -->\n<title>Peluches personalizados - Pick\u00b7Chick by Mec<\/title>\n<meta name=\"robots\" content=\"index, follow, max-snippet:-1, max-image-preview:large, max-video-preview:-1\" \/>\n<link rel=\"canonical\" href=\"https:\/\/www.pickchickbymec.com\/en\/encargos-personalizados__trashed\/peluches-personalizados\/\" \/>\n<meta property=\"og:locale\" content=\"en_GB\" \/>\n<meta property=\"og:type\" content=\"article\" \/>\n<meta property=\"og:title\" content=\"Peluches personalizados - Pick\u00b7Chick by Mec\" \/>\n<meta property=\"og:description\" content=\"Adem\u00e1s de ilustraciones en mi tienda puedes encontrar peluches. Si quieres encargar un mu\u00f1eco achuchable completamente al gusto este es tu sitio. Pide presupuesto, resuelve cualquier duda o encarga tu peluche escribi\u00e9ndome por email a pickchickshop@gmail.com Algunos de los trabajos realizados\" \/>\n<meta property=\"og:url\" content=\"https:\/\/www.pickchickbymec.com\/en\/encargos-personalizados__trashed\/peluches-personalizados\/\" \/>\n<meta property=\"og:site_name\" content=\"Pick\u00b7Chick by Mec\" \/>\n<meta property=\"article:modified_time\" content=\"2024-06-20T12:31:57+00:00\" \/>\n<meta property=\"og:image\" content=\"https:\/\/www.pickchickbymec.com\/wp-content\/uploads\/2024\/06\/17-enero.jpg\" \/>\n<meta name=\"twitter:card\" content=\"summary_large_image\" \/>\n<meta name=\"twitter:label1\" content=\"Estimated reading time\" \/>\n\t<meta name=\"twitter:data1\" content=\"3 minutes\" \/>\n<script type=\"application\/ld+json\" class=\"yoast-schema-graph\">{\"@context\":\"https:\\\/\\\/schema.org\",\"@graph\":[{\"@type\":\"WebPage\",\"@id\":\"https:\\\/\\\/www.pickchickbymec.com\\\/encargos-personalizados__trashed\\\/peluches-personalizados\\\/\",\"url\":\"https:\\\/\\\/www.pickchickbymec.com\\\/encargos-personalizados__trashed\\\/peluches-personalizados\\\/\",\"name\":\"Peluches personalizados - Pick\u00b7Chick by Mec\",\"isPartOf\":{\"@id\":\"https:\\\/\\\/www.pickchickbymec.com\\\/#website\"},\"primaryImageOfPage\":{\"@id\":\"https:\\\/\\\/www.pickchickbymec.com\\\/encargos-personalizados__trashed\\\/peluches-personalizados\\\/#primaryimage\"},\"image\":{\"@id\":\"https:\\\/\\\/www.pickchickbymec.com\\\/encargos-personalizados__trashed\\\/peluches-personalizados\\\/#primaryimage\"},\"thumbnailUrl\":\"https:\\\/\\\/www.pickchickbymec.com\\\/wp-content\\\/uploads\\\/2024\\\/06\\\/17-enero.jpg\",\"datePublished\":\"2024-06-20T12:30:47+00:00\",\"dateModified\":\"2024-06-20T12:31:57+00:00\",\"breadcrumb\":{\"@id\":\"https:\\\/\\\/www.pickchickbymec.com\\\/encargos-personalizados__trashed\\\/peluches-personalizados\\\/#breadcrumb\"},\"inLanguage\":\"en-GB\",\"potentialAction\":[{\"@type\":\"ReadAction\",\"target\":[\"https:\\\/\\\/www.pickchickbymec.com\\\/encargos-personalizados__trashed\\\/peluches-personalizados\\\/\"]}]},{\"@type\":\"ImageObject\",\"inLanguage\":\"en-GB\",\"@id\":\"https:\\\/\\\/www.pickchickbymec.com\\\/encargos-personalizados__trashed\\\/peluches-personalizados\\\/#primaryimage\",\"url\":\"https:\\\/\\\/www.pickchickbymec.com\\\/wp-content\\\/uploads\\\/2024\\\/06\\\/17-enero.jpg\",\"contentUrl\":\"https:\\\/\\\/www.pickchickbymec.com\\\/wp-content\\\/uploads\\\/2024\\\/06\\\/17-enero.jpg\"},{\"@type\":\"BreadcrumbList\",\"@id\":\"https:\\\/\\\/www.pickchickbymec.com\\\/encargos-personalizados__trashed\\\/peluches-personalizados\\\/#breadcrumb\",\"itemListElement\":[{\"@type\":\"ListItem\",\"position\":1,\"name\":\"Portada\",\"item\":\"https:\\\/\\\/www.pickchickbymec.com\\\/\"},{\"@type\":\"ListItem\",\"position\":2,\"name\":\"Peluches personalizados\"}]},{\"@type\":\"WebSite\",\"@id\":\"https:\\\/\\\/www.pickchickbymec.com\\\/#website\",\"url\":\"https:\\\/\\\/www.pickchickbymec.com\\\/\",\"name\":\"Pick\u00b7Chick by Mec\",\"description\":\"kawaii illustrator and artisan\",\"publisher\":{\"@id\":\"https:\\\/\\\/www.pickchickbymec.com\\\/#\\\/schema\\\/person\\\/189a1cea9c7f6704595062aabbbb38fe\"},\"potentialAction\":[{\"@type\":\"SearchAction\",\"target\":{\"@type\":\"EntryPoint\",\"urlTemplate\":\"https:\\\/\\\/www.pickchickbymec.com\\\/?s={search_term_string}\"},\"query-input\":{\"@type\":\"PropertyValueSpecification\",\"valueRequired\":true,\"valueName\":\"search_term_string\"}}],\"inLanguage\":\"en-GB\"},{\"@type\":[\"Person\",\"Organization\"],\"@id\":\"https:\\\/\\\/www.pickchickbymec.com\\\/#\\\/schema\\\/person\\\/189a1cea9c7f6704595062aabbbb38fe\",\"name\":\"pickchickbymec\",\"image\":{\"@type\":\"ImageObject\",\"inLanguage\":\"en-GB\",\"@id\":\"https:\\\/\\\/secure.gravatar.com\\\/avatar\\\/0c13b11690ce1ad38e031b40cac436947d766b2585e3e81250e6cf60b0a3b61f?s=96&d=mm&r=g\",\"url\":\"https:\\\/\\\/secure.gravatar.com\\\/avatar\\\/0c13b11690ce1ad38e031b40cac436947d766b2585e3e81250e6cf60b0a3b61f?s=96&d=mm&r=g\",\"contentUrl\":\"https:\\\/\\\/secure.gravatar.com\\\/avatar\\\/0c13b11690ce1ad38e031b40cac436947d766b2585e3e81250e6cf60b0a3b61f?s=96&d=mm&r=g\",\"caption\":\"pickchickbymec\"},\"logo\":{\"@id\":\"https:\\\/\\\/secure.gravatar.com\\\/avatar\\\/0c13b11690ce1ad38e031b40cac436947d766b2585e3e81250e6cf60b0a3b61f?s=96&d=mm&r=g\"}}]}<\/script>\n<!-- \/ Yoast SEO plugin. -->","yoast_head_json":{"title":"Peluches personalizados - Pick\u00b7Chick by Mec","robots":{"index":"index","follow":"follow","max-snippet":"max-snippet:-1","max-image-preview":"max-image-preview:large","max-video-preview":"max-video-preview:-1"},"canonical":"https:\/\/www.pickchickbymec.com\/en\/encargos-personalizados__trashed\/peluches-personalizados\/","og_locale":"en_GB","og_type":"article","og_title":"Peluches personalizados - Pick\u00b7Chick by Mec","og_description":"Adem\u00e1s de ilustraciones en mi tienda puedes encontrar peluches. Si quieres encargar un mu\u00f1eco achuchable completamente al gusto este es tu sitio. Pide presupuesto, resuelve cualquier duda o encarga tu peluche escribi\u00e9ndome por email a pickchickshop@gmail.com Algunos de los trabajos realizados","og_url":"https:\/\/www.pickchickbymec.com\/en\/encargos-personalizados__trashed\/peluches-personalizados\/","og_site_name":"Pick\u00b7Chick by Mec","article_modified_time":"2024-06-20T12:31:57+00:00","og_image":[{"url":"https:\/\/www.pickchickbymec.com\/wp-content\/uploads\/2024\/06\/17-enero.jpg","type":"","width":"","height":""}],"twitter_card":"summary_large_image","twitter_misc":{"Estimated reading time":"3 minutes"},"schema":{"@context":"https:\/\/schema.org","@graph":[{"@type":"WebPage","@id":"https:\/\/www.pickchickbymec.com\/encargos-personalizados__trashed\/peluches-personalizados\/","url":"https:\/\/www.pickchickbymec.com\/encargos-personalizados__trashed\/peluches-personalizados\/","name":"Peluches personalizados - Pick\u00b7Chick by Mec","isPartOf":{"@id":"https:\/\/www.pickchickbymec.com\/#website"},"primaryImageOfPage":{"@id":"https:\/\/www.pickchickbymec.com\/encargos-personalizados__trashed\/peluches-personalizados\/#primaryimage"},"image":{"@id":"https:\/\/www.pickchickbymec.com\/encargos-personalizados__trashed\/peluches-personalizados\/#primaryimage"},"thumbnailUrl":"https:\/\/www.pickchickbymec.com\/wp-content\/uploads\/2024\/06\/17-enero.jpg","datePublished":"2024-06-20T12:30:47+00:00","dateModified":"2024-06-20T12:31:57+00:00","breadcrumb":{"@id":"https:\/\/www.pickchickbymec.com\/encargos-personalizados__trashed\/peluches-personalizados\/#breadcrumb"},"inLanguage":"en-GB","potentialAction":[{"@type":"ReadAction","target":["https:\/\/www.pickchickbymec.com\/encargos-personalizados__trashed\/peluches-personalizados\/"]}]},{"@type":"ImageObject","inLanguage":"en-GB","@id":"https:\/\/www.pickchickbymec.com\/encargos-personalizados__trashed\/peluches-personalizados\/#primaryimage","url":"https:\/\/www.pickchickbymec.com\/wp-content\/uploads\/2024\/06\/17-enero.jpg","contentUrl":"https:\/\/www.pickchickbymec.com\/wp-content\/uploads\/2024\/06\/17-enero.jpg"},{"@type":"BreadcrumbList","@id":"https:\/\/www.pickchickbymec.com\/encargos-personalizados__trashed\/peluches-personalizados\/#breadcrumb","itemListElement":[{"@type":"ListItem","position":1,"name":"Portada","item":"https:\/\/www.pickchickbymec.com\/"},{"@type":"ListItem","position":2,"name":"Peluches personalizados"}]},{"@type":"WebSite","@id":"https:\/\/www.pickchickbymec.com\/#website","url":"https:\/\/www.pickchickbymec.com\/","name":"Pick-Chick by Mec","description":"kawaii illustrator and artisan","publisher":{"@id":"https:\/\/www.pickchickbymec.com\/#\/schema\/person\/189a1cea9c7f6704595062aabbbb38fe"},"potentialAction":[{"@type":"SearchAction","target":{"@type":"EntryPoint","urlTemplate":"https:\/\/www.pickchickbymec.com\/?s={search_term_string}"},"query-input":{"@type":"PropertyValueSpecification","valueRequired":true,"valueName":"search_term_string"}}],"inLanguage":"en-GB"},{"@type":["Person","Organization"],"@id":"https:\/\/www.pickchickbymec.com\/#\/schema\/person\/189a1cea9c7f6704595062aabbbb38fe","name":"pickchickbymec","image":{"@type":"ImageObject","inLanguage":"en-GB","@id":"https:\/\/secure.gravatar.com\/avatar\/0c13b11690ce1ad38e031b40cac436947d766b2585e3e81250e6cf60b0a3b61f?s=96&d=mm&r=g","url":"https:\/\/secure.gravatar.com\/avatar\/0c13b11690ce1ad38e031b40cac436947d766b2585e3e81250e6cf60b0a3b61f?s=96&d=mm&r=g","contentUrl":"https:\/\/secure.gravatar.com\/avatar\/0c13b11690ce1ad38e031b40cac436947d766b2585e3e81250e6cf60b0a3b61f?s=96&d=mm&r=g","caption":"pickchickbymec"},"logo":{"@id":"https:\/\/secure.gravatar.com\/avatar\/0c13b11690ce1ad38e031b40cac436947d766b2585e3e81250e6cf60b0a3b61f?s=96&d=mm&r=g"}}]}},"jetpack-related-posts":[],"jetpack_sharing_enabled":true,"_links":{"self":[{"href":"https:\/\/www.pickchickbymec.com\/en\/wp-json\/wp\/v2\/pages\/7885","targetHints":{"allow":["GET"]}}],"collection":[{"href":"https:\/\/www.pickchickbymec.com\/en\/wp-json\/wp\/v2\/pages"}],"about":[{"href":"https:\/\/www.pickchickbymec.com\/en\/wp-json\/wp\/v2\/types\/page"}],"author":[{"embeddable":true,"href":"https:\/\/www.pickchickbymec.com\/en\/wp-json\/wp\/v2\/users\/1"}],"replies":[{"embeddable":true,"href":"https:\/\/www.pickchickbymec.com\/en\/wp-json\/wp\/v2\/comments?post=7885"}],"version-history":[{"count":1,"href":"https:\/\/www.pickchickbymec.com\/en\/wp-json\/wp\/v2\/pages\/7885\/revisions"}],"predecessor-version":[{"id":7895,"href":"https:\/\/www.pickchickbymec.com\/en\/wp-json\/wp\/v2\/pages\/7885\/revisions\/7895"}],"wp:attachment":[{"href":"https:\/\/www.pickchickbymec.com\/en\/wp-json\/wp\/v2\/media?parent=7885"}],"curies":[{"name":"wp","href":"https:\/\/api.w.org\/{rel}","templated":true}]}}