{"id":2035,"date":"2021-02-02T13:56:10","date_gmt":"2021-02-02T12:56:10","guid":{"rendered":"http:\/\/www.pickchickbymec.es.mialias.net\/?post_type=product&#038;p=2035"},"modified":"2025-09-03T22:55:53","modified_gmt":"2025-09-03T20:55:53","slug":"peluche-mini-pollofrutas","status":"publish","type":"product","link":"https:\/\/www.pickchickbymec.com\/en\/product\/peluche-mini-pollofrutas\/","title":{"rendered":"Mini peluche Pollofrutas hecho a mano, varios modelos disponibles."},"content":{"rendered":"<p>Peluche en miniatura s\u00faper kawaii de nuestros personajes originales Pollofrutas. Hay varios modelos disponibles, inspirados en los queridos Pollito Lim\u00f3n, Cherrybird y Mangoporni. Junto a Watermelowl son los miembros de la familia de los Pollofrutas, seres mitad ave mitad fruta muy populares entre los seguidores de la marca m\u00e1s veteranos. De hecho Pollito Lim\u00f3n fue el primer personaje despu\u00e9s de Chiripioque cre\u00e9 especialmente para Pick\u00b7Chick hace ya m\u00e1s de 10 a\u00f1os. Esta versi\u00f3n en peluche los muestra muy chiquitines y adorables, y son ideales para decorar cualquier rinc\u00f3n y darle un toque cute y alegre. Aunque si lo deseas puedes encargar que le a\u00f1adamos una argolla para usarlo de llavero y llevarlo siempre contigo.<\/p>\n<p><strong>Mini peluche Pollofrutas. Especificaciones:<\/strong><\/p>\n<ul>\n<li><span style=\"font-weight: 400;\">Medidas 5 cm aprox<\/span><\/li>\n<li>Realizado en tela de pelo con detalles en fieltro<\/li>\n<li>Pico de arcilla polim\u00e9rica<\/li>\n<li>Ojos de peluche<\/li>\n<li>Disponibles varios modelos, se venden por separado<\/li>\n<\/ul>\n<p><span style=\"font-weight: 400;\">Este producto se env\u00eda por correo certificado con n\u00famero de seguimiento.<\/span><\/p>\n<p><span style=\"font-weight: 400;\">Echa un vistazo al resto de <a href=\"https:\/\/www.pickchickbymec.com\/en\/product-tag\/personajes-originales\/\">productos de mi tienda inspirados en personajes originales<\/a> y ahorra al combinar los env\u00edos pidiendo m\u00e1s de un producto. <\/span><\/p>\n<p><span style=\"font-weight: 400;\">Si quieres enterarte de todas las novedades y ver fotos del proceso de los nuevos productos s\u00edgueme en <a href=\"https:\/\/twitter.com\/pickchickbymec\">Twitter<\/a> e <a href=\"https:\/\/www.instagram.com\/pickchickbymec\/\">Instagram<\/a>.<\/span><\/p>","protected":false},"excerpt":{"rendered":"<p>Mini peluche de Pollofrutas. Hecho a mano, varios modelos disponibles.<\/p>","protected":false},"featured_media":7661,"comment_status":"open","ping_status":"closed","template":"","meta":{"_monsterinsights_skip_tracking":false,"_monsterinsights_sitenote_active":false,"_monsterinsights_sitenote_note":"","_monsterinsights_sitenote_category":0},"product_brand":[],"product_cat":[17],"product_tag":[308,312,399,513,304,357],"class_list":{"0":"post-2035","1":"product","2":"type-product","3":"status-publish","4":"has-post-thumbnail","6":"product_cat-peluches","7":"product_tag-cherrybird","8":"product_tag-mangoporni","9":"product_tag-peluches","10":"product_tag-personajes-originales","11":"product_tag-pollito-limon","12":"product_tag-pollofrutas","13":"product_shipping_class-b-certificado-ligero","15":"first","16":"instock","17":"taxable","18":"shipping-taxable","19":"purchasable","20":"product-type-variable"},"yoast_head":"<!-- This site is optimized with the Yoast SEO plugin v27.4 - https:\/\/yoast.com\/product\/yoast-seo-wordpress\/ -->\n<title>Peluche Pollofrutas miniatura, hecho a mano | Pick\u00b7Chick by Mec<\/title>\n<meta name=\"description\" content=\"Versi\u00f3n en mini peluche de nuestros personajes Pollofrutas. Hecho a mano, puedes escoger entre Pollito Lim\u00f3n, Cherrybird y Mangoporni. Hechos a mano.\" \/>\n<meta name=\"robots\" content=\"index, follow, max-snippet:-1, max-image-preview:large, max-video-preview:-1\" \/>\n<link rel=\"canonical\" href=\"https:\/\/www.pickchickbymec.com\/en\/product\/peluche-mini-pollofrutas\/\" \/>\n<meta property=\"og:locale\" content=\"en_GB\" \/>\n<meta property=\"og:type\" content=\"article\" \/>\n<meta property=\"og:title\" content=\"Peluche Pollofrutas miniatura, hecho a mano | Pick\u00b7Chick by Mec\" \/>\n<meta property=\"og:description\" content=\"Versi\u00f3n en mini peluche de nuestros personajes Pollofrutas. Hecho a mano, puedes escoger entre Pollito Lim\u00f3n, Cherrybird y Mangoporni. Hechos a mano.\" \/>\n<meta property=\"og:url\" content=\"https:\/\/www.pickchickbymec.com\/en\/product\/peluche-mini-pollofrutas\/\" \/>\n<meta property=\"og:site_name\" content=\"Pick\u00b7Chick by Mec\" \/>\n<meta property=\"article:modified_time\" content=\"2025-09-03T20:55:53+00:00\" \/>\n<meta property=\"og:image\" content=\"https:\/\/www.pickchickbymec.com\/wp-content\/uploads\/2021\/02\/Pollofrutas-1.jpg\" \/>\n\t<meta property=\"og:image:width\" content=\"2000\" \/>\n\t<meta property=\"og:image:height\" content=\"2000\" \/>\n\t<meta property=\"og:image:type\" content=\"image\/jpeg\" \/>\n<meta name=\"twitter:card\" content=\"summary_large_image\" \/>\n<meta name=\"twitter:label1\" content=\"Estimated reading time\" \/>\n\t<meta name=\"twitter:data1\" content=\"2 minutes\" \/>\n<script type=\"application\/ld+json\" class=\"yoast-schema-graph\">{\"@context\":\"https:\\\/\\\/schema.org\",\"@graph\":[{\"@type\":\"WebPage\",\"@id\":\"https:\\\/\\\/www.pickchickbymec.com\\\/producto\\\/peluche-mini-pollofrutas\\\/\",\"url\":\"https:\\\/\\\/www.pickchickbymec.com\\\/producto\\\/peluche-mini-pollofrutas\\\/\",\"name\":\"Peluche Pollofrutas miniatura, hecho a mano | Pick\u00b7Chick by Mec\",\"isPartOf\":{\"@id\":\"https:\\\/\\\/www.pickchickbymec.com\\\/#website\"},\"primaryImageOfPage\":{\"@id\":\"https:\\\/\\\/www.pickchickbymec.com\\\/producto\\\/peluche-mini-pollofrutas\\\/#primaryimage\"},\"image\":{\"@id\":\"https:\\\/\\\/www.pickchickbymec.com\\\/producto\\\/peluche-mini-pollofrutas\\\/#primaryimage\"},\"thumbnailUrl\":\"https:\\\/\\\/www.pickchickbymec.com\\\/wp-content\\\/uploads\\\/2021\\\/02\\\/Pollofrutas-1.jpg\",\"datePublished\":\"2021-02-02T12:56:10+00:00\",\"dateModified\":\"2025-09-03T20:55:53+00:00\",\"description\":\"Versi\u00f3n en mini peluche de nuestros personajes Pollofrutas. Hecho a mano, puedes escoger entre Pollito Lim\u00f3n, Cherrybird y Mangoporni. Hechos a mano.\",\"breadcrumb\":{\"@id\":\"https:\\\/\\\/www.pickchickbymec.com\\\/producto\\\/peluche-mini-pollofrutas\\\/#breadcrumb\"},\"inLanguage\":\"en-GB\",\"potentialAction\":[{\"@type\":\"ReadAction\",\"target\":[\"https:\\\/\\\/www.pickchickbymec.com\\\/producto\\\/peluche-mini-pollofrutas\\\/\"]}]},{\"@type\":\"ImageObject\",\"inLanguage\":\"en-GB\",\"@id\":\"https:\\\/\\\/www.pickchickbymec.com\\\/producto\\\/peluche-mini-pollofrutas\\\/#primaryimage\",\"url\":\"https:\\\/\\\/www.pickchickbymec.com\\\/wp-content\\\/uploads\\\/2021\\\/02\\\/Pollofrutas-1.jpg\",\"contentUrl\":\"https:\\\/\\\/www.pickchickbymec.com\\\/wp-content\\\/uploads\\\/2021\\\/02\\\/Pollofrutas-1.jpg\",\"width\":2000,\"height\":2000,\"caption\":\"Peluche pollofrutas\"},{\"@type\":\"BreadcrumbList\",\"@id\":\"https:\\\/\\\/www.pickchickbymec.com\\\/producto\\\/peluche-mini-pollofrutas\\\/#breadcrumb\",\"itemListElement\":[{\"@type\":\"ListItem\",\"position\":1,\"name\":\"Portada\",\"item\":\"https:\\\/\\\/www.pickchickbymec.com\\\/\"},{\"@type\":\"ListItem\",\"position\":2,\"name\":\"Tienda\",\"item\":\"https:\\\/\\\/www.pickchickbymec.com\\\/tienda\\\/\"},{\"@type\":\"ListItem\",\"position\":3,\"name\":\"Mini peluche Pollofrutas hecho a mano, varios modelos disponibles.\"}]},{\"@type\":\"WebSite\",\"@id\":\"https:\\\/\\\/www.pickchickbymec.com\\\/#website\",\"url\":\"https:\\\/\\\/www.pickchickbymec.com\\\/\",\"name\":\"Pick\u00b7Chick by Mec\",\"description\":\"kawaii illustrator and artisan\",\"publisher\":{\"@id\":\"https:\\\/\\\/www.pickchickbymec.com\\\/#\\\/schema\\\/person\\\/189a1cea9c7f6704595062aabbbb38fe\"},\"potentialAction\":[{\"@type\":\"SearchAction\",\"target\":{\"@type\":\"EntryPoint\",\"urlTemplate\":\"https:\\\/\\\/www.pickchickbymec.com\\\/?s={search_term_string}\"},\"query-input\":{\"@type\":\"PropertyValueSpecification\",\"valueRequired\":true,\"valueName\":\"search_term_string\"}}],\"inLanguage\":\"en-GB\"},{\"@type\":[\"Person\",\"Organization\"],\"@id\":\"https:\\\/\\\/www.pickchickbymec.com\\\/#\\\/schema\\\/person\\\/189a1cea9c7f6704595062aabbbb38fe\",\"name\":\"pickchickbymec\",\"image\":{\"@type\":\"ImageObject\",\"inLanguage\":\"en-GB\",\"@id\":\"https:\\\/\\\/secure.gravatar.com\\\/avatar\\\/0c13b11690ce1ad38e031b40cac436947d766b2585e3e81250e6cf60b0a3b61f?s=96&d=mm&r=g\",\"url\":\"https:\\\/\\\/secure.gravatar.com\\\/avatar\\\/0c13b11690ce1ad38e031b40cac436947d766b2585e3e81250e6cf60b0a3b61f?s=96&d=mm&r=g\",\"contentUrl\":\"https:\\\/\\\/secure.gravatar.com\\\/avatar\\\/0c13b11690ce1ad38e031b40cac436947d766b2585e3e81250e6cf60b0a3b61f?s=96&d=mm&r=g\",\"caption\":\"pickchickbymec\"},\"logo\":{\"@id\":\"https:\\\/\\\/secure.gravatar.com\\\/avatar\\\/0c13b11690ce1ad38e031b40cac436947d766b2585e3e81250e6cf60b0a3b61f?s=96&d=mm&r=g\"}}]}<\/script>\n<!-- \/ Yoast SEO plugin. -->","yoast_head_json":{"title":"Peluche Pollofrutas miniatura, hecho a mano | Pick\u00b7Chick by Mec","description":"Versi\u00f3n en mini peluche de nuestros personajes Pollofrutas. Hecho a mano, puedes escoger entre Pollito Lim\u00f3n, Cherrybird y Mangoporni. Hechos a mano.","robots":{"index":"index","follow":"follow","max-snippet":"max-snippet:-1","max-image-preview":"max-image-preview:large","max-video-preview":"max-video-preview:-1"},"canonical":"https:\/\/www.pickchickbymec.com\/en\/product\/peluche-mini-pollofrutas\/","og_locale":"en_GB","og_type":"article","og_title":"Peluche Pollofrutas miniatura, hecho a mano | Pick\u00b7Chick by Mec","og_description":"Versi\u00f3n en mini peluche de nuestros personajes Pollofrutas. Hecho a mano, puedes escoger entre Pollito Lim\u00f3n, Cherrybird y Mangoporni. Hechos a mano.","og_url":"https:\/\/www.pickchickbymec.com\/en\/product\/peluche-mini-pollofrutas\/","og_site_name":"Pick\u00b7Chick by Mec","article_modified_time":"2025-09-03T20:55:53+00:00","og_image":[{"width":2000,"height":2000,"url":"https:\/\/www.pickchickbymec.com\/wp-content\/uploads\/2021\/02\/Pollofrutas-1.jpg","type":"image\/jpeg"}],"twitter_card":"summary_large_image","twitter_misc":{"Estimated reading time":"2 minutes"},"schema":{"@context":"https:\/\/schema.org","@graph":[{"@type":"WebPage","@id":"https:\/\/www.pickchickbymec.com\/producto\/peluche-mini-pollofrutas\/","url":"https:\/\/www.pickchickbymec.com\/producto\/peluche-mini-pollofrutas\/","name":"Peluche Pollofrutas miniatura, hecho a mano | Pick\u00b7Chick by Mec","isPartOf":{"@id":"https:\/\/www.pickchickbymec.com\/#website"},"primaryImageOfPage":{"@id":"https:\/\/www.pickchickbymec.com\/producto\/peluche-mini-pollofrutas\/#primaryimage"},"image":{"@id":"https:\/\/www.pickchickbymec.com\/producto\/peluche-mini-pollofrutas\/#primaryimage"},"thumbnailUrl":"https:\/\/www.pickchickbymec.com\/wp-content\/uploads\/2021\/02\/Pollofrutas-1.jpg","datePublished":"2021-02-02T12:56:10+00:00","dateModified":"2025-09-03T20:55:53+00:00","description":"Versi\u00f3n en mini peluche de nuestros personajes Pollofrutas. Hecho a mano, puedes escoger entre Pollito Lim\u00f3n, Cherrybird y Mangoporni. Hechos a mano.","breadcrumb":{"@id":"https:\/\/www.pickchickbymec.com\/producto\/peluche-mini-pollofrutas\/#breadcrumb"},"inLanguage":"en-GB","potentialAction":[{"@type":"ReadAction","target":["https:\/\/www.pickchickbymec.com\/producto\/peluche-mini-pollofrutas\/"]}]},{"@type":"ImageObject","inLanguage":"en-GB","@id":"https:\/\/www.pickchickbymec.com\/producto\/peluche-mini-pollofrutas\/#primaryimage","url":"https:\/\/www.pickchickbymec.com\/wp-content\/uploads\/2021\/02\/Pollofrutas-1.jpg","contentUrl":"https:\/\/www.pickchickbymec.com\/wp-content\/uploads\/2021\/02\/Pollofrutas-1.jpg","width":2000,"height":2000,"caption":"Peluche pollofrutas"},{"@type":"BreadcrumbList","@id":"https:\/\/www.pickchickbymec.com\/producto\/peluche-mini-pollofrutas\/#breadcrumb","itemListElement":[{"@type":"ListItem","position":1,"name":"Portada","item":"https:\/\/www.pickchickbymec.com\/"},{"@type":"ListItem","position":2,"name":"Tienda","item":"https:\/\/www.pickchickbymec.com\/tienda\/"},{"@type":"ListItem","position":3,"name":"Mini peluche Pollofrutas hecho a mano, varios modelos disponibles."}]},{"@type":"WebSite","@id":"https:\/\/www.pickchickbymec.com\/#website","url":"https:\/\/www.pickchickbymec.com\/","name":"Pick-Chick by Mec","description":"kawaii illustrator and artisan","publisher":{"@id":"https:\/\/www.pickchickbymec.com\/#\/schema\/person\/189a1cea9c7f6704595062aabbbb38fe"},"potentialAction":[{"@type":"SearchAction","target":{"@type":"EntryPoint","urlTemplate":"https:\/\/www.pickchickbymec.com\/?s={search_term_string}"},"query-input":{"@type":"PropertyValueSpecification","valueRequired":true,"valueName":"search_term_string"}}],"inLanguage":"en-GB"},{"@type":["Person","Organization"],"@id":"https:\/\/www.pickchickbymec.com\/#\/schema\/person\/189a1cea9c7f6704595062aabbbb38fe","name":"pickchickbymec","image":{"@type":"ImageObject","inLanguage":"en-GB","@id":"https:\/\/secure.gravatar.com\/avatar\/0c13b11690ce1ad38e031b40cac436947d766b2585e3e81250e6cf60b0a3b61f?s=96&d=mm&r=g","url":"https:\/\/secure.gravatar.com\/avatar\/0c13b11690ce1ad38e031b40cac436947d766b2585e3e81250e6cf60b0a3b61f?s=96&d=mm&r=g","contentUrl":"https:\/\/secure.gravatar.com\/avatar\/0c13b11690ce1ad38e031b40cac436947d766b2585e3e81250e6cf60b0a3b61f?s=96&d=mm&r=g","caption":"pickchickbymec"},"logo":{"@id":"https:\/\/secure.gravatar.com\/avatar\/0c13b11690ce1ad38e031b40cac436947d766b2585e3e81250e6cf60b0a3b61f?s=96&d=mm&r=g"}}]}},"jetpack-related-posts":[],"jetpack_sharing_enabled":true,"_links":{"self":[{"href":"https:\/\/www.pickchickbymec.com\/en\/wp-json\/wp\/v2\/product\/2035","targetHints":{"allow":["GET"]}}],"collection":[{"href":"https:\/\/www.pickchickbymec.com\/en\/wp-json\/wp\/v2\/product"}],"about":[{"href":"https:\/\/www.pickchickbymec.com\/en\/wp-json\/wp\/v2\/types\/product"}],"replies":[{"embeddable":true,"href":"https:\/\/www.pickchickbymec.com\/en\/wp-json\/wp\/v2\/comments?post=2035"}],"wp:featuredmedia":[{"embeddable":true,"href":"https:\/\/www.pickchickbymec.com\/en\/wp-json\/wp\/v2\/media\/7661"}],"wp:attachment":[{"href":"https:\/\/www.pickchickbymec.com\/en\/wp-json\/wp\/v2\/media?parent=2035"}],"wp:term":[{"taxonomy":"product_brand","embeddable":true,"href":"https:\/\/www.pickchickbymec.com\/en\/wp-json\/wp\/v2\/product_brand?post=2035"},{"taxonomy":"product_cat","embeddable":true,"href":"https:\/\/www.pickchickbymec.com\/en\/wp-json\/wp\/v2\/product_cat?post=2035"},{"taxonomy":"product_tag","embeddable":true,"href":"https:\/\/www.pickchickbymec.com\/en\/wp-json\/wp\/v2\/product_tag?post=2035"}],"curies":[{"name":"wp","href":"https:\/\/api.w.org\/{rel}","templated":true}]}}