{"id":2266,"date":"2021-02-16T17:04:09","date_gmt":"2021-02-16T16:04:09","guid":{"rendered":"http:\/\/www.pickchickbymec.es.mialias.net\/?post_type=product&#038;p=2266"},"modified":"2024-06-14T17:01:00","modified_gmt":"2024-06-14T15:01:00","slug":"totebag-nekoi-negro","status":"publish","type":"product","link":"https:\/\/www.pickchickbymec.com\/en\/product\/totebag-nekoi-negro\/","title":{"rendered":"Totebag Nekoi negro"},"content":{"rendered":"<p><strong>ATENCI\u00d3N: <\/strong>Este producto est\u00e1 en liquidaci\u00f3n. Una vez se vendan las unidades que nos quedan no produciremos m\u00e1s, as\u00ed que no dudes en hacerte con \u00e9l antes de que desaparezca de la tienda para siempre.<\/p>\n<p>Totebag completamente cosida a mano con un estampado con nuestro peque\u00f1o Nekoi como protagonista. Este modelo est\u00e1 <span style=\"font-weight: 400;\">inspirado en las telas de kimono japonesas y los gatos tuxedo, y est\u00e1 dise\u00f1ada en tonos negro y rojo para darle un toque mucho m\u00e1s elegante y discreto, pero sin dejar de ser kawaii. <\/span> <span style=\"font-weight: 400;\">Lleva doble costura y acabado en zigzag, lo que la convierte en una totebag especialmente resistente al peso, y sus asas de loneta con grosor la hacen muy c\u00f3moda de transportar (no se arrugan tan facilmente y no se clavan tanto en el hombro).<\/span><\/p>\n<p><strong>Totebag Nekoi negro. Especificaciones:<\/strong><\/p>\n<ul>\n<li>Parte delantera hecha con loneta impresa de buena calidad<\/li>\n<li>Parte trasera y asas hechas en loneta<\/li>\n<li>Doble costura + punto zigzag<\/li>\n<li>Medidas bolsa: 34 x 40 cm<\/li>\n<li>Largo del asa: 70 cm<\/li>\n<li>HECHA A MANO<\/li>\n<\/ul>\n<p>Este producto se env\u00eda por correo certificado con n\u00famero de seguimiento.<\/p>\n<p><span style=\"font-weight: 400;\">Echa un vistazo al resto de productos <a href=\"https:\/\/www.pickchickbymec.com\/en\/product-tag\/nekoi\/\">inspirados en nuestro Nekoi\u00a0<\/a>que hay en mi tienda y ahorra al combinar los env\u00edos pidiendo m\u00e1s de un producto. <\/span><\/p>\n<p><span style=\"font-weight: 400;\">Si quieres enterarte de todas las novedades y ver fotos del proceso de los nuevos productos s\u00edgueme en <a href=\"https:\/\/twitter.com\/pickchickbymec\">Twitter<\/a> e <a href=\"https:\/\/www.instagram.com\/pickchickbymec\/\">Instagram<\/a>.<\/span><\/p>","protected":false},"excerpt":{"rendered":"<p>Totebag Nekoi negro.<\/p>\n<p>Hecho a mano.<\/p>","protected":false},"featured_media":2268,"comment_status":"open","ping_status":"closed","template":"","meta":{"_monsterinsights_skip_tracking":false,"_monsterinsights_sitenote_active":false,"_monsterinsights_sitenote_note":"","_monsterinsights_sitenote_category":0},"product_brand":[],"product_cat":[288,429],"product_tag":[311,513,368],"class_list":{"0":"post-2266","1":"product","2":"type-product","3":"status-publish","4":"has-post-thumbnail","6":"product_cat-accesorios","7":"product_cat-textil","8":"product_tag-nekoi","9":"product_tag-personajes-originales","10":"product_tag-totebag","11":"product_shipping_class-b-certificado-ligero","13":"first","14":"instock","15":"taxable","16":"shipping-taxable","17":"purchasable","18":"product-type-simple"},"yoast_head":"<!-- This site is optimized with the Yoast SEO plugin v27.4 - https:\/\/yoast.com\/product\/yoast-seo-wordpress\/ -->\n<title>Totebag Nekoi negro | Accesorios kawaii | Pick\u00b7Chick by Mec<\/title>\n<meta name=\"description\" content=\"Bolso tipo totebag hecho a mano y con estampado exclusivo inspirado en nuestro Nekoi. De estilo kawaii, pero en tonos m\u00e1s discretos y elegantes.\" \/>\n<meta name=\"robots\" content=\"index, follow, max-snippet:-1, max-image-preview:large, max-video-preview:-1\" \/>\n<link rel=\"canonical\" href=\"https:\/\/www.pickchickbymec.com\/en\/product\/totebag-nekoi-negro\/\" \/>\n<meta property=\"og:locale\" content=\"en_GB\" \/>\n<meta property=\"og:type\" content=\"article\" \/>\n<meta property=\"og:title\" content=\"Totebag Nekoi negro | Accesorios kawaii | Pick\u00b7Chick by Mec\" \/>\n<meta property=\"og:description\" content=\"Bolso tipo totebag hecho a mano y con estampado exclusivo inspirado en nuestro Nekoi. De estilo kawaii, pero en tonos m\u00e1s discretos y elegantes.\" \/>\n<meta property=\"og:url\" content=\"https:\/\/www.pickchickbymec.com\/en\/product\/totebag-nekoi-negro\/\" \/>\n<meta property=\"og:site_name\" content=\"Pick\u00b7Chick by Mec\" \/>\n<meta property=\"article:modified_time\" content=\"2024-06-14T15:01:00+00:00\" \/>\n<meta property=\"og:image\" content=\"https:\/\/www.pickchickbymec.com\/wp-content\/uploads\/2021\/02\/nekoi4.jpg\" \/>\n\t<meta property=\"og:image:width\" content=\"1000\" \/>\n\t<meta property=\"og:image:height\" content=\"731\" \/>\n\t<meta property=\"og:image:type\" content=\"image\/jpeg\" \/>\n<meta name=\"twitter:card\" content=\"summary_large_image\" \/>\n<meta name=\"twitter:label1\" content=\"Estimated reading time\" \/>\n\t<meta name=\"twitter:data1\" content=\"2 minutes\" \/>\n<script type=\"application\/ld+json\" class=\"yoast-schema-graph\">{\"@context\":\"https:\\\/\\\/schema.org\",\"@graph\":[{\"@type\":\"WebPage\",\"@id\":\"https:\\\/\\\/www.pickchickbymec.com\\\/producto\\\/totebag-nekoi-negro\\\/\",\"url\":\"https:\\\/\\\/www.pickchickbymec.com\\\/producto\\\/totebag-nekoi-negro\\\/\",\"name\":\"Totebag Nekoi negro | Accesorios kawaii | Pick\u00b7Chick by Mec\",\"isPartOf\":{\"@id\":\"https:\\\/\\\/www.pickchickbymec.com\\\/#website\"},\"primaryImageOfPage\":{\"@id\":\"https:\\\/\\\/www.pickchickbymec.com\\\/producto\\\/totebag-nekoi-negro\\\/#primaryimage\"},\"image\":{\"@id\":\"https:\\\/\\\/www.pickchickbymec.com\\\/producto\\\/totebag-nekoi-negro\\\/#primaryimage\"},\"thumbnailUrl\":\"https:\\\/\\\/www.pickchickbymec.com\\\/wp-content\\\/uploads\\\/2021\\\/02\\\/nekoi4.jpg\",\"datePublished\":\"2021-02-16T16:04:09+00:00\",\"dateModified\":\"2024-06-14T15:01:00+00:00\",\"description\":\"Bolso tipo totebag hecho a mano y con estampado exclusivo inspirado en nuestro Nekoi. De estilo kawaii, pero en tonos m\u00e1s discretos y elegantes.\",\"breadcrumb\":{\"@id\":\"https:\\\/\\\/www.pickchickbymec.com\\\/producto\\\/totebag-nekoi-negro\\\/#breadcrumb\"},\"inLanguage\":\"en-GB\",\"potentialAction\":[{\"@type\":\"ReadAction\",\"target\":[\"https:\\\/\\\/www.pickchickbymec.com\\\/producto\\\/totebag-nekoi-negro\\\/\"]}]},{\"@type\":\"ImageObject\",\"inLanguage\":\"en-GB\",\"@id\":\"https:\\\/\\\/www.pickchickbymec.com\\\/producto\\\/totebag-nekoi-negro\\\/#primaryimage\",\"url\":\"https:\\\/\\\/www.pickchickbymec.com\\\/wp-content\\\/uploads\\\/2021\\\/02\\\/nekoi4.jpg\",\"contentUrl\":\"https:\\\/\\\/www.pickchickbymec.com\\\/wp-content\\\/uploads\\\/2021\\\/02\\\/nekoi4.jpg\",\"width\":1000,\"height\":731,\"caption\":\"Totebag cosida a mano con estampado exclusivo protagonizado por Nekoi e inspirado en las telas japonesas.\"},{\"@type\":\"BreadcrumbList\",\"@id\":\"https:\\\/\\\/www.pickchickbymec.com\\\/producto\\\/totebag-nekoi-negro\\\/#breadcrumb\",\"itemListElement\":[{\"@type\":\"ListItem\",\"position\":1,\"name\":\"Portada\",\"item\":\"https:\\\/\\\/www.pickchickbymec.com\\\/\"},{\"@type\":\"ListItem\",\"position\":2,\"name\":\"Tienda\",\"item\":\"https:\\\/\\\/www.pickchickbymec.com\\\/tienda\\\/\"},{\"@type\":\"ListItem\",\"position\":3,\"name\":\"Totebag Nekoi negro\"}]},{\"@type\":\"WebSite\",\"@id\":\"https:\\\/\\\/www.pickchickbymec.com\\\/#website\",\"url\":\"https:\\\/\\\/www.pickchickbymec.com\\\/\",\"name\":\"Pick\u00b7Chick by Mec\",\"description\":\"kawaii illustrator and artisan\",\"publisher\":{\"@id\":\"https:\\\/\\\/www.pickchickbymec.com\\\/#\\\/schema\\\/person\\\/189a1cea9c7f6704595062aabbbb38fe\"},\"potentialAction\":[{\"@type\":\"SearchAction\",\"target\":{\"@type\":\"EntryPoint\",\"urlTemplate\":\"https:\\\/\\\/www.pickchickbymec.com\\\/?s={search_term_string}\"},\"query-input\":{\"@type\":\"PropertyValueSpecification\",\"valueRequired\":true,\"valueName\":\"search_term_string\"}}],\"inLanguage\":\"en-GB\"},{\"@type\":[\"Person\",\"Organization\"],\"@id\":\"https:\\\/\\\/www.pickchickbymec.com\\\/#\\\/schema\\\/person\\\/189a1cea9c7f6704595062aabbbb38fe\",\"name\":\"pickchickbymec\",\"image\":{\"@type\":\"ImageObject\",\"inLanguage\":\"en-GB\",\"@id\":\"https:\\\/\\\/secure.gravatar.com\\\/avatar\\\/0c13b11690ce1ad38e031b40cac436947d766b2585e3e81250e6cf60b0a3b61f?s=96&d=mm&r=g\",\"url\":\"https:\\\/\\\/secure.gravatar.com\\\/avatar\\\/0c13b11690ce1ad38e031b40cac436947d766b2585e3e81250e6cf60b0a3b61f?s=96&d=mm&r=g\",\"contentUrl\":\"https:\\\/\\\/secure.gravatar.com\\\/avatar\\\/0c13b11690ce1ad38e031b40cac436947d766b2585e3e81250e6cf60b0a3b61f?s=96&d=mm&r=g\",\"caption\":\"pickchickbymec\"},\"logo\":{\"@id\":\"https:\\\/\\\/secure.gravatar.com\\\/avatar\\\/0c13b11690ce1ad38e031b40cac436947d766b2585e3e81250e6cf60b0a3b61f?s=96&d=mm&r=g\"}}]}<\/script>\n<!-- \/ Yoast SEO plugin. -->","yoast_head_json":{"title":"Totebag Nekoi negro | Accesorios kawaii | Pick\u00b7Chick by Mec","description":"Bolso tipo totebag hecho a mano y con estampado exclusivo inspirado en nuestro Nekoi. De estilo kawaii, pero en tonos m\u00e1s discretos y elegantes.","robots":{"index":"index","follow":"follow","max-snippet":"max-snippet:-1","max-image-preview":"max-image-preview:large","max-video-preview":"max-video-preview:-1"},"canonical":"https:\/\/www.pickchickbymec.com\/en\/product\/totebag-nekoi-negro\/","og_locale":"en_GB","og_type":"article","og_title":"Totebag Nekoi negro | Accesorios kawaii | Pick\u00b7Chick by Mec","og_description":"Bolso tipo totebag hecho a mano y con estampado exclusivo inspirado en nuestro Nekoi. De estilo kawaii, pero en tonos m\u00e1s discretos y elegantes.","og_url":"https:\/\/www.pickchickbymec.com\/en\/product\/totebag-nekoi-negro\/","og_site_name":"Pick\u00b7Chick by Mec","article_modified_time":"2024-06-14T15:01:00+00:00","og_image":[{"width":1000,"height":731,"url":"https:\/\/www.pickchickbymec.com\/wp-content\/uploads\/2021\/02\/nekoi4.jpg","type":"image\/jpeg"}],"twitter_card":"summary_large_image","twitter_misc":{"Estimated reading time":"2 minutes"},"schema":{"@context":"https:\/\/schema.org","@graph":[{"@type":"WebPage","@id":"https:\/\/www.pickchickbymec.com\/producto\/totebag-nekoi-negro\/","url":"https:\/\/www.pickchickbymec.com\/producto\/totebag-nekoi-negro\/","name":"Totebag Nekoi negro | Accesorios kawaii | Pick\u00b7Chick by Mec","isPartOf":{"@id":"https:\/\/www.pickchickbymec.com\/#website"},"primaryImageOfPage":{"@id":"https:\/\/www.pickchickbymec.com\/producto\/totebag-nekoi-negro\/#primaryimage"},"image":{"@id":"https:\/\/www.pickchickbymec.com\/producto\/totebag-nekoi-negro\/#primaryimage"},"thumbnailUrl":"https:\/\/www.pickchickbymec.com\/wp-content\/uploads\/2021\/02\/nekoi4.jpg","datePublished":"2021-02-16T16:04:09+00:00","dateModified":"2024-06-14T15:01:00+00:00","description":"Bolso tipo totebag hecho a mano y con estampado exclusivo inspirado en nuestro Nekoi. De estilo kawaii, pero en tonos m\u00e1s discretos y elegantes.","breadcrumb":{"@id":"https:\/\/www.pickchickbymec.com\/producto\/totebag-nekoi-negro\/#breadcrumb"},"inLanguage":"en-GB","potentialAction":[{"@type":"ReadAction","target":["https:\/\/www.pickchickbymec.com\/producto\/totebag-nekoi-negro\/"]}]},{"@type":"ImageObject","inLanguage":"en-GB","@id":"https:\/\/www.pickchickbymec.com\/producto\/totebag-nekoi-negro\/#primaryimage","url":"https:\/\/www.pickchickbymec.com\/wp-content\/uploads\/2021\/02\/nekoi4.jpg","contentUrl":"https:\/\/www.pickchickbymec.com\/wp-content\/uploads\/2021\/02\/nekoi4.jpg","width":1000,"height":731,"caption":"Totebag cosida a mano con estampado exclusivo protagonizado por Nekoi e inspirado en las telas japonesas."},{"@type":"BreadcrumbList","@id":"https:\/\/www.pickchickbymec.com\/producto\/totebag-nekoi-negro\/#breadcrumb","itemListElement":[{"@type":"ListItem","position":1,"name":"Portada","item":"https:\/\/www.pickchickbymec.com\/"},{"@type":"ListItem","position":2,"name":"Tienda","item":"https:\/\/www.pickchickbymec.com\/tienda\/"},{"@type":"ListItem","position":3,"name":"Totebag Nekoi negro"}]},{"@type":"WebSite","@id":"https:\/\/www.pickchickbymec.com\/#website","url":"https:\/\/www.pickchickbymec.com\/","name":"Pick-Chick by Mec","description":"kawaii illustrator and artisan","publisher":{"@id":"https:\/\/www.pickchickbymec.com\/#\/schema\/person\/189a1cea9c7f6704595062aabbbb38fe"},"potentialAction":[{"@type":"SearchAction","target":{"@type":"EntryPoint","urlTemplate":"https:\/\/www.pickchickbymec.com\/?s={search_term_string}"},"query-input":{"@type":"PropertyValueSpecification","valueRequired":true,"valueName":"search_term_string"}}],"inLanguage":"en-GB"},{"@type":["Person","Organization"],"@id":"https:\/\/www.pickchickbymec.com\/#\/schema\/person\/189a1cea9c7f6704595062aabbbb38fe","name":"pickchickbymec","image":{"@type":"ImageObject","inLanguage":"en-GB","@id":"https:\/\/secure.gravatar.com\/avatar\/0c13b11690ce1ad38e031b40cac436947d766b2585e3e81250e6cf60b0a3b61f?s=96&d=mm&r=g","url":"https:\/\/secure.gravatar.com\/avatar\/0c13b11690ce1ad38e031b40cac436947d766b2585e3e81250e6cf60b0a3b61f?s=96&d=mm&r=g","contentUrl":"https:\/\/secure.gravatar.com\/avatar\/0c13b11690ce1ad38e031b40cac436947d766b2585e3e81250e6cf60b0a3b61f?s=96&d=mm&r=g","caption":"pickchickbymec"},"logo":{"@id":"https:\/\/secure.gravatar.com\/avatar\/0c13b11690ce1ad38e031b40cac436947d766b2585e3e81250e6cf60b0a3b61f?s=96&d=mm&r=g"}}]}},"jetpack-related-posts":[],"jetpack_sharing_enabled":true,"_links":{"self":[{"href":"https:\/\/www.pickchickbymec.com\/en\/wp-json\/wp\/v2\/product\/2266","targetHints":{"allow":["GET"]}}],"collection":[{"href":"https:\/\/www.pickchickbymec.com\/en\/wp-json\/wp\/v2\/product"}],"about":[{"href":"https:\/\/www.pickchickbymec.com\/en\/wp-json\/wp\/v2\/types\/product"}],"replies":[{"embeddable":true,"href":"https:\/\/www.pickchickbymec.com\/en\/wp-json\/wp\/v2\/comments?post=2266"}],"wp:featuredmedia":[{"embeddable":true,"href":"https:\/\/www.pickchickbymec.com\/en\/wp-json\/wp\/v2\/media\/2268"}],"wp:attachment":[{"href":"https:\/\/www.pickchickbymec.com\/en\/wp-json\/wp\/v2\/media?parent=2266"}],"wp:term":[{"taxonomy":"product_brand","embeddable":true,"href":"https:\/\/www.pickchickbymec.com\/en\/wp-json\/wp\/v2\/product_brand?post=2266"},{"taxonomy":"product_cat","embeddable":true,"href":"https:\/\/www.pickchickbymec.com\/en\/wp-json\/wp\/v2\/product_cat?post=2266"},{"taxonomy":"product_tag","embeddable":true,"href":"https:\/\/www.pickchickbymec.com\/en\/wp-json\/wp\/v2\/product_tag?post=2266"}],"curies":[{"name":"wp","href":"https:\/\/api.w.org\/{rel}","templated":true}]}}