{"id":2490,"date":"2021-02-17T09:42:08","date_gmt":"2021-02-17T08:42:08","guid":{"rendered":"http:\/\/www.pickchickbymec.es.mialias.net\/?post_type=product&#038;p=2490"},"modified":"2025-12-22T13:44:07","modified_gmt":"2025-12-22T12:44:07","slug":"prints-hollow-knight","status":"publish","type":"product","link":"https:\/\/www.pickchickbymec.com\/en\/product\/prints-hollow-knight\/","title":{"rendered":"HOLLOW KNIGHT, l\u00e1minas decorativas"},"content":{"rendered":"<p>Estas l\u00e1minas son una copia impresa de dos de mis ilustraciones en acuarela inspiradas en el popular videojuego Hollow Knight. La primera nos muestra el encuentro del protagonista con Willow, el insecto que encontramos entre las plantas de la estaci\u00f3n y que decide no comernos (por el momento). En la segunda podemos ver a Hornet llegando a la Ciudad de las L\u00e1grimas. Ambas tienen una est\u00e9tica m\u00e1s oscurilla de la que suelo trabajar sin perder el lado adorable que caracteriza mi estilo.<\/p>\n<p>Puedes comprarlas por separado o aprovechar la oferta y llevarte las dos a un precio especial.<\/p>\n<p>Las copias est\u00e1n realizadas en papel de 300 gramos mate con impresi\u00f3n de alta calidad. Est\u00e1 disponible en dos tama\u00f1os distintos:<\/p>\n<p><strong>Medidas:<\/strong><\/p>\n<p><strong>A4:<\/strong> 29 x 21 cm<br \/>\n<strong>A5:<\/strong> 21 x 15 cm<\/p>\n<p>Si deseas darle un toque especial puedes pedir que la dedique y la firme en la parte de atr\u00e1s. Para ello a\u00f1ade una nota indic\u00e1ndolo al hacer el pedido.<\/p>\n<p>Las l\u00e1minas por s\u00ed solas se env\u00edan bien protegidas por correo certificado con n\u00famero de seguimiento.<\/p>\n<p>Echa un vistazo al resto de productos<a href=\"https:\/\/www.pickchickbymec.com\/en\/product-tag\/videojuegos\/\"> inspirados en videojuegos<\/a> que tengo disponibles y ahorra al combinar los env\u00edos pidiendo m\u00e1s de una cosa. Si quieres enterarte de todas las novedades y ver fotos del proceso de los nuevos productos s\u00edgueme en <a href=\"https:\/\/twitter.com\/pickchickbymec\">Twitter<\/a> e <a href=\"https:\/\/www.instagram.com\/pickchickbymec\/\">Instagram<\/a>.<\/p>","protected":false},"excerpt":{"rendered":"<p>Copia impresa de mis ilustraciones en acuarela inspiradas en Hollow Knight.<\/p>\n<p>Papel 300 gr. mate<\/p>\n<p><strong>Medidas disponibles:<\/strong><\/p>\n<p><strong>A4:<\/strong>\u00a029 x 21 cm<br \/>\n<strong>A5:<\/strong>\u00a021 x 15 cm<\/p>\n<p>Disponibles tanto juntas como por separado.<\/p>","protected":false},"featured_media":8362,"comment_status":"open","ping_status":"closed","template":"","meta":{"_monsterinsights_skip_tracking":false,"_monsterinsights_sitenote_active":false,"_monsterinsights_sitenote_note":"","_monsterinsights_sitenote_category":0},"product_brand":[],"product_cat":[293],"product_tag":[359,324,356,376,416],"class_list":{"0":"post-2490","1":"product","2":"type-product","3":"status-publish","4":"has-post-thumbnail","6":"product_cat-ilustracion-1","7":"product_tag-fanart","8":"product_tag-hollow-knight","9":"product_tag-ilustracion","10":"product_tag-laminas","11":"product_tag-videojuegos","12":"product_shipping_class-documentos","14":"first","15":"instock","16":"sale","17":"taxable","18":"shipping-taxable","19":"purchasable","20":"product-type-variable","21":"has-default-attributes"},"yoast_head":"<!-- This site is optimized with the Yoast SEO plugin v27.4 - https:\/\/yoast.com\/product\/yoast-seo-wordpress\/ -->\n<title>Hollow Knight, l\u00e1minas decorativas en acuarela |Pick\u00b7Chick by Mec<\/title>\n<meta name=\"description\" content=\"L\u00e1minas de ilustraciones en acuarelas inspiradas en Hollow Knight. Hay dos modelos distintos, con Hollow y con Hornet. Disponibles en 2 tama\u00f1os diferentes.\" \/>\n<meta name=\"robots\" content=\"index, follow, max-snippet:-1, max-image-preview:large, max-video-preview:-1\" \/>\n<link rel=\"canonical\" href=\"https:\/\/www.pickchickbymec.com\/en\/product\/prints-hollow-knight\/\" \/>\n<meta property=\"og:locale\" content=\"en_GB\" \/>\n<meta property=\"og:type\" content=\"article\" \/>\n<meta property=\"og:title\" content=\"Hollow Knight, l\u00e1minas decorativas en acuarela |Pick\u00b7Chick by Mec\" \/>\n<meta property=\"og:description\" content=\"L\u00e1minas de ilustraciones en acuarelas inspiradas en Hollow Knight. Hay dos modelos distintos, con Hollow y con Hornet. Disponibles en 2 tama\u00f1os diferentes.\" \/>\n<meta property=\"og:url\" content=\"https:\/\/www.pickchickbymec.com\/en\/product\/prints-hollow-knight\/\" \/>\n<meta property=\"og:site_name\" content=\"Pick\u00b7Chick by Mec\" \/>\n<meta property=\"article:modified_time\" content=\"2025-12-22T12:44:07+00:00\" \/>\n<meta property=\"og:image\" content=\"https:\/\/www.pickchickbymec.com\/wp-content\/uploads\/2021\/02\/prints-hollow-hornet.jpg\" \/>\n\t<meta property=\"og:image:width\" content=\"1200\" \/>\n\t<meta property=\"og:image:height\" content=\"883\" \/>\n\t<meta property=\"og:image:type\" content=\"image\/jpeg\" \/>\n<meta name=\"twitter:card\" content=\"summary_large_image\" \/>\n<meta name=\"twitter:label1\" content=\"Estimated reading time\" \/>\n\t<meta name=\"twitter:data1\" content=\"2 minutes\" \/>\n<script type=\"application\/ld+json\" class=\"yoast-schema-graph\">{\"@context\":\"https:\\\/\\\/schema.org\",\"@graph\":[{\"@type\":\"WebPage\",\"@id\":\"https:\\\/\\\/www.pickchickbymec.com\\\/producto\\\/prints-hollow-knight\\\/\",\"url\":\"https:\\\/\\\/www.pickchickbymec.com\\\/producto\\\/prints-hollow-knight\\\/\",\"name\":\"Hollow Knight, l\u00e1minas decorativas en acuarela |Pick\u00b7Chick by Mec\",\"isPartOf\":{\"@id\":\"https:\\\/\\\/www.pickchickbymec.com\\\/#website\"},\"primaryImageOfPage\":{\"@id\":\"https:\\\/\\\/www.pickchickbymec.com\\\/producto\\\/prints-hollow-knight\\\/#primaryimage\"},\"image\":{\"@id\":\"https:\\\/\\\/www.pickchickbymec.com\\\/producto\\\/prints-hollow-knight\\\/#primaryimage\"},\"thumbnailUrl\":\"https:\\\/\\\/www.pickchickbymec.com\\\/wp-content\\\/uploads\\\/2021\\\/02\\\/prints-hollow-hornet.jpg\",\"datePublished\":\"2021-02-17T08:42:08+00:00\",\"dateModified\":\"2025-12-22T12:44:07+00:00\",\"description\":\"L\u00e1minas de ilustraciones en acuarelas inspiradas en Hollow Knight. Hay dos modelos distintos, con Hollow y con Hornet. Disponibles en 2 tama\u00f1os diferentes.\",\"breadcrumb\":{\"@id\":\"https:\\\/\\\/www.pickchickbymec.com\\\/producto\\\/prints-hollow-knight\\\/#breadcrumb\"},\"inLanguage\":\"en-GB\",\"potentialAction\":[{\"@type\":\"ReadAction\",\"target\":[\"https:\\\/\\\/www.pickchickbymec.com\\\/producto\\\/prints-hollow-knight\\\/\"]}]},{\"@type\":\"ImageObject\",\"inLanguage\":\"en-GB\",\"@id\":\"https:\\\/\\\/www.pickchickbymec.com\\\/producto\\\/prints-hollow-knight\\\/#primaryimage\",\"url\":\"https:\\\/\\\/www.pickchickbymec.com\\\/wp-content\\\/uploads\\\/2021\\\/02\\\/prints-hollow-hornet.jpg\",\"contentUrl\":\"https:\\\/\\\/www.pickchickbymec.com\\\/wp-content\\\/uploads\\\/2021\\\/02\\\/prints-hollow-hornet.jpg\",\"width\":1200,\"height\":883},{\"@type\":\"BreadcrumbList\",\"@id\":\"https:\\\/\\\/www.pickchickbymec.com\\\/producto\\\/prints-hollow-knight\\\/#breadcrumb\",\"itemListElement\":[{\"@type\":\"ListItem\",\"position\":1,\"name\":\"Portada\",\"item\":\"https:\\\/\\\/www.pickchickbymec.com\\\/\"},{\"@type\":\"ListItem\",\"position\":2,\"name\":\"Tienda\",\"item\":\"https:\\\/\\\/www.pickchickbymec.com\\\/tienda\\\/\"},{\"@type\":\"ListItem\",\"position\":3,\"name\":\"HOLLOW KNIGHT, l\u00e1minas decorativas\"}]},{\"@type\":\"WebSite\",\"@id\":\"https:\\\/\\\/www.pickchickbymec.com\\\/#website\",\"url\":\"https:\\\/\\\/www.pickchickbymec.com\\\/\",\"name\":\"Pick\u00b7Chick by Mec\",\"description\":\"kawaii illustrator and artisan\",\"publisher\":{\"@id\":\"https:\\\/\\\/www.pickchickbymec.com\\\/#\\\/schema\\\/person\\\/189a1cea9c7f6704595062aabbbb38fe\"},\"potentialAction\":[{\"@type\":\"SearchAction\",\"target\":{\"@type\":\"EntryPoint\",\"urlTemplate\":\"https:\\\/\\\/www.pickchickbymec.com\\\/?s={search_term_string}\"},\"query-input\":{\"@type\":\"PropertyValueSpecification\",\"valueRequired\":true,\"valueName\":\"search_term_string\"}}],\"inLanguage\":\"en-GB\"},{\"@type\":[\"Person\",\"Organization\"],\"@id\":\"https:\\\/\\\/www.pickchickbymec.com\\\/#\\\/schema\\\/person\\\/189a1cea9c7f6704595062aabbbb38fe\",\"name\":\"pickchickbymec\",\"image\":{\"@type\":\"ImageObject\",\"inLanguage\":\"en-GB\",\"@id\":\"https:\\\/\\\/secure.gravatar.com\\\/avatar\\\/0c13b11690ce1ad38e031b40cac436947d766b2585e3e81250e6cf60b0a3b61f?s=96&d=mm&r=g\",\"url\":\"https:\\\/\\\/secure.gravatar.com\\\/avatar\\\/0c13b11690ce1ad38e031b40cac436947d766b2585e3e81250e6cf60b0a3b61f?s=96&d=mm&r=g\",\"contentUrl\":\"https:\\\/\\\/secure.gravatar.com\\\/avatar\\\/0c13b11690ce1ad38e031b40cac436947d766b2585e3e81250e6cf60b0a3b61f?s=96&d=mm&r=g\",\"caption\":\"pickchickbymec\"},\"logo\":{\"@id\":\"https:\\\/\\\/secure.gravatar.com\\\/avatar\\\/0c13b11690ce1ad38e031b40cac436947d766b2585e3e81250e6cf60b0a3b61f?s=96&d=mm&r=g\"}}]}<\/script>\n<!-- \/ Yoast SEO plugin. -->","yoast_head_json":{"title":"Hollow Knight, l\u00e1minas decorativas en acuarela |Pick\u00b7Chick by Mec","description":"L\u00e1minas de ilustraciones en acuarelas inspiradas en Hollow Knight. Hay dos modelos distintos, con Hollow y con Hornet. Disponibles en 2 tama\u00f1os diferentes.","robots":{"index":"index","follow":"follow","max-snippet":"max-snippet:-1","max-image-preview":"max-image-preview:large","max-video-preview":"max-video-preview:-1"},"canonical":"https:\/\/www.pickchickbymec.com\/en\/product\/prints-hollow-knight\/","og_locale":"en_GB","og_type":"article","og_title":"Hollow Knight, l\u00e1minas decorativas en acuarela |Pick\u00b7Chick by Mec","og_description":"L\u00e1minas de ilustraciones en acuarelas inspiradas en Hollow Knight. Hay dos modelos distintos, con Hollow y con Hornet. Disponibles en 2 tama\u00f1os diferentes.","og_url":"https:\/\/www.pickchickbymec.com\/en\/product\/prints-hollow-knight\/","og_site_name":"Pick\u00b7Chick by Mec","article_modified_time":"2025-12-22T12:44:07+00:00","og_image":[{"width":1200,"height":883,"url":"https:\/\/www.pickchickbymec.com\/wp-content\/uploads\/2021\/02\/prints-hollow-hornet.jpg","type":"image\/jpeg"}],"twitter_card":"summary_large_image","twitter_misc":{"Estimated reading time":"2 minutes"},"schema":{"@context":"https:\/\/schema.org","@graph":[{"@type":"WebPage","@id":"https:\/\/www.pickchickbymec.com\/producto\/prints-hollow-knight\/","url":"https:\/\/www.pickchickbymec.com\/producto\/prints-hollow-knight\/","name":"Hollow Knight, l\u00e1minas decorativas en acuarela |Pick\u00b7Chick by Mec","isPartOf":{"@id":"https:\/\/www.pickchickbymec.com\/#website"},"primaryImageOfPage":{"@id":"https:\/\/www.pickchickbymec.com\/producto\/prints-hollow-knight\/#primaryimage"},"image":{"@id":"https:\/\/www.pickchickbymec.com\/producto\/prints-hollow-knight\/#primaryimage"},"thumbnailUrl":"https:\/\/www.pickchickbymec.com\/wp-content\/uploads\/2021\/02\/prints-hollow-hornet.jpg","datePublished":"2021-02-17T08:42:08+00:00","dateModified":"2025-12-22T12:44:07+00:00","description":"L\u00e1minas de ilustraciones en acuarelas inspiradas en Hollow Knight. Hay dos modelos distintos, con Hollow y con Hornet. Disponibles en 2 tama\u00f1os diferentes.","breadcrumb":{"@id":"https:\/\/www.pickchickbymec.com\/producto\/prints-hollow-knight\/#breadcrumb"},"inLanguage":"en-GB","potentialAction":[{"@type":"ReadAction","target":["https:\/\/www.pickchickbymec.com\/producto\/prints-hollow-knight\/"]}]},{"@type":"ImageObject","inLanguage":"en-GB","@id":"https:\/\/www.pickchickbymec.com\/producto\/prints-hollow-knight\/#primaryimage","url":"https:\/\/www.pickchickbymec.com\/wp-content\/uploads\/2021\/02\/prints-hollow-hornet.jpg","contentUrl":"https:\/\/www.pickchickbymec.com\/wp-content\/uploads\/2021\/02\/prints-hollow-hornet.jpg","width":1200,"height":883},{"@type":"BreadcrumbList","@id":"https:\/\/www.pickchickbymec.com\/producto\/prints-hollow-knight\/#breadcrumb","itemListElement":[{"@type":"ListItem","position":1,"name":"Portada","item":"https:\/\/www.pickchickbymec.com\/"},{"@type":"ListItem","position":2,"name":"Tienda","item":"https:\/\/www.pickchickbymec.com\/tienda\/"},{"@type":"ListItem","position":3,"name":"HOLLOW KNIGHT, l\u00e1minas decorativas"}]},{"@type":"WebSite","@id":"https:\/\/www.pickchickbymec.com\/#website","url":"https:\/\/www.pickchickbymec.com\/","name":"Pick-Chick by Mec","description":"kawaii illustrator and artisan","publisher":{"@id":"https:\/\/www.pickchickbymec.com\/#\/schema\/person\/189a1cea9c7f6704595062aabbbb38fe"},"potentialAction":[{"@type":"SearchAction","target":{"@type":"EntryPoint","urlTemplate":"https:\/\/www.pickchickbymec.com\/?s={search_term_string}"},"query-input":{"@type":"PropertyValueSpecification","valueRequired":true,"valueName":"search_term_string"}}],"inLanguage":"en-GB"},{"@type":["Person","Organization"],"@id":"https:\/\/www.pickchickbymec.com\/#\/schema\/person\/189a1cea9c7f6704595062aabbbb38fe","name":"pickchickbymec","image":{"@type":"ImageObject","inLanguage":"en-GB","@id":"https:\/\/secure.gravatar.com\/avatar\/0c13b11690ce1ad38e031b40cac436947d766b2585e3e81250e6cf60b0a3b61f?s=96&d=mm&r=g","url":"https:\/\/secure.gravatar.com\/avatar\/0c13b11690ce1ad38e031b40cac436947d766b2585e3e81250e6cf60b0a3b61f?s=96&d=mm&r=g","contentUrl":"https:\/\/secure.gravatar.com\/avatar\/0c13b11690ce1ad38e031b40cac436947d766b2585e3e81250e6cf60b0a3b61f?s=96&d=mm&r=g","caption":"pickchickbymec"},"logo":{"@id":"https:\/\/secure.gravatar.com\/avatar\/0c13b11690ce1ad38e031b40cac436947d766b2585e3e81250e6cf60b0a3b61f?s=96&d=mm&r=g"}}]}},"jetpack-related-posts":[],"jetpack_sharing_enabled":true,"_links":{"self":[{"href":"https:\/\/www.pickchickbymec.com\/en\/wp-json\/wp\/v2\/product\/2490","targetHints":{"allow":["GET"]}}],"collection":[{"href":"https:\/\/www.pickchickbymec.com\/en\/wp-json\/wp\/v2\/product"}],"about":[{"href":"https:\/\/www.pickchickbymec.com\/en\/wp-json\/wp\/v2\/types\/product"}],"replies":[{"embeddable":true,"href":"https:\/\/www.pickchickbymec.com\/en\/wp-json\/wp\/v2\/comments?post=2490"}],"wp:featuredmedia":[{"embeddable":true,"href":"https:\/\/www.pickchickbymec.com\/en\/wp-json\/wp\/v2\/media\/8362"}],"wp:attachment":[{"href":"https:\/\/www.pickchickbymec.com\/en\/wp-json\/wp\/v2\/media?parent=2490"}],"wp:term":[{"taxonomy":"product_brand","embeddable":true,"href":"https:\/\/www.pickchickbymec.com\/en\/wp-json\/wp\/v2\/product_brand?post=2490"},{"taxonomy":"product_cat","embeddable":true,"href":"https:\/\/www.pickchickbymec.com\/en\/wp-json\/wp\/v2\/product_cat?post=2490"},{"taxonomy":"product_tag","embeddable":true,"href":"https:\/\/www.pickchickbymec.com\/en\/wp-json\/wp\/v2\/product_tag?post=2490"}],"curies":[{"name":"wp","href":"https:\/\/api.w.org\/{rel}","templated":true}]}}