{"id":2503,"date":"2021-02-17T09:49:49","date_gmt":"2021-02-17T08:49:49","guid":{"rendered":"http:\/\/www.pickchickbymec.es.mialias.net\/?post_type=product&#038;p=2503"},"modified":"2025-12-22T13:44:37","modified_gmt":"2025-12-22T12:44:37","slug":"lamina-made-in-abyss","status":"publish","type":"product","link":"https:\/\/www.pickchickbymec.com\/en\/product\/lamina-made-in-abyss\/","title":{"rendered":"MADE IN ABYSS, l\u00e1mina decorativa"},"content":{"rendered":"<p>Esta l\u00e1mina es una copia impresa de una de mis ilustraciones inspirada en el anime Made in Abyss. En ella se ve a los protagonistas Riko y Reg descendiendo por las primeras capas del abismo. Una composici\u00f3n muy vertical en tonos pastel que contrastan con la tem\u00e1tica de la serie, pero que nos recuerdan la belleza de los paisajes y el compa\u00f1erismo tan importante en esta historia. El estilo de esta ilustraci\u00f3n es ligeramente distinto a lo que suelo trabajar, ya que no tiene l\u00ednea.<\/p>\n<p>Las copias est\u00e1n realizadas en papel de 300 gramos mate con impresi\u00f3n de alta calidad. Est\u00e1 disponible en dos tama\u00f1os distintos:<\/p>\n<p><strong>Medidas:<\/strong><\/p>\n<p><strong>A4:<\/strong> 29 x 21 cm<br \/>\n<strong>A5:<\/strong> 21 x 15 cm<\/p>\n<p>Si deseas darle un toque especial puedes pedir que la dedique y la firme en la parte de atr\u00e1s. Para ello a\u00f1ade una nota indic\u00e1ndolo al hacer el pedido.<\/p>\n<p>Las l\u00e1minas por s\u00ed solas se env\u00edan bien protegidas por correo certificado con n\u00famero de seguimiento.<\/p>\n<p>Echa un vistazo al resto de <a href=\"https:\/\/www.pickchickbymec.com\/en\/product-tag\/anime\/\">productos inspirados en anime<\/a> que tengo en la web y ahorra al combinar los env\u00edos pidiendo m\u00e1s de una cosa. Si quieres enterarte de todas las novedades y ver fotos del proceso de los nuevos productos s\u00edgueme en <a href=\"https:\/\/twitter.com\/pickchickbymec\">Twitter<\/a> e <a href=\"https:\/\/www.instagram.com\/pickchickbymec\/\">Instagram<\/a>.<\/p>","protected":false},"excerpt":{"rendered":"<p>Copia impresa de mi ilustraci\u00f3n inspirada en el anime Made in Abyss.<\/p>\n<p>Papel 300 gr. mate<\/p>\n<p><strong>Medidas disponibles:<\/strong><\/p>\n<p><strong>A4:<\/strong>\u00a029 x 21 cm<br \/>\n<strong>A5:<\/strong>\u00a021 x 15 cm<\/p>","protected":false},"featured_media":7150,"comment_status":"open","ping_status":"closed","template":"","meta":{"_monsterinsights_skip_tracking":false,"_monsterinsights_sitenote_active":false,"_monsterinsights_sitenote_note":"","_monsterinsights_sitenote_category":0},"product_brand":[],"product_cat":[293],"product_tag":[508,359,356,376,507,539],"class_list":{"0":"post-2503","1":"product","2":"type-product","3":"status-publish","4":"has-post-thumbnail","6":"product_cat-ilustracion-1","7":"product_tag-anime","8":"product_tag-fanart","9":"product_tag-ilustracion","10":"product_tag-laminas","11":"product_tag-made-in-abyss","12":"product_tag-series-y-pelis","13":"product_shipping_class-documentos","15":"first","16":"instock","17":"taxable","18":"shipping-taxable","19":"purchasable","20":"product-type-variable"},"yoast_head":"<!-- This site is optimized with the Yoast SEO plugin v27.4 - https:\/\/yoast.com\/product\/yoast-seo-wordpress\/ -->\n<title>Made in Abyss, fanart l\u00e1mina deecorativa | Pick\u00b7Chick by Mec<\/title>\n<meta name=\"description\" content=\"L\u00e1mina decorativa de una de mis ilustraciones, inspirada en el popular anime Made in Abyss. Est\u00e1 disponible en dos tama\u00f1os distintos.\" \/>\n<meta name=\"robots\" content=\"index, follow, max-snippet:-1, max-image-preview:large, max-video-preview:-1\" \/>\n<link rel=\"canonical\" href=\"https:\/\/www.pickchickbymec.com\/en\/product\/lamina-made-in-abyss\/\" \/>\n<meta property=\"og:locale\" content=\"en_GB\" \/>\n<meta property=\"og:type\" content=\"article\" \/>\n<meta property=\"og:title\" content=\"Made in Abyss, fanart l\u00e1mina deecorativa | Pick\u00b7Chick by Mec\" \/>\n<meta property=\"og:description\" content=\"L\u00e1mina decorativa de una de mis ilustraciones, inspirada en el popular anime Made in Abyss. Est\u00e1 disponible en dos tama\u00f1os distintos.\" \/>\n<meta property=\"og:url\" content=\"https:\/\/www.pickchickbymec.com\/en\/product\/lamina-made-in-abyss\/\" \/>\n<meta property=\"og:site_name\" content=\"Pick\u00b7Chick by Mec\" \/>\n<meta property=\"article:modified_time\" content=\"2025-12-22T12:44:37+00:00\" \/>\n<meta property=\"og:image\" content=\"https:\/\/www.pickchickbymec.com\/wp-content\/uploads\/2021\/02\/abyss1.jpg\" \/>\n\t<meta property=\"og:image:width\" content=\"1102\" \/>\n\t<meta property=\"og:image:height\" content=\"1024\" \/>\n\t<meta property=\"og:image:type\" content=\"image\/jpeg\" \/>\n<meta name=\"twitter:card\" content=\"summary_large_image\" \/>\n<meta name=\"twitter:label1\" content=\"Estimated reading time\" \/>\n\t<meta name=\"twitter:data1\" content=\"2 minutes\" \/>\n<script type=\"application\/ld+json\" class=\"yoast-schema-graph\">{\"@context\":\"https:\\\/\\\/schema.org\",\"@graph\":[{\"@type\":\"WebPage\",\"@id\":\"https:\\\/\\\/www.pickchickbymec.com\\\/producto\\\/lamina-made-in-abyss\\\/\",\"url\":\"https:\\\/\\\/www.pickchickbymec.com\\\/producto\\\/lamina-made-in-abyss\\\/\",\"name\":\"Made in Abyss, fanart l\u00e1mina deecorativa | Pick\u00b7Chick by Mec\",\"isPartOf\":{\"@id\":\"https:\\\/\\\/www.pickchickbymec.com\\\/#website\"},\"primaryImageOfPage\":{\"@id\":\"https:\\\/\\\/www.pickchickbymec.com\\\/producto\\\/lamina-made-in-abyss\\\/#primaryimage\"},\"image\":{\"@id\":\"https:\\\/\\\/www.pickchickbymec.com\\\/producto\\\/lamina-made-in-abyss\\\/#primaryimage\"},\"thumbnailUrl\":\"https:\\\/\\\/www.pickchickbymec.com\\\/wp-content\\\/uploads\\\/2021\\\/02\\\/abyss1.jpg\",\"datePublished\":\"2021-02-17T08:49:49+00:00\",\"dateModified\":\"2025-12-22T12:44:37+00:00\",\"description\":\"L\u00e1mina decorativa de una de mis ilustraciones, inspirada en el popular anime Made in Abyss. Est\u00e1 disponible en dos tama\u00f1os distintos.\",\"breadcrumb\":{\"@id\":\"https:\\\/\\\/www.pickchickbymec.com\\\/producto\\\/lamina-made-in-abyss\\\/#breadcrumb\"},\"inLanguage\":\"en-GB\",\"potentialAction\":[{\"@type\":\"ReadAction\",\"target\":[\"https:\\\/\\\/www.pickchickbymec.com\\\/producto\\\/lamina-made-in-abyss\\\/\"]}]},{\"@type\":\"ImageObject\",\"inLanguage\":\"en-GB\",\"@id\":\"https:\\\/\\\/www.pickchickbymec.com\\\/producto\\\/lamina-made-in-abyss\\\/#primaryimage\",\"url\":\"https:\\\/\\\/www.pickchickbymec.com\\\/wp-content\\\/uploads\\\/2021\\\/02\\\/abyss1.jpg\",\"contentUrl\":\"https:\\\/\\\/www.pickchickbymec.com\\\/wp-content\\\/uploads\\\/2021\\\/02\\\/abyss1.jpg\",\"width\":1102,\"height\":1024,\"caption\":\"made in abyss fanart\"},{\"@type\":\"BreadcrumbList\",\"@id\":\"https:\\\/\\\/www.pickchickbymec.com\\\/producto\\\/lamina-made-in-abyss\\\/#breadcrumb\",\"itemListElement\":[{\"@type\":\"ListItem\",\"position\":1,\"name\":\"Portada\",\"item\":\"https:\\\/\\\/www.pickchickbymec.com\\\/\"},{\"@type\":\"ListItem\",\"position\":2,\"name\":\"Tienda\",\"item\":\"https:\\\/\\\/www.pickchickbymec.com\\\/tienda\\\/\"},{\"@type\":\"ListItem\",\"position\":3,\"name\":\"MADE IN ABYSS, l\u00e1mina decorativa\"}]},{\"@type\":\"WebSite\",\"@id\":\"https:\\\/\\\/www.pickchickbymec.com\\\/#website\",\"url\":\"https:\\\/\\\/www.pickchickbymec.com\\\/\",\"name\":\"Pick\u00b7Chick by Mec\",\"description\":\"kawaii illustrator and artisan\",\"publisher\":{\"@id\":\"https:\\\/\\\/www.pickchickbymec.com\\\/#\\\/schema\\\/person\\\/189a1cea9c7f6704595062aabbbb38fe\"},\"potentialAction\":[{\"@type\":\"SearchAction\",\"target\":{\"@type\":\"EntryPoint\",\"urlTemplate\":\"https:\\\/\\\/www.pickchickbymec.com\\\/?s={search_term_string}\"},\"query-input\":{\"@type\":\"PropertyValueSpecification\",\"valueRequired\":true,\"valueName\":\"search_term_string\"}}],\"inLanguage\":\"en-GB\"},{\"@type\":[\"Person\",\"Organization\"],\"@id\":\"https:\\\/\\\/www.pickchickbymec.com\\\/#\\\/schema\\\/person\\\/189a1cea9c7f6704595062aabbbb38fe\",\"name\":\"pickchickbymec\",\"image\":{\"@type\":\"ImageObject\",\"inLanguage\":\"en-GB\",\"@id\":\"https:\\\/\\\/secure.gravatar.com\\\/avatar\\\/0c13b11690ce1ad38e031b40cac436947d766b2585e3e81250e6cf60b0a3b61f?s=96&d=mm&r=g\",\"url\":\"https:\\\/\\\/secure.gravatar.com\\\/avatar\\\/0c13b11690ce1ad38e031b40cac436947d766b2585e3e81250e6cf60b0a3b61f?s=96&d=mm&r=g\",\"contentUrl\":\"https:\\\/\\\/secure.gravatar.com\\\/avatar\\\/0c13b11690ce1ad38e031b40cac436947d766b2585e3e81250e6cf60b0a3b61f?s=96&d=mm&r=g\",\"caption\":\"pickchickbymec\"},\"logo\":{\"@id\":\"https:\\\/\\\/secure.gravatar.com\\\/avatar\\\/0c13b11690ce1ad38e031b40cac436947d766b2585e3e81250e6cf60b0a3b61f?s=96&d=mm&r=g\"}}]}<\/script>\n<!-- \/ Yoast SEO plugin. -->","yoast_head_json":{"title":"Made in Abyss, fanart l\u00e1mina deecorativa | Pick\u00b7Chick by Mec","description":"L\u00e1mina decorativa de una de mis ilustraciones, inspirada en el popular anime Made in Abyss. Est\u00e1 disponible en dos tama\u00f1os distintos.","robots":{"index":"index","follow":"follow","max-snippet":"max-snippet:-1","max-image-preview":"max-image-preview:large","max-video-preview":"max-video-preview:-1"},"canonical":"https:\/\/www.pickchickbymec.com\/en\/product\/lamina-made-in-abyss\/","og_locale":"en_GB","og_type":"article","og_title":"Made in Abyss, fanart l\u00e1mina deecorativa | Pick\u00b7Chick by Mec","og_description":"L\u00e1mina decorativa de una de mis ilustraciones, inspirada en el popular anime Made in Abyss. Est\u00e1 disponible en dos tama\u00f1os distintos.","og_url":"https:\/\/www.pickchickbymec.com\/en\/product\/lamina-made-in-abyss\/","og_site_name":"Pick\u00b7Chick by Mec","article_modified_time":"2025-12-22T12:44:37+00:00","og_image":[{"width":1102,"height":1024,"url":"https:\/\/www.pickchickbymec.com\/wp-content\/uploads\/2021\/02\/abyss1.jpg","type":"image\/jpeg"}],"twitter_card":"summary_large_image","twitter_misc":{"Estimated reading time":"2 minutes"},"schema":{"@context":"https:\/\/schema.org","@graph":[{"@type":"WebPage","@id":"https:\/\/www.pickchickbymec.com\/producto\/lamina-made-in-abyss\/","url":"https:\/\/www.pickchickbymec.com\/producto\/lamina-made-in-abyss\/","name":"Made in Abyss, fanart l\u00e1mina deecorativa | Pick\u00b7Chick by Mec","isPartOf":{"@id":"https:\/\/www.pickchickbymec.com\/#website"},"primaryImageOfPage":{"@id":"https:\/\/www.pickchickbymec.com\/producto\/lamina-made-in-abyss\/#primaryimage"},"image":{"@id":"https:\/\/www.pickchickbymec.com\/producto\/lamina-made-in-abyss\/#primaryimage"},"thumbnailUrl":"https:\/\/www.pickchickbymec.com\/wp-content\/uploads\/2021\/02\/abyss1.jpg","datePublished":"2021-02-17T08:49:49+00:00","dateModified":"2025-12-22T12:44:37+00:00","description":"L\u00e1mina decorativa de una de mis ilustraciones, inspirada en el popular anime Made in Abyss. Est\u00e1 disponible en dos tama\u00f1os distintos.","breadcrumb":{"@id":"https:\/\/www.pickchickbymec.com\/producto\/lamina-made-in-abyss\/#breadcrumb"},"inLanguage":"en-GB","potentialAction":[{"@type":"ReadAction","target":["https:\/\/www.pickchickbymec.com\/producto\/lamina-made-in-abyss\/"]}]},{"@type":"ImageObject","inLanguage":"en-GB","@id":"https:\/\/www.pickchickbymec.com\/producto\/lamina-made-in-abyss\/#primaryimage","url":"https:\/\/www.pickchickbymec.com\/wp-content\/uploads\/2021\/02\/abyss1.jpg","contentUrl":"https:\/\/www.pickchickbymec.com\/wp-content\/uploads\/2021\/02\/abyss1.jpg","width":1102,"height":1024,"caption":"made in abyss fanart"},{"@type":"BreadcrumbList","@id":"https:\/\/www.pickchickbymec.com\/producto\/lamina-made-in-abyss\/#breadcrumb","itemListElement":[{"@type":"ListItem","position":1,"name":"Portada","item":"https:\/\/www.pickchickbymec.com\/"},{"@type":"ListItem","position":2,"name":"Tienda","item":"https:\/\/www.pickchickbymec.com\/tienda\/"},{"@type":"ListItem","position":3,"name":"MADE IN ABYSS, l\u00e1mina decorativa"}]},{"@type":"WebSite","@id":"https:\/\/www.pickchickbymec.com\/#website","url":"https:\/\/www.pickchickbymec.com\/","name":"Pick-Chick by Mec","description":"kawaii illustrator and artisan","publisher":{"@id":"https:\/\/www.pickchickbymec.com\/#\/schema\/person\/189a1cea9c7f6704595062aabbbb38fe"},"potentialAction":[{"@type":"SearchAction","target":{"@type":"EntryPoint","urlTemplate":"https:\/\/www.pickchickbymec.com\/?s={search_term_string}"},"query-input":{"@type":"PropertyValueSpecification","valueRequired":true,"valueName":"search_term_string"}}],"inLanguage":"en-GB"},{"@type":["Person","Organization"],"@id":"https:\/\/www.pickchickbymec.com\/#\/schema\/person\/189a1cea9c7f6704595062aabbbb38fe","name":"pickchickbymec","image":{"@type":"ImageObject","inLanguage":"en-GB","@id":"https:\/\/secure.gravatar.com\/avatar\/0c13b11690ce1ad38e031b40cac436947d766b2585e3e81250e6cf60b0a3b61f?s=96&d=mm&r=g","url":"https:\/\/secure.gravatar.com\/avatar\/0c13b11690ce1ad38e031b40cac436947d766b2585e3e81250e6cf60b0a3b61f?s=96&d=mm&r=g","contentUrl":"https:\/\/secure.gravatar.com\/avatar\/0c13b11690ce1ad38e031b40cac436947d766b2585e3e81250e6cf60b0a3b61f?s=96&d=mm&r=g","caption":"pickchickbymec"},"logo":{"@id":"https:\/\/secure.gravatar.com\/avatar\/0c13b11690ce1ad38e031b40cac436947d766b2585e3e81250e6cf60b0a3b61f?s=96&d=mm&r=g"}}]}},"jetpack-related-posts":[],"jetpack_sharing_enabled":true,"_links":{"self":[{"href":"https:\/\/www.pickchickbymec.com\/en\/wp-json\/wp\/v2\/product\/2503","targetHints":{"allow":["GET"]}}],"collection":[{"href":"https:\/\/www.pickchickbymec.com\/en\/wp-json\/wp\/v2\/product"}],"about":[{"href":"https:\/\/www.pickchickbymec.com\/en\/wp-json\/wp\/v2\/types\/product"}],"replies":[{"embeddable":true,"href":"https:\/\/www.pickchickbymec.com\/en\/wp-json\/wp\/v2\/comments?post=2503"}],"wp:featuredmedia":[{"embeddable":true,"href":"https:\/\/www.pickchickbymec.com\/en\/wp-json\/wp\/v2\/media\/7150"}],"wp:attachment":[{"href":"https:\/\/www.pickchickbymec.com\/en\/wp-json\/wp\/v2\/media?parent=2503"}],"wp:term":[{"taxonomy":"product_brand","embeddable":true,"href":"https:\/\/www.pickchickbymec.com\/en\/wp-json\/wp\/v2\/product_brand?post=2503"},{"taxonomy":"product_cat","embeddable":true,"href":"https:\/\/www.pickchickbymec.com\/en\/wp-json\/wp\/v2\/product_cat?post=2503"},{"taxonomy":"product_tag","embeddable":true,"href":"https:\/\/www.pickchickbymec.com\/en\/wp-json\/wp\/v2\/product_tag?post=2503"}],"curies":[{"name":"wp","href":"https:\/\/api.w.org\/{rel}","templated":true}]}}