{"id":2545,"date":"2021-02-17T10:50:35","date_gmt":"2021-02-17T09:50:35","guid":{"rendered":"http:\/\/www.pickchickbymec.es.mialias.net\/?post_type=product&#038;p=2545"},"modified":"2026-01-05T18:05:19","modified_gmt":"2026-01-05T17:05:19","slug":"guia-bulbunny-de-plantas-medicinales","status":"publish","type":"product","link":"https:\/\/www.pickchickbymec.com\/en\/product\/guia-bulbunny-de-plantas-medicinales\/","title":{"rendered":"Fanzine Gu\u00eda Bulbunny de plantas medicinales"},"content":{"rendered":"<p>Este fanzine es una gu\u00eda de plantas medicinales protagonizada por nuestro conejito Bulbunny. Se trata de un libro ilustrado autoeditado con las fichas de 28 plantas medicinales, con sus beneficios y sus posibles aplicaciones. Las ilustraciones est\u00e1n realizadas en acuarela y las p\u00e1ginas tienen un ligero efecto envejecido tambi\u00e9n realizado en acuarela, para darle un toque m\u00e1s r\u00fastico. Si te gusta la medicina natural y las cosas bonitas no te pierdas este fanzine tan especial. Los textos se encuentran escritos en espa\u00f1ol y en ingl\u00e9s, y cuenta con \u00edndices tanto por nombre como por utilidad.<\/p>\n<p style=\"text-align: center;\"><em>\u00abEn cualquier maceta de cualquier balc\u00f3n o jard\u00edn puede aparecer de repente un bulbo con orejas. Si lo riegas y cuidas con amor se convertir\u00e1 en un Bulbunny, y de su cabecita brotar\u00e1 tu planta favorita. Pero si tienes alg\u00fan problema de salud, puede que lo que aparezca sea una planta medicinal que te ayude a sentir mejor como muestra de gratitud y amistad.\u00bb<\/em><\/p>\n<p><strong>Fanzine gu\u00eda Bulbunny de plantas medicinales. Caracter\u00edsticas:<\/strong><\/p>\n<ul>\n<li>Formato din A5 (21 x 14 cm aprox)<\/li>\n<li>Impreso en papel de 100gr. a color<\/li>\n<li>Encuadernado a mano con cuerda<\/li>\n<li>36 p\u00e1ginas<\/li>\n<\/ul>\n<p>Incluye la ficha de las siguientes plantas:<br \/>\nArnica, ajo, albahaca, aloe, aquilea, arnica, bacopa, canela, cariofilada, coclearia, cola de caballo, equin\u00e1cea, fr\u00e1ngula, hamamelis, hip\u00e9rico, mejorana, mirto, parietaria, perifollo, pulmonaria, rhodiola, rusco, salvia, sauce blanco, tomillo y ulmaria.<\/p>\n<p><span style=\"font-weight: 400;\">Este producto se env\u00eda por correo certificado con n\u00famero de seguimiento.<\/span><\/p>\n<p><span style=\"font-weight: 400;\">Echa un vistazo al resto de<a href=\"https:\/\/www.pickchickbymec.com\/en\/product-tag\/personajes-originales\/\"> productos de personajes originales<\/a> que hay en mi tienda y combina varias cositas en tu compra para ahorrar en los gastos de env\u00edo.<\/span><\/p>\n<p><span style=\"font-weight: 400;\">\u00a0Si quieres enterarte de todas las novedades y ver fotos del proceso de los nuevos productos s\u00edgueme en <a href=\"https:\/\/twitter.com\/pickchickbymec\">Twitter<\/a> e <a href=\"https:\/\/www.instagram.com\/pickchickbymec\/\">Instagram<\/a>.<\/span><\/p>","protected":false},"excerpt":{"rendered":"<p>Fanzine Bulbunny gu\u00eda de plantas medicinales.<\/p>","protected":false},"featured_media":3210,"comment_status":"open","ping_status":"closed","template":"","meta":{"_monsterinsights_skip_tracking":false,"_monsterinsights_sitenote_active":false,"_monsterinsights_sitenote_note":"","_monsterinsights_sitenote_category":0},"product_brand":[],"product_cat":[302,293],"product_tag":[313,374,356,513],"class_list":{"0":"post-2545","1":"product","2":"type-product","3":"status-publish","4":"has-post-thumbnail","6":"product_cat-fanzine","7":"product_cat-ilustracion-1","8":"product_tag-bulbunny","9":"product_tag-fanzine","10":"product_tag-ilustracion","11":"product_tag-personajes-originales","12":"product_shipping_class-b-certificado-ligero","14":"first","15":"instock","16":"taxable","17":"shipping-taxable","18":"purchasable","19":"product-type-simple"},"yoast_head":"<!-- This site is optimized with the Yoast SEO plugin v27.4 - https:\/\/yoast.com\/product\/yoast-seo-wordpress\/ -->\n<title>Fanzine Gu\u00eda Bulbunny de plantas medicinales | Ilustraci\u00f3n - Pick\u00b7Chick by Mec<\/title>\n<meta name=\"description\" content=\"Gu\u00eda de plantas medicinales ilustrada en acuarela y protagonizada por nuestros conejitos Bulbunny. Incluye 28 plantas y sus propiedades terap\u00e9uticas.\" \/>\n<meta name=\"robots\" content=\"index, follow, max-snippet:-1, max-image-preview:large, max-video-preview:-1\" \/>\n<link rel=\"canonical\" href=\"https:\/\/www.pickchickbymec.com\/en\/product\/guia-bulbunny-de-plantas-medicinales\/\" \/>\n<meta property=\"og:locale\" content=\"en_GB\" \/>\n<meta property=\"og:type\" content=\"article\" \/>\n<meta property=\"og:title\" content=\"Fanzine Gu\u00eda Bulbunny de plantas medicinales | Ilustraci\u00f3n - Pick\u00b7Chick by Mec\" \/>\n<meta property=\"og:description\" content=\"Gu\u00eda de plantas medicinales ilustrada en acuarela y protagonizada por nuestros conejitos Bulbunny. Incluye 28 plantas y sus propiedades terap\u00e9uticas.\" \/>\n<meta property=\"og:url\" content=\"https:\/\/www.pickchickbymec.com\/en\/product\/guia-bulbunny-de-plantas-medicinales\/\" \/>\n<meta property=\"og:site_name\" content=\"Pick\u00b7Chick by Mec\" \/>\n<meta property=\"article:modified_time\" content=\"2026-01-05T17:05:19+00:00\" \/>\n<meta property=\"og:image\" content=\"https:\/\/www.pickchickbymec.com\/wp-content\/uploads\/2021\/02\/fz-bulbunnies.jpg\" \/>\n\t<meta property=\"og:image:width\" content=\"1000\" \/>\n\t<meta property=\"og:image:height\" content=\"1000\" \/>\n\t<meta property=\"og:image:type\" content=\"image\/jpeg\" \/>\n<meta name=\"twitter:card\" content=\"summary_large_image\" \/>\n<meta name=\"twitter:label1\" content=\"Estimated reading time\" \/>\n\t<meta name=\"twitter:data1\" content=\"2 minutes\" \/>\n<script type=\"application\/ld+json\" class=\"yoast-schema-graph\">{\"@context\":\"https:\\\/\\\/schema.org\",\"@graph\":[{\"@type\":\"WebPage\",\"@id\":\"https:\\\/\\\/www.pickchickbymec.com\\\/producto\\\/guia-bulbunny-de-plantas-medicinales\\\/\",\"url\":\"https:\\\/\\\/www.pickchickbymec.com\\\/producto\\\/guia-bulbunny-de-plantas-medicinales\\\/\",\"name\":\"Fanzine Gu\u00eda Bulbunny de plantas medicinales | Ilustraci\u00f3n - Pick\u00b7Chick by Mec\",\"isPartOf\":{\"@id\":\"https:\\\/\\\/www.pickchickbymec.com\\\/#website\"},\"primaryImageOfPage\":{\"@id\":\"https:\\\/\\\/www.pickchickbymec.com\\\/producto\\\/guia-bulbunny-de-plantas-medicinales\\\/#primaryimage\"},\"image\":{\"@id\":\"https:\\\/\\\/www.pickchickbymec.com\\\/producto\\\/guia-bulbunny-de-plantas-medicinales\\\/#primaryimage\"},\"thumbnailUrl\":\"https:\\\/\\\/www.pickchickbymec.com\\\/wp-content\\\/uploads\\\/2021\\\/02\\\/fz-bulbunnies.jpg\",\"datePublished\":\"2021-02-17T09:50:35+00:00\",\"dateModified\":\"2026-01-05T17:05:19+00:00\",\"description\":\"Gu\u00eda de plantas medicinales ilustrada en acuarela y protagonizada por nuestros conejitos Bulbunny. Incluye 28 plantas y sus propiedades terap\u00e9uticas.\",\"breadcrumb\":{\"@id\":\"https:\\\/\\\/www.pickchickbymec.com\\\/producto\\\/guia-bulbunny-de-plantas-medicinales\\\/#breadcrumb\"},\"inLanguage\":\"en-GB\",\"potentialAction\":[{\"@type\":\"ReadAction\",\"target\":[\"https:\\\/\\\/www.pickchickbymec.com\\\/producto\\\/guia-bulbunny-de-plantas-medicinales\\\/\"]}]},{\"@type\":\"ImageObject\",\"inLanguage\":\"en-GB\",\"@id\":\"https:\\\/\\\/www.pickchickbymec.com\\\/producto\\\/guia-bulbunny-de-plantas-medicinales\\\/#primaryimage\",\"url\":\"https:\\\/\\\/www.pickchickbymec.com\\\/wp-content\\\/uploads\\\/2021\\\/02\\\/fz-bulbunnies.jpg\",\"contentUrl\":\"https:\\\/\\\/www.pickchickbymec.com\\\/wp-content\\\/uploads\\\/2021\\\/02\\\/fz-bulbunnies.jpg\",\"width\":1000,\"height\":1000,\"caption\":\"Libro gu\u00eda sobre plantas medicinales y sus propiedades, protagonizada por los Bulbunny y con ilustraciones en acuarela a color.\"},{\"@type\":\"BreadcrumbList\",\"@id\":\"https:\\\/\\\/www.pickchickbymec.com\\\/producto\\\/guia-bulbunny-de-plantas-medicinales\\\/#breadcrumb\",\"itemListElement\":[{\"@type\":\"ListItem\",\"position\":1,\"name\":\"Portada\",\"item\":\"https:\\\/\\\/www.pickchickbymec.com\\\/\"},{\"@type\":\"ListItem\",\"position\":2,\"name\":\"Tienda\",\"item\":\"https:\\\/\\\/www.pickchickbymec.com\\\/tienda\\\/\"},{\"@type\":\"ListItem\",\"position\":3,\"name\":\"Fanzine Gu\u00eda Bulbunny de plantas medicinales\"}]},{\"@type\":\"WebSite\",\"@id\":\"https:\\\/\\\/www.pickchickbymec.com\\\/#website\",\"url\":\"https:\\\/\\\/www.pickchickbymec.com\\\/\",\"name\":\"Pick\u00b7Chick by Mec\",\"description\":\"kawaii illustrator and artisan\",\"publisher\":{\"@id\":\"https:\\\/\\\/www.pickchickbymec.com\\\/#\\\/schema\\\/person\\\/189a1cea9c7f6704595062aabbbb38fe\"},\"potentialAction\":[{\"@type\":\"SearchAction\",\"target\":{\"@type\":\"EntryPoint\",\"urlTemplate\":\"https:\\\/\\\/www.pickchickbymec.com\\\/?s={search_term_string}\"},\"query-input\":{\"@type\":\"PropertyValueSpecification\",\"valueRequired\":true,\"valueName\":\"search_term_string\"}}],\"inLanguage\":\"en-GB\"},{\"@type\":[\"Person\",\"Organization\"],\"@id\":\"https:\\\/\\\/www.pickchickbymec.com\\\/#\\\/schema\\\/person\\\/189a1cea9c7f6704595062aabbbb38fe\",\"name\":\"pickchickbymec\",\"image\":{\"@type\":\"ImageObject\",\"inLanguage\":\"en-GB\",\"@id\":\"https:\\\/\\\/secure.gravatar.com\\\/avatar\\\/0c13b11690ce1ad38e031b40cac436947d766b2585e3e81250e6cf60b0a3b61f?s=96&d=mm&r=g\",\"url\":\"https:\\\/\\\/secure.gravatar.com\\\/avatar\\\/0c13b11690ce1ad38e031b40cac436947d766b2585e3e81250e6cf60b0a3b61f?s=96&d=mm&r=g\",\"contentUrl\":\"https:\\\/\\\/secure.gravatar.com\\\/avatar\\\/0c13b11690ce1ad38e031b40cac436947d766b2585e3e81250e6cf60b0a3b61f?s=96&d=mm&r=g\",\"caption\":\"pickchickbymec\"},\"logo\":{\"@id\":\"https:\\\/\\\/secure.gravatar.com\\\/avatar\\\/0c13b11690ce1ad38e031b40cac436947d766b2585e3e81250e6cf60b0a3b61f?s=96&d=mm&r=g\"}}]}<\/script>\n<!-- \/ Yoast SEO plugin. -->","yoast_head_json":{"title":"Fanzine Gu\u00eda Bulbunny de plantas medicinales | Ilustraci\u00f3n - Pick\u00b7Chick by Mec","description":"Gu\u00eda de plantas medicinales ilustrada en acuarela y protagonizada por nuestros conejitos Bulbunny. Incluye 28 plantas y sus propiedades terap\u00e9uticas.","robots":{"index":"index","follow":"follow","max-snippet":"max-snippet:-1","max-image-preview":"max-image-preview:large","max-video-preview":"max-video-preview:-1"},"canonical":"https:\/\/www.pickchickbymec.com\/en\/product\/guia-bulbunny-de-plantas-medicinales\/","og_locale":"en_GB","og_type":"article","og_title":"Fanzine Gu\u00eda Bulbunny de plantas medicinales | Ilustraci\u00f3n - Pick\u00b7Chick by Mec","og_description":"Gu\u00eda de plantas medicinales ilustrada en acuarela y protagonizada por nuestros conejitos Bulbunny. Incluye 28 plantas y sus propiedades terap\u00e9uticas.","og_url":"https:\/\/www.pickchickbymec.com\/en\/product\/guia-bulbunny-de-plantas-medicinales\/","og_site_name":"Pick\u00b7Chick by Mec","article_modified_time":"2026-01-05T17:05:19+00:00","og_image":[{"width":1000,"height":1000,"url":"https:\/\/www.pickchickbymec.com\/wp-content\/uploads\/2021\/02\/fz-bulbunnies.jpg","type":"image\/jpeg"}],"twitter_card":"summary_large_image","twitter_misc":{"Estimated reading time":"2 minutes"},"schema":{"@context":"https:\/\/schema.org","@graph":[{"@type":"WebPage","@id":"https:\/\/www.pickchickbymec.com\/producto\/guia-bulbunny-de-plantas-medicinales\/","url":"https:\/\/www.pickchickbymec.com\/producto\/guia-bulbunny-de-plantas-medicinales\/","name":"Fanzine Gu\u00eda Bulbunny de plantas medicinales | Ilustraci\u00f3n - Pick\u00b7Chick by Mec","isPartOf":{"@id":"https:\/\/www.pickchickbymec.com\/#website"},"primaryImageOfPage":{"@id":"https:\/\/www.pickchickbymec.com\/producto\/guia-bulbunny-de-plantas-medicinales\/#primaryimage"},"image":{"@id":"https:\/\/www.pickchickbymec.com\/producto\/guia-bulbunny-de-plantas-medicinales\/#primaryimage"},"thumbnailUrl":"https:\/\/www.pickchickbymec.com\/wp-content\/uploads\/2021\/02\/fz-bulbunnies.jpg","datePublished":"2021-02-17T09:50:35+00:00","dateModified":"2026-01-05T17:05:19+00:00","description":"Gu\u00eda de plantas medicinales ilustrada en acuarela y protagonizada por nuestros conejitos Bulbunny. Incluye 28 plantas y sus propiedades terap\u00e9uticas.","breadcrumb":{"@id":"https:\/\/www.pickchickbymec.com\/producto\/guia-bulbunny-de-plantas-medicinales\/#breadcrumb"},"inLanguage":"en-GB","potentialAction":[{"@type":"ReadAction","target":["https:\/\/www.pickchickbymec.com\/producto\/guia-bulbunny-de-plantas-medicinales\/"]}]},{"@type":"ImageObject","inLanguage":"en-GB","@id":"https:\/\/www.pickchickbymec.com\/producto\/guia-bulbunny-de-plantas-medicinales\/#primaryimage","url":"https:\/\/www.pickchickbymec.com\/wp-content\/uploads\/2021\/02\/fz-bulbunnies.jpg","contentUrl":"https:\/\/www.pickchickbymec.com\/wp-content\/uploads\/2021\/02\/fz-bulbunnies.jpg","width":1000,"height":1000,"caption":"Libro gu\u00eda sobre plantas medicinales y sus propiedades, protagonizada por los Bulbunny y con ilustraciones en acuarela a color."},{"@type":"BreadcrumbList","@id":"https:\/\/www.pickchickbymec.com\/producto\/guia-bulbunny-de-plantas-medicinales\/#breadcrumb","itemListElement":[{"@type":"ListItem","position":1,"name":"Portada","item":"https:\/\/www.pickchickbymec.com\/"},{"@type":"ListItem","position":2,"name":"Tienda","item":"https:\/\/www.pickchickbymec.com\/tienda\/"},{"@type":"ListItem","position":3,"name":"Fanzine Gu\u00eda Bulbunny de plantas medicinales"}]},{"@type":"WebSite","@id":"https:\/\/www.pickchickbymec.com\/#website","url":"https:\/\/www.pickchickbymec.com\/","name":"Pick-Chick by Mec","description":"kawaii illustrator and artisan","publisher":{"@id":"https:\/\/www.pickchickbymec.com\/#\/schema\/person\/189a1cea9c7f6704595062aabbbb38fe"},"potentialAction":[{"@type":"SearchAction","target":{"@type":"EntryPoint","urlTemplate":"https:\/\/www.pickchickbymec.com\/?s={search_term_string}"},"query-input":{"@type":"PropertyValueSpecification","valueRequired":true,"valueName":"search_term_string"}}],"inLanguage":"en-GB"},{"@type":["Person","Organization"],"@id":"https:\/\/www.pickchickbymec.com\/#\/schema\/person\/189a1cea9c7f6704595062aabbbb38fe","name":"pickchickbymec","image":{"@type":"ImageObject","inLanguage":"en-GB","@id":"https:\/\/secure.gravatar.com\/avatar\/0c13b11690ce1ad38e031b40cac436947d766b2585e3e81250e6cf60b0a3b61f?s=96&d=mm&r=g","url":"https:\/\/secure.gravatar.com\/avatar\/0c13b11690ce1ad38e031b40cac436947d766b2585e3e81250e6cf60b0a3b61f?s=96&d=mm&r=g","contentUrl":"https:\/\/secure.gravatar.com\/avatar\/0c13b11690ce1ad38e031b40cac436947d766b2585e3e81250e6cf60b0a3b61f?s=96&d=mm&r=g","caption":"pickchickbymec"},"logo":{"@id":"https:\/\/secure.gravatar.com\/avatar\/0c13b11690ce1ad38e031b40cac436947d766b2585e3e81250e6cf60b0a3b61f?s=96&d=mm&r=g"}}]}},"jetpack-related-posts":[],"jetpack_sharing_enabled":true,"_links":{"self":[{"href":"https:\/\/www.pickchickbymec.com\/en\/wp-json\/wp\/v2\/product\/2545","targetHints":{"allow":["GET"]}}],"collection":[{"href":"https:\/\/www.pickchickbymec.com\/en\/wp-json\/wp\/v2\/product"}],"about":[{"href":"https:\/\/www.pickchickbymec.com\/en\/wp-json\/wp\/v2\/types\/product"}],"replies":[{"embeddable":true,"href":"https:\/\/www.pickchickbymec.com\/en\/wp-json\/wp\/v2\/comments?post=2545"}],"wp:featuredmedia":[{"embeddable":true,"href":"https:\/\/www.pickchickbymec.com\/en\/wp-json\/wp\/v2\/media\/3210"}],"wp:attachment":[{"href":"https:\/\/www.pickchickbymec.com\/en\/wp-json\/wp\/v2\/media?parent=2545"}],"wp:term":[{"taxonomy":"product_brand","embeddable":true,"href":"https:\/\/www.pickchickbymec.com\/en\/wp-json\/wp\/v2\/product_brand?post=2545"},{"taxonomy":"product_cat","embeddable":true,"href":"https:\/\/www.pickchickbymec.com\/en\/wp-json\/wp\/v2\/product_cat?post=2545"},{"taxonomy":"product_tag","embeddable":true,"href":"https:\/\/www.pickchickbymec.com\/en\/wp-json\/wp\/v2\/product_tag?post=2545"}],"curies":[{"name":"wp","href":"https:\/\/api.w.org\/{rel}","templated":true}]}}