{"id":2579,"date":"2021-02-17T11:21:01","date_gmt":"2021-02-17T10:21:01","guid":{"rendered":"http:\/\/www.pickchickbymec.es.mialias.net\/?post_type=product&#038;p=2579"},"modified":"2026-01-05T18:04:20","modified_gmt":"2026-01-05T17:04:20","slug":"panadramas-fanzine-comic","status":"publish","type":"product","link":"https:\/\/www.pickchickbymec.com\/en\/product\/panadramas-fanzine-comic\/","title":{"rendered":"Fanzine C\u00f3mic Panadramas (varias opciones disponibles)"},"content":{"rendered":"<p>Panadramas es un fanzine en formato c\u00f3mic inspirado en situaciones de la vida real. Hace varios a\u00f1os estuve trabajando en la t\u00edpica panader\u00eda de barrio que tambi\u00e9n tiene parte de cafeter\u00eda.\u00a0 Esto significa que combina lo mejor del mundo de la hosteler\u00eda y del cara al p\u00fablico, lo que ha dado pie a diversas y peculiares situaciones. A trav\u00e9s de estas tiras c\u00f3micas he querido recopilar y narrar algunas de las aventuras y vivencias que m\u00e1s gracia me hicieron en su momento. El estilo de la ilustraci\u00f3n es sencillo pero muy expresivo, y si has tenido que pasar o est\u00e1s pasando por un trabajo similar seguro que te gustan estos fanzine.<\/p>\n<p>Cada fanzine incluye 20 p\u00e1ginas de tiras c\u00f3micas y algunas m\u00e1s con extras, como fanarts de otros artistas y pasatiempos. Est\u00e1n disponibles los dos n\u00fameros, y puedes hacerte con ellos por separado o juntos a un precio especial.<\/p>\n<p><strong>Fanzine c\u00f3mic Panadramas. Especificaciones<\/strong><\/p>\n<ul>\n<li>Cubiertas a color<\/li>\n<li>P\u00e1ginas interiores en blanco y negro<\/li>\n<li>Formato din A5<\/li>\n<li>24 p\u00e1ginas<\/li>\n<\/ul>\n<p><span style=\"font-weight: 400;\">Este producto se env\u00eda por correo certificado con n\u00famero de seguimiento.<\/span><\/p>\n<p><span style=\"font-weight: 400;\">Echa un vistazo al resto de <a href=\"https:\/\/www.pickchickbymec.com\/en\/product-category\/fanzine\/\">fanzines y libros autopublicados<\/a> que hay en mi tienda y combina varias cositas en tu compra para ahorrar en los gastos de env\u00edo.<\/span><\/p>\n<p><span style=\"font-weight: 400;\">\u00a0Si quieres enterarte de todas las novedades y ver fotos del proceso de los nuevos productos s\u00edgueme en <a href=\"https:\/\/twitter.com\/pickchickbymec\">Twitter<\/a> e <a href=\"https:\/\/www.instagram.com\/pickchickbymec\/\">Instagram<\/a>.<\/span><\/p>","protected":false},"excerpt":{"rendered":"<p>Fanzine c\u00f3mic Panadramas.<\/p>","protected":false},"featured_media":3215,"comment_status":"open","ping_status":"closed","template":"","meta":{"_monsterinsights_skip_tracking":false,"_monsterinsights_sitenote_active":false,"_monsterinsights_sitenote_note":"","_monsterinsights_sitenote_category":0},"product_brand":[],"product_cat":[302,293],"product_tag":[375,374,520,513],"class_list":{"0":"post-2579","1":"product","2":"type-product","3":"status-publish","4":"has-post-thumbnail","6":"product_cat-fanzine","7":"product_cat-ilustracion-1","8":"product_tag-comic","9":"product_tag-fanzine","10":"product_tag-panadramas","11":"product_tag-personajes-originales","12":"product_shipping_class-documentos","14":"first","15":"instock","16":"taxable","17":"shipping-taxable","18":"purchasable","19":"product-type-variable"},"yoast_head":"<!-- This site is optimized with the Yoast SEO plugin v27.4 - https:\/\/yoast.com\/product\/yoast-seo-wordpress\/ -->\n<title>Fanzine C\u00f3mic Panadramas (varias opciones disponibles) | - Pick\u00b7Chick by Mec<\/title>\n<meta name=\"description\" content=\"Fanzine en formato c\u00f3mic basado en experiencias reales trabajando en una cafeter\u00eda panader\u00eda narradas con mucho humor y pasatiempos al final.\" \/>\n<meta name=\"robots\" content=\"index, follow, max-snippet:-1, max-image-preview:large, max-video-preview:-1\" \/>\n<link rel=\"canonical\" href=\"https:\/\/www.pickchickbymec.com\/en\/product\/panadramas-fanzine-comic\/\" \/>\n<meta property=\"og:locale\" content=\"en_GB\" \/>\n<meta property=\"og:type\" content=\"article\" \/>\n<meta property=\"og:title\" content=\"Fanzine C\u00f3mic Panadramas (varias opciones disponibles) | - Pick\u00b7Chick by Mec\" \/>\n<meta property=\"og:description\" content=\"Fanzine en formato c\u00f3mic basado en experiencias reales trabajando en una cafeter\u00eda panader\u00eda narradas con mucho humor y pasatiempos al final.\" \/>\n<meta property=\"og:url\" content=\"https:\/\/www.pickchickbymec.com\/en\/product\/panadramas-fanzine-comic\/\" \/>\n<meta property=\"og:site_name\" content=\"Pick\u00b7Chick by Mec\" \/>\n<meta property=\"article:modified_time\" content=\"2026-01-05T17:04:20+00:00\" \/>\n<meta property=\"og:image\" content=\"https:\/\/www.pickchickbymec.com\/wp-content\/uploads\/2021\/02\/fz-panadramas3.jpg\" \/>\n\t<meta property=\"og:image:width\" content=\"1000\" \/>\n\t<meta property=\"og:image:height\" content=\"1000\" \/>\n\t<meta property=\"og:image:type\" content=\"image\/jpeg\" \/>\n<meta name=\"twitter:card\" content=\"summary_large_image\" \/>\n<meta name=\"twitter:label1\" content=\"Estimated reading time\" \/>\n\t<meta name=\"twitter:data1\" content=\"2 minutes\" \/>\n<script type=\"application\/ld+json\" class=\"yoast-schema-graph\">{\"@context\":\"https:\\\/\\\/schema.org\",\"@graph\":[{\"@type\":\"WebPage\",\"@id\":\"https:\\\/\\\/www.pickchickbymec.com\\\/producto\\\/panadramas-fanzine-comic\\\/\",\"url\":\"https:\\\/\\\/www.pickchickbymec.com\\\/producto\\\/panadramas-fanzine-comic\\\/\",\"name\":\"Fanzine C\u00f3mic Panadramas (varias opciones disponibles) | - Pick\u00b7Chick by Mec\",\"isPartOf\":{\"@id\":\"https:\\\/\\\/www.pickchickbymec.com\\\/#website\"},\"primaryImageOfPage\":{\"@id\":\"https:\\\/\\\/www.pickchickbymec.com\\\/producto\\\/panadramas-fanzine-comic\\\/#primaryimage\"},\"image\":{\"@id\":\"https:\\\/\\\/www.pickchickbymec.com\\\/producto\\\/panadramas-fanzine-comic\\\/#primaryimage\"},\"thumbnailUrl\":\"https:\\\/\\\/www.pickchickbymec.com\\\/wp-content\\\/uploads\\\/2021\\\/02\\\/fz-panadramas3.jpg\",\"datePublished\":\"2021-02-17T10:21:01+00:00\",\"dateModified\":\"2026-01-05T17:04:20+00:00\",\"description\":\"Fanzine en formato c\u00f3mic basado en experiencias reales trabajando en una cafeter\u00eda panader\u00eda narradas con mucho humor y pasatiempos al final.\",\"breadcrumb\":{\"@id\":\"https:\\\/\\\/www.pickchickbymec.com\\\/producto\\\/panadramas-fanzine-comic\\\/#breadcrumb\"},\"inLanguage\":\"en-GB\",\"potentialAction\":[{\"@type\":\"ReadAction\",\"target\":[\"https:\\\/\\\/www.pickchickbymec.com\\\/producto\\\/panadramas-fanzine-comic\\\/\"]}]},{\"@type\":\"ImageObject\",\"inLanguage\":\"en-GB\",\"@id\":\"https:\\\/\\\/www.pickchickbymec.com\\\/producto\\\/panadramas-fanzine-comic\\\/#primaryimage\",\"url\":\"https:\\\/\\\/www.pickchickbymec.com\\\/wp-content\\\/uploads\\\/2021\\\/02\\\/fz-panadramas3.jpg\",\"contentUrl\":\"https:\\\/\\\/www.pickchickbymec.com\\\/wp-content\\\/uploads\\\/2021\\\/02\\\/fz-panadramas3.jpg\",\"width\":1000,\"height\":1000,\"caption\":\"Libro autoeditado tipo revista con historias de humor reales sobre trabajar de cara al p\u00fablico en una panader\u00eda cafeter\u00eda de barrio.\"},{\"@type\":\"BreadcrumbList\",\"@id\":\"https:\\\/\\\/www.pickchickbymec.com\\\/producto\\\/panadramas-fanzine-comic\\\/#breadcrumb\",\"itemListElement\":[{\"@type\":\"ListItem\",\"position\":1,\"name\":\"Portada\",\"item\":\"https:\\\/\\\/www.pickchickbymec.com\\\/\"},{\"@type\":\"ListItem\",\"position\":2,\"name\":\"Tienda\",\"item\":\"https:\\\/\\\/www.pickchickbymec.com\\\/tienda\\\/\"},{\"@type\":\"ListItem\",\"position\":3,\"name\":\"Fanzine C\u00f3mic Panadramas (varias opciones disponibles)\"}]},{\"@type\":\"WebSite\",\"@id\":\"https:\\\/\\\/www.pickchickbymec.com\\\/#website\",\"url\":\"https:\\\/\\\/www.pickchickbymec.com\\\/\",\"name\":\"Pick\u00b7Chick by Mec\",\"description\":\"kawaii illustrator and artisan\",\"publisher\":{\"@id\":\"https:\\\/\\\/www.pickchickbymec.com\\\/#\\\/schema\\\/person\\\/189a1cea9c7f6704595062aabbbb38fe\"},\"potentialAction\":[{\"@type\":\"SearchAction\",\"target\":{\"@type\":\"EntryPoint\",\"urlTemplate\":\"https:\\\/\\\/www.pickchickbymec.com\\\/?s={search_term_string}\"},\"query-input\":{\"@type\":\"PropertyValueSpecification\",\"valueRequired\":true,\"valueName\":\"search_term_string\"}}],\"inLanguage\":\"en-GB\"},{\"@type\":[\"Person\",\"Organization\"],\"@id\":\"https:\\\/\\\/www.pickchickbymec.com\\\/#\\\/schema\\\/person\\\/189a1cea9c7f6704595062aabbbb38fe\",\"name\":\"pickchickbymec\",\"image\":{\"@type\":\"ImageObject\",\"inLanguage\":\"en-GB\",\"@id\":\"https:\\\/\\\/secure.gravatar.com\\\/avatar\\\/0c13b11690ce1ad38e031b40cac436947d766b2585e3e81250e6cf60b0a3b61f?s=96&d=mm&r=g\",\"url\":\"https:\\\/\\\/secure.gravatar.com\\\/avatar\\\/0c13b11690ce1ad38e031b40cac436947d766b2585e3e81250e6cf60b0a3b61f?s=96&d=mm&r=g\",\"contentUrl\":\"https:\\\/\\\/secure.gravatar.com\\\/avatar\\\/0c13b11690ce1ad38e031b40cac436947d766b2585e3e81250e6cf60b0a3b61f?s=96&d=mm&r=g\",\"caption\":\"pickchickbymec\"},\"logo\":{\"@id\":\"https:\\\/\\\/secure.gravatar.com\\\/avatar\\\/0c13b11690ce1ad38e031b40cac436947d766b2585e3e81250e6cf60b0a3b61f?s=96&d=mm&r=g\"}}]}<\/script>\n<!-- \/ Yoast SEO plugin. -->","yoast_head_json":{"title":"Fanzine C\u00f3mic Panadramas (varias opciones disponibles) | - Pick\u00b7Chick by Mec","description":"Fanzine en formato c\u00f3mic basado en experiencias reales trabajando en una cafeter\u00eda panader\u00eda narradas con mucho humor y pasatiempos al final.","robots":{"index":"index","follow":"follow","max-snippet":"max-snippet:-1","max-image-preview":"max-image-preview:large","max-video-preview":"max-video-preview:-1"},"canonical":"https:\/\/www.pickchickbymec.com\/en\/product\/panadramas-fanzine-comic\/","og_locale":"en_GB","og_type":"article","og_title":"Fanzine C\u00f3mic Panadramas (varias opciones disponibles) | - Pick\u00b7Chick by Mec","og_description":"Fanzine en formato c\u00f3mic basado en experiencias reales trabajando en una cafeter\u00eda panader\u00eda narradas con mucho humor y pasatiempos al final.","og_url":"https:\/\/www.pickchickbymec.com\/en\/product\/panadramas-fanzine-comic\/","og_site_name":"Pick\u00b7Chick by Mec","article_modified_time":"2026-01-05T17:04:20+00:00","og_image":[{"width":1000,"height":1000,"url":"https:\/\/www.pickchickbymec.com\/wp-content\/uploads\/2021\/02\/fz-panadramas3.jpg","type":"image\/jpeg"}],"twitter_card":"summary_large_image","twitter_misc":{"Estimated reading time":"2 minutes"},"schema":{"@context":"https:\/\/schema.org","@graph":[{"@type":"WebPage","@id":"https:\/\/www.pickchickbymec.com\/producto\/panadramas-fanzine-comic\/","url":"https:\/\/www.pickchickbymec.com\/producto\/panadramas-fanzine-comic\/","name":"Fanzine C\u00f3mic Panadramas (varias opciones disponibles) | - Pick\u00b7Chick by Mec","isPartOf":{"@id":"https:\/\/www.pickchickbymec.com\/#website"},"primaryImageOfPage":{"@id":"https:\/\/www.pickchickbymec.com\/producto\/panadramas-fanzine-comic\/#primaryimage"},"image":{"@id":"https:\/\/www.pickchickbymec.com\/producto\/panadramas-fanzine-comic\/#primaryimage"},"thumbnailUrl":"https:\/\/www.pickchickbymec.com\/wp-content\/uploads\/2021\/02\/fz-panadramas3.jpg","datePublished":"2021-02-17T10:21:01+00:00","dateModified":"2026-01-05T17:04:20+00:00","description":"Fanzine en formato c\u00f3mic basado en experiencias reales trabajando en una cafeter\u00eda panader\u00eda narradas con mucho humor y pasatiempos al final.","breadcrumb":{"@id":"https:\/\/www.pickchickbymec.com\/producto\/panadramas-fanzine-comic\/#breadcrumb"},"inLanguage":"en-GB","potentialAction":[{"@type":"ReadAction","target":["https:\/\/www.pickchickbymec.com\/producto\/panadramas-fanzine-comic\/"]}]},{"@type":"ImageObject","inLanguage":"en-GB","@id":"https:\/\/www.pickchickbymec.com\/producto\/panadramas-fanzine-comic\/#primaryimage","url":"https:\/\/www.pickchickbymec.com\/wp-content\/uploads\/2021\/02\/fz-panadramas3.jpg","contentUrl":"https:\/\/www.pickchickbymec.com\/wp-content\/uploads\/2021\/02\/fz-panadramas3.jpg","width":1000,"height":1000,"caption":"Libro autoeditado tipo revista con historias de humor reales sobre trabajar de cara al p\u00fablico en una panader\u00eda cafeter\u00eda de barrio."},{"@type":"BreadcrumbList","@id":"https:\/\/www.pickchickbymec.com\/producto\/panadramas-fanzine-comic\/#breadcrumb","itemListElement":[{"@type":"ListItem","position":1,"name":"Portada","item":"https:\/\/www.pickchickbymec.com\/"},{"@type":"ListItem","position":2,"name":"Tienda","item":"https:\/\/www.pickchickbymec.com\/tienda\/"},{"@type":"ListItem","position":3,"name":"Fanzine C\u00f3mic Panadramas (varias opciones disponibles)"}]},{"@type":"WebSite","@id":"https:\/\/www.pickchickbymec.com\/#website","url":"https:\/\/www.pickchickbymec.com\/","name":"Pick-Chick by Mec","description":"kawaii illustrator and artisan","publisher":{"@id":"https:\/\/www.pickchickbymec.com\/#\/schema\/person\/189a1cea9c7f6704595062aabbbb38fe"},"potentialAction":[{"@type":"SearchAction","target":{"@type":"EntryPoint","urlTemplate":"https:\/\/www.pickchickbymec.com\/?s={search_term_string}"},"query-input":{"@type":"PropertyValueSpecification","valueRequired":true,"valueName":"search_term_string"}}],"inLanguage":"en-GB"},{"@type":["Person","Organization"],"@id":"https:\/\/www.pickchickbymec.com\/#\/schema\/person\/189a1cea9c7f6704595062aabbbb38fe","name":"pickchickbymec","image":{"@type":"ImageObject","inLanguage":"en-GB","@id":"https:\/\/secure.gravatar.com\/avatar\/0c13b11690ce1ad38e031b40cac436947d766b2585e3e81250e6cf60b0a3b61f?s=96&d=mm&r=g","url":"https:\/\/secure.gravatar.com\/avatar\/0c13b11690ce1ad38e031b40cac436947d766b2585e3e81250e6cf60b0a3b61f?s=96&d=mm&r=g","contentUrl":"https:\/\/secure.gravatar.com\/avatar\/0c13b11690ce1ad38e031b40cac436947d766b2585e3e81250e6cf60b0a3b61f?s=96&d=mm&r=g","caption":"pickchickbymec"},"logo":{"@id":"https:\/\/secure.gravatar.com\/avatar\/0c13b11690ce1ad38e031b40cac436947d766b2585e3e81250e6cf60b0a3b61f?s=96&d=mm&r=g"}}]}},"jetpack-related-posts":[],"jetpack_sharing_enabled":true,"_links":{"self":[{"href":"https:\/\/www.pickchickbymec.com\/en\/wp-json\/wp\/v2\/product\/2579","targetHints":{"allow":["GET"]}}],"collection":[{"href":"https:\/\/www.pickchickbymec.com\/en\/wp-json\/wp\/v2\/product"}],"about":[{"href":"https:\/\/www.pickchickbymec.com\/en\/wp-json\/wp\/v2\/types\/product"}],"replies":[{"embeddable":true,"href":"https:\/\/www.pickchickbymec.com\/en\/wp-json\/wp\/v2\/comments?post=2579"}],"wp:featuredmedia":[{"embeddable":true,"href":"https:\/\/www.pickchickbymec.com\/en\/wp-json\/wp\/v2\/media\/3215"}],"wp:attachment":[{"href":"https:\/\/www.pickchickbymec.com\/en\/wp-json\/wp\/v2\/media?parent=2579"}],"wp:term":[{"taxonomy":"product_brand","embeddable":true,"href":"https:\/\/www.pickchickbymec.com\/en\/wp-json\/wp\/v2\/product_brand?post=2579"},{"taxonomy":"product_cat","embeddable":true,"href":"https:\/\/www.pickchickbymec.com\/en\/wp-json\/wp\/v2\/product_cat?post=2579"},{"taxonomy":"product_tag","embeddable":true,"href":"https:\/\/www.pickchickbymec.com\/en\/wp-json\/wp\/v2\/product_tag?post=2579"}],"curies":[{"name":"wp","href":"https:\/\/api.w.org\/{rel}","templated":true}]}}