{"id":2833,"date":"2021-02-17T13:34:41","date_gmt":"2021-02-17T12:34:41","guid":{"rendered":"http:\/\/www.pickchickbymec.es.mialias.net\/?post_type=product&#038;p=2833"},"modified":"2026-01-29T15:14:34","modified_gmt":"2026-01-29T14:14:34","slug":"peluche-diamante-mandarin","status":"publish","type":"product","link":"https:\/\/www.pickchickbymec.com\/en\/product\/peluche-diamante-mandarin\/","title":{"rendered":"Peluche Diamante Mandar\u00edn hecho a mano (varios modelos disponibles, personalizable)"},"content":{"rendered":"<p>Este bonito y achuchable peluche est\u00e1n inspirado en un diamante mandar\u00edn, una de las mascotas m\u00e1s populares (y mi animal favorito). Estos mu\u00f1equitos est\u00e1n completamente hechos a mano, y puedes elegir uno de los modelos que tenemos de muestra (macho, hembra y cr\u00eda) o pedirlo en los colores que quieras (incluso lo adaptamos a partir de una foto). Si eres un amante de la ornitolog\u00eda y de estas aves no dudes en hacerte con estos peque\u00f1ajos para decorar cualquier rinc\u00f3n de casa y darle un toque alegre, divertido y campestre. Adem\u00e1s, si escoges la opci\u00f3n de compras la pareja o la familia entera te saldr\u00e1 a un precio especial.<\/p>\n<p>Para pedir un diamante mandar\u00edn hecho completamente al gusto escoge la opci\u00f3n \u00abPersonalizado\u00bb al hacer el pedido y a\u00f1ade una nota, o escr\u00edbeme un email a<a href=\"mailto:pickchickshop@gmail.com\"> pickchickshop@gmail.com<\/a> con los detalles.<\/p>\n<p><strong>Peluche de diamante mandar\u00edn. Especificaciones:<\/strong><\/p>\n<ul>\n<li><span style=\"font-weight: 400;\">Medidas adulto: 10-12 cm<\/span><\/li>\n<li>Medidas cr\u00eda 4 cm<\/li>\n<li>Realizado en tela peludita de peluche<\/li>\n<li>Detalles hechos en fieltro y arcilla polim\u00e9rica<\/li>\n<li>Puedes elegir entre los modelos disponibles o pedir el tuyo personalizado.<\/li>\n<\/ul>\n<p><span style=\"font-weight: 400;\">Este producto se env\u00eda por correo certificado con n\u00famero de seguimiento.<\/span><\/p>\n<p><span style=\"font-weight: 400;\">Echa un vistazo al resto de <a href=\"https:\/\/www.pickchickbymec.com\/en\/product-tag\/pajaros\/\">productos de mi tienda inspirados en pajaritos<\/a> y ahorra al combinar los env\u00edos pidiendo m\u00e1s de un producto. <\/span><\/p>\n<p><span style=\"font-weight: 400;\">Si quieres enterarte de todas las novedades y ver fotos del proceso de los nuevos productos s\u00edgueme en <a href=\"https:\/\/twitter.com\/pickchickbymec\">Twitter<\/a> e <a href=\"https:\/\/www.instagram.com\/pickchickbymec\/\">Instagram<\/a>.<\/span><\/p>","protected":false},"excerpt":{"rendered":"<p>Peluche hecho a mano de diamante mandar\u00edn. Disponibles varios modelos y personalizable por encargo.<\/p>","protected":false},"featured_media":2830,"comment_status":"open","ping_status":"closed","template":"","meta":{"_monsterinsights_skip_tracking":false,"_monsterinsights_sitenote_active":false,"_monsterinsights_sitenote_note":"","_monsterinsights_sitenote_category":0},"product_brand":[],"product_cat":[17],"product_tag":[379,397,399],"class_list":{"0":"post-2833","1":"product","2":"type-product","3":"status-publish","4":"has-post-thumbnail","6":"product_cat-peluches","7":"product_tag-diamante-mandarin","8":"product_tag-pajaros","9":"product_tag-peluches","10":"product_shipping_class-b-certificado-ligero","12":"first","13":"instock","14":"taxable","15":"shipping-taxable","16":"purchasable","17":"product-type-variable"},"yoast_head":"<!-- This site is optimized with the Yoast SEO plugin v27.4 - https:\/\/yoast.com\/product\/yoast-seo-wordpress\/ -->\n<title>Peluche diamante mandar\u00edn hecho a mano | Pick\u00b7Chick by Mec<\/title>\n<meta name=\"description\" content=\"Adorable peluche hecho a mano inspirado en las aves diamante mandar\u00edn. Disponibles en pareja o macho y hembra por separado.\" \/>\n<meta name=\"robots\" content=\"index, follow, max-snippet:-1, max-image-preview:large, max-video-preview:-1\" \/>\n<link rel=\"canonical\" href=\"https:\/\/www.pickchickbymec.com\/en\/product\/peluche-diamante-mandarin\/\" \/>\n<meta property=\"og:locale\" content=\"en_GB\" \/>\n<meta property=\"og:type\" content=\"article\" \/>\n<meta property=\"og:title\" content=\"Peluche diamante mandar\u00edn hecho a mano | Pick\u00b7Chick by Mec\" \/>\n<meta property=\"og:description\" content=\"Adorable peluche hecho a mano inspirado en las aves diamante mandar\u00edn. Disponibles en pareja o macho y hembra por separado.\" \/>\n<meta property=\"og:url\" content=\"https:\/\/www.pickchickbymec.com\/en\/product\/peluche-diamante-mandarin\/\" \/>\n<meta property=\"og:site_name\" content=\"Pick\u00b7Chick by Mec\" \/>\n<meta property=\"article:modified_time\" content=\"2026-01-29T14:14:34+00:00\" \/>\n<meta property=\"og:image\" content=\"https:\/\/www.pickchickbymec.com\/wp-content\/uploads\/2021\/02\/7-2.jpg\" \/>\n\t<meta property=\"og:image:width\" content=\"1000\" \/>\n\t<meta property=\"og:image:height\" content=\"754\" \/>\n\t<meta property=\"og:image:type\" content=\"image\/jpeg\" \/>\n<meta name=\"twitter:card\" content=\"summary_large_image\" \/>\n<meta name=\"twitter:label1\" content=\"Estimated reading time\" \/>\n\t<meta name=\"twitter:data1\" content=\"2 minutes\" \/>\n<script type=\"application\/ld+json\" class=\"yoast-schema-graph\">{\"@context\":\"https:\\\/\\\/schema.org\",\"@graph\":[{\"@type\":\"WebPage\",\"@id\":\"https:\\\/\\\/www.pickchickbymec.com\\\/producto\\\/peluche-diamante-mandarin\\\/\",\"url\":\"https:\\\/\\\/www.pickchickbymec.com\\\/producto\\\/peluche-diamante-mandarin\\\/\",\"name\":\"Peluche diamante mandar\u00edn hecho a mano | Pick\u00b7Chick by Mec\",\"isPartOf\":{\"@id\":\"https:\\\/\\\/www.pickchickbymec.com\\\/#website\"},\"primaryImageOfPage\":{\"@id\":\"https:\\\/\\\/www.pickchickbymec.com\\\/producto\\\/peluche-diamante-mandarin\\\/#primaryimage\"},\"image\":{\"@id\":\"https:\\\/\\\/www.pickchickbymec.com\\\/producto\\\/peluche-diamante-mandarin\\\/#primaryimage\"},\"thumbnailUrl\":\"https:\\\/\\\/www.pickchickbymec.com\\\/wp-content\\\/uploads\\\/2021\\\/02\\\/7-2.jpg\",\"datePublished\":\"2021-02-17T12:34:41+00:00\",\"dateModified\":\"2026-01-29T14:14:34+00:00\",\"description\":\"Adorable peluche hecho a mano inspirado en las aves diamante mandar\u00edn. Disponibles en pareja o macho y hembra por separado.\",\"breadcrumb\":{\"@id\":\"https:\\\/\\\/www.pickchickbymec.com\\\/producto\\\/peluche-diamante-mandarin\\\/#breadcrumb\"},\"inLanguage\":\"en-GB\",\"potentialAction\":[{\"@type\":\"ReadAction\",\"target\":[\"https:\\\/\\\/www.pickchickbymec.com\\\/producto\\\/peluche-diamante-mandarin\\\/\"]}]},{\"@type\":\"ImageObject\",\"inLanguage\":\"en-GB\",\"@id\":\"https:\\\/\\\/www.pickchickbymec.com\\\/producto\\\/peluche-diamante-mandarin\\\/#primaryimage\",\"url\":\"https:\\\/\\\/www.pickchickbymec.com\\\/wp-content\\\/uploads\\\/2021\\\/02\\\/7-2.jpg\",\"contentUrl\":\"https:\\\/\\\/www.pickchickbymec.com\\\/wp-content\\\/uploads\\\/2021\\\/02\\\/7-2.jpg\",\"width\":1000,\"height\":754,\"caption\":\"Peluche del p\u00e1jaro diamante mandarin hecho a mano y muy suave y adorable.\"},{\"@type\":\"BreadcrumbList\",\"@id\":\"https:\\\/\\\/www.pickchickbymec.com\\\/producto\\\/peluche-diamante-mandarin\\\/#breadcrumb\",\"itemListElement\":[{\"@type\":\"ListItem\",\"position\":1,\"name\":\"Portada\",\"item\":\"https:\\\/\\\/www.pickchickbymec.com\\\/\"},{\"@type\":\"ListItem\",\"position\":2,\"name\":\"Tienda\",\"item\":\"https:\\\/\\\/www.pickchickbymec.com\\\/tienda\\\/\"},{\"@type\":\"ListItem\",\"position\":3,\"name\":\"Peluche Diamante Mandar\u00edn hecho a mano (varios modelos disponibles, personalizable)\"}]},{\"@type\":\"WebSite\",\"@id\":\"https:\\\/\\\/www.pickchickbymec.com\\\/#website\",\"url\":\"https:\\\/\\\/www.pickchickbymec.com\\\/\",\"name\":\"Pick\u00b7Chick by Mec\",\"description\":\"kawaii illustrator and artisan\",\"publisher\":{\"@id\":\"https:\\\/\\\/www.pickchickbymec.com\\\/#\\\/schema\\\/person\\\/189a1cea9c7f6704595062aabbbb38fe\"},\"potentialAction\":[{\"@type\":\"SearchAction\",\"target\":{\"@type\":\"EntryPoint\",\"urlTemplate\":\"https:\\\/\\\/www.pickchickbymec.com\\\/?s={search_term_string}\"},\"query-input\":{\"@type\":\"PropertyValueSpecification\",\"valueRequired\":true,\"valueName\":\"search_term_string\"}}],\"inLanguage\":\"en-GB\"},{\"@type\":[\"Person\",\"Organization\"],\"@id\":\"https:\\\/\\\/www.pickchickbymec.com\\\/#\\\/schema\\\/person\\\/189a1cea9c7f6704595062aabbbb38fe\",\"name\":\"pickchickbymec\",\"image\":{\"@type\":\"ImageObject\",\"inLanguage\":\"en-GB\",\"@id\":\"https:\\\/\\\/secure.gravatar.com\\\/avatar\\\/0c13b11690ce1ad38e031b40cac436947d766b2585e3e81250e6cf60b0a3b61f?s=96&d=mm&r=g\",\"url\":\"https:\\\/\\\/secure.gravatar.com\\\/avatar\\\/0c13b11690ce1ad38e031b40cac436947d766b2585e3e81250e6cf60b0a3b61f?s=96&d=mm&r=g\",\"contentUrl\":\"https:\\\/\\\/secure.gravatar.com\\\/avatar\\\/0c13b11690ce1ad38e031b40cac436947d766b2585e3e81250e6cf60b0a3b61f?s=96&d=mm&r=g\",\"caption\":\"pickchickbymec\"},\"logo\":{\"@id\":\"https:\\\/\\\/secure.gravatar.com\\\/avatar\\\/0c13b11690ce1ad38e031b40cac436947d766b2585e3e81250e6cf60b0a3b61f?s=96&d=mm&r=g\"}}]}<\/script>\n<!-- \/ Yoast SEO plugin. -->","yoast_head_json":{"title":"Peluche diamante mandar\u00edn hecho a mano | Pick\u00b7Chick by Mec","description":"Adorable peluche hecho a mano inspirado en las aves diamante mandar\u00edn. Disponibles en pareja o macho y hembra por separado.","robots":{"index":"index","follow":"follow","max-snippet":"max-snippet:-1","max-image-preview":"max-image-preview:large","max-video-preview":"max-video-preview:-1"},"canonical":"https:\/\/www.pickchickbymec.com\/en\/product\/peluche-diamante-mandarin\/","og_locale":"en_GB","og_type":"article","og_title":"Peluche diamante mandar\u00edn hecho a mano | Pick\u00b7Chick by Mec","og_description":"Adorable peluche hecho a mano inspirado en las aves diamante mandar\u00edn. Disponibles en pareja o macho y hembra por separado.","og_url":"https:\/\/www.pickchickbymec.com\/en\/product\/peluche-diamante-mandarin\/","og_site_name":"Pick\u00b7Chick by Mec","article_modified_time":"2026-01-29T14:14:34+00:00","og_image":[{"width":1000,"height":754,"url":"https:\/\/www.pickchickbymec.com\/wp-content\/uploads\/2021\/02\/7-2.jpg","type":"image\/jpeg"}],"twitter_card":"summary_large_image","twitter_misc":{"Estimated reading time":"2 minutes"},"schema":{"@context":"https:\/\/schema.org","@graph":[{"@type":"WebPage","@id":"https:\/\/www.pickchickbymec.com\/producto\/peluche-diamante-mandarin\/","url":"https:\/\/www.pickchickbymec.com\/producto\/peluche-diamante-mandarin\/","name":"Peluche diamante mandar\u00edn hecho a mano | Pick\u00b7Chick by Mec","isPartOf":{"@id":"https:\/\/www.pickchickbymec.com\/#website"},"primaryImageOfPage":{"@id":"https:\/\/www.pickchickbymec.com\/producto\/peluche-diamante-mandarin\/#primaryimage"},"image":{"@id":"https:\/\/www.pickchickbymec.com\/producto\/peluche-diamante-mandarin\/#primaryimage"},"thumbnailUrl":"https:\/\/www.pickchickbymec.com\/wp-content\/uploads\/2021\/02\/7-2.jpg","datePublished":"2021-02-17T12:34:41+00:00","dateModified":"2026-01-29T14:14:34+00:00","description":"Adorable peluche hecho a mano inspirado en las aves diamante mandar\u00edn. Disponibles en pareja o macho y hembra por separado.","breadcrumb":{"@id":"https:\/\/www.pickchickbymec.com\/producto\/peluche-diamante-mandarin\/#breadcrumb"},"inLanguage":"en-GB","potentialAction":[{"@type":"ReadAction","target":["https:\/\/www.pickchickbymec.com\/producto\/peluche-diamante-mandarin\/"]}]},{"@type":"ImageObject","inLanguage":"en-GB","@id":"https:\/\/www.pickchickbymec.com\/producto\/peluche-diamante-mandarin\/#primaryimage","url":"https:\/\/www.pickchickbymec.com\/wp-content\/uploads\/2021\/02\/7-2.jpg","contentUrl":"https:\/\/www.pickchickbymec.com\/wp-content\/uploads\/2021\/02\/7-2.jpg","width":1000,"height":754,"caption":"Peluche del p\u00e1jaro diamante mandarin hecho a mano y muy suave y adorable."},{"@type":"BreadcrumbList","@id":"https:\/\/www.pickchickbymec.com\/producto\/peluche-diamante-mandarin\/#breadcrumb","itemListElement":[{"@type":"ListItem","position":1,"name":"Portada","item":"https:\/\/www.pickchickbymec.com\/"},{"@type":"ListItem","position":2,"name":"Tienda","item":"https:\/\/www.pickchickbymec.com\/tienda\/"},{"@type":"ListItem","position":3,"name":"Peluche Diamante Mandar\u00edn hecho a mano (varios modelos disponibles, personalizable)"}]},{"@type":"WebSite","@id":"https:\/\/www.pickchickbymec.com\/#website","url":"https:\/\/www.pickchickbymec.com\/","name":"Pick-Chick by Mec","description":"kawaii illustrator and artisan","publisher":{"@id":"https:\/\/www.pickchickbymec.com\/#\/schema\/person\/189a1cea9c7f6704595062aabbbb38fe"},"potentialAction":[{"@type":"SearchAction","target":{"@type":"EntryPoint","urlTemplate":"https:\/\/www.pickchickbymec.com\/?s={search_term_string}"},"query-input":{"@type":"PropertyValueSpecification","valueRequired":true,"valueName":"search_term_string"}}],"inLanguage":"en-GB"},{"@type":["Person","Organization"],"@id":"https:\/\/www.pickchickbymec.com\/#\/schema\/person\/189a1cea9c7f6704595062aabbbb38fe","name":"pickchickbymec","image":{"@type":"ImageObject","inLanguage":"en-GB","@id":"https:\/\/secure.gravatar.com\/avatar\/0c13b11690ce1ad38e031b40cac436947d766b2585e3e81250e6cf60b0a3b61f?s=96&d=mm&r=g","url":"https:\/\/secure.gravatar.com\/avatar\/0c13b11690ce1ad38e031b40cac436947d766b2585e3e81250e6cf60b0a3b61f?s=96&d=mm&r=g","contentUrl":"https:\/\/secure.gravatar.com\/avatar\/0c13b11690ce1ad38e031b40cac436947d766b2585e3e81250e6cf60b0a3b61f?s=96&d=mm&r=g","caption":"pickchickbymec"},"logo":{"@id":"https:\/\/secure.gravatar.com\/avatar\/0c13b11690ce1ad38e031b40cac436947d766b2585e3e81250e6cf60b0a3b61f?s=96&d=mm&r=g"}}]}},"jetpack-related-posts":[],"jetpack_sharing_enabled":true,"_links":{"self":[{"href":"https:\/\/www.pickchickbymec.com\/en\/wp-json\/wp\/v2\/product\/2833","targetHints":{"allow":["GET"]}}],"collection":[{"href":"https:\/\/www.pickchickbymec.com\/en\/wp-json\/wp\/v2\/product"}],"about":[{"href":"https:\/\/www.pickchickbymec.com\/en\/wp-json\/wp\/v2\/types\/product"}],"replies":[{"embeddable":true,"href":"https:\/\/www.pickchickbymec.com\/en\/wp-json\/wp\/v2\/comments?post=2833"}],"wp:featuredmedia":[{"embeddable":true,"href":"https:\/\/www.pickchickbymec.com\/en\/wp-json\/wp\/v2\/media\/2830"}],"wp:attachment":[{"href":"https:\/\/www.pickchickbymec.com\/en\/wp-json\/wp\/v2\/media?parent=2833"}],"wp:term":[{"taxonomy":"product_brand","embeddable":true,"href":"https:\/\/www.pickchickbymec.com\/en\/wp-json\/wp\/v2\/product_brand?post=2833"},{"taxonomy":"product_cat","embeddable":true,"href":"https:\/\/www.pickchickbymec.com\/en\/wp-json\/wp\/v2\/product_cat?post=2833"},{"taxonomy":"product_tag","embeddable":true,"href":"https:\/\/www.pickchickbymec.com\/en\/wp-json\/wp\/v2\/product_tag?post=2833"}],"curies":[{"name":"wp","href":"https:\/\/api.w.org\/{rel}","templated":true}]}}