{"id":2849,"date":"2021-02-19T17:38:16","date_gmt":"2021-02-19T16:38:16","guid":{"rendered":"http:\/\/www.pickchickbymec.es.mialias.net\/?post_type=product&#038;p=2849"},"modified":"2025-06-29T06:43:27","modified_gmt":"2025-06-29T04:43:27","slug":"peluche-mini-ave-kiwi-kiwtie","status":"publish","type":"product","link":"https:\/\/www.pickchickbymec.com\/en\/product\/peluche-mini-ave-kiwi-kiwtie\/","title":{"rendered":"Mini peluche ave kiwi Kiw-tie hecho a mano, varios modelos disponibles"},"content":{"rendered":"<p>Peluche especialmente peque\u00f1o y hecho a mano del ave kiwi Kiw-tie. Esta versi\u00f3n chiquitita de nuestros Kiw-tie no lleva ni pajarita ni pa\u00f1uelo, pero son extremadamente adorables y dulces debido a su reducido tama\u00f1o. Est\u00e1n completamente hechos a mano con mucho cari\u00f1o, y adem\u00e1s est\u00e1n disponibles en much\u00edsimos colores distintos.\u00a0 Tambi\u00e9n puedes elegir si lo quieres como peluchito normal para decorar o como llavero para llevarlo contigo all\u00e1 donde vayas. Como ocurre con otros peluchitos de la tienda, si no encuentras ninguno que te guste puedes pedirlo personalizado con la combinaci\u00f3n de cuerpo y detalles que quieras.<\/p>\n<p>Para pedir un mini kiwi hecho completamente al gusto escoge la opci\u00f3n \u00abPersonalizado\u00bb al hacer el pedido y a\u00f1ade una nota, o escr\u00edbeme un email a<a href=\"mailto:pickchickshop@gmail.com\"> pickchickshop@gmail.com<\/a> con los detalles.<\/p>\n<p><strong>Mini peluche ave kiwi Kiw-tie. Especificaciones:<\/strong><\/p>\n<ul>\n<li><span style=\"font-weight: 400;\">Medidas 4 cm aprox<\/span><\/li>\n<li>Realizado en tela de peluche<\/li>\n<li>Pico y patas realizados en arcilla polim\u00e9rica<\/li>\n<li>Ojos de peluche de pl\u00e1stico<\/li>\n<li>Relleno de fibra<\/li>\n<li>Puedes elegir entre los modelos disponibles o pedir el tuyo personalizado<\/li>\n<\/ul>\n<p><span style=\"font-weight: 400;\">Este producto se env\u00eda por correo certificado con n\u00famero de seguimiento.<\/span><\/p>\n<p><span style=\"font-weight: 400;\">Echa un vistazo al resto de <a href=\"https:\/\/www.pickchickbymec.com\/en\/product-tag\/pajaros\/\">productos de mi tienda inspirados en pajaritos<\/a> y ahorra al combinar los env\u00edos pidiendo m\u00e1s de un producto. <\/span><\/p>\n<p><span style=\"font-weight: 400;\">Si quieres enterarte de todas las novedades y ver fotos del proceso de los nuevos productos s\u00edgueme en <a href=\"https:\/\/twitter.com\/pickchickbymec\">Twitter<\/a> e <a href=\"https:\/\/www.instagram.com\/pickchickbymec\/\">Instagram<\/a>.<\/span><\/p>","protected":false},"excerpt":{"rendered":"<p>Mini peluche hecho a mano de ave kiwi.<\/p>\n<p>Varios modelos disponibles.<\/p>","protected":false},"featured_media":7693,"comment_status":"open","ping_status":"closed","template":"","meta":{"_monsterinsights_skip_tracking":false,"_monsterinsights_sitenote_active":false,"_monsterinsights_sitenote_note":"","_monsterinsights_sitenote_category":0},"product_brand":[],"product_cat":[17],"product_tag":[309,397,399,513],"class_list":{"0":"post-2849","1":"product","2":"type-product","3":"status-publish","4":"has-post-thumbnail","6":"product_cat-peluches","7":"product_tag-kiwtie","8":"product_tag-pajaros","9":"product_tag-peluches","10":"product_tag-personajes-originales","11":"product_shipping_class-b-certificado-ligero","13":"first","14":"instock","15":"taxable","16":"shipping-taxable","17":"purchasable","18":"product-type-variable"},"yoast_head":"<!-- This site is optimized with the Yoast SEO plugin v27.4 - https:\/\/yoast.com\/product\/yoast-seo-wordpress\/ -->\n<title>Peluche miniatura ave kiwi Kiw-Tie de colores | Pick\u00b7Chick by Mec<\/title>\n<meta name=\"description\" content=\"Mini Peluche hecho a mano de ave kiwi. Disponible en varios colores y con la opci\u00f3n de adaptarlo como llavero para llevarlo contigo siempre.\" \/>\n<meta name=\"robots\" content=\"index, follow, max-snippet:-1, max-image-preview:large, max-video-preview:-1\" \/>\n<link rel=\"canonical\" href=\"https:\/\/www.pickchickbymec.com\/en\/product\/peluche-mini-ave-kiwi-kiwtie\/\" \/>\n<meta property=\"og:locale\" content=\"en_GB\" \/>\n<meta property=\"og:type\" content=\"article\" \/>\n<meta property=\"og:title\" content=\"Peluche miniatura ave kiwi Kiw-Tie de colores | Pick\u00b7Chick by Mec\" \/>\n<meta property=\"og:description\" content=\"Mini Peluche hecho a mano de ave kiwi. Disponible en varios colores y con la opci\u00f3n de adaptarlo como llavero para llevarlo contigo siempre.\" \/>\n<meta property=\"og:url\" content=\"https:\/\/www.pickchickbymec.com\/en\/product\/peluche-mini-ave-kiwi-kiwtie\/\" \/>\n<meta property=\"og:site_name\" content=\"Pick\u00b7Chick by Mec\" \/>\n<meta property=\"article:modified_time\" content=\"2025-06-29T04:43:27+00:00\" \/>\n<meta property=\"og:image\" content=\"https:\/\/www.pickchickbymec.com\/wp-content\/uploads\/2021\/02\/ene10.jpg\" \/>\n\t<meta property=\"og:image:width\" content=\"2280\" \/>\n\t<meta property=\"og:image:height\" content=\"2280\" \/>\n\t<meta property=\"og:image:type\" content=\"image\/jpeg\" \/>\n<meta name=\"twitter:card\" content=\"summary_large_image\" \/>\n<meta name=\"twitter:label1\" content=\"Estimated reading time\" \/>\n\t<meta name=\"twitter:data1\" content=\"2 minutes\" \/>\n<script type=\"application\/ld+json\" class=\"yoast-schema-graph\">{\"@context\":\"https:\\\/\\\/schema.org\",\"@graph\":[{\"@type\":\"WebPage\",\"@id\":\"https:\\\/\\\/www.pickchickbymec.com\\\/producto\\\/peluche-mini-ave-kiwi-kiwtie\\\/\",\"url\":\"https:\\\/\\\/www.pickchickbymec.com\\\/producto\\\/peluche-mini-ave-kiwi-kiwtie\\\/\",\"name\":\"Peluche miniatura ave kiwi Kiw-Tie de colores | Pick\u00b7Chick by Mec\",\"isPartOf\":{\"@id\":\"https:\\\/\\\/www.pickchickbymec.com\\\/#website\"},\"primaryImageOfPage\":{\"@id\":\"https:\\\/\\\/www.pickchickbymec.com\\\/producto\\\/peluche-mini-ave-kiwi-kiwtie\\\/#primaryimage\"},\"image\":{\"@id\":\"https:\\\/\\\/www.pickchickbymec.com\\\/producto\\\/peluche-mini-ave-kiwi-kiwtie\\\/#primaryimage\"},\"thumbnailUrl\":\"https:\\\/\\\/www.pickchickbymec.com\\\/wp-content\\\/uploads\\\/2021\\\/02\\\/ene10.jpg\",\"datePublished\":\"2021-02-19T16:38:16+00:00\",\"dateModified\":\"2025-06-29T04:43:27+00:00\",\"description\":\"Mini Peluche hecho a mano de ave kiwi. Disponible en varios colores y con la opci\u00f3n de adaptarlo como llavero para llevarlo contigo siempre.\",\"breadcrumb\":{\"@id\":\"https:\\\/\\\/www.pickchickbymec.com\\\/producto\\\/peluche-mini-ave-kiwi-kiwtie\\\/#breadcrumb\"},\"inLanguage\":\"en-GB\",\"potentialAction\":[{\"@type\":\"ReadAction\",\"target\":[\"https:\\\/\\\/www.pickchickbymec.com\\\/producto\\\/peluche-mini-ave-kiwi-kiwtie\\\/\"]}]},{\"@type\":\"ImageObject\",\"inLanguage\":\"en-GB\",\"@id\":\"https:\\\/\\\/www.pickchickbymec.com\\\/producto\\\/peluche-mini-ave-kiwi-kiwtie\\\/#primaryimage\",\"url\":\"https:\\\/\\\/www.pickchickbymec.com\\\/wp-content\\\/uploads\\\/2021\\\/02\\\/ene10.jpg\",\"contentUrl\":\"https:\\\/\\\/www.pickchickbymec.com\\\/wp-content\\\/uploads\\\/2021\\\/02\\\/ene10.jpg\",\"width\":2280,\"height\":2280,\"caption\":\"peluche ave kiwi\"},{\"@type\":\"BreadcrumbList\",\"@id\":\"https:\\\/\\\/www.pickchickbymec.com\\\/producto\\\/peluche-mini-ave-kiwi-kiwtie\\\/#breadcrumb\",\"itemListElement\":[{\"@type\":\"ListItem\",\"position\":1,\"name\":\"Portada\",\"item\":\"https:\\\/\\\/www.pickchickbymec.com\\\/\"},{\"@type\":\"ListItem\",\"position\":2,\"name\":\"Tienda\",\"item\":\"https:\\\/\\\/www.pickchickbymec.com\\\/tienda\\\/\"},{\"@type\":\"ListItem\",\"position\":3,\"name\":\"Mini peluche ave kiwi Kiw-tie hecho a mano, varios modelos disponibles\"}]},{\"@type\":\"WebSite\",\"@id\":\"https:\\\/\\\/www.pickchickbymec.com\\\/#website\",\"url\":\"https:\\\/\\\/www.pickchickbymec.com\\\/\",\"name\":\"Pick\u00b7Chick by Mec\",\"description\":\"kawaii illustrator and artisan\",\"publisher\":{\"@id\":\"https:\\\/\\\/www.pickchickbymec.com\\\/#\\\/schema\\\/person\\\/189a1cea9c7f6704595062aabbbb38fe\"},\"potentialAction\":[{\"@type\":\"SearchAction\",\"target\":{\"@type\":\"EntryPoint\",\"urlTemplate\":\"https:\\\/\\\/www.pickchickbymec.com\\\/?s={search_term_string}\"},\"query-input\":{\"@type\":\"PropertyValueSpecification\",\"valueRequired\":true,\"valueName\":\"search_term_string\"}}],\"inLanguage\":\"en-GB\"},{\"@type\":[\"Person\",\"Organization\"],\"@id\":\"https:\\\/\\\/www.pickchickbymec.com\\\/#\\\/schema\\\/person\\\/189a1cea9c7f6704595062aabbbb38fe\",\"name\":\"pickchickbymec\",\"image\":{\"@type\":\"ImageObject\",\"inLanguage\":\"en-GB\",\"@id\":\"https:\\\/\\\/secure.gravatar.com\\\/avatar\\\/0c13b11690ce1ad38e031b40cac436947d766b2585e3e81250e6cf60b0a3b61f?s=96&d=mm&r=g\",\"url\":\"https:\\\/\\\/secure.gravatar.com\\\/avatar\\\/0c13b11690ce1ad38e031b40cac436947d766b2585e3e81250e6cf60b0a3b61f?s=96&d=mm&r=g\",\"contentUrl\":\"https:\\\/\\\/secure.gravatar.com\\\/avatar\\\/0c13b11690ce1ad38e031b40cac436947d766b2585e3e81250e6cf60b0a3b61f?s=96&d=mm&r=g\",\"caption\":\"pickchickbymec\"},\"logo\":{\"@id\":\"https:\\\/\\\/secure.gravatar.com\\\/avatar\\\/0c13b11690ce1ad38e031b40cac436947d766b2585e3e81250e6cf60b0a3b61f?s=96&d=mm&r=g\"}}]}<\/script>\n<!-- \/ Yoast SEO plugin. -->","yoast_head_json":{"title":"Peluche miniatura ave kiwi Kiw-Tie de colores | Pick\u00b7Chick by Mec","description":"Mini Peluche hecho a mano de ave kiwi. Disponible en varios colores y con la opci\u00f3n de adaptarlo como llavero para llevarlo contigo siempre.","robots":{"index":"index","follow":"follow","max-snippet":"max-snippet:-1","max-image-preview":"max-image-preview:large","max-video-preview":"max-video-preview:-1"},"canonical":"https:\/\/www.pickchickbymec.com\/en\/product\/peluche-mini-ave-kiwi-kiwtie\/","og_locale":"en_GB","og_type":"article","og_title":"Peluche miniatura ave kiwi Kiw-Tie de colores | Pick\u00b7Chick by Mec","og_description":"Mini Peluche hecho a mano de ave kiwi. Disponible en varios colores y con la opci\u00f3n de adaptarlo como llavero para llevarlo contigo siempre.","og_url":"https:\/\/www.pickchickbymec.com\/en\/product\/peluche-mini-ave-kiwi-kiwtie\/","og_site_name":"Pick\u00b7Chick by Mec","article_modified_time":"2025-06-29T04:43:27+00:00","og_image":[{"width":2280,"height":2280,"url":"https:\/\/www.pickchickbymec.com\/wp-content\/uploads\/2021\/02\/ene10.jpg","type":"image\/jpeg"}],"twitter_card":"summary_large_image","twitter_misc":{"Estimated reading time":"2 minutes"},"schema":{"@context":"https:\/\/schema.org","@graph":[{"@type":"WebPage","@id":"https:\/\/www.pickchickbymec.com\/producto\/peluche-mini-ave-kiwi-kiwtie\/","url":"https:\/\/www.pickchickbymec.com\/producto\/peluche-mini-ave-kiwi-kiwtie\/","name":"Peluche miniatura ave kiwi Kiw-Tie de colores | Pick\u00b7Chick by Mec","isPartOf":{"@id":"https:\/\/www.pickchickbymec.com\/#website"},"primaryImageOfPage":{"@id":"https:\/\/www.pickchickbymec.com\/producto\/peluche-mini-ave-kiwi-kiwtie\/#primaryimage"},"image":{"@id":"https:\/\/www.pickchickbymec.com\/producto\/peluche-mini-ave-kiwi-kiwtie\/#primaryimage"},"thumbnailUrl":"https:\/\/www.pickchickbymec.com\/wp-content\/uploads\/2021\/02\/ene10.jpg","datePublished":"2021-02-19T16:38:16+00:00","dateModified":"2025-06-29T04:43:27+00:00","description":"Mini Peluche hecho a mano de ave kiwi. Disponible en varios colores y con la opci\u00f3n de adaptarlo como llavero para llevarlo contigo siempre.","breadcrumb":{"@id":"https:\/\/www.pickchickbymec.com\/producto\/peluche-mini-ave-kiwi-kiwtie\/#breadcrumb"},"inLanguage":"en-GB","potentialAction":[{"@type":"ReadAction","target":["https:\/\/www.pickchickbymec.com\/producto\/peluche-mini-ave-kiwi-kiwtie\/"]}]},{"@type":"ImageObject","inLanguage":"en-GB","@id":"https:\/\/www.pickchickbymec.com\/producto\/peluche-mini-ave-kiwi-kiwtie\/#primaryimage","url":"https:\/\/www.pickchickbymec.com\/wp-content\/uploads\/2021\/02\/ene10.jpg","contentUrl":"https:\/\/www.pickchickbymec.com\/wp-content\/uploads\/2021\/02\/ene10.jpg","width":2280,"height":2280,"caption":"peluche ave kiwi"},{"@type":"BreadcrumbList","@id":"https:\/\/www.pickchickbymec.com\/producto\/peluche-mini-ave-kiwi-kiwtie\/#breadcrumb","itemListElement":[{"@type":"ListItem","position":1,"name":"Portada","item":"https:\/\/www.pickchickbymec.com\/"},{"@type":"ListItem","position":2,"name":"Tienda","item":"https:\/\/www.pickchickbymec.com\/tienda\/"},{"@type":"ListItem","position":3,"name":"Mini peluche ave kiwi Kiw-tie hecho a mano, varios modelos disponibles"}]},{"@type":"WebSite","@id":"https:\/\/www.pickchickbymec.com\/#website","url":"https:\/\/www.pickchickbymec.com\/","name":"Pick-Chick by Mec","description":"kawaii illustrator and artisan","publisher":{"@id":"https:\/\/www.pickchickbymec.com\/#\/schema\/person\/189a1cea9c7f6704595062aabbbb38fe"},"potentialAction":[{"@type":"SearchAction","target":{"@type":"EntryPoint","urlTemplate":"https:\/\/www.pickchickbymec.com\/?s={search_term_string}"},"query-input":{"@type":"PropertyValueSpecification","valueRequired":true,"valueName":"search_term_string"}}],"inLanguage":"en-GB"},{"@type":["Person","Organization"],"@id":"https:\/\/www.pickchickbymec.com\/#\/schema\/person\/189a1cea9c7f6704595062aabbbb38fe","name":"pickchickbymec","image":{"@type":"ImageObject","inLanguage":"en-GB","@id":"https:\/\/secure.gravatar.com\/avatar\/0c13b11690ce1ad38e031b40cac436947d766b2585e3e81250e6cf60b0a3b61f?s=96&d=mm&r=g","url":"https:\/\/secure.gravatar.com\/avatar\/0c13b11690ce1ad38e031b40cac436947d766b2585e3e81250e6cf60b0a3b61f?s=96&d=mm&r=g","contentUrl":"https:\/\/secure.gravatar.com\/avatar\/0c13b11690ce1ad38e031b40cac436947d766b2585e3e81250e6cf60b0a3b61f?s=96&d=mm&r=g","caption":"pickchickbymec"},"logo":{"@id":"https:\/\/secure.gravatar.com\/avatar\/0c13b11690ce1ad38e031b40cac436947d766b2585e3e81250e6cf60b0a3b61f?s=96&d=mm&r=g"}}]}},"jetpack-related-posts":[],"jetpack_sharing_enabled":true,"_links":{"self":[{"href":"https:\/\/www.pickchickbymec.com\/en\/wp-json\/wp\/v2\/product\/2849","targetHints":{"allow":["GET"]}}],"collection":[{"href":"https:\/\/www.pickchickbymec.com\/en\/wp-json\/wp\/v2\/product"}],"about":[{"href":"https:\/\/www.pickchickbymec.com\/en\/wp-json\/wp\/v2\/types\/product"}],"replies":[{"embeddable":true,"href":"https:\/\/www.pickchickbymec.com\/en\/wp-json\/wp\/v2\/comments?post=2849"}],"wp:featuredmedia":[{"embeddable":true,"href":"https:\/\/www.pickchickbymec.com\/en\/wp-json\/wp\/v2\/media\/7693"}],"wp:attachment":[{"href":"https:\/\/www.pickchickbymec.com\/en\/wp-json\/wp\/v2\/media?parent=2849"}],"wp:term":[{"taxonomy":"product_brand","embeddable":true,"href":"https:\/\/www.pickchickbymec.com\/en\/wp-json\/wp\/v2\/product_brand?post=2849"},{"taxonomy":"product_cat","embeddable":true,"href":"https:\/\/www.pickchickbymec.com\/en\/wp-json\/wp\/v2\/product_cat?post=2849"},{"taxonomy":"product_tag","embeddable":true,"href":"https:\/\/www.pickchickbymec.com\/en\/wp-json\/wp\/v2\/product_tag?post=2849"}],"curies":[{"name":"wp","href":"https:\/\/api.w.org\/{rel}","templated":true}]}}