{"id":3048,"date":"2021-02-19T19:33:56","date_gmt":"2021-02-19T18:33:56","guid":{"rendered":"http:\/\/www.pickchickbymec.es.mialias.net\/?post_type=product&#038;p=3048"},"modified":"2024-06-03T15:08:31","modified_gmt":"2024-06-03T13:08:31","slug":"peluche-gato-gordo-sushi-fat-cat","status":"publish","type":"product","link":"https:\/\/www.pickchickbymec.com\/en\/product\/peluche-gato-gordo-sushi-fat-cat\/","title":{"rendered":"Peluche gato gordo Sushi Fat Cat hecho a mano (varios modelos disponibles)"},"content":{"rendered":"<p>Peluche en miniatura de nuestro Fat Cat, un gato gordo llamado Maurice en versi\u00f3n sushi. De base es un Fat Cat normal blanquito, pero le hemos a\u00f1adido detalles para convertirlo en distintas variedades de sushi nigiri y maki. Tanto si prefieres las piezas de at\u00fan, salm\u00f3n, langostino o tamago, puedes elegir el que m\u00e1s te guste. Y si no encuentras ninguno que te convenza puedes encargar uno personalizado del color que quieras, donde podr\u00e1s elegir tambi\u00e9n el color de los ojos. Son muy chiquitines y adorables, ideales para decorar cualquier rinc\u00f3n. Aunque si lo deseas puedes encargar que le a\u00f1adamos una argolla para usarlo de llavero y llevarlo siempre contigo.<\/p>\n<p><strong>Peluche gato gordo Fat Cat Sushi. Especificaciones:<\/strong><\/p>\n<ul>\n<li><span style=\"font-weight: 400;\">Medidas 6 cm aprox<\/span><\/li>\n<li>Realizado en tela de pelo con detalles en fieltro<\/li>\n<li>Ojos de peluche<\/li>\n<li>Puedes elegir entre los modelos disponibles o pedir el tuyo personalizado.<\/li>\n<\/ul>\n<p>Para pedir un gato sushi hecho completamente al gusto escoge la opci\u00f3n \u00abPersonalizado\u00bb al hacer el pedido y\u00a0 escr\u00edbeme un email a<a href=\"mailto:pickchickshop@gmail.com\"> pickchickshop@gmail.com<\/a> para que podamos concretar todos los detalles.<\/p>\n<p><span style=\"font-weight: 400;\">Este producto se env\u00eda por correo certificado con n\u00famero de seguimiento.<\/span><\/p>\n<p><span style=\"font-weight: 400;\">Echa un vistazo al resto de <a href=\"https:\/\/www.pickchickbymec.com\/en\/product-tag\/personajes-originales\/\">productos de mi tienda inspirados en personajes originales<\/a> y ahorra al combinar los env\u00edos pidiendo m\u00e1s de un producto. <\/span><\/p>\n<p><span style=\"font-weight: 400;\">Si quieres enterarte de todas las novedades y ver fotos del proceso de los nuevos productos s\u00edgueme en <a href=\"https:\/\/twitter.com\/pickchickbymec\">Twitter<\/a> e <a href=\"https:\/\/www.instagram.com\/pickchickbymec\/\">Instagram<\/a>.<\/span><\/p>","protected":false},"excerpt":{"rendered":"<p>Peluche gato gordo Sushi fat cat.<\/p>\n<p>Hecho a mano, varios modelos disponibles.<\/p>","protected":false},"featured_media":3052,"comment_status":"open","ping_status":"closed","template":"","meta":{"_monsterinsights_skip_tracking":false,"_monsterinsights_sitenote_active":false,"_monsterinsights_sitenote_note":"","_monsterinsights_sitenote_category":0},"product_brand":[],"product_cat":[17],"product_tag":[305,370,371,513],"class_list":{"0":"post-3048","1":"product","2":"type-product","3":"status-publish","4":"has-post-thumbnail","6":"product_cat-peluches","7":"product_tag-fat-cat","8":"product_tag-llavero","9":"product_tag-peluche","10":"product_tag-personajes-originales","11":"product_shipping_class-b-certificado-ligero","13":"first","14":"instock","15":"taxable","16":"shipping-taxable","17":"purchasable","18":"product-type-variable"},"yoast_head":"<!-- This site is optimized with the Yoast SEO plugin v27.4 - https:\/\/yoast.com\/product\/yoast-seo-wordpress\/ -->\n<title>Peluche gato gordo Sushi Fat Cat hecho a mano (varios modelos disponibles) - Pick\u00b7Chick by Mec<\/title>\n<meta name=\"description\" content=\"Peluche hecho a mano de nuestro gato gordo Fat Cat versi\u00f3n sushi. Distintos modelos disponibles, y podemos adaptarlo a llavero para que lo lleves contigo.\" \/>\n<meta name=\"robots\" content=\"index, follow, max-snippet:-1, max-image-preview:large, max-video-preview:-1\" \/>\n<link rel=\"canonical\" href=\"https:\/\/www.pickchickbymec.com\/en\/product\/peluche-gato-gordo-sushi-fat-cat\/\" \/>\n<meta property=\"og:locale\" content=\"en_GB\" \/>\n<meta property=\"og:type\" content=\"article\" \/>\n<meta property=\"og:title\" content=\"Peluche gato gordo Sushi Fat Cat hecho a mano (varios modelos disponibles) - Pick\u00b7Chick by Mec\" \/>\n<meta property=\"og:description\" content=\"Peluche hecho a mano de nuestro gato gordo Fat Cat versi\u00f3n sushi. Distintos modelos disponibles, y podemos adaptarlo a llavero para que lo lleves contigo.\" \/>\n<meta property=\"og:url\" content=\"https:\/\/www.pickchickbymec.com\/en\/product\/peluche-gato-gordo-sushi-fat-cat\/\" \/>\n<meta property=\"og:site_name\" content=\"Pick\u00b7Chick by Mec\" \/>\n<meta property=\"article:modified_time\" content=\"2024-06-03T13:08:31+00:00\" \/>\n<meta property=\"og:image\" content=\"https:\/\/www.pickchickbymec.com\/wp-content\/uploads\/2021\/02\/grupo3.jpg\" \/>\n\t<meta property=\"og:image:width\" content=\"1000\" \/>\n\t<meta property=\"og:image:height\" content=\"735\" \/>\n\t<meta property=\"og:image:type\" content=\"image\/jpeg\" \/>\n<meta name=\"twitter:card\" content=\"summary_large_image\" \/>\n<meta name=\"twitter:label1\" content=\"Estimated reading time\" \/>\n\t<meta name=\"twitter:data1\" content=\"2 minutes\" \/>\n<script type=\"application\/ld+json\" class=\"yoast-schema-graph\">{\"@context\":\"https:\\\/\\\/schema.org\",\"@graph\":[{\"@type\":\"WebPage\",\"@id\":\"https:\\\/\\\/www.pickchickbymec.com\\\/producto\\\/peluche-gato-gordo-sushi-fat-cat\\\/\",\"url\":\"https:\\\/\\\/www.pickchickbymec.com\\\/producto\\\/peluche-gato-gordo-sushi-fat-cat\\\/\",\"name\":\"Peluche gato gordo Sushi Fat Cat hecho a mano (varios modelos disponibles) - Pick\u00b7Chick by Mec\",\"isPartOf\":{\"@id\":\"https:\\\/\\\/www.pickchickbymec.com\\\/#website\"},\"primaryImageOfPage\":{\"@id\":\"https:\\\/\\\/www.pickchickbymec.com\\\/producto\\\/peluche-gato-gordo-sushi-fat-cat\\\/#primaryimage\"},\"image\":{\"@id\":\"https:\\\/\\\/www.pickchickbymec.com\\\/producto\\\/peluche-gato-gordo-sushi-fat-cat\\\/#primaryimage\"},\"thumbnailUrl\":\"https:\\\/\\\/www.pickchickbymec.com\\\/wp-content\\\/uploads\\\/2021\\\/02\\\/grupo3.jpg\",\"datePublished\":\"2021-02-19T18:33:56+00:00\",\"dateModified\":\"2024-06-03T13:08:31+00:00\",\"description\":\"Peluche hecho a mano de nuestro gato gordo Fat Cat versi\u00f3n sushi. Distintos modelos disponibles, y podemos adaptarlo a llavero para que lo lleves contigo.\",\"breadcrumb\":{\"@id\":\"https:\\\/\\\/www.pickchickbymec.com\\\/producto\\\/peluche-gato-gordo-sushi-fat-cat\\\/#breadcrumb\"},\"inLanguage\":\"en-GB\",\"potentialAction\":[{\"@type\":\"ReadAction\",\"target\":[\"https:\\\/\\\/www.pickchickbymec.com\\\/producto\\\/peluche-gato-gordo-sushi-fat-cat\\\/\"]}]},{\"@type\":\"ImageObject\",\"inLanguage\":\"en-GB\",\"@id\":\"https:\\\/\\\/www.pickchickbymec.com\\\/producto\\\/peluche-gato-gordo-sushi-fat-cat\\\/#primaryimage\",\"url\":\"https:\\\/\\\/www.pickchickbymec.com\\\/wp-content\\\/uploads\\\/2021\\\/02\\\/grupo3.jpg\",\"contentUrl\":\"https:\\\/\\\/www.pickchickbymec.com\\\/wp-content\\\/uploads\\\/2021\\\/02\\\/grupo3.jpg\",\"width\":1000,\"height\":735,\"caption\":\"Peluche kawaii en miniatura de gato gordo en sushi de distintos tipos. Se puede adaptar a llavero.\"},{\"@type\":\"BreadcrumbList\",\"@id\":\"https:\\\/\\\/www.pickchickbymec.com\\\/producto\\\/peluche-gato-gordo-sushi-fat-cat\\\/#breadcrumb\",\"itemListElement\":[{\"@type\":\"ListItem\",\"position\":1,\"name\":\"Portada\",\"item\":\"https:\\\/\\\/www.pickchickbymec.com\\\/\"},{\"@type\":\"ListItem\",\"position\":2,\"name\":\"Tienda\",\"item\":\"https:\\\/\\\/www.pickchickbymec.com\\\/tienda\\\/\"},{\"@type\":\"ListItem\",\"position\":3,\"name\":\"Peluche gato gordo Sushi Fat Cat hecho a mano (varios modelos disponibles)\"}]},{\"@type\":\"WebSite\",\"@id\":\"https:\\\/\\\/www.pickchickbymec.com\\\/#website\",\"url\":\"https:\\\/\\\/www.pickchickbymec.com\\\/\",\"name\":\"Pick\u00b7Chick by Mec\",\"description\":\"kawaii illustrator and artisan\",\"publisher\":{\"@id\":\"https:\\\/\\\/www.pickchickbymec.com\\\/#\\\/schema\\\/person\\\/189a1cea9c7f6704595062aabbbb38fe\"},\"potentialAction\":[{\"@type\":\"SearchAction\",\"target\":{\"@type\":\"EntryPoint\",\"urlTemplate\":\"https:\\\/\\\/www.pickchickbymec.com\\\/?s={search_term_string}\"},\"query-input\":{\"@type\":\"PropertyValueSpecification\",\"valueRequired\":true,\"valueName\":\"search_term_string\"}}],\"inLanguage\":\"en-GB\"},{\"@type\":[\"Person\",\"Organization\"],\"@id\":\"https:\\\/\\\/www.pickchickbymec.com\\\/#\\\/schema\\\/person\\\/189a1cea9c7f6704595062aabbbb38fe\",\"name\":\"pickchickbymec\",\"image\":{\"@type\":\"ImageObject\",\"inLanguage\":\"en-GB\",\"@id\":\"https:\\\/\\\/secure.gravatar.com\\\/avatar\\\/0c13b11690ce1ad38e031b40cac436947d766b2585e3e81250e6cf60b0a3b61f?s=96&d=mm&r=g\",\"url\":\"https:\\\/\\\/secure.gravatar.com\\\/avatar\\\/0c13b11690ce1ad38e031b40cac436947d766b2585e3e81250e6cf60b0a3b61f?s=96&d=mm&r=g\",\"contentUrl\":\"https:\\\/\\\/secure.gravatar.com\\\/avatar\\\/0c13b11690ce1ad38e031b40cac436947d766b2585e3e81250e6cf60b0a3b61f?s=96&d=mm&r=g\",\"caption\":\"pickchickbymec\"},\"logo\":{\"@id\":\"https:\\\/\\\/secure.gravatar.com\\\/avatar\\\/0c13b11690ce1ad38e031b40cac436947d766b2585e3e81250e6cf60b0a3b61f?s=96&d=mm&r=g\"}}]}<\/script>\n<!-- \/ Yoast SEO plugin. -->","yoast_head_json":{"title":"Peluche gato gordo Sushi Fat Cat hecho a mano (varios modelos disponibles) - Pick\u00b7Chick by Mec","description":"Peluche hecho a mano de nuestro gato gordo Fat Cat versi\u00f3n sushi. Distintos modelos disponibles, y podemos adaptarlo a llavero para que lo lleves contigo.","robots":{"index":"index","follow":"follow","max-snippet":"max-snippet:-1","max-image-preview":"max-image-preview:large","max-video-preview":"max-video-preview:-1"},"canonical":"https:\/\/www.pickchickbymec.com\/en\/product\/peluche-gato-gordo-sushi-fat-cat\/","og_locale":"en_GB","og_type":"article","og_title":"Peluche gato gordo Sushi Fat Cat hecho a mano (varios modelos disponibles) - Pick\u00b7Chick by Mec","og_description":"Peluche hecho a mano de nuestro gato gordo Fat Cat versi\u00f3n sushi. Distintos modelos disponibles, y podemos adaptarlo a llavero para que lo lleves contigo.","og_url":"https:\/\/www.pickchickbymec.com\/en\/product\/peluche-gato-gordo-sushi-fat-cat\/","og_site_name":"Pick\u00b7Chick by Mec","article_modified_time":"2024-06-03T13:08:31+00:00","og_image":[{"width":1000,"height":735,"url":"https:\/\/www.pickchickbymec.com\/wp-content\/uploads\/2021\/02\/grupo3.jpg","type":"image\/jpeg"}],"twitter_card":"summary_large_image","twitter_misc":{"Estimated reading time":"2 minutes"},"schema":{"@context":"https:\/\/schema.org","@graph":[{"@type":"WebPage","@id":"https:\/\/www.pickchickbymec.com\/producto\/peluche-gato-gordo-sushi-fat-cat\/","url":"https:\/\/www.pickchickbymec.com\/producto\/peluche-gato-gordo-sushi-fat-cat\/","name":"Peluche gato gordo Sushi Fat Cat hecho a mano (varios modelos disponibles) - Pick\u00b7Chick by Mec","isPartOf":{"@id":"https:\/\/www.pickchickbymec.com\/#website"},"primaryImageOfPage":{"@id":"https:\/\/www.pickchickbymec.com\/producto\/peluche-gato-gordo-sushi-fat-cat\/#primaryimage"},"image":{"@id":"https:\/\/www.pickchickbymec.com\/producto\/peluche-gato-gordo-sushi-fat-cat\/#primaryimage"},"thumbnailUrl":"https:\/\/www.pickchickbymec.com\/wp-content\/uploads\/2021\/02\/grupo3.jpg","datePublished":"2021-02-19T18:33:56+00:00","dateModified":"2024-06-03T13:08:31+00:00","description":"Peluche hecho a mano de nuestro gato gordo Fat Cat versi\u00f3n sushi. Distintos modelos disponibles, y podemos adaptarlo a llavero para que lo lleves contigo.","breadcrumb":{"@id":"https:\/\/www.pickchickbymec.com\/producto\/peluche-gato-gordo-sushi-fat-cat\/#breadcrumb"},"inLanguage":"en-GB","potentialAction":[{"@type":"ReadAction","target":["https:\/\/www.pickchickbymec.com\/producto\/peluche-gato-gordo-sushi-fat-cat\/"]}]},{"@type":"ImageObject","inLanguage":"en-GB","@id":"https:\/\/www.pickchickbymec.com\/producto\/peluche-gato-gordo-sushi-fat-cat\/#primaryimage","url":"https:\/\/www.pickchickbymec.com\/wp-content\/uploads\/2021\/02\/grupo3.jpg","contentUrl":"https:\/\/www.pickchickbymec.com\/wp-content\/uploads\/2021\/02\/grupo3.jpg","width":1000,"height":735,"caption":"Peluche kawaii en miniatura de gato gordo en sushi de distintos tipos. Se puede adaptar a llavero."},{"@type":"BreadcrumbList","@id":"https:\/\/www.pickchickbymec.com\/producto\/peluche-gato-gordo-sushi-fat-cat\/#breadcrumb","itemListElement":[{"@type":"ListItem","position":1,"name":"Portada","item":"https:\/\/www.pickchickbymec.com\/"},{"@type":"ListItem","position":2,"name":"Tienda","item":"https:\/\/www.pickchickbymec.com\/tienda\/"},{"@type":"ListItem","position":3,"name":"Peluche gato gordo Sushi Fat Cat hecho a mano (varios modelos disponibles)"}]},{"@type":"WebSite","@id":"https:\/\/www.pickchickbymec.com\/#website","url":"https:\/\/www.pickchickbymec.com\/","name":"Pick-Chick by Mec","description":"kawaii illustrator and artisan","publisher":{"@id":"https:\/\/www.pickchickbymec.com\/#\/schema\/person\/189a1cea9c7f6704595062aabbbb38fe"},"potentialAction":[{"@type":"SearchAction","target":{"@type":"EntryPoint","urlTemplate":"https:\/\/www.pickchickbymec.com\/?s={search_term_string}"},"query-input":{"@type":"PropertyValueSpecification","valueRequired":true,"valueName":"search_term_string"}}],"inLanguage":"en-GB"},{"@type":["Person","Organization"],"@id":"https:\/\/www.pickchickbymec.com\/#\/schema\/person\/189a1cea9c7f6704595062aabbbb38fe","name":"pickchickbymec","image":{"@type":"ImageObject","inLanguage":"en-GB","@id":"https:\/\/secure.gravatar.com\/avatar\/0c13b11690ce1ad38e031b40cac436947d766b2585e3e81250e6cf60b0a3b61f?s=96&d=mm&r=g","url":"https:\/\/secure.gravatar.com\/avatar\/0c13b11690ce1ad38e031b40cac436947d766b2585e3e81250e6cf60b0a3b61f?s=96&d=mm&r=g","contentUrl":"https:\/\/secure.gravatar.com\/avatar\/0c13b11690ce1ad38e031b40cac436947d766b2585e3e81250e6cf60b0a3b61f?s=96&d=mm&r=g","caption":"pickchickbymec"},"logo":{"@id":"https:\/\/secure.gravatar.com\/avatar\/0c13b11690ce1ad38e031b40cac436947d766b2585e3e81250e6cf60b0a3b61f?s=96&d=mm&r=g"}}]}},"jetpack-related-posts":[],"jetpack_sharing_enabled":true,"_links":{"self":[{"href":"https:\/\/www.pickchickbymec.com\/en\/wp-json\/wp\/v2\/product\/3048","targetHints":{"allow":["GET"]}}],"collection":[{"href":"https:\/\/www.pickchickbymec.com\/en\/wp-json\/wp\/v2\/product"}],"about":[{"href":"https:\/\/www.pickchickbymec.com\/en\/wp-json\/wp\/v2\/types\/product"}],"replies":[{"embeddable":true,"href":"https:\/\/www.pickchickbymec.com\/en\/wp-json\/wp\/v2\/comments?post=3048"}],"wp:featuredmedia":[{"embeddable":true,"href":"https:\/\/www.pickchickbymec.com\/en\/wp-json\/wp\/v2\/media\/3052"}],"wp:attachment":[{"href":"https:\/\/www.pickchickbymec.com\/en\/wp-json\/wp\/v2\/media?parent=3048"}],"wp:term":[{"taxonomy":"product_brand","embeddable":true,"href":"https:\/\/www.pickchickbymec.com\/en\/wp-json\/wp\/v2\/product_brand?post=3048"},{"taxonomy":"product_cat","embeddable":true,"href":"https:\/\/www.pickchickbymec.com\/en\/wp-json\/wp\/v2\/product_cat?post=3048"},{"taxonomy":"product_tag","embeddable":true,"href":"https:\/\/www.pickchickbymec.com\/en\/wp-json\/wp\/v2\/product_tag?post=3048"}],"curies":[{"name":"wp","href":"https:\/\/api.w.org\/{rel}","templated":true}]}}