{"id":3599,"date":"2021-03-31T20:46:59","date_gmt":"2021-03-31T18:46:59","guid":{"rendered":"https:\/\/www.pickchickbymec.com\/?post_type=product&#038;p=3599"},"modified":"2026-02-07T02:21:22","modified_gmt":"2026-02-07T01:21:22","slug":"peluche-monstruo-mobbo","status":"publish","type":"product","link":"https:\/\/www.pickchickbymec.com\/en\/product\/peluche-monstruo-mobbo\/","title":{"rendered":"Peluche MOBBO, el monstruo que abraza (hecho a mano, varios modelos disponibles)"},"content":{"rendered":"<p>Peluche hecho completamente a mano de nuestro personaje Mobbo. Si no est\u00e1s pasando por un buen momento, o conoces a alguien que necesite un empuj\u00f3n an\u00edmico adoptar uno de nuestros Mobbo puede ser una muy buena opci\u00f3n.<\/p>\n<p style=\"text-align: center;\"><em>Se dice que cuando est\u00e1s triste aparece un Mobbo y te abraza. No solucionar\u00e1 tus problemas, pero har\u00e1 que te sientas mejor transmiti\u00e9ndote todo su cari\u00f1o. Cada Mobbo es \u00fanico y personal, porque los Mobbo son una representaci\u00f3n de los problemas que nos atormentan a lo largo de la vida. Debes aceptarlos, \u00a0hacerlos tuyos y convertirlos en una experiencia m\u00e1s de la que aprender y que te construyan como la persona que eres. En definitiva, debes abrazar los obst\u00e1culos para superarlos, aunque a veces asusten tanto como un monstruo.<\/em><\/p>\n<p>Cada Mobbo es \u00fanico, va numerado e incluye una tarjeta con su historia y un certificado para que rellenes con su nombre y el motivo por el que viene a abrazarte. El cuerpo es de tela peludita larga con detalles en algod\u00f3n de diversos estampados. Los brazos tienen alambre por dentro para que los puedas posar. Lleva ojos de bot\u00f3n y u\u00f1as de arcilla polim\u00e9rica. Puedes elegir alguno de los que tenemos en stock o pedirlo personalizado al gusto.<\/p>\n<p><strong>Peluche monstruo Mobbo. Especificaciones:<\/strong><\/p>\n<ul>\n<li><span style=\"font-weight: 400;\">Medidas 35 cm aprox<\/span><\/li>\n<li>Realizado en tela de pelo largo y telas de patchwork<\/li>\n<li>U\u00f1as de arcilla polim\u00e9rica<\/li>\n<li>Puedes elegir entre los modelos disponibles o pedir el tuyo personalizado.<\/li>\n<\/ul>\n<p>Para pedir un Mobbo hecho completamente al gusto escoge la opci\u00f3n \u00abPersonalizado\u00bb al hacer el pedido y\u00a0 escr\u00edbeme un email a<a href=\"mailto:pickchickshop@gmail.com\"> pickchickshop@gmail.com<\/a> para que podamos concretar todos los detalles.<\/p>\n<p><span style=\"font-weight: 400;\">Este producto se env\u00eda por correo certificado con n\u00famero de seguimiento.<\/span><\/p>\n<p><span style=\"font-weight: 400;\">Echa un vistazo al resto de <a href=\"https:\/\/www.pickchickbymec.com\/en\/product-tag\/personajes-originales\/\">productos de mi tienda inspirados en personajes originales<\/a> y ahorra al combinar los env\u00edos pidiendo m\u00e1s de un producto. <\/span><\/p>\n<p><span style=\"font-weight: 400;\">Si quieres enterarte de todas las novedades y ver fotos del proceso de los nuevos productos s\u00edgueme en <a href=\"https:\/\/twitter.com\/pickchickbymec\">Twitter<\/a> e <a href=\"https:\/\/www.instagram.com\/pickchickbymec\/\">Instagram<\/a>.<\/span><\/p>","protected":false},"excerpt":{"rendered":"<p>Peluche hecho a mano del monstruo Mobbo.<\/p>\n<p>Varios modelos disponibles, disponible personalizado.<\/p>","protected":false},"featured_media":7586,"comment_status":"open","ping_status":"closed","template":"","meta":{"_monsterinsights_skip_tracking":false,"_monsterinsights_sitenote_active":false,"_monsterinsights_sitenote_note":"","_monsterinsights_sitenote_category":0},"product_brand":[],"product_cat":[17],"product_tag":[310,399,513],"class_list":{"0":"post-3599","1":"product","2":"type-product","3":"status-publish","4":"has-post-thumbnail","6":"product_cat-peluches","7":"product_tag-mobbo","8":"product_tag-peluches","9":"product_tag-personajes-originales","10":"product_shipping_class-paqeconomic","12":"first","13":"instock","14":"taxable","15":"shipping-taxable","16":"purchasable","17":"product-type-variable"},"yoast_head":"<!-- This site is optimized with the Yoast SEO plugin v27.4 - https:\/\/yoast.com\/product\/yoast-seo-wordpress\/ -->\n<title>Peluche Mobbo, el monstruo que abraza | Pick\u00b7Chick by Mec<\/title>\n<meta name=\"description\" content=\"Peluche hecho a mano de Mobbo, nuestro monstruo que abraza en los malos momentos. Cada uno es \u00fanico y te ayudar\u00e1 con la ansiedad y depresi\u00f3n.\" \/>\n<meta name=\"robots\" content=\"index, follow, max-snippet:-1, max-image-preview:large, max-video-preview:-1\" \/>\n<link rel=\"canonical\" href=\"https:\/\/www.pickchickbymec.com\/en\/product\/peluche-monstruo-mobbo\/\" \/>\n<meta property=\"og:locale\" content=\"en_GB\" \/>\n<meta property=\"og:type\" content=\"article\" \/>\n<meta property=\"og:title\" content=\"Peluche Mobbo, el monstruo que abraza | Pick\u00b7Chick by Mec\" \/>\n<meta property=\"og:description\" content=\"Peluche hecho a mano de Mobbo, nuestro monstruo que abraza en los malos momentos. Cada uno es \u00fanico y te ayudar\u00e1 con la ansiedad y depresi\u00f3n.\" \/>\n<meta property=\"og:url\" content=\"https:\/\/www.pickchickbymec.com\/en\/product\/peluche-monstruo-mobbo\/\" \/>\n<meta property=\"og:site_name\" content=\"Pick\u00b7Chick by Mec\" \/>\n<meta property=\"article:modified_time\" content=\"2026-02-07T01:21:22+00:00\" \/>\n<meta property=\"og:image\" content=\"https:\/\/www.pickchickbymec.com\/wp-content\/uploads\/2024\/06\/jueves-30-junio.jpg\" \/>\n\t<meta property=\"og:image:width\" content=\"1500\" \/>\n\t<meta property=\"og:image:height\" content=\"1500\" \/>\n\t<meta property=\"og:image:type\" content=\"image\/jpeg\" \/>\n<meta name=\"twitter:card\" content=\"summary_large_image\" \/>\n<meta name=\"twitter:label1\" content=\"Estimated reading time\" \/>\n\t<meta name=\"twitter:data1\" content=\"2 minutes\" \/>\n<script type=\"application\/ld+json\" class=\"yoast-schema-graph\">{\"@context\":\"https:\\\/\\\/schema.org\",\"@graph\":[{\"@type\":\"WebPage\",\"@id\":\"https:\\\/\\\/www.pickchickbymec.com\\\/producto\\\/peluche-monstruo-mobbo\\\/\",\"url\":\"https:\\\/\\\/www.pickchickbymec.com\\\/producto\\\/peluche-monstruo-mobbo\\\/\",\"name\":\"Peluche Mobbo, el monstruo que abraza | Pick\u00b7Chick by Mec\",\"isPartOf\":{\"@id\":\"https:\\\/\\\/www.pickchickbymec.com\\\/#website\"},\"primaryImageOfPage\":{\"@id\":\"https:\\\/\\\/www.pickchickbymec.com\\\/producto\\\/peluche-monstruo-mobbo\\\/#primaryimage\"},\"image\":{\"@id\":\"https:\\\/\\\/www.pickchickbymec.com\\\/producto\\\/peluche-monstruo-mobbo\\\/#primaryimage\"},\"thumbnailUrl\":\"https:\\\/\\\/www.pickchickbymec.com\\\/wp-content\\\/uploads\\\/2024\\\/06\\\/jueves-30-junio.jpg\",\"datePublished\":\"2021-03-31T18:46:59+00:00\",\"dateModified\":\"2026-02-07T01:21:22+00:00\",\"description\":\"Peluche hecho a mano de Mobbo, nuestro monstruo que abraza en los malos momentos. Cada uno es \u00fanico y te ayudar\u00e1 con la ansiedad y depresi\u00f3n.\",\"breadcrumb\":{\"@id\":\"https:\\\/\\\/www.pickchickbymec.com\\\/producto\\\/peluche-monstruo-mobbo\\\/#breadcrumb\"},\"inLanguage\":\"en-GB\",\"potentialAction\":[{\"@type\":\"ReadAction\",\"target\":[\"https:\\\/\\\/www.pickchickbymec.com\\\/producto\\\/peluche-monstruo-mobbo\\\/\"]}]},{\"@type\":\"ImageObject\",\"inLanguage\":\"en-GB\",\"@id\":\"https:\\\/\\\/www.pickchickbymec.com\\\/producto\\\/peluche-monstruo-mobbo\\\/#primaryimage\",\"url\":\"https:\\\/\\\/www.pickchickbymec.com\\\/wp-content\\\/uploads\\\/2024\\\/06\\\/jueves-30-junio.jpg\",\"contentUrl\":\"https:\\\/\\\/www.pickchickbymec.com\\\/wp-content\\\/uploads\\\/2024\\\/06\\\/jueves-30-junio.jpg\",\"width\":1500,\"height\":1500},{\"@type\":\"BreadcrumbList\",\"@id\":\"https:\\\/\\\/www.pickchickbymec.com\\\/producto\\\/peluche-monstruo-mobbo\\\/#breadcrumb\",\"itemListElement\":[{\"@type\":\"ListItem\",\"position\":1,\"name\":\"Portada\",\"item\":\"https:\\\/\\\/www.pickchickbymec.com\\\/\"},{\"@type\":\"ListItem\",\"position\":2,\"name\":\"Tienda\",\"item\":\"https:\\\/\\\/www.pickchickbymec.com\\\/tienda\\\/\"},{\"@type\":\"ListItem\",\"position\":3,\"name\":\"Peluche MOBBO, el monstruo que abraza (hecho a mano, varios modelos disponibles)\"}]},{\"@type\":\"WebSite\",\"@id\":\"https:\\\/\\\/www.pickchickbymec.com\\\/#website\",\"url\":\"https:\\\/\\\/www.pickchickbymec.com\\\/\",\"name\":\"Pick\u00b7Chick by Mec\",\"description\":\"kawaii illustrator and artisan\",\"publisher\":{\"@id\":\"https:\\\/\\\/www.pickchickbymec.com\\\/#\\\/schema\\\/person\\\/189a1cea9c7f6704595062aabbbb38fe\"},\"potentialAction\":[{\"@type\":\"SearchAction\",\"target\":{\"@type\":\"EntryPoint\",\"urlTemplate\":\"https:\\\/\\\/www.pickchickbymec.com\\\/?s={search_term_string}\"},\"query-input\":{\"@type\":\"PropertyValueSpecification\",\"valueRequired\":true,\"valueName\":\"search_term_string\"}}],\"inLanguage\":\"en-GB\"},{\"@type\":[\"Person\",\"Organization\"],\"@id\":\"https:\\\/\\\/www.pickchickbymec.com\\\/#\\\/schema\\\/person\\\/189a1cea9c7f6704595062aabbbb38fe\",\"name\":\"pickchickbymec\",\"image\":{\"@type\":\"ImageObject\",\"inLanguage\":\"en-GB\",\"@id\":\"https:\\\/\\\/secure.gravatar.com\\\/avatar\\\/0c13b11690ce1ad38e031b40cac436947d766b2585e3e81250e6cf60b0a3b61f?s=96&d=mm&r=g\",\"url\":\"https:\\\/\\\/secure.gravatar.com\\\/avatar\\\/0c13b11690ce1ad38e031b40cac436947d766b2585e3e81250e6cf60b0a3b61f?s=96&d=mm&r=g\",\"contentUrl\":\"https:\\\/\\\/secure.gravatar.com\\\/avatar\\\/0c13b11690ce1ad38e031b40cac436947d766b2585e3e81250e6cf60b0a3b61f?s=96&d=mm&r=g\",\"caption\":\"pickchickbymec\"},\"logo\":{\"@id\":\"https:\\\/\\\/secure.gravatar.com\\\/avatar\\\/0c13b11690ce1ad38e031b40cac436947d766b2585e3e81250e6cf60b0a3b61f?s=96&d=mm&r=g\"}}]}<\/script>\n<!-- \/ Yoast SEO plugin. -->","yoast_head_json":{"title":"Peluche Mobbo, el monstruo que abraza | Pick\u00b7Chick by Mec","description":"Peluche hecho a mano de Mobbo, nuestro monstruo que abraza en los malos momentos. Cada uno es \u00fanico y te ayudar\u00e1 con la ansiedad y depresi\u00f3n.","robots":{"index":"index","follow":"follow","max-snippet":"max-snippet:-1","max-image-preview":"max-image-preview:large","max-video-preview":"max-video-preview:-1"},"canonical":"https:\/\/www.pickchickbymec.com\/en\/product\/peluche-monstruo-mobbo\/","og_locale":"en_GB","og_type":"article","og_title":"Peluche Mobbo, el monstruo que abraza | Pick\u00b7Chick by Mec","og_description":"Peluche hecho a mano de Mobbo, nuestro monstruo que abraza en los malos momentos. Cada uno es \u00fanico y te ayudar\u00e1 con la ansiedad y depresi\u00f3n.","og_url":"https:\/\/www.pickchickbymec.com\/en\/product\/peluche-monstruo-mobbo\/","og_site_name":"Pick\u00b7Chick by Mec","article_modified_time":"2026-02-07T01:21:22+00:00","og_image":[{"width":1500,"height":1500,"url":"https:\/\/www.pickchickbymec.com\/wp-content\/uploads\/2024\/06\/jueves-30-junio.jpg","type":"image\/jpeg"}],"twitter_card":"summary_large_image","twitter_misc":{"Estimated reading time":"2 minutes"},"schema":{"@context":"https:\/\/schema.org","@graph":[{"@type":"WebPage","@id":"https:\/\/www.pickchickbymec.com\/producto\/peluche-monstruo-mobbo\/","url":"https:\/\/www.pickchickbymec.com\/producto\/peluche-monstruo-mobbo\/","name":"Peluche Mobbo, el monstruo que abraza | Pick\u00b7Chick by Mec","isPartOf":{"@id":"https:\/\/www.pickchickbymec.com\/#website"},"primaryImageOfPage":{"@id":"https:\/\/www.pickchickbymec.com\/producto\/peluche-monstruo-mobbo\/#primaryimage"},"image":{"@id":"https:\/\/www.pickchickbymec.com\/producto\/peluche-monstruo-mobbo\/#primaryimage"},"thumbnailUrl":"https:\/\/www.pickchickbymec.com\/wp-content\/uploads\/2024\/06\/jueves-30-junio.jpg","datePublished":"2021-03-31T18:46:59+00:00","dateModified":"2026-02-07T01:21:22+00:00","description":"Peluche hecho a mano de Mobbo, nuestro monstruo que abraza en los malos momentos. Cada uno es \u00fanico y te ayudar\u00e1 con la ansiedad y depresi\u00f3n.","breadcrumb":{"@id":"https:\/\/www.pickchickbymec.com\/producto\/peluche-monstruo-mobbo\/#breadcrumb"},"inLanguage":"en-GB","potentialAction":[{"@type":"ReadAction","target":["https:\/\/www.pickchickbymec.com\/producto\/peluche-monstruo-mobbo\/"]}]},{"@type":"ImageObject","inLanguage":"en-GB","@id":"https:\/\/www.pickchickbymec.com\/producto\/peluche-monstruo-mobbo\/#primaryimage","url":"https:\/\/www.pickchickbymec.com\/wp-content\/uploads\/2024\/06\/jueves-30-junio.jpg","contentUrl":"https:\/\/www.pickchickbymec.com\/wp-content\/uploads\/2024\/06\/jueves-30-junio.jpg","width":1500,"height":1500},{"@type":"BreadcrumbList","@id":"https:\/\/www.pickchickbymec.com\/producto\/peluche-monstruo-mobbo\/#breadcrumb","itemListElement":[{"@type":"ListItem","position":1,"name":"Portada","item":"https:\/\/www.pickchickbymec.com\/"},{"@type":"ListItem","position":2,"name":"Tienda","item":"https:\/\/www.pickchickbymec.com\/tienda\/"},{"@type":"ListItem","position":3,"name":"Peluche MOBBO, el monstruo que abraza (hecho a mano, varios modelos disponibles)"}]},{"@type":"WebSite","@id":"https:\/\/www.pickchickbymec.com\/#website","url":"https:\/\/www.pickchickbymec.com\/","name":"Pick-Chick by Mec","description":"kawaii illustrator and artisan","publisher":{"@id":"https:\/\/www.pickchickbymec.com\/#\/schema\/person\/189a1cea9c7f6704595062aabbbb38fe"},"potentialAction":[{"@type":"SearchAction","target":{"@type":"EntryPoint","urlTemplate":"https:\/\/www.pickchickbymec.com\/?s={search_term_string}"},"query-input":{"@type":"PropertyValueSpecification","valueRequired":true,"valueName":"search_term_string"}}],"inLanguage":"en-GB"},{"@type":["Person","Organization"],"@id":"https:\/\/www.pickchickbymec.com\/#\/schema\/person\/189a1cea9c7f6704595062aabbbb38fe","name":"pickchickbymec","image":{"@type":"ImageObject","inLanguage":"en-GB","@id":"https:\/\/secure.gravatar.com\/avatar\/0c13b11690ce1ad38e031b40cac436947d766b2585e3e81250e6cf60b0a3b61f?s=96&d=mm&r=g","url":"https:\/\/secure.gravatar.com\/avatar\/0c13b11690ce1ad38e031b40cac436947d766b2585e3e81250e6cf60b0a3b61f?s=96&d=mm&r=g","contentUrl":"https:\/\/secure.gravatar.com\/avatar\/0c13b11690ce1ad38e031b40cac436947d766b2585e3e81250e6cf60b0a3b61f?s=96&d=mm&r=g","caption":"pickchickbymec"},"logo":{"@id":"https:\/\/secure.gravatar.com\/avatar\/0c13b11690ce1ad38e031b40cac436947d766b2585e3e81250e6cf60b0a3b61f?s=96&d=mm&r=g"}}]}},"jetpack-related-posts":[],"jetpack_sharing_enabled":true,"_links":{"self":[{"href":"https:\/\/www.pickchickbymec.com\/en\/wp-json\/wp\/v2\/product\/3599","targetHints":{"allow":["GET"]}}],"collection":[{"href":"https:\/\/www.pickchickbymec.com\/en\/wp-json\/wp\/v2\/product"}],"about":[{"href":"https:\/\/www.pickchickbymec.com\/en\/wp-json\/wp\/v2\/types\/product"}],"replies":[{"embeddable":true,"href":"https:\/\/www.pickchickbymec.com\/en\/wp-json\/wp\/v2\/comments?post=3599"}],"wp:featuredmedia":[{"embeddable":true,"href":"https:\/\/www.pickchickbymec.com\/en\/wp-json\/wp\/v2\/media\/7586"}],"wp:attachment":[{"href":"https:\/\/www.pickchickbymec.com\/en\/wp-json\/wp\/v2\/media?parent=3599"}],"wp:term":[{"taxonomy":"product_brand","embeddable":true,"href":"https:\/\/www.pickchickbymec.com\/en\/wp-json\/wp\/v2\/product_brand?post=3599"},{"taxonomy":"product_cat","embeddable":true,"href":"https:\/\/www.pickchickbymec.com\/en\/wp-json\/wp\/v2\/product_cat?post=3599"},{"taxonomy":"product_tag","embeddable":true,"href":"https:\/\/www.pickchickbymec.com\/en\/wp-json\/wp\/v2\/product_tag?post=3599"}],"curies":[{"name":"wp","href":"https:\/\/api.w.org\/{rel}","templated":true}]}}