{"id":4040,"date":"2021-06-23T14:12:35","date_gmt":"2021-06-23T12:12:35","guid":{"rendered":"https:\/\/www.pickchickbymec.com\/?post_type=product&#038;p=4040"},"modified":"2025-02-04T08:18:38","modified_gmt":"2025-02-04T07:18:38","slug":"estuche-magical-doremi","status":"publish","type":"product","link":"https:\/\/www.pickchickbymec.com\/en\/product\/estuche-magical-doremi\/","title":{"rendered":"Estuche de tela Magical Doremi (hecho a mano)"},"content":{"rendered":"<p>Estuche de estilo kawaii cosido completamente a mano y con un dise\u00f1o inspirado en la serie de anime Magical Doremi. Las peque\u00f1as aprendices de bruja m\u00e1s queridas del mundo otaku son las protagonistas de este estampado tan adorable. Aparecen las 5 volando con su escoba sobre un cielo nocturno y estrellado. Ilustradas en estilo kawaii con el traje original de la primera temporada, y acompa\u00f1adas tambi\u00e9n de Majorica en su pala. Lleva la magia con Doremi, Aiko, Hazuki, Onpu y Momoko, y transporta tus herramientas de dibujo all\u00e1 donde vayas con este bonito estuche. Est\u00e1 completamente cosido a mano por mi, en tela de sarga gordita, suave y resistente, e impresi\u00f3n de gran calidad, con colores brillantes y contornos bien definidos.<\/p>\n<p><strong>Estuche de tela Magical Doremi. Especificaciones:<\/strong><\/p>\n<ul>\n<li>Medidas: 20 x 10,5 cm<\/li>\n<li>Tela de sarga impresa<\/li>\n<li>Remate en punto zigzag<\/li>\n<li>Cierre de cremallera<\/li>\n<li>HECHA A MANO<\/li>\n<\/ul>\n<p>Este producto se env\u00eda por correo certificado con n\u00famero de seguimiento.<\/p>\n<p><span style=\"font-weight: 400;\">Echa un vistazo al resto de<a href=\"https:\/\/www.pickchickbymec.com\/en\/product-tag\/anime\/\"> productos inspirados en anime<\/a> que hay en mi tienda y ahorra al combinar los env\u00edos pidiendo m\u00e1s de un producto. <\/span><\/p>\n<p><span style=\"font-weight: 400;\">Si quieres enterarte de todas las novedades y ver fotos del proceso de los nuevos productos s\u00edgueme en <a href=\"https:\/\/twitter.com\/pickchickbymec\">Twitter<\/a> e <a href=\"https:\/\/www.instagram.com\/pickchickbymec\/\">Instagram<\/a>.<\/span><\/p>","protected":false},"excerpt":{"rendered":"<p>Estuche de tela con cierre de cremallera cosido a mano.<\/p>\n<p>Estampado exclusivo inspirado en Magical Doremi.<\/p>","protected":false},"featured_media":7476,"comment_status":"open","ping_status":"closed","template":"","meta":{"_monsterinsights_skip_tracking":false,"_monsterinsights_sitenote_active":false,"_monsterinsights_sitenote_note":"","_monsterinsights_sitenote_category":0},"product_brand":[],"product_cat":[288,429],"product_tag":[508,365,359,364,539],"class_list":{"0":"post-4040","1":"product","2":"type-product","3":"status-publish","4":"has-post-thumbnail","6":"product_cat-accesorios","7":"product_cat-textil","8":"product_tag-anime","9":"product_tag-estuche","10":"product_tag-fanart","11":"product_tag-magical-doremi","12":"product_tag-series-y-pelis","13":"product_shipping_class-b-certificado-ligero","15":"first","16":"instock","17":"taxable","18":"shipping-taxable","19":"purchasable","20":"product-type-simple"},"yoast_head":"<!-- This site is optimized with the Yoast SEO plugin v27.4 - https:\/\/yoast.com\/product\/yoast-seo-wordpress\/ -->\n<title>Estuche Magical Doremi hecho a mano | Pick\u00b7Chick by Mec<\/title>\n<meta name=\"description\" content=\"Estuche kawaii inspirado en Magical Doremi, la serie de anime. Hecho a mano con estampado exclusivo, cierra con cremallera rosa extra-grande.\" \/>\n<meta name=\"robots\" content=\"index, follow, max-snippet:-1, max-image-preview:large, max-video-preview:-1\" \/>\n<link rel=\"canonical\" href=\"https:\/\/www.pickchickbymec.com\/en\/product\/estuche-magical-doremi\/\" \/>\n<meta property=\"og:locale\" content=\"en_GB\" \/>\n<meta property=\"og:type\" content=\"article\" \/>\n<meta property=\"og:title\" content=\"Estuche Magical Doremi hecho a mano | Pick\u00b7Chick by Mec\" \/>\n<meta property=\"og:description\" content=\"Estuche kawaii inspirado en Magical Doremi, la serie de anime. Hecho a mano con estampado exclusivo, cierra con cremallera rosa extra-grande.\" \/>\n<meta property=\"og:url\" content=\"https:\/\/www.pickchickbymec.com\/en\/product\/estuche-magical-doremi\/\" \/>\n<meta property=\"og:site_name\" content=\"Pick\u00b7Chick by Mec\" \/>\n<meta property=\"article:modified_time\" content=\"2025-02-04T07:18:38+00:00\" \/>\n<meta property=\"og:image\" content=\"https:\/\/www.pickchickbymec.com\/wp-content\/uploads\/2021\/06\/doremi3.jpg\" \/>\n\t<meta property=\"og:image:width\" content=\"1000\" \/>\n\t<meta property=\"og:image:height\" content=\"667\" \/>\n\t<meta property=\"og:image:type\" content=\"image\/jpeg\" \/>\n<meta name=\"twitter:card\" content=\"summary_large_image\" \/>\n<meta name=\"twitter:label1\" content=\"Estimated reading time\" \/>\n\t<meta name=\"twitter:data1\" content=\"2 minutes\" \/>\n<script type=\"application\/ld+json\" class=\"yoast-schema-graph\">{\"@context\":\"https:\\\/\\\/schema.org\",\"@graph\":[{\"@type\":\"WebPage\",\"@id\":\"https:\\\/\\\/www.pickchickbymec.com\\\/producto\\\/estuche-magical-doremi\\\/\",\"url\":\"https:\\\/\\\/www.pickchickbymec.com\\\/producto\\\/estuche-magical-doremi\\\/\",\"name\":\"Estuche Magical Doremi hecho a mano | Pick\u00b7Chick by Mec\",\"isPartOf\":{\"@id\":\"https:\\\/\\\/www.pickchickbymec.com\\\/#website\"},\"primaryImageOfPage\":{\"@id\":\"https:\\\/\\\/www.pickchickbymec.com\\\/producto\\\/estuche-magical-doremi\\\/#primaryimage\"},\"image\":{\"@id\":\"https:\\\/\\\/www.pickchickbymec.com\\\/producto\\\/estuche-magical-doremi\\\/#primaryimage\"},\"thumbnailUrl\":\"https:\\\/\\\/www.pickchickbymec.com\\\/wp-content\\\/uploads\\\/2021\\\/06\\\/doremi3.jpg\",\"datePublished\":\"2021-06-23T12:12:35+00:00\",\"dateModified\":\"2025-02-04T07:18:38+00:00\",\"description\":\"Estuche kawaii inspirado en Magical Doremi, la serie de anime. Hecho a mano con estampado exclusivo, cierra con cremallera rosa extra-grande.\",\"breadcrumb\":{\"@id\":\"https:\\\/\\\/www.pickchickbymec.com\\\/producto\\\/estuche-magical-doremi\\\/#breadcrumb\"},\"inLanguage\":\"en-GB\",\"potentialAction\":[{\"@type\":\"ReadAction\",\"target\":[\"https:\\\/\\\/www.pickchickbymec.com\\\/producto\\\/estuche-magical-doremi\\\/\"]}]},{\"@type\":\"ImageObject\",\"inLanguage\":\"en-GB\",\"@id\":\"https:\\\/\\\/www.pickchickbymec.com\\\/producto\\\/estuche-magical-doremi\\\/#primaryimage\",\"url\":\"https:\\\/\\\/www.pickchickbymec.com\\\/wp-content\\\/uploads\\\/2021\\\/06\\\/doremi3.jpg\",\"contentUrl\":\"https:\\\/\\\/www.pickchickbymec.com\\\/wp-content\\\/uploads\\\/2021\\\/06\\\/doremi3.jpg\",\"width\":1000,\"height\":667,\"caption\":\"estuche magical doremi\"},{\"@type\":\"BreadcrumbList\",\"@id\":\"https:\\\/\\\/www.pickchickbymec.com\\\/producto\\\/estuche-magical-doremi\\\/#breadcrumb\",\"itemListElement\":[{\"@type\":\"ListItem\",\"position\":1,\"name\":\"Portada\",\"item\":\"https:\\\/\\\/www.pickchickbymec.com\\\/\"},{\"@type\":\"ListItem\",\"position\":2,\"name\":\"Tienda\",\"item\":\"https:\\\/\\\/www.pickchickbymec.com\\\/tienda\\\/\"},{\"@type\":\"ListItem\",\"position\":3,\"name\":\"Estuche de tela Magical Doremi (hecho a mano)\"}]},{\"@type\":\"WebSite\",\"@id\":\"https:\\\/\\\/www.pickchickbymec.com\\\/#website\",\"url\":\"https:\\\/\\\/www.pickchickbymec.com\\\/\",\"name\":\"Pick\u00b7Chick by Mec\",\"description\":\"kawaii illustrator and artisan\",\"publisher\":{\"@id\":\"https:\\\/\\\/www.pickchickbymec.com\\\/#\\\/schema\\\/person\\\/189a1cea9c7f6704595062aabbbb38fe\"},\"potentialAction\":[{\"@type\":\"SearchAction\",\"target\":{\"@type\":\"EntryPoint\",\"urlTemplate\":\"https:\\\/\\\/www.pickchickbymec.com\\\/?s={search_term_string}\"},\"query-input\":{\"@type\":\"PropertyValueSpecification\",\"valueRequired\":true,\"valueName\":\"search_term_string\"}}],\"inLanguage\":\"en-GB\"},{\"@type\":[\"Person\",\"Organization\"],\"@id\":\"https:\\\/\\\/www.pickchickbymec.com\\\/#\\\/schema\\\/person\\\/189a1cea9c7f6704595062aabbbb38fe\",\"name\":\"pickchickbymec\",\"image\":{\"@type\":\"ImageObject\",\"inLanguage\":\"en-GB\",\"@id\":\"https:\\\/\\\/secure.gravatar.com\\\/avatar\\\/0c13b11690ce1ad38e031b40cac436947d766b2585e3e81250e6cf60b0a3b61f?s=96&d=mm&r=g\",\"url\":\"https:\\\/\\\/secure.gravatar.com\\\/avatar\\\/0c13b11690ce1ad38e031b40cac436947d766b2585e3e81250e6cf60b0a3b61f?s=96&d=mm&r=g\",\"contentUrl\":\"https:\\\/\\\/secure.gravatar.com\\\/avatar\\\/0c13b11690ce1ad38e031b40cac436947d766b2585e3e81250e6cf60b0a3b61f?s=96&d=mm&r=g\",\"caption\":\"pickchickbymec\"},\"logo\":{\"@id\":\"https:\\\/\\\/secure.gravatar.com\\\/avatar\\\/0c13b11690ce1ad38e031b40cac436947d766b2585e3e81250e6cf60b0a3b61f?s=96&d=mm&r=g\"}}]}<\/script>\n<!-- \/ Yoast SEO plugin. -->","yoast_head_json":{"title":"Estuche Magical Doremi hecho a mano | Pick\u00b7Chick by Mec","description":"Estuche kawaii inspirado en Magical Doremi, la serie de anime. Hecho a mano con estampado exclusivo, cierra con cremallera rosa extra-grande.","robots":{"index":"index","follow":"follow","max-snippet":"max-snippet:-1","max-image-preview":"max-image-preview:large","max-video-preview":"max-video-preview:-1"},"canonical":"https:\/\/www.pickchickbymec.com\/en\/product\/estuche-magical-doremi\/","og_locale":"en_GB","og_type":"article","og_title":"Estuche Magical Doremi hecho a mano | Pick\u00b7Chick by Mec","og_description":"Estuche kawaii inspirado en Magical Doremi, la serie de anime. Hecho a mano con estampado exclusivo, cierra con cremallera rosa extra-grande.","og_url":"https:\/\/www.pickchickbymec.com\/en\/product\/estuche-magical-doremi\/","og_site_name":"Pick\u00b7Chick by Mec","article_modified_time":"2025-02-04T07:18:38+00:00","og_image":[{"width":1000,"height":667,"url":"https:\/\/www.pickchickbymec.com\/wp-content\/uploads\/2021\/06\/doremi3.jpg","type":"image\/jpeg"}],"twitter_card":"summary_large_image","twitter_misc":{"Estimated reading time":"2 minutes"},"schema":{"@context":"https:\/\/schema.org","@graph":[{"@type":"WebPage","@id":"https:\/\/www.pickchickbymec.com\/producto\/estuche-magical-doremi\/","url":"https:\/\/www.pickchickbymec.com\/producto\/estuche-magical-doremi\/","name":"Estuche Magical Doremi hecho a mano | Pick\u00b7Chick by Mec","isPartOf":{"@id":"https:\/\/www.pickchickbymec.com\/#website"},"primaryImageOfPage":{"@id":"https:\/\/www.pickchickbymec.com\/producto\/estuche-magical-doremi\/#primaryimage"},"image":{"@id":"https:\/\/www.pickchickbymec.com\/producto\/estuche-magical-doremi\/#primaryimage"},"thumbnailUrl":"https:\/\/www.pickchickbymec.com\/wp-content\/uploads\/2021\/06\/doremi3.jpg","datePublished":"2021-06-23T12:12:35+00:00","dateModified":"2025-02-04T07:18:38+00:00","description":"Estuche kawaii inspirado en Magical Doremi, la serie de anime. Hecho a mano con estampado exclusivo, cierra con cremallera rosa extra-grande.","breadcrumb":{"@id":"https:\/\/www.pickchickbymec.com\/producto\/estuche-magical-doremi\/#breadcrumb"},"inLanguage":"en-GB","potentialAction":[{"@type":"ReadAction","target":["https:\/\/www.pickchickbymec.com\/producto\/estuche-magical-doremi\/"]}]},{"@type":"ImageObject","inLanguage":"en-GB","@id":"https:\/\/www.pickchickbymec.com\/producto\/estuche-magical-doremi\/#primaryimage","url":"https:\/\/www.pickchickbymec.com\/wp-content\/uploads\/2021\/06\/doremi3.jpg","contentUrl":"https:\/\/www.pickchickbymec.com\/wp-content\/uploads\/2021\/06\/doremi3.jpg","width":1000,"height":667,"caption":"estuche magical doremi"},{"@type":"BreadcrumbList","@id":"https:\/\/www.pickchickbymec.com\/producto\/estuche-magical-doremi\/#breadcrumb","itemListElement":[{"@type":"ListItem","position":1,"name":"Portada","item":"https:\/\/www.pickchickbymec.com\/"},{"@type":"ListItem","position":2,"name":"Tienda","item":"https:\/\/www.pickchickbymec.com\/tienda\/"},{"@type":"ListItem","position":3,"name":"Estuche de tela Magical Doremi (hecho a mano)"}]},{"@type":"WebSite","@id":"https:\/\/www.pickchickbymec.com\/#website","url":"https:\/\/www.pickchickbymec.com\/","name":"Pick-Chick by Mec","description":"kawaii illustrator and artisan","publisher":{"@id":"https:\/\/www.pickchickbymec.com\/#\/schema\/person\/189a1cea9c7f6704595062aabbbb38fe"},"potentialAction":[{"@type":"SearchAction","target":{"@type":"EntryPoint","urlTemplate":"https:\/\/www.pickchickbymec.com\/?s={search_term_string}"},"query-input":{"@type":"PropertyValueSpecification","valueRequired":true,"valueName":"search_term_string"}}],"inLanguage":"en-GB"},{"@type":["Person","Organization"],"@id":"https:\/\/www.pickchickbymec.com\/#\/schema\/person\/189a1cea9c7f6704595062aabbbb38fe","name":"pickchickbymec","image":{"@type":"ImageObject","inLanguage":"en-GB","@id":"https:\/\/secure.gravatar.com\/avatar\/0c13b11690ce1ad38e031b40cac436947d766b2585e3e81250e6cf60b0a3b61f?s=96&d=mm&r=g","url":"https:\/\/secure.gravatar.com\/avatar\/0c13b11690ce1ad38e031b40cac436947d766b2585e3e81250e6cf60b0a3b61f?s=96&d=mm&r=g","contentUrl":"https:\/\/secure.gravatar.com\/avatar\/0c13b11690ce1ad38e031b40cac436947d766b2585e3e81250e6cf60b0a3b61f?s=96&d=mm&r=g","caption":"pickchickbymec"},"logo":{"@id":"https:\/\/secure.gravatar.com\/avatar\/0c13b11690ce1ad38e031b40cac436947d766b2585e3e81250e6cf60b0a3b61f?s=96&d=mm&r=g"}}]}},"jetpack-related-posts":[],"jetpack_sharing_enabled":true,"_links":{"self":[{"href":"https:\/\/www.pickchickbymec.com\/en\/wp-json\/wp\/v2\/product\/4040","targetHints":{"allow":["GET"]}}],"collection":[{"href":"https:\/\/www.pickchickbymec.com\/en\/wp-json\/wp\/v2\/product"}],"about":[{"href":"https:\/\/www.pickchickbymec.com\/en\/wp-json\/wp\/v2\/types\/product"}],"replies":[{"embeddable":true,"href":"https:\/\/www.pickchickbymec.com\/en\/wp-json\/wp\/v2\/comments?post=4040"}],"wp:featuredmedia":[{"embeddable":true,"href":"https:\/\/www.pickchickbymec.com\/en\/wp-json\/wp\/v2\/media\/7476"}],"wp:attachment":[{"href":"https:\/\/www.pickchickbymec.com\/en\/wp-json\/wp\/v2\/media?parent=4040"}],"wp:term":[{"taxonomy":"product_brand","embeddable":true,"href":"https:\/\/www.pickchickbymec.com\/en\/wp-json\/wp\/v2\/product_brand?post=4040"},{"taxonomy":"product_cat","embeddable":true,"href":"https:\/\/www.pickchickbymec.com\/en\/wp-json\/wp\/v2\/product_cat?post=4040"},{"taxonomy":"product_tag","embeddable":true,"href":"https:\/\/www.pickchickbymec.com\/en\/wp-json\/wp\/v2\/product_tag?post=4040"}],"curies":[{"name":"wp","href":"https:\/\/api.w.org\/{rel}","templated":true}]}}