{"id":4121,"date":"2021-07-05T17:50:15","date_gmt":"2021-07-05T15:50:15","guid":{"rendered":"https:\/\/www.pickchickbymec.com\/?post_type=product&#038;p=4121"},"modified":"2025-11-25T09:52:04","modified_gmt":"2025-11-25T08:52:04","slug":"libreta-nekoi-negro","status":"publish","type":"product","link":"https:\/\/www.pickchickbymec.com\/en\/product\/libreta-nekoi-negro\/","title":{"rendered":"Libreta Nekoi negro, formato A5"},"content":{"rendered":"<p><strong>ATENCI\u00d3N: <\/strong>Este producto est\u00e1 en liquidaci\u00f3n. Una vez se vendan las unidades que nos quedan no produciremos m\u00e1s, as\u00ed que no dudes en hacerte con \u00e9l antes de que desaparezca de la tienda para siempre.<\/p>\n<p>____________<\/p>\n<p><span style=\"font-weight: 400;\">Anota tus ideas, tus apuntes de clase o llena de dibujos esta libreta de dise\u00f1o inspirado en uno de nuestros personajes originales, Nekoi. La portada lleva impreso un estampado inspirado en las telas de kimono japonesas. Los tonos negro, rojo y dorado le dan un toque discreto y elegante, pero sigue siendo un producto de estilo kawaii gracias a los protagonistas en su versi\u00f3n gato esm\u00f3quin. El formato A5 permite que puedas llevarla c\u00f3modamente a cualquier parte que necesites y las cubiertas van laminadas para hacerlas m\u00e1s resistentes y mucho m\u00e1s agradables al tacto. Las hojas interiores son completamente blancas, por lo que se adaptar\u00e1 perfectamente al uso que quieras darle. Si te gusta el kawaii pero quieres huir del estilo pastel t\u00edpico y lucir algo m\u00e1s discreto este cuaderno es ideal.<\/span><\/p>\n<p><strong>Libreta Nekoi negro, especificaciones:<\/strong><\/p>\n<ul>\n<li>Encuadernaci\u00f3n en espiral tipo wire-o\u00a0 de color negro<\/li>\n<li>Papel blanco de 80 gr<\/li>\n<li>50 hojas<\/li>\n<li>Medidas: 15 x 21 cm<\/li>\n<li>Dise\u00f1o distinto en portada y contraportada<\/li>\n<li>Cubiertas en papel de 150 gr. laminadas en mate antiara\u00f1azos<\/li>\n<\/ul>\n<p><span style=\"font-weight: 400;\">El env\u00edo de este producto es por correo certificado con n\u00famero de seguimiento.<\/span><\/p>\n<p><span style=\"font-weight: 400;\">Echa un vistazo al resto de<a href=\"https:\/\/www.pickchickbymec.com\/en\/product-tag\/nekoi\/\"> productos inspirados en nuestro gatito-pez Nekoi <\/a>que hay en la web. Combina varios art\u00edculos en tu pedido y ahorra en los gastos de env\u00edo.<\/span><\/p>\n<p>Si quieres enterarte de todas las novedades y echar un ojo al proceso de trabajo puedes seguirme por<a href=\"https:\/\/www.instagram.com\/pickchickbymec\/\"> Instagram<\/a> o <a href=\"https:\/\/twitter.com\/pickchickbymec\">Twitter<\/a>.<\/p>","protected":false},"excerpt":{"rendered":"<p>Libreta inspirada en nuestro gato pez Nekoi.<\/p>\n<p><strong>Medidas: <\/strong>21 x 15 cm<\/p>","protected":false},"featured_media":8403,"comment_status":"open","ping_status":"closed","template":"","meta":{"_monsterinsights_skip_tracking":false,"_monsterinsights_sitenote_active":false,"_monsterinsights_sitenote_note":"","_monsterinsights_sitenote_category":0},"product_brand":[],"product_cat":[366],"product_tag":[367,311,513],"class_list":{"0":"post-4121","1":"product","2":"type-product","3":"status-publish","4":"has-post-thumbnail","6":"product_cat-papeleria","7":"product_tag-libreta","8":"product_tag-nekoi","9":"product_tag-personajes-originales","10":"product_shipping_class-b-certificado-ligero","12":"first","13":"instock","14":"sale","15":"taxable","16":"shipping-taxable","17":"purchasable","18":"product-type-simple"},"yoast_head":"<!-- This site is optimized with the Yoast SEO plugin v27.4 - https:\/\/yoast.com\/product\/yoast-seo-wordpress\/ -->\n<title>Libreta Nekoi negro | Papeler\u00eda kawaii | Pick\u00b7Chick by Mec<\/title>\n<meta name=\"description\" content=\"Libreta de espiral formato A5 con dise\u00f1o kawaii exclusivo protagonizado por Nekoi, nuestro gato-pez. Dise\u00f1o inspirado en las telas de kimono japonesas.\" \/>\n<meta name=\"robots\" content=\"index, follow, max-snippet:-1, max-image-preview:large, max-video-preview:-1\" \/>\n<link rel=\"canonical\" href=\"https:\/\/www.pickchickbymec.com\/en\/product\/libreta-nekoi-negro\/\" \/>\n<meta property=\"og:locale\" content=\"en_GB\" \/>\n<meta property=\"og:type\" content=\"article\" \/>\n<meta property=\"og:title\" content=\"Libreta Nekoi negro | Papeler\u00eda kawaii | Pick\u00b7Chick by Mec\" \/>\n<meta property=\"og:description\" content=\"Libreta de espiral formato A5 con dise\u00f1o kawaii exclusivo protagonizado por Nekoi, nuestro gato-pez. Dise\u00f1o inspirado en las telas de kimono japonesas.\" \/>\n<meta property=\"og:url\" content=\"https:\/\/www.pickchickbymec.com\/en\/product\/libreta-nekoi-negro\/\" \/>\n<meta property=\"og:site_name\" content=\"Pick\u00b7Chick by Mec\" \/>\n<meta property=\"article:modified_time\" content=\"2025-11-25T08:52:04+00:00\" \/>\n<meta property=\"og:image\" content=\"https:\/\/www.pickchickbymec.com\/wp-content\/uploads\/2021\/07\/libreta-nekoi.jpg\" \/>\n\t<meta property=\"og:image:width\" content=\"1080\" \/>\n\t<meta property=\"og:image:height\" content=\"1350\" \/>\n\t<meta property=\"og:image:type\" content=\"image\/jpeg\" \/>\n<meta name=\"twitter:card\" content=\"summary_large_image\" \/>\n<meta name=\"twitter:label1\" content=\"Estimated reading time\" \/>\n\t<meta name=\"twitter:data1\" content=\"2 minutes\" \/>\n<script type=\"application\/ld+json\" class=\"yoast-schema-graph\">{\"@context\":\"https:\\\/\\\/schema.org\",\"@graph\":[{\"@type\":\"WebPage\",\"@id\":\"https:\\\/\\\/www.pickchickbymec.com\\\/producto\\\/libreta-nekoi-negro\\\/\",\"url\":\"https:\\\/\\\/www.pickchickbymec.com\\\/producto\\\/libreta-nekoi-negro\\\/\",\"name\":\"Libreta Nekoi negro | Papeler\u00eda kawaii | Pick\u00b7Chick by Mec\",\"isPartOf\":{\"@id\":\"https:\\\/\\\/www.pickchickbymec.com\\\/#website\"},\"primaryImageOfPage\":{\"@id\":\"https:\\\/\\\/www.pickchickbymec.com\\\/producto\\\/libreta-nekoi-negro\\\/#primaryimage\"},\"image\":{\"@id\":\"https:\\\/\\\/www.pickchickbymec.com\\\/producto\\\/libreta-nekoi-negro\\\/#primaryimage\"},\"thumbnailUrl\":\"https:\\\/\\\/www.pickchickbymec.com\\\/wp-content\\\/uploads\\\/2021\\\/07\\\/libreta-nekoi.jpg\",\"datePublished\":\"2021-07-05T15:50:15+00:00\",\"dateModified\":\"2025-11-25T08:52:04+00:00\",\"description\":\"Libreta de espiral formato A5 con dise\u00f1o kawaii exclusivo protagonizado por Nekoi, nuestro gato-pez. Dise\u00f1o inspirado en las telas de kimono japonesas.\",\"breadcrumb\":{\"@id\":\"https:\\\/\\\/www.pickchickbymec.com\\\/producto\\\/libreta-nekoi-negro\\\/#breadcrumb\"},\"inLanguage\":\"en-GB\",\"potentialAction\":[{\"@type\":\"ReadAction\",\"target\":[\"https:\\\/\\\/www.pickchickbymec.com\\\/producto\\\/libreta-nekoi-negro\\\/\"]}]},{\"@type\":\"ImageObject\",\"inLanguage\":\"en-GB\",\"@id\":\"https:\\\/\\\/www.pickchickbymec.com\\\/producto\\\/libreta-nekoi-negro\\\/#primaryimage\",\"url\":\"https:\\\/\\\/www.pickchickbymec.com\\\/wp-content\\\/uploads\\\/2021\\\/07\\\/libreta-nekoi.jpg\",\"contentUrl\":\"https:\\\/\\\/www.pickchickbymec.com\\\/wp-content\\\/uploads\\\/2021\\\/07\\\/libreta-nekoi.jpg\",\"width\":1080,\"height\":1350},{\"@type\":\"BreadcrumbList\",\"@id\":\"https:\\\/\\\/www.pickchickbymec.com\\\/producto\\\/libreta-nekoi-negro\\\/#breadcrumb\",\"itemListElement\":[{\"@type\":\"ListItem\",\"position\":1,\"name\":\"Portada\",\"item\":\"https:\\\/\\\/www.pickchickbymec.com\\\/\"},{\"@type\":\"ListItem\",\"position\":2,\"name\":\"Tienda\",\"item\":\"https:\\\/\\\/www.pickchickbymec.com\\\/tienda\\\/\"},{\"@type\":\"ListItem\",\"position\":3,\"name\":\"Libreta Nekoi negro, formato A5\"}]},{\"@type\":\"WebSite\",\"@id\":\"https:\\\/\\\/www.pickchickbymec.com\\\/#website\",\"url\":\"https:\\\/\\\/www.pickchickbymec.com\\\/\",\"name\":\"Pick\u00b7Chick by Mec\",\"description\":\"kawaii illustrator and artisan\",\"publisher\":{\"@id\":\"https:\\\/\\\/www.pickchickbymec.com\\\/#\\\/schema\\\/person\\\/189a1cea9c7f6704595062aabbbb38fe\"},\"potentialAction\":[{\"@type\":\"SearchAction\",\"target\":{\"@type\":\"EntryPoint\",\"urlTemplate\":\"https:\\\/\\\/www.pickchickbymec.com\\\/?s={search_term_string}\"},\"query-input\":{\"@type\":\"PropertyValueSpecification\",\"valueRequired\":true,\"valueName\":\"search_term_string\"}}],\"inLanguage\":\"en-GB\"},{\"@type\":[\"Person\",\"Organization\"],\"@id\":\"https:\\\/\\\/www.pickchickbymec.com\\\/#\\\/schema\\\/person\\\/189a1cea9c7f6704595062aabbbb38fe\",\"name\":\"pickchickbymec\",\"image\":{\"@type\":\"ImageObject\",\"inLanguage\":\"en-GB\",\"@id\":\"https:\\\/\\\/secure.gravatar.com\\\/avatar\\\/0c13b11690ce1ad38e031b40cac436947d766b2585e3e81250e6cf60b0a3b61f?s=96&d=mm&r=g\",\"url\":\"https:\\\/\\\/secure.gravatar.com\\\/avatar\\\/0c13b11690ce1ad38e031b40cac436947d766b2585e3e81250e6cf60b0a3b61f?s=96&d=mm&r=g\",\"contentUrl\":\"https:\\\/\\\/secure.gravatar.com\\\/avatar\\\/0c13b11690ce1ad38e031b40cac436947d766b2585e3e81250e6cf60b0a3b61f?s=96&d=mm&r=g\",\"caption\":\"pickchickbymec\"},\"logo\":{\"@id\":\"https:\\\/\\\/secure.gravatar.com\\\/avatar\\\/0c13b11690ce1ad38e031b40cac436947d766b2585e3e81250e6cf60b0a3b61f?s=96&d=mm&r=g\"}}]}<\/script>\n<!-- \/ Yoast SEO plugin. -->","yoast_head_json":{"title":"Libreta Nekoi negro | Papeler\u00eda kawaii | Pick\u00b7Chick by Mec","description":"Libreta de espiral formato A5 con dise\u00f1o kawaii exclusivo protagonizado por Nekoi, nuestro gato-pez. Dise\u00f1o inspirado en las telas de kimono japonesas.","robots":{"index":"index","follow":"follow","max-snippet":"max-snippet:-1","max-image-preview":"max-image-preview:large","max-video-preview":"max-video-preview:-1"},"canonical":"https:\/\/www.pickchickbymec.com\/en\/product\/libreta-nekoi-negro\/","og_locale":"en_GB","og_type":"article","og_title":"Libreta Nekoi negro | Papeler\u00eda kawaii | Pick\u00b7Chick by Mec","og_description":"Libreta de espiral formato A5 con dise\u00f1o kawaii exclusivo protagonizado por Nekoi, nuestro gato-pez. Dise\u00f1o inspirado en las telas de kimono japonesas.","og_url":"https:\/\/www.pickchickbymec.com\/en\/product\/libreta-nekoi-negro\/","og_site_name":"Pick\u00b7Chick by Mec","article_modified_time":"2025-11-25T08:52:04+00:00","og_image":[{"width":1080,"height":1350,"url":"https:\/\/www.pickchickbymec.com\/wp-content\/uploads\/2021\/07\/libreta-nekoi.jpg","type":"image\/jpeg"}],"twitter_card":"summary_large_image","twitter_misc":{"Estimated reading time":"2 minutes"},"schema":{"@context":"https:\/\/schema.org","@graph":[{"@type":"WebPage","@id":"https:\/\/www.pickchickbymec.com\/producto\/libreta-nekoi-negro\/","url":"https:\/\/www.pickchickbymec.com\/producto\/libreta-nekoi-negro\/","name":"Libreta Nekoi negro | Papeler\u00eda kawaii | Pick\u00b7Chick by Mec","isPartOf":{"@id":"https:\/\/www.pickchickbymec.com\/#website"},"primaryImageOfPage":{"@id":"https:\/\/www.pickchickbymec.com\/producto\/libreta-nekoi-negro\/#primaryimage"},"image":{"@id":"https:\/\/www.pickchickbymec.com\/producto\/libreta-nekoi-negro\/#primaryimage"},"thumbnailUrl":"https:\/\/www.pickchickbymec.com\/wp-content\/uploads\/2021\/07\/libreta-nekoi.jpg","datePublished":"2021-07-05T15:50:15+00:00","dateModified":"2025-11-25T08:52:04+00:00","description":"Libreta de espiral formato A5 con dise\u00f1o kawaii exclusivo protagonizado por Nekoi, nuestro gato-pez. Dise\u00f1o inspirado en las telas de kimono japonesas.","breadcrumb":{"@id":"https:\/\/www.pickchickbymec.com\/producto\/libreta-nekoi-negro\/#breadcrumb"},"inLanguage":"en-GB","potentialAction":[{"@type":"ReadAction","target":["https:\/\/www.pickchickbymec.com\/producto\/libreta-nekoi-negro\/"]}]},{"@type":"ImageObject","inLanguage":"en-GB","@id":"https:\/\/www.pickchickbymec.com\/producto\/libreta-nekoi-negro\/#primaryimage","url":"https:\/\/www.pickchickbymec.com\/wp-content\/uploads\/2021\/07\/libreta-nekoi.jpg","contentUrl":"https:\/\/www.pickchickbymec.com\/wp-content\/uploads\/2021\/07\/libreta-nekoi.jpg","width":1080,"height":1350},{"@type":"BreadcrumbList","@id":"https:\/\/www.pickchickbymec.com\/producto\/libreta-nekoi-negro\/#breadcrumb","itemListElement":[{"@type":"ListItem","position":1,"name":"Portada","item":"https:\/\/www.pickchickbymec.com\/"},{"@type":"ListItem","position":2,"name":"Tienda","item":"https:\/\/www.pickchickbymec.com\/tienda\/"},{"@type":"ListItem","position":3,"name":"Libreta Nekoi negro, formato A5"}]},{"@type":"WebSite","@id":"https:\/\/www.pickchickbymec.com\/#website","url":"https:\/\/www.pickchickbymec.com\/","name":"Pick-Chick by Mec","description":"kawaii illustrator and artisan","publisher":{"@id":"https:\/\/www.pickchickbymec.com\/#\/schema\/person\/189a1cea9c7f6704595062aabbbb38fe"},"potentialAction":[{"@type":"SearchAction","target":{"@type":"EntryPoint","urlTemplate":"https:\/\/www.pickchickbymec.com\/?s={search_term_string}"},"query-input":{"@type":"PropertyValueSpecification","valueRequired":true,"valueName":"search_term_string"}}],"inLanguage":"en-GB"},{"@type":["Person","Organization"],"@id":"https:\/\/www.pickchickbymec.com\/#\/schema\/person\/189a1cea9c7f6704595062aabbbb38fe","name":"pickchickbymec","image":{"@type":"ImageObject","inLanguage":"en-GB","@id":"https:\/\/secure.gravatar.com\/avatar\/0c13b11690ce1ad38e031b40cac436947d766b2585e3e81250e6cf60b0a3b61f?s=96&d=mm&r=g","url":"https:\/\/secure.gravatar.com\/avatar\/0c13b11690ce1ad38e031b40cac436947d766b2585e3e81250e6cf60b0a3b61f?s=96&d=mm&r=g","contentUrl":"https:\/\/secure.gravatar.com\/avatar\/0c13b11690ce1ad38e031b40cac436947d766b2585e3e81250e6cf60b0a3b61f?s=96&d=mm&r=g","caption":"pickchickbymec"},"logo":{"@id":"https:\/\/secure.gravatar.com\/avatar\/0c13b11690ce1ad38e031b40cac436947d766b2585e3e81250e6cf60b0a3b61f?s=96&d=mm&r=g"}}]}},"jetpack-related-posts":[],"jetpack_sharing_enabled":true,"_links":{"self":[{"href":"https:\/\/www.pickchickbymec.com\/en\/wp-json\/wp\/v2\/product\/4121","targetHints":{"allow":["GET"]}}],"collection":[{"href":"https:\/\/www.pickchickbymec.com\/en\/wp-json\/wp\/v2\/product"}],"about":[{"href":"https:\/\/www.pickchickbymec.com\/en\/wp-json\/wp\/v2\/types\/product"}],"replies":[{"embeddable":true,"href":"https:\/\/www.pickchickbymec.com\/en\/wp-json\/wp\/v2\/comments?post=4121"}],"wp:featuredmedia":[{"embeddable":true,"href":"https:\/\/www.pickchickbymec.com\/en\/wp-json\/wp\/v2\/media\/8403"}],"wp:attachment":[{"href":"https:\/\/www.pickchickbymec.com\/en\/wp-json\/wp\/v2\/media?parent=4121"}],"wp:term":[{"taxonomy":"product_brand","embeddable":true,"href":"https:\/\/www.pickchickbymec.com\/en\/wp-json\/wp\/v2\/product_brand?post=4121"},{"taxonomy":"product_cat","embeddable":true,"href":"https:\/\/www.pickchickbymec.com\/en\/wp-json\/wp\/v2\/product_cat?post=4121"},{"taxonomy":"product_tag","embeddable":true,"href":"https:\/\/www.pickchickbymec.com\/en\/wp-json\/wp\/v2\/product_tag?post=4121"}],"curies":[{"name":"wp","href":"https:\/\/api.w.org\/{rel}","templated":true}]}}