{"id":4144,"date":"2021-07-06T11:53:14","date_gmt":"2021-07-06T09:53:14","guid":{"rendered":"https:\/\/www.pickchickbymec.com\/?post_type=product&#038;p=4144"},"modified":"2025-02-04T08:17:23","modified_gmt":"2025-02-04T07:17:23","slug":"totebag-pingu-memes","status":"publish","type":"product","link":"https:\/\/www.pickchickbymec.com\/en\/product\/totebag-pingu-memes\/","title":{"rendered":"Totebag Pingu is a meme (hecha a mano)"},"content":{"rendered":"<p>Totebag completamente cosida a mano con un estampado exclusivo inspirado en los meme de Pingu. <span style=\"font-weight: 400;\">Una bolsa s\u00faper adorable en tonos vivos y luminosos, pero con el toque gamberro del ping\u00fcino de plastilina m\u00e1s famoso del mundo. Si eres fan de Pingu y quieres llevarlo all\u00e1 donde vayas no dudes en hacerte con esta totebag llena de sus memes y stickers de Whatsapp. Lleva doble costura y acabado en zigzag, lo que la convierte en una totebag especialmente resistente al peso, y sus asas de loneta con grosor la hacen muy c\u00f3moda de transportar (no se arrugan tan facilmente y no se clavan tanto en el hombro).<\/span><\/p>\n<p><strong>Totebag Pingu is a meme. Especificaciones:<\/strong><\/p>\n<ul>\n<li>Parte delantera hecha con sarga impresa de buena calidad<\/li>\n<li>Parte trasera y asas hechas en loneta<\/li>\n<li>Doble costura + punto zigzag<\/li>\n<li>Medidas bolsa: 34 x 40 cm<\/li>\n<li>Largo del asa: 70 cm<\/li>\n<li>HECHA A MANO<\/li>\n<\/ul>\n<p>Este producto se env\u00eda por correo certificado con n\u00famero de seguimiento.<\/p>\n<p><span style=\"font-weight: 400;\">Echa un vistazo al resto de <a href=\"https:\/\/www.pickchickbymec.com\/en\/product-tag\/pingu\/\">productos inspirados en Pingu<\/a>\u00a0que hay en mi tienda y ahorra al combinar los env\u00edos pidiendo m\u00e1s de un producto. <\/span><\/p>\n<p><span style=\"font-weight: 400;\">Si quieres enterarte de todas las novedades y ver fotos del proceso de los nuevos productos s\u00edgueme en <a href=\"https:\/\/twitter.com\/pickchickbymec\">Twitter<\/a> e <a href=\"https:\/\/www.instagram.com\/pickchickbymec\/\">Instagram<\/a>.<\/span><\/p>","protected":false},"excerpt":{"rendered":"<p>Totebag Pingu is a meme.<\/p>\n<p>Hecha a mano.<\/p>\n<p>&nbsp;<\/p>","protected":false},"featured_media":5712,"comment_status":"open","ping_status":"closed","template":"","meta":{"_monsterinsights_skip_tracking":false,"_monsterinsights_sitenote_active":false,"_monsterinsights_sitenote_note":"","_monsterinsights_sitenote_category":0},"product_brand":[],"product_cat":[288,429],"product_tag":[359,381,539,368],"class_list":{"0":"post-4144","1":"product","2":"type-product","3":"status-publish","4":"has-post-thumbnail","6":"product_cat-accesorios","7":"product_cat-textil","8":"product_tag-fanart","9":"product_tag-pingu","10":"product_tag-series-y-pelis","11":"product_tag-totebag","12":"product_shipping_class-b-certificado-ligero","14":"first","15":"instock","16":"taxable","17":"shipping-taxable","18":"purchasable","19":"product-type-simple"},"yoast_head":"<!-- This site is optimized with the Yoast SEO plugin v27.4 - https:\/\/yoast.com\/product\/yoast-seo-wordpress\/ -->\n<title>Totebag Pingu is a meme | Accesorios hechos a mano- Pick\u00b7Chick by Mec<\/title>\n<meta name=\"description\" content=\"Bolso estilo tote bag hecho a mano con estampado exclusivo inspirado en Pingu y sus meme. Con tela de loneta y costura reforzada.\" \/>\n<meta name=\"robots\" content=\"index, follow, max-snippet:-1, max-image-preview:large, max-video-preview:-1\" \/>\n<link rel=\"canonical\" href=\"https:\/\/www.pickchickbymec.com\/en\/product\/totebag-pingu-memes\/\" \/>\n<meta property=\"og:locale\" content=\"en_GB\" \/>\n<meta property=\"og:type\" content=\"article\" \/>\n<meta property=\"og:title\" content=\"Totebag Pingu is a meme | Accesorios hechos a mano- Pick\u00b7Chick by Mec\" \/>\n<meta property=\"og:description\" content=\"Bolso estilo tote bag hecho a mano con estampado exclusivo inspirado en Pingu y sus meme. Con tela de loneta y costura reforzada.\" \/>\n<meta property=\"og:url\" content=\"https:\/\/www.pickchickbymec.com\/en\/product\/totebag-pingu-memes\/\" \/>\n<meta property=\"og:site_name\" content=\"Pick\u00b7Chick by Mec\" \/>\n<meta property=\"article:modified_time\" content=\"2025-02-04T07:17:23+00:00\" \/>\n<meta property=\"og:image\" content=\"https:\/\/www.pickchickbymec.com\/wp-content\/uploads\/2021\/07\/pingu5.jpg\" \/>\n\t<meta property=\"og:image:width\" content=\"1005\" \/>\n\t<meta property=\"og:image:height\" content=\"1200\" \/>\n\t<meta property=\"og:image:type\" content=\"image\/jpeg\" \/>\n<meta name=\"twitter:card\" content=\"summary_large_image\" \/>\n<meta name=\"twitter:label1\" content=\"Estimated reading time\" \/>\n\t<meta name=\"twitter:data1\" content=\"2 minutes\" \/>\n<script type=\"application\/ld+json\" class=\"yoast-schema-graph\">{\"@context\":\"https:\\\/\\\/schema.org\",\"@graph\":[{\"@type\":\"WebPage\",\"@id\":\"https:\\\/\\\/www.pickchickbymec.com\\\/producto\\\/totebag-pingu-memes\\\/\",\"url\":\"https:\\\/\\\/www.pickchickbymec.com\\\/producto\\\/totebag-pingu-memes\\\/\",\"name\":\"Totebag Pingu is a meme | Accesorios hechos a mano- Pick\u00b7Chick by Mec\",\"isPartOf\":{\"@id\":\"https:\\\/\\\/www.pickchickbymec.com\\\/#website\"},\"primaryImageOfPage\":{\"@id\":\"https:\\\/\\\/www.pickchickbymec.com\\\/producto\\\/totebag-pingu-memes\\\/#primaryimage\"},\"image\":{\"@id\":\"https:\\\/\\\/www.pickchickbymec.com\\\/producto\\\/totebag-pingu-memes\\\/#primaryimage\"},\"thumbnailUrl\":\"https:\\\/\\\/www.pickchickbymec.com\\\/wp-content\\\/uploads\\\/2021\\\/07\\\/pingu5.jpg\",\"datePublished\":\"2021-07-06T09:53:14+00:00\",\"dateModified\":\"2025-02-04T07:17:23+00:00\",\"description\":\"Bolso estilo tote bag hecho a mano con estampado exclusivo inspirado en Pingu y sus meme. Con tela de loneta y costura reforzada.\",\"breadcrumb\":{\"@id\":\"https:\\\/\\\/www.pickchickbymec.com\\\/producto\\\/totebag-pingu-memes\\\/#breadcrumb\"},\"inLanguage\":\"en-GB\",\"potentialAction\":[{\"@type\":\"ReadAction\",\"target\":[\"https:\\\/\\\/www.pickchickbymec.com\\\/producto\\\/totebag-pingu-memes\\\/\"]}]},{\"@type\":\"ImageObject\",\"inLanguage\":\"en-GB\",\"@id\":\"https:\\\/\\\/www.pickchickbymec.com\\\/producto\\\/totebag-pingu-memes\\\/#primaryimage\",\"url\":\"https:\\\/\\\/www.pickchickbymec.com\\\/wp-content\\\/uploads\\\/2021\\\/07\\\/pingu5.jpg\",\"contentUrl\":\"https:\\\/\\\/www.pickchickbymec.com\\\/wp-content\\\/uploads\\\/2021\\\/07\\\/pingu5.jpg\",\"width\":1005,\"height\":1200,\"caption\":\"kawaii pingu totebag\"},{\"@type\":\"BreadcrumbList\",\"@id\":\"https:\\\/\\\/www.pickchickbymec.com\\\/producto\\\/totebag-pingu-memes\\\/#breadcrumb\",\"itemListElement\":[{\"@type\":\"ListItem\",\"position\":1,\"name\":\"Portada\",\"item\":\"https:\\\/\\\/www.pickchickbymec.com\\\/\"},{\"@type\":\"ListItem\",\"position\":2,\"name\":\"Tienda\",\"item\":\"https:\\\/\\\/www.pickchickbymec.com\\\/tienda\\\/\"},{\"@type\":\"ListItem\",\"position\":3,\"name\":\"Totebag Pingu is a meme (hecha a mano)\"}]},{\"@type\":\"WebSite\",\"@id\":\"https:\\\/\\\/www.pickchickbymec.com\\\/#website\",\"url\":\"https:\\\/\\\/www.pickchickbymec.com\\\/\",\"name\":\"Pick\u00b7Chick by Mec\",\"description\":\"kawaii illustrator and artisan\",\"publisher\":{\"@id\":\"https:\\\/\\\/www.pickchickbymec.com\\\/#\\\/schema\\\/person\\\/189a1cea9c7f6704595062aabbbb38fe\"},\"potentialAction\":[{\"@type\":\"SearchAction\",\"target\":{\"@type\":\"EntryPoint\",\"urlTemplate\":\"https:\\\/\\\/www.pickchickbymec.com\\\/?s={search_term_string}\"},\"query-input\":{\"@type\":\"PropertyValueSpecification\",\"valueRequired\":true,\"valueName\":\"search_term_string\"}}],\"inLanguage\":\"en-GB\"},{\"@type\":[\"Person\",\"Organization\"],\"@id\":\"https:\\\/\\\/www.pickchickbymec.com\\\/#\\\/schema\\\/person\\\/189a1cea9c7f6704595062aabbbb38fe\",\"name\":\"pickchickbymec\",\"image\":{\"@type\":\"ImageObject\",\"inLanguage\":\"en-GB\",\"@id\":\"https:\\\/\\\/secure.gravatar.com\\\/avatar\\\/0c13b11690ce1ad38e031b40cac436947d766b2585e3e81250e6cf60b0a3b61f?s=96&d=mm&r=g\",\"url\":\"https:\\\/\\\/secure.gravatar.com\\\/avatar\\\/0c13b11690ce1ad38e031b40cac436947d766b2585e3e81250e6cf60b0a3b61f?s=96&d=mm&r=g\",\"contentUrl\":\"https:\\\/\\\/secure.gravatar.com\\\/avatar\\\/0c13b11690ce1ad38e031b40cac436947d766b2585e3e81250e6cf60b0a3b61f?s=96&d=mm&r=g\",\"caption\":\"pickchickbymec\"},\"logo\":{\"@id\":\"https:\\\/\\\/secure.gravatar.com\\\/avatar\\\/0c13b11690ce1ad38e031b40cac436947d766b2585e3e81250e6cf60b0a3b61f?s=96&d=mm&r=g\"}}]}<\/script>\n<!-- \/ Yoast SEO plugin. -->","yoast_head_json":{"title":"Totebag Pingu is a meme | Accesorios hechos a mano- Pick\u00b7Chick by Mec","description":"Bolso estilo tote bag hecho a mano con estampado exclusivo inspirado en Pingu y sus meme. Con tela de loneta y costura reforzada.","robots":{"index":"index","follow":"follow","max-snippet":"max-snippet:-1","max-image-preview":"max-image-preview:large","max-video-preview":"max-video-preview:-1"},"canonical":"https:\/\/www.pickchickbymec.com\/en\/product\/totebag-pingu-memes\/","og_locale":"en_GB","og_type":"article","og_title":"Totebag Pingu is a meme | Accesorios hechos a mano- Pick\u00b7Chick by Mec","og_description":"Bolso estilo tote bag hecho a mano con estampado exclusivo inspirado en Pingu y sus meme. Con tela de loneta y costura reforzada.","og_url":"https:\/\/www.pickchickbymec.com\/en\/product\/totebag-pingu-memes\/","og_site_name":"Pick\u00b7Chick by Mec","article_modified_time":"2025-02-04T07:17:23+00:00","og_image":[{"width":1005,"height":1200,"url":"https:\/\/www.pickchickbymec.com\/wp-content\/uploads\/2021\/07\/pingu5.jpg","type":"image\/jpeg"}],"twitter_card":"summary_large_image","twitter_misc":{"Estimated reading time":"2 minutes"},"schema":{"@context":"https:\/\/schema.org","@graph":[{"@type":"WebPage","@id":"https:\/\/www.pickchickbymec.com\/producto\/totebag-pingu-memes\/","url":"https:\/\/www.pickchickbymec.com\/producto\/totebag-pingu-memes\/","name":"Totebag Pingu is a meme | Accesorios hechos a mano- Pick\u00b7Chick by Mec","isPartOf":{"@id":"https:\/\/www.pickchickbymec.com\/#website"},"primaryImageOfPage":{"@id":"https:\/\/www.pickchickbymec.com\/producto\/totebag-pingu-memes\/#primaryimage"},"image":{"@id":"https:\/\/www.pickchickbymec.com\/producto\/totebag-pingu-memes\/#primaryimage"},"thumbnailUrl":"https:\/\/www.pickchickbymec.com\/wp-content\/uploads\/2021\/07\/pingu5.jpg","datePublished":"2021-07-06T09:53:14+00:00","dateModified":"2025-02-04T07:17:23+00:00","description":"Bolso estilo tote bag hecho a mano con estampado exclusivo inspirado en Pingu y sus meme. Con tela de loneta y costura reforzada.","breadcrumb":{"@id":"https:\/\/www.pickchickbymec.com\/producto\/totebag-pingu-memes\/#breadcrumb"},"inLanguage":"en-GB","potentialAction":[{"@type":"ReadAction","target":["https:\/\/www.pickchickbymec.com\/producto\/totebag-pingu-memes\/"]}]},{"@type":"ImageObject","inLanguage":"en-GB","@id":"https:\/\/www.pickchickbymec.com\/producto\/totebag-pingu-memes\/#primaryimage","url":"https:\/\/www.pickchickbymec.com\/wp-content\/uploads\/2021\/07\/pingu5.jpg","contentUrl":"https:\/\/www.pickchickbymec.com\/wp-content\/uploads\/2021\/07\/pingu5.jpg","width":1005,"height":1200,"caption":"kawaii pingu totebag"},{"@type":"BreadcrumbList","@id":"https:\/\/www.pickchickbymec.com\/producto\/totebag-pingu-memes\/#breadcrumb","itemListElement":[{"@type":"ListItem","position":1,"name":"Portada","item":"https:\/\/www.pickchickbymec.com\/"},{"@type":"ListItem","position":2,"name":"Tienda","item":"https:\/\/www.pickchickbymec.com\/tienda\/"},{"@type":"ListItem","position":3,"name":"Totebag Pingu is a meme (hecha a mano)"}]},{"@type":"WebSite","@id":"https:\/\/www.pickchickbymec.com\/#website","url":"https:\/\/www.pickchickbymec.com\/","name":"Pick-Chick by Mec","description":"kawaii illustrator and artisan","publisher":{"@id":"https:\/\/www.pickchickbymec.com\/#\/schema\/person\/189a1cea9c7f6704595062aabbbb38fe"},"potentialAction":[{"@type":"SearchAction","target":{"@type":"EntryPoint","urlTemplate":"https:\/\/www.pickchickbymec.com\/?s={search_term_string}"},"query-input":{"@type":"PropertyValueSpecification","valueRequired":true,"valueName":"search_term_string"}}],"inLanguage":"en-GB"},{"@type":["Person","Organization"],"@id":"https:\/\/www.pickchickbymec.com\/#\/schema\/person\/189a1cea9c7f6704595062aabbbb38fe","name":"pickchickbymec","image":{"@type":"ImageObject","inLanguage":"en-GB","@id":"https:\/\/secure.gravatar.com\/avatar\/0c13b11690ce1ad38e031b40cac436947d766b2585e3e81250e6cf60b0a3b61f?s=96&d=mm&r=g","url":"https:\/\/secure.gravatar.com\/avatar\/0c13b11690ce1ad38e031b40cac436947d766b2585e3e81250e6cf60b0a3b61f?s=96&d=mm&r=g","contentUrl":"https:\/\/secure.gravatar.com\/avatar\/0c13b11690ce1ad38e031b40cac436947d766b2585e3e81250e6cf60b0a3b61f?s=96&d=mm&r=g","caption":"pickchickbymec"},"logo":{"@id":"https:\/\/secure.gravatar.com\/avatar\/0c13b11690ce1ad38e031b40cac436947d766b2585e3e81250e6cf60b0a3b61f?s=96&d=mm&r=g"}}]}},"jetpack-related-posts":[],"jetpack_sharing_enabled":true,"_links":{"self":[{"href":"https:\/\/www.pickchickbymec.com\/en\/wp-json\/wp\/v2\/product\/4144","targetHints":{"allow":["GET"]}}],"collection":[{"href":"https:\/\/www.pickchickbymec.com\/en\/wp-json\/wp\/v2\/product"}],"about":[{"href":"https:\/\/www.pickchickbymec.com\/en\/wp-json\/wp\/v2\/types\/product"}],"replies":[{"embeddable":true,"href":"https:\/\/www.pickchickbymec.com\/en\/wp-json\/wp\/v2\/comments?post=4144"}],"wp:featuredmedia":[{"embeddable":true,"href":"https:\/\/www.pickchickbymec.com\/en\/wp-json\/wp\/v2\/media\/5712"}],"wp:attachment":[{"href":"https:\/\/www.pickchickbymec.com\/en\/wp-json\/wp\/v2\/media?parent=4144"}],"wp:term":[{"taxonomy":"product_brand","embeddable":true,"href":"https:\/\/www.pickchickbymec.com\/en\/wp-json\/wp\/v2\/product_brand?post=4144"},{"taxonomy":"product_cat","embeddable":true,"href":"https:\/\/www.pickchickbymec.com\/en\/wp-json\/wp\/v2\/product_cat?post=4144"},{"taxonomy":"product_tag","embeddable":true,"href":"https:\/\/www.pickchickbymec.com\/en\/wp-json\/wp\/v2\/product_tag?post=4144"}],"curies":[{"name":"wp","href":"https:\/\/api.w.org\/{rel}","templated":true}]}}