{"id":4395,"date":"2021-11-15T18:33:39","date_gmt":"2021-11-15T17:33:39","guid":{"rendered":"https:\/\/www.pickchickbymec.com\/?post_type=product&#038;p=4395"},"modified":"2025-12-22T13:56:30","modified_gmt":"2025-12-22T12:56:30","slug":"marcapaginas-nekoi","status":"publish","type":"product","link":"https:\/\/www.pickchickbymec.com\/en\/product\/marcapaginas-nekoi\/","title":{"rendered":"Marcap\u00e1ginas Nekoi (varios modelos distintos)"},"content":{"rendered":"<p><span style=\"font-weight: 400;\">Deja que te acompa\u00f1emos en tus ratitos de lectura con nuestros marcap\u00e1ginas inspirados en Nekoi, nuestros gatito-pez exclusivos de la marca. Hay dos modelos disponibles, ambos inspirados en Nekoi y en las telas de kimono japonesas. Puedes elegir el que m\u00e1s te guste o llevarte los dos a un precio especial. El primero (azul) es un dise\u00f1o en tonos vivos y alegres, decorado con p\u00e9talos y flores de sakura y distintos tipos de Nekoi. El segundo es m\u00e1s elegante, en colores negro, rojo y dorado con la versi\u00f3n de Nekoi gato esm\u00f3quin. Ambos modelos tienen un dise\u00f1o diferente en cada cara.<\/span><\/p>\n<p><strong>Marcap\u00e1ginas Nekoi. Especificaciones:<\/strong><\/p>\n<ul>\n<li><span style=\"font-weight: 400;\">Realizado en papel de 350gr.<\/span><\/li>\n<li><span style=\"font-weight: 400;\">Laminado antiara\u00f1azos para darle resistencia y darle un tacto m\u00e1s agradable<\/span><\/li>\n<li><span style=\"font-weight: 400;\">Acabado con una cinta decorativa<\/span><\/li>\n<li>Medidas: 14 x 5 cm<\/li>\n<\/ul>\n<p><span style=\"font-weight: 400;\">Este producto se env\u00eda por correo certificado con n\u00famero de seguimiento.<\/span><\/p>\n<p><span style=\"font-weight: 400;\">Echa un vistazo al resto de<a href=\"https:\/\/www.pickchickbymec.com\/en\/product-tag\/nekoi\/\"> art\u00edculos inspirados en nuestro querido Nekoi <\/a>que hay en la tienda y combina varios productos en tu compra para ahorrar en los gastos de env\u00edo.<\/span><\/p>\n<p>Si quieres enterarte de todas las novedades y ver fotos del proceso de los nuevos productos s\u00edgueme en <a href=\"https:\/\/twitter.com\/pickchickbymec\">Twitter<\/a> e <a href=\"https:\/\/www.instagram.com\/pickchickbymec\/\">Instagram<\/a>.<\/p>","protected":false},"excerpt":{"rendered":"<p>Marcap\u00e1ginas Nekoi (varios modelos disponibles).<\/p>\n<p>Tama\u00f1o: 14 x 5 cm<\/p>","protected":false},"featured_media":7306,"comment_status":"open","ping_status":"closed","template":"","meta":{"_monsterinsights_skip_tracking":false,"_monsterinsights_sitenote_active":false,"_monsterinsights_sitenote_note":"","_monsterinsights_sitenote_category":0},"product_brand":[],"product_cat":[366],"product_tag":[395,311,513],"class_list":{"0":"post-4395","1":"product","2":"type-product","3":"status-publish","4":"has-post-thumbnail","6":"product_cat-papeleria","7":"product_tag-marcapaginas","8":"product_tag-nekoi","9":"product_tag-personajes-originales","10":"product_shipping_class-documentos","12":"first","13":"instock","14":"taxable","15":"shipping-taxable","16":"purchasable","17":"product-type-variable"},"yoast_head":"<!-- This site is optimized with the Yoast SEO plugin v27.4 - https:\/\/yoast.com\/product\/yoast-seo-wordpress\/ -->\n<title>Marcap\u00e1ginas Nekoi (varios modelos) | Papeler\u00eda kawaii | Pick\u00b7Chick by Mec<\/title>\n<meta name=\"description\" content=\"Bonitos marcap\u00e1ginas laminados y decorados con cintas con ilustraciones de nuestro personaje Nekoi. Varios modelos disponibles.\" \/>\n<meta name=\"robots\" content=\"index, follow, max-snippet:-1, max-image-preview:large, max-video-preview:-1\" \/>\n<link rel=\"canonical\" href=\"https:\/\/www.pickchickbymec.com\/en\/product\/marcapaginas-nekoi\/\" \/>\n<meta property=\"og:locale\" content=\"en_GB\" \/>\n<meta property=\"og:type\" content=\"article\" \/>\n<meta property=\"og:title\" content=\"Marcap\u00e1ginas Nekoi (varios modelos) | Papeler\u00eda kawaii | Pick\u00b7Chick by Mec\" \/>\n<meta property=\"og:description\" content=\"Bonitos marcap\u00e1ginas laminados y decorados con cintas con ilustraciones de nuestro personaje Nekoi. Varios modelos disponibles.\" \/>\n<meta property=\"og:url\" content=\"https:\/\/www.pickchickbymec.com\/en\/product\/marcapaginas-nekoi\/\" \/>\n<meta property=\"og:site_name\" content=\"Pick\u00b7Chick by Mec\" \/>\n<meta property=\"article:modified_time\" content=\"2025-12-22T12:56:30+00:00\" \/>\n<meta property=\"og:image\" content=\"https:\/\/www.pickchickbymec.com\/wp-content\/uploads\/2021\/11\/nekoi1.jpg\" \/>\n\t<meta property=\"og:image:width\" content=\"1000\" \/>\n\t<meta property=\"og:image:height\" content=\"1000\" \/>\n\t<meta property=\"og:image:type\" content=\"image\/jpeg\" \/>\n<meta name=\"twitter:card\" content=\"summary_large_image\" \/>\n<meta name=\"twitter:label1\" content=\"Estimated reading time\" \/>\n\t<meta name=\"twitter:data1\" content=\"2 minutes\" \/>\n<script type=\"application\/ld+json\" class=\"yoast-schema-graph\">{\"@context\":\"https:\\\/\\\/schema.org\",\"@graph\":[{\"@type\":\"WebPage\",\"@id\":\"https:\\\/\\\/www.pickchickbymec.com\\\/producto\\\/marcapaginas-nekoi\\\/\",\"url\":\"https:\\\/\\\/www.pickchickbymec.com\\\/producto\\\/marcapaginas-nekoi\\\/\",\"name\":\"Marcap\u00e1ginas Nekoi (varios modelos) | Papeler\u00eda kawaii | Pick\u00b7Chick by Mec\",\"isPartOf\":{\"@id\":\"https:\\\/\\\/www.pickchickbymec.com\\\/#website\"},\"primaryImageOfPage\":{\"@id\":\"https:\\\/\\\/www.pickchickbymec.com\\\/producto\\\/marcapaginas-nekoi\\\/#primaryimage\"},\"image\":{\"@id\":\"https:\\\/\\\/www.pickchickbymec.com\\\/producto\\\/marcapaginas-nekoi\\\/#primaryimage\"},\"thumbnailUrl\":\"https:\\\/\\\/www.pickchickbymec.com\\\/wp-content\\\/uploads\\\/2021\\\/11\\\/nekoi1.jpg\",\"datePublished\":\"2021-11-15T17:33:39+00:00\",\"dateModified\":\"2025-12-22T12:56:30+00:00\",\"description\":\"Bonitos marcap\u00e1ginas laminados y decorados con cintas con ilustraciones de nuestro personaje Nekoi. Varios modelos disponibles.\",\"breadcrumb\":{\"@id\":\"https:\\\/\\\/www.pickchickbymec.com\\\/producto\\\/marcapaginas-nekoi\\\/#breadcrumb\"},\"inLanguage\":\"en-GB\",\"potentialAction\":[{\"@type\":\"ReadAction\",\"target\":[\"https:\\\/\\\/www.pickchickbymec.com\\\/producto\\\/marcapaginas-nekoi\\\/\"]}]},{\"@type\":\"ImageObject\",\"inLanguage\":\"en-GB\",\"@id\":\"https:\\\/\\\/www.pickchickbymec.com\\\/producto\\\/marcapaginas-nekoi\\\/#primaryimage\",\"url\":\"https:\\\/\\\/www.pickchickbymec.com\\\/wp-content\\\/uploads\\\/2021\\\/11\\\/nekoi1.jpg\",\"contentUrl\":\"https:\\\/\\\/www.pickchickbymec.com\\\/wp-content\\\/uploads\\\/2021\\\/11\\\/nekoi1.jpg\",\"width\":1000,\"height\":1000,\"caption\":\"Marcap\u00e1ginas nekoi\"},{\"@type\":\"BreadcrumbList\",\"@id\":\"https:\\\/\\\/www.pickchickbymec.com\\\/producto\\\/marcapaginas-nekoi\\\/#breadcrumb\",\"itemListElement\":[{\"@type\":\"ListItem\",\"position\":1,\"name\":\"Portada\",\"item\":\"https:\\\/\\\/www.pickchickbymec.com\\\/\"},{\"@type\":\"ListItem\",\"position\":2,\"name\":\"Tienda\",\"item\":\"https:\\\/\\\/www.pickchickbymec.com\\\/tienda\\\/\"},{\"@type\":\"ListItem\",\"position\":3,\"name\":\"Marcap\u00e1ginas Nekoi (varios modelos distintos)\"}]},{\"@type\":\"WebSite\",\"@id\":\"https:\\\/\\\/www.pickchickbymec.com\\\/#website\",\"url\":\"https:\\\/\\\/www.pickchickbymec.com\\\/\",\"name\":\"Pick\u00b7Chick by Mec\",\"description\":\"kawaii illustrator and artisan\",\"publisher\":{\"@id\":\"https:\\\/\\\/www.pickchickbymec.com\\\/#\\\/schema\\\/person\\\/189a1cea9c7f6704595062aabbbb38fe\"},\"potentialAction\":[{\"@type\":\"SearchAction\",\"target\":{\"@type\":\"EntryPoint\",\"urlTemplate\":\"https:\\\/\\\/www.pickchickbymec.com\\\/?s={search_term_string}\"},\"query-input\":{\"@type\":\"PropertyValueSpecification\",\"valueRequired\":true,\"valueName\":\"search_term_string\"}}],\"inLanguage\":\"en-GB\"},{\"@type\":[\"Person\",\"Organization\"],\"@id\":\"https:\\\/\\\/www.pickchickbymec.com\\\/#\\\/schema\\\/person\\\/189a1cea9c7f6704595062aabbbb38fe\",\"name\":\"pickchickbymec\",\"image\":{\"@type\":\"ImageObject\",\"inLanguage\":\"en-GB\",\"@id\":\"https:\\\/\\\/secure.gravatar.com\\\/avatar\\\/0c13b11690ce1ad38e031b40cac436947d766b2585e3e81250e6cf60b0a3b61f?s=96&d=mm&r=g\",\"url\":\"https:\\\/\\\/secure.gravatar.com\\\/avatar\\\/0c13b11690ce1ad38e031b40cac436947d766b2585e3e81250e6cf60b0a3b61f?s=96&d=mm&r=g\",\"contentUrl\":\"https:\\\/\\\/secure.gravatar.com\\\/avatar\\\/0c13b11690ce1ad38e031b40cac436947d766b2585e3e81250e6cf60b0a3b61f?s=96&d=mm&r=g\",\"caption\":\"pickchickbymec\"},\"logo\":{\"@id\":\"https:\\\/\\\/secure.gravatar.com\\\/avatar\\\/0c13b11690ce1ad38e031b40cac436947d766b2585e3e81250e6cf60b0a3b61f?s=96&d=mm&r=g\"}}]}<\/script>\n<!-- \/ Yoast SEO plugin. -->","yoast_head_json":{"title":"Marcap\u00e1ginas Nekoi (varios modelos) | Papeler\u00eda kawaii | Pick\u00b7Chick by Mec","description":"Bonitos marcap\u00e1ginas laminados y decorados con cintas con ilustraciones de nuestro personaje Nekoi. Varios modelos disponibles.","robots":{"index":"index","follow":"follow","max-snippet":"max-snippet:-1","max-image-preview":"max-image-preview:large","max-video-preview":"max-video-preview:-1"},"canonical":"https:\/\/www.pickchickbymec.com\/en\/product\/marcapaginas-nekoi\/","og_locale":"en_GB","og_type":"article","og_title":"Marcap\u00e1ginas Nekoi (varios modelos) | Papeler\u00eda kawaii | Pick\u00b7Chick by Mec","og_description":"Bonitos marcap\u00e1ginas laminados y decorados con cintas con ilustraciones de nuestro personaje Nekoi. Varios modelos disponibles.","og_url":"https:\/\/www.pickchickbymec.com\/en\/product\/marcapaginas-nekoi\/","og_site_name":"Pick\u00b7Chick by Mec","article_modified_time":"2025-12-22T12:56:30+00:00","og_image":[{"width":1000,"height":1000,"url":"https:\/\/www.pickchickbymec.com\/wp-content\/uploads\/2021\/11\/nekoi1.jpg","type":"image\/jpeg"}],"twitter_card":"summary_large_image","twitter_misc":{"Estimated reading time":"2 minutes"},"schema":{"@context":"https:\/\/schema.org","@graph":[{"@type":"WebPage","@id":"https:\/\/www.pickchickbymec.com\/producto\/marcapaginas-nekoi\/","url":"https:\/\/www.pickchickbymec.com\/producto\/marcapaginas-nekoi\/","name":"Marcap\u00e1ginas Nekoi (varios modelos) | Papeler\u00eda kawaii | Pick\u00b7Chick by Mec","isPartOf":{"@id":"https:\/\/www.pickchickbymec.com\/#website"},"primaryImageOfPage":{"@id":"https:\/\/www.pickchickbymec.com\/producto\/marcapaginas-nekoi\/#primaryimage"},"image":{"@id":"https:\/\/www.pickchickbymec.com\/producto\/marcapaginas-nekoi\/#primaryimage"},"thumbnailUrl":"https:\/\/www.pickchickbymec.com\/wp-content\/uploads\/2021\/11\/nekoi1.jpg","datePublished":"2021-11-15T17:33:39+00:00","dateModified":"2025-12-22T12:56:30+00:00","description":"Bonitos marcap\u00e1ginas laminados y decorados con cintas con ilustraciones de nuestro personaje Nekoi. Varios modelos disponibles.","breadcrumb":{"@id":"https:\/\/www.pickchickbymec.com\/producto\/marcapaginas-nekoi\/#breadcrumb"},"inLanguage":"en-GB","potentialAction":[{"@type":"ReadAction","target":["https:\/\/www.pickchickbymec.com\/producto\/marcapaginas-nekoi\/"]}]},{"@type":"ImageObject","inLanguage":"en-GB","@id":"https:\/\/www.pickchickbymec.com\/producto\/marcapaginas-nekoi\/#primaryimage","url":"https:\/\/www.pickchickbymec.com\/wp-content\/uploads\/2021\/11\/nekoi1.jpg","contentUrl":"https:\/\/www.pickchickbymec.com\/wp-content\/uploads\/2021\/11\/nekoi1.jpg","width":1000,"height":1000,"caption":"Marcap\u00e1ginas nekoi"},{"@type":"BreadcrumbList","@id":"https:\/\/www.pickchickbymec.com\/producto\/marcapaginas-nekoi\/#breadcrumb","itemListElement":[{"@type":"ListItem","position":1,"name":"Portada","item":"https:\/\/www.pickchickbymec.com\/"},{"@type":"ListItem","position":2,"name":"Tienda","item":"https:\/\/www.pickchickbymec.com\/tienda\/"},{"@type":"ListItem","position":3,"name":"Marcap\u00e1ginas Nekoi (varios modelos distintos)"}]},{"@type":"WebSite","@id":"https:\/\/www.pickchickbymec.com\/#website","url":"https:\/\/www.pickchickbymec.com\/","name":"Pick-Chick by Mec","description":"kawaii illustrator and artisan","publisher":{"@id":"https:\/\/www.pickchickbymec.com\/#\/schema\/person\/189a1cea9c7f6704595062aabbbb38fe"},"potentialAction":[{"@type":"SearchAction","target":{"@type":"EntryPoint","urlTemplate":"https:\/\/www.pickchickbymec.com\/?s={search_term_string}"},"query-input":{"@type":"PropertyValueSpecification","valueRequired":true,"valueName":"search_term_string"}}],"inLanguage":"en-GB"},{"@type":["Person","Organization"],"@id":"https:\/\/www.pickchickbymec.com\/#\/schema\/person\/189a1cea9c7f6704595062aabbbb38fe","name":"pickchickbymec","image":{"@type":"ImageObject","inLanguage":"en-GB","@id":"https:\/\/secure.gravatar.com\/avatar\/0c13b11690ce1ad38e031b40cac436947d766b2585e3e81250e6cf60b0a3b61f?s=96&d=mm&r=g","url":"https:\/\/secure.gravatar.com\/avatar\/0c13b11690ce1ad38e031b40cac436947d766b2585e3e81250e6cf60b0a3b61f?s=96&d=mm&r=g","contentUrl":"https:\/\/secure.gravatar.com\/avatar\/0c13b11690ce1ad38e031b40cac436947d766b2585e3e81250e6cf60b0a3b61f?s=96&d=mm&r=g","caption":"pickchickbymec"},"logo":{"@id":"https:\/\/secure.gravatar.com\/avatar\/0c13b11690ce1ad38e031b40cac436947d766b2585e3e81250e6cf60b0a3b61f?s=96&d=mm&r=g"}}]}},"jetpack-related-posts":[],"jetpack_sharing_enabled":true,"_links":{"self":[{"href":"https:\/\/www.pickchickbymec.com\/en\/wp-json\/wp\/v2\/product\/4395","targetHints":{"allow":["GET"]}}],"collection":[{"href":"https:\/\/www.pickchickbymec.com\/en\/wp-json\/wp\/v2\/product"}],"about":[{"href":"https:\/\/www.pickchickbymec.com\/en\/wp-json\/wp\/v2\/types\/product"}],"replies":[{"embeddable":true,"href":"https:\/\/www.pickchickbymec.com\/en\/wp-json\/wp\/v2\/comments?post=4395"}],"wp:featuredmedia":[{"embeddable":true,"href":"https:\/\/www.pickchickbymec.com\/en\/wp-json\/wp\/v2\/media\/7306"}],"wp:attachment":[{"href":"https:\/\/www.pickchickbymec.com\/en\/wp-json\/wp\/v2\/media?parent=4395"}],"wp:term":[{"taxonomy":"product_brand","embeddable":true,"href":"https:\/\/www.pickchickbymec.com\/en\/wp-json\/wp\/v2\/product_brand?post=4395"},{"taxonomy":"product_cat","embeddable":true,"href":"https:\/\/www.pickchickbymec.com\/en\/wp-json\/wp\/v2\/product_cat?post=4395"},{"taxonomy":"product_tag","embeddable":true,"href":"https:\/\/www.pickchickbymec.com\/en\/wp-json\/wp\/v2\/product_tag?post=4395"}],"curies":[{"name":"wp","href":"https:\/\/api.w.org\/{rel}","templated":true}]}}