{"id":4472,"date":"2021-11-25T18:45:31","date_gmt":"2021-11-25T17:45:31","guid":{"rendered":"https:\/\/www.pickchickbymec.com\/?post_type=product&#038;p=4472"},"modified":"2026-04-01T08:53:07","modified_gmt":"2026-04-01T06:53:07","slug":"llavero-acrilico-diamante-mandarin","status":"publish","type":"product","link":"https:\/\/www.pickchickbymec.com\/en\/product\/llavero-acrilico-diamante-mandarin\/","title":{"rendered":"Llavero acr\u00edlico Diamante Mandar\u00edn en rama"},"content":{"rendered":"<p><span style=\"font-weight: 400;\">Llavero acr\u00edlico con dise\u00f1o inspirado en el diamante mandar\u00edn. Esta ilustraci\u00f3n muestra tres diamantes mandarines posados en una ramita. Son aves muy alegres y coloridas, viven en grupo y son muy valoradas como mascota. El mosquet\u00f3n en color claro combina a la perfecci\u00f3n con el dise\u00f1o del llavero, y hace que sea f\u00e1cil de poner y quitar de tus bolsos o mochilas. El diamante mandar\u00edn es adem\u00e1s mi animal favorito, as\u00ed que no pod\u00eda faltar en mi tienda. Si te gustan los diamantes mandarines tanto como a mi o eres fan de los pajaritos y la ornitolog\u00eda en general este llavero es ideal para ti. Adem\u00e1s le dar\u00e1 un toque cute y alegre a tus llaves, bolso o mochila all\u00e1 donde vayas.<\/span><\/p>\n<p><strong>Llavero acr\u00edlico diamante mandar\u00edn en rama. Especificaciones:<\/strong><\/p>\n<ul>\n<li><span style=\"font-weight: 400;\">Cierre de mosquet\u00f3n en color blanco roto<\/span><\/li>\n<li>Impreso a doble cara.<\/li>\n<li>Mismo dise\u00f1o a cada lado<\/li>\n<li>Medidas parte acr\u00edlica 5 cm<\/li>\n<li>Grosor del acr\u00edlico: 3 mm<\/li>\n<\/ul>\n<p><span style=\"font-weight: 400;\">Este producto se env\u00eda por correo certificado con n\u00famero de seguimiento.<\/span><\/p>\n<p><span style=\"font-weight: 400;\">Echa un vistazo al resto de<a href=\"https:\/\/www.pickchickbymec.com\/en\/product-tag\/pajaros\/\"> productos de pajaritos <\/a>que hay en mi tienda y combina varios productos en tu compra para ahorrar en los gastos de env\u00edo.<\/span><\/p>\n<p><span style=\"font-weight: 400;\">\u00a0Si quieres enterarte de todas las novedades y ver fotos del proceso de los nuevos productos s\u00edgueme en <a href=\"https:\/\/twitter.com\/pickchickbymec\">Twitter<\/a> e <a href=\"https:\/\/www.instagram.com\/pickchickbymec\/\">Instagram<\/a>.<\/span><\/p>","protected":false},"excerpt":{"rendered":"<p>Llavero acr\u00edlico diamante mandar\u00edn en rama.<\/p>","protected":false},"featured_media":8469,"comment_status":"open","ping_status":"closed","template":"","meta":{"_monsterinsights_skip_tracking":false,"_monsterinsights_sitenote_active":false,"_monsterinsights_sitenote_note":"","_monsterinsights_sitenote_category":0},"product_brand":[],"product_cat":[288],"product_tag":[379,370,397],"class_list":{"0":"post-4472","1":"product","2":"type-product","3":"status-publish","4":"has-post-thumbnail","6":"product_cat-accesorios","7":"product_tag-diamante-mandarin","8":"product_tag-llavero","9":"product_tag-pajaros","10":"product_shipping_class-b-certificado-ligero","12":"first","13":"instock","14":"taxable","15":"shipping-taxable","16":"purchasable","17":"product-type-simple"},"yoast_head":"<!-- This site is optimized with the Yoast SEO plugin v27.4 - https:\/\/yoast.com\/product\/yoast-seo-wordpress\/ -->\n<title>Llavero acr\u00edlico diamante mandar\u00edn | Accesorio | Pick\u00b7Chick by Mec<\/title>\n<meta name=\"description\" content=\"Llavero acr\u00edlico kawaii inspirado en el diamante mandar\u00edn. Cierre de mosquet\u00f3n de color blanco roto y con el dise\u00f1o impreso por ambas caras.\" \/>\n<meta name=\"robots\" content=\"index, follow, max-snippet:-1, max-image-preview:large, max-video-preview:-1\" \/>\n<link rel=\"canonical\" href=\"https:\/\/www.pickchickbymec.com\/en\/product\/llavero-acrilico-diamante-mandarin\/\" \/>\n<meta property=\"og:locale\" content=\"en_GB\" \/>\n<meta property=\"og:type\" content=\"article\" \/>\n<meta property=\"og:title\" content=\"Llavero acr\u00edlico diamante mandar\u00edn | Accesorio | Pick\u00b7Chick by Mec\" \/>\n<meta property=\"og:description\" content=\"Llavero acr\u00edlico kawaii inspirado en el diamante mandar\u00edn. Cierre de mosquet\u00f3n de color blanco roto y con el dise\u00f1o impreso por ambas caras.\" \/>\n<meta property=\"og:url\" content=\"https:\/\/www.pickchickbymec.com\/en\/product\/llavero-acrilico-diamante-mandarin\/\" \/>\n<meta property=\"og:site_name\" content=\"Pick\u00b7Chick by Mec\" \/>\n<meta property=\"article:modified_time\" content=\"2026-04-01T06:53:07+00:00\" \/>\n<meta property=\"og:image\" content=\"https:\/\/www.pickchickbymec.com\/wp-content\/uploads\/2021\/11\/manda1.jpg\" \/>\n\t<meta property=\"og:image:width\" content=\"1500\" \/>\n\t<meta property=\"og:image:height\" content=\"1000\" \/>\n\t<meta property=\"og:image:type\" content=\"image\/jpeg\" \/>\n<meta name=\"twitter:card\" content=\"summary_large_image\" \/>\n<meta name=\"twitter:label1\" content=\"Estimated reading time\" \/>\n\t<meta name=\"twitter:data1\" content=\"2 minutes\" \/>\n<script type=\"application\/ld+json\" class=\"yoast-schema-graph\">{\"@context\":\"https:\\\/\\\/schema.org\",\"@graph\":[{\"@type\":\"WebPage\",\"@id\":\"https:\\\/\\\/www.pickchickbymec.com\\\/producto\\\/llavero-acrilico-diamante-mandarin\\\/\",\"url\":\"https:\\\/\\\/www.pickchickbymec.com\\\/producto\\\/llavero-acrilico-diamante-mandarin\\\/\",\"name\":\"Llavero acr\u00edlico diamante mandar\u00edn | Accesorio | Pick\u00b7Chick by Mec\",\"isPartOf\":{\"@id\":\"https:\\\/\\\/www.pickchickbymec.com\\\/#website\"},\"primaryImageOfPage\":{\"@id\":\"https:\\\/\\\/www.pickchickbymec.com\\\/producto\\\/llavero-acrilico-diamante-mandarin\\\/#primaryimage\"},\"image\":{\"@id\":\"https:\\\/\\\/www.pickchickbymec.com\\\/producto\\\/llavero-acrilico-diamante-mandarin\\\/#primaryimage\"},\"thumbnailUrl\":\"https:\\\/\\\/www.pickchickbymec.com\\\/wp-content\\\/uploads\\\/2021\\\/11\\\/manda1.jpg\",\"datePublished\":\"2021-11-25T17:45:31+00:00\",\"dateModified\":\"2026-04-01T06:53:07+00:00\",\"description\":\"Llavero acr\u00edlico kawaii inspirado en el diamante mandar\u00edn. Cierre de mosquet\u00f3n de color blanco roto y con el dise\u00f1o impreso por ambas caras.\",\"breadcrumb\":{\"@id\":\"https:\\\/\\\/www.pickchickbymec.com\\\/producto\\\/llavero-acrilico-diamante-mandarin\\\/#breadcrumb\"},\"inLanguage\":\"en-GB\",\"potentialAction\":[{\"@type\":\"ReadAction\",\"target\":[\"https:\\\/\\\/www.pickchickbymec.com\\\/producto\\\/llavero-acrilico-diamante-mandarin\\\/\"]}]},{\"@type\":\"ImageObject\",\"inLanguage\":\"en-GB\",\"@id\":\"https:\\\/\\\/www.pickchickbymec.com\\\/producto\\\/llavero-acrilico-diamante-mandarin\\\/#primaryimage\",\"url\":\"https:\\\/\\\/www.pickchickbymec.com\\\/wp-content\\\/uploads\\\/2021\\\/11\\\/manda1.jpg\",\"contentUrl\":\"https:\\\/\\\/www.pickchickbymec.com\\\/wp-content\\\/uploads\\\/2021\\\/11\\\/manda1.jpg\",\"width\":1500,\"height\":1000,\"caption\":\"llavero diamante mandarin\"},{\"@type\":\"BreadcrumbList\",\"@id\":\"https:\\\/\\\/www.pickchickbymec.com\\\/producto\\\/llavero-acrilico-diamante-mandarin\\\/#breadcrumb\",\"itemListElement\":[{\"@type\":\"ListItem\",\"position\":1,\"name\":\"Portada\",\"item\":\"https:\\\/\\\/www.pickchickbymec.com\\\/\"},{\"@type\":\"ListItem\",\"position\":2,\"name\":\"Tienda\",\"item\":\"https:\\\/\\\/www.pickchickbymec.com\\\/tienda\\\/\"},{\"@type\":\"ListItem\",\"position\":3,\"name\":\"Llavero acr\u00edlico Diamante Mandar\u00edn en rama\"}]},{\"@type\":\"WebSite\",\"@id\":\"https:\\\/\\\/www.pickchickbymec.com\\\/#website\",\"url\":\"https:\\\/\\\/www.pickchickbymec.com\\\/\",\"name\":\"Pick\u00b7Chick by Mec\",\"description\":\"kawaii illustrator and artisan\",\"publisher\":{\"@id\":\"https:\\\/\\\/www.pickchickbymec.com\\\/#\\\/schema\\\/person\\\/189a1cea9c7f6704595062aabbbb38fe\"},\"potentialAction\":[{\"@type\":\"SearchAction\",\"target\":{\"@type\":\"EntryPoint\",\"urlTemplate\":\"https:\\\/\\\/www.pickchickbymec.com\\\/?s={search_term_string}\"},\"query-input\":{\"@type\":\"PropertyValueSpecification\",\"valueRequired\":true,\"valueName\":\"search_term_string\"}}],\"inLanguage\":\"en-GB\"},{\"@type\":[\"Person\",\"Organization\"],\"@id\":\"https:\\\/\\\/www.pickchickbymec.com\\\/#\\\/schema\\\/person\\\/189a1cea9c7f6704595062aabbbb38fe\",\"name\":\"pickchickbymec\",\"image\":{\"@type\":\"ImageObject\",\"inLanguage\":\"en-GB\",\"@id\":\"https:\\\/\\\/secure.gravatar.com\\\/avatar\\\/0c13b11690ce1ad38e031b40cac436947d766b2585e3e81250e6cf60b0a3b61f?s=96&d=mm&r=g\",\"url\":\"https:\\\/\\\/secure.gravatar.com\\\/avatar\\\/0c13b11690ce1ad38e031b40cac436947d766b2585e3e81250e6cf60b0a3b61f?s=96&d=mm&r=g\",\"contentUrl\":\"https:\\\/\\\/secure.gravatar.com\\\/avatar\\\/0c13b11690ce1ad38e031b40cac436947d766b2585e3e81250e6cf60b0a3b61f?s=96&d=mm&r=g\",\"caption\":\"pickchickbymec\"},\"logo\":{\"@id\":\"https:\\\/\\\/secure.gravatar.com\\\/avatar\\\/0c13b11690ce1ad38e031b40cac436947d766b2585e3e81250e6cf60b0a3b61f?s=96&d=mm&r=g\"}}]}<\/script>\n<!-- \/ Yoast SEO plugin. -->","yoast_head_json":{"title":"Llavero acr\u00edlico diamante mandar\u00edn | Accesorio | Pick\u00b7Chick by Mec","description":"Llavero acr\u00edlico kawaii inspirado en el diamante mandar\u00edn. Cierre de mosquet\u00f3n de color blanco roto y con el dise\u00f1o impreso por ambas caras.","robots":{"index":"index","follow":"follow","max-snippet":"max-snippet:-1","max-image-preview":"max-image-preview:large","max-video-preview":"max-video-preview:-1"},"canonical":"https:\/\/www.pickchickbymec.com\/en\/product\/llavero-acrilico-diamante-mandarin\/","og_locale":"en_GB","og_type":"article","og_title":"Llavero acr\u00edlico diamante mandar\u00edn | Accesorio | Pick\u00b7Chick by Mec","og_description":"Llavero acr\u00edlico kawaii inspirado en el diamante mandar\u00edn. Cierre de mosquet\u00f3n de color blanco roto y con el dise\u00f1o impreso por ambas caras.","og_url":"https:\/\/www.pickchickbymec.com\/en\/product\/llavero-acrilico-diamante-mandarin\/","og_site_name":"Pick\u00b7Chick by Mec","article_modified_time":"2026-04-01T06:53:07+00:00","og_image":[{"width":1500,"height":1000,"url":"https:\/\/www.pickchickbymec.com\/wp-content\/uploads\/2021\/11\/manda1.jpg","type":"image\/jpeg"}],"twitter_card":"summary_large_image","twitter_misc":{"Estimated reading time":"2 minutes"},"schema":{"@context":"https:\/\/schema.org","@graph":[{"@type":"WebPage","@id":"https:\/\/www.pickchickbymec.com\/producto\/llavero-acrilico-diamante-mandarin\/","url":"https:\/\/www.pickchickbymec.com\/producto\/llavero-acrilico-diamante-mandarin\/","name":"Llavero acr\u00edlico diamante mandar\u00edn | Accesorio | Pick\u00b7Chick by Mec","isPartOf":{"@id":"https:\/\/www.pickchickbymec.com\/#website"},"primaryImageOfPage":{"@id":"https:\/\/www.pickchickbymec.com\/producto\/llavero-acrilico-diamante-mandarin\/#primaryimage"},"image":{"@id":"https:\/\/www.pickchickbymec.com\/producto\/llavero-acrilico-diamante-mandarin\/#primaryimage"},"thumbnailUrl":"https:\/\/www.pickchickbymec.com\/wp-content\/uploads\/2021\/11\/manda1.jpg","datePublished":"2021-11-25T17:45:31+00:00","dateModified":"2026-04-01T06:53:07+00:00","description":"Llavero acr\u00edlico kawaii inspirado en el diamante mandar\u00edn. Cierre de mosquet\u00f3n de color blanco roto y con el dise\u00f1o impreso por ambas caras.","breadcrumb":{"@id":"https:\/\/www.pickchickbymec.com\/producto\/llavero-acrilico-diamante-mandarin\/#breadcrumb"},"inLanguage":"en-GB","potentialAction":[{"@type":"ReadAction","target":["https:\/\/www.pickchickbymec.com\/producto\/llavero-acrilico-diamante-mandarin\/"]}]},{"@type":"ImageObject","inLanguage":"en-GB","@id":"https:\/\/www.pickchickbymec.com\/producto\/llavero-acrilico-diamante-mandarin\/#primaryimage","url":"https:\/\/www.pickchickbymec.com\/wp-content\/uploads\/2021\/11\/manda1.jpg","contentUrl":"https:\/\/www.pickchickbymec.com\/wp-content\/uploads\/2021\/11\/manda1.jpg","width":1500,"height":1000,"caption":"llavero diamante mandarin"},{"@type":"BreadcrumbList","@id":"https:\/\/www.pickchickbymec.com\/producto\/llavero-acrilico-diamante-mandarin\/#breadcrumb","itemListElement":[{"@type":"ListItem","position":1,"name":"Portada","item":"https:\/\/www.pickchickbymec.com\/"},{"@type":"ListItem","position":2,"name":"Tienda","item":"https:\/\/www.pickchickbymec.com\/tienda\/"},{"@type":"ListItem","position":3,"name":"Llavero acr\u00edlico Diamante Mandar\u00edn en rama"}]},{"@type":"WebSite","@id":"https:\/\/www.pickchickbymec.com\/#website","url":"https:\/\/www.pickchickbymec.com\/","name":"Pick-Chick by Mec","description":"kawaii illustrator and artisan","publisher":{"@id":"https:\/\/www.pickchickbymec.com\/#\/schema\/person\/189a1cea9c7f6704595062aabbbb38fe"},"potentialAction":[{"@type":"SearchAction","target":{"@type":"EntryPoint","urlTemplate":"https:\/\/www.pickchickbymec.com\/?s={search_term_string}"},"query-input":{"@type":"PropertyValueSpecification","valueRequired":true,"valueName":"search_term_string"}}],"inLanguage":"en-GB"},{"@type":["Person","Organization"],"@id":"https:\/\/www.pickchickbymec.com\/#\/schema\/person\/189a1cea9c7f6704595062aabbbb38fe","name":"pickchickbymec","image":{"@type":"ImageObject","inLanguage":"en-GB","@id":"https:\/\/secure.gravatar.com\/avatar\/0c13b11690ce1ad38e031b40cac436947d766b2585e3e81250e6cf60b0a3b61f?s=96&d=mm&r=g","url":"https:\/\/secure.gravatar.com\/avatar\/0c13b11690ce1ad38e031b40cac436947d766b2585e3e81250e6cf60b0a3b61f?s=96&d=mm&r=g","contentUrl":"https:\/\/secure.gravatar.com\/avatar\/0c13b11690ce1ad38e031b40cac436947d766b2585e3e81250e6cf60b0a3b61f?s=96&d=mm&r=g","caption":"pickchickbymec"},"logo":{"@id":"https:\/\/secure.gravatar.com\/avatar\/0c13b11690ce1ad38e031b40cac436947d766b2585e3e81250e6cf60b0a3b61f?s=96&d=mm&r=g"}}]}},"jetpack-related-posts":[],"jetpack_sharing_enabled":true,"_links":{"self":[{"href":"https:\/\/www.pickchickbymec.com\/en\/wp-json\/wp\/v2\/product\/4472","targetHints":{"allow":["GET"]}}],"collection":[{"href":"https:\/\/www.pickchickbymec.com\/en\/wp-json\/wp\/v2\/product"}],"about":[{"href":"https:\/\/www.pickchickbymec.com\/en\/wp-json\/wp\/v2\/types\/product"}],"replies":[{"embeddable":true,"href":"https:\/\/www.pickchickbymec.com\/en\/wp-json\/wp\/v2\/comments?post=4472"}],"wp:featuredmedia":[{"embeddable":true,"href":"https:\/\/www.pickchickbymec.com\/en\/wp-json\/wp\/v2\/media\/8469"}],"wp:attachment":[{"href":"https:\/\/www.pickchickbymec.com\/en\/wp-json\/wp\/v2\/media?parent=4472"}],"wp:term":[{"taxonomy":"product_brand","embeddable":true,"href":"https:\/\/www.pickchickbymec.com\/en\/wp-json\/wp\/v2\/product_brand?post=4472"},{"taxonomy":"product_cat","embeddable":true,"href":"https:\/\/www.pickchickbymec.com\/en\/wp-json\/wp\/v2\/product_cat?post=4472"},{"taxonomy":"product_tag","embeddable":true,"href":"https:\/\/www.pickchickbymec.com\/en\/wp-json\/wp\/v2\/product_tag?post=4472"}],"curies":[{"name":"wp","href":"https:\/\/api.w.org\/{rel}","templated":true}]}}