{"id":4592,"date":"2021-12-06T17:08:07","date_gmt":"2021-12-06T16:08:07","guid":{"rendered":"https:\/\/www.pickchickbymec.com\/?post_type=product&#038;p=4592"},"modified":"2025-12-22T13:40:24","modified_gmt":"2025-12-22T12:40:24","slug":"pegatinas-hamtaro","status":"publish","type":"product","link":"https:\/\/www.pickchickbymec.com\/en\/product\/pegatinas-hamtaro\/","title":{"rendered":"Hoja de pegatinas pretroquelada Hamtaro"},"content":{"rendered":"<p><span style=\"font-weight: 400;\">Hoja de pegatinas pretroqueladas inspiradas en los adorables personajes del anime Hamtaro. El dise\u00f1o de estos adhesivos muestra a algunos de los h\u00e1msters protagonistas de una de las series y videojuegos m\u00e1s queridos de los 2000. Si recuerdas con cari\u00f1o y nostalgia a estos peque\u00f1os roedores y de peque seguiste sus aventuras, no dudes en revivirlas con estas bonitas pegatinas. Son de papel pero bastante resitentes, as\u00ed que son perfectas para usar en manualidades, cuadernos, bulletjournals y dem\u00e1s. La hoja incluye 10 pegatinas distintas, con 9 hamhams y un mont\u00f3n de caramelos.\u00a0<\/span><\/p>\n<p><strong>Hoja de pegatinas pretroquelada Hamtaro. Caracter\u00edsticas:<\/strong><\/p>\n<ul>\n<li>Impresi\u00f3n UV en papel<\/li>\n<li>Incluye 10 pegatinas distintas (6 de h\u00e1msters y 4 de caramelos)<\/li>\n<li>Medida din A5 (21 x 14 cm)<\/li>\n<\/ul>\n<p><span style=\"font-weight: 400;\">Este producto se env\u00eda por correo certificado con n\u00famero de seguimiento.\u00a0<\/span><\/p>\n<p><span style=\"font-weight: 400;\">Echa un vistazo al resto de <a href=\"https:\/\/www.pickchickbymec.com\/en\/product-tag\/hamtaro\/\">productos inspirados en Hamtaro<\/a> y sus amigos \u00a0que hay en mi tienda y combina varias cositas en tu compra para ahorrar en los gastos de env\u00edo.<\/span><\/p>\n<p><span style=\"font-weight: 400;\">\u00a0Si quieres enterarte de todas las novedades y ver fotos del proceso de los nuevos productos s\u00edgueme en <a href=\"https:\/\/twitter.com\/pickchickbymec\">Twitter<\/a> e <a href=\"https:\/\/www.instagram.com\/pickchickbymec\/\">Instagram<\/a>.<\/span><\/p>","protected":false},"excerpt":{"rendered":"<p>Hojas de pegatinas troqueladas inspiradas en Hamtaro.<\/p>","protected":false},"featured_media":8358,"comment_status":"open","ping_status":"closed","template":"","meta":{"_monsterinsights_skip_tracking":false,"_monsterinsights_sitenote_active":false,"_monsterinsights_sitenote_note":"","_monsterinsights_sitenote_category":0},"product_brand":[],"product_cat":[366],"product_tag":[508,359,390,372,539],"class_list":{"0":"post-4592","1":"product","2":"type-product","3":"status-publish","4":"has-post-thumbnail","6":"product_cat-papeleria","7":"product_tag-anime","8":"product_tag-fanart","9":"product_tag-hamtaro","10":"product_tag-pegatinas","11":"product_tag-series-y-pelis","12":"product_shipping_class-documentos","14":"first","15":"instock","16":"taxable","17":"shipping-taxable","18":"purchasable","19":"product-type-simple"},"yoast_head":"<!-- This site is optimized with the Yoast SEO plugin v27.4 - https:\/\/yoast.com\/product\/yoast-seo-wordpress\/ -->\n<title>Hoja de pegatinas pretroquelada Hamtaro | Ilustraci\u00f3n y artesan\u00eda | Pick\u00b7Chick by Mec<\/title>\n<meta name=\"description\" content=\"Sets de pegatinas troqueladas inspiradas en el anime Hamtaro y los dulces Smarties. Incluye 6 pegatinas de hamsters adorables y 4 de smarties.\" \/>\n<meta name=\"robots\" content=\"index, follow, max-snippet:-1, max-image-preview:large, max-video-preview:-1\" \/>\n<link rel=\"canonical\" href=\"https:\/\/www.pickchickbymec.com\/en\/product\/pegatinas-hamtaro\/\" \/>\n<meta property=\"og:locale\" content=\"en_GB\" \/>\n<meta property=\"og:type\" content=\"article\" \/>\n<meta property=\"og:title\" content=\"Hoja de pegatinas pretroquelada Hamtaro | Ilustraci\u00f3n y artesan\u00eda | Pick\u00b7Chick by Mec\" \/>\n<meta property=\"og:description\" content=\"Sets de pegatinas troqueladas inspiradas en el anime Hamtaro y los dulces Smarties. Incluye 6 pegatinas de hamsters adorables y 4 de smarties.\" \/>\n<meta property=\"og:url\" content=\"https:\/\/www.pickchickbymec.com\/en\/product\/pegatinas-hamtaro\/\" \/>\n<meta property=\"og:site_name\" content=\"Pick\u00b7Chick by Mec\" \/>\n<meta property=\"article:modified_time\" content=\"2025-12-22T12:40:24+00:00\" \/>\n<meta property=\"og:image\" content=\"https:\/\/www.pickchickbymec.com\/wp-content\/uploads\/2021\/12\/hamtaro2.jpg\" \/>\n\t<meta property=\"og:image:width\" content=\"1200\" \/>\n\t<meta property=\"og:image:height\" content=\"1027\" \/>\n\t<meta property=\"og:image:type\" content=\"image\/jpeg\" \/>\n<meta name=\"twitter:card\" content=\"summary_large_image\" \/>\n<meta name=\"twitter:label1\" content=\"Estimated reading time\" \/>\n\t<meta name=\"twitter:data1\" content=\"2 minutes\" \/>\n<script type=\"application\/ld+json\" class=\"yoast-schema-graph\">{\"@context\":\"https:\\\/\\\/schema.org\",\"@graph\":[{\"@type\":\"WebPage\",\"@id\":\"https:\\\/\\\/www.pickchickbymec.com\\\/producto\\\/pegatinas-hamtaro\\\/\",\"url\":\"https:\\\/\\\/www.pickchickbymec.com\\\/producto\\\/pegatinas-hamtaro\\\/\",\"name\":\"Hoja de pegatinas pretroquelada Hamtaro | Ilustraci\u00f3n y artesan\u00eda | Pick\u00b7Chick by Mec\",\"isPartOf\":{\"@id\":\"https:\\\/\\\/www.pickchickbymec.com\\\/#website\"},\"primaryImageOfPage\":{\"@id\":\"https:\\\/\\\/www.pickchickbymec.com\\\/producto\\\/pegatinas-hamtaro\\\/#primaryimage\"},\"image\":{\"@id\":\"https:\\\/\\\/www.pickchickbymec.com\\\/producto\\\/pegatinas-hamtaro\\\/#primaryimage\"},\"thumbnailUrl\":\"https:\\\/\\\/www.pickchickbymec.com\\\/wp-content\\\/uploads\\\/2021\\\/12\\\/hamtaro2.jpg\",\"datePublished\":\"2021-12-06T16:08:07+00:00\",\"dateModified\":\"2025-12-22T12:40:24+00:00\",\"description\":\"Sets de pegatinas troqueladas inspiradas en el anime Hamtaro y los dulces Smarties. Incluye 6 pegatinas de hamsters adorables y 4 de smarties.\",\"breadcrumb\":{\"@id\":\"https:\\\/\\\/www.pickchickbymec.com\\\/producto\\\/pegatinas-hamtaro\\\/#breadcrumb\"},\"inLanguage\":\"en-GB\",\"potentialAction\":[{\"@type\":\"ReadAction\",\"target\":[\"https:\\\/\\\/www.pickchickbymec.com\\\/producto\\\/pegatinas-hamtaro\\\/\"]}]},{\"@type\":\"ImageObject\",\"inLanguage\":\"en-GB\",\"@id\":\"https:\\\/\\\/www.pickchickbymec.com\\\/producto\\\/pegatinas-hamtaro\\\/#primaryimage\",\"url\":\"https:\\\/\\\/www.pickchickbymec.com\\\/wp-content\\\/uploads\\\/2021\\\/12\\\/hamtaro2.jpg\",\"contentUrl\":\"https:\\\/\\\/www.pickchickbymec.com\\\/wp-content\\\/uploads\\\/2021\\\/12\\\/hamtaro2.jpg\",\"width\":1200,\"height\":1027,\"caption\":\"hamtaro stickers\"},{\"@type\":\"BreadcrumbList\",\"@id\":\"https:\\\/\\\/www.pickchickbymec.com\\\/producto\\\/pegatinas-hamtaro\\\/#breadcrumb\",\"itemListElement\":[{\"@type\":\"ListItem\",\"position\":1,\"name\":\"Portada\",\"item\":\"https:\\\/\\\/www.pickchickbymec.com\\\/\"},{\"@type\":\"ListItem\",\"position\":2,\"name\":\"Tienda\",\"item\":\"https:\\\/\\\/www.pickchickbymec.com\\\/tienda\\\/\"},{\"@type\":\"ListItem\",\"position\":3,\"name\":\"Hoja de pegatinas pretroquelada Hamtaro\"}]},{\"@type\":\"WebSite\",\"@id\":\"https:\\\/\\\/www.pickchickbymec.com\\\/#website\",\"url\":\"https:\\\/\\\/www.pickchickbymec.com\\\/\",\"name\":\"Pick\u00b7Chick by Mec\",\"description\":\"kawaii illustrator and artisan\",\"publisher\":{\"@id\":\"https:\\\/\\\/www.pickchickbymec.com\\\/#\\\/schema\\\/person\\\/189a1cea9c7f6704595062aabbbb38fe\"},\"potentialAction\":[{\"@type\":\"SearchAction\",\"target\":{\"@type\":\"EntryPoint\",\"urlTemplate\":\"https:\\\/\\\/www.pickchickbymec.com\\\/?s={search_term_string}\"},\"query-input\":{\"@type\":\"PropertyValueSpecification\",\"valueRequired\":true,\"valueName\":\"search_term_string\"}}],\"inLanguage\":\"en-GB\"},{\"@type\":[\"Person\",\"Organization\"],\"@id\":\"https:\\\/\\\/www.pickchickbymec.com\\\/#\\\/schema\\\/person\\\/189a1cea9c7f6704595062aabbbb38fe\",\"name\":\"pickchickbymec\",\"image\":{\"@type\":\"ImageObject\",\"inLanguage\":\"en-GB\",\"@id\":\"https:\\\/\\\/secure.gravatar.com\\\/avatar\\\/0c13b11690ce1ad38e031b40cac436947d766b2585e3e81250e6cf60b0a3b61f?s=96&d=mm&r=g\",\"url\":\"https:\\\/\\\/secure.gravatar.com\\\/avatar\\\/0c13b11690ce1ad38e031b40cac436947d766b2585e3e81250e6cf60b0a3b61f?s=96&d=mm&r=g\",\"contentUrl\":\"https:\\\/\\\/secure.gravatar.com\\\/avatar\\\/0c13b11690ce1ad38e031b40cac436947d766b2585e3e81250e6cf60b0a3b61f?s=96&d=mm&r=g\",\"caption\":\"pickchickbymec\"},\"logo\":{\"@id\":\"https:\\\/\\\/secure.gravatar.com\\\/avatar\\\/0c13b11690ce1ad38e031b40cac436947d766b2585e3e81250e6cf60b0a3b61f?s=96&d=mm&r=g\"}}]}<\/script>\n<!-- \/ Yoast SEO plugin. -->","yoast_head_json":{"title":"Hoja de pegatinas pretroquelada Hamtaro | Ilustraci\u00f3n y artesan\u00eda | Pick\u00b7Chick by Mec","description":"Sets de pegatinas troqueladas inspiradas en el anime Hamtaro y los dulces Smarties. Incluye 6 pegatinas de hamsters adorables y 4 de smarties.","robots":{"index":"index","follow":"follow","max-snippet":"max-snippet:-1","max-image-preview":"max-image-preview:large","max-video-preview":"max-video-preview:-1"},"canonical":"https:\/\/www.pickchickbymec.com\/en\/product\/pegatinas-hamtaro\/","og_locale":"en_GB","og_type":"article","og_title":"Hoja de pegatinas pretroquelada Hamtaro | Ilustraci\u00f3n y artesan\u00eda | Pick\u00b7Chick by Mec","og_description":"Sets de pegatinas troqueladas inspiradas en el anime Hamtaro y los dulces Smarties. Incluye 6 pegatinas de hamsters adorables y 4 de smarties.","og_url":"https:\/\/www.pickchickbymec.com\/en\/product\/pegatinas-hamtaro\/","og_site_name":"Pick\u00b7Chick by Mec","article_modified_time":"2025-12-22T12:40:24+00:00","og_image":[{"width":1200,"height":1027,"url":"https:\/\/www.pickchickbymec.com\/wp-content\/uploads\/2021\/12\/hamtaro2.jpg","type":"image\/jpeg"}],"twitter_card":"summary_large_image","twitter_misc":{"Estimated reading time":"2 minutes"},"schema":{"@context":"https:\/\/schema.org","@graph":[{"@type":"WebPage","@id":"https:\/\/www.pickchickbymec.com\/producto\/pegatinas-hamtaro\/","url":"https:\/\/www.pickchickbymec.com\/producto\/pegatinas-hamtaro\/","name":"Hoja de pegatinas pretroquelada Hamtaro | Ilustraci\u00f3n y artesan\u00eda | Pick\u00b7Chick by Mec","isPartOf":{"@id":"https:\/\/www.pickchickbymec.com\/#website"},"primaryImageOfPage":{"@id":"https:\/\/www.pickchickbymec.com\/producto\/pegatinas-hamtaro\/#primaryimage"},"image":{"@id":"https:\/\/www.pickchickbymec.com\/producto\/pegatinas-hamtaro\/#primaryimage"},"thumbnailUrl":"https:\/\/www.pickchickbymec.com\/wp-content\/uploads\/2021\/12\/hamtaro2.jpg","datePublished":"2021-12-06T16:08:07+00:00","dateModified":"2025-12-22T12:40:24+00:00","description":"Sets de pegatinas troqueladas inspiradas en el anime Hamtaro y los dulces Smarties. Incluye 6 pegatinas de hamsters adorables y 4 de smarties.","breadcrumb":{"@id":"https:\/\/www.pickchickbymec.com\/producto\/pegatinas-hamtaro\/#breadcrumb"},"inLanguage":"en-GB","potentialAction":[{"@type":"ReadAction","target":["https:\/\/www.pickchickbymec.com\/producto\/pegatinas-hamtaro\/"]}]},{"@type":"ImageObject","inLanguage":"en-GB","@id":"https:\/\/www.pickchickbymec.com\/producto\/pegatinas-hamtaro\/#primaryimage","url":"https:\/\/www.pickchickbymec.com\/wp-content\/uploads\/2021\/12\/hamtaro2.jpg","contentUrl":"https:\/\/www.pickchickbymec.com\/wp-content\/uploads\/2021\/12\/hamtaro2.jpg","width":1200,"height":1027,"caption":"hamtaro stickers"},{"@type":"BreadcrumbList","@id":"https:\/\/www.pickchickbymec.com\/producto\/pegatinas-hamtaro\/#breadcrumb","itemListElement":[{"@type":"ListItem","position":1,"name":"Portada","item":"https:\/\/www.pickchickbymec.com\/"},{"@type":"ListItem","position":2,"name":"Tienda","item":"https:\/\/www.pickchickbymec.com\/tienda\/"},{"@type":"ListItem","position":3,"name":"Hoja de pegatinas pretroquelada Hamtaro"}]},{"@type":"WebSite","@id":"https:\/\/www.pickchickbymec.com\/#website","url":"https:\/\/www.pickchickbymec.com\/","name":"Pick-Chick by Mec","description":"kawaii illustrator and artisan","publisher":{"@id":"https:\/\/www.pickchickbymec.com\/#\/schema\/person\/189a1cea9c7f6704595062aabbbb38fe"},"potentialAction":[{"@type":"SearchAction","target":{"@type":"EntryPoint","urlTemplate":"https:\/\/www.pickchickbymec.com\/?s={search_term_string}"},"query-input":{"@type":"PropertyValueSpecification","valueRequired":true,"valueName":"search_term_string"}}],"inLanguage":"en-GB"},{"@type":["Person","Organization"],"@id":"https:\/\/www.pickchickbymec.com\/#\/schema\/person\/189a1cea9c7f6704595062aabbbb38fe","name":"pickchickbymec","image":{"@type":"ImageObject","inLanguage":"en-GB","@id":"https:\/\/secure.gravatar.com\/avatar\/0c13b11690ce1ad38e031b40cac436947d766b2585e3e81250e6cf60b0a3b61f?s=96&d=mm&r=g","url":"https:\/\/secure.gravatar.com\/avatar\/0c13b11690ce1ad38e031b40cac436947d766b2585e3e81250e6cf60b0a3b61f?s=96&d=mm&r=g","contentUrl":"https:\/\/secure.gravatar.com\/avatar\/0c13b11690ce1ad38e031b40cac436947d766b2585e3e81250e6cf60b0a3b61f?s=96&d=mm&r=g","caption":"pickchickbymec"},"logo":{"@id":"https:\/\/secure.gravatar.com\/avatar\/0c13b11690ce1ad38e031b40cac436947d766b2585e3e81250e6cf60b0a3b61f?s=96&d=mm&r=g"}}]}},"jetpack-related-posts":[],"jetpack_sharing_enabled":true,"_links":{"self":[{"href":"https:\/\/www.pickchickbymec.com\/en\/wp-json\/wp\/v2\/product\/4592","targetHints":{"allow":["GET"]}}],"collection":[{"href":"https:\/\/www.pickchickbymec.com\/en\/wp-json\/wp\/v2\/product"}],"about":[{"href":"https:\/\/www.pickchickbymec.com\/en\/wp-json\/wp\/v2\/types\/product"}],"replies":[{"embeddable":true,"href":"https:\/\/www.pickchickbymec.com\/en\/wp-json\/wp\/v2\/comments?post=4592"}],"wp:featuredmedia":[{"embeddable":true,"href":"https:\/\/www.pickchickbymec.com\/en\/wp-json\/wp\/v2\/media\/8358"}],"wp:attachment":[{"href":"https:\/\/www.pickchickbymec.com\/en\/wp-json\/wp\/v2\/media?parent=4592"}],"wp:term":[{"taxonomy":"product_brand","embeddable":true,"href":"https:\/\/www.pickchickbymec.com\/en\/wp-json\/wp\/v2\/product_brand?post=4592"},{"taxonomy":"product_cat","embeddable":true,"href":"https:\/\/www.pickchickbymec.com\/en\/wp-json\/wp\/v2\/product_cat?post=4592"},{"taxonomy":"product_tag","embeddable":true,"href":"https:\/\/www.pickchickbymec.com\/en\/wp-json\/wp\/v2\/product_tag?post=4592"}],"curies":[{"name":"wp","href":"https:\/\/api.w.org\/{rel}","templated":true}]}}