{"id":4709,"date":"2022-02-18T17:23:10","date_gmt":"2022-02-18T16:23:10","guid":{"rendered":"https:\/\/www.pickchickbymec.com\/?post_type=product&#038;p=4709"},"modified":"2025-12-11T13:24:47","modified_gmt":"2025-12-11T12:24:47","slug":"libreta-eeveeluciones","status":"publish","type":"product","link":"https:\/\/www.pickchickbymec.com\/en\/product\/libreta-eeveeluciones\/","title":{"rendered":"Libreta Eeveelution (Pok\u00e9mon), formato A5"},"content":{"rendered":"<p><span style=\"font-weight: 400;\">Anota tus ideas, tus apuntes de clase o llena de dibujos esta libreta de dise\u00f1o inspirado en las Eeveelution, las formas evolucionadas del Pok\u00e9mon Eevee. Tanto la portada como la contraportada cuentan con un estampado original, exclusivo y muy colorido que muestra a las 9 criaturas representadas en un estilo muy kawaii en poses que recuerdan a las de los gatitos de verdad. Lleva a Eevee, Vaporeon, Flareon, Jolteon, Umbreon, Espeon, Glaceon, Leafeon y Sylveon contigo all\u00e1 donde vayas. El formato A5 permite que puedas llevarla c\u00f3modamente a cualquier parte que necesites, y las cubiertas van laminadas para hacerlas m\u00e1s resistentes y mucho m\u00e1s agradables al tacto. Las hojas interiores son completamente blancas, por lo que se adaptar\u00e1 perfectamente al uso que quieras darle. Este cuaderno es ideal para cualquier fan de Eevee y de Pok\u00e9mon en general.<\/span><\/p>\n<p><strong>Libreta Eeveelution (Pok\u00e9mon), especificaciones:<\/strong><\/p>\n<ul>\n<li>Encuadernaci\u00f3n en espiral tipo wire-o\u00a0 de color negro<\/li>\n<li>Papel blanco de 80 gr<\/li>\n<li>50 hojas<\/li>\n<li>Medidas: 15 x 21 cm<\/li>\n<li>Dise\u00f1o distinto en portada y contraportada<\/li>\n<li>Cubiertas en papel de 150 gr. laminadas en mate antiara\u00f1azos<\/li>\n<\/ul>\n<p><span style=\"font-weight: 400;\">El env\u00edo de este producto es por correo certificado con n\u00famero de seguimiento.<\/span><\/p>\n<p><span style=\"font-weight: 400;\">Echa un vistazo al resto de <a href=\"https:\/\/www.pickchickbymec.com\/en\/product-tag\/pokemon\/\">productos inspirados en Pok\u00e9mon<\/a> que hay en la web. Combina varios art\u00edculos en tu pedido y ahorra en los gastos de env\u00edo.<\/span><\/p>\n<p>Si quieres enterarte de todas las novedades y echar un ojo al proceso de trabajo puedes seguirme por<a href=\"https:\/\/www.instagram.com\/pickchickbymec\/\"> Instagram<\/a> o <a href=\"https:\/\/twitter.com\/pickchickbymec\">Twitter<\/a>.<\/p>","protected":false},"excerpt":{"rendered":"<p>Libreta inspirada en las Eeveelution (Pok\u00e9mon).<\/p>\n<p><strong>Medidas: <\/strong>21 x 15 cm<\/p>","protected":false},"featured_media":4727,"comment_status":"open","ping_status":"closed","template":"","meta":{"_monsterinsights_skip_tracking":false,"_monsterinsights_sitenote_active":false,"_monsterinsights_sitenote_note":"","_monsterinsights_sitenote_category":0},"product_brand":[],"product_cat":[366],"product_tag":[511,359,367,325,416],"class_list":{"0":"post-4709","1":"product","2":"type-product","3":"status-publish","4":"has-post-thumbnail","6":"product_cat-papeleria","7":"product_tag-eeveelution","8":"product_tag-fanart","9":"product_tag-libreta","10":"product_tag-pokemon","11":"product_tag-videojuegos","12":"product_shipping_class-b-certificado-ligero","14":"first","15":"instock","16":"taxable","17":"shipping-taxable","18":"purchasable","19":"product-type-simple"},"yoast_head":"<!-- This site is optimized with the Yoast SEO plugin v27.4 - https:\/\/yoast.com\/product\/yoast-seo-wordpress\/ -->\n<title>Libreta Eeveelution (Pok\u00e9mon) | Pick\u00b7Chick by Mec<\/title>\n<meta name=\"description\" content=\"Libreta de espiral con un estampado kawaii exclusivo inspirado en las Eeveelution, de Pok\u00e9mon. 50 hojas blancas, papel de 80 gr.\" \/>\n<meta name=\"robots\" content=\"index, follow, max-snippet:-1, max-image-preview:large, max-video-preview:-1\" \/>\n<link rel=\"canonical\" href=\"https:\/\/www.pickchickbymec.com\/en\/product\/libreta-eeveeluciones\/\" \/>\n<meta property=\"og:locale\" content=\"en_GB\" \/>\n<meta property=\"og:type\" content=\"article\" \/>\n<meta property=\"og:title\" content=\"Libreta Eeveelution (Pok\u00e9mon) | Pick\u00b7Chick by Mec\" \/>\n<meta property=\"og:description\" content=\"Libreta de espiral con un estampado kawaii exclusivo inspirado en las Eeveelution, de Pok\u00e9mon. 50 hojas blancas, papel de 80 gr.\" \/>\n<meta property=\"og:url\" content=\"https:\/\/www.pickchickbymec.com\/en\/product\/libreta-eeveeluciones\/\" \/>\n<meta property=\"og:site_name\" content=\"Pick\u00b7Chick by Mec\" \/>\n<meta property=\"article:modified_time\" content=\"2025-12-11T12:24:47+00:00\" \/>\n<meta property=\"og:image\" content=\"https:\/\/www.pickchickbymec.com\/wp-content\/uploads\/2022\/02\/eeveelution2.jpg\" \/>\n\t<meta property=\"og:image:width\" content=\"1200\" \/>\n\t<meta property=\"og:image:height\" content=\"1200\" \/>\n\t<meta property=\"og:image:type\" content=\"image\/jpeg\" \/>\n<meta name=\"twitter:card\" content=\"summary_large_image\" \/>\n<meta name=\"twitter:label1\" content=\"Estimated reading time\" \/>\n\t<meta name=\"twitter:data1\" content=\"2 minutes\" \/>\n<script type=\"application\/ld+json\" class=\"yoast-schema-graph\">{\"@context\":\"https:\\\/\\\/schema.org\",\"@graph\":[{\"@type\":\"WebPage\",\"@id\":\"https:\\\/\\\/www.pickchickbymec.com\\\/producto\\\/libreta-eeveeluciones\\\/\",\"url\":\"https:\\\/\\\/www.pickchickbymec.com\\\/producto\\\/libreta-eeveeluciones\\\/\",\"name\":\"Libreta Eeveelution (Pok\u00e9mon) | Pick\u00b7Chick by Mec\",\"isPartOf\":{\"@id\":\"https:\\\/\\\/www.pickchickbymec.com\\\/#website\"},\"primaryImageOfPage\":{\"@id\":\"https:\\\/\\\/www.pickchickbymec.com\\\/producto\\\/libreta-eeveeluciones\\\/#primaryimage\"},\"image\":{\"@id\":\"https:\\\/\\\/www.pickchickbymec.com\\\/producto\\\/libreta-eeveeluciones\\\/#primaryimage\"},\"thumbnailUrl\":\"https:\\\/\\\/www.pickchickbymec.com\\\/wp-content\\\/uploads\\\/2022\\\/02\\\/eeveelution2.jpg\",\"datePublished\":\"2022-02-18T16:23:10+00:00\",\"dateModified\":\"2025-12-11T12:24:47+00:00\",\"description\":\"Libreta de espiral con un estampado kawaii exclusivo inspirado en las Eeveelution, de Pok\u00e9mon. 50 hojas blancas, papel de 80 gr.\",\"breadcrumb\":{\"@id\":\"https:\\\/\\\/www.pickchickbymec.com\\\/producto\\\/libreta-eeveeluciones\\\/#breadcrumb\"},\"inLanguage\":\"en-GB\",\"potentialAction\":[{\"@type\":\"ReadAction\",\"target\":[\"https:\\\/\\\/www.pickchickbymec.com\\\/producto\\\/libreta-eeveeluciones\\\/\"]}]},{\"@type\":\"ImageObject\",\"inLanguage\":\"en-GB\",\"@id\":\"https:\\\/\\\/www.pickchickbymec.com\\\/producto\\\/libreta-eeveeluciones\\\/#primaryimage\",\"url\":\"https:\\\/\\\/www.pickchickbymec.com\\\/wp-content\\\/uploads\\\/2022\\\/02\\\/eeveelution2.jpg\",\"contentUrl\":\"https:\\\/\\\/www.pickchickbymec.com\\\/wp-content\\\/uploads\\\/2022\\\/02\\\/eeveelution2.jpg\",\"width\":1200,\"height\":1200,\"caption\":\"notebook pokemon eeveelutions\"},{\"@type\":\"BreadcrumbList\",\"@id\":\"https:\\\/\\\/www.pickchickbymec.com\\\/producto\\\/libreta-eeveeluciones\\\/#breadcrumb\",\"itemListElement\":[{\"@type\":\"ListItem\",\"position\":1,\"name\":\"Portada\",\"item\":\"https:\\\/\\\/www.pickchickbymec.com\\\/\"},{\"@type\":\"ListItem\",\"position\":2,\"name\":\"Tienda\",\"item\":\"https:\\\/\\\/www.pickchickbymec.com\\\/tienda\\\/\"},{\"@type\":\"ListItem\",\"position\":3,\"name\":\"Libreta Eeveelution (Pok\u00e9mon), formato A5\"}]},{\"@type\":\"WebSite\",\"@id\":\"https:\\\/\\\/www.pickchickbymec.com\\\/#website\",\"url\":\"https:\\\/\\\/www.pickchickbymec.com\\\/\",\"name\":\"Pick\u00b7Chick by Mec\",\"description\":\"kawaii illustrator and artisan\",\"publisher\":{\"@id\":\"https:\\\/\\\/www.pickchickbymec.com\\\/#\\\/schema\\\/person\\\/189a1cea9c7f6704595062aabbbb38fe\"},\"potentialAction\":[{\"@type\":\"SearchAction\",\"target\":{\"@type\":\"EntryPoint\",\"urlTemplate\":\"https:\\\/\\\/www.pickchickbymec.com\\\/?s={search_term_string}\"},\"query-input\":{\"@type\":\"PropertyValueSpecification\",\"valueRequired\":true,\"valueName\":\"search_term_string\"}}],\"inLanguage\":\"en-GB\"},{\"@type\":[\"Person\",\"Organization\"],\"@id\":\"https:\\\/\\\/www.pickchickbymec.com\\\/#\\\/schema\\\/person\\\/189a1cea9c7f6704595062aabbbb38fe\",\"name\":\"pickchickbymec\",\"image\":{\"@type\":\"ImageObject\",\"inLanguage\":\"en-GB\",\"@id\":\"https:\\\/\\\/secure.gravatar.com\\\/avatar\\\/0c13b11690ce1ad38e031b40cac436947d766b2585e3e81250e6cf60b0a3b61f?s=96&d=mm&r=g\",\"url\":\"https:\\\/\\\/secure.gravatar.com\\\/avatar\\\/0c13b11690ce1ad38e031b40cac436947d766b2585e3e81250e6cf60b0a3b61f?s=96&d=mm&r=g\",\"contentUrl\":\"https:\\\/\\\/secure.gravatar.com\\\/avatar\\\/0c13b11690ce1ad38e031b40cac436947d766b2585e3e81250e6cf60b0a3b61f?s=96&d=mm&r=g\",\"caption\":\"pickchickbymec\"},\"logo\":{\"@id\":\"https:\\\/\\\/secure.gravatar.com\\\/avatar\\\/0c13b11690ce1ad38e031b40cac436947d766b2585e3e81250e6cf60b0a3b61f?s=96&d=mm&r=g\"}}]}<\/script>\n<!-- \/ Yoast SEO plugin. -->","yoast_head_json":{"title":"Libreta Eeveelution (Pok\u00e9mon) | Pick\u00b7Chick by Mec","description":"Libreta de espiral con un estampado kawaii exclusivo inspirado en las Eeveelution, de Pok\u00e9mon. 50 hojas blancas, papel de 80 gr.","robots":{"index":"index","follow":"follow","max-snippet":"max-snippet:-1","max-image-preview":"max-image-preview:large","max-video-preview":"max-video-preview:-1"},"canonical":"https:\/\/www.pickchickbymec.com\/en\/product\/libreta-eeveeluciones\/","og_locale":"en_GB","og_type":"article","og_title":"Libreta Eeveelution (Pok\u00e9mon) | Pick\u00b7Chick by Mec","og_description":"Libreta de espiral con un estampado kawaii exclusivo inspirado en las Eeveelution, de Pok\u00e9mon. 50 hojas blancas, papel de 80 gr.","og_url":"https:\/\/www.pickchickbymec.com\/en\/product\/libreta-eeveeluciones\/","og_site_name":"Pick\u00b7Chick by Mec","article_modified_time":"2025-12-11T12:24:47+00:00","og_image":[{"width":1200,"height":1200,"url":"https:\/\/www.pickchickbymec.com\/wp-content\/uploads\/2022\/02\/eeveelution2.jpg","type":"image\/jpeg"}],"twitter_card":"summary_large_image","twitter_misc":{"Estimated reading time":"2 minutes"},"schema":{"@context":"https:\/\/schema.org","@graph":[{"@type":"WebPage","@id":"https:\/\/www.pickchickbymec.com\/producto\/libreta-eeveeluciones\/","url":"https:\/\/www.pickchickbymec.com\/producto\/libreta-eeveeluciones\/","name":"Libreta Eeveelution (Pok\u00e9mon) | Pick\u00b7Chick by Mec","isPartOf":{"@id":"https:\/\/www.pickchickbymec.com\/#website"},"primaryImageOfPage":{"@id":"https:\/\/www.pickchickbymec.com\/producto\/libreta-eeveeluciones\/#primaryimage"},"image":{"@id":"https:\/\/www.pickchickbymec.com\/producto\/libreta-eeveeluciones\/#primaryimage"},"thumbnailUrl":"https:\/\/www.pickchickbymec.com\/wp-content\/uploads\/2022\/02\/eeveelution2.jpg","datePublished":"2022-02-18T16:23:10+00:00","dateModified":"2025-12-11T12:24:47+00:00","description":"Libreta de espiral con un estampado kawaii exclusivo inspirado en las Eeveelution, de Pok\u00e9mon. 50 hojas blancas, papel de 80 gr.","breadcrumb":{"@id":"https:\/\/www.pickchickbymec.com\/producto\/libreta-eeveeluciones\/#breadcrumb"},"inLanguage":"en-GB","potentialAction":[{"@type":"ReadAction","target":["https:\/\/www.pickchickbymec.com\/producto\/libreta-eeveeluciones\/"]}]},{"@type":"ImageObject","inLanguage":"en-GB","@id":"https:\/\/www.pickchickbymec.com\/producto\/libreta-eeveeluciones\/#primaryimage","url":"https:\/\/www.pickchickbymec.com\/wp-content\/uploads\/2022\/02\/eeveelution2.jpg","contentUrl":"https:\/\/www.pickchickbymec.com\/wp-content\/uploads\/2022\/02\/eeveelution2.jpg","width":1200,"height":1200,"caption":"notebook pokemon eeveelutions"},{"@type":"BreadcrumbList","@id":"https:\/\/www.pickchickbymec.com\/producto\/libreta-eeveeluciones\/#breadcrumb","itemListElement":[{"@type":"ListItem","position":1,"name":"Portada","item":"https:\/\/www.pickchickbymec.com\/"},{"@type":"ListItem","position":2,"name":"Tienda","item":"https:\/\/www.pickchickbymec.com\/tienda\/"},{"@type":"ListItem","position":3,"name":"Libreta Eeveelution (Pok\u00e9mon), formato A5"}]},{"@type":"WebSite","@id":"https:\/\/www.pickchickbymec.com\/#website","url":"https:\/\/www.pickchickbymec.com\/","name":"Pick-Chick by Mec","description":"kawaii illustrator and artisan","publisher":{"@id":"https:\/\/www.pickchickbymec.com\/#\/schema\/person\/189a1cea9c7f6704595062aabbbb38fe"},"potentialAction":[{"@type":"SearchAction","target":{"@type":"EntryPoint","urlTemplate":"https:\/\/www.pickchickbymec.com\/?s={search_term_string}"},"query-input":{"@type":"PropertyValueSpecification","valueRequired":true,"valueName":"search_term_string"}}],"inLanguage":"en-GB"},{"@type":["Person","Organization"],"@id":"https:\/\/www.pickchickbymec.com\/#\/schema\/person\/189a1cea9c7f6704595062aabbbb38fe","name":"pickchickbymec","image":{"@type":"ImageObject","inLanguage":"en-GB","@id":"https:\/\/secure.gravatar.com\/avatar\/0c13b11690ce1ad38e031b40cac436947d766b2585e3e81250e6cf60b0a3b61f?s=96&d=mm&r=g","url":"https:\/\/secure.gravatar.com\/avatar\/0c13b11690ce1ad38e031b40cac436947d766b2585e3e81250e6cf60b0a3b61f?s=96&d=mm&r=g","contentUrl":"https:\/\/secure.gravatar.com\/avatar\/0c13b11690ce1ad38e031b40cac436947d766b2585e3e81250e6cf60b0a3b61f?s=96&d=mm&r=g","caption":"pickchickbymec"},"logo":{"@id":"https:\/\/secure.gravatar.com\/avatar\/0c13b11690ce1ad38e031b40cac436947d766b2585e3e81250e6cf60b0a3b61f?s=96&d=mm&r=g"}}]}},"jetpack-related-posts":[],"jetpack_sharing_enabled":true,"_links":{"self":[{"href":"https:\/\/www.pickchickbymec.com\/en\/wp-json\/wp\/v2\/product\/4709","targetHints":{"allow":["GET"]}}],"collection":[{"href":"https:\/\/www.pickchickbymec.com\/en\/wp-json\/wp\/v2\/product"}],"about":[{"href":"https:\/\/www.pickchickbymec.com\/en\/wp-json\/wp\/v2\/types\/product"}],"replies":[{"embeddable":true,"href":"https:\/\/www.pickchickbymec.com\/en\/wp-json\/wp\/v2\/comments?post=4709"}],"wp:featuredmedia":[{"embeddable":true,"href":"https:\/\/www.pickchickbymec.com\/en\/wp-json\/wp\/v2\/media\/4727"}],"wp:attachment":[{"href":"https:\/\/www.pickchickbymec.com\/en\/wp-json\/wp\/v2\/media?parent=4709"}],"wp:term":[{"taxonomy":"product_brand","embeddable":true,"href":"https:\/\/www.pickchickbymec.com\/en\/wp-json\/wp\/v2\/product_brand?post=4709"},{"taxonomy":"product_cat","embeddable":true,"href":"https:\/\/www.pickchickbymec.com\/en\/wp-json\/wp\/v2\/product_cat?post=4709"},{"taxonomy":"product_tag","embeddable":true,"href":"https:\/\/www.pickchickbymec.com\/en\/wp-json\/wp\/v2\/product_tag?post=4709"}],"curies":[{"name":"wp","href":"https:\/\/api.w.org\/{rel}","templated":true}]}}