{"id":4760,"date":"2022-02-18T17:56:40","date_gmt":"2022-02-18T16:56:40","guid":{"rendered":"https:\/\/www.pickchickbymec.com\/?post_type=product&#038;p=4760"},"modified":"2026-02-05T16:59:17","modified_gmt":"2026-02-05T15:59:17","slug":"pegatinas-eeveelution","status":"publish","type":"product","link":"https:\/\/www.pickchickbymec.com\/en\/product\/pegatinas-eeveelution\/","title":{"rendered":"Hoja de pegatinas pretroquelada Eeveelution (Pok\u00e9mon)"},"content":{"rendered":"<p><span style=\"font-weight: 400;\">Hoja de pegatinas pretroqueladas inspiradas en las eeveelution, Eevee y sus evoluciones (Pok\u00e9mon). Este lote de adhesivos incluye 9 Pok\u00e9mon distintos (Vaporeon, Jolteon, Flareon, Espeon, Umbreon, Leafeon, Glaceon y Sylveon). Ilustrados en una est\u00e9tica influenciada por el kawaii en tonos brillantes y luminosos, y con poses inspiradas en gatitos reales, estos adhesivos quedar\u00e1n preciosos en tu agenda, carpeta, bullet journal o cualquier otra superficie que decidas decorar con ellos. Adem\u00e1s, al venir todos juntos en una hoja, si te da pena usarlos puedes dejarlos tal cual y que sirvan como l\u00e1mina decorativa. Si te gusta Pok\u00e9mon no dudes en hacerte con este producto hecho con cari\u00f1o y amor.<\/span><\/p>\n<p><strong>Hoja de pegatinas pretroquelada Eeveelution, de Pok\u00e9mon. Caracter\u00edsticas:<\/strong><\/p>\n<ul>\n<li>Impresi\u00f3n UV en papel<\/li>\n<li>Incluye 9 pegatinas distintas<\/li>\n<li>Medida din A5 (21 x 14 cm)<\/li>\n<\/ul>\n<p><span style=\"font-weight: 400;\">Este producto se env\u00eda por correo certificado con n\u00famero de seguimiento.\u00a0<\/span><\/p>\n<p><span style=\"font-weight: 400;\">Echa un vistazo al resto de<a href=\"https:\/\/www.pickchickbymec.com\/en\/product-tag\/pokemon\/\"> productos inspirados en Pok\u00e9mon<\/a>\u00a0que hay en mi tienda y combina varias cositas en tu compra para ahorrar en los gastos de env\u00edo.<\/span><\/p>\n<p><span style=\"font-weight: 400;\">\u00a0Si quieres enterarte de todas las novedades y ver fotos del proceso de los nuevos productos s\u00edgueme en <a href=\"https:\/\/twitter.com\/pickchickbymec\">Twitter<\/a> e <a href=\"https:\/\/www.instagram.com\/pickchickbymec\/\">Instagram<\/a>.<\/span><\/p>","protected":false},"excerpt":{"rendered":"<p>Hojas de pegatinas troqueladas Eeveelution, de Pok\u00e9mon.<\/p>","protected":false},"featured_media":8353,"comment_status":"open","ping_status":"closed","template":"","meta":{"_monsterinsights_skip_tracking":false,"_monsterinsights_sitenote_active":false,"_monsterinsights_sitenote_note":"","_monsterinsights_sitenote_category":0},"product_brand":[],"product_cat":[366],"product_tag":[359,372,325,416],"class_list":{"0":"post-4760","1":"product","2":"type-product","3":"status-publish","4":"has-post-thumbnail","6":"product_cat-papeleria","7":"product_tag-fanart","8":"product_tag-pegatinas","9":"product_tag-pokemon","10":"product_tag-videojuegos","11":"product_shipping_class-documentos","13":"first","14":"instock","15":"taxable","16":"shipping-taxable","17":"purchasable","18":"product-type-simple"},"yoast_head":"<!-- This site is optimized with the Yoast SEO plugin v27.4 - https:\/\/yoast.com\/product\/yoast-seo-wordpress\/ -->\n<title>Pegatinas Eeveelution Pok\u00e9mon | Papeler\u00eda | Pick\u00b7Chick by Mec<\/title>\n<meta name=\"description\" content=\"Sets de pegatinas troqueladas inspiradas en las eeveelution de Pok\u00e9mon. Incluye 9 pegatinas en total, de Eevee y cada una de sus evoluciones.\" \/>\n<meta name=\"robots\" content=\"index, follow, max-snippet:-1, max-image-preview:large, max-video-preview:-1\" \/>\n<link rel=\"canonical\" href=\"https:\/\/www.pickchickbymec.com\/en\/product\/pegatinas-eeveelution\/\" \/>\n<meta property=\"og:locale\" content=\"en_GB\" \/>\n<meta property=\"og:type\" content=\"article\" \/>\n<meta property=\"og:title\" content=\"Pegatinas Eeveelution Pok\u00e9mon | Papeler\u00eda | Pick\u00b7Chick by Mec\" \/>\n<meta property=\"og:description\" content=\"Sets de pegatinas troqueladas inspiradas en las eeveelution de Pok\u00e9mon. Incluye 9 pegatinas en total, de Eevee y cada una de sus evoluciones.\" \/>\n<meta property=\"og:url\" content=\"https:\/\/www.pickchickbymec.com\/en\/product\/pegatinas-eeveelution\/\" \/>\n<meta property=\"og:site_name\" content=\"Pick\u00b7Chick by Mec\" \/>\n<meta property=\"article:modified_time\" content=\"2026-02-05T15:59:17+00:00\" \/>\n<meta property=\"og:image\" content=\"https:\/\/www.pickchickbymec.com\/wp-content\/uploads\/2022\/02\/pokemon1.jpg\" \/>\n\t<meta property=\"og:image:width\" content=\"1200\" \/>\n\t<meta property=\"og:image:height\" content=\"1009\" \/>\n\t<meta property=\"og:image:type\" content=\"image\/jpeg\" \/>\n<meta name=\"twitter:card\" content=\"summary_large_image\" \/>\n<meta name=\"twitter:label1\" content=\"Estimated reading time\" \/>\n\t<meta name=\"twitter:data1\" content=\"2 minutes\" \/>\n<script type=\"application\/ld+json\" class=\"yoast-schema-graph\">{\"@context\":\"https:\\\/\\\/schema.org\",\"@graph\":[{\"@type\":\"WebPage\",\"@id\":\"https:\\\/\\\/www.pickchickbymec.com\\\/producto\\\/pegatinas-eeveelution\\\/\",\"url\":\"https:\\\/\\\/www.pickchickbymec.com\\\/producto\\\/pegatinas-eeveelution\\\/\",\"name\":\"Pegatinas Eeveelution Pok\u00e9mon | Papeler\u00eda | Pick\u00b7Chick by Mec\",\"isPartOf\":{\"@id\":\"https:\\\/\\\/www.pickchickbymec.com\\\/#website\"},\"primaryImageOfPage\":{\"@id\":\"https:\\\/\\\/www.pickchickbymec.com\\\/producto\\\/pegatinas-eeveelution\\\/#primaryimage\"},\"image\":{\"@id\":\"https:\\\/\\\/www.pickchickbymec.com\\\/producto\\\/pegatinas-eeveelution\\\/#primaryimage\"},\"thumbnailUrl\":\"https:\\\/\\\/www.pickchickbymec.com\\\/wp-content\\\/uploads\\\/2022\\\/02\\\/pokemon1.jpg\",\"datePublished\":\"2022-02-18T16:56:40+00:00\",\"dateModified\":\"2026-02-05T15:59:17+00:00\",\"description\":\"Sets de pegatinas troqueladas inspiradas en las eeveelution de Pok\u00e9mon. Incluye 9 pegatinas en total, de Eevee y cada una de sus evoluciones.\",\"breadcrumb\":{\"@id\":\"https:\\\/\\\/www.pickchickbymec.com\\\/producto\\\/pegatinas-eeveelution\\\/#breadcrumb\"},\"inLanguage\":\"en-GB\",\"potentialAction\":[{\"@type\":\"ReadAction\",\"target\":[\"https:\\\/\\\/www.pickchickbymec.com\\\/producto\\\/pegatinas-eeveelution\\\/\"]}]},{\"@type\":\"ImageObject\",\"inLanguage\":\"en-GB\",\"@id\":\"https:\\\/\\\/www.pickchickbymec.com\\\/producto\\\/pegatinas-eeveelution\\\/#primaryimage\",\"url\":\"https:\\\/\\\/www.pickchickbymec.com\\\/wp-content\\\/uploads\\\/2022\\\/02\\\/pokemon1.jpg\",\"contentUrl\":\"https:\\\/\\\/www.pickchickbymec.com\\\/wp-content\\\/uploads\\\/2022\\\/02\\\/pokemon1.jpg\",\"width\":1200,\"height\":1009,\"caption\":\"pokemon eevee stickers\"},{\"@type\":\"BreadcrumbList\",\"@id\":\"https:\\\/\\\/www.pickchickbymec.com\\\/producto\\\/pegatinas-eeveelution\\\/#breadcrumb\",\"itemListElement\":[{\"@type\":\"ListItem\",\"position\":1,\"name\":\"Portada\",\"item\":\"https:\\\/\\\/www.pickchickbymec.com\\\/\"},{\"@type\":\"ListItem\",\"position\":2,\"name\":\"Tienda\",\"item\":\"https:\\\/\\\/www.pickchickbymec.com\\\/tienda\\\/\"},{\"@type\":\"ListItem\",\"position\":3,\"name\":\"Hoja de pegatinas pretroquelada Eeveelution (Pok\u00e9mon)\"}]},{\"@type\":\"WebSite\",\"@id\":\"https:\\\/\\\/www.pickchickbymec.com\\\/#website\",\"url\":\"https:\\\/\\\/www.pickchickbymec.com\\\/\",\"name\":\"Pick\u00b7Chick by Mec\",\"description\":\"kawaii illustrator and artisan\",\"publisher\":{\"@id\":\"https:\\\/\\\/www.pickchickbymec.com\\\/#\\\/schema\\\/person\\\/189a1cea9c7f6704595062aabbbb38fe\"},\"potentialAction\":[{\"@type\":\"SearchAction\",\"target\":{\"@type\":\"EntryPoint\",\"urlTemplate\":\"https:\\\/\\\/www.pickchickbymec.com\\\/?s={search_term_string}\"},\"query-input\":{\"@type\":\"PropertyValueSpecification\",\"valueRequired\":true,\"valueName\":\"search_term_string\"}}],\"inLanguage\":\"en-GB\"},{\"@type\":[\"Person\",\"Organization\"],\"@id\":\"https:\\\/\\\/www.pickchickbymec.com\\\/#\\\/schema\\\/person\\\/189a1cea9c7f6704595062aabbbb38fe\",\"name\":\"pickchickbymec\",\"image\":{\"@type\":\"ImageObject\",\"inLanguage\":\"en-GB\",\"@id\":\"https:\\\/\\\/secure.gravatar.com\\\/avatar\\\/0c13b11690ce1ad38e031b40cac436947d766b2585e3e81250e6cf60b0a3b61f?s=96&d=mm&r=g\",\"url\":\"https:\\\/\\\/secure.gravatar.com\\\/avatar\\\/0c13b11690ce1ad38e031b40cac436947d766b2585e3e81250e6cf60b0a3b61f?s=96&d=mm&r=g\",\"contentUrl\":\"https:\\\/\\\/secure.gravatar.com\\\/avatar\\\/0c13b11690ce1ad38e031b40cac436947d766b2585e3e81250e6cf60b0a3b61f?s=96&d=mm&r=g\",\"caption\":\"pickchickbymec\"},\"logo\":{\"@id\":\"https:\\\/\\\/secure.gravatar.com\\\/avatar\\\/0c13b11690ce1ad38e031b40cac436947d766b2585e3e81250e6cf60b0a3b61f?s=96&d=mm&r=g\"}}]}<\/script>\n<!-- \/ Yoast SEO plugin. -->","yoast_head_json":{"title":"Pegatinas Eeveelution Pok\u00e9mon | Papeler\u00eda | Pick\u00b7Chick by Mec","description":"Sets de pegatinas troqueladas inspiradas en las eeveelution de Pok\u00e9mon. Incluye 9 pegatinas en total, de Eevee y cada una de sus evoluciones.","robots":{"index":"index","follow":"follow","max-snippet":"max-snippet:-1","max-image-preview":"max-image-preview:large","max-video-preview":"max-video-preview:-1"},"canonical":"https:\/\/www.pickchickbymec.com\/en\/product\/pegatinas-eeveelution\/","og_locale":"en_GB","og_type":"article","og_title":"Pegatinas Eeveelution Pok\u00e9mon | Papeler\u00eda | Pick\u00b7Chick by Mec","og_description":"Sets de pegatinas troqueladas inspiradas en las eeveelution de Pok\u00e9mon. Incluye 9 pegatinas en total, de Eevee y cada una de sus evoluciones.","og_url":"https:\/\/www.pickchickbymec.com\/en\/product\/pegatinas-eeveelution\/","og_site_name":"Pick\u00b7Chick by Mec","article_modified_time":"2026-02-05T15:59:17+00:00","og_image":[{"width":1200,"height":1009,"url":"https:\/\/www.pickchickbymec.com\/wp-content\/uploads\/2022\/02\/pokemon1.jpg","type":"image\/jpeg"}],"twitter_card":"summary_large_image","twitter_misc":{"Estimated reading time":"2 minutes"},"schema":{"@context":"https:\/\/schema.org","@graph":[{"@type":"WebPage","@id":"https:\/\/www.pickchickbymec.com\/producto\/pegatinas-eeveelution\/","url":"https:\/\/www.pickchickbymec.com\/producto\/pegatinas-eeveelution\/","name":"Pegatinas Eeveelution Pok\u00e9mon | Papeler\u00eda | Pick\u00b7Chick by Mec","isPartOf":{"@id":"https:\/\/www.pickchickbymec.com\/#website"},"primaryImageOfPage":{"@id":"https:\/\/www.pickchickbymec.com\/producto\/pegatinas-eeveelution\/#primaryimage"},"image":{"@id":"https:\/\/www.pickchickbymec.com\/producto\/pegatinas-eeveelution\/#primaryimage"},"thumbnailUrl":"https:\/\/www.pickchickbymec.com\/wp-content\/uploads\/2022\/02\/pokemon1.jpg","datePublished":"2022-02-18T16:56:40+00:00","dateModified":"2026-02-05T15:59:17+00:00","description":"Sets de pegatinas troqueladas inspiradas en las eeveelution de Pok\u00e9mon. Incluye 9 pegatinas en total, de Eevee y cada una de sus evoluciones.","breadcrumb":{"@id":"https:\/\/www.pickchickbymec.com\/producto\/pegatinas-eeveelution\/#breadcrumb"},"inLanguage":"en-GB","potentialAction":[{"@type":"ReadAction","target":["https:\/\/www.pickchickbymec.com\/producto\/pegatinas-eeveelution\/"]}]},{"@type":"ImageObject","inLanguage":"en-GB","@id":"https:\/\/www.pickchickbymec.com\/producto\/pegatinas-eeveelution\/#primaryimage","url":"https:\/\/www.pickchickbymec.com\/wp-content\/uploads\/2022\/02\/pokemon1.jpg","contentUrl":"https:\/\/www.pickchickbymec.com\/wp-content\/uploads\/2022\/02\/pokemon1.jpg","width":1200,"height":1009,"caption":"pokemon eevee stickers"},{"@type":"BreadcrumbList","@id":"https:\/\/www.pickchickbymec.com\/producto\/pegatinas-eeveelution\/#breadcrumb","itemListElement":[{"@type":"ListItem","position":1,"name":"Portada","item":"https:\/\/www.pickchickbymec.com\/"},{"@type":"ListItem","position":2,"name":"Tienda","item":"https:\/\/www.pickchickbymec.com\/tienda\/"},{"@type":"ListItem","position":3,"name":"Hoja de pegatinas pretroquelada Eeveelution (Pok\u00e9mon)"}]},{"@type":"WebSite","@id":"https:\/\/www.pickchickbymec.com\/#website","url":"https:\/\/www.pickchickbymec.com\/","name":"Pick-Chick by Mec","description":"kawaii illustrator and artisan","publisher":{"@id":"https:\/\/www.pickchickbymec.com\/#\/schema\/person\/189a1cea9c7f6704595062aabbbb38fe"},"potentialAction":[{"@type":"SearchAction","target":{"@type":"EntryPoint","urlTemplate":"https:\/\/www.pickchickbymec.com\/?s={search_term_string}"},"query-input":{"@type":"PropertyValueSpecification","valueRequired":true,"valueName":"search_term_string"}}],"inLanguage":"en-GB"},{"@type":["Person","Organization"],"@id":"https:\/\/www.pickchickbymec.com\/#\/schema\/person\/189a1cea9c7f6704595062aabbbb38fe","name":"pickchickbymec","image":{"@type":"ImageObject","inLanguage":"en-GB","@id":"https:\/\/secure.gravatar.com\/avatar\/0c13b11690ce1ad38e031b40cac436947d766b2585e3e81250e6cf60b0a3b61f?s=96&d=mm&r=g","url":"https:\/\/secure.gravatar.com\/avatar\/0c13b11690ce1ad38e031b40cac436947d766b2585e3e81250e6cf60b0a3b61f?s=96&d=mm&r=g","contentUrl":"https:\/\/secure.gravatar.com\/avatar\/0c13b11690ce1ad38e031b40cac436947d766b2585e3e81250e6cf60b0a3b61f?s=96&d=mm&r=g","caption":"pickchickbymec"},"logo":{"@id":"https:\/\/secure.gravatar.com\/avatar\/0c13b11690ce1ad38e031b40cac436947d766b2585e3e81250e6cf60b0a3b61f?s=96&d=mm&r=g"}}]}},"jetpack-related-posts":[],"jetpack_sharing_enabled":true,"_links":{"self":[{"href":"https:\/\/www.pickchickbymec.com\/en\/wp-json\/wp\/v2\/product\/4760","targetHints":{"allow":["GET"]}}],"collection":[{"href":"https:\/\/www.pickchickbymec.com\/en\/wp-json\/wp\/v2\/product"}],"about":[{"href":"https:\/\/www.pickchickbymec.com\/en\/wp-json\/wp\/v2\/types\/product"}],"replies":[{"embeddable":true,"href":"https:\/\/www.pickchickbymec.com\/en\/wp-json\/wp\/v2\/comments?post=4760"}],"wp:featuredmedia":[{"embeddable":true,"href":"https:\/\/www.pickchickbymec.com\/en\/wp-json\/wp\/v2\/media\/8353"}],"wp:attachment":[{"href":"https:\/\/www.pickchickbymec.com\/en\/wp-json\/wp\/v2\/media?parent=4760"}],"wp:term":[{"taxonomy":"product_brand","embeddable":true,"href":"https:\/\/www.pickchickbymec.com\/en\/wp-json\/wp\/v2\/product_brand?post=4760"},{"taxonomy":"product_cat","embeddable":true,"href":"https:\/\/www.pickchickbymec.com\/en\/wp-json\/wp\/v2\/product_cat?post=4760"},{"taxonomy":"product_tag","embeddable":true,"href":"https:\/\/www.pickchickbymec.com\/en\/wp-json\/wp\/v2\/product_tag?post=4760"}],"curies":[{"name":"wp","href":"https:\/\/api.w.org\/{rel}","templated":true}]}}