{"id":4829,"date":"2022-02-18T19:12:40","date_gmt":"2022-02-18T18:12:40","guid":{"rendered":"https:\/\/www.pickchickbymec.com\/?post_type=product&#038;p=4829"},"modified":"2025-12-29T17:34:40","modified_gmt":"2025-12-29T16:34:40","slug":"cojin-pollito-chiripio-music","status":"publish","type":"product","link":"https:\/\/www.pickchickbymec.com\/en\/product\/cojin-pollito-chiripio-music\/","title":{"rendered":"Coj\u00edn decorativo pollito kawaii Chiripio (hecho a mano)"},"content":{"rendered":"<p>Coj\u00edn decorativo de estilo kawaii y hecho completamente a mano de nuestro pollito Chiripio. Se trata de un dise\u00f1o muy on\u00edrico de Chiripio escuchando m\u00fasica en el m\u00f3vil (que casi es m\u00e1s grande que \u00e9l). Esta ilustraci\u00f3n tan on\u00edrica se inspira en la m\u00fasica lofi y el estilo kawaii, as\u00ed que sus tonos pastel y brillantes son perfectos para dar un toque adorable y chill a tu habitaci\u00f3n o sal\u00f3n. Si te gustan las cositas monas y los p\u00e1jaros este coj\u00edn ser\u00e1 perfecto para ti. La parte delantera est\u00e1 hecha con loneta con impresi\u00f3n bien definida y colores brillantes. La parte trasera es de tela de pelo suave de color rosa.<\/p>\n<p><strong>Coj\u00edn decorativo pollito Chiripio. Especificaciones:<\/strong><\/p>\n<ul>\n<li>Parte delantera hecha con loneta impresa<\/li>\n<li>Parte trasera de tela de peluche suave de color a juego con el dise\u00f1o delantero<\/li>\n<li>Medidas 30 cm aprox<\/li>\n<li>Relleno de fibra<\/li>\n<li>HECHA A MANO<\/li>\n<\/ul>\n<p>Este producto se env\u00eda por correo certificado con n\u00famero de seguimiento.<\/p>\n<p><span style=\"font-weight: 400;\">Echa un vistazo al resto de <a href=\"https:\/\/www.pickchickbymec.com\/en\/product-tag\/personajes-originales\/\">productos de personajes originales<\/a>\u00a0que hay en mi tienda y ahorra al combinar los env\u00edos pidiendo m\u00e1s de un producto. <\/span><\/p>\n<p><span style=\"font-weight: 400;\">Si quieres enterarte de todas las novedades y ver fotos del proceso de los nuevos productos s\u00edgueme en <a href=\"https:\/\/twitter.com\/pickchickbymec\">Twitter<\/a> e <a href=\"https:\/\/www.instagram.com\/pickchickbymec\/\">Instagram<\/a>.<\/span><\/p>","protected":false},"excerpt":{"rendered":"<p>Coj\u00edn decorativo de nuestro pollito kawaii Chiripio.<\/p>\n<p>Hecho a mano.<\/p>","protected":false},"featured_media":4832,"comment_status":"open","ping_status":"closed","template":"","meta":{"_monsterinsights_skip_tracking":false,"_monsterinsights_sitenote_active":false,"_monsterinsights_sitenote_note":"","_monsterinsights_sitenote_category":0},"product_brand":[],"product_cat":[429],"product_tag":[307,389,397,513],"class_list":{"0":"post-4829","1":"product","2":"type-product","3":"status-publish","4":"has-post-thumbnail","6":"product_cat-textil","7":"product_tag-chiripio","8":"product_tag-cojines","9":"product_tag-pajaros","10":"product_tag-personajes-originales","11":"product_shipping_class-paqeconomic","13":"first","14":"instock","15":"taxable","16":"shipping-taxable","17":"purchasable","18":"product-type-simple"},"yoast_head":"<!-- This site is optimized with the Yoast SEO plugin v27.4 - https:\/\/yoast.com\/product\/yoast-seo-wordpress\/ -->\n<title>Coj\u00edn kawaii de pollito Chiripio | Hecho a mano | Pick\u00b7Chick by Mec<\/title>\n<meta name=\"description\" content=\"Coj\u00edn hecho a mano de estilo kawaii de nuestro pollito Chiripio. La parte frontal est\u00e1 hecha de loneta impresa y la trasera de tela de pelito de color rosa.\" \/>\n<meta name=\"robots\" content=\"index, follow, max-snippet:-1, max-image-preview:large, max-video-preview:-1\" \/>\n<link rel=\"canonical\" href=\"https:\/\/www.pickchickbymec.com\/en\/product\/cojin-pollito-chiripio-music\/\" \/>\n<meta property=\"og:locale\" content=\"en_GB\" \/>\n<meta property=\"og:type\" content=\"article\" \/>\n<meta property=\"og:title\" content=\"Coj\u00edn kawaii de pollito Chiripio | Hecho a mano | Pick\u00b7Chick by Mec\" \/>\n<meta property=\"og:description\" content=\"Coj\u00edn hecho a mano de estilo kawaii de nuestro pollito Chiripio. La parte frontal est\u00e1 hecha de loneta impresa y la trasera de tela de pelito de color rosa.\" \/>\n<meta property=\"og:url\" content=\"https:\/\/www.pickchickbymec.com\/en\/product\/cojin-pollito-chiripio-music\/\" \/>\n<meta property=\"og:site_name\" content=\"Pick\u00b7Chick by Mec\" \/>\n<meta property=\"article:modified_time\" content=\"2025-12-29T16:34:40+00:00\" \/>\n<meta property=\"og:image\" content=\"https:\/\/www.pickchickbymec.com\/wp-content\/uploads\/2022\/02\/chiripio2.jpg\" \/>\n\t<meta property=\"og:image:width\" content=\"1200\" \/>\n\t<meta property=\"og:image:height\" content=\"1200\" \/>\n\t<meta property=\"og:image:type\" content=\"image\/jpeg\" \/>\n<meta name=\"twitter:card\" content=\"summary_large_image\" \/>\n<meta name=\"twitter:label1\" content=\"Estimated reading time\" \/>\n\t<meta name=\"twitter:data1\" content=\"2 minutes\" \/>\n<script type=\"application\/ld+json\" class=\"yoast-schema-graph\">{\"@context\":\"https:\\\/\\\/schema.org\",\"@graph\":[{\"@type\":\"WebPage\",\"@id\":\"https:\\\/\\\/www.pickchickbymec.com\\\/producto\\\/cojin-pollito-chiripio-music\\\/\",\"url\":\"https:\\\/\\\/www.pickchickbymec.com\\\/producto\\\/cojin-pollito-chiripio-music\\\/\",\"name\":\"Coj\u00edn kawaii de pollito Chiripio | Hecho a mano | Pick\u00b7Chick by Mec\",\"isPartOf\":{\"@id\":\"https:\\\/\\\/www.pickchickbymec.com\\\/#website\"},\"primaryImageOfPage\":{\"@id\":\"https:\\\/\\\/www.pickchickbymec.com\\\/producto\\\/cojin-pollito-chiripio-music\\\/#primaryimage\"},\"image\":{\"@id\":\"https:\\\/\\\/www.pickchickbymec.com\\\/producto\\\/cojin-pollito-chiripio-music\\\/#primaryimage\"},\"thumbnailUrl\":\"https:\\\/\\\/www.pickchickbymec.com\\\/wp-content\\\/uploads\\\/2022\\\/02\\\/chiripio2.jpg\",\"datePublished\":\"2022-02-18T18:12:40+00:00\",\"dateModified\":\"2025-12-29T16:34:40+00:00\",\"description\":\"Coj\u00edn hecho a mano de estilo kawaii de nuestro pollito Chiripio. La parte frontal est\u00e1 hecha de loneta impresa y la trasera de tela de pelito de color rosa.\",\"breadcrumb\":{\"@id\":\"https:\\\/\\\/www.pickchickbymec.com\\\/producto\\\/cojin-pollito-chiripio-music\\\/#breadcrumb\"},\"inLanguage\":\"en-GB\",\"potentialAction\":[{\"@type\":\"ReadAction\",\"target\":[\"https:\\\/\\\/www.pickchickbymec.com\\\/producto\\\/cojin-pollito-chiripio-music\\\/\"]}]},{\"@type\":\"ImageObject\",\"inLanguage\":\"en-GB\",\"@id\":\"https:\\\/\\\/www.pickchickbymec.com\\\/producto\\\/cojin-pollito-chiripio-music\\\/#primaryimage\",\"url\":\"https:\\\/\\\/www.pickchickbymec.com\\\/wp-content\\\/uploads\\\/2022\\\/02\\\/chiripio2.jpg\",\"contentUrl\":\"https:\\\/\\\/www.pickchickbymec.com\\\/wp-content\\\/uploads\\\/2022\\\/02\\\/chiripio2.jpg\",\"width\":1200,\"height\":1200,\"caption\":\"coj\u00edn pollito kawaii\"},{\"@type\":\"BreadcrumbList\",\"@id\":\"https:\\\/\\\/www.pickchickbymec.com\\\/producto\\\/cojin-pollito-chiripio-music\\\/#breadcrumb\",\"itemListElement\":[{\"@type\":\"ListItem\",\"position\":1,\"name\":\"Portada\",\"item\":\"https:\\\/\\\/www.pickchickbymec.com\\\/\"},{\"@type\":\"ListItem\",\"position\":2,\"name\":\"Tienda\",\"item\":\"https:\\\/\\\/www.pickchickbymec.com\\\/tienda\\\/\"},{\"@type\":\"ListItem\",\"position\":3,\"name\":\"Coj\u00edn decorativo pollito kawaii Chiripio (hecho a mano)\"}]},{\"@type\":\"WebSite\",\"@id\":\"https:\\\/\\\/www.pickchickbymec.com\\\/#website\",\"url\":\"https:\\\/\\\/www.pickchickbymec.com\\\/\",\"name\":\"Pick\u00b7Chick by Mec\",\"description\":\"kawaii illustrator and artisan\",\"publisher\":{\"@id\":\"https:\\\/\\\/www.pickchickbymec.com\\\/#\\\/schema\\\/person\\\/189a1cea9c7f6704595062aabbbb38fe\"},\"potentialAction\":[{\"@type\":\"SearchAction\",\"target\":{\"@type\":\"EntryPoint\",\"urlTemplate\":\"https:\\\/\\\/www.pickchickbymec.com\\\/?s={search_term_string}\"},\"query-input\":{\"@type\":\"PropertyValueSpecification\",\"valueRequired\":true,\"valueName\":\"search_term_string\"}}],\"inLanguage\":\"en-GB\"},{\"@type\":[\"Person\",\"Organization\"],\"@id\":\"https:\\\/\\\/www.pickchickbymec.com\\\/#\\\/schema\\\/person\\\/189a1cea9c7f6704595062aabbbb38fe\",\"name\":\"pickchickbymec\",\"image\":{\"@type\":\"ImageObject\",\"inLanguage\":\"en-GB\",\"@id\":\"https:\\\/\\\/secure.gravatar.com\\\/avatar\\\/0c13b11690ce1ad38e031b40cac436947d766b2585e3e81250e6cf60b0a3b61f?s=96&d=mm&r=g\",\"url\":\"https:\\\/\\\/secure.gravatar.com\\\/avatar\\\/0c13b11690ce1ad38e031b40cac436947d766b2585e3e81250e6cf60b0a3b61f?s=96&d=mm&r=g\",\"contentUrl\":\"https:\\\/\\\/secure.gravatar.com\\\/avatar\\\/0c13b11690ce1ad38e031b40cac436947d766b2585e3e81250e6cf60b0a3b61f?s=96&d=mm&r=g\",\"caption\":\"pickchickbymec\"},\"logo\":{\"@id\":\"https:\\\/\\\/secure.gravatar.com\\\/avatar\\\/0c13b11690ce1ad38e031b40cac436947d766b2585e3e81250e6cf60b0a3b61f?s=96&d=mm&r=g\"}}]}<\/script>\n<!-- \/ Yoast SEO plugin. -->","yoast_head_json":{"title":"Coj\u00edn kawaii de pollito Chiripio | Hecho a mano | Pick\u00b7Chick by Mec","description":"Coj\u00edn hecho a mano de estilo kawaii de nuestro pollito Chiripio. La parte frontal est\u00e1 hecha de loneta impresa y la trasera de tela de pelito de color rosa.","robots":{"index":"index","follow":"follow","max-snippet":"max-snippet:-1","max-image-preview":"max-image-preview:large","max-video-preview":"max-video-preview:-1"},"canonical":"https:\/\/www.pickchickbymec.com\/en\/product\/cojin-pollito-chiripio-music\/","og_locale":"en_GB","og_type":"article","og_title":"Coj\u00edn kawaii de pollito Chiripio | Hecho a mano | Pick\u00b7Chick by Mec","og_description":"Coj\u00edn hecho a mano de estilo kawaii de nuestro pollito Chiripio. La parte frontal est\u00e1 hecha de loneta impresa y la trasera de tela de pelito de color rosa.","og_url":"https:\/\/www.pickchickbymec.com\/en\/product\/cojin-pollito-chiripio-music\/","og_site_name":"Pick\u00b7Chick by Mec","article_modified_time":"2025-12-29T16:34:40+00:00","og_image":[{"width":1200,"height":1200,"url":"https:\/\/www.pickchickbymec.com\/wp-content\/uploads\/2022\/02\/chiripio2.jpg","type":"image\/jpeg"}],"twitter_card":"summary_large_image","twitter_misc":{"Estimated reading time":"2 minutes"},"schema":{"@context":"https:\/\/schema.org","@graph":[{"@type":"WebPage","@id":"https:\/\/www.pickchickbymec.com\/producto\/cojin-pollito-chiripio-music\/","url":"https:\/\/www.pickchickbymec.com\/producto\/cojin-pollito-chiripio-music\/","name":"Coj\u00edn kawaii de pollito Chiripio | Hecho a mano | Pick\u00b7Chick by Mec","isPartOf":{"@id":"https:\/\/www.pickchickbymec.com\/#website"},"primaryImageOfPage":{"@id":"https:\/\/www.pickchickbymec.com\/producto\/cojin-pollito-chiripio-music\/#primaryimage"},"image":{"@id":"https:\/\/www.pickchickbymec.com\/producto\/cojin-pollito-chiripio-music\/#primaryimage"},"thumbnailUrl":"https:\/\/www.pickchickbymec.com\/wp-content\/uploads\/2022\/02\/chiripio2.jpg","datePublished":"2022-02-18T18:12:40+00:00","dateModified":"2025-12-29T16:34:40+00:00","description":"Coj\u00edn hecho a mano de estilo kawaii de nuestro pollito Chiripio. La parte frontal est\u00e1 hecha de loneta impresa y la trasera de tela de pelito de color rosa.","breadcrumb":{"@id":"https:\/\/www.pickchickbymec.com\/producto\/cojin-pollito-chiripio-music\/#breadcrumb"},"inLanguage":"en-GB","potentialAction":[{"@type":"ReadAction","target":["https:\/\/www.pickchickbymec.com\/producto\/cojin-pollito-chiripio-music\/"]}]},{"@type":"ImageObject","inLanguage":"en-GB","@id":"https:\/\/www.pickchickbymec.com\/producto\/cojin-pollito-chiripio-music\/#primaryimage","url":"https:\/\/www.pickchickbymec.com\/wp-content\/uploads\/2022\/02\/chiripio2.jpg","contentUrl":"https:\/\/www.pickchickbymec.com\/wp-content\/uploads\/2022\/02\/chiripio2.jpg","width":1200,"height":1200,"caption":"coj\u00edn pollito kawaii"},{"@type":"BreadcrumbList","@id":"https:\/\/www.pickchickbymec.com\/producto\/cojin-pollito-chiripio-music\/#breadcrumb","itemListElement":[{"@type":"ListItem","position":1,"name":"Portada","item":"https:\/\/www.pickchickbymec.com\/"},{"@type":"ListItem","position":2,"name":"Tienda","item":"https:\/\/www.pickchickbymec.com\/tienda\/"},{"@type":"ListItem","position":3,"name":"Coj\u00edn decorativo pollito kawaii Chiripio (hecho a mano)"}]},{"@type":"WebSite","@id":"https:\/\/www.pickchickbymec.com\/#website","url":"https:\/\/www.pickchickbymec.com\/","name":"Pick-Chick by Mec","description":"kawaii illustrator and artisan","publisher":{"@id":"https:\/\/www.pickchickbymec.com\/#\/schema\/person\/189a1cea9c7f6704595062aabbbb38fe"},"potentialAction":[{"@type":"SearchAction","target":{"@type":"EntryPoint","urlTemplate":"https:\/\/www.pickchickbymec.com\/?s={search_term_string}"},"query-input":{"@type":"PropertyValueSpecification","valueRequired":true,"valueName":"search_term_string"}}],"inLanguage":"en-GB"},{"@type":["Person","Organization"],"@id":"https:\/\/www.pickchickbymec.com\/#\/schema\/person\/189a1cea9c7f6704595062aabbbb38fe","name":"pickchickbymec","image":{"@type":"ImageObject","inLanguage":"en-GB","@id":"https:\/\/secure.gravatar.com\/avatar\/0c13b11690ce1ad38e031b40cac436947d766b2585e3e81250e6cf60b0a3b61f?s=96&d=mm&r=g","url":"https:\/\/secure.gravatar.com\/avatar\/0c13b11690ce1ad38e031b40cac436947d766b2585e3e81250e6cf60b0a3b61f?s=96&d=mm&r=g","contentUrl":"https:\/\/secure.gravatar.com\/avatar\/0c13b11690ce1ad38e031b40cac436947d766b2585e3e81250e6cf60b0a3b61f?s=96&d=mm&r=g","caption":"pickchickbymec"},"logo":{"@id":"https:\/\/secure.gravatar.com\/avatar\/0c13b11690ce1ad38e031b40cac436947d766b2585e3e81250e6cf60b0a3b61f?s=96&d=mm&r=g"}}]}},"jetpack-related-posts":[],"jetpack_sharing_enabled":true,"_links":{"self":[{"href":"https:\/\/www.pickchickbymec.com\/en\/wp-json\/wp\/v2\/product\/4829","targetHints":{"allow":["GET"]}}],"collection":[{"href":"https:\/\/www.pickchickbymec.com\/en\/wp-json\/wp\/v2\/product"}],"about":[{"href":"https:\/\/www.pickchickbymec.com\/en\/wp-json\/wp\/v2\/types\/product"}],"replies":[{"embeddable":true,"href":"https:\/\/www.pickchickbymec.com\/en\/wp-json\/wp\/v2\/comments?post=4829"}],"wp:featuredmedia":[{"embeddable":true,"href":"https:\/\/www.pickchickbymec.com\/en\/wp-json\/wp\/v2\/media\/4832"}],"wp:attachment":[{"href":"https:\/\/www.pickchickbymec.com\/en\/wp-json\/wp\/v2\/media?parent=4829"}],"wp:term":[{"taxonomy":"product_brand","embeddable":true,"href":"https:\/\/www.pickchickbymec.com\/en\/wp-json\/wp\/v2\/product_brand?post=4829"},{"taxonomy":"product_cat","embeddable":true,"href":"https:\/\/www.pickchickbymec.com\/en\/wp-json\/wp\/v2\/product_cat?post=4829"},{"taxonomy":"product_tag","embeddable":true,"href":"https:\/\/www.pickchickbymec.com\/en\/wp-json\/wp\/v2\/product_tag?post=4829"}],"curies":[{"name":"wp","href":"https:\/\/api.w.org\/{rel}","templated":true}]}}