{"id":5179,"date":"2022-09-12T18:10:05","date_gmt":"2022-09-12T16:10:05","guid":{"rendered":"https:\/\/www.pickchickbymec.com\/?post_type=product&#038;p=5179"},"modified":"2025-12-29T17:32:19","modified_gmt":"2025-12-29T16:32:19","slug":"cojin-klonoa","status":"publish","type":"product","link":"https:\/\/www.pickchickbymec.com\/en\/product\/cojin-klonoa\/","title":{"rendered":"Coj\u00edn decorativo Klonoa (hecho a mano)"},"content":{"rendered":"<p>Coj\u00edn decorativo de estilo kawaii adorable y achuchable, inspirado en Klonoa, el protagonista de los videojuegos de Playstation 1. \u00bfEres un nost\u00e1lgico de los videojuegos de tu infancia? \u00bfCreciste con las aventuras de Klonoa y lloraste con su final? Pues este coj\u00edn completamente cosido a mano ser\u00e1 perfecto para tu habitaci\u00f3n o sal\u00f3n. La parte delantera est\u00e1 impresa con una ilustraci\u00f3n exclusiva que muestra a Klonoa durmiendo en su aro del viento junto a Huoepow. La parte trasera es de tela peludita y suave de color azul oscuro, a juego con la l\u00ednea del dibujo delantero. Es un coj\u00edn que transmite calma y dulzura, pero con una impresi\u00f3n en tonos vivos y brillantes.<\/p>\n<p><strong>Coj\u00edn decorativo Klonoa. Especificaciones:<\/strong><\/p>\n<ul>\n<li>Parte delantera hecha con loneta impresa<\/li>\n<li>Parte trasera de tela de peluche suave de color a juego con el dise\u00f1o delantero<\/li>\n<li>Medidas 30 cm aprox<\/li>\n<li>Relleno de fibra<\/li>\n<li>HECHO A MANO<\/li>\n<\/ul>\n<p>Este producto se env\u00eda por correo certificado con n\u00famero de seguimiento.<\/p>\n<p><span style=\"font-weight: 400;\">Echa un vistazo al resto de <a href=\"https:\/\/www.pickchickbymec.com\/en\/product-tag\/videojuegos\/\">productos inspirados en videojuegos<\/a>\u00a0que hay en mi tienda y ahorra al combinar los env\u00edos pidiendo m\u00e1s de un producto. <\/span><\/p>\n<p><span style=\"font-weight: 400;\">Si quieres enterarte de todas las novedades y ver fotos del proceso de los nuevos productos s\u00edgueme en <a href=\"https:\/\/twitter.com\/pickchickbymec\">Twitter<\/a> e <a href=\"https:\/\/www.instagram.com\/pickchickbymec\/\">Instagram<\/a>.<\/span><\/p>","protected":false},"excerpt":{"rendered":"<p>Cojines decorativos hechos a mano con trasera de tela de peluche.<\/p>\n<p>Modelo inspirado en Klonoa.<\/p>","protected":false},"featured_media":5180,"comment_status":"open","ping_status":"closed","template":"","meta":{"_monsterinsights_skip_tracking":false,"_monsterinsights_sitenote_active":false,"_monsterinsights_sitenote_note":"","_monsterinsights_sitenote_category":0},"product_brand":[],"product_cat":[429],"product_tag":[389,359,412,416],"class_list":{"0":"post-5179","1":"product","2":"type-product","3":"status-publish","4":"has-post-thumbnail","6":"product_cat-textil","7":"product_tag-cojines","8":"product_tag-fanart","9":"product_tag-klonoa","10":"product_tag-videojuegos","11":"product_shipping_class-paqeconomic","13":"first","14":"instock","15":"taxable","16":"shipping-taxable","17":"purchasable","18":"product-type-simple"},"yoast_head":"<!-- This site is optimized with the Yoast SEO plugin v27.4 - https:\/\/yoast.com\/product\/yoast-seo-wordpress\/ -->\n<title>Coj\u00edn decorativo Klonoa (hecho a mano) | Artesan\u00eda e ilustraci\u00f3n | Pick\u00b7Chick by Mec<\/title>\n<meta name=\"description\" content=\"Coj\u00edn hecho a mano con ilustraci\u00f3n inspirada en el videojuego Klonoa. La parte de atr\u00e1s es de tela de pelo suave de color azul marino.\" \/>\n<meta name=\"robots\" content=\"index, follow, max-snippet:-1, max-image-preview:large, max-video-preview:-1\" \/>\n<link rel=\"canonical\" href=\"https:\/\/www.pickchickbymec.com\/en\/product\/cojin-klonoa\/\" \/>\n<meta property=\"og:locale\" content=\"en_GB\" \/>\n<meta property=\"og:type\" content=\"article\" \/>\n<meta property=\"og:title\" content=\"Coj\u00edn decorativo Klonoa (hecho a mano) | Artesan\u00eda e ilustraci\u00f3n | Pick\u00b7Chick by Mec\" \/>\n<meta property=\"og:description\" content=\"Coj\u00edn hecho a mano con ilustraci\u00f3n inspirada en el videojuego Klonoa. La parte de atr\u00e1s es de tela de pelo suave de color azul marino.\" \/>\n<meta property=\"og:url\" content=\"https:\/\/www.pickchickbymec.com\/en\/product\/cojin-klonoa\/\" \/>\n<meta property=\"og:site_name\" content=\"Pick\u00b7Chick by Mec\" \/>\n<meta property=\"article:modified_time\" content=\"2025-12-29T16:32:19+00:00\" \/>\n<meta property=\"og:image\" content=\"https:\/\/www.pickchickbymec.com\/wp-content\/uploads\/2022\/09\/klonoa1-1.jpg\" \/>\n\t<meta property=\"og:image:width\" content=\"2000\" \/>\n\t<meta property=\"og:image:height\" content=\"2000\" \/>\n\t<meta property=\"og:image:type\" content=\"image\/jpeg\" \/>\n<meta name=\"twitter:card\" content=\"summary_large_image\" \/>\n<meta name=\"twitter:label1\" content=\"Estimated reading time\" \/>\n\t<meta name=\"twitter:data1\" content=\"2 minutes\" \/>\n<script type=\"application\/ld+json\" class=\"yoast-schema-graph\">{\"@context\":\"https:\\\/\\\/schema.org\",\"@graph\":[{\"@type\":\"WebPage\",\"@id\":\"https:\\\/\\\/www.pickchickbymec.com\\\/producto\\\/cojin-klonoa\\\/\",\"url\":\"https:\\\/\\\/www.pickchickbymec.com\\\/producto\\\/cojin-klonoa\\\/\",\"name\":\"Coj\u00edn decorativo Klonoa (hecho a mano) | Artesan\u00eda e ilustraci\u00f3n | Pick\u00b7Chick by Mec\",\"isPartOf\":{\"@id\":\"https:\\\/\\\/www.pickchickbymec.com\\\/#website\"},\"primaryImageOfPage\":{\"@id\":\"https:\\\/\\\/www.pickchickbymec.com\\\/producto\\\/cojin-klonoa\\\/#primaryimage\"},\"image\":{\"@id\":\"https:\\\/\\\/www.pickchickbymec.com\\\/producto\\\/cojin-klonoa\\\/#primaryimage\"},\"thumbnailUrl\":\"https:\\\/\\\/www.pickchickbymec.com\\\/wp-content\\\/uploads\\\/2022\\\/09\\\/klonoa1-1.jpg\",\"datePublished\":\"2022-09-12T16:10:05+00:00\",\"dateModified\":\"2025-12-29T16:32:19+00:00\",\"description\":\"Coj\u00edn hecho a mano con ilustraci\u00f3n inspirada en el videojuego Klonoa. La parte de atr\u00e1s es de tela de pelo suave de color azul marino.\",\"breadcrumb\":{\"@id\":\"https:\\\/\\\/www.pickchickbymec.com\\\/producto\\\/cojin-klonoa\\\/#breadcrumb\"},\"inLanguage\":\"en-GB\",\"potentialAction\":[{\"@type\":\"ReadAction\",\"target\":[\"https:\\\/\\\/www.pickchickbymec.com\\\/producto\\\/cojin-klonoa\\\/\"]}]},{\"@type\":\"ImageObject\",\"inLanguage\":\"en-GB\",\"@id\":\"https:\\\/\\\/www.pickchickbymec.com\\\/producto\\\/cojin-klonoa\\\/#primaryimage\",\"url\":\"https:\\\/\\\/www.pickchickbymec.com\\\/wp-content\\\/uploads\\\/2022\\\/09\\\/klonoa1-1.jpg\",\"contentUrl\":\"https:\\\/\\\/www.pickchickbymec.com\\\/wp-content\\\/uploads\\\/2022\\\/09\\\/klonoa1-1.jpg\",\"width\":2000,\"height\":2000},{\"@type\":\"BreadcrumbList\",\"@id\":\"https:\\\/\\\/www.pickchickbymec.com\\\/producto\\\/cojin-klonoa\\\/#breadcrumb\",\"itemListElement\":[{\"@type\":\"ListItem\",\"position\":1,\"name\":\"Portada\",\"item\":\"https:\\\/\\\/www.pickchickbymec.com\\\/\"},{\"@type\":\"ListItem\",\"position\":2,\"name\":\"Tienda\",\"item\":\"https:\\\/\\\/www.pickchickbymec.com\\\/tienda\\\/\"},{\"@type\":\"ListItem\",\"position\":3,\"name\":\"Coj\u00edn decorativo Klonoa (hecho a mano)\"}]},{\"@type\":\"WebSite\",\"@id\":\"https:\\\/\\\/www.pickchickbymec.com\\\/#website\",\"url\":\"https:\\\/\\\/www.pickchickbymec.com\\\/\",\"name\":\"Pick\u00b7Chick by Mec\",\"description\":\"kawaii illustrator and artisan\",\"publisher\":{\"@id\":\"https:\\\/\\\/www.pickchickbymec.com\\\/#\\\/schema\\\/person\\\/189a1cea9c7f6704595062aabbbb38fe\"},\"potentialAction\":[{\"@type\":\"SearchAction\",\"target\":{\"@type\":\"EntryPoint\",\"urlTemplate\":\"https:\\\/\\\/www.pickchickbymec.com\\\/?s={search_term_string}\"},\"query-input\":{\"@type\":\"PropertyValueSpecification\",\"valueRequired\":true,\"valueName\":\"search_term_string\"}}],\"inLanguage\":\"en-GB\"},{\"@type\":[\"Person\",\"Organization\"],\"@id\":\"https:\\\/\\\/www.pickchickbymec.com\\\/#\\\/schema\\\/person\\\/189a1cea9c7f6704595062aabbbb38fe\",\"name\":\"pickchickbymec\",\"image\":{\"@type\":\"ImageObject\",\"inLanguage\":\"en-GB\",\"@id\":\"https:\\\/\\\/secure.gravatar.com\\\/avatar\\\/0c13b11690ce1ad38e031b40cac436947d766b2585e3e81250e6cf60b0a3b61f?s=96&d=mm&r=g\",\"url\":\"https:\\\/\\\/secure.gravatar.com\\\/avatar\\\/0c13b11690ce1ad38e031b40cac436947d766b2585e3e81250e6cf60b0a3b61f?s=96&d=mm&r=g\",\"contentUrl\":\"https:\\\/\\\/secure.gravatar.com\\\/avatar\\\/0c13b11690ce1ad38e031b40cac436947d766b2585e3e81250e6cf60b0a3b61f?s=96&d=mm&r=g\",\"caption\":\"pickchickbymec\"},\"logo\":{\"@id\":\"https:\\\/\\\/secure.gravatar.com\\\/avatar\\\/0c13b11690ce1ad38e031b40cac436947d766b2585e3e81250e6cf60b0a3b61f?s=96&d=mm&r=g\"}}]}<\/script>\n<!-- \/ Yoast SEO plugin. -->","yoast_head_json":{"title":"Coj\u00edn decorativo Klonoa (hecho a mano) | Artesan\u00eda e ilustraci\u00f3n | Pick\u00b7Chick by Mec","description":"Coj\u00edn hecho a mano con ilustraci\u00f3n inspirada en el videojuego Klonoa. La parte de atr\u00e1s es de tela de pelo suave de color azul marino.","robots":{"index":"index","follow":"follow","max-snippet":"max-snippet:-1","max-image-preview":"max-image-preview:large","max-video-preview":"max-video-preview:-1"},"canonical":"https:\/\/www.pickchickbymec.com\/en\/product\/cojin-klonoa\/","og_locale":"en_GB","og_type":"article","og_title":"Coj\u00edn decorativo Klonoa (hecho a mano) | Artesan\u00eda e ilustraci\u00f3n | Pick\u00b7Chick by Mec","og_description":"Coj\u00edn hecho a mano con ilustraci\u00f3n inspirada en el videojuego Klonoa. La parte de atr\u00e1s es de tela de pelo suave de color azul marino.","og_url":"https:\/\/www.pickchickbymec.com\/en\/product\/cojin-klonoa\/","og_site_name":"Pick\u00b7Chick by Mec","article_modified_time":"2025-12-29T16:32:19+00:00","og_image":[{"width":2000,"height":2000,"url":"https:\/\/www.pickchickbymec.com\/wp-content\/uploads\/2022\/09\/klonoa1-1.jpg","type":"image\/jpeg"}],"twitter_card":"summary_large_image","twitter_misc":{"Estimated reading time":"2 minutes"},"schema":{"@context":"https:\/\/schema.org","@graph":[{"@type":"WebPage","@id":"https:\/\/www.pickchickbymec.com\/producto\/cojin-klonoa\/","url":"https:\/\/www.pickchickbymec.com\/producto\/cojin-klonoa\/","name":"Coj\u00edn decorativo Klonoa (hecho a mano) | Artesan\u00eda e ilustraci\u00f3n | Pick\u00b7Chick by Mec","isPartOf":{"@id":"https:\/\/www.pickchickbymec.com\/#website"},"primaryImageOfPage":{"@id":"https:\/\/www.pickchickbymec.com\/producto\/cojin-klonoa\/#primaryimage"},"image":{"@id":"https:\/\/www.pickchickbymec.com\/producto\/cojin-klonoa\/#primaryimage"},"thumbnailUrl":"https:\/\/www.pickchickbymec.com\/wp-content\/uploads\/2022\/09\/klonoa1-1.jpg","datePublished":"2022-09-12T16:10:05+00:00","dateModified":"2025-12-29T16:32:19+00:00","description":"Coj\u00edn hecho a mano con ilustraci\u00f3n inspirada en el videojuego Klonoa. La parte de atr\u00e1s es de tela de pelo suave de color azul marino.","breadcrumb":{"@id":"https:\/\/www.pickchickbymec.com\/producto\/cojin-klonoa\/#breadcrumb"},"inLanguage":"en-GB","potentialAction":[{"@type":"ReadAction","target":["https:\/\/www.pickchickbymec.com\/producto\/cojin-klonoa\/"]}]},{"@type":"ImageObject","inLanguage":"en-GB","@id":"https:\/\/www.pickchickbymec.com\/producto\/cojin-klonoa\/#primaryimage","url":"https:\/\/www.pickchickbymec.com\/wp-content\/uploads\/2022\/09\/klonoa1-1.jpg","contentUrl":"https:\/\/www.pickchickbymec.com\/wp-content\/uploads\/2022\/09\/klonoa1-1.jpg","width":2000,"height":2000},{"@type":"BreadcrumbList","@id":"https:\/\/www.pickchickbymec.com\/producto\/cojin-klonoa\/#breadcrumb","itemListElement":[{"@type":"ListItem","position":1,"name":"Portada","item":"https:\/\/www.pickchickbymec.com\/"},{"@type":"ListItem","position":2,"name":"Tienda","item":"https:\/\/www.pickchickbymec.com\/tienda\/"},{"@type":"ListItem","position":3,"name":"Coj\u00edn decorativo Klonoa (hecho a mano)"}]},{"@type":"WebSite","@id":"https:\/\/www.pickchickbymec.com\/#website","url":"https:\/\/www.pickchickbymec.com\/","name":"Pick-Chick by Mec","description":"kawaii illustrator and artisan","publisher":{"@id":"https:\/\/www.pickchickbymec.com\/#\/schema\/person\/189a1cea9c7f6704595062aabbbb38fe"},"potentialAction":[{"@type":"SearchAction","target":{"@type":"EntryPoint","urlTemplate":"https:\/\/www.pickchickbymec.com\/?s={search_term_string}"},"query-input":{"@type":"PropertyValueSpecification","valueRequired":true,"valueName":"search_term_string"}}],"inLanguage":"en-GB"},{"@type":["Person","Organization"],"@id":"https:\/\/www.pickchickbymec.com\/#\/schema\/person\/189a1cea9c7f6704595062aabbbb38fe","name":"pickchickbymec","image":{"@type":"ImageObject","inLanguage":"en-GB","@id":"https:\/\/secure.gravatar.com\/avatar\/0c13b11690ce1ad38e031b40cac436947d766b2585e3e81250e6cf60b0a3b61f?s=96&d=mm&r=g","url":"https:\/\/secure.gravatar.com\/avatar\/0c13b11690ce1ad38e031b40cac436947d766b2585e3e81250e6cf60b0a3b61f?s=96&d=mm&r=g","contentUrl":"https:\/\/secure.gravatar.com\/avatar\/0c13b11690ce1ad38e031b40cac436947d766b2585e3e81250e6cf60b0a3b61f?s=96&d=mm&r=g","caption":"pickchickbymec"},"logo":{"@id":"https:\/\/secure.gravatar.com\/avatar\/0c13b11690ce1ad38e031b40cac436947d766b2585e3e81250e6cf60b0a3b61f?s=96&d=mm&r=g"}}]}},"jetpack-related-posts":[],"jetpack_sharing_enabled":true,"_links":{"self":[{"href":"https:\/\/www.pickchickbymec.com\/en\/wp-json\/wp\/v2\/product\/5179","targetHints":{"allow":["GET"]}}],"collection":[{"href":"https:\/\/www.pickchickbymec.com\/en\/wp-json\/wp\/v2\/product"}],"about":[{"href":"https:\/\/www.pickchickbymec.com\/en\/wp-json\/wp\/v2\/types\/product"}],"replies":[{"embeddable":true,"href":"https:\/\/www.pickchickbymec.com\/en\/wp-json\/wp\/v2\/comments?post=5179"}],"wp:featuredmedia":[{"embeddable":true,"href":"https:\/\/www.pickchickbymec.com\/en\/wp-json\/wp\/v2\/media\/5180"}],"wp:attachment":[{"href":"https:\/\/www.pickchickbymec.com\/en\/wp-json\/wp\/v2\/media?parent=5179"}],"wp:term":[{"taxonomy":"product_brand","embeddable":true,"href":"https:\/\/www.pickchickbymec.com\/en\/wp-json\/wp\/v2\/product_brand?post=5179"},{"taxonomy":"product_cat","embeddable":true,"href":"https:\/\/www.pickchickbymec.com\/en\/wp-json\/wp\/v2\/product_cat?post=5179"},{"taxonomy":"product_tag","embeddable":true,"href":"https:\/\/www.pickchickbymec.com\/en\/wp-json\/wp\/v2\/product_tag?post=5179"}],"curies":[{"name":"wp","href":"https:\/\/api.w.org\/{rel}","templated":true}]}}