{"id":5303,"date":"2022-11-14T10:33:15","date_gmt":"2022-11-14T09:33:15","guid":{"rendered":"https:\/\/www.pickchickbymec.com\/?post_type=product&#038;p=5303"},"modified":"2025-12-22T13:37:26","modified_gmt":"2025-12-22T12:37:26","slug":"photocards-fanart-variadas-anime-series-peliculas-videojuegos-cosmere","status":"publish","type":"product","link":"https:\/\/www.pickchickbymec.com\/en\/product\/photocards-fanart-variadas-anime-series-peliculas-videojuegos-cosmere\/","title":{"rendered":"Photocards coleccionables con fanart (Varios modelos disponibles)"},"content":{"rendered":"<p>Photocards coleccionables con fanart inspirados en varias franquicias, series, c\u00f3mics, videojuegos y dem\u00e1s. Las photocards son prints en formato tarjeta que se han popularizado \u00faltimamente gracias a las tarjetas de fotos de los grupos de K-pop. Algunos artistas, como es mi caso, nos hemos animado a hacer versiones ilustradas de otras personajes que nos gustan, inspir\u00e1ndonos en el merch de dichos grupos de m\u00fasica o en las fotos instant\u00e1neas decoradas. Estas photocards encajan a la perfecci\u00f3n en los \u00e1lbumes y los portafotos que existen para su coleccionismo, y hay much\u00edsimos modelos distintos, as\u00ed que son muy f\u00e1ciles de coleccionar junto a las que ya tengas. Su tama\u00f1o tambi\u00e9n es perfecto para llevar en la parte trasera del m\u00f3vil, as\u00ed que si tu funda es transparente es una manera de decorarla.<\/p>\n<p>Hay modelos disponibles del Cosmere, Miraculous Ladybug, The Owl House, Final Fantasy, Lupin III, Magical Doremi, Hollow Knight, Pok\u00e9mon y m\u00e1s, e ir\u00e9 a\u00f1adiendo m\u00e1s modelos en cada evento importante.<\/p>\n<p>Al hacer el pedido indica en una nota o por email qu\u00e9 modelos quieres que te env\u00ede.<\/p>\n<p><strong>Photocards coleccionables con fanart de anime, videojuegos y dem\u00e1s. Especificaciones:<\/strong><\/p>\n<ul>\n<li><span style=\"font-weight: 400;\">Impresi\u00f3n de alta calidad<\/span><\/li>\n<li>Papel 300gr<\/li>\n<li>Impreso a doble cara<\/li>\n<li>Medidas 5,5 x 8,5 cm<\/li>\n<li>Oferta disponible por cantidad<\/li>\n<\/ul>\n<p><span style=\"font-weight: 400;\">Este producto se env\u00eda por correo certificado con n\u00famero de seguimiento. Si deseas que el env\u00edo sea certificado puedes combinarlo con otros productos que s\u00ed tengan env\u00edo con seguimiento o contactarme por email.<\/span><\/p>\n<p><span style=\"font-weight: 400;\">Echa un vistazo al resto de <a href=\"https:\/\/www.pickchickbymec.com\/en\/tienda\/\">productos chulos<\/a> que hay en mi tienda y combina varias cositas en tu compra para ahorrar en los gastos de env\u00edo.<\/span><\/p>\n<p><span style=\"font-weight: 400;\">\u00a0Si quieres enterarte de todas las novedades y ver fotos del proceso de los nuevos productos s\u00edgueme en <a href=\"https:\/\/twitter.com\/pickchickbymec\">Twitter<\/a> e <a href=\"https:\/\/www.instagram.com\/pickchickbymec\/\">Instagram<\/a>.<\/span><\/p>","protected":false},"excerpt":{"rendered":"<p>Photocards coleccionables ilustradas con algunos de mis fanart.<\/p>","protected":false},"featured_media":5317,"comment_status":"open","ping_status":"closed","template":"","meta":{"_monsterinsights_skip_tracking":false,"_monsterinsights_sitenote_active":false,"_monsterinsights_sitenote_note":"","_monsterinsights_sitenote_category":0},"product_brand":[],"product_cat":[293],"product_tag":[443,419,359,324,356,376,541,420,353,325,539,414,416],"class_list":{"0":"post-5303","1":"product","2":"type-product","3":"status-publish","4":"has-post-thumbnail","6":"product_cat-ilustracion-1","7":"product_tag-caelo","8":"product_tag-cosmere","9":"product_tag-fanart","10":"product_tag-hollow-knight","11":"product_tag-ilustracion","12":"product_tag-laminas","13":"product_tag-literatura-fantastica","14":"product_tag-lupin-iii","15":"product_tag-miraculous-ladybug","16":"product_tag-pokemon","17":"product_tag-series-y-pelis","18":"product_tag-the-owl-house","19":"product_tag-videojuegos","20":"product_shipping_class-documentos","22":"first","23":"instock","24":"taxable","25":"shipping-taxable","26":"purchasable","27":"product-type-variable"},"yoast_head":"<!-- This site is optimized with the Yoast SEO plugin v27.4 - https:\/\/yoast.com\/product\/yoast-seo-wordpress\/ -->\n<title>Photocards coleccionables de anime, videojuegos, Cosmere...<\/title>\n<meta name=\"description\" content=\"Photocards coleccionables ilustradas con mis fanart de algunas series, videojuegos y libros. Hay muchos modelos entre los que elegir.\" \/>\n<meta name=\"robots\" content=\"index, follow, max-snippet:-1, max-image-preview:large, max-video-preview:-1\" \/>\n<link rel=\"canonical\" href=\"https:\/\/www.pickchickbymec.com\/en\/product\/photocards-fanart-variadas-anime-series-peliculas-videojuegos-cosmere\/\" \/>\n<meta property=\"og:locale\" content=\"en_GB\" \/>\n<meta property=\"og:type\" content=\"article\" \/>\n<meta property=\"og:title\" content=\"Photocards coleccionables de anime, videojuegos, Cosmere...\" \/>\n<meta property=\"og:description\" content=\"Photocards coleccionables ilustradas con mis fanart de algunas series, videojuegos y libros. Hay muchos modelos entre los que elegir.\" \/>\n<meta property=\"og:url\" content=\"https:\/\/www.pickchickbymec.com\/en\/product\/photocards-fanart-variadas-anime-series-peliculas-videojuegos-cosmere\/\" \/>\n<meta property=\"og:site_name\" content=\"Pick\u00b7Chick by Mec\" \/>\n<meta property=\"article:modified_time\" content=\"2025-12-22T12:37:26+00:00\" \/>\n<meta property=\"og:image\" content=\"https:\/\/www.pickchickbymec.com\/wp-content\/uploads\/photocards11.jpg\" \/>\n\t<meta property=\"og:image:width\" content=\"2000\" \/>\n\t<meta property=\"og:image:height\" content=\"1333\" \/>\n\t<meta property=\"og:image:type\" content=\"image\/jpeg\" \/>\n<meta name=\"twitter:card\" content=\"summary_large_image\" \/>\n<meta name=\"twitter:label1\" content=\"Estimated reading time\" \/>\n\t<meta name=\"twitter:data1\" content=\"2 minutes\" \/>\n<script type=\"application\/ld+json\" class=\"yoast-schema-graph\">{\"@context\":\"https:\\\/\\\/schema.org\",\"@graph\":[{\"@type\":\"WebPage\",\"@id\":\"https:\\\/\\\/www.pickchickbymec.com\\\/producto\\\/photocards-fanart-variadas-anime-series-peliculas-videojuegos-cosmere\\\/\",\"url\":\"https:\\\/\\\/www.pickchickbymec.com\\\/producto\\\/photocards-fanart-variadas-anime-series-peliculas-videojuegos-cosmere\\\/\",\"name\":\"Photocards coleccionables de anime, videojuegos, Cosmere...\",\"isPartOf\":{\"@id\":\"https:\\\/\\\/www.pickchickbymec.com\\\/#website\"},\"primaryImageOfPage\":{\"@id\":\"https:\\\/\\\/www.pickchickbymec.com\\\/producto\\\/photocards-fanart-variadas-anime-series-peliculas-videojuegos-cosmere\\\/#primaryimage\"},\"image\":{\"@id\":\"https:\\\/\\\/www.pickchickbymec.com\\\/producto\\\/photocards-fanart-variadas-anime-series-peliculas-videojuegos-cosmere\\\/#primaryimage\"},\"thumbnailUrl\":\"https:\\\/\\\/www.pickchickbymec.com\\\/wp-content\\\/uploads\\\/photocards11.jpg\",\"datePublished\":\"2022-11-14T09:33:15+00:00\",\"dateModified\":\"2025-12-22T12:37:26+00:00\",\"description\":\"Photocards coleccionables ilustradas con mis fanart de algunas series, videojuegos y libros. Hay muchos modelos entre los que elegir.\",\"breadcrumb\":{\"@id\":\"https:\\\/\\\/www.pickchickbymec.com\\\/producto\\\/photocards-fanart-variadas-anime-series-peliculas-videojuegos-cosmere\\\/#breadcrumb\"},\"inLanguage\":\"en-GB\",\"potentialAction\":[{\"@type\":\"ReadAction\",\"target\":[\"https:\\\/\\\/www.pickchickbymec.com\\\/producto\\\/photocards-fanart-variadas-anime-series-peliculas-videojuegos-cosmere\\\/\"]}]},{\"@type\":\"ImageObject\",\"inLanguage\":\"en-GB\",\"@id\":\"https:\\\/\\\/www.pickchickbymec.com\\\/producto\\\/photocards-fanart-variadas-anime-series-peliculas-videojuegos-cosmere\\\/#primaryimage\",\"url\":\"https:\\\/\\\/www.pickchickbymec.com\\\/wp-content\\\/uploads\\\/photocards11.jpg\",\"contentUrl\":\"https:\\\/\\\/www.pickchickbymec.com\\\/wp-content\\\/uploads\\\/photocards11.jpg\",\"width\":2000,\"height\":1333},{\"@type\":\"BreadcrumbList\",\"@id\":\"https:\\\/\\\/www.pickchickbymec.com\\\/producto\\\/photocards-fanart-variadas-anime-series-peliculas-videojuegos-cosmere\\\/#breadcrumb\",\"itemListElement\":[{\"@type\":\"ListItem\",\"position\":1,\"name\":\"Portada\",\"item\":\"https:\\\/\\\/www.pickchickbymec.com\\\/\"},{\"@type\":\"ListItem\",\"position\":2,\"name\":\"Tienda\",\"item\":\"https:\\\/\\\/www.pickchickbymec.com\\\/tienda\\\/\"},{\"@type\":\"ListItem\",\"position\":3,\"name\":\"Photocards coleccionables con fanart (Varios modelos disponibles)\"}]},{\"@type\":\"WebSite\",\"@id\":\"https:\\\/\\\/www.pickchickbymec.com\\\/#website\",\"url\":\"https:\\\/\\\/www.pickchickbymec.com\\\/\",\"name\":\"Pick\u00b7Chick by Mec\",\"description\":\"kawaii illustrator and artisan\",\"publisher\":{\"@id\":\"https:\\\/\\\/www.pickchickbymec.com\\\/#\\\/schema\\\/person\\\/189a1cea9c7f6704595062aabbbb38fe\"},\"potentialAction\":[{\"@type\":\"SearchAction\",\"target\":{\"@type\":\"EntryPoint\",\"urlTemplate\":\"https:\\\/\\\/www.pickchickbymec.com\\\/?s={search_term_string}\"},\"query-input\":{\"@type\":\"PropertyValueSpecification\",\"valueRequired\":true,\"valueName\":\"search_term_string\"}}],\"inLanguage\":\"en-GB\"},{\"@type\":[\"Person\",\"Organization\"],\"@id\":\"https:\\\/\\\/www.pickchickbymec.com\\\/#\\\/schema\\\/person\\\/189a1cea9c7f6704595062aabbbb38fe\",\"name\":\"pickchickbymec\",\"image\":{\"@type\":\"ImageObject\",\"inLanguage\":\"en-GB\",\"@id\":\"https:\\\/\\\/secure.gravatar.com\\\/avatar\\\/0c13b11690ce1ad38e031b40cac436947d766b2585e3e81250e6cf60b0a3b61f?s=96&d=mm&r=g\",\"url\":\"https:\\\/\\\/secure.gravatar.com\\\/avatar\\\/0c13b11690ce1ad38e031b40cac436947d766b2585e3e81250e6cf60b0a3b61f?s=96&d=mm&r=g\",\"contentUrl\":\"https:\\\/\\\/secure.gravatar.com\\\/avatar\\\/0c13b11690ce1ad38e031b40cac436947d766b2585e3e81250e6cf60b0a3b61f?s=96&d=mm&r=g\",\"caption\":\"pickchickbymec\"},\"logo\":{\"@id\":\"https:\\\/\\\/secure.gravatar.com\\\/avatar\\\/0c13b11690ce1ad38e031b40cac436947d766b2585e3e81250e6cf60b0a3b61f?s=96&d=mm&r=g\"}}]}<\/script>\n<!-- \/ Yoast SEO plugin. -->","yoast_head_json":{"title":"Photocards coleccionables de anime, videojuegos, Cosmere...","description":"Photocards coleccionables ilustradas con mis fanart de algunas series, videojuegos y libros. Hay muchos modelos entre los que elegir.","robots":{"index":"index","follow":"follow","max-snippet":"max-snippet:-1","max-image-preview":"max-image-preview:large","max-video-preview":"max-video-preview:-1"},"canonical":"https:\/\/www.pickchickbymec.com\/en\/product\/photocards-fanart-variadas-anime-series-peliculas-videojuegos-cosmere\/","og_locale":"en_GB","og_type":"article","og_title":"Photocards coleccionables de anime, videojuegos, Cosmere...","og_description":"Photocards coleccionables ilustradas con mis fanart de algunas series, videojuegos y libros. Hay muchos modelos entre los que elegir.","og_url":"https:\/\/www.pickchickbymec.com\/en\/product\/photocards-fanart-variadas-anime-series-peliculas-videojuegos-cosmere\/","og_site_name":"Pick\u00b7Chick by Mec","article_modified_time":"2025-12-22T12:37:26+00:00","og_image":[{"width":2000,"height":1333,"url":"https:\/\/www.pickchickbymec.com\/wp-content\/uploads\/photocards11.jpg","type":"image\/jpeg"}],"twitter_card":"summary_large_image","twitter_misc":{"Estimated reading time":"2 minutes"},"schema":{"@context":"https:\/\/schema.org","@graph":[{"@type":"WebPage","@id":"https:\/\/www.pickchickbymec.com\/producto\/photocards-fanart-variadas-anime-series-peliculas-videojuegos-cosmere\/","url":"https:\/\/www.pickchickbymec.com\/producto\/photocards-fanart-variadas-anime-series-peliculas-videojuegos-cosmere\/","name":"Photocards coleccionables de anime, videojuegos, Cosmere...","isPartOf":{"@id":"https:\/\/www.pickchickbymec.com\/#website"},"primaryImageOfPage":{"@id":"https:\/\/www.pickchickbymec.com\/producto\/photocards-fanart-variadas-anime-series-peliculas-videojuegos-cosmere\/#primaryimage"},"image":{"@id":"https:\/\/www.pickchickbymec.com\/producto\/photocards-fanart-variadas-anime-series-peliculas-videojuegos-cosmere\/#primaryimage"},"thumbnailUrl":"https:\/\/www.pickchickbymec.com\/wp-content\/uploads\/photocards11.jpg","datePublished":"2022-11-14T09:33:15+00:00","dateModified":"2025-12-22T12:37:26+00:00","description":"Photocards coleccionables ilustradas con mis fanart de algunas series, videojuegos y libros. Hay muchos modelos entre los que elegir.","breadcrumb":{"@id":"https:\/\/www.pickchickbymec.com\/producto\/photocards-fanart-variadas-anime-series-peliculas-videojuegos-cosmere\/#breadcrumb"},"inLanguage":"en-GB","potentialAction":[{"@type":"ReadAction","target":["https:\/\/www.pickchickbymec.com\/producto\/photocards-fanart-variadas-anime-series-peliculas-videojuegos-cosmere\/"]}]},{"@type":"ImageObject","inLanguage":"en-GB","@id":"https:\/\/www.pickchickbymec.com\/producto\/photocards-fanart-variadas-anime-series-peliculas-videojuegos-cosmere\/#primaryimage","url":"https:\/\/www.pickchickbymec.com\/wp-content\/uploads\/photocards11.jpg","contentUrl":"https:\/\/www.pickchickbymec.com\/wp-content\/uploads\/photocards11.jpg","width":2000,"height":1333},{"@type":"BreadcrumbList","@id":"https:\/\/www.pickchickbymec.com\/producto\/photocards-fanart-variadas-anime-series-peliculas-videojuegos-cosmere\/#breadcrumb","itemListElement":[{"@type":"ListItem","position":1,"name":"Portada","item":"https:\/\/www.pickchickbymec.com\/"},{"@type":"ListItem","position":2,"name":"Tienda","item":"https:\/\/www.pickchickbymec.com\/tienda\/"},{"@type":"ListItem","position":3,"name":"Photocards coleccionables con fanart (Varios modelos disponibles)"}]},{"@type":"WebSite","@id":"https:\/\/www.pickchickbymec.com\/#website","url":"https:\/\/www.pickchickbymec.com\/","name":"Pick-Chick by Mec","description":"kawaii illustrator and artisan","publisher":{"@id":"https:\/\/www.pickchickbymec.com\/#\/schema\/person\/189a1cea9c7f6704595062aabbbb38fe"},"potentialAction":[{"@type":"SearchAction","target":{"@type":"EntryPoint","urlTemplate":"https:\/\/www.pickchickbymec.com\/?s={search_term_string}"},"query-input":{"@type":"PropertyValueSpecification","valueRequired":true,"valueName":"search_term_string"}}],"inLanguage":"en-GB"},{"@type":["Person","Organization"],"@id":"https:\/\/www.pickchickbymec.com\/#\/schema\/person\/189a1cea9c7f6704595062aabbbb38fe","name":"pickchickbymec","image":{"@type":"ImageObject","inLanguage":"en-GB","@id":"https:\/\/secure.gravatar.com\/avatar\/0c13b11690ce1ad38e031b40cac436947d766b2585e3e81250e6cf60b0a3b61f?s=96&d=mm&r=g","url":"https:\/\/secure.gravatar.com\/avatar\/0c13b11690ce1ad38e031b40cac436947d766b2585e3e81250e6cf60b0a3b61f?s=96&d=mm&r=g","contentUrl":"https:\/\/secure.gravatar.com\/avatar\/0c13b11690ce1ad38e031b40cac436947d766b2585e3e81250e6cf60b0a3b61f?s=96&d=mm&r=g","caption":"pickchickbymec"},"logo":{"@id":"https:\/\/secure.gravatar.com\/avatar\/0c13b11690ce1ad38e031b40cac436947d766b2585e3e81250e6cf60b0a3b61f?s=96&d=mm&r=g"}}]}},"jetpack-related-posts":[],"jetpack_sharing_enabled":true,"_links":{"self":[{"href":"https:\/\/www.pickchickbymec.com\/en\/wp-json\/wp\/v2\/product\/5303","targetHints":{"allow":["GET"]}}],"collection":[{"href":"https:\/\/www.pickchickbymec.com\/en\/wp-json\/wp\/v2\/product"}],"about":[{"href":"https:\/\/www.pickchickbymec.com\/en\/wp-json\/wp\/v2\/types\/product"}],"replies":[{"embeddable":true,"href":"https:\/\/www.pickchickbymec.com\/en\/wp-json\/wp\/v2\/comments?post=5303"}],"wp:featuredmedia":[{"embeddable":true,"href":"https:\/\/www.pickchickbymec.com\/en\/wp-json\/wp\/v2\/media\/5317"}],"wp:attachment":[{"href":"https:\/\/www.pickchickbymec.com\/en\/wp-json\/wp\/v2\/media?parent=5303"}],"wp:term":[{"taxonomy":"product_brand","embeddable":true,"href":"https:\/\/www.pickchickbymec.com\/en\/wp-json\/wp\/v2\/product_brand?post=5303"},{"taxonomy":"product_cat","embeddable":true,"href":"https:\/\/www.pickchickbymec.com\/en\/wp-json\/wp\/v2\/product_cat?post=5303"},{"taxonomy":"product_tag","embeddable":true,"href":"https:\/\/www.pickchickbymec.com\/en\/wp-json\/wp\/v2\/product_tag?post=5303"}],"curies":[{"name":"wp","href":"https:\/\/api.w.org\/{rel}","templated":true}]}}