{"id":5541,"date":"2023-01-23T18:30:59","date_gmt":"2023-01-23T17:30:59","guid":{"rendered":"https:\/\/www.pickchickbymec.com\/?post_type=product&#038;p=5541"},"modified":"2026-04-01T08:27:45","modified_gmt":"2026-04-01T06:27:45","slug":"llavero-acrilico-gorrion","status":"publish","type":"product","link":"https:\/\/www.pickchickbymec.com\/en\/product\/llavero-acrilico-gorrion\/","title":{"rendered":"Llavero acr\u00edlico Gorri\u00f3n (passer domesticus)"},"content":{"rendered":"<p><span style=\"font-weight: 400;\">Llavero acr\u00edlico adorable y divertido con dise\u00f1o inspirado en un gorri\u00f3n com\u00fan (<em>passer domesticus<\/em>). La ilustraci\u00f3n de este complemento forma parte del fanzine<em><a href=\"https:\/\/www.pickchickbymec.com\/en\/product\/fanzine-que-es-ese-pollo-guia-de-aves-acuaticas-espanolas\/\"> \u00bfQu\u00e9 es ese pollo? Gu\u00eda de aves acu\u00e1ticas espa\u00f1olas<\/a><\/em> , y muestra a un gorri\u00f3n redondito rodeado de hojas oto\u00f1ales. El gorri\u00f3n es uno de los pajaritos m\u00e1s comunes que podemos encontrar a nuestro alrededor, as\u00ed que es f\u00e1cilmente reconocible incluso por gente que no sepa mucho sobre aves. Se trata de un accesorio ideal para cualquier amante de las aves o de la ornitolog\u00eda. Lleva a este peque\u00f1o gorri\u00f3n siempre contigo y le dar\u00e1 toque cute y divertido a tus llaves, bolso o mochila all\u00e1 donde vayas.<\/span><\/p>\n<p><strong>Llavero acr\u00edlico Gorri\u00f3n. Especificaciones:<\/strong><\/p>\n<ul>\n<li><span style=\"font-weight: 400;\">Cierre de cadena de bolitas de color naranja, a juego con el dise\u00f1o<\/span><\/li>\n<li>Impreso a doble cara.<\/li>\n<li>Mismo dise\u00f1o a cada lado<\/li>\n<li>Medidas parte acr\u00edlica 5 cm<\/li>\n<li>Grosor del acr\u00edlico: 3 mm<\/li>\n<\/ul>\n<p><span style=\"font-weight: 400;\">Este producto se env\u00eda por correo certificado con n\u00famero de seguimiento.<\/span><\/p>\n<p><span style=\"font-weight: 400;\">Echa un vistazo<a href=\"https:\/\/www.pickchickbymec.com\/en\/product-tag\/pajaros\/\"> al resto de productos de pajaritos<\/a> que hay en mi tienda y combina varios productos en tu compra para ahorrar en los gastos de env\u00edo.<\/span><\/p>\n<p><span style=\"font-weight: 400;\">\u00a0Si quieres enterarte de todas las novedades y ver fotos del proceso de los nuevos productos s\u00edgueme en <a href=\"https:\/\/twitter.com\/pickchickbymec\">Twitter<\/a> e <a href=\"https:\/\/www.instagram.com\/pickchickbymec\/\">Instagram<\/a>.<\/span><\/p>","protected":false},"excerpt":{"rendered":"<p>Llavero acr\u00edlico Gorri\u00f3n.<\/p>","protected":false},"featured_media":6784,"comment_status":"open","ping_status":"closed","template":"","meta":{"_monsterinsights_skip_tracking":false,"_monsterinsights_sitenote_active":false,"_monsterinsights_sitenote_note":"","_monsterinsights_sitenote_category":0},"product_brand":[],"product_cat":[288],"product_tag":[410,370,397],"class_list":{"0":"post-5541","1":"product","2":"type-product","3":"status-publish","4":"has-post-thumbnail","6":"product_cat-accesorios","7":"product_tag-acrilico","8":"product_tag-llavero","9":"product_tag-pajaros","10":"product_shipping_class-b-certificado-ligero","12":"first","13":"instock","14":"taxable","15":"shipping-taxable","16":"purchasable","17":"product-type-simple"},"yoast_head":"<!-- This site is optimized with the Yoast SEO plugin v27.4 - https:\/\/yoast.com\/product\/yoast-seo-wordpress\/ -->\n<title>Llavero acr\u00edlico Gorri\u00f3n (passer domesticus) - Pick\u00b7Chick by Mec<\/title>\n<meta name=\"description\" content=\"Llavero acr\u00edlico inspirado en el gorri\u00f3n. Mide 5 cm y tiene cierre de cadenita. Esta ilustraci\u00f3n forma parte del fanzine &quot;Qu\u00e9 es ese pollo?&quot;.\" \/>\n<meta name=\"robots\" content=\"index, follow, max-snippet:-1, max-image-preview:large, max-video-preview:-1\" \/>\n<link rel=\"canonical\" href=\"https:\/\/www.pickchickbymec.com\/en\/product\/llavero-acrilico-gorrion\/\" \/>\n<meta property=\"og:locale\" content=\"en_GB\" \/>\n<meta property=\"og:type\" content=\"article\" \/>\n<meta property=\"og:title\" content=\"Llavero acr\u00edlico Gorri\u00f3n (passer domesticus) - Pick\u00b7Chick by Mec\" \/>\n<meta property=\"og:description\" content=\"Llavero acr\u00edlico inspirado en el gorri\u00f3n. Mide 5 cm y tiene cierre de cadenita. Esta ilustraci\u00f3n forma parte del fanzine &quot;Qu\u00e9 es ese pollo?&quot;.\" \/>\n<meta property=\"og:url\" content=\"https:\/\/www.pickchickbymec.com\/en\/product\/llavero-acrilico-gorrion\/\" \/>\n<meta property=\"og:site_name\" content=\"Pick\u00b7Chick by Mec\" \/>\n<meta property=\"article:modified_time\" content=\"2026-04-01T06:27:45+00:00\" \/>\n<meta property=\"og:image\" content=\"https:\/\/www.pickchickbymec.com\/wp-content\/uploads\/2023\/01\/ac-gorrion2.jpg\" \/>\n\t<meta property=\"og:image:width\" content=\"2000\" \/>\n\t<meta property=\"og:image:height\" content=\"2000\" \/>\n\t<meta property=\"og:image:type\" content=\"image\/jpeg\" \/>\n<meta name=\"twitter:card\" content=\"summary_large_image\" \/>\n<meta name=\"twitter:label1\" content=\"Estimated reading time\" \/>\n\t<meta name=\"twitter:data1\" content=\"2 minutes\" \/>\n<script type=\"application\/ld+json\" class=\"yoast-schema-graph\">{\"@context\":\"https:\\\/\\\/schema.org\",\"@graph\":[{\"@type\":\"WebPage\",\"@id\":\"https:\\\/\\\/www.pickchickbymec.com\\\/producto\\\/llavero-acrilico-gorrion\\\/\",\"url\":\"https:\\\/\\\/www.pickchickbymec.com\\\/producto\\\/llavero-acrilico-gorrion\\\/\",\"name\":\"Llavero acr\u00edlico Gorri\u00f3n (passer domesticus) - Pick\u00b7Chick by Mec\",\"isPartOf\":{\"@id\":\"https:\\\/\\\/www.pickchickbymec.com\\\/#website\"},\"primaryImageOfPage\":{\"@id\":\"https:\\\/\\\/www.pickchickbymec.com\\\/producto\\\/llavero-acrilico-gorrion\\\/#primaryimage\"},\"image\":{\"@id\":\"https:\\\/\\\/www.pickchickbymec.com\\\/producto\\\/llavero-acrilico-gorrion\\\/#primaryimage\"},\"thumbnailUrl\":\"https:\\\/\\\/www.pickchickbymec.com\\\/wp-content\\\/uploads\\\/2023\\\/01\\\/ac-gorrion2.jpg\",\"datePublished\":\"2023-01-23T17:30:59+00:00\",\"dateModified\":\"2026-04-01T06:27:45+00:00\",\"description\":\"Llavero acr\u00edlico inspirado en el gorri\u00f3n. Mide 5 cm y tiene cierre de cadenita. Esta ilustraci\u00f3n forma parte del fanzine \\\"Qu\u00e9 es ese pollo?\\\".\",\"breadcrumb\":{\"@id\":\"https:\\\/\\\/www.pickchickbymec.com\\\/producto\\\/llavero-acrilico-gorrion\\\/#breadcrumb\"},\"inLanguage\":\"en-GB\",\"potentialAction\":[{\"@type\":\"ReadAction\",\"target\":[\"https:\\\/\\\/www.pickchickbymec.com\\\/producto\\\/llavero-acrilico-gorrion\\\/\"]}]},{\"@type\":\"ImageObject\",\"inLanguage\":\"en-GB\",\"@id\":\"https:\\\/\\\/www.pickchickbymec.com\\\/producto\\\/llavero-acrilico-gorrion\\\/#primaryimage\",\"url\":\"https:\\\/\\\/www.pickchickbymec.com\\\/wp-content\\\/uploads\\\/2023\\\/01\\\/ac-gorrion2.jpg\",\"contentUrl\":\"https:\\\/\\\/www.pickchickbymec.com\\\/wp-content\\\/uploads\\\/2023\\\/01\\\/ac-gorrion2.jpg\",\"width\":2000,\"height\":2000},{\"@type\":\"BreadcrumbList\",\"@id\":\"https:\\\/\\\/www.pickchickbymec.com\\\/producto\\\/llavero-acrilico-gorrion\\\/#breadcrumb\",\"itemListElement\":[{\"@type\":\"ListItem\",\"position\":1,\"name\":\"Portada\",\"item\":\"https:\\\/\\\/www.pickchickbymec.com\\\/\"},{\"@type\":\"ListItem\",\"position\":2,\"name\":\"Tienda\",\"item\":\"https:\\\/\\\/www.pickchickbymec.com\\\/tienda\\\/\"},{\"@type\":\"ListItem\",\"position\":3,\"name\":\"Llavero acr\u00edlico Gorri\u00f3n (passer domesticus)\"}]},{\"@type\":\"WebSite\",\"@id\":\"https:\\\/\\\/www.pickchickbymec.com\\\/#website\",\"url\":\"https:\\\/\\\/www.pickchickbymec.com\\\/\",\"name\":\"Pick\u00b7Chick by Mec\",\"description\":\"kawaii illustrator and artisan\",\"publisher\":{\"@id\":\"https:\\\/\\\/www.pickchickbymec.com\\\/#\\\/schema\\\/person\\\/189a1cea9c7f6704595062aabbbb38fe\"},\"potentialAction\":[{\"@type\":\"SearchAction\",\"target\":{\"@type\":\"EntryPoint\",\"urlTemplate\":\"https:\\\/\\\/www.pickchickbymec.com\\\/?s={search_term_string}\"},\"query-input\":{\"@type\":\"PropertyValueSpecification\",\"valueRequired\":true,\"valueName\":\"search_term_string\"}}],\"inLanguage\":\"en-GB\"},{\"@type\":[\"Person\",\"Organization\"],\"@id\":\"https:\\\/\\\/www.pickchickbymec.com\\\/#\\\/schema\\\/person\\\/189a1cea9c7f6704595062aabbbb38fe\",\"name\":\"pickchickbymec\",\"image\":{\"@type\":\"ImageObject\",\"inLanguage\":\"en-GB\",\"@id\":\"https:\\\/\\\/secure.gravatar.com\\\/avatar\\\/0c13b11690ce1ad38e031b40cac436947d766b2585e3e81250e6cf60b0a3b61f?s=96&d=mm&r=g\",\"url\":\"https:\\\/\\\/secure.gravatar.com\\\/avatar\\\/0c13b11690ce1ad38e031b40cac436947d766b2585e3e81250e6cf60b0a3b61f?s=96&d=mm&r=g\",\"contentUrl\":\"https:\\\/\\\/secure.gravatar.com\\\/avatar\\\/0c13b11690ce1ad38e031b40cac436947d766b2585e3e81250e6cf60b0a3b61f?s=96&d=mm&r=g\",\"caption\":\"pickchickbymec\"},\"logo\":{\"@id\":\"https:\\\/\\\/secure.gravatar.com\\\/avatar\\\/0c13b11690ce1ad38e031b40cac436947d766b2585e3e81250e6cf60b0a3b61f?s=96&d=mm&r=g\"}}]}<\/script>\n<!-- \/ Yoast SEO plugin. -->","yoast_head_json":{"title":"Llavero acr\u00edlico Gorri\u00f3n (passer domesticus) - Pick\u00b7Chick by Mec","description":"Llavero acr\u00edlico inspirado en el gorri\u00f3n. Mide 5 cm y tiene cierre de cadenita. Esta ilustraci\u00f3n forma parte del fanzine \"Qu\u00e9 es ese pollo?\".","robots":{"index":"index","follow":"follow","max-snippet":"max-snippet:-1","max-image-preview":"max-image-preview:large","max-video-preview":"max-video-preview:-1"},"canonical":"https:\/\/www.pickchickbymec.com\/en\/product\/llavero-acrilico-gorrion\/","og_locale":"en_GB","og_type":"article","og_title":"Llavero acr\u00edlico Gorri\u00f3n (passer domesticus) - Pick\u00b7Chick by Mec","og_description":"Llavero acr\u00edlico inspirado en el gorri\u00f3n. Mide 5 cm y tiene cierre de cadenita. Esta ilustraci\u00f3n forma parte del fanzine \"Qu\u00e9 es ese pollo?\".","og_url":"https:\/\/www.pickchickbymec.com\/en\/product\/llavero-acrilico-gorrion\/","og_site_name":"Pick\u00b7Chick by Mec","article_modified_time":"2026-04-01T06:27:45+00:00","og_image":[{"width":2000,"height":2000,"url":"https:\/\/www.pickchickbymec.com\/wp-content\/uploads\/2023\/01\/ac-gorrion2.jpg","type":"image\/jpeg"}],"twitter_card":"summary_large_image","twitter_misc":{"Estimated reading time":"2 minutes"},"schema":{"@context":"https:\/\/schema.org","@graph":[{"@type":"WebPage","@id":"https:\/\/www.pickchickbymec.com\/producto\/llavero-acrilico-gorrion\/","url":"https:\/\/www.pickchickbymec.com\/producto\/llavero-acrilico-gorrion\/","name":"Llavero acr\u00edlico Gorri\u00f3n (passer domesticus) - Pick\u00b7Chick by Mec","isPartOf":{"@id":"https:\/\/www.pickchickbymec.com\/#website"},"primaryImageOfPage":{"@id":"https:\/\/www.pickchickbymec.com\/producto\/llavero-acrilico-gorrion\/#primaryimage"},"image":{"@id":"https:\/\/www.pickchickbymec.com\/producto\/llavero-acrilico-gorrion\/#primaryimage"},"thumbnailUrl":"https:\/\/www.pickchickbymec.com\/wp-content\/uploads\/2023\/01\/ac-gorrion2.jpg","datePublished":"2023-01-23T17:30:59+00:00","dateModified":"2026-04-01T06:27:45+00:00","description":"Llavero acr\u00edlico inspirado en el gorri\u00f3n. Mide 5 cm y tiene cierre de cadenita. Esta ilustraci\u00f3n forma parte del fanzine \"Qu\u00e9 es ese pollo?\".","breadcrumb":{"@id":"https:\/\/www.pickchickbymec.com\/producto\/llavero-acrilico-gorrion\/#breadcrumb"},"inLanguage":"en-GB","potentialAction":[{"@type":"ReadAction","target":["https:\/\/www.pickchickbymec.com\/producto\/llavero-acrilico-gorrion\/"]}]},{"@type":"ImageObject","inLanguage":"en-GB","@id":"https:\/\/www.pickchickbymec.com\/producto\/llavero-acrilico-gorrion\/#primaryimage","url":"https:\/\/www.pickchickbymec.com\/wp-content\/uploads\/2023\/01\/ac-gorrion2.jpg","contentUrl":"https:\/\/www.pickchickbymec.com\/wp-content\/uploads\/2023\/01\/ac-gorrion2.jpg","width":2000,"height":2000},{"@type":"BreadcrumbList","@id":"https:\/\/www.pickchickbymec.com\/producto\/llavero-acrilico-gorrion\/#breadcrumb","itemListElement":[{"@type":"ListItem","position":1,"name":"Portada","item":"https:\/\/www.pickchickbymec.com\/"},{"@type":"ListItem","position":2,"name":"Tienda","item":"https:\/\/www.pickchickbymec.com\/tienda\/"},{"@type":"ListItem","position":3,"name":"Llavero acr\u00edlico Gorri\u00f3n (passer domesticus)"}]},{"@type":"WebSite","@id":"https:\/\/www.pickchickbymec.com\/#website","url":"https:\/\/www.pickchickbymec.com\/","name":"Pick-Chick by Mec","description":"kawaii illustrator and artisan","publisher":{"@id":"https:\/\/www.pickchickbymec.com\/#\/schema\/person\/189a1cea9c7f6704595062aabbbb38fe"},"potentialAction":[{"@type":"SearchAction","target":{"@type":"EntryPoint","urlTemplate":"https:\/\/www.pickchickbymec.com\/?s={search_term_string}"},"query-input":{"@type":"PropertyValueSpecification","valueRequired":true,"valueName":"search_term_string"}}],"inLanguage":"en-GB"},{"@type":["Person","Organization"],"@id":"https:\/\/www.pickchickbymec.com\/#\/schema\/person\/189a1cea9c7f6704595062aabbbb38fe","name":"pickchickbymec","image":{"@type":"ImageObject","inLanguage":"en-GB","@id":"https:\/\/secure.gravatar.com\/avatar\/0c13b11690ce1ad38e031b40cac436947d766b2585e3e81250e6cf60b0a3b61f?s=96&d=mm&r=g","url":"https:\/\/secure.gravatar.com\/avatar\/0c13b11690ce1ad38e031b40cac436947d766b2585e3e81250e6cf60b0a3b61f?s=96&d=mm&r=g","contentUrl":"https:\/\/secure.gravatar.com\/avatar\/0c13b11690ce1ad38e031b40cac436947d766b2585e3e81250e6cf60b0a3b61f?s=96&d=mm&r=g","caption":"pickchickbymec"},"logo":{"@id":"https:\/\/secure.gravatar.com\/avatar\/0c13b11690ce1ad38e031b40cac436947d766b2585e3e81250e6cf60b0a3b61f?s=96&d=mm&r=g"}}]}},"jetpack-related-posts":[],"jetpack_sharing_enabled":true,"_links":{"self":[{"href":"https:\/\/www.pickchickbymec.com\/en\/wp-json\/wp\/v2\/product\/5541","targetHints":{"allow":["GET"]}}],"collection":[{"href":"https:\/\/www.pickchickbymec.com\/en\/wp-json\/wp\/v2\/product"}],"about":[{"href":"https:\/\/www.pickchickbymec.com\/en\/wp-json\/wp\/v2\/types\/product"}],"replies":[{"embeddable":true,"href":"https:\/\/www.pickchickbymec.com\/en\/wp-json\/wp\/v2\/comments?post=5541"}],"wp:featuredmedia":[{"embeddable":true,"href":"https:\/\/www.pickchickbymec.com\/en\/wp-json\/wp\/v2\/media\/6784"}],"wp:attachment":[{"href":"https:\/\/www.pickchickbymec.com\/en\/wp-json\/wp\/v2\/media?parent=5541"}],"wp:term":[{"taxonomy":"product_brand","embeddable":true,"href":"https:\/\/www.pickchickbymec.com\/en\/wp-json\/wp\/v2\/product_brand?post=5541"},{"taxonomy":"product_cat","embeddable":true,"href":"https:\/\/www.pickchickbymec.com\/en\/wp-json\/wp\/v2\/product_cat?post=5541"},{"taxonomy":"product_tag","embeddable":true,"href":"https:\/\/www.pickchickbymec.com\/en\/wp-json\/wp\/v2\/product_tag?post=5541"}],"curies":[{"name":"wp","href":"https:\/\/api.w.org\/{rel}","templated":true}]}}