{"id":5726,"date":"2023-02-22T19:02:40","date_gmt":"2023-02-22T18:02:40","guid":{"rendered":"https:\/\/www.pickchickbymec.com\/?post_type=product&#038;p=5726"},"modified":"2026-04-13T07:16:16","modified_gmt":"2026-04-13T05:16:16","slug":"cojines-starter-paldea","status":"publish","type":"product","link":"https:\/\/www.pickchickbymec.com\/en\/product\/cojines-starter-paldea\/","title":{"rendered":"Coj\u00edn Pok\u00e9mon starter Paldea (varios modelos disponibles)"},"content":{"rendered":"<p>Coj\u00edn decorativo de estilo kawaii inspirados en los Pok\u00e9mon starter de la regi\u00f3n de Paldea Fuecoco, Sprigatito y Quaxly. La novena entrega de la saga Pok\u00e9mon nos deja con un mont\u00f3n de criaturas nuevas, y como siempre nos toca escoger compa\u00f1ero de aventuras entre los tres iniciales que nos ofrecen. Estos cojines de estilo adorable y achuchable representan a Fuecoco, Sprigatito y Quaxly, nuestros primeros pok\u00e9mon en la regi\u00f3n de Paldea. \u00bfA qui\u00e9n elegiste t\u00fa? \u00bfConseguiste hacerte con todos? Si adem\u00e1s de por el mapa de la regi\u00f3n quieres que tu peque\u00f1o te acompa\u00f1e tambi\u00e9n en la vida real no dudes en hacerte con alguno de estos cojines. La parte delantera es de sarga suave con una impresi\u00f3n de gran calidad. La trasera es de tela de pelito de un color a juego con el dise\u00f1o delantero. Escoge entre los tres Pok\u00e9mon para que te hagan compa\u00f1\u00eda y decoren tu habitaci\u00f3n o sal\u00f3n.<\/p>\n<p><strong>Coj\u00edn decorativo Pok\u00e9mon starter Paldea. Especificaciones:<\/strong><\/p>\n<ul>\n<li>Parte delantera hecha con sarga impresa<\/li>\n<li>Parte trasera de tela de peluche suave de color a juego con el dise\u00f1o delantero<\/li>\n<li>Medidas 30 cm aprox<\/li>\n<li>Relleno de fibra<\/li>\n<li>Los distintos modelos se venden por separado<\/li>\n<li>HECHO A MANO<\/li>\n<\/ul>\n<p>Este producto se env\u00eda por correo certificado con n\u00famero de seguimiento.<\/p>\n<p><span style=\"font-weight: 400;\">Echa un vistazo al resto de <a href=\"https:\/\/www.pickchickbymec.com\/en\/product-tag\/pokemon\/\">productos inspirados en Pok\u00e9mon<\/a>\u00a0que hay en mi tienda y ahorra al combinar los env\u00edos pidiendo m\u00e1s de un producto. <\/span><\/p>\n<p><span style=\"font-weight: 400;\">Si quieres enterarte de todas las novedades y ver fotos del proceso de los nuevos productos s\u00edgueme en <a href=\"https:\/\/twitter.com\/pickchickbymec\">Twitter<\/a> e <a href=\"https:\/\/www.instagram.com\/pickchickbymec\/\">Instagram<\/a>.<\/span><\/p>","protected":false},"excerpt":{"rendered":"<p>Cojines decorativos inspirados en los pok\u00e9mon starter de Paldea. Hechos a mano.<\/p>\n<p>Modelos disponibles: Fuecoco, Quaxly y Sprigatito.<\/p>","protected":false},"featured_media":5755,"comment_status":"open","ping_status":"closed","template":"","meta":{"_monsterinsights_skip_tracking":false,"_monsterinsights_sitenote_active":false,"_monsterinsights_sitenote_note":"","_monsterinsights_sitenote_category":0},"product_brand":[],"product_cat":[429],"product_tag":[389,359,325,416],"class_list":{"0":"post-5726","1":"product","2":"type-product","3":"status-publish","4":"has-post-thumbnail","6":"product_cat-textil","7":"product_tag-cojines","8":"product_tag-fanart","9":"product_tag-pokemon","10":"product_tag-videojuegos","11":"product_shipping_class-paqeconomic","13":"first","14":"instock","15":"taxable","16":"shipping-taxable","17":"purchasable","18":"product-type-variable"},"yoast_head":"<!-- This site is optimized with the Yoast SEO plugin v27.4 - https:\/\/yoast.com\/product\/yoast-seo-wordpress\/ -->\n<title>Coj\u00edn Pok\u00e9mon starter de Paldea | Hecho a mano | Pick\u00b7Chick by Mec<\/title>\n<meta name=\"description\" content=\"Coj\u00edn decorativo inspirados en los pok\u00e9mon starter de Paldea, Sprigatito, Quaxly o Fuecoco. Hechos a mano con tela peludita por detr\u00e1s.\" \/>\n<meta name=\"robots\" content=\"index, follow, max-snippet:-1, max-image-preview:large, max-video-preview:-1\" \/>\n<link rel=\"canonical\" href=\"https:\/\/www.pickchickbymec.com\/en\/product\/cojines-starter-paldea\/\" \/>\n<meta property=\"og:locale\" content=\"en_GB\" \/>\n<meta property=\"og:type\" content=\"article\" \/>\n<meta property=\"og:title\" content=\"Coj\u00edn Pok\u00e9mon starter de Paldea | Hecho a mano | Pick\u00b7Chick by Mec\" \/>\n<meta property=\"og:description\" content=\"Coj\u00edn decorativo inspirados en los pok\u00e9mon starter de Paldea, Sprigatito, Quaxly o Fuecoco. Hechos a mano con tela peludita por detr\u00e1s.\" \/>\n<meta property=\"og:url\" content=\"https:\/\/www.pickchickbymec.com\/en\/product\/cojines-starter-paldea\/\" \/>\n<meta property=\"og:site_name\" content=\"Pick\u00b7Chick by Mec\" \/>\n<meta property=\"article:modified_time\" content=\"2026-04-13T05:16:16+00:00\" \/>\n<meta property=\"og:image\" content=\"https:\/\/www.pickchickbymec.com\/wp-content\/uploads\/2023\/02\/paldea7-1.jpg\" \/>\n\t<meta property=\"og:image:width\" content=\"1128\" \/>\n\t<meta property=\"og:image:height\" content=\"1069\" \/>\n\t<meta property=\"og:image:type\" content=\"image\/jpeg\" \/>\n<meta name=\"twitter:card\" content=\"summary_large_image\" \/>\n<meta name=\"twitter:label1\" content=\"Estimated reading time\" \/>\n\t<meta name=\"twitter:data1\" content=\"2 minutes\" \/>\n<script type=\"application\/ld+json\" class=\"yoast-schema-graph\">{\"@context\":\"https:\\\/\\\/schema.org\",\"@graph\":[{\"@type\":\"WebPage\",\"@id\":\"https:\\\/\\\/www.pickchickbymec.com\\\/producto\\\/cojines-starter-paldea\\\/\",\"url\":\"https:\\\/\\\/www.pickchickbymec.com\\\/producto\\\/cojines-starter-paldea\\\/\",\"name\":\"Coj\u00edn Pok\u00e9mon starter de Paldea | Hecho a mano | Pick\u00b7Chick by Mec\",\"isPartOf\":{\"@id\":\"https:\\\/\\\/www.pickchickbymec.com\\\/#website\"},\"primaryImageOfPage\":{\"@id\":\"https:\\\/\\\/www.pickchickbymec.com\\\/producto\\\/cojines-starter-paldea\\\/#primaryimage\"},\"image\":{\"@id\":\"https:\\\/\\\/www.pickchickbymec.com\\\/producto\\\/cojines-starter-paldea\\\/#primaryimage\"},\"thumbnailUrl\":\"https:\\\/\\\/www.pickchickbymec.com\\\/wp-content\\\/uploads\\\/2023\\\/02\\\/paldea7-1.jpg\",\"datePublished\":\"2023-02-22T18:02:40+00:00\",\"dateModified\":\"2026-04-13T05:16:16+00:00\",\"description\":\"Coj\u00edn decorativo inspirados en los pok\u00e9mon starter de Paldea, Sprigatito, Quaxly o Fuecoco. Hechos a mano con tela peludita por detr\u00e1s.\",\"breadcrumb\":{\"@id\":\"https:\\\/\\\/www.pickchickbymec.com\\\/producto\\\/cojines-starter-paldea\\\/#breadcrumb\"},\"inLanguage\":\"en-GB\",\"potentialAction\":[{\"@type\":\"ReadAction\",\"target\":[\"https:\\\/\\\/www.pickchickbymec.com\\\/producto\\\/cojines-starter-paldea\\\/\"]}]},{\"@type\":\"ImageObject\",\"inLanguage\":\"en-GB\",\"@id\":\"https:\\\/\\\/www.pickchickbymec.com\\\/producto\\\/cojines-starter-paldea\\\/#primaryimage\",\"url\":\"https:\\\/\\\/www.pickchickbymec.com\\\/wp-content\\\/uploads\\\/2023\\\/02\\\/paldea7-1.jpg\",\"contentUrl\":\"https:\\\/\\\/www.pickchickbymec.com\\\/wp-content\\\/uploads\\\/2023\\\/02\\\/paldea7-1.jpg\",\"width\":1128,\"height\":1069,\"caption\":\"paldea starters pokemon kawaii pillow\"},{\"@type\":\"BreadcrumbList\",\"@id\":\"https:\\\/\\\/www.pickchickbymec.com\\\/producto\\\/cojines-starter-paldea\\\/#breadcrumb\",\"itemListElement\":[{\"@type\":\"ListItem\",\"position\":1,\"name\":\"Portada\",\"item\":\"https:\\\/\\\/www.pickchickbymec.com\\\/\"},{\"@type\":\"ListItem\",\"position\":2,\"name\":\"Tienda\",\"item\":\"https:\\\/\\\/www.pickchickbymec.com\\\/tienda\\\/\"},{\"@type\":\"ListItem\",\"position\":3,\"name\":\"Coj\u00edn Pok\u00e9mon starter Paldea (varios modelos disponibles)\"}]},{\"@type\":\"WebSite\",\"@id\":\"https:\\\/\\\/www.pickchickbymec.com\\\/#website\",\"url\":\"https:\\\/\\\/www.pickchickbymec.com\\\/\",\"name\":\"Pick\u00b7Chick by Mec\",\"description\":\"kawaii illustrator and artisan\",\"publisher\":{\"@id\":\"https:\\\/\\\/www.pickchickbymec.com\\\/#\\\/schema\\\/person\\\/189a1cea9c7f6704595062aabbbb38fe\"},\"potentialAction\":[{\"@type\":\"SearchAction\",\"target\":{\"@type\":\"EntryPoint\",\"urlTemplate\":\"https:\\\/\\\/www.pickchickbymec.com\\\/?s={search_term_string}\"},\"query-input\":{\"@type\":\"PropertyValueSpecification\",\"valueRequired\":true,\"valueName\":\"search_term_string\"}}],\"inLanguage\":\"en-GB\"},{\"@type\":[\"Person\",\"Organization\"],\"@id\":\"https:\\\/\\\/www.pickchickbymec.com\\\/#\\\/schema\\\/person\\\/189a1cea9c7f6704595062aabbbb38fe\",\"name\":\"pickchickbymec\",\"image\":{\"@type\":\"ImageObject\",\"inLanguage\":\"en-GB\",\"@id\":\"https:\\\/\\\/secure.gravatar.com\\\/avatar\\\/0c13b11690ce1ad38e031b40cac436947d766b2585e3e81250e6cf60b0a3b61f?s=96&d=mm&r=g\",\"url\":\"https:\\\/\\\/secure.gravatar.com\\\/avatar\\\/0c13b11690ce1ad38e031b40cac436947d766b2585e3e81250e6cf60b0a3b61f?s=96&d=mm&r=g\",\"contentUrl\":\"https:\\\/\\\/secure.gravatar.com\\\/avatar\\\/0c13b11690ce1ad38e031b40cac436947d766b2585e3e81250e6cf60b0a3b61f?s=96&d=mm&r=g\",\"caption\":\"pickchickbymec\"},\"logo\":{\"@id\":\"https:\\\/\\\/secure.gravatar.com\\\/avatar\\\/0c13b11690ce1ad38e031b40cac436947d766b2585e3e81250e6cf60b0a3b61f?s=96&d=mm&r=g\"}}]}<\/script>\n<!-- \/ Yoast SEO plugin. -->","yoast_head_json":{"title":"Coj\u00edn Pok\u00e9mon starter de Paldea | Hecho a mano | Pick\u00b7Chick by Mec","description":"Coj\u00edn decorativo inspirados en los pok\u00e9mon starter de Paldea, Sprigatito, Quaxly o Fuecoco. Hechos a mano con tela peludita por detr\u00e1s.","robots":{"index":"index","follow":"follow","max-snippet":"max-snippet:-1","max-image-preview":"max-image-preview:large","max-video-preview":"max-video-preview:-1"},"canonical":"https:\/\/www.pickchickbymec.com\/en\/product\/cojines-starter-paldea\/","og_locale":"en_GB","og_type":"article","og_title":"Coj\u00edn Pok\u00e9mon starter de Paldea | Hecho a mano | Pick\u00b7Chick by Mec","og_description":"Coj\u00edn decorativo inspirados en los pok\u00e9mon starter de Paldea, Sprigatito, Quaxly o Fuecoco. Hechos a mano con tela peludita por detr\u00e1s.","og_url":"https:\/\/www.pickchickbymec.com\/en\/product\/cojines-starter-paldea\/","og_site_name":"Pick\u00b7Chick by Mec","article_modified_time":"2026-04-13T05:16:16+00:00","og_image":[{"width":1128,"height":1069,"url":"https:\/\/www.pickchickbymec.com\/wp-content\/uploads\/2023\/02\/paldea7-1.jpg","type":"image\/jpeg"}],"twitter_card":"summary_large_image","twitter_misc":{"Estimated reading time":"2 minutes"},"schema":{"@context":"https:\/\/schema.org","@graph":[{"@type":"WebPage","@id":"https:\/\/www.pickchickbymec.com\/producto\/cojines-starter-paldea\/","url":"https:\/\/www.pickchickbymec.com\/producto\/cojines-starter-paldea\/","name":"Coj\u00edn Pok\u00e9mon starter de Paldea | Hecho a mano | Pick\u00b7Chick by Mec","isPartOf":{"@id":"https:\/\/www.pickchickbymec.com\/#website"},"primaryImageOfPage":{"@id":"https:\/\/www.pickchickbymec.com\/producto\/cojines-starter-paldea\/#primaryimage"},"image":{"@id":"https:\/\/www.pickchickbymec.com\/producto\/cojines-starter-paldea\/#primaryimage"},"thumbnailUrl":"https:\/\/www.pickchickbymec.com\/wp-content\/uploads\/2023\/02\/paldea7-1.jpg","datePublished":"2023-02-22T18:02:40+00:00","dateModified":"2026-04-13T05:16:16+00:00","description":"Coj\u00edn decorativo inspirados en los pok\u00e9mon starter de Paldea, Sprigatito, Quaxly o Fuecoco. Hechos a mano con tela peludita por detr\u00e1s.","breadcrumb":{"@id":"https:\/\/www.pickchickbymec.com\/producto\/cojines-starter-paldea\/#breadcrumb"},"inLanguage":"en-GB","potentialAction":[{"@type":"ReadAction","target":["https:\/\/www.pickchickbymec.com\/producto\/cojines-starter-paldea\/"]}]},{"@type":"ImageObject","inLanguage":"en-GB","@id":"https:\/\/www.pickchickbymec.com\/producto\/cojines-starter-paldea\/#primaryimage","url":"https:\/\/www.pickchickbymec.com\/wp-content\/uploads\/2023\/02\/paldea7-1.jpg","contentUrl":"https:\/\/www.pickchickbymec.com\/wp-content\/uploads\/2023\/02\/paldea7-1.jpg","width":1128,"height":1069,"caption":"paldea starters pokemon kawaii pillow"},{"@type":"BreadcrumbList","@id":"https:\/\/www.pickchickbymec.com\/producto\/cojines-starter-paldea\/#breadcrumb","itemListElement":[{"@type":"ListItem","position":1,"name":"Portada","item":"https:\/\/www.pickchickbymec.com\/"},{"@type":"ListItem","position":2,"name":"Tienda","item":"https:\/\/www.pickchickbymec.com\/tienda\/"},{"@type":"ListItem","position":3,"name":"Coj\u00edn Pok\u00e9mon starter Paldea (varios modelos disponibles)"}]},{"@type":"WebSite","@id":"https:\/\/www.pickchickbymec.com\/#website","url":"https:\/\/www.pickchickbymec.com\/","name":"Pick-Chick by Mec","description":"kawaii illustrator and artisan","publisher":{"@id":"https:\/\/www.pickchickbymec.com\/#\/schema\/person\/189a1cea9c7f6704595062aabbbb38fe"},"potentialAction":[{"@type":"SearchAction","target":{"@type":"EntryPoint","urlTemplate":"https:\/\/www.pickchickbymec.com\/?s={search_term_string}"},"query-input":{"@type":"PropertyValueSpecification","valueRequired":true,"valueName":"search_term_string"}}],"inLanguage":"en-GB"},{"@type":["Person","Organization"],"@id":"https:\/\/www.pickchickbymec.com\/#\/schema\/person\/189a1cea9c7f6704595062aabbbb38fe","name":"pickchickbymec","image":{"@type":"ImageObject","inLanguage":"en-GB","@id":"https:\/\/secure.gravatar.com\/avatar\/0c13b11690ce1ad38e031b40cac436947d766b2585e3e81250e6cf60b0a3b61f?s=96&d=mm&r=g","url":"https:\/\/secure.gravatar.com\/avatar\/0c13b11690ce1ad38e031b40cac436947d766b2585e3e81250e6cf60b0a3b61f?s=96&d=mm&r=g","contentUrl":"https:\/\/secure.gravatar.com\/avatar\/0c13b11690ce1ad38e031b40cac436947d766b2585e3e81250e6cf60b0a3b61f?s=96&d=mm&r=g","caption":"pickchickbymec"},"logo":{"@id":"https:\/\/secure.gravatar.com\/avatar\/0c13b11690ce1ad38e031b40cac436947d766b2585e3e81250e6cf60b0a3b61f?s=96&d=mm&r=g"}}]}},"jetpack-related-posts":[],"jetpack_sharing_enabled":true,"_links":{"self":[{"href":"https:\/\/www.pickchickbymec.com\/en\/wp-json\/wp\/v2\/product\/5726","targetHints":{"allow":["GET"]}}],"collection":[{"href":"https:\/\/www.pickchickbymec.com\/en\/wp-json\/wp\/v2\/product"}],"about":[{"href":"https:\/\/www.pickchickbymec.com\/en\/wp-json\/wp\/v2\/types\/product"}],"replies":[{"embeddable":true,"href":"https:\/\/www.pickchickbymec.com\/en\/wp-json\/wp\/v2\/comments?post=5726"}],"wp:featuredmedia":[{"embeddable":true,"href":"https:\/\/www.pickchickbymec.com\/en\/wp-json\/wp\/v2\/media\/5755"}],"wp:attachment":[{"href":"https:\/\/www.pickchickbymec.com\/en\/wp-json\/wp\/v2\/media?parent=5726"}],"wp:term":[{"taxonomy":"product_brand","embeddable":true,"href":"https:\/\/www.pickchickbymec.com\/en\/wp-json\/wp\/v2\/product_brand?post=5726"},{"taxonomy":"product_cat","embeddable":true,"href":"https:\/\/www.pickchickbymec.com\/en\/wp-json\/wp\/v2\/product_cat?post=5726"},{"taxonomy":"product_tag","embeddable":true,"href":"https:\/\/www.pickchickbymec.com\/en\/wp-json\/wp\/v2\/product_tag?post=5726"}],"curies":[{"name":"wp","href":"https:\/\/api.w.org\/{rel}","templated":true}]}}