{"id":5751,"date":"2023-02-22T19:20:27","date_gmt":"2023-02-22T18:20:27","guid":{"rendered":"https:\/\/www.pickchickbymec.com\/?post_type=product&#038;p=5751"},"modified":"2025-12-29T17:31:30","modified_gmt":"2025-12-29T16:31:30","slug":"cojin-hooty-the-owl-house","status":"publish","type":"product","link":"https:\/\/www.pickchickbymec.com\/en\/product\/cojin-hooty-the-owl-house\/","title":{"rendered":"Coj\u00edn Hooty (The Owl House)"},"content":{"rendered":"<p>Coj\u00edn decorativo de estilo kawaii lindo y achuchable, inspirado en Hooty, de la serie de animaci\u00f3n The Owl House. Este coj\u00edn est\u00e1 completamente cosido a mano, y el dise\u00f1o muestra a nuestro querido Hooty en su versi\u00f3n port\u00e1til (en la mochila-casita) y con una expresi\u00f3n que transmite todo el buen rollete y el humor que caracteriza al personaje. Se trata de una ilustraci\u00f3n en tonos c\u00e1lidos con la parte de detr\u00e1s hecha con tela peludita suave de color naranja. Si eres fan de la serie y quieres darle un toque cozy, adorable y alegre a tu habitaci\u00f3n o sal\u00f3n no dudes en hacerte con este peque\u00f1ajo.<\/p>\n<p><strong>Coj\u00edn decorativo Hooty, de The Owl House. Especificaciones:<\/strong><\/p>\n<ul>\n<li>Parte delantera hecha con loneta impresa<\/li>\n<li>Parte trasera de tela de peluche suave de color a juego con el dise\u00f1o delantero<\/li>\n<li>Medidas 30 cm aprox<\/li>\n<li>Relleno de fibra<\/li>\n<li>HECHO A MANO<\/li>\n<\/ul>\n<p>Este producto se env\u00eda por correo certificado con n\u00famero de seguimiento.<\/p>\n<p><span style=\"font-weight: 400;\">Echa un vistazo al resto de <a href=\"https:\/\/www.pickchickbymec.com\/en\/product-tag\/the-owl-house\/\">productos inspirados en The Owl House<\/a>\u00a0que hay en mi tienda y ahorra al combinar los env\u00edos pidiendo m\u00e1s de un producto. <\/span><\/p>\n<p><span style=\"font-weight: 400;\">Si quieres enterarte de todas las novedades y ver fotos del proceso de los nuevos productos s\u00edgueme en <a href=\"https:\/\/twitter.com\/pickchickbymec\">Twitter<\/a> e <a href=\"https:\/\/www.instagram.com\/pickchickbymec\/\">Instagram<\/a>.<\/span><\/p>","protected":false},"excerpt":{"rendered":"<p>Cojines decorativos hechos a mano con trasera de tela de peluche.<\/p>\n<p>Modelo inspirado en Hooty, de The owl house.<\/p>","protected":false},"featured_media":5752,"comment_status":"open","ping_status":"closed","template":"","meta":{"_monsterinsights_skip_tracking":false,"_monsterinsights_sitenote_active":false,"_monsterinsights_sitenote_note":"","_monsterinsights_sitenote_category":0},"product_brand":[],"product_cat":[429],"product_tag":[389,359,539,414],"class_list":{"0":"post-5751","1":"product","2":"type-product","3":"status-publish","4":"has-post-thumbnail","6":"product_cat-textil","7":"product_tag-cojines","8":"product_tag-fanart","9":"product_tag-series-y-pelis","10":"product_tag-the-owl-house","11":"product_shipping_class-paqeconomic","13":"first","14":"instock","15":"taxable","16":"shipping-taxable","17":"purchasable","18":"product-type-simple"},"yoast_head":"<!-- This site is optimized with the Yoast SEO plugin v27.4 - https:\/\/yoast.com\/product\/yoast-seo-wordpress\/ -->\n<title>Coj\u00edn Hooty (The Owl House) | Pick\u00b7Chick by Mec<\/title>\n<meta name=\"description\" content=\"Coj\u00edn hecho a mano con ilustraci\u00f3n inspirada en Hooty en modo port\u00e1til, de la serie de animaci\u00f3n The Owl House. Parte trasera de tela peludita.\" \/>\n<meta name=\"robots\" content=\"index, follow, max-snippet:-1, max-image-preview:large, max-video-preview:-1\" \/>\n<link rel=\"canonical\" href=\"https:\/\/www.pickchickbymec.com\/en\/product\/cojin-hooty-the-owl-house\/\" \/>\n<meta property=\"og:locale\" content=\"en_GB\" \/>\n<meta property=\"og:type\" content=\"article\" \/>\n<meta property=\"og:title\" content=\"Coj\u00edn Hooty (The Owl House) | Pick\u00b7Chick by Mec\" \/>\n<meta property=\"og:description\" content=\"Coj\u00edn hecho a mano con ilustraci\u00f3n inspirada en Hooty en modo port\u00e1til, de la serie de animaci\u00f3n The Owl House. Parte trasera de tela peludita.\" \/>\n<meta property=\"og:url\" content=\"https:\/\/www.pickchickbymec.com\/en\/product\/cojin-hooty-the-owl-house\/\" \/>\n<meta property=\"og:site_name\" content=\"Pick\u00b7Chick by Mec\" \/>\n<meta property=\"article:modified_time\" content=\"2025-12-29T16:31:30+00:00\" \/>\n<meta property=\"og:image\" content=\"https:\/\/www.pickchickbymec.com\/wp-content\/uploads\/2023\/02\/hooty1.jpg\" \/>\n\t<meta property=\"og:image:width\" content=\"1128\" \/>\n\t<meta property=\"og:image:height\" content=\"1069\" \/>\n\t<meta property=\"og:image:type\" content=\"image\/jpeg\" \/>\n<meta name=\"twitter:card\" content=\"summary_large_image\" \/>\n<meta name=\"twitter:label1\" content=\"Estimated reading time\" \/>\n\t<meta name=\"twitter:data1\" content=\"2 minutes\" \/>\n<script type=\"application\/ld+json\" class=\"yoast-schema-graph\">{\"@context\":\"https:\\\/\\\/schema.org\",\"@graph\":[{\"@type\":\"WebPage\",\"@id\":\"https:\\\/\\\/www.pickchickbymec.com\\\/producto\\\/cojin-hooty-the-owl-house\\\/\",\"url\":\"https:\\\/\\\/www.pickchickbymec.com\\\/producto\\\/cojin-hooty-the-owl-house\\\/\",\"name\":\"Coj\u00edn Hooty (The Owl House) | Pick\u00b7Chick by Mec\",\"isPartOf\":{\"@id\":\"https:\\\/\\\/www.pickchickbymec.com\\\/#website\"},\"primaryImageOfPage\":{\"@id\":\"https:\\\/\\\/www.pickchickbymec.com\\\/producto\\\/cojin-hooty-the-owl-house\\\/#primaryimage\"},\"image\":{\"@id\":\"https:\\\/\\\/www.pickchickbymec.com\\\/producto\\\/cojin-hooty-the-owl-house\\\/#primaryimage\"},\"thumbnailUrl\":\"https:\\\/\\\/www.pickchickbymec.com\\\/wp-content\\\/uploads\\\/2023\\\/02\\\/hooty1.jpg\",\"datePublished\":\"2023-02-22T18:20:27+00:00\",\"dateModified\":\"2025-12-29T16:31:30+00:00\",\"description\":\"Coj\u00edn hecho a mano con ilustraci\u00f3n inspirada en Hooty en modo port\u00e1til, de la serie de animaci\u00f3n The Owl House. Parte trasera de tela peludita.\",\"breadcrumb\":{\"@id\":\"https:\\\/\\\/www.pickchickbymec.com\\\/producto\\\/cojin-hooty-the-owl-house\\\/#breadcrumb\"},\"inLanguage\":\"en-GB\",\"potentialAction\":[{\"@type\":\"ReadAction\",\"target\":[\"https:\\\/\\\/www.pickchickbymec.com\\\/producto\\\/cojin-hooty-the-owl-house\\\/\"]}]},{\"@type\":\"ImageObject\",\"inLanguage\":\"en-GB\",\"@id\":\"https:\\\/\\\/www.pickchickbymec.com\\\/producto\\\/cojin-hooty-the-owl-house\\\/#primaryimage\",\"url\":\"https:\\\/\\\/www.pickchickbymec.com\\\/wp-content\\\/uploads\\\/2023\\\/02\\\/hooty1.jpg\",\"contentUrl\":\"https:\\\/\\\/www.pickchickbymec.com\\\/wp-content\\\/uploads\\\/2023\\\/02\\\/hooty1.jpg\",\"width\":1128,\"height\":1069,\"caption\":\"pillow hooty the owl house\"},{\"@type\":\"BreadcrumbList\",\"@id\":\"https:\\\/\\\/www.pickchickbymec.com\\\/producto\\\/cojin-hooty-the-owl-house\\\/#breadcrumb\",\"itemListElement\":[{\"@type\":\"ListItem\",\"position\":1,\"name\":\"Portada\",\"item\":\"https:\\\/\\\/www.pickchickbymec.com\\\/\"},{\"@type\":\"ListItem\",\"position\":2,\"name\":\"Tienda\",\"item\":\"https:\\\/\\\/www.pickchickbymec.com\\\/tienda\\\/\"},{\"@type\":\"ListItem\",\"position\":3,\"name\":\"Coj\u00edn Hooty (The Owl House)\"}]},{\"@type\":\"WebSite\",\"@id\":\"https:\\\/\\\/www.pickchickbymec.com\\\/#website\",\"url\":\"https:\\\/\\\/www.pickchickbymec.com\\\/\",\"name\":\"Pick\u00b7Chick by Mec\",\"description\":\"kawaii illustrator and artisan\",\"publisher\":{\"@id\":\"https:\\\/\\\/www.pickchickbymec.com\\\/#\\\/schema\\\/person\\\/189a1cea9c7f6704595062aabbbb38fe\"},\"potentialAction\":[{\"@type\":\"SearchAction\",\"target\":{\"@type\":\"EntryPoint\",\"urlTemplate\":\"https:\\\/\\\/www.pickchickbymec.com\\\/?s={search_term_string}\"},\"query-input\":{\"@type\":\"PropertyValueSpecification\",\"valueRequired\":true,\"valueName\":\"search_term_string\"}}],\"inLanguage\":\"en-GB\"},{\"@type\":[\"Person\",\"Organization\"],\"@id\":\"https:\\\/\\\/www.pickchickbymec.com\\\/#\\\/schema\\\/person\\\/189a1cea9c7f6704595062aabbbb38fe\",\"name\":\"pickchickbymec\",\"image\":{\"@type\":\"ImageObject\",\"inLanguage\":\"en-GB\",\"@id\":\"https:\\\/\\\/secure.gravatar.com\\\/avatar\\\/0c13b11690ce1ad38e031b40cac436947d766b2585e3e81250e6cf60b0a3b61f?s=96&d=mm&r=g\",\"url\":\"https:\\\/\\\/secure.gravatar.com\\\/avatar\\\/0c13b11690ce1ad38e031b40cac436947d766b2585e3e81250e6cf60b0a3b61f?s=96&d=mm&r=g\",\"contentUrl\":\"https:\\\/\\\/secure.gravatar.com\\\/avatar\\\/0c13b11690ce1ad38e031b40cac436947d766b2585e3e81250e6cf60b0a3b61f?s=96&d=mm&r=g\",\"caption\":\"pickchickbymec\"},\"logo\":{\"@id\":\"https:\\\/\\\/secure.gravatar.com\\\/avatar\\\/0c13b11690ce1ad38e031b40cac436947d766b2585e3e81250e6cf60b0a3b61f?s=96&d=mm&r=g\"}}]}<\/script>\n<!-- \/ Yoast SEO plugin. -->","yoast_head_json":{"title":"Coj\u00edn Hooty (The Owl House) | Pick\u00b7Chick by Mec","description":"Coj\u00edn hecho a mano con ilustraci\u00f3n inspirada en Hooty en modo port\u00e1til, de la serie de animaci\u00f3n The Owl House. Parte trasera de tela peludita.","robots":{"index":"index","follow":"follow","max-snippet":"max-snippet:-1","max-image-preview":"max-image-preview:large","max-video-preview":"max-video-preview:-1"},"canonical":"https:\/\/www.pickchickbymec.com\/en\/product\/cojin-hooty-the-owl-house\/","og_locale":"en_GB","og_type":"article","og_title":"Coj\u00edn Hooty (The Owl House) | Pick\u00b7Chick by Mec","og_description":"Coj\u00edn hecho a mano con ilustraci\u00f3n inspirada en Hooty en modo port\u00e1til, de la serie de animaci\u00f3n The Owl House. Parte trasera de tela peludita.","og_url":"https:\/\/www.pickchickbymec.com\/en\/product\/cojin-hooty-the-owl-house\/","og_site_name":"Pick\u00b7Chick by Mec","article_modified_time":"2025-12-29T16:31:30+00:00","og_image":[{"width":1128,"height":1069,"url":"https:\/\/www.pickchickbymec.com\/wp-content\/uploads\/2023\/02\/hooty1.jpg","type":"image\/jpeg"}],"twitter_card":"summary_large_image","twitter_misc":{"Estimated reading time":"2 minutes"},"schema":{"@context":"https:\/\/schema.org","@graph":[{"@type":"WebPage","@id":"https:\/\/www.pickchickbymec.com\/producto\/cojin-hooty-the-owl-house\/","url":"https:\/\/www.pickchickbymec.com\/producto\/cojin-hooty-the-owl-house\/","name":"Coj\u00edn Hooty (The Owl House) | Pick\u00b7Chick by Mec","isPartOf":{"@id":"https:\/\/www.pickchickbymec.com\/#website"},"primaryImageOfPage":{"@id":"https:\/\/www.pickchickbymec.com\/producto\/cojin-hooty-the-owl-house\/#primaryimage"},"image":{"@id":"https:\/\/www.pickchickbymec.com\/producto\/cojin-hooty-the-owl-house\/#primaryimage"},"thumbnailUrl":"https:\/\/www.pickchickbymec.com\/wp-content\/uploads\/2023\/02\/hooty1.jpg","datePublished":"2023-02-22T18:20:27+00:00","dateModified":"2025-12-29T16:31:30+00:00","description":"Coj\u00edn hecho a mano con ilustraci\u00f3n inspirada en Hooty en modo port\u00e1til, de la serie de animaci\u00f3n The Owl House. Parte trasera de tela peludita.","breadcrumb":{"@id":"https:\/\/www.pickchickbymec.com\/producto\/cojin-hooty-the-owl-house\/#breadcrumb"},"inLanguage":"en-GB","potentialAction":[{"@type":"ReadAction","target":["https:\/\/www.pickchickbymec.com\/producto\/cojin-hooty-the-owl-house\/"]}]},{"@type":"ImageObject","inLanguage":"en-GB","@id":"https:\/\/www.pickchickbymec.com\/producto\/cojin-hooty-the-owl-house\/#primaryimage","url":"https:\/\/www.pickchickbymec.com\/wp-content\/uploads\/2023\/02\/hooty1.jpg","contentUrl":"https:\/\/www.pickchickbymec.com\/wp-content\/uploads\/2023\/02\/hooty1.jpg","width":1128,"height":1069,"caption":"pillow hooty the owl house"},{"@type":"BreadcrumbList","@id":"https:\/\/www.pickchickbymec.com\/producto\/cojin-hooty-the-owl-house\/#breadcrumb","itemListElement":[{"@type":"ListItem","position":1,"name":"Portada","item":"https:\/\/www.pickchickbymec.com\/"},{"@type":"ListItem","position":2,"name":"Tienda","item":"https:\/\/www.pickchickbymec.com\/tienda\/"},{"@type":"ListItem","position":3,"name":"Coj\u00edn Hooty (The Owl House)"}]},{"@type":"WebSite","@id":"https:\/\/www.pickchickbymec.com\/#website","url":"https:\/\/www.pickchickbymec.com\/","name":"Pick-Chick by Mec","description":"kawaii illustrator and artisan","publisher":{"@id":"https:\/\/www.pickchickbymec.com\/#\/schema\/person\/189a1cea9c7f6704595062aabbbb38fe"},"potentialAction":[{"@type":"SearchAction","target":{"@type":"EntryPoint","urlTemplate":"https:\/\/www.pickchickbymec.com\/?s={search_term_string}"},"query-input":{"@type":"PropertyValueSpecification","valueRequired":true,"valueName":"search_term_string"}}],"inLanguage":"en-GB"},{"@type":["Person","Organization"],"@id":"https:\/\/www.pickchickbymec.com\/#\/schema\/person\/189a1cea9c7f6704595062aabbbb38fe","name":"pickchickbymec","image":{"@type":"ImageObject","inLanguage":"en-GB","@id":"https:\/\/secure.gravatar.com\/avatar\/0c13b11690ce1ad38e031b40cac436947d766b2585e3e81250e6cf60b0a3b61f?s=96&d=mm&r=g","url":"https:\/\/secure.gravatar.com\/avatar\/0c13b11690ce1ad38e031b40cac436947d766b2585e3e81250e6cf60b0a3b61f?s=96&d=mm&r=g","contentUrl":"https:\/\/secure.gravatar.com\/avatar\/0c13b11690ce1ad38e031b40cac436947d766b2585e3e81250e6cf60b0a3b61f?s=96&d=mm&r=g","caption":"pickchickbymec"},"logo":{"@id":"https:\/\/secure.gravatar.com\/avatar\/0c13b11690ce1ad38e031b40cac436947d766b2585e3e81250e6cf60b0a3b61f?s=96&d=mm&r=g"}}]}},"jetpack-related-posts":[],"jetpack_sharing_enabled":true,"_links":{"self":[{"href":"https:\/\/www.pickchickbymec.com\/en\/wp-json\/wp\/v2\/product\/5751","targetHints":{"allow":["GET"]}}],"collection":[{"href":"https:\/\/www.pickchickbymec.com\/en\/wp-json\/wp\/v2\/product"}],"about":[{"href":"https:\/\/www.pickchickbymec.com\/en\/wp-json\/wp\/v2\/types\/product"}],"replies":[{"embeddable":true,"href":"https:\/\/www.pickchickbymec.com\/en\/wp-json\/wp\/v2\/comments?post=5751"}],"wp:featuredmedia":[{"embeddable":true,"href":"https:\/\/www.pickchickbymec.com\/en\/wp-json\/wp\/v2\/media\/5752"}],"wp:attachment":[{"href":"https:\/\/www.pickchickbymec.com\/en\/wp-json\/wp\/v2\/media?parent=5751"}],"wp:term":[{"taxonomy":"product_brand","embeddable":true,"href":"https:\/\/www.pickchickbymec.com\/en\/wp-json\/wp\/v2\/product_brand?post=5751"},{"taxonomy":"product_cat","embeddable":true,"href":"https:\/\/www.pickchickbymec.com\/en\/wp-json\/wp\/v2\/product_cat?post=5751"},{"taxonomy":"product_tag","embeddable":true,"href":"https:\/\/www.pickchickbymec.com\/en\/wp-json\/wp\/v2\/product_tag?post=5751"}],"curies":[{"name":"wp","href":"https:\/\/api.w.org\/{rel}","templated":true}]}}