{"id":5820,"date":"2023-02-23T14:29:57","date_gmt":"2023-02-23T13:29:57","guid":{"rendered":"https:\/\/www.pickchickbymec.com\/?post_type=product&#038;p=5820"},"modified":"2025-12-29T17:30:31","modified_gmt":"2025-12-29T16:30:31","slug":"monedero-pajaritos","status":"publish","type":"product","link":"https:\/\/www.pickchickbymec.com\/en\/product\/monedero-pajaritos\/","title":{"rendered":"Monedero de tela Pajaritos (hecho a mano)"},"content":{"rendered":"<p>Monedero de estilo kawaii cosido completamente a mano y con un dise\u00f1o inspirado en varios pajaritos urbanos. Todas las ilustraciones del estampado pertenecen al fanzine<em><a href=\"https:\/\/www.pickchickbymec.com\/en\/product\/fanzine-que-es-ese-pollo-guia-de-aves-urbanas-espanolas\/\"> \u00bfQu\u00e9 es ese Pollo? Gu\u00eda de aves urbanas espa\u00f1olas<\/a><\/em>, y muestra a varias aves que podemos ver de forma com\u00fan en pueblos y ciudades. Est\u00e1n representadas en estilo kawaii, pero cada especie sigue siendo reconocible (y adorable). El tama\u00f1o de estos monederos es ideal para llevar encima el suelto, apenas abultan y caben las tarjetas y bonos de transporte sin problemas. Est\u00e1 completamente cosido a mano por mi, en tela de sarga gordita, suave y resistente, e impresi\u00f3n de gran calidad, con colores brillantes y contornos bien definidos.<\/p>\n<p><strong>Monedero de tela Pajaritos. Especificaciones:<\/strong><\/p>\n<ul>\n<li>Medidas: 11 x 8 cm<\/li>\n<li>Tela de sarga impresa<\/li>\n<li>Remate en punto zigzag<\/li>\n<li>Cierre de cremallera (el color puede variar, para m\u00e1s informaci\u00f3n consultar por email a <a href=\"mailto:pickchickshop@gmail.com\">pickchickshop@gmail.com<\/a>)<\/li>\n<li>HECHA A MANO<\/li>\n<\/ul>\n<p>Este producto se env\u00eda por correo certificado con n\u00famero de seguimiento.<\/p>\n<p><span style=\"font-weight: 400;\">Echa un vistazo al resto de <a href=\"https:\/\/www.pickchickbymec.com\/en\/product-tag\/pajaros\/\">productos inspirados en aves<\/a> que hay en mi tienda y ahorra al combinar los env\u00edos pidiendo m\u00e1s de un producto. <\/span><\/p>\n<p><span style=\"font-weight: 400;\">Si quieres enterarte de todas las novedades y ver fotos del proceso de los nuevos productos s\u00edgueme en <a href=\"https:\/\/twitter.com\/pickchickbymec\">Twitter<\/a> e <a href=\"https:\/\/www.instagram.com\/pickchickbymec\/\">Instagram<\/a>.<\/span><\/p>","protected":false},"excerpt":{"rendered":"<p>Monedero de tela con cierre de cremallera cosido a mano.<\/p>\n<p>Estampado exclusivo inspirado en pajaritos.<\/p>","protected":false},"featured_media":5826,"comment_status":"open","ping_status":"closed","template":"","meta":{"_monsterinsights_skip_tracking":false,"_monsterinsights_sitenote_active":false,"_monsterinsights_sitenote_note":"","_monsterinsights_sitenote_category":0},"product_brand":[],"product_cat":[429],"product_tag":[361,397],"class_list":{"0":"post-5820","1":"product","2":"type-product","3":"status-publish","4":"has-post-thumbnail","6":"product_cat-textil","7":"product_tag-monedero","8":"product_tag-pajaros","9":"product_shipping_class-b-certificado-ligero","11":"first","12":"instock","13":"taxable","14":"shipping-taxable","15":"purchasable","16":"product-type-simple"},"yoast_head":"<!-- This site is optimized with the Yoast SEO plugin v27.4 - https:\/\/yoast.com\/product\/yoast-seo-wordpress\/ -->\n<title>Monedero de tela Pajaritos (hecho a mano) | Artesan\u00eda - Pick\u00b7Chick by Mec<\/title>\n<meta name=\"description\" content=\"Monedero hecho a mano con cierre de cremallera y con dise\u00f1o exclusivo inspirado en distintos pajaritos de la pen\u00ednsula ib\u00e9rica en estilo kawaii.\" \/>\n<meta name=\"robots\" content=\"index, follow, max-snippet:-1, max-image-preview:large, max-video-preview:-1\" \/>\n<link rel=\"canonical\" href=\"https:\/\/www.pickchickbymec.com\/en\/product\/monedero-pajaritos\/\" \/>\n<meta property=\"og:locale\" content=\"en_GB\" \/>\n<meta property=\"og:type\" content=\"article\" \/>\n<meta property=\"og:title\" content=\"Monedero de tela Pajaritos (hecho a mano) | Artesan\u00eda - Pick\u00b7Chick by Mec\" \/>\n<meta property=\"og:description\" content=\"Monedero hecho a mano con cierre de cremallera y con dise\u00f1o exclusivo inspirado en distintos pajaritos de la pen\u00ednsula ib\u00e9rica en estilo kawaii.\" \/>\n<meta property=\"og:url\" content=\"https:\/\/www.pickchickbymec.com\/en\/product\/monedero-pajaritos\/\" \/>\n<meta property=\"og:site_name\" content=\"Pick\u00b7Chick by Mec\" \/>\n<meta property=\"article:modified_time\" content=\"2025-12-29T16:30:31+00:00\" \/>\n<meta property=\"og:image\" content=\"https:\/\/www.pickchickbymec.com\/wp-content\/uploads\/2023\/02\/pollos2-4.jpg\" \/>\n\t<meta property=\"og:image:width\" content=\"1200\" \/>\n\t<meta property=\"og:image:height\" content=\"929\" \/>\n\t<meta property=\"og:image:type\" content=\"image\/jpeg\" \/>\n<meta name=\"twitter:card\" content=\"summary_large_image\" \/>\n<meta name=\"twitter:label1\" content=\"Estimated reading time\" \/>\n\t<meta name=\"twitter:data1\" content=\"2 minutes\" \/>\n<script type=\"application\/ld+json\" class=\"yoast-schema-graph\">{\"@context\":\"https:\\\/\\\/schema.org\",\"@graph\":[{\"@type\":\"WebPage\",\"@id\":\"https:\\\/\\\/www.pickchickbymec.com\\\/producto\\\/monedero-pajaritos\\\/\",\"url\":\"https:\\\/\\\/www.pickchickbymec.com\\\/producto\\\/monedero-pajaritos\\\/\",\"name\":\"Monedero de tela Pajaritos (hecho a mano) | Artesan\u00eda - Pick\u00b7Chick by Mec\",\"isPartOf\":{\"@id\":\"https:\\\/\\\/www.pickchickbymec.com\\\/#website\"},\"primaryImageOfPage\":{\"@id\":\"https:\\\/\\\/www.pickchickbymec.com\\\/producto\\\/monedero-pajaritos\\\/#primaryimage\"},\"image\":{\"@id\":\"https:\\\/\\\/www.pickchickbymec.com\\\/producto\\\/monedero-pajaritos\\\/#primaryimage\"},\"thumbnailUrl\":\"https:\\\/\\\/www.pickchickbymec.com\\\/wp-content\\\/uploads\\\/2023\\\/02\\\/pollos2-4.jpg\",\"datePublished\":\"2023-02-23T13:29:57+00:00\",\"dateModified\":\"2025-12-29T16:30:31+00:00\",\"description\":\"Monedero hecho a mano con cierre de cremallera y con dise\u00f1o exclusivo inspirado en distintos pajaritos de la pen\u00ednsula ib\u00e9rica en estilo kawaii.\",\"breadcrumb\":{\"@id\":\"https:\\\/\\\/www.pickchickbymec.com\\\/producto\\\/monedero-pajaritos\\\/#breadcrumb\"},\"inLanguage\":\"en-GB\",\"potentialAction\":[{\"@type\":\"ReadAction\",\"target\":[\"https:\\\/\\\/www.pickchickbymec.com\\\/producto\\\/monedero-pajaritos\\\/\"]}]},{\"@type\":\"ImageObject\",\"inLanguage\":\"en-GB\",\"@id\":\"https:\\\/\\\/www.pickchickbymec.com\\\/producto\\\/monedero-pajaritos\\\/#primaryimage\",\"url\":\"https:\\\/\\\/www.pickchickbymec.com\\\/wp-content\\\/uploads\\\/2023\\\/02\\\/pollos2-4.jpg\",\"contentUrl\":\"https:\\\/\\\/www.pickchickbymec.com\\\/wp-content\\\/uploads\\\/2023\\\/02\\\/pollos2-4.jpg\",\"width\":1200,\"height\":929,\"caption\":\"monedero p\u00e1jaros\"},{\"@type\":\"BreadcrumbList\",\"@id\":\"https:\\\/\\\/www.pickchickbymec.com\\\/producto\\\/monedero-pajaritos\\\/#breadcrumb\",\"itemListElement\":[{\"@type\":\"ListItem\",\"position\":1,\"name\":\"Portada\",\"item\":\"https:\\\/\\\/www.pickchickbymec.com\\\/\"},{\"@type\":\"ListItem\",\"position\":2,\"name\":\"Tienda\",\"item\":\"https:\\\/\\\/www.pickchickbymec.com\\\/tienda\\\/\"},{\"@type\":\"ListItem\",\"position\":3,\"name\":\"Monedero de tela Pajaritos (hecho a mano)\"}]},{\"@type\":\"WebSite\",\"@id\":\"https:\\\/\\\/www.pickchickbymec.com\\\/#website\",\"url\":\"https:\\\/\\\/www.pickchickbymec.com\\\/\",\"name\":\"Pick\u00b7Chick by Mec\",\"description\":\"kawaii illustrator and artisan\",\"publisher\":{\"@id\":\"https:\\\/\\\/www.pickchickbymec.com\\\/#\\\/schema\\\/person\\\/189a1cea9c7f6704595062aabbbb38fe\"},\"potentialAction\":[{\"@type\":\"SearchAction\",\"target\":{\"@type\":\"EntryPoint\",\"urlTemplate\":\"https:\\\/\\\/www.pickchickbymec.com\\\/?s={search_term_string}\"},\"query-input\":{\"@type\":\"PropertyValueSpecification\",\"valueRequired\":true,\"valueName\":\"search_term_string\"}}],\"inLanguage\":\"en-GB\"},{\"@type\":[\"Person\",\"Organization\"],\"@id\":\"https:\\\/\\\/www.pickchickbymec.com\\\/#\\\/schema\\\/person\\\/189a1cea9c7f6704595062aabbbb38fe\",\"name\":\"pickchickbymec\",\"image\":{\"@type\":\"ImageObject\",\"inLanguage\":\"en-GB\",\"@id\":\"https:\\\/\\\/secure.gravatar.com\\\/avatar\\\/0c13b11690ce1ad38e031b40cac436947d766b2585e3e81250e6cf60b0a3b61f?s=96&d=mm&r=g\",\"url\":\"https:\\\/\\\/secure.gravatar.com\\\/avatar\\\/0c13b11690ce1ad38e031b40cac436947d766b2585e3e81250e6cf60b0a3b61f?s=96&d=mm&r=g\",\"contentUrl\":\"https:\\\/\\\/secure.gravatar.com\\\/avatar\\\/0c13b11690ce1ad38e031b40cac436947d766b2585e3e81250e6cf60b0a3b61f?s=96&d=mm&r=g\",\"caption\":\"pickchickbymec\"},\"logo\":{\"@id\":\"https:\\\/\\\/secure.gravatar.com\\\/avatar\\\/0c13b11690ce1ad38e031b40cac436947d766b2585e3e81250e6cf60b0a3b61f?s=96&d=mm&r=g\"}}]}<\/script>\n<!-- \/ Yoast SEO plugin. -->","yoast_head_json":{"title":"Monedero de tela Pajaritos (hecho a mano) | Artesan\u00eda - Pick\u00b7Chick by Mec","description":"Monedero hecho a mano con cierre de cremallera y con dise\u00f1o exclusivo inspirado en distintos pajaritos de la pen\u00ednsula ib\u00e9rica en estilo kawaii.","robots":{"index":"index","follow":"follow","max-snippet":"max-snippet:-1","max-image-preview":"max-image-preview:large","max-video-preview":"max-video-preview:-1"},"canonical":"https:\/\/www.pickchickbymec.com\/en\/product\/monedero-pajaritos\/","og_locale":"en_GB","og_type":"article","og_title":"Monedero de tela Pajaritos (hecho a mano) | Artesan\u00eda - Pick\u00b7Chick by Mec","og_description":"Monedero hecho a mano con cierre de cremallera y con dise\u00f1o exclusivo inspirado en distintos pajaritos de la pen\u00ednsula ib\u00e9rica en estilo kawaii.","og_url":"https:\/\/www.pickchickbymec.com\/en\/product\/monedero-pajaritos\/","og_site_name":"Pick\u00b7Chick by Mec","article_modified_time":"2025-12-29T16:30:31+00:00","og_image":[{"width":1200,"height":929,"url":"https:\/\/www.pickchickbymec.com\/wp-content\/uploads\/2023\/02\/pollos2-4.jpg","type":"image\/jpeg"}],"twitter_card":"summary_large_image","twitter_misc":{"Estimated reading time":"2 minutes"},"schema":{"@context":"https:\/\/schema.org","@graph":[{"@type":"WebPage","@id":"https:\/\/www.pickchickbymec.com\/producto\/monedero-pajaritos\/","url":"https:\/\/www.pickchickbymec.com\/producto\/monedero-pajaritos\/","name":"Monedero de tela Pajaritos (hecho a mano) | Artesan\u00eda - Pick\u00b7Chick by Mec","isPartOf":{"@id":"https:\/\/www.pickchickbymec.com\/#website"},"primaryImageOfPage":{"@id":"https:\/\/www.pickchickbymec.com\/producto\/monedero-pajaritos\/#primaryimage"},"image":{"@id":"https:\/\/www.pickchickbymec.com\/producto\/monedero-pajaritos\/#primaryimage"},"thumbnailUrl":"https:\/\/www.pickchickbymec.com\/wp-content\/uploads\/2023\/02\/pollos2-4.jpg","datePublished":"2023-02-23T13:29:57+00:00","dateModified":"2025-12-29T16:30:31+00:00","description":"Monedero hecho a mano con cierre de cremallera y con dise\u00f1o exclusivo inspirado en distintos pajaritos de la pen\u00ednsula ib\u00e9rica en estilo kawaii.","breadcrumb":{"@id":"https:\/\/www.pickchickbymec.com\/producto\/monedero-pajaritos\/#breadcrumb"},"inLanguage":"en-GB","potentialAction":[{"@type":"ReadAction","target":["https:\/\/www.pickchickbymec.com\/producto\/monedero-pajaritos\/"]}]},{"@type":"ImageObject","inLanguage":"en-GB","@id":"https:\/\/www.pickchickbymec.com\/producto\/monedero-pajaritos\/#primaryimage","url":"https:\/\/www.pickchickbymec.com\/wp-content\/uploads\/2023\/02\/pollos2-4.jpg","contentUrl":"https:\/\/www.pickchickbymec.com\/wp-content\/uploads\/2023\/02\/pollos2-4.jpg","width":1200,"height":929,"caption":"monedero p\u00e1jaros"},{"@type":"BreadcrumbList","@id":"https:\/\/www.pickchickbymec.com\/producto\/monedero-pajaritos\/#breadcrumb","itemListElement":[{"@type":"ListItem","position":1,"name":"Portada","item":"https:\/\/www.pickchickbymec.com\/"},{"@type":"ListItem","position":2,"name":"Tienda","item":"https:\/\/www.pickchickbymec.com\/tienda\/"},{"@type":"ListItem","position":3,"name":"Monedero de tela Pajaritos (hecho a mano)"}]},{"@type":"WebSite","@id":"https:\/\/www.pickchickbymec.com\/#website","url":"https:\/\/www.pickchickbymec.com\/","name":"Pick-Chick by Mec","description":"kawaii illustrator and artisan","publisher":{"@id":"https:\/\/www.pickchickbymec.com\/#\/schema\/person\/189a1cea9c7f6704595062aabbbb38fe"},"potentialAction":[{"@type":"SearchAction","target":{"@type":"EntryPoint","urlTemplate":"https:\/\/www.pickchickbymec.com\/?s={search_term_string}"},"query-input":{"@type":"PropertyValueSpecification","valueRequired":true,"valueName":"search_term_string"}}],"inLanguage":"en-GB"},{"@type":["Person","Organization"],"@id":"https:\/\/www.pickchickbymec.com\/#\/schema\/person\/189a1cea9c7f6704595062aabbbb38fe","name":"pickchickbymec","image":{"@type":"ImageObject","inLanguage":"en-GB","@id":"https:\/\/secure.gravatar.com\/avatar\/0c13b11690ce1ad38e031b40cac436947d766b2585e3e81250e6cf60b0a3b61f?s=96&d=mm&r=g","url":"https:\/\/secure.gravatar.com\/avatar\/0c13b11690ce1ad38e031b40cac436947d766b2585e3e81250e6cf60b0a3b61f?s=96&d=mm&r=g","contentUrl":"https:\/\/secure.gravatar.com\/avatar\/0c13b11690ce1ad38e031b40cac436947d766b2585e3e81250e6cf60b0a3b61f?s=96&d=mm&r=g","caption":"pickchickbymec"},"logo":{"@id":"https:\/\/secure.gravatar.com\/avatar\/0c13b11690ce1ad38e031b40cac436947d766b2585e3e81250e6cf60b0a3b61f?s=96&d=mm&r=g"}}]}},"jetpack-related-posts":[],"jetpack_sharing_enabled":true,"_links":{"self":[{"href":"https:\/\/www.pickchickbymec.com\/en\/wp-json\/wp\/v2\/product\/5820","targetHints":{"allow":["GET"]}}],"collection":[{"href":"https:\/\/www.pickchickbymec.com\/en\/wp-json\/wp\/v2\/product"}],"about":[{"href":"https:\/\/www.pickchickbymec.com\/en\/wp-json\/wp\/v2\/types\/product"}],"replies":[{"embeddable":true,"href":"https:\/\/www.pickchickbymec.com\/en\/wp-json\/wp\/v2\/comments?post=5820"}],"wp:featuredmedia":[{"embeddable":true,"href":"https:\/\/www.pickchickbymec.com\/en\/wp-json\/wp\/v2\/media\/5826"}],"wp:attachment":[{"href":"https:\/\/www.pickchickbymec.com\/en\/wp-json\/wp\/v2\/media?parent=5820"}],"wp:term":[{"taxonomy":"product_brand","embeddable":true,"href":"https:\/\/www.pickchickbymec.com\/en\/wp-json\/wp\/v2\/product_brand?post=5820"},{"taxonomy":"product_cat","embeddable":true,"href":"https:\/\/www.pickchickbymec.com\/en\/wp-json\/wp\/v2\/product_cat?post=5820"},{"taxonomy":"product_tag","embeddable":true,"href":"https:\/\/www.pickchickbymec.com\/en\/wp-json\/wp\/v2\/product_tag?post=5820"}],"curies":[{"name":"wp","href":"https:\/\/api.w.org\/{rel}","templated":true}]}}