{"id":6049,"date":"2023-04-20T17:33:14","date_gmt":"2023-04-20T15:33:14","guid":{"rendered":"https:\/\/www.pickchickbymec.com\/?post_type=product&#038;p=6049"},"modified":"2025-12-22T13:34:34","modified_gmt":"2025-12-22T12:34:34","slug":"lamina-kaladin-y-adolin-el-archivo-de-las-tormentas","status":"publish","type":"product","link":"https:\/\/www.pickchickbymec.com\/en\/product\/lamina-kaladin-y-adolin-el-archivo-de-las-tormentas\/","title":{"rendered":"KALADIN Y ADOLIN, l\u00e1mina decorativa inspirada en El Archivo de las Tormentas"},"content":{"rendered":"<p>Esta l\u00e1mina es una copia impresa de una de mis ilustraciones inspirada en El Archivo de las Tormentas, la saga de libros creada por Brandon Sanderson. En este fanart podemos ver a dos de los protagonistas, Kaladin y Adolin en uno de los momentos m\u00e1s conocidos y \u00e9picos del libro Palabras Radiantes. La ilustraci\u00f3n original est\u00e1 realizada en t\u00e9cnica digital.<\/p>\n<p>Las copias est\u00e1n realizadas en papel de 300 gramos mate con impresi\u00f3n de alta calidad. Est\u00e1 disponible en dos tama\u00f1os distintos:<\/p>\n<p><strong>Medidas:<\/strong><\/p>\n<p><strong>A4:<\/strong> 29 x 21 cm<br \/>\n<strong>A5:<\/strong> 21 x 15 cm<\/p>\n<p>Si deseas que vaya firmada y dedicada por la parte de atr\u00e1s ind\u00edcalo en un mensaje al hacer el pedido, le dar\u00e1 un toque a\u00fan m\u00e1s especial a este producto.<\/p>\n<p>Las l\u00e1minas por s\u00ed solas se env\u00edan bien protegidas por correo certificado con n\u00famero de seguimiento.<\/p>\n<p>Echa un vistazo al resto de <a href=\"https:\/\/www.pickchickbymec.com\/en\/product-tag\/cosmere\/\">productos del Cosmere<\/a> que tengo disponibles y ahorra al combinar los env\u00edos pidiendo m\u00e1s de un producto. Si quieres enterarte de todas las novedades y ver fotos del proceso de los nuevos productos s\u00edgueme en <a href=\"https:\/\/twitter.com\/pickchickbymec\">Twitter<\/a> e <a href=\"https:\/\/www.instagram.com\/pickchickbymec\/\">Instagram<\/a>.<\/p>","protected":false},"excerpt":{"rendered":"<p>Copia impresa de mi ilustraci\u00f3n inspirada en Kaladin y Adolin, de El Archivo de las Tormentas.<\/p>\n<p>Papel 300 gr. mate<\/p>\n<p><strong>Medidas disponibles:<\/strong><\/p>\n<p><strong>A4:<\/strong>\u00a029 x 21 cm<br \/>\n<strong>A5:<\/strong>\u00a021 x 15 cm<\/p>","protected":false},"featured_media":8349,"comment_status":"open","ping_status":"closed","template":"","meta":{"_monsterinsights_skip_tracking":false,"_monsterinsights_sitenote_active":false,"_monsterinsights_sitenote_note":"","_monsterinsights_sitenote_category":0},"product_brand":[],"product_cat":[293],"product_tag":[542,419,359,356,447,376,541],"class_list":{"0":"post-6049","1":"product","2":"type-product","3":"status-publish","4":"has-post-thumbnail","6":"product_cat-ilustracion-1","7":"product_tag-archivo-de-las-tormentas","8":"product_tag-cosmere","9":"product_tag-fanart","10":"product_tag-ilustracion","11":"product_tag-kaladin","12":"product_tag-laminas","13":"product_tag-literatura-fantastica","14":"product_shipping_class-documentos","16":"first","17":"instock","18":"taxable","19":"shipping-taxable","20":"purchasable","21":"product-type-variable"},"yoast_head":"<!-- This site is optimized with the Yoast SEO plugin v27.4 - https:\/\/yoast.com\/product\/yoast-seo-wordpress\/ -->\n<title>Kaladin y Adolin, l\u00e1mina decorativa | Pick\u00b7Chick by Mec<\/title>\n<meta name=\"description\" content=\"L\u00e1mina de mi fanart inspirado en Kaladin y Adolin, de El archivo de las tormentas (Brandon Sanderson). Disponible en dos tama\u00f1os distintos.\" \/>\n<meta name=\"robots\" content=\"index, follow, max-snippet:-1, max-image-preview:large, max-video-preview:-1\" \/>\n<link rel=\"canonical\" href=\"https:\/\/www.pickchickbymec.com\/en\/product\/lamina-kaladin-y-adolin-el-archivo-de-las-tormentas\/\" \/>\n<meta property=\"og:locale\" content=\"en_GB\" \/>\n<meta property=\"og:type\" content=\"article\" \/>\n<meta property=\"og:title\" content=\"Kaladin y Adolin, l\u00e1mina decorativa | Pick\u00b7Chick by Mec\" \/>\n<meta property=\"og:description\" content=\"L\u00e1mina de mi fanart inspirado en Kaladin y Adolin, de El archivo de las tormentas (Brandon Sanderson). Disponible en dos tama\u00f1os distintos.\" \/>\n<meta property=\"og:url\" content=\"https:\/\/www.pickchickbymec.com\/en\/product\/lamina-kaladin-y-adolin-el-archivo-de-las-tormentas\/\" \/>\n<meta property=\"og:site_name\" content=\"Pick\u00b7Chick by Mec\" \/>\n<meta property=\"article:modified_time\" content=\"2025-12-22T12:34:34+00:00\" \/>\n<meta property=\"og:image\" content=\"https:\/\/www.pickchickbymec.com\/wp-content\/uploads\/2023\/04\/print-kadolin.jpg\" \/>\n\t<meta property=\"og:image:width\" content=\"1024\" \/>\n\t<meta property=\"og:image:height\" content=\"1200\" \/>\n\t<meta property=\"og:image:type\" content=\"image\/jpeg\" \/>\n<meta name=\"twitter:card\" content=\"summary_large_image\" \/>\n<meta name=\"twitter:label1\" content=\"Estimated reading time\" \/>\n\t<meta name=\"twitter:data1\" content=\"2 minutes\" \/>\n<script type=\"application\/ld+json\" class=\"yoast-schema-graph\">{\"@context\":\"https:\\\/\\\/schema.org\",\"@graph\":[{\"@type\":\"WebPage\",\"@id\":\"https:\\\/\\\/www.pickchickbymec.com\\\/producto\\\/lamina-kaladin-y-adolin-el-archivo-de-las-tormentas\\\/\",\"url\":\"https:\\\/\\\/www.pickchickbymec.com\\\/producto\\\/lamina-kaladin-y-adolin-el-archivo-de-las-tormentas\\\/\",\"name\":\"Kaladin y Adolin, l\u00e1mina decorativa | Pick\u00b7Chick by Mec\",\"isPartOf\":{\"@id\":\"https:\\\/\\\/www.pickchickbymec.com\\\/#website\"},\"primaryImageOfPage\":{\"@id\":\"https:\\\/\\\/www.pickchickbymec.com\\\/producto\\\/lamina-kaladin-y-adolin-el-archivo-de-las-tormentas\\\/#primaryimage\"},\"image\":{\"@id\":\"https:\\\/\\\/www.pickchickbymec.com\\\/producto\\\/lamina-kaladin-y-adolin-el-archivo-de-las-tormentas\\\/#primaryimage\"},\"thumbnailUrl\":\"https:\\\/\\\/www.pickchickbymec.com\\\/wp-content\\\/uploads\\\/2023\\\/04\\\/print-kadolin.jpg\",\"datePublished\":\"2023-04-20T15:33:14+00:00\",\"dateModified\":\"2025-12-22T12:34:34+00:00\",\"description\":\"L\u00e1mina de mi fanart inspirado en Kaladin y Adolin, de El archivo de las tormentas (Brandon Sanderson). Disponible en dos tama\u00f1os distintos.\",\"breadcrumb\":{\"@id\":\"https:\\\/\\\/www.pickchickbymec.com\\\/producto\\\/lamina-kaladin-y-adolin-el-archivo-de-las-tormentas\\\/#breadcrumb\"},\"inLanguage\":\"en-GB\",\"potentialAction\":[{\"@type\":\"ReadAction\",\"target\":[\"https:\\\/\\\/www.pickchickbymec.com\\\/producto\\\/lamina-kaladin-y-adolin-el-archivo-de-las-tormentas\\\/\"]}]},{\"@type\":\"ImageObject\",\"inLanguage\":\"en-GB\",\"@id\":\"https:\\\/\\\/www.pickchickbymec.com\\\/producto\\\/lamina-kaladin-y-adolin-el-archivo-de-las-tormentas\\\/#primaryimage\",\"url\":\"https:\\\/\\\/www.pickchickbymec.com\\\/wp-content\\\/uploads\\\/2023\\\/04\\\/print-kadolin.jpg\",\"contentUrl\":\"https:\\\/\\\/www.pickchickbymec.com\\\/wp-content\\\/uploads\\\/2023\\\/04\\\/print-kadolin.jpg\",\"width\":1024,\"height\":1200,\"caption\":\"kaladin adolin print\"},{\"@type\":\"BreadcrumbList\",\"@id\":\"https:\\\/\\\/www.pickchickbymec.com\\\/producto\\\/lamina-kaladin-y-adolin-el-archivo-de-las-tormentas\\\/#breadcrumb\",\"itemListElement\":[{\"@type\":\"ListItem\",\"position\":1,\"name\":\"Portada\",\"item\":\"https:\\\/\\\/www.pickchickbymec.com\\\/\"},{\"@type\":\"ListItem\",\"position\":2,\"name\":\"Tienda\",\"item\":\"https:\\\/\\\/www.pickchickbymec.com\\\/tienda\\\/\"},{\"@type\":\"ListItem\",\"position\":3,\"name\":\"KALADIN Y ADOLIN, l\u00e1mina decorativa inspirada en El Archivo de las Tormentas\"}]},{\"@type\":\"WebSite\",\"@id\":\"https:\\\/\\\/www.pickchickbymec.com\\\/#website\",\"url\":\"https:\\\/\\\/www.pickchickbymec.com\\\/\",\"name\":\"Pick\u00b7Chick by Mec\",\"description\":\"kawaii illustrator and artisan\",\"publisher\":{\"@id\":\"https:\\\/\\\/www.pickchickbymec.com\\\/#\\\/schema\\\/person\\\/189a1cea9c7f6704595062aabbbb38fe\"},\"potentialAction\":[{\"@type\":\"SearchAction\",\"target\":{\"@type\":\"EntryPoint\",\"urlTemplate\":\"https:\\\/\\\/www.pickchickbymec.com\\\/?s={search_term_string}\"},\"query-input\":{\"@type\":\"PropertyValueSpecification\",\"valueRequired\":true,\"valueName\":\"search_term_string\"}}],\"inLanguage\":\"en-GB\"},{\"@type\":[\"Person\",\"Organization\"],\"@id\":\"https:\\\/\\\/www.pickchickbymec.com\\\/#\\\/schema\\\/person\\\/189a1cea9c7f6704595062aabbbb38fe\",\"name\":\"pickchickbymec\",\"image\":{\"@type\":\"ImageObject\",\"inLanguage\":\"en-GB\",\"@id\":\"https:\\\/\\\/secure.gravatar.com\\\/avatar\\\/0c13b11690ce1ad38e031b40cac436947d766b2585e3e81250e6cf60b0a3b61f?s=96&d=mm&r=g\",\"url\":\"https:\\\/\\\/secure.gravatar.com\\\/avatar\\\/0c13b11690ce1ad38e031b40cac436947d766b2585e3e81250e6cf60b0a3b61f?s=96&d=mm&r=g\",\"contentUrl\":\"https:\\\/\\\/secure.gravatar.com\\\/avatar\\\/0c13b11690ce1ad38e031b40cac436947d766b2585e3e81250e6cf60b0a3b61f?s=96&d=mm&r=g\",\"caption\":\"pickchickbymec\"},\"logo\":{\"@id\":\"https:\\\/\\\/secure.gravatar.com\\\/avatar\\\/0c13b11690ce1ad38e031b40cac436947d766b2585e3e81250e6cf60b0a3b61f?s=96&d=mm&r=g\"}}]}<\/script>\n<!-- \/ Yoast SEO plugin. -->","yoast_head_json":{"title":"Kaladin y Adolin, l\u00e1mina decorativa | Pick\u00b7Chick by Mec","description":"L\u00e1mina de mi fanart inspirado en Kaladin y Adolin, de El archivo de las tormentas (Brandon Sanderson). Disponible en dos tama\u00f1os distintos.","robots":{"index":"index","follow":"follow","max-snippet":"max-snippet:-1","max-image-preview":"max-image-preview:large","max-video-preview":"max-video-preview:-1"},"canonical":"https:\/\/www.pickchickbymec.com\/en\/product\/lamina-kaladin-y-adolin-el-archivo-de-las-tormentas\/","og_locale":"en_GB","og_type":"article","og_title":"Kaladin y Adolin, l\u00e1mina decorativa | Pick\u00b7Chick by Mec","og_description":"L\u00e1mina de mi fanart inspirado en Kaladin y Adolin, de El archivo de las tormentas (Brandon Sanderson). Disponible en dos tama\u00f1os distintos.","og_url":"https:\/\/www.pickchickbymec.com\/en\/product\/lamina-kaladin-y-adolin-el-archivo-de-las-tormentas\/","og_site_name":"Pick\u00b7Chick by Mec","article_modified_time":"2025-12-22T12:34:34+00:00","og_image":[{"width":1024,"height":1200,"url":"https:\/\/www.pickchickbymec.com\/wp-content\/uploads\/2023\/04\/print-kadolin.jpg","type":"image\/jpeg"}],"twitter_card":"summary_large_image","twitter_misc":{"Estimated reading time":"2 minutes"},"schema":{"@context":"https:\/\/schema.org","@graph":[{"@type":"WebPage","@id":"https:\/\/www.pickchickbymec.com\/producto\/lamina-kaladin-y-adolin-el-archivo-de-las-tormentas\/","url":"https:\/\/www.pickchickbymec.com\/producto\/lamina-kaladin-y-adolin-el-archivo-de-las-tormentas\/","name":"Kaladin y Adolin, l\u00e1mina decorativa | Pick\u00b7Chick by Mec","isPartOf":{"@id":"https:\/\/www.pickchickbymec.com\/#website"},"primaryImageOfPage":{"@id":"https:\/\/www.pickchickbymec.com\/producto\/lamina-kaladin-y-adolin-el-archivo-de-las-tormentas\/#primaryimage"},"image":{"@id":"https:\/\/www.pickchickbymec.com\/producto\/lamina-kaladin-y-adolin-el-archivo-de-las-tormentas\/#primaryimage"},"thumbnailUrl":"https:\/\/www.pickchickbymec.com\/wp-content\/uploads\/2023\/04\/print-kadolin.jpg","datePublished":"2023-04-20T15:33:14+00:00","dateModified":"2025-12-22T12:34:34+00:00","description":"L\u00e1mina de mi fanart inspirado en Kaladin y Adolin, de El archivo de las tormentas (Brandon Sanderson). Disponible en dos tama\u00f1os distintos.","breadcrumb":{"@id":"https:\/\/www.pickchickbymec.com\/producto\/lamina-kaladin-y-adolin-el-archivo-de-las-tormentas\/#breadcrumb"},"inLanguage":"en-GB","potentialAction":[{"@type":"ReadAction","target":["https:\/\/www.pickchickbymec.com\/producto\/lamina-kaladin-y-adolin-el-archivo-de-las-tormentas\/"]}]},{"@type":"ImageObject","inLanguage":"en-GB","@id":"https:\/\/www.pickchickbymec.com\/producto\/lamina-kaladin-y-adolin-el-archivo-de-las-tormentas\/#primaryimage","url":"https:\/\/www.pickchickbymec.com\/wp-content\/uploads\/2023\/04\/print-kadolin.jpg","contentUrl":"https:\/\/www.pickchickbymec.com\/wp-content\/uploads\/2023\/04\/print-kadolin.jpg","width":1024,"height":1200,"caption":"kaladin adolin print"},{"@type":"BreadcrumbList","@id":"https:\/\/www.pickchickbymec.com\/producto\/lamina-kaladin-y-adolin-el-archivo-de-las-tormentas\/#breadcrumb","itemListElement":[{"@type":"ListItem","position":1,"name":"Portada","item":"https:\/\/www.pickchickbymec.com\/"},{"@type":"ListItem","position":2,"name":"Tienda","item":"https:\/\/www.pickchickbymec.com\/tienda\/"},{"@type":"ListItem","position":3,"name":"KALADIN Y ADOLIN, l\u00e1mina decorativa inspirada en El Archivo de las Tormentas"}]},{"@type":"WebSite","@id":"https:\/\/www.pickchickbymec.com\/#website","url":"https:\/\/www.pickchickbymec.com\/","name":"Pick-Chick by Mec","description":"kawaii illustrator and artisan","publisher":{"@id":"https:\/\/www.pickchickbymec.com\/#\/schema\/person\/189a1cea9c7f6704595062aabbbb38fe"},"potentialAction":[{"@type":"SearchAction","target":{"@type":"EntryPoint","urlTemplate":"https:\/\/www.pickchickbymec.com\/?s={search_term_string}"},"query-input":{"@type":"PropertyValueSpecification","valueRequired":true,"valueName":"search_term_string"}}],"inLanguage":"en-GB"},{"@type":["Person","Organization"],"@id":"https:\/\/www.pickchickbymec.com\/#\/schema\/person\/189a1cea9c7f6704595062aabbbb38fe","name":"pickchickbymec","image":{"@type":"ImageObject","inLanguage":"en-GB","@id":"https:\/\/secure.gravatar.com\/avatar\/0c13b11690ce1ad38e031b40cac436947d766b2585e3e81250e6cf60b0a3b61f?s=96&d=mm&r=g","url":"https:\/\/secure.gravatar.com\/avatar\/0c13b11690ce1ad38e031b40cac436947d766b2585e3e81250e6cf60b0a3b61f?s=96&d=mm&r=g","contentUrl":"https:\/\/secure.gravatar.com\/avatar\/0c13b11690ce1ad38e031b40cac436947d766b2585e3e81250e6cf60b0a3b61f?s=96&d=mm&r=g","caption":"pickchickbymec"},"logo":{"@id":"https:\/\/secure.gravatar.com\/avatar\/0c13b11690ce1ad38e031b40cac436947d766b2585e3e81250e6cf60b0a3b61f?s=96&d=mm&r=g"}}]}},"jetpack-related-posts":[],"jetpack_sharing_enabled":true,"_links":{"self":[{"href":"https:\/\/www.pickchickbymec.com\/en\/wp-json\/wp\/v2\/product\/6049","targetHints":{"allow":["GET"]}}],"collection":[{"href":"https:\/\/www.pickchickbymec.com\/en\/wp-json\/wp\/v2\/product"}],"about":[{"href":"https:\/\/www.pickchickbymec.com\/en\/wp-json\/wp\/v2\/types\/product"}],"replies":[{"embeddable":true,"href":"https:\/\/www.pickchickbymec.com\/en\/wp-json\/wp\/v2\/comments?post=6049"}],"wp:featuredmedia":[{"embeddable":true,"href":"https:\/\/www.pickchickbymec.com\/en\/wp-json\/wp\/v2\/media\/8349"}],"wp:attachment":[{"href":"https:\/\/www.pickchickbymec.com\/en\/wp-json\/wp\/v2\/media?parent=6049"}],"wp:term":[{"taxonomy":"product_brand","embeddable":true,"href":"https:\/\/www.pickchickbymec.com\/en\/wp-json\/wp\/v2\/product_brand?post=6049"},{"taxonomy":"product_cat","embeddable":true,"href":"https:\/\/www.pickchickbymec.com\/en\/wp-json\/wp\/v2\/product_cat?post=6049"},{"taxonomy":"product_tag","embeddable":true,"href":"https:\/\/www.pickchickbymec.com\/en\/wp-json\/wp\/v2\/product_tag?post=6049"}],"curies":[{"name":"wp","href":"https:\/\/api.w.org\/{rel}","templated":true}]}}