{"id":6069,"date":"2023-05-02T12:36:13","date_gmt":"2023-05-02T10:36:13","guid":{"rendered":"https:\/\/www.pickchickbymec.com\/?post_type=product&#038;p=6069"},"modified":"2025-08-23T15:28:28","modified_gmt":"2025-08-23T13:28:28","slug":"peluche-periquito-miniatura","status":"publish","type":"product","link":"https:\/\/www.pickchickbymec.com\/en\/product\/peluche-periquito-miniatura\/","title":{"rendered":"Mini Peluche Periquito hecho a mano (varios modelos, personalizable)"},"content":{"rendered":"<p>Este peque\u00f1o y adorable peluche est\u00e1n inspirado en un periquito, una de las mascotas m\u00e1s populares. Estos mu\u00f1equitos est\u00e1n completamente hechos a mano, y puedes elegir uno de los modelos que tenemos de muestra o pedirlo en los colores que quieras (incluso lo adaptamos a partir de una foto). Puedes usarlo para decorar cualquier rinc\u00f3n o bien pedir que le pongamos una argolla de llavero para que lo puedas llevar contigo all\u00e1 donde vayas. Si te gustan las aves y quieres llevar una versi\u00f3n redondita y achuchable de tu peque\u00f1ajo con plumas no dudes en hacerte con estas miniaturas.<\/p>\n<p>Para pedir un periquito hecho completamente al gusto escoge la opci\u00f3n \u00abPersonalizado\u00bb al hacer el pedido y a\u00f1ade una nota, o escr\u00edbeme un email a<a href=\"mailto:pickchickshop@gmail.com\"> pickchickshop@gmail.com<\/a> con los detalles.<\/p>\n<p><strong>Mini peluche de periquito. Especificaciones:<\/strong><\/p>\n<ul>\n<li><span style=\"font-weight: 400;\">Medidas 5 cm aprox<\/span><\/li>\n<li>Realizado en tela peludita de peluche<\/li>\n<li>Detalles hechos en fieltro y arcilla polim\u00e9rica<\/li>\n<li>Puedes pedirlo como peluche normal o adaptarlo a llavero<\/li>\n<li>Puedes elegir entre los modelos disponibles o pedir el tuyo personalizado.<\/li>\n<\/ul>\n<p><span style=\"font-weight: 400;\">Este producto se env\u00eda por correo certificado con n\u00famero de seguimiento.<\/span><\/p>\n<p><span style=\"font-weight: 400;\">Echa un vistazo al resto de <a href=\"https:\/\/www.pickchickbymec.com\/en\/product-tag\/pajaros\/\">productos de mi tienda inspirados en pajaritos<\/a> y ahorra al combinar los env\u00edos pidiendo m\u00e1s de un producto. <\/span><\/p>\n<p><span style=\"font-weight: 400;\">Si quieres enterarte de todas las novedades y ver fotos del proceso de los nuevos productos s\u00edgueme en <a href=\"https:\/\/twitter.com\/pickchickbymec\">Twitter<\/a> e <a href=\"https:\/\/www.instagram.com\/pickchickbymec\/\">Instagram<\/a>.<\/span><\/p>","protected":false},"excerpt":{"rendered":"<p>Peluches en miniatura de periquitos, varios modelos disponibles.<\/p>\n<p>Hechos a mano, se hacen personalizados por encargo.<\/p>\n<p>&nbsp;<\/p>","protected":false},"featured_media":6083,"comment_status":"open","ping_status":"closed","template":"","meta":{"_monsterinsights_skip_tracking":false,"_monsterinsights_sitenote_active":false,"_monsterinsights_sitenote_note":"","_monsterinsights_sitenote_category":0},"product_brand":[],"product_cat":[17],"product_tag":[397,399,449],"class_list":{"0":"post-6069","1":"product","2":"type-product","3":"status-publish","4":"has-post-thumbnail","6":"product_cat-peluches","7":"product_tag-pajaros","8":"product_tag-peluches","9":"product_tag-periquito","10":"product_shipping_class-b-certificado-ligero","12":"first","13":"instock","14":"taxable","15":"shipping-taxable","16":"product-type-variable"},"yoast_head":"<!-- This site is optimized with the Yoast SEO plugin v27.4 - https:\/\/yoast.com\/product\/yoast-seo-wordpress\/ -->\n<title>Mini peluche de periquito, varios modelos | Pick\u00b7Chick by Mec<\/title>\n<meta name=\"description\" content=\"Peluches de periquito en miniatura. Hechos a mano y disponibles en varios colores con opci\u00f3n de hacerlo personalizado. Puedes pedirlo en llavero tambi\u00e9n.\" \/>\n<meta name=\"robots\" content=\"index, follow, max-snippet:-1, max-image-preview:large, max-video-preview:-1\" \/>\n<link rel=\"canonical\" href=\"https:\/\/www.pickchickbymec.com\/en\/product\/peluche-periquito-miniatura\/\" \/>\n<meta property=\"og:locale\" content=\"en_GB\" \/>\n<meta property=\"og:type\" content=\"article\" \/>\n<meta property=\"og:title\" content=\"Mini peluche de periquito, varios modelos | Pick\u00b7Chick by Mec\" \/>\n<meta property=\"og:description\" content=\"Peluches de periquito en miniatura. Hechos a mano y disponibles en varios colores con opci\u00f3n de hacerlo personalizado. Puedes pedirlo en llavero tambi\u00e9n.\" \/>\n<meta property=\"og:url\" content=\"https:\/\/www.pickchickbymec.com\/en\/product\/peluche-periquito-miniatura\/\" \/>\n<meta property=\"og:site_name\" content=\"Pick\u00b7Chick by Mec\" \/>\n<meta property=\"article:modified_time\" content=\"2025-08-23T13:28:28+00:00\" \/>\n<meta property=\"og:image\" content=\"https:\/\/www.pickchickbymec.com\/wp-content\/uploads\/2023\/05\/perico8.jpg\" \/>\n\t<meta property=\"og:image:width\" content=\"2000\" \/>\n\t<meta property=\"og:image:height\" content=\"2000\" \/>\n\t<meta property=\"og:image:type\" content=\"image\/jpeg\" \/>\n<meta name=\"twitter:card\" content=\"summary_large_image\" \/>\n<meta name=\"twitter:label1\" content=\"Estimated reading time\" \/>\n\t<meta name=\"twitter:data1\" content=\"2 minutes\" \/>\n<script type=\"application\/ld+json\" class=\"yoast-schema-graph\">{\"@context\":\"https:\\\/\\\/schema.org\",\"@graph\":[{\"@type\":\"WebPage\",\"@id\":\"https:\\\/\\\/www.pickchickbymec.com\\\/producto\\\/peluche-periquito-miniatura\\\/\",\"url\":\"https:\\\/\\\/www.pickchickbymec.com\\\/producto\\\/peluche-periquito-miniatura\\\/\",\"name\":\"Mini peluche de periquito, varios modelos | Pick\u00b7Chick by Mec\",\"isPartOf\":{\"@id\":\"https:\\\/\\\/www.pickchickbymec.com\\\/#website\"},\"primaryImageOfPage\":{\"@id\":\"https:\\\/\\\/www.pickchickbymec.com\\\/producto\\\/peluche-periquito-miniatura\\\/#primaryimage\"},\"image\":{\"@id\":\"https:\\\/\\\/www.pickchickbymec.com\\\/producto\\\/peluche-periquito-miniatura\\\/#primaryimage\"},\"thumbnailUrl\":\"https:\\\/\\\/www.pickchickbymec.com\\\/wp-content\\\/uploads\\\/2023\\\/05\\\/perico8.jpg\",\"datePublished\":\"2023-05-02T10:36:13+00:00\",\"dateModified\":\"2025-08-23T13:28:28+00:00\",\"description\":\"Peluches de periquito en miniatura. Hechos a mano y disponibles en varios colores con opci\u00f3n de hacerlo personalizado. Puedes pedirlo en llavero tambi\u00e9n.\",\"breadcrumb\":{\"@id\":\"https:\\\/\\\/www.pickchickbymec.com\\\/producto\\\/peluche-periquito-miniatura\\\/#breadcrumb\"},\"inLanguage\":\"en-GB\",\"potentialAction\":[{\"@type\":\"ReadAction\",\"target\":[\"https:\\\/\\\/www.pickchickbymec.com\\\/producto\\\/peluche-periquito-miniatura\\\/\"]}]},{\"@type\":\"ImageObject\",\"inLanguage\":\"en-GB\",\"@id\":\"https:\\\/\\\/www.pickchickbymec.com\\\/producto\\\/peluche-periquito-miniatura\\\/#primaryimage\",\"url\":\"https:\\\/\\\/www.pickchickbymec.com\\\/wp-content\\\/uploads\\\/2023\\\/05\\\/perico8.jpg\",\"contentUrl\":\"https:\\\/\\\/www.pickchickbymec.com\\\/wp-content\\\/uploads\\\/2023\\\/05\\\/perico8.jpg\",\"width\":2000,\"height\":2000},{\"@type\":\"BreadcrumbList\",\"@id\":\"https:\\\/\\\/www.pickchickbymec.com\\\/producto\\\/peluche-periquito-miniatura\\\/#breadcrumb\",\"itemListElement\":[{\"@type\":\"ListItem\",\"position\":1,\"name\":\"Portada\",\"item\":\"https:\\\/\\\/www.pickchickbymec.com\\\/\"},{\"@type\":\"ListItem\",\"position\":2,\"name\":\"Tienda\",\"item\":\"https:\\\/\\\/www.pickchickbymec.com\\\/tienda\\\/\"},{\"@type\":\"ListItem\",\"position\":3,\"name\":\"Mini Peluche Periquito hecho a mano (varios modelos, personalizable)\"}]},{\"@type\":\"WebSite\",\"@id\":\"https:\\\/\\\/www.pickchickbymec.com\\\/#website\",\"url\":\"https:\\\/\\\/www.pickchickbymec.com\\\/\",\"name\":\"Pick\u00b7Chick by Mec\",\"description\":\"kawaii illustrator and artisan\",\"publisher\":{\"@id\":\"https:\\\/\\\/www.pickchickbymec.com\\\/#\\\/schema\\\/person\\\/189a1cea9c7f6704595062aabbbb38fe\"},\"potentialAction\":[{\"@type\":\"SearchAction\",\"target\":{\"@type\":\"EntryPoint\",\"urlTemplate\":\"https:\\\/\\\/www.pickchickbymec.com\\\/?s={search_term_string}\"},\"query-input\":{\"@type\":\"PropertyValueSpecification\",\"valueRequired\":true,\"valueName\":\"search_term_string\"}}],\"inLanguage\":\"en-GB\"},{\"@type\":[\"Person\",\"Organization\"],\"@id\":\"https:\\\/\\\/www.pickchickbymec.com\\\/#\\\/schema\\\/person\\\/189a1cea9c7f6704595062aabbbb38fe\",\"name\":\"pickchickbymec\",\"image\":{\"@type\":\"ImageObject\",\"inLanguage\":\"en-GB\",\"@id\":\"https:\\\/\\\/secure.gravatar.com\\\/avatar\\\/0c13b11690ce1ad38e031b40cac436947d766b2585e3e81250e6cf60b0a3b61f?s=96&d=mm&r=g\",\"url\":\"https:\\\/\\\/secure.gravatar.com\\\/avatar\\\/0c13b11690ce1ad38e031b40cac436947d766b2585e3e81250e6cf60b0a3b61f?s=96&d=mm&r=g\",\"contentUrl\":\"https:\\\/\\\/secure.gravatar.com\\\/avatar\\\/0c13b11690ce1ad38e031b40cac436947d766b2585e3e81250e6cf60b0a3b61f?s=96&d=mm&r=g\",\"caption\":\"pickchickbymec\"},\"logo\":{\"@id\":\"https:\\\/\\\/secure.gravatar.com\\\/avatar\\\/0c13b11690ce1ad38e031b40cac436947d766b2585e3e81250e6cf60b0a3b61f?s=96&d=mm&r=g\"}}]}<\/script>\n<!-- \/ Yoast SEO plugin. -->","yoast_head_json":{"title":"Mini peluche de periquito, varios modelos | Pick\u00b7Chick by Mec","description":"Peluches de periquito en miniatura. Hechos a mano y disponibles en varios colores con opci\u00f3n de hacerlo personalizado. Puedes pedirlo en llavero tambi\u00e9n.","robots":{"index":"index","follow":"follow","max-snippet":"max-snippet:-1","max-image-preview":"max-image-preview:large","max-video-preview":"max-video-preview:-1"},"canonical":"https:\/\/www.pickchickbymec.com\/en\/product\/peluche-periquito-miniatura\/","og_locale":"en_GB","og_type":"article","og_title":"Mini peluche de periquito, varios modelos | Pick\u00b7Chick by Mec","og_description":"Peluches de periquito en miniatura. Hechos a mano y disponibles en varios colores con opci\u00f3n de hacerlo personalizado. Puedes pedirlo en llavero tambi\u00e9n.","og_url":"https:\/\/www.pickchickbymec.com\/en\/product\/peluche-periquito-miniatura\/","og_site_name":"Pick\u00b7Chick by Mec","article_modified_time":"2025-08-23T13:28:28+00:00","og_image":[{"width":2000,"height":2000,"url":"https:\/\/www.pickchickbymec.com\/wp-content\/uploads\/2023\/05\/perico8.jpg","type":"image\/jpeg"}],"twitter_card":"summary_large_image","twitter_misc":{"Estimated reading time":"2 minutes"},"schema":{"@context":"https:\/\/schema.org","@graph":[{"@type":"WebPage","@id":"https:\/\/www.pickchickbymec.com\/producto\/peluche-periquito-miniatura\/","url":"https:\/\/www.pickchickbymec.com\/producto\/peluche-periquito-miniatura\/","name":"Mini peluche de periquito, varios modelos | Pick\u00b7Chick by Mec","isPartOf":{"@id":"https:\/\/www.pickchickbymec.com\/#website"},"primaryImageOfPage":{"@id":"https:\/\/www.pickchickbymec.com\/producto\/peluche-periquito-miniatura\/#primaryimage"},"image":{"@id":"https:\/\/www.pickchickbymec.com\/producto\/peluche-periquito-miniatura\/#primaryimage"},"thumbnailUrl":"https:\/\/www.pickchickbymec.com\/wp-content\/uploads\/2023\/05\/perico8.jpg","datePublished":"2023-05-02T10:36:13+00:00","dateModified":"2025-08-23T13:28:28+00:00","description":"Peluches de periquito en miniatura. Hechos a mano y disponibles en varios colores con opci\u00f3n de hacerlo personalizado. Puedes pedirlo en llavero tambi\u00e9n.","breadcrumb":{"@id":"https:\/\/www.pickchickbymec.com\/producto\/peluche-periquito-miniatura\/#breadcrumb"},"inLanguage":"en-GB","potentialAction":[{"@type":"ReadAction","target":["https:\/\/www.pickchickbymec.com\/producto\/peluche-periquito-miniatura\/"]}]},{"@type":"ImageObject","inLanguage":"en-GB","@id":"https:\/\/www.pickchickbymec.com\/producto\/peluche-periquito-miniatura\/#primaryimage","url":"https:\/\/www.pickchickbymec.com\/wp-content\/uploads\/2023\/05\/perico8.jpg","contentUrl":"https:\/\/www.pickchickbymec.com\/wp-content\/uploads\/2023\/05\/perico8.jpg","width":2000,"height":2000},{"@type":"BreadcrumbList","@id":"https:\/\/www.pickchickbymec.com\/producto\/peluche-periquito-miniatura\/#breadcrumb","itemListElement":[{"@type":"ListItem","position":1,"name":"Portada","item":"https:\/\/www.pickchickbymec.com\/"},{"@type":"ListItem","position":2,"name":"Tienda","item":"https:\/\/www.pickchickbymec.com\/tienda\/"},{"@type":"ListItem","position":3,"name":"Mini Peluche Periquito hecho a mano (varios modelos, personalizable)"}]},{"@type":"WebSite","@id":"https:\/\/www.pickchickbymec.com\/#website","url":"https:\/\/www.pickchickbymec.com\/","name":"Pick-Chick by Mec","description":"kawaii illustrator and artisan","publisher":{"@id":"https:\/\/www.pickchickbymec.com\/#\/schema\/person\/189a1cea9c7f6704595062aabbbb38fe"},"potentialAction":[{"@type":"SearchAction","target":{"@type":"EntryPoint","urlTemplate":"https:\/\/www.pickchickbymec.com\/?s={search_term_string}"},"query-input":{"@type":"PropertyValueSpecification","valueRequired":true,"valueName":"search_term_string"}}],"inLanguage":"en-GB"},{"@type":["Person","Organization"],"@id":"https:\/\/www.pickchickbymec.com\/#\/schema\/person\/189a1cea9c7f6704595062aabbbb38fe","name":"pickchickbymec","image":{"@type":"ImageObject","inLanguage":"en-GB","@id":"https:\/\/secure.gravatar.com\/avatar\/0c13b11690ce1ad38e031b40cac436947d766b2585e3e81250e6cf60b0a3b61f?s=96&d=mm&r=g","url":"https:\/\/secure.gravatar.com\/avatar\/0c13b11690ce1ad38e031b40cac436947d766b2585e3e81250e6cf60b0a3b61f?s=96&d=mm&r=g","contentUrl":"https:\/\/secure.gravatar.com\/avatar\/0c13b11690ce1ad38e031b40cac436947d766b2585e3e81250e6cf60b0a3b61f?s=96&d=mm&r=g","caption":"pickchickbymec"},"logo":{"@id":"https:\/\/secure.gravatar.com\/avatar\/0c13b11690ce1ad38e031b40cac436947d766b2585e3e81250e6cf60b0a3b61f?s=96&d=mm&r=g"}}]}},"jetpack-related-posts":[],"jetpack_sharing_enabled":true,"_links":{"self":[{"href":"https:\/\/www.pickchickbymec.com\/en\/wp-json\/wp\/v2\/product\/6069","targetHints":{"allow":["GET"]}}],"collection":[{"href":"https:\/\/www.pickchickbymec.com\/en\/wp-json\/wp\/v2\/product"}],"about":[{"href":"https:\/\/www.pickchickbymec.com\/en\/wp-json\/wp\/v2\/types\/product"}],"replies":[{"embeddable":true,"href":"https:\/\/www.pickchickbymec.com\/en\/wp-json\/wp\/v2\/comments?post=6069"}],"wp:featuredmedia":[{"embeddable":true,"href":"https:\/\/www.pickchickbymec.com\/en\/wp-json\/wp\/v2\/media\/6083"}],"wp:attachment":[{"href":"https:\/\/www.pickchickbymec.com\/en\/wp-json\/wp\/v2\/media?parent=6069"}],"wp:term":[{"taxonomy":"product_brand","embeddable":true,"href":"https:\/\/www.pickchickbymec.com\/en\/wp-json\/wp\/v2\/product_brand?post=6069"},{"taxonomy":"product_cat","embeddable":true,"href":"https:\/\/www.pickchickbymec.com\/en\/wp-json\/wp\/v2\/product_cat?post=6069"},{"taxonomy":"product_tag","embeddable":true,"href":"https:\/\/www.pickchickbymec.com\/en\/wp-json\/wp\/v2\/product_tag?post=6069"}],"curies":[{"name":"wp","href":"https:\/\/api.w.org\/{rel}","templated":true}]}}