{"id":6361,"date":"2023-08-29T10:51:32","date_gmt":"2023-08-29T08:51:32","guid":{"rendered":"https:\/\/www.pickchickbymec.com\/?post_type=product&#038;p=6361"},"modified":"2025-09-05T13:28:37","modified_gmt":"2025-09-05T11:28:37","slug":"llavero-acrilico-trenza-mar-esmeralda-cosmere","status":"publish","type":"product","link":"https:\/\/www.pickchickbymec.com\/en\/product\/llavero-acrilico-trenza-mar-esmeralda-cosmere\/","title":{"rendered":"Llavero acr\u00edlico Trenza del mar Esmeralda, Cosmere"},"content":{"rendered":"<p><span style=\"font-weight: 400;\">Llavero acr\u00edlico inspirado en Trenza, la protagonista del libro Trenza del mar Esmeralda, perteneciente al Cosmere, de Brandon Sanderson. El dise\u00f1o muestra a la querida Trenza subida en algunas de las hiedras y plantas que aparecen de las esporas glaucas que ha aprendido a utilizar. Le acompa\u00f1a su amigo, la rata Huck, y podemos ver tambi\u00e9n un par de tazas colgando de las que colecciona. Lleva adem\u00e1s una c\u00e1psula en forma de esfera con virutas verdes muy peque\u00f1as que simulan ser este tipo de esporas. Si te gust\u00f3 esta novela y eres fan del Cosmere este llaverito tan especial no puede faltar en tu colecci\u00f3n. Puedes llevar a Trenza contigo all\u00e1 donde vayas, o colocarla cerca de los libros para decorar la estanter\u00eda.<\/span><\/p>\n<p><strong>Llavero acr\u00edlico Trenza del mar Esmeralda, Cosmere. Especificaciones:<\/strong><\/p>\n<ul>\n<li><span style=\"font-weight: 400;\">Cierre de argolla cl\u00e1sica con efecto envejecido.<\/span><\/li>\n<li>Impreso a doble cara.<\/li>\n<li>Mismo dise\u00f1o a cada lado.<\/li>\n<li>Medidas parte acr\u00edlica 6 cm<\/li>\n<li>Grosor del acr\u00edlico: 3 mm<\/li>\n<\/ul>\n<p><span style=\"font-weight: 400;\">Este producto se env\u00eda por correo certificado con n\u00famero de seguimiento.<\/span><\/p>\n<p><span style=\"font-weight: 400;\">Echa un vistazo al resto de <a href=\"https:\/\/www.pickchickbymec.com\/en\/product-tag\/cosmere\/\">productos de mi tienda inspirados en el Cosmere<\/a> y ahorra al combinar los env\u00edos pidiendo m\u00e1s de un producto. <\/span><\/p>\n<p><span style=\"font-weight: 400;\">Si quieres enterarte de todas las novedades y ver fotos del proceso de los nuevos productos s\u00edgueme en <a href=\"https:\/\/twitter.com\/pickchickbymec\">Twitter<\/a> e <a href=\"https:\/\/www.instagram.com\/pickchickbymec\/\">Instagram<\/a>.<\/span><\/p>","protected":false},"excerpt":{"rendered":"<p>Llavero de Trenza del mar Esmeralda (Cosmere).<\/p>","protected":false},"featured_media":6362,"comment_status":"open","ping_status":"closed","template":"","meta":{"_monsterinsights_skip_tracking":false,"_monsterinsights_sitenote_active":false,"_monsterinsights_sitenote_note":"","_monsterinsights_sitenote_category":0},"product_brand":[],"product_cat":[288],"product_tag":[419,359,541,370,543],"class_list":{"0":"post-6361","1":"product","2":"type-product","3":"status-publish","4":"has-post-thumbnail","6":"product_cat-accesorios","7":"product_tag-cosmere","8":"product_tag-fanart","9":"product_tag-literatura-fantastica","10":"product_tag-llavero","11":"product_tag-trenza-del-mar-esmeralda","12":"product_shipping_class-b-certificado-ligero","14":"first","15":"instock","16":"taxable","17":"shipping-taxable","18":"purchasable","19":"product-type-simple"},"yoast_head":"<!-- This site is optimized with the Yoast SEO plugin v27.4 - https:\/\/yoast.com\/product\/yoast-seo-wordpress\/ -->\n<title>Llavero acr\u00edlico Trenza del mar Esmeralda, Cosmere | Accesorios - Pick\u00b7Chick by Mec<\/title>\n<meta name=\"description\" content=\"Llavero acr\u00edlico de Trenza, la protagonsita dde la novela Trenza del mar Esmeralda, del Cosmere. Incluye una capsulita que simula las esporas.\" \/>\n<meta name=\"robots\" content=\"index, follow, max-snippet:-1, max-image-preview:large, max-video-preview:-1\" \/>\n<link rel=\"canonical\" href=\"https:\/\/www.pickchickbymec.com\/en\/product\/llavero-acrilico-trenza-mar-esmeralda-cosmere\/\" \/>\n<meta property=\"og:locale\" content=\"en_GB\" \/>\n<meta property=\"og:type\" content=\"article\" \/>\n<meta property=\"og:title\" content=\"Llavero acr\u00edlico Trenza del mar Esmeralda, Cosmere | Accesorios - Pick\u00b7Chick by Mec\" \/>\n<meta property=\"og:description\" content=\"Llavero acr\u00edlico de Trenza, la protagonsita dde la novela Trenza del mar Esmeralda, del Cosmere. Incluye una capsulita que simula las esporas.\" \/>\n<meta property=\"og:url\" content=\"https:\/\/www.pickchickbymec.com\/en\/product\/llavero-acrilico-trenza-mar-esmeralda-cosmere\/\" \/>\n<meta property=\"og:site_name\" content=\"Pick\u00b7Chick by Mec\" \/>\n<meta property=\"article:modified_time\" content=\"2025-09-05T11:28:37+00:00\" \/>\n<meta property=\"og:image\" content=\"https:\/\/www.pickchickbymec.com\/wp-content\/uploads\/2023\/08\/trenza2.jpg\" \/>\n\t<meta property=\"og:image:width\" content=\"1669\" \/>\n\t<meta property=\"og:image:height\" content=\"1200\" \/>\n\t<meta property=\"og:image:type\" content=\"image\/jpeg\" \/>\n<meta name=\"twitter:card\" content=\"summary_large_image\" \/>\n<meta name=\"twitter:label1\" content=\"Estimated reading time\" \/>\n\t<meta name=\"twitter:data1\" content=\"2 minutes\" \/>\n<script type=\"application\/ld+json\" class=\"yoast-schema-graph\">{\"@context\":\"https:\\\/\\\/schema.org\",\"@graph\":[{\"@type\":\"WebPage\",\"@id\":\"https:\\\/\\\/www.pickchickbymec.com\\\/producto\\\/llavero-acrilico-trenza-mar-esmeralda-cosmere\\\/\",\"url\":\"https:\\\/\\\/www.pickchickbymec.com\\\/producto\\\/llavero-acrilico-trenza-mar-esmeralda-cosmere\\\/\",\"name\":\"Llavero acr\u00edlico Trenza del mar Esmeralda, Cosmere | Accesorios - Pick\u00b7Chick by Mec\",\"isPartOf\":{\"@id\":\"https:\\\/\\\/www.pickchickbymec.com\\\/#website\"},\"primaryImageOfPage\":{\"@id\":\"https:\\\/\\\/www.pickchickbymec.com\\\/producto\\\/llavero-acrilico-trenza-mar-esmeralda-cosmere\\\/#primaryimage\"},\"image\":{\"@id\":\"https:\\\/\\\/www.pickchickbymec.com\\\/producto\\\/llavero-acrilico-trenza-mar-esmeralda-cosmere\\\/#primaryimage\"},\"thumbnailUrl\":\"https:\\\/\\\/www.pickchickbymec.com\\\/wp-content\\\/uploads\\\/2023\\\/08\\\/trenza2.jpg\",\"datePublished\":\"2023-08-29T08:51:32+00:00\",\"dateModified\":\"2025-09-05T11:28:37+00:00\",\"description\":\"Llavero acr\u00edlico de Trenza, la protagonsita dde la novela Trenza del mar Esmeralda, del Cosmere. Incluye una capsulita que simula las esporas.\",\"breadcrumb\":{\"@id\":\"https:\\\/\\\/www.pickchickbymec.com\\\/producto\\\/llavero-acrilico-trenza-mar-esmeralda-cosmere\\\/#breadcrumb\"},\"inLanguage\":\"en-GB\",\"potentialAction\":[{\"@type\":\"ReadAction\",\"target\":[\"https:\\\/\\\/www.pickchickbymec.com\\\/producto\\\/llavero-acrilico-trenza-mar-esmeralda-cosmere\\\/\"]}]},{\"@type\":\"ImageObject\",\"inLanguage\":\"en-GB\",\"@id\":\"https:\\\/\\\/www.pickchickbymec.com\\\/producto\\\/llavero-acrilico-trenza-mar-esmeralda-cosmere\\\/#primaryimage\",\"url\":\"https:\\\/\\\/www.pickchickbymec.com\\\/wp-content\\\/uploads\\\/2023\\\/08\\\/trenza2.jpg\",\"contentUrl\":\"https:\\\/\\\/www.pickchickbymec.com\\\/wp-content\\\/uploads\\\/2023\\\/08\\\/trenza2.jpg\",\"width\":1669,\"height\":1200,\"caption\":\"llavero trenza mar esmeralda\"},{\"@type\":\"BreadcrumbList\",\"@id\":\"https:\\\/\\\/www.pickchickbymec.com\\\/producto\\\/llavero-acrilico-trenza-mar-esmeralda-cosmere\\\/#breadcrumb\",\"itemListElement\":[{\"@type\":\"ListItem\",\"position\":1,\"name\":\"Portada\",\"item\":\"https:\\\/\\\/www.pickchickbymec.com\\\/\"},{\"@type\":\"ListItem\",\"position\":2,\"name\":\"Tienda\",\"item\":\"https:\\\/\\\/www.pickchickbymec.com\\\/tienda\\\/\"},{\"@type\":\"ListItem\",\"position\":3,\"name\":\"Llavero acr\u00edlico Trenza del mar Esmeralda, Cosmere\"}]},{\"@type\":\"WebSite\",\"@id\":\"https:\\\/\\\/www.pickchickbymec.com\\\/#website\",\"url\":\"https:\\\/\\\/www.pickchickbymec.com\\\/\",\"name\":\"Pick\u00b7Chick by Mec\",\"description\":\"kawaii illustrator and artisan\",\"publisher\":{\"@id\":\"https:\\\/\\\/www.pickchickbymec.com\\\/#\\\/schema\\\/person\\\/189a1cea9c7f6704595062aabbbb38fe\"},\"potentialAction\":[{\"@type\":\"SearchAction\",\"target\":{\"@type\":\"EntryPoint\",\"urlTemplate\":\"https:\\\/\\\/www.pickchickbymec.com\\\/?s={search_term_string}\"},\"query-input\":{\"@type\":\"PropertyValueSpecification\",\"valueRequired\":true,\"valueName\":\"search_term_string\"}}],\"inLanguage\":\"en-GB\"},{\"@type\":[\"Person\",\"Organization\"],\"@id\":\"https:\\\/\\\/www.pickchickbymec.com\\\/#\\\/schema\\\/person\\\/189a1cea9c7f6704595062aabbbb38fe\",\"name\":\"pickchickbymec\",\"image\":{\"@type\":\"ImageObject\",\"inLanguage\":\"en-GB\",\"@id\":\"https:\\\/\\\/secure.gravatar.com\\\/avatar\\\/0c13b11690ce1ad38e031b40cac436947d766b2585e3e81250e6cf60b0a3b61f?s=96&d=mm&r=g\",\"url\":\"https:\\\/\\\/secure.gravatar.com\\\/avatar\\\/0c13b11690ce1ad38e031b40cac436947d766b2585e3e81250e6cf60b0a3b61f?s=96&d=mm&r=g\",\"contentUrl\":\"https:\\\/\\\/secure.gravatar.com\\\/avatar\\\/0c13b11690ce1ad38e031b40cac436947d766b2585e3e81250e6cf60b0a3b61f?s=96&d=mm&r=g\",\"caption\":\"pickchickbymec\"},\"logo\":{\"@id\":\"https:\\\/\\\/secure.gravatar.com\\\/avatar\\\/0c13b11690ce1ad38e031b40cac436947d766b2585e3e81250e6cf60b0a3b61f?s=96&d=mm&r=g\"}}]}<\/script>\n<!-- \/ Yoast SEO plugin. -->","yoast_head_json":{"title":"Llavero acr\u00edlico Trenza del mar Esmeralda, Cosmere | Accesorios - Pick\u00b7Chick by Mec","description":"Llavero acr\u00edlico de Trenza, la protagonsita dde la novela Trenza del mar Esmeralda, del Cosmere. Incluye una capsulita que simula las esporas.","robots":{"index":"index","follow":"follow","max-snippet":"max-snippet:-1","max-image-preview":"max-image-preview:large","max-video-preview":"max-video-preview:-1"},"canonical":"https:\/\/www.pickchickbymec.com\/en\/product\/llavero-acrilico-trenza-mar-esmeralda-cosmere\/","og_locale":"en_GB","og_type":"article","og_title":"Llavero acr\u00edlico Trenza del mar Esmeralda, Cosmere | Accesorios - Pick\u00b7Chick by Mec","og_description":"Llavero acr\u00edlico de Trenza, la protagonsita dde la novela Trenza del mar Esmeralda, del Cosmere. Incluye una capsulita que simula las esporas.","og_url":"https:\/\/www.pickchickbymec.com\/en\/product\/llavero-acrilico-trenza-mar-esmeralda-cosmere\/","og_site_name":"Pick\u00b7Chick by Mec","article_modified_time":"2025-09-05T11:28:37+00:00","og_image":[{"width":1669,"height":1200,"url":"https:\/\/www.pickchickbymec.com\/wp-content\/uploads\/2023\/08\/trenza2.jpg","type":"image\/jpeg"}],"twitter_card":"summary_large_image","twitter_misc":{"Estimated reading time":"2 minutes"},"schema":{"@context":"https:\/\/schema.org","@graph":[{"@type":"WebPage","@id":"https:\/\/www.pickchickbymec.com\/producto\/llavero-acrilico-trenza-mar-esmeralda-cosmere\/","url":"https:\/\/www.pickchickbymec.com\/producto\/llavero-acrilico-trenza-mar-esmeralda-cosmere\/","name":"Llavero acr\u00edlico Trenza del mar Esmeralda, Cosmere | Accesorios - Pick\u00b7Chick by Mec","isPartOf":{"@id":"https:\/\/www.pickchickbymec.com\/#website"},"primaryImageOfPage":{"@id":"https:\/\/www.pickchickbymec.com\/producto\/llavero-acrilico-trenza-mar-esmeralda-cosmere\/#primaryimage"},"image":{"@id":"https:\/\/www.pickchickbymec.com\/producto\/llavero-acrilico-trenza-mar-esmeralda-cosmere\/#primaryimage"},"thumbnailUrl":"https:\/\/www.pickchickbymec.com\/wp-content\/uploads\/2023\/08\/trenza2.jpg","datePublished":"2023-08-29T08:51:32+00:00","dateModified":"2025-09-05T11:28:37+00:00","description":"Llavero acr\u00edlico de Trenza, la protagonsita dde la novela Trenza del mar Esmeralda, del Cosmere. Incluye una capsulita que simula las esporas.","breadcrumb":{"@id":"https:\/\/www.pickchickbymec.com\/producto\/llavero-acrilico-trenza-mar-esmeralda-cosmere\/#breadcrumb"},"inLanguage":"en-GB","potentialAction":[{"@type":"ReadAction","target":["https:\/\/www.pickchickbymec.com\/producto\/llavero-acrilico-trenza-mar-esmeralda-cosmere\/"]}]},{"@type":"ImageObject","inLanguage":"en-GB","@id":"https:\/\/www.pickchickbymec.com\/producto\/llavero-acrilico-trenza-mar-esmeralda-cosmere\/#primaryimage","url":"https:\/\/www.pickchickbymec.com\/wp-content\/uploads\/2023\/08\/trenza2.jpg","contentUrl":"https:\/\/www.pickchickbymec.com\/wp-content\/uploads\/2023\/08\/trenza2.jpg","width":1669,"height":1200,"caption":"llavero trenza mar esmeralda"},{"@type":"BreadcrumbList","@id":"https:\/\/www.pickchickbymec.com\/producto\/llavero-acrilico-trenza-mar-esmeralda-cosmere\/#breadcrumb","itemListElement":[{"@type":"ListItem","position":1,"name":"Portada","item":"https:\/\/www.pickchickbymec.com\/"},{"@type":"ListItem","position":2,"name":"Tienda","item":"https:\/\/www.pickchickbymec.com\/tienda\/"},{"@type":"ListItem","position":3,"name":"Llavero acr\u00edlico Trenza del mar Esmeralda, Cosmere"}]},{"@type":"WebSite","@id":"https:\/\/www.pickchickbymec.com\/#website","url":"https:\/\/www.pickchickbymec.com\/","name":"Pick-Chick by Mec","description":"kawaii illustrator and artisan","publisher":{"@id":"https:\/\/www.pickchickbymec.com\/#\/schema\/person\/189a1cea9c7f6704595062aabbbb38fe"},"potentialAction":[{"@type":"SearchAction","target":{"@type":"EntryPoint","urlTemplate":"https:\/\/www.pickchickbymec.com\/?s={search_term_string}"},"query-input":{"@type":"PropertyValueSpecification","valueRequired":true,"valueName":"search_term_string"}}],"inLanguage":"en-GB"},{"@type":["Person","Organization"],"@id":"https:\/\/www.pickchickbymec.com\/#\/schema\/person\/189a1cea9c7f6704595062aabbbb38fe","name":"pickchickbymec","image":{"@type":"ImageObject","inLanguage":"en-GB","@id":"https:\/\/secure.gravatar.com\/avatar\/0c13b11690ce1ad38e031b40cac436947d766b2585e3e81250e6cf60b0a3b61f?s=96&d=mm&r=g","url":"https:\/\/secure.gravatar.com\/avatar\/0c13b11690ce1ad38e031b40cac436947d766b2585e3e81250e6cf60b0a3b61f?s=96&d=mm&r=g","contentUrl":"https:\/\/secure.gravatar.com\/avatar\/0c13b11690ce1ad38e031b40cac436947d766b2585e3e81250e6cf60b0a3b61f?s=96&d=mm&r=g","caption":"pickchickbymec"},"logo":{"@id":"https:\/\/secure.gravatar.com\/avatar\/0c13b11690ce1ad38e031b40cac436947d766b2585e3e81250e6cf60b0a3b61f?s=96&d=mm&r=g"}}]}},"jetpack-related-posts":[],"jetpack_sharing_enabled":true,"_links":{"self":[{"href":"https:\/\/www.pickchickbymec.com\/en\/wp-json\/wp\/v2\/product\/6361","targetHints":{"allow":["GET"]}}],"collection":[{"href":"https:\/\/www.pickchickbymec.com\/en\/wp-json\/wp\/v2\/product"}],"about":[{"href":"https:\/\/www.pickchickbymec.com\/en\/wp-json\/wp\/v2\/types\/product"}],"replies":[{"embeddable":true,"href":"https:\/\/www.pickchickbymec.com\/en\/wp-json\/wp\/v2\/comments?post=6361"}],"wp:featuredmedia":[{"embeddable":true,"href":"https:\/\/www.pickchickbymec.com\/en\/wp-json\/wp\/v2\/media\/6362"}],"wp:attachment":[{"href":"https:\/\/www.pickchickbymec.com\/en\/wp-json\/wp\/v2\/media?parent=6361"}],"wp:term":[{"taxonomy":"product_brand","embeddable":true,"href":"https:\/\/www.pickchickbymec.com\/en\/wp-json\/wp\/v2\/product_brand?post=6361"},{"taxonomy":"product_cat","embeddable":true,"href":"https:\/\/www.pickchickbymec.com\/en\/wp-json\/wp\/v2\/product_cat?post=6361"},{"taxonomy":"product_tag","embeddable":true,"href":"https:\/\/www.pickchickbymec.com\/en\/wp-json\/wp\/v2\/product_tag?post=6361"}],"curies":[{"name":"wp","href":"https:\/\/api.w.org\/{rel}","templated":true}]}}