{"id":6390,"date":"2023-08-29T11:56:06","date_gmt":"2023-08-29T09:56:06","guid":{"rendered":"https:\/\/www.pickchickbymec.com\/?post_type=product&#038;p=6390"},"modified":"2025-02-03T14:33:32","modified_gmt":"2025-02-03T13:33:32","slug":"pendientes-flamencos-80s","status":"publish","type":"product","link":"https:\/\/www.pickchickbymec.com\/en\/product\/pendientes-flamencos-80s\/","title":{"rendered":"Pendientes flamencos ochenteros"},"content":{"rendered":"<p>Pendientes acr\u00edlicos inspirados en flamencos y en los a\u00f1os 80. De dise\u00f1o alegre y divertido, estos pendientes son la imagen de los ochenta. Las dos piezas son diferentes. Tenemos a un flamenco andando en patines y escuchando m\u00fasica con su walkman, y a otro practicando aerobic con el loro y calentadores. Ambos combinan los degradados morados y fucsias con formas abstractas ne\u00f3n, todo elementos t\u00edpicos de los a\u00f1os ochenta. Prueba a llevar los dos a la vez o combinarlos por separado con otros pendientes que tengas por casa.\u00a0 No dudes en hacerte con estos pendientes tan fiesteros, le dar\u00e1n un toque retro, gracioso y adorable a tu outfit cuando salgas de fiesta.<\/p>\n<p><strong>Pendientes acr\u00edlicos Flamencos ochenteros. Especificaciones:<\/strong><\/p>\n<ul>\n<li>Dos dise\u00f1os incluidos (cada lado diferente)<\/li>\n<li>Impreso a doble cara.<\/li>\n<li>Mismo dise\u00f1o por cada lado de la pieza<\/li>\n<li>Medidas parte acr\u00edlica 4 cm<\/li>\n<li>Grosor del acr\u00edlico: 3 mm<\/li>\n<\/ul>\n<p><span style=\"font-weight: 400;\">Este producto se env\u00eda por correo certificado con n\u00famero de seguimiento.<\/span><\/p>\n<p><span style=\"font-weight: 400;\">Echa un vistazo al resto de<a href=\"https:\/\/www.pickchickbymec.com\/en\/tienda\/\"> productos de la tienda<\/a> y combina varias cositas en tu compra para ahorrar en los gastos de env\u00edo.<\/span><\/p>\n<p><span style=\"font-weight: 400;\">\u00a0Si quieres enterarte de todas las novedades y ver fotos del proceso de los nuevos productos s\u00edgueme en <a href=\"https:\/\/twitter.com\/pickchickbymec\">Twitter<\/a> e <a href=\"https:\/\/www.instagram.com\/pickchickbymec\/\">Instagram<\/a>.<\/span><\/p>","protected":false},"excerpt":{"rendered":"<p>Pendientes de flamencos ochenteros.<\/p>","protected":false},"featured_media":6391,"comment_status":"open","ping_status":"closed","template":"","meta":{"_monsterinsights_skip_tracking":false,"_monsterinsights_sitenote_active":false,"_monsterinsights_sitenote_note":"","_monsterinsights_sitenote_category":0},"product_brand":[],"product_cat":[288],"product_tag":[410,470,397,362,513],"class_list":{"0":"post-6390","1":"product","2":"type-product","3":"status-publish","4":"has-post-thumbnail","6":"product_cat-accesorios","7":"product_tag-acrilico","8":"product_tag-flamencos","9":"product_tag-pajaros","10":"product_tag-pendientes","11":"product_tag-personajes-originales","12":"product_shipping_class-b-certificado-ligero","14":"first","15":"instock","16":"taxable","17":"shipping-taxable","18":"purchasable","19":"product-type-simple"},"yoast_head":"<!-- This site is optimized with the Yoast SEO plugin v27.4 - https:\/\/yoast.com\/product\/yoast-seo-wordpress\/ -->\n<title>Pendientes flamencos ochenteros - Pick\u00b7Chick by Mec<\/title>\n<meta name=\"description\" content=\"Pendientes acr\u00edlicos con flamencos inspirados en los a\u00f1os 80 y de estilo cartoon. Miden 4 cm, y ambos dise\u00f1os son distintos.\" \/>\n<meta name=\"robots\" content=\"index, follow, max-snippet:-1, max-image-preview:large, max-video-preview:-1\" \/>\n<link rel=\"canonical\" href=\"https:\/\/www.pickchickbymec.com\/en\/product\/pendientes-flamencos-80s\/\" \/>\n<meta property=\"og:locale\" content=\"en_GB\" \/>\n<meta property=\"og:type\" content=\"article\" \/>\n<meta property=\"og:title\" content=\"Pendientes flamencos ochenteros - Pick\u00b7Chick by Mec\" \/>\n<meta property=\"og:description\" content=\"Pendientes acr\u00edlicos con flamencos inspirados en los a\u00f1os 80 y de estilo cartoon. Miden 4 cm, y ambos dise\u00f1os son distintos.\" \/>\n<meta property=\"og:url\" content=\"https:\/\/www.pickchickbymec.com\/en\/product\/pendientes-flamencos-80s\/\" \/>\n<meta property=\"og:site_name\" content=\"Pick\u00b7Chick by Mec\" \/>\n<meta property=\"article:modified_time\" content=\"2025-02-03T13:33:32+00:00\" \/>\n<meta property=\"og:image\" content=\"https:\/\/www.pickchickbymec.com\/wp-content\/uploads\/2023\/08\/flamencos-3.jpg\" \/>\n\t<meta property=\"og:image:width\" content=\"1200\" \/>\n\t<meta property=\"og:image:height\" content=\"1200\" \/>\n\t<meta property=\"og:image:type\" content=\"image\/jpeg\" \/>\n<meta name=\"twitter:card\" content=\"summary_large_image\" \/>\n<meta name=\"twitter:label1\" content=\"Estimated reading time\" \/>\n\t<meta name=\"twitter:data1\" content=\"2 minutes\" \/>\n<script type=\"application\/ld+json\" class=\"yoast-schema-graph\">{\"@context\":\"https:\\\/\\\/schema.org\",\"@graph\":[{\"@type\":\"WebPage\",\"@id\":\"https:\\\/\\\/www.pickchickbymec.com\\\/producto\\\/pendientes-flamencos-80s\\\/\",\"url\":\"https:\\\/\\\/www.pickchickbymec.com\\\/producto\\\/pendientes-flamencos-80s\\\/\",\"name\":\"Pendientes flamencos ochenteros - Pick\u00b7Chick by Mec\",\"isPartOf\":{\"@id\":\"https:\\\/\\\/www.pickchickbymec.com\\\/#website\"},\"primaryImageOfPage\":{\"@id\":\"https:\\\/\\\/www.pickchickbymec.com\\\/producto\\\/pendientes-flamencos-80s\\\/#primaryimage\"},\"image\":{\"@id\":\"https:\\\/\\\/www.pickchickbymec.com\\\/producto\\\/pendientes-flamencos-80s\\\/#primaryimage\"},\"thumbnailUrl\":\"https:\\\/\\\/www.pickchickbymec.com\\\/wp-content\\\/uploads\\\/2023\\\/08\\\/flamencos-3.jpg\",\"datePublished\":\"2023-08-29T09:56:06+00:00\",\"dateModified\":\"2025-02-03T13:33:32+00:00\",\"description\":\"Pendientes acr\u00edlicos con flamencos inspirados en los a\u00f1os 80 y de estilo cartoon. Miden 4 cm, y ambos dise\u00f1os son distintos.\",\"breadcrumb\":{\"@id\":\"https:\\\/\\\/www.pickchickbymec.com\\\/producto\\\/pendientes-flamencos-80s\\\/#breadcrumb\"},\"inLanguage\":\"en-GB\",\"potentialAction\":[{\"@type\":\"ReadAction\",\"target\":[\"https:\\\/\\\/www.pickchickbymec.com\\\/producto\\\/pendientes-flamencos-80s\\\/\"]}]},{\"@type\":\"ImageObject\",\"inLanguage\":\"en-GB\",\"@id\":\"https:\\\/\\\/www.pickchickbymec.com\\\/producto\\\/pendientes-flamencos-80s\\\/#primaryimage\",\"url\":\"https:\\\/\\\/www.pickchickbymec.com\\\/wp-content\\\/uploads\\\/2023\\\/08\\\/flamencos-3.jpg\",\"contentUrl\":\"https:\\\/\\\/www.pickchickbymec.com\\\/wp-content\\\/uploads\\\/2023\\\/08\\\/flamencos-3.jpg\",\"width\":1200,\"height\":1200,\"caption\":\"flamencos retro pendientes\"},{\"@type\":\"BreadcrumbList\",\"@id\":\"https:\\\/\\\/www.pickchickbymec.com\\\/producto\\\/pendientes-flamencos-80s\\\/#breadcrumb\",\"itemListElement\":[{\"@type\":\"ListItem\",\"position\":1,\"name\":\"Portada\",\"item\":\"https:\\\/\\\/www.pickchickbymec.com\\\/\"},{\"@type\":\"ListItem\",\"position\":2,\"name\":\"Tienda\",\"item\":\"https:\\\/\\\/www.pickchickbymec.com\\\/tienda\\\/\"},{\"@type\":\"ListItem\",\"position\":3,\"name\":\"Pendientes flamencos ochenteros\"}]},{\"@type\":\"WebSite\",\"@id\":\"https:\\\/\\\/www.pickchickbymec.com\\\/#website\",\"url\":\"https:\\\/\\\/www.pickchickbymec.com\\\/\",\"name\":\"Pick\u00b7Chick by Mec\",\"description\":\"kawaii illustrator and artisan\",\"publisher\":{\"@id\":\"https:\\\/\\\/www.pickchickbymec.com\\\/#\\\/schema\\\/person\\\/189a1cea9c7f6704595062aabbbb38fe\"},\"potentialAction\":[{\"@type\":\"SearchAction\",\"target\":{\"@type\":\"EntryPoint\",\"urlTemplate\":\"https:\\\/\\\/www.pickchickbymec.com\\\/?s={search_term_string}\"},\"query-input\":{\"@type\":\"PropertyValueSpecification\",\"valueRequired\":true,\"valueName\":\"search_term_string\"}}],\"inLanguage\":\"en-GB\"},{\"@type\":[\"Person\",\"Organization\"],\"@id\":\"https:\\\/\\\/www.pickchickbymec.com\\\/#\\\/schema\\\/person\\\/189a1cea9c7f6704595062aabbbb38fe\",\"name\":\"pickchickbymec\",\"image\":{\"@type\":\"ImageObject\",\"inLanguage\":\"en-GB\",\"@id\":\"https:\\\/\\\/secure.gravatar.com\\\/avatar\\\/0c13b11690ce1ad38e031b40cac436947d766b2585e3e81250e6cf60b0a3b61f?s=96&d=mm&r=g\",\"url\":\"https:\\\/\\\/secure.gravatar.com\\\/avatar\\\/0c13b11690ce1ad38e031b40cac436947d766b2585e3e81250e6cf60b0a3b61f?s=96&d=mm&r=g\",\"contentUrl\":\"https:\\\/\\\/secure.gravatar.com\\\/avatar\\\/0c13b11690ce1ad38e031b40cac436947d766b2585e3e81250e6cf60b0a3b61f?s=96&d=mm&r=g\",\"caption\":\"pickchickbymec\"},\"logo\":{\"@id\":\"https:\\\/\\\/secure.gravatar.com\\\/avatar\\\/0c13b11690ce1ad38e031b40cac436947d766b2585e3e81250e6cf60b0a3b61f?s=96&d=mm&r=g\"}}]}<\/script>\n<!-- \/ Yoast SEO plugin. -->","yoast_head_json":{"title":"Pendientes flamencos ochenteros - Pick\u00b7Chick by Mec","description":"Pendientes acr\u00edlicos con flamencos inspirados en los a\u00f1os 80 y de estilo cartoon. Miden 4 cm, y ambos dise\u00f1os son distintos.","robots":{"index":"index","follow":"follow","max-snippet":"max-snippet:-1","max-image-preview":"max-image-preview:large","max-video-preview":"max-video-preview:-1"},"canonical":"https:\/\/www.pickchickbymec.com\/en\/product\/pendientes-flamencos-80s\/","og_locale":"en_GB","og_type":"article","og_title":"Pendientes flamencos ochenteros - Pick\u00b7Chick by Mec","og_description":"Pendientes acr\u00edlicos con flamencos inspirados en los a\u00f1os 80 y de estilo cartoon. Miden 4 cm, y ambos dise\u00f1os son distintos.","og_url":"https:\/\/www.pickchickbymec.com\/en\/product\/pendientes-flamencos-80s\/","og_site_name":"Pick\u00b7Chick by Mec","article_modified_time":"2025-02-03T13:33:32+00:00","og_image":[{"width":1200,"height":1200,"url":"https:\/\/www.pickchickbymec.com\/wp-content\/uploads\/2023\/08\/flamencos-3.jpg","type":"image\/jpeg"}],"twitter_card":"summary_large_image","twitter_misc":{"Estimated reading time":"2 minutes"},"schema":{"@context":"https:\/\/schema.org","@graph":[{"@type":"WebPage","@id":"https:\/\/www.pickchickbymec.com\/producto\/pendientes-flamencos-80s\/","url":"https:\/\/www.pickchickbymec.com\/producto\/pendientes-flamencos-80s\/","name":"Pendientes flamencos ochenteros - Pick\u00b7Chick by Mec","isPartOf":{"@id":"https:\/\/www.pickchickbymec.com\/#website"},"primaryImageOfPage":{"@id":"https:\/\/www.pickchickbymec.com\/producto\/pendientes-flamencos-80s\/#primaryimage"},"image":{"@id":"https:\/\/www.pickchickbymec.com\/producto\/pendientes-flamencos-80s\/#primaryimage"},"thumbnailUrl":"https:\/\/www.pickchickbymec.com\/wp-content\/uploads\/2023\/08\/flamencos-3.jpg","datePublished":"2023-08-29T09:56:06+00:00","dateModified":"2025-02-03T13:33:32+00:00","description":"Pendientes acr\u00edlicos con flamencos inspirados en los a\u00f1os 80 y de estilo cartoon. Miden 4 cm, y ambos dise\u00f1os son distintos.","breadcrumb":{"@id":"https:\/\/www.pickchickbymec.com\/producto\/pendientes-flamencos-80s\/#breadcrumb"},"inLanguage":"en-GB","potentialAction":[{"@type":"ReadAction","target":["https:\/\/www.pickchickbymec.com\/producto\/pendientes-flamencos-80s\/"]}]},{"@type":"ImageObject","inLanguage":"en-GB","@id":"https:\/\/www.pickchickbymec.com\/producto\/pendientes-flamencos-80s\/#primaryimage","url":"https:\/\/www.pickchickbymec.com\/wp-content\/uploads\/2023\/08\/flamencos-3.jpg","contentUrl":"https:\/\/www.pickchickbymec.com\/wp-content\/uploads\/2023\/08\/flamencos-3.jpg","width":1200,"height":1200,"caption":"flamencos retro pendientes"},{"@type":"BreadcrumbList","@id":"https:\/\/www.pickchickbymec.com\/producto\/pendientes-flamencos-80s\/#breadcrumb","itemListElement":[{"@type":"ListItem","position":1,"name":"Portada","item":"https:\/\/www.pickchickbymec.com\/"},{"@type":"ListItem","position":2,"name":"Tienda","item":"https:\/\/www.pickchickbymec.com\/tienda\/"},{"@type":"ListItem","position":3,"name":"Pendientes flamencos ochenteros"}]},{"@type":"WebSite","@id":"https:\/\/www.pickchickbymec.com\/#website","url":"https:\/\/www.pickchickbymec.com\/","name":"Pick-Chick by Mec","description":"kawaii illustrator and artisan","publisher":{"@id":"https:\/\/www.pickchickbymec.com\/#\/schema\/person\/189a1cea9c7f6704595062aabbbb38fe"},"potentialAction":[{"@type":"SearchAction","target":{"@type":"EntryPoint","urlTemplate":"https:\/\/www.pickchickbymec.com\/?s={search_term_string}"},"query-input":{"@type":"PropertyValueSpecification","valueRequired":true,"valueName":"search_term_string"}}],"inLanguage":"en-GB"},{"@type":["Person","Organization"],"@id":"https:\/\/www.pickchickbymec.com\/#\/schema\/person\/189a1cea9c7f6704595062aabbbb38fe","name":"pickchickbymec","image":{"@type":"ImageObject","inLanguage":"en-GB","@id":"https:\/\/secure.gravatar.com\/avatar\/0c13b11690ce1ad38e031b40cac436947d766b2585e3e81250e6cf60b0a3b61f?s=96&d=mm&r=g","url":"https:\/\/secure.gravatar.com\/avatar\/0c13b11690ce1ad38e031b40cac436947d766b2585e3e81250e6cf60b0a3b61f?s=96&d=mm&r=g","contentUrl":"https:\/\/secure.gravatar.com\/avatar\/0c13b11690ce1ad38e031b40cac436947d766b2585e3e81250e6cf60b0a3b61f?s=96&d=mm&r=g","caption":"pickchickbymec"},"logo":{"@id":"https:\/\/secure.gravatar.com\/avatar\/0c13b11690ce1ad38e031b40cac436947d766b2585e3e81250e6cf60b0a3b61f?s=96&d=mm&r=g"}}]}},"jetpack-related-posts":[],"jetpack_sharing_enabled":true,"_links":{"self":[{"href":"https:\/\/www.pickchickbymec.com\/en\/wp-json\/wp\/v2\/product\/6390","targetHints":{"allow":["GET"]}}],"collection":[{"href":"https:\/\/www.pickchickbymec.com\/en\/wp-json\/wp\/v2\/product"}],"about":[{"href":"https:\/\/www.pickchickbymec.com\/en\/wp-json\/wp\/v2\/types\/product"}],"replies":[{"embeddable":true,"href":"https:\/\/www.pickchickbymec.com\/en\/wp-json\/wp\/v2\/comments?post=6390"}],"wp:featuredmedia":[{"embeddable":true,"href":"https:\/\/www.pickchickbymec.com\/en\/wp-json\/wp\/v2\/media\/6391"}],"wp:attachment":[{"href":"https:\/\/www.pickchickbymec.com\/en\/wp-json\/wp\/v2\/media?parent=6390"}],"wp:term":[{"taxonomy":"product_brand","embeddable":true,"href":"https:\/\/www.pickchickbymec.com\/en\/wp-json\/wp\/v2\/product_brand?post=6390"},{"taxonomy":"product_cat","embeddable":true,"href":"https:\/\/www.pickchickbymec.com\/en\/wp-json\/wp\/v2\/product_cat?post=6390"},{"taxonomy":"product_tag","embeddable":true,"href":"https:\/\/www.pickchickbymec.com\/en\/wp-json\/wp\/v2\/product_tag?post=6390"}],"curies":[{"name":"wp","href":"https:\/\/api.w.org\/{rel}","templated":true}]}}