{"id":6403,"date":"2023-08-29T12:27:20","date_gmt":"2023-08-29T10:27:20","guid":{"rendered":"https:\/\/www.pickchickbymec.com\/?post_type=product&#038;p=6403"},"modified":"2026-03-10T08:07:39","modified_gmt":"2026-03-10T07:07:39","slug":"fanzine-best-of-my-sketchbook-libros-de-arte","status":"publish","type":"product","link":"https:\/\/www.pickchickbymec.com\/en\/product\/fanzine-best-of-my-sketchbook-libros-de-arte\/","title":{"rendered":"Fanzine Best of my Sketchbook, libros de arte"},"content":{"rendered":"<p>Estos fanzine tan especiales son libros de arte recopilatorios de mis cuadernos de viaje. Incluyen varias de mis ilustraciones favoritas de los cuadernitos que llevo siempre conmigo a todas partes, todas realizadas en t\u00e9cnica tradicional. Van impresos a todo color y hay cuatro modelos disponibles, todos distintos y organizados por tem\u00e1ticas. La maquetaci\u00f3n es muy colorida, y simula un \u00e1lbum de recortes, con pegatinas, washitapes y dem\u00e1s decoraciones adem\u00e1s de los dibujos y notas. Cada librito consta de 30 p\u00e1ginas.<\/p>\n<p>Puedes elegir uno o llevarte dos con un peque\u00f1o descuento (en ese caso indica en una nota al hacer el pedido cu\u00e1les quieres). Los modelos disponibles son los siguientes:<\/p>\n<ul>\n<li><strong>Fanart edition (rosa):<\/strong> dedicado al arte inspirado en anime, series, pel\u00edculas, videojuegos y dem\u00e1s franquicias existentes.<\/li>\n<li><strong>Original Character edition (azul):<\/strong> incluye ilustraciones de personajes propios con cierto desarrollo (OCs).<\/li>\n<li><strong>Caelo edition (morado):<\/strong> todo el contenido est\u00e1 inspirado en los personajes de nuestro c\u00f3mic Caelo (personalmente es mi favorito).<\/li>\n<li><strong>Random art edition (verde):<\/strong> un caj\u00f3n del sastre lleno de apuntes al natural, personajes improvisados y dem\u00e1s.<\/li>\n<\/ul>\n<p><strong>Fanzine best of my sketchbook, libros de arte. Especificaciones:<\/strong><\/p>\n<ul>\n<li>Formato din A5<\/li>\n<li>30 p\u00e1ginas<\/li>\n<li>Impreso a color<\/li>\n<li>Papel 100 gr.<\/li>\n<li>Encuadernaci\u00f3n en grapa<\/li>\n<\/ul>\n<p><span style=\"font-weight: 400;\">Este producto se env\u00eda por correo certificado con n\u00famero de seguimiento.<\/span><\/p>\n<p><span style=\"font-weight: 400;\">Echa un vistazo al resto de <a href=\"https:\/\/www.pickchickbymec.com\/en\/tienda\/\">productos chulos<\/a> que hay en mi tienda y combina varias cositas en tu compra para ahorrar en los gastos de env\u00edo.<\/span><\/p>\n<p><span style=\"font-weight: 400;\">\u00a0Si quieres enterarte de todas las novedades y ver fotos del proceso de los nuevos productos s\u00edgueme en <a href=\"https:\/\/twitter.com\/pickchickbymec\">Twitter<\/a> e <a href=\"https:\/\/www.instagram.com\/pickchickbymec\/\">Instagram<\/a>.<\/span><\/p>","protected":false},"excerpt":{"rendered":"<p>Fanzine Best of my Sketchbook, libros de arte.<\/p>\n<p>4 modelos disponibles.<\/p>","protected":false},"featured_media":6557,"comment_status":"open","ping_status":"closed","template":"","meta":{"_monsterinsights_skip_tracking":false,"_monsterinsights_sitenote_active":false,"_monsterinsights_sitenote_note":"","_monsterinsights_sitenote_category":0},"product_brand":[],"product_cat":[302],"product_tag":[443,359,374,356,483,513],"class_list":{"0":"post-6403","1":"product","2":"type-product","3":"status-publish","4":"has-post-thumbnail","6":"product_cat-fanzine","7":"product_tag-caelo","8":"product_tag-fanart","9":"product_tag-fanzine","10":"product_tag-ilustracion","11":"product_tag-libro","12":"product_tag-personajes-originales","13":"product_shipping_class-b-certificado-ligero","15":"first","16":"instock","17":"taxable","18":"shipping-taxable","19":"purchasable","20":"product-type-variable"},"yoast_head":"<!-- This site is optimized with the Yoast SEO plugin v27.4 - https:\/\/yoast.com\/product\/yoast-seo-wordpress\/ -->\n<title>Fanzine Best of my Sketchbook, libros de arte - Pick\u00b7Chick by Mec<\/title>\n<meta name=\"description\" content=\"Fanzines recopilatorios con las mejores ilustraciones sacadas de mis cuadernos de dibujo. Por el momento hay dos ediciones, pero espero sacar pronto m\u00e1s.\" \/>\n<meta name=\"robots\" content=\"index, follow, max-snippet:-1, max-image-preview:large, max-video-preview:-1\" \/>\n<link rel=\"canonical\" href=\"https:\/\/www.pickchickbymec.com\/en\/product\/fanzine-best-of-my-sketchbook-libros-de-arte\/\" \/>\n<meta property=\"og:locale\" content=\"en_GB\" \/>\n<meta property=\"og:type\" content=\"article\" \/>\n<meta property=\"og:title\" content=\"Fanzine Best of my Sketchbook, libros de arte - Pick\u00b7Chick by Mec\" \/>\n<meta property=\"og:description\" content=\"Fanzines recopilatorios con las mejores ilustraciones sacadas de mis cuadernos de dibujo. Por el momento hay dos ediciones, pero espero sacar pronto m\u00e1s.\" \/>\n<meta property=\"og:url\" content=\"https:\/\/www.pickchickbymec.com\/en\/product\/fanzine-best-of-my-sketchbook-libros-de-arte\/\" \/>\n<meta property=\"og:site_name\" content=\"Pick\u00b7Chick by Mec\" \/>\n<meta property=\"article:modified_time\" content=\"2026-03-10T07:07:39+00:00\" \/>\n<meta property=\"og:image\" content=\"https:\/\/www.pickchickbymec.com\/wp-content\/uploads\/2023\/08\/15-nov-6.jpg\" \/>\n\t<meta property=\"og:image:width\" content=\"1500\" \/>\n\t<meta property=\"og:image:height\" content=\"1500\" \/>\n\t<meta property=\"og:image:type\" content=\"image\/jpeg\" \/>\n<meta name=\"twitter:card\" content=\"summary_large_image\" \/>\n<meta name=\"twitter:label1\" content=\"Estimated reading time\" \/>\n\t<meta name=\"twitter:data1\" content=\"2 minutes\" \/>\n<script type=\"application\/ld+json\" class=\"yoast-schema-graph\">{\"@context\":\"https:\\\/\\\/schema.org\",\"@graph\":[{\"@type\":\"WebPage\",\"@id\":\"https:\\\/\\\/www.pickchickbymec.com\\\/producto\\\/fanzine-best-of-my-sketchbook-libros-de-arte\\\/\",\"url\":\"https:\\\/\\\/www.pickchickbymec.com\\\/producto\\\/fanzine-best-of-my-sketchbook-libros-de-arte\\\/\",\"name\":\"Fanzine Best of my Sketchbook, libros de arte - Pick\u00b7Chick by Mec\",\"isPartOf\":{\"@id\":\"https:\\\/\\\/www.pickchickbymec.com\\\/#website\"},\"primaryImageOfPage\":{\"@id\":\"https:\\\/\\\/www.pickchickbymec.com\\\/producto\\\/fanzine-best-of-my-sketchbook-libros-de-arte\\\/#primaryimage\"},\"image\":{\"@id\":\"https:\\\/\\\/www.pickchickbymec.com\\\/producto\\\/fanzine-best-of-my-sketchbook-libros-de-arte\\\/#primaryimage\"},\"thumbnailUrl\":\"https:\\\/\\\/www.pickchickbymec.com\\\/wp-content\\\/uploads\\\/2023\\\/08\\\/15-nov-6.jpg\",\"datePublished\":\"2023-08-29T10:27:20+00:00\",\"dateModified\":\"2026-03-10T07:07:39+00:00\",\"description\":\"Fanzines recopilatorios con las mejores ilustraciones sacadas de mis cuadernos de dibujo. Por el momento hay dos ediciones, pero espero sacar pronto m\u00e1s.\",\"breadcrumb\":{\"@id\":\"https:\\\/\\\/www.pickchickbymec.com\\\/producto\\\/fanzine-best-of-my-sketchbook-libros-de-arte\\\/#breadcrumb\"},\"inLanguage\":\"en-GB\",\"potentialAction\":[{\"@type\":\"ReadAction\",\"target\":[\"https:\\\/\\\/www.pickchickbymec.com\\\/producto\\\/fanzine-best-of-my-sketchbook-libros-de-arte\\\/\"]}]},{\"@type\":\"ImageObject\",\"inLanguage\":\"en-GB\",\"@id\":\"https:\\\/\\\/www.pickchickbymec.com\\\/producto\\\/fanzine-best-of-my-sketchbook-libros-de-arte\\\/#primaryimage\",\"url\":\"https:\\\/\\\/www.pickchickbymec.com\\\/wp-content\\\/uploads\\\/2023\\\/08\\\/15-nov-6.jpg\",\"contentUrl\":\"https:\\\/\\\/www.pickchickbymec.com\\\/wp-content\\\/uploads\\\/2023\\\/08\\\/15-nov-6.jpg\",\"width\":1500,\"height\":1500,\"caption\":\"libro de arte bocetos\"},{\"@type\":\"BreadcrumbList\",\"@id\":\"https:\\\/\\\/www.pickchickbymec.com\\\/producto\\\/fanzine-best-of-my-sketchbook-libros-de-arte\\\/#breadcrumb\",\"itemListElement\":[{\"@type\":\"ListItem\",\"position\":1,\"name\":\"Portada\",\"item\":\"https:\\\/\\\/www.pickchickbymec.com\\\/\"},{\"@type\":\"ListItem\",\"position\":2,\"name\":\"Tienda\",\"item\":\"https:\\\/\\\/www.pickchickbymec.com\\\/tienda\\\/\"},{\"@type\":\"ListItem\",\"position\":3,\"name\":\"Fanzine Best of my Sketchbook, libros de arte\"}]},{\"@type\":\"WebSite\",\"@id\":\"https:\\\/\\\/www.pickchickbymec.com\\\/#website\",\"url\":\"https:\\\/\\\/www.pickchickbymec.com\\\/\",\"name\":\"Pick\u00b7Chick by Mec\",\"description\":\"kawaii illustrator and artisan\",\"publisher\":{\"@id\":\"https:\\\/\\\/www.pickchickbymec.com\\\/#\\\/schema\\\/person\\\/189a1cea9c7f6704595062aabbbb38fe\"},\"potentialAction\":[{\"@type\":\"SearchAction\",\"target\":{\"@type\":\"EntryPoint\",\"urlTemplate\":\"https:\\\/\\\/www.pickchickbymec.com\\\/?s={search_term_string}\"},\"query-input\":{\"@type\":\"PropertyValueSpecification\",\"valueRequired\":true,\"valueName\":\"search_term_string\"}}],\"inLanguage\":\"en-GB\"},{\"@type\":[\"Person\",\"Organization\"],\"@id\":\"https:\\\/\\\/www.pickchickbymec.com\\\/#\\\/schema\\\/person\\\/189a1cea9c7f6704595062aabbbb38fe\",\"name\":\"pickchickbymec\",\"image\":{\"@type\":\"ImageObject\",\"inLanguage\":\"en-GB\",\"@id\":\"https:\\\/\\\/secure.gravatar.com\\\/avatar\\\/0c13b11690ce1ad38e031b40cac436947d766b2585e3e81250e6cf60b0a3b61f?s=96&d=mm&r=g\",\"url\":\"https:\\\/\\\/secure.gravatar.com\\\/avatar\\\/0c13b11690ce1ad38e031b40cac436947d766b2585e3e81250e6cf60b0a3b61f?s=96&d=mm&r=g\",\"contentUrl\":\"https:\\\/\\\/secure.gravatar.com\\\/avatar\\\/0c13b11690ce1ad38e031b40cac436947d766b2585e3e81250e6cf60b0a3b61f?s=96&d=mm&r=g\",\"caption\":\"pickchickbymec\"},\"logo\":{\"@id\":\"https:\\\/\\\/secure.gravatar.com\\\/avatar\\\/0c13b11690ce1ad38e031b40cac436947d766b2585e3e81250e6cf60b0a3b61f?s=96&d=mm&r=g\"}}]}<\/script>\n<!-- \/ Yoast SEO plugin. -->","yoast_head_json":{"title":"Fanzine Best of my Sketchbook, libros de arte - Pick\u00b7Chick by Mec","description":"Fanzines recopilatorios con las mejores ilustraciones sacadas de mis cuadernos de dibujo. Por el momento hay dos ediciones, pero espero sacar pronto m\u00e1s.","robots":{"index":"index","follow":"follow","max-snippet":"max-snippet:-1","max-image-preview":"max-image-preview:large","max-video-preview":"max-video-preview:-1"},"canonical":"https:\/\/www.pickchickbymec.com\/en\/product\/fanzine-best-of-my-sketchbook-libros-de-arte\/","og_locale":"en_GB","og_type":"article","og_title":"Fanzine Best of my Sketchbook, libros de arte - Pick\u00b7Chick by Mec","og_description":"Fanzines recopilatorios con las mejores ilustraciones sacadas de mis cuadernos de dibujo. Por el momento hay dos ediciones, pero espero sacar pronto m\u00e1s.","og_url":"https:\/\/www.pickchickbymec.com\/en\/product\/fanzine-best-of-my-sketchbook-libros-de-arte\/","og_site_name":"Pick\u00b7Chick by Mec","article_modified_time":"2026-03-10T07:07:39+00:00","og_image":[{"width":1500,"height":1500,"url":"https:\/\/www.pickchickbymec.com\/wp-content\/uploads\/2023\/08\/15-nov-6.jpg","type":"image\/jpeg"}],"twitter_card":"summary_large_image","twitter_misc":{"Estimated reading time":"2 minutes"},"schema":{"@context":"https:\/\/schema.org","@graph":[{"@type":"WebPage","@id":"https:\/\/www.pickchickbymec.com\/producto\/fanzine-best-of-my-sketchbook-libros-de-arte\/","url":"https:\/\/www.pickchickbymec.com\/producto\/fanzine-best-of-my-sketchbook-libros-de-arte\/","name":"Fanzine Best of my Sketchbook, libros de arte - Pick\u00b7Chick by Mec","isPartOf":{"@id":"https:\/\/www.pickchickbymec.com\/#website"},"primaryImageOfPage":{"@id":"https:\/\/www.pickchickbymec.com\/producto\/fanzine-best-of-my-sketchbook-libros-de-arte\/#primaryimage"},"image":{"@id":"https:\/\/www.pickchickbymec.com\/producto\/fanzine-best-of-my-sketchbook-libros-de-arte\/#primaryimage"},"thumbnailUrl":"https:\/\/www.pickchickbymec.com\/wp-content\/uploads\/2023\/08\/15-nov-6.jpg","datePublished":"2023-08-29T10:27:20+00:00","dateModified":"2026-03-10T07:07:39+00:00","description":"Fanzines recopilatorios con las mejores ilustraciones sacadas de mis cuadernos de dibujo. Por el momento hay dos ediciones, pero espero sacar pronto m\u00e1s.","breadcrumb":{"@id":"https:\/\/www.pickchickbymec.com\/producto\/fanzine-best-of-my-sketchbook-libros-de-arte\/#breadcrumb"},"inLanguage":"en-GB","potentialAction":[{"@type":"ReadAction","target":["https:\/\/www.pickchickbymec.com\/producto\/fanzine-best-of-my-sketchbook-libros-de-arte\/"]}]},{"@type":"ImageObject","inLanguage":"en-GB","@id":"https:\/\/www.pickchickbymec.com\/producto\/fanzine-best-of-my-sketchbook-libros-de-arte\/#primaryimage","url":"https:\/\/www.pickchickbymec.com\/wp-content\/uploads\/2023\/08\/15-nov-6.jpg","contentUrl":"https:\/\/www.pickchickbymec.com\/wp-content\/uploads\/2023\/08\/15-nov-6.jpg","width":1500,"height":1500,"caption":"libro de arte bocetos"},{"@type":"BreadcrumbList","@id":"https:\/\/www.pickchickbymec.com\/producto\/fanzine-best-of-my-sketchbook-libros-de-arte\/#breadcrumb","itemListElement":[{"@type":"ListItem","position":1,"name":"Portada","item":"https:\/\/www.pickchickbymec.com\/"},{"@type":"ListItem","position":2,"name":"Tienda","item":"https:\/\/www.pickchickbymec.com\/tienda\/"},{"@type":"ListItem","position":3,"name":"Fanzine Best of my Sketchbook, libros de arte"}]},{"@type":"WebSite","@id":"https:\/\/www.pickchickbymec.com\/#website","url":"https:\/\/www.pickchickbymec.com\/","name":"Pick-Chick by Mec","description":"kawaii illustrator and artisan","publisher":{"@id":"https:\/\/www.pickchickbymec.com\/#\/schema\/person\/189a1cea9c7f6704595062aabbbb38fe"},"potentialAction":[{"@type":"SearchAction","target":{"@type":"EntryPoint","urlTemplate":"https:\/\/www.pickchickbymec.com\/?s={search_term_string}"},"query-input":{"@type":"PropertyValueSpecification","valueRequired":true,"valueName":"search_term_string"}}],"inLanguage":"en-GB"},{"@type":["Person","Organization"],"@id":"https:\/\/www.pickchickbymec.com\/#\/schema\/person\/189a1cea9c7f6704595062aabbbb38fe","name":"pickchickbymec","image":{"@type":"ImageObject","inLanguage":"en-GB","@id":"https:\/\/secure.gravatar.com\/avatar\/0c13b11690ce1ad38e031b40cac436947d766b2585e3e81250e6cf60b0a3b61f?s=96&d=mm&r=g","url":"https:\/\/secure.gravatar.com\/avatar\/0c13b11690ce1ad38e031b40cac436947d766b2585e3e81250e6cf60b0a3b61f?s=96&d=mm&r=g","contentUrl":"https:\/\/secure.gravatar.com\/avatar\/0c13b11690ce1ad38e031b40cac436947d766b2585e3e81250e6cf60b0a3b61f?s=96&d=mm&r=g","caption":"pickchickbymec"},"logo":{"@id":"https:\/\/secure.gravatar.com\/avatar\/0c13b11690ce1ad38e031b40cac436947d766b2585e3e81250e6cf60b0a3b61f?s=96&d=mm&r=g"}}]}},"jetpack-related-posts":[],"jetpack_sharing_enabled":true,"_links":{"self":[{"href":"https:\/\/www.pickchickbymec.com\/en\/wp-json\/wp\/v2\/product\/6403","targetHints":{"allow":["GET"]}}],"collection":[{"href":"https:\/\/www.pickchickbymec.com\/en\/wp-json\/wp\/v2\/product"}],"about":[{"href":"https:\/\/www.pickchickbymec.com\/en\/wp-json\/wp\/v2\/types\/product"}],"replies":[{"embeddable":true,"href":"https:\/\/www.pickchickbymec.com\/en\/wp-json\/wp\/v2\/comments?post=6403"}],"wp:featuredmedia":[{"embeddable":true,"href":"https:\/\/www.pickchickbymec.com\/en\/wp-json\/wp\/v2\/media\/6557"}],"wp:attachment":[{"href":"https:\/\/www.pickchickbymec.com\/en\/wp-json\/wp\/v2\/media?parent=6403"}],"wp:term":[{"taxonomy":"product_brand","embeddable":true,"href":"https:\/\/www.pickchickbymec.com\/en\/wp-json\/wp\/v2\/product_brand?post=6403"},{"taxonomy":"product_cat","embeddable":true,"href":"https:\/\/www.pickchickbymec.com\/en\/wp-json\/wp\/v2\/product_cat?post=6403"},{"taxonomy":"product_tag","embeddable":true,"href":"https:\/\/www.pickchickbymec.com\/en\/wp-json\/wp\/v2\/product_tag?post=6403"}],"curies":[{"name":"wp","href":"https:\/\/api.w.org\/{rel}","templated":true}]}}