{"id":6427,"date":"2023-08-29T12:38:14","date_gmt":"2023-08-29T10:38:14","guid":{"rendered":"https:\/\/www.pickchickbymec.com\/?post_type=product&#038;p=6427"},"modified":"2025-02-03T14:31:51","modified_gmt":"2025-02-03T13:31:51","slug":"marcapaginas-caprimoon","status":"publish","type":"product","link":"https:\/\/www.pickchickbymec.com\/en\/product\/marcapaginas-caprimoon\/","title":{"rendered":"Marcap\u00e1ginas Caprimoon brujita sanadora"},"content":{"rendered":"<p><span style=\"font-weight: 400;\">Deja que te acompa\u00f1emos en tus ratitos de lectura con nuestro marcap\u00e1ginas de Caprimoon, uno de los personajes originales de la marca. La colecci\u00f3n de nuestra peque\u00f1a cabra se inspira en la magia, las brujas y la salud: es una peque\u00f1a brujita que cuida de ti con su magia curativa. Este marcap\u00e1ginas cuenta con un dise\u00f1o distinto por cada lado. En la frontal tenemos a Caprimoon vestida de hechicera en estilo kawaiigoth y en la trasera luce un estampado de distintos elementos inspirados tanto en la hechiceria como en la medicina. Si a ti tambi\u00e9n te gusta cuidar de tus seres queridos y necesitas un marcap\u00e1ginas para tus cuadernos y libros de pociones, hechizos y rituales sanadores este es perfecto para ti.<\/span><\/p>\n<p><strong>Marcap\u00e1ginas Caprimoon. Especificaciones:<\/strong><\/p>\n<ul>\n<li><span style=\"font-weight: 400;\">Realizado en papel de 350gr.<\/span><\/li>\n<li><span style=\"font-weight: 400;\">Laminado antiara\u00f1azos para darle resistencia y darle un tacto m\u00e1s agradable<\/span><\/li>\n<li><span style=\"font-weight: 400;\">Acabado con una cinta decorativa<\/span><\/li>\n<li>Medidas: 14 x 5 cm<\/li>\n<\/ul>\n<p><span style=\"font-weight: 400;\">Este producto se env\u00eda por correo ordinario sin n\u00famero de seguimiento. Si deseas que el env\u00edo sea certificado puedes combinarlo con otros productos que s\u00ed tengan env\u00edo con seguimiento o contactarme por email.<\/span><\/p>\n<p><span style=\"font-weight: 400;\">Echa un vistazo al resto de<a href=\"https:\/\/www.pickchickbymec.com\/en\/product-tag\/caprimoon\/\"> art\u00edculos inspirados en nuestra cabrita Caprimoon<\/a>\u00a0que hay en mi tienda y combina varios productos en tu compra para ahorrar en los gastos de env\u00edo.<\/span><\/p>\n<p>Si quieres enterarte de todas las novedades y ver fotos del proceso de los nuevos productos s\u00edgueme en <a href=\"https:\/\/twitter.com\/pickchickbymec\">Twitter<\/a> e <a href=\"https:\/\/www.instagram.com\/pickchickbymec\/\">Instagram<\/a>.<\/p>","protected":false},"excerpt":{"rendered":"<p>Marcap\u00e1ginas.<\/p>\n<p>Tama\u00f1o: 14 x 5 cm<\/p>","protected":false},"featured_media":6428,"comment_status":"open","ping_status":"closed","template":"","meta":{"_monsterinsights_skip_tracking":false,"_monsterinsights_sitenote_active":false,"_monsterinsights_sitenote_note":"","_monsterinsights_sitenote_category":0},"product_brand":[],"product_cat":[366],"product_tag":[404,395,513],"class_list":{"0":"post-6427","1":"product","2":"type-product","3":"status-publish","4":"has-post-thumbnail","6":"product_cat-papeleria","7":"product_tag-caprimoon","8":"product_tag-marcapaginas","9":"product_tag-personajes-originales","10":"product_shipping_class-ordinario","12":"first","13":"instock","14":"taxable","15":"shipping-taxable","16":"purchasable","17":"product-type-simple"},"yoast_head":"<!-- This site is optimized with the Yoast SEO plugin v27.4 - https:\/\/yoast.com\/product\/yoast-seo-wordpress\/ -->\n<title>Marcap\u00e1ginas Caprimoon | Ilustraci\u00f3n kawaii | Pick\u00b7Chick by Mec<\/title>\n<meta name=\"description\" content=\"Marcap\u00e1ginas de nuestra cabrita Caprimoon. Van laminados y decorados con cinta de organza, y el dise\u00f1o es distinto en ambas caras.\" \/>\n<meta name=\"robots\" content=\"index, follow, max-snippet:-1, max-image-preview:large, max-video-preview:-1\" \/>\n<link rel=\"canonical\" href=\"https:\/\/www.pickchickbymec.com\/en\/product\/marcapaginas-caprimoon\/\" \/>\n<meta property=\"og:locale\" content=\"en_GB\" \/>\n<meta property=\"og:type\" content=\"article\" \/>\n<meta property=\"og:title\" content=\"Marcap\u00e1ginas Caprimoon | Ilustraci\u00f3n kawaii | Pick\u00b7Chick by Mec\" \/>\n<meta property=\"og:description\" content=\"Marcap\u00e1ginas de nuestra cabrita Caprimoon. Van laminados y decorados con cinta de organza, y el dise\u00f1o es distinto en ambas caras.\" \/>\n<meta property=\"og:url\" content=\"https:\/\/www.pickchickbymec.com\/en\/product\/marcapaginas-caprimoon\/\" \/>\n<meta property=\"og:site_name\" content=\"Pick\u00b7Chick by Mec\" \/>\n<meta property=\"article:modified_time\" content=\"2025-02-03T13:31:51+00:00\" \/>\n<meta property=\"og:image\" content=\"https:\/\/www.pickchickbymec.com\/wp-content\/uploads\/2023\/08\/mpcapri1.jpg\" \/>\n\t<meta property=\"og:image:width\" content=\"1200\" \/>\n\t<meta property=\"og:image:height\" content=\"1200\" \/>\n\t<meta property=\"og:image:type\" content=\"image\/jpeg\" \/>\n<meta name=\"twitter:card\" content=\"summary_large_image\" \/>\n<meta name=\"twitter:label1\" content=\"Estimated reading time\" \/>\n\t<meta name=\"twitter:data1\" content=\"2 minutes\" \/>\n<script type=\"application\/ld+json\" class=\"yoast-schema-graph\">{\"@context\":\"https:\\\/\\\/schema.org\",\"@graph\":[{\"@type\":\"WebPage\",\"@id\":\"https:\\\/\\\/www.pickchickbymec.com\\\/producto\\\/marcapaginas-caprimoon\\\/\",\"url\":\"https:\\\/\\\/www.pickchickbymec.com\\\/producto\\\/marcapaginas-caprimoon\\\/\",\"name\":\"Marcap\u00e1ginas Caprimoon | Ilustraci\u00f3n kawaii | Pick\u00b7Chick by Mec\",\"isPartOf\":{\"@id\":\"https:\\\/\\\/www.pickchickbymec.com\\\/#website\"},\"primaryImageOfPage\":{\"@id\":\"https:\\\/\\\/www.pickchickbymec.com\\\/producto\\\/marcapaginas-caprimoon\\\/#primaryimage\"},\"image\":{\"@id\":\"https:\\\/\\\/www.pickchickbymec.com\\\/producto\\\/marcapaginas-caprimoon\\\/#primaryimage\"},\"thumbnailUrl\":\"https:\\\/\\\/www.pickchickbymec.com\\\/wp-content\\\/uploads\\\/2023\\\/08\\\/mpcapri1.jpg\",\"datePublished\":\"2023-08-29T10:38:14+00:00\",\"dateModified\":\"2025-02-03T13:31:51+00:00\",\"description\":\"Marcap\u00e1ginas de nuestra cabrita Caprimoon. Van laminados y decorados con cinta de organza, y el dise\u00f1o es distinto en ambas caras.\",\"breadcrumb\":{\"@id\":\"https:\\\/\\\/www.pickchickbymec.com\\\/producto\\\/marcapaginas-caprimoon\\\/#breadcrumb\"},\"inLanguage\":\"en-GB\",\"potentialAction\":[{\"@type\":\"ReadAction\",\"target\":[\"https:\\\/\\\/www.pickchickbymec.com\\\/producto\\\/marcapaginas-caprimoon\\\/\"]}]},{\"@type\":\"ImageObject\",\"inLanguage\":\"en-GB\",\"@id\":\"https:\\\/\\\/www.pickchickbymec.com\\\/producto\\\/marcapaginas-caprimoon\\\/#primaryimage\",\"url\":\"https:\\\/\\\/www.pickchickbymec.com\\\/wp-content\\\/uploads\\\/2023\\\/08\\\/mpcapri1.jpg\",\"contentUrl\":\"https:\\\/\\\/www.pickchickbymec.com\\\/wp-content\\\/uploads\\\/2023\\\/08\\\/mpcapri1.jpg\",\"width\":1200,\"height\":1200},{\"@type\":\"BreadcrumbList\",\"@id\":\"https:\\\/\\\/www.pickchickbymec.com\\\/producto\\\/marcapaginas-caprimoon\\\/#breadcrumb\",\"itemListElement\":[{\"@type\":\"ListItem\",\"position\":1,\"name\":\"Portada\",\"item\":\"https:\\\/\\\/www.pickchickbymec.com\\\/\"},{\"@type\":\"ListItem\",\"position\":2,\"name\":\"Tienda\",\"item\":\"https:\\\/\\\/www.pickchickbymec.com\\\/tienda\\\/\"},{\"@type\":\"ListItem\",\"position\":3,\"name\":\"Marcap\u00e1ginas Caprimoon brujita sanadora\"}]},{\"@type\":\"WebSite\",\"@id\":\"https:\\\/\\\/www.pickchickbymec.com\\\/#website\",\"url\":\"https:\\\/\\\/www.pickchickbymec.com\\\/\",\"name\":\"Pick\u00b7Chick by Mec\",\"description\":\"kawaii illustrator and artisan\",\"publisher\":{\"@id\":\"https:\\\/\\\/www.pickchickbymec.com\\\/#\\\/schema\\\/person\\\/189a1cea9c7f6704595062aabbbb38fe\"},\"potentialAction\":[{\"@type\":\"SearchAction\",\"target\":{\"@type\":\"EntryPoint\",\"urlTemplate\":\"https:\\\/\\\/www.pickchickbymec.com\\\/?s={search_term_string}\"},\"query-input\":{\"@type\":\"PropertyValueSpecification\",\"valueRequired\":true,\"valueName\":\"search_term_string\"}}],\"inLanguage\":\"en-GB\"},{\"@type\":[\"Person\",\"Organization\"],\"@id\":\"https:\\\/\\\/www.pickchickbymec.com\\\/#\\\/schema\\\/person\\\/189a1cea9c7f6704595062aabbbb38fe\",\"name\":\"pickchickbymec\",\"image\":{\"@type\":\"ImageObject\",\"inLanguage\":\"en-GB\",\"@id\":\"https:\\\/\\\/secure.gravatar.com\\\/avatar\\\/0c13b11690ce1ad38e031b40cac436947d766b2585e3e81250e6cf60b0a3b61f?s=96&d=mm&r=g\",\"url\":\"https:\\\/\\\/secure.gravatar.com\\\/avatar\\\/0c13b11690ce1ad38e031b40cac436947d766b2585e3e81250e6cf60b0a3b61f?s=96&d=mm&r=g\",\"contentUrl\":\"https:\\\/\\\/secure.gravatar.com\\\/avatar\\\/0c13b11690ce1ad38e031b40cac436947d766b2585e3e81250e6cf60b0a3b61f?s=96&d=mm&r=g\",\"caption\":\"pickchickbymec\"},\"logo\":{\"@id\":\"https:\\\/\\\/secure.gravatar.com\\\/avatar\\\/0c13b11690ce1ad38e031b40cac436947d766b2585e3e81250e6cf60b0a3b61f?s=96&d=mm&r=g\"}}]}<\/script>\n<!-- \/ Yoast SEO plugin. -->","yoast_head_json":{"title":"Marcap\u00e1ginas Caprimoon | Ilustraci\u00f3n kawaii | Pick\u00b7Chick by Mec","description":"Marcap\u00e1ginas de nuestra cabrita Caprimoon. Van laminados y decorados con cinta de organza, y el dise\u00f1o es distinto en ambas caras.","robots":{"index":"index","follow":"follow","max-snippet":"max-snippet:-1","max-image-preview":"max-image-preview:large","max-video-preview":"max-video-preview:-1"},"canonical":"https:\/\/www.pickchickbymec.com\/en\/product\/marcapaginas-caprimoon\/","og_locale":"en_GB","og_type":"article","og_title":"Marcap\u00e1ginas Caprimoon | Ilustraci\u00f3n kawaii | Pick\u00b7Chick by Mec","og_description":"Marcap\u00e1ginas de nuestra cabrita Caprimoon. Van laminados y decorados con cinta de organza, y el dise\u00f1o es distinto en ambas caras.","og_url":"https:\/\/www.pickchickbymec.com\/en\/product\/marcapaginas-caprimoon\/","og_site_name":"Pick\u00b7Chick by Mec","article_modified_time":"2025-02-03T13:31:51+00:00","og_image":[{"width":1200,"height":1200,"url":"https:\/\/www.pickchickbymec.com\/wp-content\/uploads\/2023\/08\/mpcapri1.jpg","type":"image\/jpeg"}],"twitter_card":"summary_large_image","twitter_misc":{"Estimated reading time":"2 minutes"},"schema":{"@context":"https:\/\/schema.org","@graph":[{"@type":"WebPage","@id":"https:\/\/www.pickchickbymec.com\/producto\/marcapaginas-caprimoon\/","url":"https:\/\/www.pickchickbymec.com\/producto\/marcapaginas-caprimoon\/","name":"Marcap\u00e1ginas Caprimoon | Ilustraci\u00f3n kawaii | Pick\u00b7Chick by Mec","isPartOf":{"@id":"https:\/\/www.pickchickbymec.com\/#website"},"primaryImageOfPage":{"@id":"https:\/\/www.pickchickbymec.com\/producto\/marcapaginas-caprimoon\/#primaryimage"},"image":{"@id":"https:\/\/www.pickchickbymec.com\/producto\/marcapaginas-caprimoon\/#primaryimage"},"thumbnailUrl":"https:\/\/www.pickchickbymec.com\/wp-content\/uploads\/2023\/08\/mpcapri1.jpg","datePublished":"2023-08-29T10:38:14+00:00","dateModified":"2025-02-03T13:31:51+00:00","description":"Marcap\u00e1ginas de nuestra cabrita Caprimoon. Van laminados y decorados con cinta de organza, y el dise\u00f1o es distinto en ambas caras.","breadcrumb":{"@id":"https:\/\/www.pickchickbymec.com\/producto\/marcapaginas-caprimoon\/#breadcrumb"},"inLanguage":"en-GB","potentialAction":[{"@type":"ReadAction","target":["https:\/\/www.pickchickbymec.com\/producto\/marcapaginas-caprimoon\/"]}]},{"@type":"ImageObject","inLanguage":"en-GB","@id":"https:\/\/www.pickchickbymec.com\/producto\/marcapaginas-caprimoon\/#primaryimage","url":"https:\/\/www.pickchickbymec.com\/wp-content\/uploads\/2023\/08\/mpcapri1.jpg","contentUrl":"https:\/\/www.pickchickbymec.com\/wp-content\/uploads\/2023\/08\/mpcapri1.jpg","width":1200,"height":1200},{"@type":"BreadcrumbList","@id":"https:\/\/www.pickchickbymec.com\/producto\/marcapaginas-caprimoon\/#breadcrumb","itemListElement":[{"@type":"ListItem","position":1,"name":"Portada","item":"https:\/\/www.pickchickbymec.com\/"},{"@type":"ListItem","position":2,"name":"Tienda","item":"https:\/\/www.pickchickbymec.com\/tienda\/"},{"@type":"ListItem","position":3,"name":"Marcap\u00e1ginas Caprimoon brujita sanadora"}]},{"@type":"WebSite","@id":"https:\/\/www.pickchickbymec.com\/#website","url":"https:\/\/www.pickchickbymec.com\/","name":"Pick-Chick by Mec","description":"kawaii illustrator and artisan","publisher":{"@id":"https:\/\/www.pickchickbymec.com\/#\/schema\/person\/189a1cea9c7f6704595062aabbbb38fe"},"potentialAction":[{"@type":"SearchAction","target":{"@type":"EntryPoint","urlTemplate":"https:\/\/www.pickchickbymec.com\/?s={search_term_string}"},"query-input":{"@type":"PropertyValueSpecification","valueRequired":true,"valueName":"search_term_string"}}],"inLanguage":"en-GB"},{"@type":["Person","Organization"],"@id":"https:\/\/www.pickchickbymec.com\/#\/schema\/person\/189a1cea9c7f6704595062aabbbb38fe","name":"pickchickbymec","image":{"@type":"ImageObject","inLanguage":"en-GB","@id":"https:\/\/secure.gravatar.com\/avatar\/0c13b11690ce1ad38e031b40cac436947d766b2585e3e81250e6cf60b0a3b61f?s=96&d=mm&r=g","url":"https:\/\/secure.gravatar.com\/avatar\/0c13b11690ce1ad38e031b40cac436947d766b2585e3e81250e6cf60b0a3b61f?s=96&d=mm&r=g","contentUrl":"https:\/\/secure.gravatar.com\/avatar\/0c13b11690ce1ad38e031b40cac436947d766b2585e3e81250e6cf60b0a3b61f?s=96&d=mm&r=g","caption":"pickchickbymec"},"logo":{"@id":"https:\/\/secure.gravatar.com\/avatar\/0c13b11690ce1ad38e031b40cac436947d766b2585e3e81250e6cf60b0a3b61f?s=96&d=mm&r=g"}}]}},"jetpack-related-posts":[],"jetpack_sharing_enabled":true,"_links":{"self":[{"href":"https:\/\/www.pickchickbymec.com\/en\/wp-json\/wp\/v2\/product\/6427","targetHints":{"allow":["GET"]}}],"collection":[{"href":"https:\/\/www.pickchickbymec.com\/en\/wp-json\/wp\/v2\/product"}],"about":[{"href":"https:\/\/www.pickchickbymec.com\/en\/wp-json\/wp\/v2\/types\/product"}],"replies":[{"embeddable":true,"href":"https:\/\/www.pickchickbymec.com\/en\/wp-json\/wp\/v2\/comments?post=6427"}],"wp:featuredmedia":[{"embeddable":true,"href":"https:\/\/www.pickchickbymec.com\/en\/wp-json\/wp\/v2\/media\/6428"}],"wp:attachment":[{"href":"https:\/\/www.pickchickbymec.com\/en\/wp-json\/wp\/v2\/media?parent=6427"}],"wp:term":[{"taxonomy":"product_brand","embeddable":true,"href":"https:\/\/www.pickchickbymec.com\/en\/wp-json\/wp\/v2\/product_brand?post=6427"},{"taxonomy":"product_cat","embeddable":true,"href":"https:\/\/www.pickchickbymec.com\/en\/wp-json\/wp\/v2\/product_cat?post=6427"},{"taxonomy":"product_tag","embeddable":true,"href":"https:\/\/www.pickchickbymec.com\/en\/wp-json\/wp\/v2\/product_tag?post=6427"}],"curies":[{"name":"wp","href":"https:\/\/api.w.org\/{rel}","templated":true}]}}