{"id":6625,"date":"2023-10-30T16:35:20","date_gmt":"2023-10-30T15:35:20","guid":{"rendered":"https:\/\/www.pickchickbymec.com\/?post_type=product&#038;p=6625"},"modified":"2025-12-29T17:29:22","modified_gmt":"2025-12-29T16:29:22","slug":"estuche-brujita-caprimoon","status":"publish","type":"product","link":"https:\/\/www.pickchickbymec.com\/en\/product\/estuche-brujita-caprimoon\/","title":{"rendered":"Estuche de tela brujita Caprimoon (hecho a mano)"},"content":{"rendered":"<p>Estuche de estilo kawaii cosido completamente a mano y con ilustraciones de nuestra cabra brujita Caprimoon. Esta colecci\u00f3n luce a nuestra peque\u00f1a Caprimoon vestida de hechicera combinada con un estampado de elementos inspirados en el mundo de la medicina y en la brujer\u00eda. De estilo pastel-goth y en tonos azules, rosas y morados contrastados con el fondo negro, este estuche es perfecto para aquellas personas amantes del kawaii y las cosas monas, pero con el toquecillo oscuro y g\u00f3tico. La colecci\u00f3n de Caprimoon brujita es un peque\u00f1o homenaje a la magia curativa y a las buenas energ\u00edas para cuidar de nuestros seres queridos. Est\u00e1 completamente cosido a mano por mi, en sarga muy suave e impresi\u00f3n de gran calidad, con colores brillantes y contornos bien definidos.<\/p>\n<p><strong>Estuche brujita Caprimoon. Especificaciones:<\/strong><\/p>\n<ul>\n<li>Medidas: 20 x 10,5 cm<\/li>\n<li>Tela de sarga suave impresa<\/li>\n<li>Remate en punto zigzag<\/li>\n<li>Cierre de cremallera<\/li>\n<li>HECHA A MANO<\/li>\n<\/ul>\n<p>Este producto se env\u00eda por correo certificado con n\u00famero de seguimiento.<\/p>\n<p><span style=\"font-weight: 400;\">Echa un vistazo al resto de<a href=\"https:\/\/www.pickchickbymec.com\/en\/product-tag\/personajes-originales\/\"> productos inspirados en personajes originales<\/a> que hay en mi tienda y ahorra al combinar los env\u00edos pidiendo m\u00e1s de un producto. <\/span><\/p>\n<p><span style=\"font-weight: 400;\">Si quieres enterarte de todas las novedades y ver fotos del proceso de los nuevos productos s\u00edgueme en <a href=\"https:\/\/twitter.com\/pickchickbymec\">Twitter<\/a> e <a href=\"https:\/\/www.instagram.com\/pickchickbymec\/\">Instagram<\/a>.<\/span><\/p>","protected":false},"excerpt":{"rendered":"<p>Estuche de tela con cierre de cremallera cosido a mano.<\/p>\n<p>Estampado exclusivo inspirado en Caprimoon, nuestra cabrita.<\/p>","protected":false},"featured_media":6627,"comment_status":"open","ping_status":"closed","template":"","meta":{"_monsterinsights_skip_tracking":false,"_monsterinsights_sitenote_active":false,"_monsterinsights_sitenote_note":"","_monsterinsights_sitenote_category":0},"product_brand":[],"product_cat":[429],"product_tag":[404,365,482,513],"class_list":{"0":"post-6625","1":"product","2":"type-product","3":"status-publish","4":"has-post-thumbnail","6":"product_cat-textil","7":"product_tag-caprimoon","8":"product_tag-estuche","9":"product_tag-oc","10":"product_tag-personajes-originales","11":"product_shipping_class-b-certificado-ligero","13":"first","14":"instock","15":"taxable","16":"shipping-taxable","17":"purchasable","18":"product-type-simple"},"yoast_head":"<!-- This site is optimized with the Yoast SEO plugin v27.4 - https:\/\/yoast.com\/product\/yoast-seo-wordpress\/ -->\n<title>Estuche brujita Caprimoon | Accesorios hechos a mano | Pick\u00b7Chick by Mec<\/title>\n<meta name=\"description\" content=\"Estuche de tela completamente cosido a mano con dise\u00f1o de Caprimoon brujita. De estilo pastel goth con estampado inspirado en la medicina y la hechicer\u00eda.\" \/>\n<meta name=\"robots\" content=\"index, follow, max-snippet:-1, max-image-preview:large, max-video-preview:-1\" \/>\n<link rel=\"canonical\" href=\"https:\/\/www.pickchickbymec.com\/en\/product\/estuche-brujita-caprimoon\/\" \/>\n<meta property=\"og:locale\" content=\"en_GB\" \/>\n<meta property=\"og:type\" content=\"article\" \/>\n<meta property=\"og:title\" content=\"Estuche brujita Caprimoon | Accesorios hechos a mano | Pick\u00b7Chick by Mec\" \/>\n<meta property=\"og:description\" content=\"Estuche de tela completamente cosido a mano con dise\u00f1o de Caprimoon brujita. De estilo pastel goth con estampado inspirado en la medicina y la hechicer\u00eda.\" \/>\n<meta property=\"og:url\" content=\"https:\/\/www.pickchickbymec.com\/en\/product\/estuche-brujita-caprimoon\/\" \/>\n<meta property=\"og:site_name\" content=\"Pick\u00b7Chick by Mec\" \/>\n<meta property=\"article:modified_time\" content=\"2025-12-29T16:29:22+00:00\" \/>\n<meta property=\"og:image\" content=\"https:\/\/www.pickchickbymec.com\/wp-content\/uploads\/2023\/10\/estucapri2-scaled.jpg\" \/>\n\t<meta property=\"og:image:width\" content=\"2560\" \/>\n\t<meta property=\"og:image:height\" content=\"2214\" \/>\n\t<meta property=\"og:image:type\" content=\"image\/jpeg\" \/>\n<meta name=\"twitter:card\" content=\"summary_large_image\" \/>\n<meta name=\"twitter:label1\" content=\"Estimated reading time\" \/>\n\t<meta name=\"twitter:data1\" content=\"2 minutes\" \/>\n<script type=\"application\/ld+json\" class=\"yoast-schema-graph\">{\"@context\":\"https:\\\/\\\/schema.org\",\"@graph\":[{\"@type\":\"WebPage\",\"@id\":\"https:\\\/\\\/www.pickchickbymec.com\\\/producto\\\/estuche-brujita-caprimoon\\\/\",\"url\":\"https:\\\/\\\/www.pickchickbymec.com\\\/producto\\\/estuche-brujita-caprimoon\\\/\",\"name\":\"Estuche brujita Caprimoon | Accesorios hechos a mano | Pick\u00b7Chick by Mec\",\"isPartOf\":{\"@id\":\"https:\\\/\\\/www.pickchickbymec.com\\\/#website\"},\"primaryImageOfPage\":{\"@id\":\"https:\\\/\\\/www.pickchickbymec.com\\\/producto\\\/estuche-brujita-caprimoon\\\/#primaryimage\"},\"image\":{\"@id\":\"https:\\\/\\\/www.pickchickbymec.com\\\/producto\\\/estuche-brujita-caprimoon\\\/#primaryimage\"},\"thumbnailUrl\":\"https:\\\/\\\/www.pickchickbymec.com\\\/wp-content\\\/uploads\\\/2023\\\/10\\\/estucapri2-scaled.jpg\",\"datePublished\":\"2023-10-30T15:35:20+00:00\",\"dateModified\":\"2025-12-29T16:29:22+00:00\",\"description\":\"Estuche de tela completamente cosido a mano con dise\u00f1o de Caprimoon brujita. De estilo pastel goth con estampado inspirado en la medicina y la hechicer\u00eda.\",\"breadcrumb\":{\"@id\":\"https:\\\/\\\/www.pickchickbymec.com\\\/producto\\\/estuche-brujita-caprimoon\\\/#breadcrumb\"},\"inLanguage\":\"en-GB\",\"potentialAction\":[{\"@type\":\"ReadAction\",\"target\":[\"https:\\\/\\\/www.pickchickbymec.com\\\/producto\\\/estuche-brujita-caprimoon\\\/\"]}]},{\"@type\":\"ImageObject\",\"inLanguage\":\"en-GB\",\"@id\":\"https:\\\/\\\/www.pickchickbymec.com\\\/producto\\\/estuche-brujita-caprimoon\\\/#primaryimage\",\"url\":\"https:\\\/\\\/www.pickchickbymec.com\\\/wp-content\\\/uploads\\\/2023\\\/10\\\/estucapri2-scaled.jpg\",\"contentUrl\":\"https:\\\/\\\/www.pickchickbymec.com\\\/wp-content\\\/uploads\\\/2023\\\/10\\\/estucapri2-scaled.jpg\",\"width\":2560,\"height\":2214,\"caption\":\"estuche pastel goth kawaii\"},{\"@type\":\"BreadcrumbList\",\"@id\":\"https:\\\/\\\/www.pickchickbymec.com\\\/producto\\\/estuche-brujita-caprimoon\\\/#breadcrumb\",\"itemListElement\":[{\"@type\":\"ListItem\",\"position\":1,\"name\":\"Portada\",\"item\":\"https:\\\/\\\/www.pickchickbymec.com\\\/\"},{\"@type\":\"ListItem\",\"position\":2,\"name\":\"Tienda\",\"item\":\"https:\\\/\\\/www.pickchickbymec.com\\\/tienda\\\/\"},{\"@type\":\"ListItem\",\"position\":3,\"name\":\"Estuche de tela brujita Caprimoon (hecho a mano)\"}]},{\"@type\":\"WebSite\",\"@id\":\"https:\\\/\\\/www.pickchickbymec.com\\\/#website\",\"url\":\"https:\\\/\\\/www.pickchickbymec.com\\\/\",\"name\":\"Pick\u00b7Chick by Mec\",\"description\":\"kawaii illustrator and artisan\",\"publisher\":{\"@id\":\"https:\\\/\\\/www.pickchickbymec.com\\\/#\\\/schema\\\/person\\\/189a1cea9c7f6704595062aabbbb38fe\"},\"potentialAction\":[{\"@type\":\"SearchAction\",\"target\":{\"@type\":\"EntryPoint\",\"urlTemplate\":\"https:\\\/\\\/www.pickchickbymec.com\\\/?s={search_term_string}\"},\"query-input\":{\"@type\":\"PropertyValueSpecification\",\"valueRequired\":true,\"valueName\":\"search_term_string\"}}],\"inLanguage\":\"en-GB\"},{\"@type\":[\"Person\",\"Organization\"],\"@id\":\"https:\\\/\\\/www.pickchickbymec.com\\\/#\\\/schema\\\/person\\\/189a1cea9c7f6704595062aabbbb38fe\",\"name\":\"pickchickbymec\",\"image\":{\"@type\":\"ImageObject\",\"inLanguage\":\"en-GB\",\"@id\":\"https:\\\/\\\/secure.gravatar.com\\\/avatar\\\/0c13b11690ce1ad38e031b40cac436947d766b2585e3e81250e6cf60b0a3b61f?s=96&d=mm&r=g\",\"url\":\"https:\\\/\\\/secure.gravatar.com\\\/avatar\\\/0c13b11690ce1ad38e031b40cac436947d766b2585e3e81250e6cf60b0a3b61f?s=96&d=mm&r=g\",\"contentUrl\":\"https:\\\/\\\/secure.gravatar.com\\\/avatar\\\/0c13b11690ce1ad38e031b40cac436947d766b2585e3e81250e6cf60b0a3b61f?s=96&d=mm&r=g\",\"caption\":\"pickchickbymec\"},\"logo\":{\"@id\":\"https:\\\/\\\/secure.gravatar.com\\\/avatar\\\/0c13b11690ce1ad38e031b40cac436947d766b2585e3e81250e6cf60b0a3b61f?s=96&d=mm&r=g\"}}]}<\/script>\n<!-- \/ Yoast SEO plugin. -->","yoast_head_json":{"title":"Estuche brujita Caprimoon | Accesorios hechos a mano | Pick\u00b7Chick by Mec","description":"Estuche de tela completamente cosido a mano con dise\u00f1o de Caprimoon brujita. De estilo pastel goth con estampado inspirado en la medicina y la hechicer\u00eda.","robots":{"index":"index","follow":"follow","max-snippet":"max-snippet:-1","max-image-preview":"max-image-preview:large","max-video-preview":"max-video-preview:-1"},"canonical":"https:\/\/www.pickchickbymec.com\/en\/product\/estuche-brujita-caprimoon\/","og_locale":"en_GB","og_type":"article","og_title":"Estuche brujita Caprimoon | Accesorios hechos a mano | Pick\u00b7Chick by Mec","og_description":"Estuche de tela completamente cosido a mano con dise\u00f1o de Caprimoon brujita. De estilo pastel goth con estampado inspirado en la medicina y la hechicer\u00eda.","og_url":"https:\/\/www.pickchickbymec.com\/en\/product\/estuche-brujita-caprimoon\/","og_site_name":"Pick\u00b7Chick by Mec","article_modified_time":"2025-12-29T16:29:22+00:00","og_image":[{"width":2560,"height":2214,"url":"https:\/\/www.pickchickbymec.com\/wp-content\/uploads\/2023\/10\/estucapri2-scaled.jpg","type":"image\/jpeg"}],"twitter_card":"summary_large_image","twitter_misc":{"Estimated reading time":"2 minutes"},"schema":{"@context":"https:\/\/schema.org","@graph":[{"@type":"WebPage","@id":"https:\/\/www.pickchickbymec.com\/producto\/estuche-brujita-caprimoon\/","url":"https:\/\/www.pickchickbymec.com\/producto\/estuche-brujita-caprimoon\/","name":"Estuche brujita Caprimoon | Accesorios hechos a mano | Pick\u00b7Chick by Mec","isPartOf":{"@id":"https:\/\/www.pickchickbymec.com\/#website"},"primaryImageOfPage":{"@id":"https:\/\/www.pickchickbymec.com\/producto\/estuche-brujita-caprimoon\/#primaryimage"},"image":{"@id":"https:\/\/www.pickchickbymec.com\/producto\/estuche-brujita-caprimoon\/#primaryimage"},"thumbnailUrl":"https:\/\/www.pickchickbymec.com\/wp-content\/uploads\/2023\/10\/estucapri2-scaled.jpg","datePublished":"2023-10-30T15:35:20+00:00","dateModified":"2025-12-29T16:29:22+00:00","description":"Estuche de tela completamente cosido a mano con dise\u00f1o de Caprimoon brujita. De estilo pastel goth con estampado inspirado en la medicina y la hechicer\u00eda.","breadcrumb":{"@id":"https:\/\/www.pickchickbymec.com\/producto\/estuche-brujita-caprimoon\/#breadcrumb"},"inLanguage":"en-GB","potentialAction":[{"@type":"ReadAction","target":["https:\/\/www.pickchickbymec.com\/producto\/estuche-brujita-caprimoon\/"]}]},{"@type":"ImageObject","inLanguage":"en-GB","@id":"https:\/\/www.pickchickbymec.com\/producto\/estuche-brujita-caprimoon\/#primaryimage","url":"https:\/\/www.pickchickbymec.com\/wp-content\/uploads\/2023\/10\/estucapri2-scaled.jpg","contentUrl":"https:\/\/www.pickchickbymec.com\/wp-content\/uploads\/2023\/10\/estucapri2-scaled.jpg","width":2560,"height":2214,"caption":"estuche pastel goth kawaii"},{"@type":"BreadcrumbList","@id":"https:\/\/www.pickchickbymec.com\/producto\/estuche-brujita-caprimoon\/#breadcrumb","itemListElement":[{"@type":"ListItem","position":1,"name":"Portada","item":"https:\/\/www.pickchickbymec.com\/"},{"@type":"ListItem","position":2,"name":"Tienda","item":"https:\/\/www.pickchickbymec.com\/tienda\/"},{"@type":"ListItem","position":3,"name":"Estuche de tela brujita Caprimoon (hecho a mano)"}]},{"@type":"WebSite","@id":"https:\/\/www.pickchickbymec.com\/#website","url":"https:\/\/www.pickchickbymec.com\/","name":"Pick-Chick by Mec","description":"kawaii illustrator and artisan","publisher":{"@id":"https:\/\/www.pickchickbymec.com\/#\/schema\/person\/189a1cea9c7f6704595062aabbbb38fe"},"potentialAction":[{"@type":"SearchAction","target":{"@type":"EntryPoint","urlTemplate":"https:\/\/www.pickchickbymec.com\/?s={search_term_string}"},"query-input":{"@type":"PropertyValueSpecification","valueRequired":true,"valueName":"search_term_string"}}],"inLanguage":"en-GB"},{"@type":["Person","Organization"],"@id":"https:\/\/www.pickchickbymec.com\/#\/schema\/person\/189a1cea9c7f6704595062aabbbb38fe","name":"pickchickbymec","image":{"@type":"ImageObject","inLanguage":"en-GB","@id":"https:\/\/secure.gravatar.com\/avatar\/0c13b11690ce1ad38e031b40cac436947d766b2585e3e81250e6cf60b0a3b61f?s=96&d=mm&r=g","url":"https:\/\/secure.gravatar.com\/avatar\/0c13b11690ce1ad38e031b40cac436947d766b2585e3e81250e6cf60b0a3b61f?s=96&d=mm&r=g","contentUrl":"https:\/\/secure.gravatar.com\/avatar\/0c13b11690ce1ad38e031b40cac436947d766b2585e3e81250e6cf60b0a3b61f?s=96&d=mm&r=g","caption":"pickchickbymec"},"logo":{"@id":"https:\/\/secure.gravatar.com\/avatar\/0c13b11690ce1ad38e031b40cac436947d766b2585e3e81250e6cf60b0a3b61f?s=96&d=mm&r=g"}}]}},"jetpack-related-posts":[],"jetpack_sharing_enabled":true,"_links":{"self":[{"href":"https:\/\/www.pickchickbymec.com\/en\/wp-json\/wp\/v2\/product\/6625","targetHints":{"allow":["GET"]}}],"collection":[{"href":"https:\/\/www.pickchickbymec.com\/en\/wp-json\/wp\/v2\/product"}],"about":[{"href":"https:\/\/www.pickchickbymec.com\/en\/wp-json\/wp\/v2\/types\/product"}],"replies":[{"embeddable":true,"href":"https:\/\/www.pickchickbymec.com\/en\/wp-json\/wp\/v2\/comments?post=6625"}],"wp:featuredmedia":[{"embeddable":true,"href":"https:\/\/www.pickchickbymec.com\/en\/wp-json\/wp\/v2\/media\/6627"}],"wp:attachment":[{"href":"https:\/\/www.pickchickbymec.com\/en\/wp-json\/wp\/v2\/media?parent=6625"}],"wp:term":[{"taxonomy":"product_brand","embeddable":true,"href":"https:\/\/www.pickchickbymec.com\/en\/wp-json\/wp\/v2\/product_brand?post=6625"},{"taxonomy":"product_cat","embeddable":true,"href":"https:\/\/www.pickchickbymec.com\/en\/wp-json\/wp\/v2\/product_cat?post=6625"},{"taxonomy":"product_tag","embeddable":true,"href":"https:\/\/www.pickchickbymec.com\/en\/wp-json\/wp\/v2\/product_tag?post=6625"}],"curies":[{"name":"wp","href":"https:\/\/api.w.org\/{rel}","templated":true}]}}