{"id":6834,"date":"2024-01-13T19:23:02","date_gmt":"2024-01-13T18:23:02","guid":{"rendered":"https:\/\/www.pickchickbymec.com\/?post_type=product&#038;p=6834"},"modified":"2025-12-29T17:26:01","modified_gmt":"2025-12-29T16:26:01","slug":"baraja-tarot-owlelle-buhos-y-plantas","status":"publish","type":"product","link":"https:\/\/www.pickchickbymec.com\/en\/product\/baraja-tarot-owlelle-buhos-y-plantas\/","title":{"rendered":"Baraja TAROT de b\u00fahos y plantas Owlelle (Arcanos mayores)"},"content":{"rendered":"<p>Baraja de tarot protagonizada por Owlelle, con la tem\u00e1tica de b\u00fahos y plantas. Se trata de una baraja que incluye los 22 arcanos mayores. Cada carta tiene un dise\u00f1o \u00fanico, inspirado en los elementos caracter\u00edsticos de su arcano y en la planta que se le asocia. Van impresas en un papel de tacto muy agradable con efecto de brillo dorado. Las ilustraciones, en tonos verdes y granates, le dan un estilo m\u00e1gico que nos recuerda al bosque. Esta baraja es una pieza ideal para cualquier persona que lea el tarot, las coleccione o se quiera iniciar en la consulta a las cartas, ya que incluye un peque\u00f1o folleto para aprender a realizar y leer una tirada muy sencilla.<\/p>\n<p><strong>Baraja Tarot de b\u00fahos Owlelle. Especificaciones:<\/strong><\/p>\n<ul>\n<li>Papel dorado con efecto brillo<\/li>\n<li>Medidas de las cartas: 16 x 7,5 cm.<\/li>\n<li>Incluye 22 cartas con todos los arcanos mayores<\/li>\n<li>Funda de tela de terciopelo tipo judas<\/li>\n<li>Folleto con las instrucciones para realizar y leer una tirada sencilla<\/li>\n<\/ul>\n<p><span style=\"font-weight: 400;\">Este producto se env\u00eda por correo certificado con n\u00famero de seguimiento.<\/span><\/p>\n<p>Puede que tambi\u00e9n te guste el <a href=\"https:\/\/www.pickchickbymec.com\/en\/product\/baraja-tarot-caprimoon\/\">Tarot de Caprimoon<\/a>.<\/p>\n<p><span style=\"font-weight: 400;\">Echa un vistazo al resto de productos de mi tienda inspirados en <a href=\"https:\/\/www.pickchickbymec.com\/en\/product-tag\/personajes-originales\/\">personajes propios<\/a> y ahorra al combinar los env\u00edos pidiendo m\u00e1s de un producto. <\/span><\/p>\n<p><span style=\"font-weight: 400;\">Si quieres enterarte de todas las novedades y ver fotos del proceso de los nuevos productos s\u00edgueme en <a href=\"https:\/\/twitter.com\/pickchickbymec\">Twitter<\/a> e <a href=\"https:\/\/www.instagram.com\/pickchickbymec\/\">Instagram<\/a>.<\/span><\/p>","protected":false},"excerpt":{"rendered":"<p>Baraja con los 22 arcanos mayores.<\/p>\n<p>Medidas: 16 x 7,5 cm.<\/p>","protected":false},"featured_media":7447,"comment_status":"open","ping_status":"closed","template":"","meta":{"_monsterinsights_skip_tracking":false,"_monsterinsights_sitenote_active":false,"_monsterinsights_sitenote_note":"","_monsterinsights_sitenote_category":0},"product_brand":[],"product_cat":[293],"product_tag":[374,482,493,397,513,403],"class_list":{"0":"post-6834","1":"product","2":"type-product","3":"status-publish","4":"has-post-thumbnail","6":"product_cat-ilustracion-1","7":"product_tag-fanzine","8":"product_tag-oc","9":"product_tag-owlelle","10":"product_tag-pajaros","11":"product_tag-personajes-originales","12":"product_tag-tarot","13":"product_shipping_class-b-certificado-ligero","15":"first","16":"instock","17":"taxable","18":"shipping-taxable","19":"purchasable","20":"product-type-simple"},"yoast_head":"<!-- This site is optimized with the Yoast SEO plugin v27.4 - https:\/\/yoast.com\/product\/yoast-seo-wordpress\/ -->\n<title>Baraja TAROT de b\u00fahos y plantas Owlelle (Arcanos mayores) - Pick\u00b7Chick by Mec<\/title>\n<meta name=\"description\" content=\"Baraja de cartas del Tarot inspirada en nuestra b\u00faho Owlelle y distintas plantas. Incluye los 22 arcanos mayores impresos en papel dorado de efecto perlado.\" \/>\n<meta name=\"robots\" content=\"index, follow, max-snippet:-1, max-image-preview:large, max-video-preview:-1\" \/>\n<link rel=\"canonical\" href=\"https:\/\/www.pickchickbymec.com\/en\/product\/baraja-tarot-owlelle-buhos-y-plantas\/\" \/>\n<meta property=\"og:locale\" content=\"en_GB\" \/>\n<meta property=\"og:type\" content=\"article\" \/>\n<meta property=\"og:title\" content=\"Baraja TAROT de b\u00fahos y plantas Owlelle (Arcanos mayores) - Pick\u00b7Chick by Mec\" \/>\n<meta property=\"og:description\" content=\"Baraja de cartas del Tarot inspirada en nuestra b\u00faho Owlelle y distintas plantas. Incluye los 22 arcanos mayores impresos en papel dorado de efecto perlado.\" \/>\n<meta property=\"og:url\" content=\"https:\/\/www.pickchickbymec.com\/en\/product\/baraja-tarot-owlelle-buhos-y-plantas\/\" \/>\n<meta property=\"og:site_name\" content=\"Pick\u00b7Chick by Mec\" \/>\n<meta property=\"article:modified_time\" content=\"2025-12-29T16:26:01+00:00\" \/>\n<meta property=\"og:image\" content=\"https:\/\/www.pickchickbymec.com\/wp-content\/uploads\/2024\/01\/owlelle3-1.jpg\" \/>\n\t<meta property=\"og:image:width\" content=\"2000\" \/>\n\t<meta property=\"og:image:height\" content=\"1333\" \/>\n\t<meta property=\"og:image:type\" content=\"image\/jpeg\" \/>\n<meta name=\"twitter:card\" content=\"summary_large_image\" \/>\n<meta name=\"twitter:label1\" content=\"Estimated reading time\" \/>\n\t<meta name=\"twitter:data1\" content=\"2 minutes\" \/>\n<script type=\"application\/ld+json\" class=\"yoast-schema-graph\">{\"@context\":\"https:\\\/\\\/schema.org\",\"@graph\":[{\"@type\":\"WebPage\",\"@id\":\"https:\\\/\\\/www.pickchickbymec.com\\\/producto\\\/baraja-tarot-owlelle-buhos-y-plantas\\\/\",\"url\":\"https:\\\/\\\/www.pickchickbymec.com\\\/producto\\\/baraja-tarot-owlelle-buhos-y-plantas\\\/\",\"name\":\"Baraja TAROT de b\u00fahos y plantas Owlelle (Arcanos mayores) - Pick\u00b7Chick by Mec\",\"isPartOf\":{\"@id\":\"https:\\\/\\\/www.pickchickbymec.com\\\/#website\"},\"primaryImageOfPage\":{\"@id\":\"https:\\\/\\\/www.pickchickbymec.com\\\/producto\\\/baraja-tarot-owlelle-buhos-y-plantas\\\/#primaryimage\"},\"image\":{\"@id\":\"https:\\\/\\\/www.pickchickbymec.com\\\/producto\\\/baraja-tarot-owlelle-buhos-y-plantas\\\/#primaryimage\"},\"thumbnailUrl\":\"https:\\\/\\\/www.pickchickbymec.com\\\/wp-content\\\/uploads\\\/2024\\\/01\\\/owlelle3-1.jpg\",\"datePublished\":\"2024-01-13T18:23:02+00:00\",\"dateModified\":\"2025-12-29T16:26:01+00:00\",\"description\":\"Baraja de cartas del Tarot inspirada en nuestra b\u00faho Owlelle y distintas plantas. Incluye los 22 arcanos mayores impresos en papel dorado de efecto perlado.\",\"breadcrumb\":{\"@id\":\"https:\\\/\\\/www.pickchickbymec.com\\\/producto\\\/baraja-tarot-owlelle-buhos-y-plantas\\\/#breadcrumb\"},\"inLanguage\":\"en-GB\",\"potentialAction\":[{\"@type\":\"ReadAction\",\"target\":[\"https:\\\/\\\/www.pickchickbymec.com\\\/producto\\\/baraja-tarot-owlelle-buhos-y-plantas\\\/\"]}]},{\"@type\":\"ImageObject\",\"inLanguage\":\"en-GB\",\"@id\":\"https:\\\/\\\/www.pickchickbymec.com\\\/producto\\\/baraja-tarot-owlelle-buhos-y-plantas\\\/#primaryimage\",\"url\":\"https:\\\/\\\/www.pickchickbymec.com\\\/wp-content\\\/uploads\\\/2024\\\/01\\\/owlelle3-1.jpg\",\"contentUrl\":\"https:\\\/\\\/www.pickchickbymec.com\\\/wp-content\\\/uploads\\\/2024\\\/01\\\/owlelle3-1.jpg\",\"width\":2000,\"height\":1333,\"caption\":\"tarot b\u00fahos\"},{\"@type\":\"BreadcrumbList\",\"@id\":\"https:\\\/\\\/www.pickchickbymec.com\\\/producto\\\/baraja-tarot-owlelle-buhos-y-plantas\\\/#breadcrumb\",\"itemListElement\":[{\"@type\":\"ListItem\",\"position\":1,\"name\":\"Portada\",\"item\":\"https:\\\/\\\/www.pickchickbymec.com\\\/\"},{\"@type\":\"ListItem\",\"position\":2,\"name\":\"Tienda\",\"item\":\"https:\\\/\\\/www.pickchickbymec.com\\\/tienda\\\/\"},{\"@type\":\"ListItem\",\"position\":3,\"name\":\"Baraja TAROT de b\u00fahos y plantas Owlelle (Arcanos mayores)\"}]},{\"@type\":\"WebSite\",\"@id\":\"https:\\\/\\\/www.pickchickbymec.com\\\/#website\",\"url\":\"https:\\\/\\\/www.pickchickbymec.com\\\/\",\"name\":\"Pick\u00b7Chick by Mec\",\"description\":\"kawaii illustrator and artisan\",\"publisher\":{\"@id\":\"https:\\\/\\\/www.pickchickbymec.com\\\/#\\\/schema\\\/person\\\/189a1cea9c7f6704595062aabbbb38fe\"},\"potentialAction\":[{\"@type\":\"SearchAction\",\"target\":{\"@type\":\"EntryPoint\",\"urlTemplate\":\"https:\\\/\\\/www.pickchickbymec.com\\\/?s={search_term_string}\"},\"query-input\":{\"@type\":\"PropertyValueSpecification\",\"valueRequired\":true,\"valueName\":\"search_term_string\"}}],\"inLanguage\":\"en-GB\"},{\"@type\":[\"Person\",\"Organization\"],\"@id\":\"https:\\\/\\\/www.pickchickbymec.com\\\/#\\\/schema\\\/person\\\/189a1cea9c7f6704595062aabbbb38fe\",\"name\":\"pickchickbymec\",\"image\":{\"@type\":\"ImageObject\",\"inLanguage\":\"en-GB\",\"@id\":\"https:\\\/\\\/secure.gravatar.com\\\/avatar\\\/0c13b11690ce1ad38e031b40cac436947d766b2585e3e81250e6cf60b0a3b61f?s=96&d=mm&r=g\",\"url\":\"https:\\\/\\\/secure.gravatar.com\\\/avatar\\\/0c13b11690ce1ad38e031b40cac436947d766b2585e3e81250e6cf60b0a3b61f?s=96&d=mm&r=g\",\"contentUrl\":\"https:\\\/\\\/secure.gravatar.com\\\/avatar\\\/0c13b11690ce1ad38e031b40cac436947d766b2585e3e81250e6cf60b0a3b61f?s=96&d=mm&r=g\",\"caption\":\"pickchickbymec\"},\"logo\":{\"@id\":\"https:\\\/\\\/secure.gravatar.com\\\/avatar\\\/0c13b11690ce1ad38e031b40cac436947d766b2585e3e81250e6cf60b0a3b61f?s=96&d=mm&r=g\"}}]}<\/script>\n<!-- \/ Yoast SEO plugin. -->","yoast_head_json":{"title":"Baraja TAROT de b\u00fahos y plantas Owlelle (Arcanos mayores) - Pick\u00b7Chick by Mec","description":"Baraja de cartas del Tarot inspirada en nuestra b\u00faho Owlelle y distintas plantas. Incluye los 22 arcanos mayores impresos en papel dorado de efecto perlado.","robots":{"index":"index","follow":"follow","max-snippet":"max-snippet:-1","max-image-preview":"max-image-preview:large","max-video-preview":"max-video-preview:-1"},"canonical":"https:\/\/www.pickchickbymec.com\/en\/product\/baraja-tarot-owlelle-buhos-y-plantas\/","og_locale":"en_GB","og_type":"article","og_title":"Baraja TAROT de b\u00fahos y plantas Owlelle (Arcanos mayores) - Pick\u00b7Chick by Mec","og_description":"Baraja de cartas del Tarot inspirada en nuestra b\u00faho Owlelle y distintas plantas. Incluye los 22 arcanos mayores impresos en papel dorado de efecto perlado.","og_url":"https:\/\/www.pickchickbymec.com\/en\/product\/baraja-tarot-owlelle-buhos-y-plantas\/","og_site_name":"Pick\u00b7Chick by Mec","article_modified_time":"2025-12-29T16:26:01+00:00","og_image":[{"width":2000,"height":1333,"url":"https:\/\/www.pickchickbymec.com\/wp-content\/uploads\/2024\/01\/owlelle3-1.jpg","type":"image\/jpeg"}],"twitter_card":"summary_large_image","twitter_misc":{"Estimated reading time":"2 minutes"},"schema":{"@context":"https:\/\/schema.org","@graph":[{"@type":"WebPage","@id":"https:\/\/www.pickchickbymec.com\/producto\/baraja-tarot-owlelle-buhos-y-plantas\/","url":"https:\/\/www.pickchickbymec.com\/producto\/baraja-tarot-owlelle-buhos-y-plantas\/","name":"Baraja TAROT de b\u00fahos y plantas Owlelle (Arcanos mayores) - Pick\u00b7Chick by Mec","isPartOf":{"@id":"https:\/\/www.pickchickbymec.com\/#website"},"primaryImageOfPage":{"@id":"https:\/\/www.pickchickbymec.com\/producto\/baraja-tarot-owlelle-buhos-y-plantas\/#primaryimage"},"image":{"@id":"https:\/\/www.pickchickbymec.com\/producto\/baraja-tarot-owlelle-buhos-y-plantas\/#primaryimage"},"thumbnailUrl":"https:\/\/www.pickchickbymec.com\/wp-content\/uploads\/2024\/01\/owlelle3-1.jpg","datePublished":"2024-01-13T18:23:02+00:00","dateModified":"2025-12-29T16:26:01+00:00","description":"Baraja de cartas del Tarot inspirada en nuestra b\u00faho Owlelle y distintas plantas. Incluye los 22 arcanos mayores impresos en papel dorado de efecto perlado.","breadcrumb":{"@id":"https:\/\/www.pickchickbymec.com\/producto\/baraja-tarot-owlelle-buhos-y-plantas\/#breadcrumb"},"inLanguage":"en-GB","potentialAction":[{"@type":"ReadAction","target":["https:\/\/www.pickchickbymec.com\/producto\/baraja-tarot-owlelle-buhos-y-plantas\/"]}]},{"@type":"ImageObject","inLanguage":"en-GB","@id":"https:\/\/www.pickchickbymec.com\/producto\/baraja-tarot-owlelle-buhos-y-plantas\/#primaryimage","url":"https:\/\/www.pickchickbymec.com\/wp-content\/uploads\/2024\/01\/owlelle3-1.jpg","contentUrl":"https:\/\/www.pickchickbymec.com\/wp-content\/uploads\/2024\/01\/owlelle3-1.jpg","width":2000,"height":1333,"caption":"tarot b\u00fahos"},{"@type":"BreadcrumbList","@id":"https:\/\/www.pickchickbymec.com\/producto\/baraja-tarot-owlelle-buhos-y-plantas\/#breadcrumb","itemListElement":[{"@type":"ListItem","position":1,"name":"Portada","item":"https:\/\/www.pickchickbymec.com\/"},{"@type":"ListItem","position":2,"name":"Tienda","item":"https:\/\/www.pickchickbymec.com\/tienda\/"},{"@type":"ListItem","position":3,"name":"Baraja TAROT de b\u00fahos y plantas Owlelle (Arcanos mayores)"}]},{"@type":"WebSite","@id":"https:\/\/www.pickchickbymec.com\/#website","url":"https:\/\/www.pickchickbymec.com\/","name":"Pick-Chick by Mec","description":"kawaii illustrator and artisan","publisher":{"@id":"https:\/\/www.pickchickbymec.com\/#\/schema\/person\/189a1cea9c7f6704595062aabbbb38fe"},"potentialAction":[{"@type":"SearchAction","target":{"@type":"EntryPoint","urlTemplate":"https:\/\/www.pickchickbymec.com\/?s={search_term_string}"},"query-input":{"@type":"PropertyValueSpecification","valueRequired":true,"valueName":"search_term_string"}}],"inLanguage":"en-GB"},{"@type":["Person","Organization"],"@id":"https:\/\/www.pickchickbymec.com\/#\/schema\/person\/189a1cea9c7f6704595062aabbbb38fe","name":"pickchickbymec","image":{"@type":"ImageObject","inLanguage":"en-GB","@id":"https:\/\/secure.gravatar.com\/avatar\/0c13b11690ce1ad38e031b40cac436947d766b2585e3e81250e6cf60b0a3b61f?s=96&d=mm&r=g","url":"https:\/\/secure.gravatar.com\/avatar\/0c13b11690ce1ad38e031b40cac436947d766b2585e3e81250e6cf60b0a3b61f?s=96&d=mm&r=g","contentUrl":"https:\/\/secure.gravatar.com\/avatar\/0c13b11690ce1ad38e031b40cac436947d766b2585e3e81250e6cf60b0a3b61f?s=96&d=mm&r=g","caption":"pickchickbymec"},"logo":{"@id":"https:\/\/secure.gravatar.com\/avatar\/0c13b11690ce1ad38e031b40cac436947d766b2585e3e81250e6cf60b0a3b61f?s=96&d=mm&r=g"}}]}},"jetpack-related-posts":[],"jetpack_sharing_enabled":true,"_links":{"self":[{"href":"https:\/\/www.pickchickbymec.com\/en\/wp-json\/wp\/v2\/product\/6834","targetHints":{"allow":["GET"]}}],"collection":[{"href":"https:\/\/www.pickchickbymec.com\/en\/wp-json\/wp\/v2\/product"}],"about":[{"href":"https:\/\/www.pickchickbymec.com\/en\/wp-json\/wp\/v2\/types\/product"}],"replies":[{"embeddable":true,"href":"https:\/\/www.pickchickbymec.com\/en\/wp-json\/wp\/v2\/comments?post=6834"}],"wp:featuredmedia":[{"embeddable":true,"href":"https:\/\/www.pickchickbymec.com\/en\/wp-json\/wp\/v2\/media\/7447"}],"wp:attachment":[{"href":"https:\/\/www.pickchickbymec.com\/en\/wp-json\/wp\/v2\/media?parent=6834"}],"wp:term":[{"taxonomy":"product_brand","embeddable":true,"href":"https:\/\/www.pickchickbymec.com\/en\/wp-json\/wp\/v2\/product_brand?post=6834"},{"taxonomy":"product_cat","embeddable":true,"href":"https:\/\/www.pickchickbymec.com\/en\/wp-json\/wp\/v2\/product_cat?post=6834"},{"taxonomy":"product_tag","embeddable":true,"href":"https:\/\/www.pickchickbymec.com\/en\/wp-json\/wp\/v2\/product_tag?post=6834"}],"curies":[{"name":"wp","href":"https:\/\/api.w.org\/{rel}","templated":true}]}}