{"id":6980,"date":"2024-02-19T10:28:31","date_gmt":"2024-02-19T09:28:31","guid":{"rendered":"https:\/\/www.pickchickbymec.com\/?post_type=product&#038;p=6980"},"modified":"2026-01-12T14:11:25","modified_gmt":"2026-01-12T13:11:25","slug":"comic-caelo-tomo-1-un-mundo-al-que-pertenezco","status":"publish","type":"product","link":"https:\/\/www.pickchickbymec.com\/en\/product\/comic-caelo-tomo-1-un-mundo-al-que-pertenezco\/","title":{"rendered":"C\u00f3mic Caelo tomo 1: un mundo al que pertenezco"},"content":{"rendered":"<p style=\"text-align: left;\"><strong>Caelo 1: un mundo al que pertenezco.\u00a0<\/strong><\/p>\n<p>Caelo es una saga de c\u00f3mics de fantas\u00eda creada por Jordan Ponce (guionista) y yo (dibujante). Este es el primer tomo y <a href=\"https:\/\/www.pickchickbymec.com\/en\/product\/comic-caelo-tomo-2-manos-de-fuego\/\">aqu\u00ed puedes encontrar el segundo<\/a>. Si buscas una historia de aventuras, humor y un pel\u00edn de drama con personajes entra\u00f1ables a los que amar\u00e1s desde el primer minuto, no dudes en darle una oportunidad a este proyecto indie hecho con todo nuestro cari\u00f1o.<\/p>\n<p style=\"text-align: center;\"><em>Reci\u00e9n terminado el bachillerato, Lea tiene un mont\u00f3n de planes con sus amigas para este verano. L\u00e1stima que se le vayan a estropear todos cuando una criaturita m\u00e1gica decide teletransportarla a un mundo fant\u00e1stico habitado por seres que no hab\u00eda visto nunca. Lea descubre entonces que su madre no ha sido del todo sincera sobre su origen, y que el destino de esas nuevas tierras puede que dependa de ella y de sus peculiares nuevos amigos.<\/em><\/p>\n<p><strong>Especificaciones:<\/strong><\/p>\n<ul>\n<li>206 p\u00e1ginas a todo color<\/li>\n<li>Formato 17&#215;24 cm<\/li>\n<li>Tapa blanda encolada<\/li>\n<li>Papel interior de 130 gr<\/li>\n<li>Cubiertas de 350 gr. con laminado mate antiara\u00f1azos.<\/li>\n<li>ISBN: 979-13-991349-0-2<\/li>\n<\/ul>\n<p>Puedes comprar el tomo suelto o aprovechar la oferta y llevarte tambi\u00e9n <a href=\"https:\/\/www.pickchickbymec.com\/en\/product\/el-cuaderno-de-lea-fanzine-complementario-a-caelo-tomo-1\/\"><em>El cuaderno de Lea<\/em><\/a> a un precio especial, un fanzine complementario con curiosidades e informaci\u00f3n extra sobre el mundillo de Caelo narrado por la protagonista.<\/p>\n<p>Este c\u00f3mic ha sido financiado gracias a una campa\u00f1a de Verkami. Puedes consultar la lista de mecenas que lo hicieron posible y saber m\u00e1s sobre el proyecto en <a href=\"https:\/\/www.pickchickbymec.com\/en\/caelo\/\">esta secci\u00f3n<\/a>. Comprando este producto o cualquiera del <a href=\"https:\/\/www.pickchickbymec.com\/en\/product-tag\/caelo\/\">merchan de Caelo<\/a> nos ayudas y animas much\u00edsimo a seguir trabajando en las siguientes entregas.<\/p>\n<p><span style=\"font-weight: 400;\">Echa un vistazo a otros <a href=\"https:\/\/www.pickchickbymec.com\/en\/tienda\/\">productos de la tienda<\/a> y ahorra al combinar los env\u00edos pidiendo m\u00e1s de un producto. <\/span><\/p>\n<p><span style=\"font-weight: 400;\">Si quieres enterarte de todas las novedades y ver fotos del proceso de los nuevos productos s\u00edgueme en <a href=\"https:\/\/bsky.app\/profile\/pickchickbymec.bsky.social\">Bluesky<\/a> e <a href=\"https:\/\/www.instagram.com\/pickchickbymec\/\">Instagram<\/a>.<\/span><\/p>\n<p>&nbsp;<\/p>","protected":false},"excerpt":{"rendered":"<p>C\u00f3mic Caelo tomo 1: un mundo al que pertenezco.<\/p>","protected":false},"featured_media":8939,"comment_status":"open","ping_status":"closed","template":"","meta":{"_monsterinsights_skip_tracking":false,"_monsterinsights_sitenote_active":false,"_monsterinsights_sitenote_note":"","_monsterinsights_sitenote_category":0},"product_brand":[],"product_cat":[302],"product_tag":[443,375,374,513],"class_list":{"0":"post-6980","1":"product","2":"type-product","3":"status-publish","4":"has-post-thumbnail","6":"product_cat-fanzine","7":"product_tag-caelo","8":"product_tag-comic","9":"product_tag-fanzine","10":"product_tag-personajes-originales","11":"product_shipping_class-paqeconomic","13":"first","14":"instock","15":"taxable","16":"shipping-taxable","17":"purchasable","18":"product-type-variable"},"yoast_head":"<!-- This site is optimized with the Yoast SEO plugin v27.4 - https:\/\/yoast.com\/product\/yoast-seo-wordpress\/ -->\n<title>C\u00f3mic Caelo tomo 1: un mundo al que pertenezco - Pick\u00b7Chick by Mec<\/title>\n<meta name=\"description\" content=\"Primer tomo de nuestra saga de c\u00f3mic Caelo. M\u00e1s de 200 p\u00e1ginas a color llenas de personajes entra\u00f1ables, aventuras, humor, \u00f1o\u00f1ez y fantas\u00eda.\" \/>\n<meta name=\"robots\" content=\"index, follow, max-snippet:-1, max-image-preview:large, max-video-preview:-1\" \/>\n<link rel=\"canonical\" href=\"https:\/\/www.pickchickbymec.com\/en\/product\/comic-caelo-tomo-1-un-mundo-al-que-pertenezco\/\" \/>\n<meta property=\"og:locale\" content=\"en_GB\" \/>\n<meta property=\"og:type\" content=\"article\" \/>\n<meta property=\"og:title\" content=\"C\u00f3mic Caelo tomo 1: un mundo al que pertenezco - Pick\u00b7Chick by Mec\" \/>\n<meta property=\"og:description\" content=\"Primer tomo de nuestra saga de c\u00f3mic Caelo. M\u00e1s de 200 p\u00e1ginas a color llenas de personajes entra\u00f1ables, aventuras, humor, \u00f1o\u00f1ez y fantas\u00eda.\" \/>\n<meta property=\"og:url\" content=\"https:\/\/www.pickchickbymec.com\/en\/product\/comic-caelo-tomo-1-un-mundo-al-que-pertenezco\/\" \/>\n<meta property=\"og:site_name\" content=\"Pick\u00b7Chick by Mec\" \/>\n<meta property=\"article:modified_time\" content=\"2026-01-12T13:11:25+00:00\" \/>\n<meta property=\"og:image\" content=\"https:\/\/www.pickchickbymec.com\/wp-content\/uploads\/2024\/02\/Caelo-1-cast-5.jpg\" \/>\n\t<meta property=\"og:image:width\" content=\"1000\" \/>\n\t<meta property=\"og:image:height\" content=\"750\" \/>\n\t<meta property=\"og:image:type\" content=\"image\/jpeg\" \/>\n<meta name=\"twitter:card\" content=\"summary_large_image\" \/>\n<meta name=\"twitter:label1\" content=\"Estimated reading time\" \/>\n\t<meta name=\"twitter:data1\" content=\"2 minutes\" \/>\n<script type=\"application\/ld+json\" class=\"yoast-schema-graph\">{\"@context\":\"https:\\\/\\\/schema.org\",\"@graph\":[{\"@type\":\"WebPage\",\"@id\":\"https:\\\/\\\/www.pickchickbymec.com\\\/producto\\\/comic-caelo-tomo-1-un-mundo-al-que-pertenezco\\\/\",\"url\":\"https:\\\/\\\/www.pickchickbymec.com\\\/producto\\\/comic-caelo-tomo-1-un-mundo-al-que-pertenezco\\\/\",\"name\":\"C\u00f3mic Caelo tomo 1: un mundo al que pertenezco - Pick\u00b7Chick by Mec\",\"isPartOf\":{\"@id\":\"https:\\\/\\\/www.pickchickbymec.com\\\/#website\"},\"primaryImageOfPage\":{\"@id\":\"https:\\\/\\\/www.pickchickbymec.com\\\/producto\\\/comic-caelo-tomo-1-un-mundo-al-que-pertenezco\\\/#primaryimage\"},\"image\":{\"@id\":\"https:\\\/\\\/www.pickchickbymec.com\\\/producto\\\/comic-caelo-tomo-1-un-mundo-al-que-pertenezco\\\/#primaryimage\"},\"thumbnailUrl\":\"https:\\\/\\\/www.pickchickbymec.com\\\/wp-content\\\/uploads\\\/2024\\\/02\\\/Caelo-1-cast-5.jpg\",\"datePublished\":\"2024-02-19T09:28:31+00:00\",\"dateModified\":\"2026-01-12T13:11:25+00:00\",\"description\":\"Primer tomo de nuestra saga de c\u00f3mic Caelo. M\u00e1s de 200 p\u00e1ginas a color llenas de personajes entra\u00f1ables, aventuras, humor, \u00f1o\u00f1ez y fantas\u00eda.\",\"breadcrumb\":{\"@id\":\"https:\\\/\\\/www.pickchickbymec.com\\\/producto\\\/comic-caelo-tomo-1-un-mundo-al-que-pertenezco\\\/#breadcrumb\"},\"inLanguage\":\"en-GB\",\"potentialAction\":[{\"@type\":\"ReadAction\",\"target\":[\"https:\\\/\\\/www.pickchickbymec.com\\\/producto\\\/comic-caelo-tomo-1-un-mundo-al-que-pertenezco\\\/\"]}]},{\"@type\":\"ImageObject\",\"inLanguage\":\"en-GB\",\"@id\":\"https:\\\/\\\/www.pickchickbymec.com\\\/producto\\\/comic-caelo-tomo-1-un-mundo-al-que-pertenezco\\\/#primaryimage\",\"url\":\"https:\\\/\\\/www.pickchickbymec.com\\\/wp-content\\\/uploads\\\/2024\\\/02\\\/Caelo-1-cast-5.jpg\",\"contentUrl\":\"https:\\\/\\\/www.pickchickbymec.com\\\/wp-content\\\/uploads\\\/2024\\\/02\\\/Caelo-1-cast-5.jpg\",\"width\":1000,\"height\":750,\"caption\":\"C\u00f3mic fantasia autoeditado Caelo 1: un mundo al que pertenezco\"},{\"@type\":\"BreadcrumbList\",\"@id\":\"https:\\\/\\\/www.pickchickbymec.com\\\/producto\\\/comic-caelo-tomo-1-un-mundo-al-que-pertenezco\\\/#breadcrumb\",\"itemListElement\":[{\"@type\":\"ListItem\",\"position\":1,\"name\":\"Portada\",\"item\":\"https:\\\/\\\/www.pickchickbymec.com\\\/\"},{\"@type\":\"ListItem\",\"position\":2,\"name\":\"Tienda\",\"item\":\"https:\\\/\\\/www.pickchickbymec.com\\\/tienda\\\/\"},{\"@type\":\"ListItem\",\"position\":3,\"name\":\"C\u00f3mic Caelo tomo 1: un mundo al que pertenezco\"}]},{\"@type\":\"WebSite\",\"@id\":\"https:\\\/\\\/www.pickchickbymec.com\\\/#website\",\"url\":\"https:\\\/\\\/www.pickchickbymec.com\\\/\",\"name\":\"Pick\u00b7Chick by Mec\",\"description\":\"kawaii illustrator and artisan\",\"publisher\":{\"@id\":\"https:\\\/\\\/www.pickchickbymec.com\\\/#\\\/schema\\\/person\\\/189a1cea9c7f6704595062aabbbb38fe\"},\"potentialAction\":[{\"@type\":\"SearchAction\",\"target\":{\"@type\":\"EntryPoint\",\"urlTemplate\":\"https:\\\/\\\/www.pickchickbymec.com\\\/?s={search_term_string}\"},\"query-input\":{\"@type\":\"PropertyValueSpecification\",\"valueRequired\":true,\"valueName\":\"search_term_string\"}}],\"inLanguage\":\"en-GB\"},{\"@type\":[\"Person\",\"Organization\"],\"@id\":\"https:\\\/\\\/www.pickchickbymec.com\\\/#\\\/schema\\\/person\\\/189a1cea9c7f6704595062aabbbb38fe\",\"name\":\"pickchickbymec\",\"image\":{\"@type\":\"ImageObject\",\"inLanguage\":\"en-GB\",\"@id\":\"https:\\\/\\\/secure.gravatar.com\\\/avatar\\\/0c13b11690ce1ad38e031b40cac436947d766b2585e3e81250e6cf60b0a3b61f?s=96&d=mm&r=g\",\"url\":\"https:\\\/\\\/secure.gravatar.com\\\/avatar\\\/0c13b11690ce1ad38e031b40cac436947d766b2585e3e81250e6cf60b0a3b61f?s=96&d=mm&r=g\",\"contentUrl\":\"https:\\\/\\\/secure.gravatar.com\\\/avatar\\\/0c13b11690ce1ad38e031b40cac436947d766b2585e3e81250e6cf60b0a3b61f?s=96&d=mm&r=g\",\"caption\":\"pickchickbymec\"},\"logo\":{\"@id\":\"https:\\\/\\\/secure.gravatar.com\\\/avatar\\\/0c13b11690ce1ad38e031b40cac436947d766b2585e3e81250e6cf60b0a3b61f?s=96&d=mm&r=g\"}}]}<\/script>\n<!-- \/ Yoast SEO plugin. -->","yoast_head_json":{"title":"C\u00f3mic Caelo tomo 1: un mundo al que pertenezco - Pick\u00b7Chick by Mec","description":"Primer tomo de nuestra saga de c\u00f3mic Caelo. M\u00e1s de 200 p\u00e1ginas a color llenas de personajes entra\u00f1ables, aventuras, humor, \u00f1o\u00f1ez y fantas\u00eda.","robots":{"index":"index","follow":"follow","max-snippet":"max-snippet:-1","max-image-preview":"max-image-preview:large","max-video-preview":"max-video-preview:-1"},"canonical":"https:\/\/www.pickchickbymec.com\/en\/product\/comic-caelo-tomo-1-un-mundo-al-que-pertenezco\/","og_locale":"en_GB","og_type":"article","og_title":"C\u00f3mic Caelo tomo 1: un mundo al que pertenezco - Pick\u00b7Chick by Mec","og_description":"Primer tomo de nuestra saga de c\u00f3mic Caelo. M\u00e1s de 200 p\u00e1ginas a color llenas de personajes entra\u00f1ables, aventuras, humor, \u00f1o\u00f1ez y fantas\u00eda.","og_url":"https:\/\/www.pickchickbymec.com\/en\/product\/comic-caelo-tomo-1-un-mundo-al-que-pertenezco\/","og_site_name":"Pick\u00b7Chick by Mec","article_modified_time":"2026-01-12T13:11:25+00:00","og_image":[{"width":1000,"height":750,"url":"https:\/\/www.pickchickbymec.com\/wp-content\/uploads\/2024\/02\/Caelo-1-cast-5.jpg","type":"image\/jpeg"}],"twitter_card":"summary_large_image","twitter_misc":{"Estimated reading time":"2 minutes"},"schema":{"@context":"https:\/\/schema.org","@graph":[{"@type":"WebPage","@id":"https:\/\/www.pickchickbymec.com\/producto\/comic-caelo-tomo-1-un-mundo-al-que-pertenezco\/","url":"https:\/\/www.pickchickbymec.com\/producto\/comic-caelo-tomo-1-un-mundo-al-que-pertenezco\/","name":"C\u00f3mic Caelo tomo 1: un mundo al que pertenezco - Pick\u00b7Chick by Mec","isPartOf":{"@id":"https:\/\/www.pickchickbymec.com\/#website"},"primaryImageOfPage":{"@id":"https:\/\/www.pickchickbymec.com\/producto\/comic-caelo-tomo-1-un-mundo-al-que-pertenezco\/#primaryimage"},"image":{"@id":"https:\/\/www.pickchickbymec.com\/producto\/comic-caelo-tomo-1-un-mundo-al-que-pertenezco\/#primaryimage"},"thumbnailUrl":"https:\/\/www.pickchickbymec.com\/wp-content\/uploads\/2024\/02\/Caelo-1-cast-5.jpg","datePublished":"2024-02-19T09:28:31+00:00","dateModified":"2026-01-12T13:11:25+00:00","description":"Primer tomo de nuestra saga de c\u00f3mic Caelo. M\u00e1s de 200 p\u00e1ginas a color llenas de personajes entra\u00f1ables, aventuras, humor, \u00f1o\u00f1ez y fantas\u00eda.","breadcrumb":{"@id":"https:\/\/www.pickchickbymec.com\/producto\/comic-caelo-tomo-1-un-mundo-al-que-pertenezco\/#breadcrumb"},"inLanguage":"en-GB","potentialAction":[{"@type":"ReadAction","target":["https:\/\/www.pickchickbymec.com\/producto\/comic-caelo-tomo-1-un-mundo-al-que-pertenezco\/"]}]},{"@type":"ImageObject","inLanguage":"en-GB","@id":"https:\/\/www.pickchickbymec.com\/producto\/comic-caelo-tomo-1-un-mundo-al-que-pertenezco\/#primaryimage","url":"https:\/\/www.pickchickbymec.com\/wp-content\/uploads\/2024\/02\/Caelo-1-cast-5.jpg","contentUrl":"https:\/\/www.pickchickbymec.com\/wp-content\/uploads\/2024\/02\/Caelo-1-cast-5.jpg","width":1000,"height":750,"caption":"C\u00f3mic fantasia autoeditado Caelo 1: un mundo al que pertenezco"},{"@type":"BreadcrumbList","@id":"https:\/\/www.pickchickbymec.com\/producto\/comic-caelo-tomo-1-un-mundo-al-que-pertenezco\/#breadcrumb","itemListElement":[{"@type":"ListItem","position":1,"name":"Portada","item":"https:\/\/www.pickchickbymec.com\/"},{"@type":"ListItem","position":2,"name":"Tienda","item":"https:\/\/www.pickchickbymec.com\/tienda\/"},{"@type":"ListItem","position":3,"name":"C\u00f3mic Caelo tomo 1: un mundo al que pertenezco"}]},{"@type":"WebSite","@id":"https:\/\/www.pickchickbymec.com\/#website","url":"https:\/\/www.pickchickbymec.com\/","name":"Pick-Chick by Mec","description":"kawaii illustrator and artisan","publisher":{"@id":"https:\/\/www.pickchickbymec.com\/#\/schema\/person\/189a1cea9c7f6704595062aabbbb38fe"},"potentialAction":[{"@type":"SearchAction","target":{"@type":"EntryPoint","urlTemplate":"https:\/\/www.pickchickbymec.com\/?s={search_term_string}"},"query-input":{"@type":"PropertyValueSpecification","valueRequired":true,"valueName":"search_term_string"}}],"inLanguage":"en-GB"},{"@type":["Person","Organization"],"@id":"https:\/\/www.pickchickbymec.com\/#\/schema\/person\/189a1cea9c7f6704595062aabbbb38fe","name":"pickchickbymec","image":{"@type":"ImageObject","inLanguage":"en-GB","@id":"https:\/\/secure.gravatar.com\/avatar\/0c13b11690ce1ad38e031b40cac436947d766b2585e3e81250e6cf60b0a3b61f?s=96&d=mm&r=g","url":"https:\/\/secure.gravatar.com\/avatar\/0c13b11690ce1ad38e031b40cac436947d766b2585e3e81250e6cf60b0a3b61f?s=96&d=mm&r=g","contentUrl":"https:\/\/secure.gravatar.com\/avatar\/0c13b11690ce1ad38e031b40cac436947d766b2585e3e81250e6cf60b0a3b61f?s=96&d=mm&r=g","caption":"pickchickbymec"},"logo":{"@id":"https:\/\/secure.gravatar.com\/avatar\/0c13b11690ce1ad38e031b40cac436947d766b2585e3e81250e6cf60b0a3b61f?s=96&d=mm&r=g"}}]}},"jetpack-related-posts":[],"jetpack_sharing_enabled":true,"_links":{"self":[{"href":"https:\/\/www.pickchickbymec.com\/en\/wp-json\/wp\/v2\/product\/6980","targetHints":{"allow":["GET"]}}],"collection":[{"href":"https:\/\/www.pickchickbymec.com\/en\/wp-json\/wp\/v2\/product"}],"about":[{"href":"https:\/\/www.pickchickbymec.com\/en\/wp-json\/wp\/v2\/types\/product"}],"replies":[{"embeddable":true,"href":"https:\/\/www.pickchickbymec.com\/en\/wp-json\/wp\/v2\/comments?post=6980"}],"wp:featuredmedia":[{"embeddable":true,"href":"https:\/\/www.pickchickbymec.com\/en\/wp-json\/wp\/v2\/media\/8939"}],"wp:attachment":[{"href":"https:\/\/www.pickchickbymec.com\/en\/wp-json\/wp\/v2\/media?parent=6980"}],"wp:term":[{"taxonomy":"product_brand","embeddable":true,"href":"https:\/\/www.pickchickbymec.com\/en\/wp-json\/wp\/v2\/product_brand?post=6980"},{"taxonomy":"product_cat","embeddable":true,"href":"https:\/\/www.pickchickbymec.com\/en\/wp-json\/wp\/v2\/product_cat?post=6980"},{"taxonomy":"product_tag","embeddable":true,"href":"https:\/\/www.pickchickbymec.com\/en\/wp-json\/wp\/v2\/product_tag?post=6980"}],"curies":[{"name":"wp","href":"https:\/\/api.w.org\/{rel}","templated":true}]}}