{"id":7083,"date":"2024-04-12T19:37:53","date_gmt":"2024-04-12T17:37:53","guid":{"rendered":"https:\/\/www.pickchickbymec.com\/?post_type=product&#038;p=7083"},"modified":"2025-02-03T14:15:54","modified_gmt":"2025-02-03T13:15:54","slug":"marcapaginas-caelo-tomo-1","status":"publish","type":"product","link":"https:\/\/www.pickchickbymec.com\/en\/product\/marcapaginas-caelo-tomo-1\/","title":{"rendered":"Marcap\u00e1ginas Caelo tomo 1"},"content":{"rendered":"<p><span style=\"font-weight: 400;\">\u00bfTe has le\u00eddo nuestro c\u00f3mic Caelo pero tienes ganas de m\u00e1s? Con este marcap\u00e1ginas la espera del siguiente tomo se te har\u00e1 un poquito m\u00e1s amena. El dise\u00f1o es distinto por ambas caras y est\u00e1 inspirado en los personajes de esta primera entrega. La parte frontal muestra al grupillo de jovenzuelos protagonista, con Lea, Erin, Azumaya, Zukku y Pollo. En la trasera tenemos a la anterior generaci\u00f3n, con Gysel, Vinter, Zyarron, Yanet y Lance. El tama\u00f1o de este punto de libro se adapta perfectamente a la mayor\u00eda de formatos de libro y c\u00f3mic.<\/span><\/p>\n<p><span style=\"font-weight: 400;\">Con la compra tanto este marcap\u00e1ginas como de cualquier producto de merchandise de Caelo nos apoyas y animas much\u00edsimo a que sigamos con la historia de Lea y sus amigos!<\/span><\/p>\n<p><strong>Marcap\u00e1ginas Caelo. Especificaciones:<\/strong><\/p>\n<ul>\n<li><span style=\"font-weight: 400;\">Realizado en papel de 350gr.<\/span><\/li>\n<li><span style=\"font-weight: 400;\">Laminado antiara\u00f1azos para darle resistencia y darle un tacto m\u00e1s agradable<\/span><\/li>\n<li><span style=\"font-weight: 400;\">Acabado con una cinta decorativa de organza morada<\/span><\/li>\n<li>Medidas: 14 x 5 cm<\/li>\n<\/ul>\n<p><span style=\"font-weight: 400;\">Este producto se env\u00eda por correo ordinario sin n\u00famero de seguimiento. Si deseas que el env\u00edo sea certificado puedes combinarlo con otros productos que s\u00ed tengan env\u00edo con seguimiento o contactarme por email.<\/span><\/p>\n<p><span style=\"font-weight: 400;\">Echa un vistazo al resto de <a href=\"https:\/\/www.pickchickbymec.com\/en\/?s=caelo&amp;post_type=product\">art\u00edculos de nuestro c\u00f3mic Caelo<\/a> que hay en la tienda y combina varios productos en tu compra para ahorrar en los gastos de env\u00edo.<\/span><\/p>\n<p>Si quieres enterarte de todas las novedades y ver fotos del proceso de los nuevos productos s\u00edgueme en <a href=\"https:\/\/twitter.com\/pickchickbymec\">Twitter<\/a> e <a href=\"https:\/\/www.instagram.com\/pickchickbymec\/\">Instagram<\/a>.<\/p>","protected":false},"excerpt":{"rendered":"<p>Marcap\u00e1ginas Caelo (Tomo 1).<\/p>\n<p>14 x 5 cm.<\/p>","protected":false},"featured_media":7084,"comment_status":"open","ping_status":"closed","template":"","meta":{"_monsterinsights_skip_tracking":false,"_monsterinsights_sitenote_active":false,"_monsterinsights_sitenote_note":"","_monsterinsights_sitenote_category":0},"product_brand":[],"product_cat":[366],"product_tag":[443,375,395,513],"class_list":{"0":"post-7083","1":"product","2":"type-product","3":"status-publish","4":"has-post-thumbnail","6":"product_cat-papeleria","7":"product_tag-caelo","8":"product_tag-comic","9":"product_tag-marcapaginas","10":"product_tag-personajes-originales","11":"product_shipping_class-ordinario","13":"first","14":"instock","15":"taxable","16":"shipping-taxable","17":"purchasable","18":"product-type-simple"},"yoast_head":"<!-- This site is optimized with the Yoast SEO plugin v27.4 - https:\/\/yoast.com\/product\/yoast-seo-wordpress\/ -->\n<title>Marcap\u00e1ginas Caelo (tomo 1) | Papeler\u00eda | Pick\u00b7Chick by Mec<\/title>\n<meta name=\"description\" content=\"Este marcap\u00e1ginas est\u00e1 inspirado en el primer tomo de nuestro c\u00f3mic independiente Caelo. Laminado y decorado con una cinta de organza.\" \/>\n<meta name=\"robots\" content=\"index, follow, max-snippet:-1, max-image-preview:large, max-video-preview:-1\" \/>\n<link rel=\"canonical\" href=\"https:\/\/www.pickchickbymec.com\/en\/product\/marcapaginas-caelo-tomo-1\/\" \/>\n<meta property=\"og:locale\" content=\"en_GB\" \/>\n<meta property=\"og:type\" content=\"article\" \/>\n<meta property=\"og:title\" content=\"Marcap\u00e1ginas Caelo (tomo 1) | Papeler\u00eda | Pick\u00b7Chick by Mec\" \/>\n<meta property=\"og:description\" content=\"Este marcap\u00e1ginas est\u00e1 inspirado en el primer tomo de nuestro c\u00f3mic independiente Caelo. Laminado y decorado con una cinta de organza.\" \/>\n<meta property=\"og:url\" content=\"https:\/\/www.pickchickbymec.com\/en\/product\/marcapaginas-caelo-tomo-1\/\" \/>\n<meta property=\"og:site_name\" content=\"Pick\u00b7Chick by Mec\" \/>\n<meta property=\"article:modified_time\" content=\"2025-02-03T13:15:54+00:00\" \/>\n<meta property=\"og:image\" content=\"https:\/\/www.pickchickbymec.com\/wp-content\/uploads\/2024\/04\/caelo3.jpg\" \/>\n\t<meta property=\"og:image:width\" content=\"1000\" \/>\n\t<meta property=\"og:image:height\" content=\"1000\" \/>\n\t<meta property=\"og:image:type\" content=\"image\/jpeg\" \/>\n<meta name=\"twitter:card\" content=\"summary_large_image\" \/>\n<meta name=\"twitter:label1\" content=\"Estimated reading time\" \/>\n\t<meta name=\"twitter:data1\" content=\"2 minutes\" \/>\n<script type=\"application\/ld+json\" class=\"yoast-schema-graph\">{\"@context\":\"https:\\\/\\\/schema.org\",\"@graph\":[{\"@type\":\"WebPage\",\"@id\":\"https:\\\/\\\/www.pickchickbymec.com\\\/producto\\\/marcapaginas-caelo-tomo-1\\\/\",\"url\":\"https:\\\/\\\/www.pickchickbymec.com\\\/producto\\\/marcapaginas-caelo-tomo-1\\\/\",\"name\":\"Marcap\u00e1ginas Caelo (tomo 1) | Papeler\u00eda | Pick\u00b7Chick by Mec\",\"isPartOf\":{\"@id\":\"https:\\\/\\\/www.pickchickbymec.com\\\/#website\"},\"primaryImageOfPage\":{\"@id\":\"https:\\\/\\\/www.pickchickbymec.com\\\/producto\\\/marcapaginas-caelo-tomo-1\\\/#primaryimage\"},\"image\":{\"@id\":\"https:\\\/\\\/www.pickchickbymec.com\\\/producto\\\/marcapaginas-caelo-tomo-1\\\/#primaryimage\"},\"thumbnailUrl\":\"https:\\\/\\\/www.pickchickbymec.com\\\/wp-content\\\/uploads\\\/2024\\\/04\\\/caelo3.jpg\",\"datePublished\":\"2024-04-12T17:37:53+00:00\",\"dateModified\":\"2025-02-03T13:15:54+00:00\",\"description\":\"Este marcap\u00e1ginas est\u00e1 inspirado en el primer tomo de nuestro c\u00f3mic independiente Caelo. Laminado y decorado con una cinta de organza.\",\"breadcrumb\":{\"@id\":\"https:\\\/\\\/www.pickchickbymec.com\\\/producto\\\/marcapaginas-caelo-tomo-1\\\/#breadcrumb\"},\"inLanguage\":\"en-GB\",\"potentialAction\":[{\"@type\":\"ReadAction\",\"target\":[\"https:\\\/\\\/www.pickchickbymec.com\\\/producto\\\/marcapaginas-caelo-tomo-1\\\/\"]}]},{\"@type\":\"ImageObject\",\"inLanguage\":\"en-GB\",\"@id\":\"https:\\\/\\\/www.pickchickbymec.com\\\/producto\\\/marcapaginas-caelo-tomo-1\\\/#primaryimage\",\"url\":\"https:\\\/\\\/www.pickchickbymec.com\\\/wp-content\\\/uploads\\\/2024\\\/04\\\/caelo3.jpg\",\"contentUrl\":\"https:\\\/\\\/www.pickchickbymec.com\\\/wp-content\\\/uploads\\\/2024\\\/04\\\/caelo3.jpg\",\"width\":1000,\"height\":1000},{\"@type\":\"BreadcrumbList\",\"@id\":\"https:\\\/\\\/www.pickchickbymec.com\\\/producto\\\/marcapaginas-caelo-tomo-1\\\/#breadcrumb\",\"itemListElement\":[{\"@type\":\"ListItem\",\"position\":1,\"name\":\"Portada\",\"item\":\"https:\\\/\\\/www.pickchickbymec.com\\\/\"},{\"@type\":\"ListItem\",\"position\":2,\"name\":\"Tienda\",\"item\":\"https:\\\/\\\/www.pickchickbymec.com\\\/tienda\\\/\"},{\"@type\":\"ListItem\",\"position\":3,\"name\":\"Marcap\u00e1ginas Caelo tomo 1\"}]},{\"@type\":\"WebSite\",\"@id\":\"https:\\\/\\\/www.pickchickbymec.com\\\/#website\",\"url\":\"https:\\\/\\\/www.pickchickbymec.com\\\/\",\"name\":\"Pick\u00b7Chick by Mec\",\"description\":\"kawaii illustrator and artisan\",\"publisher\":{\"@id\":\"https:\\\/\\\/www.pickchickbymec.com\\\/#\\\/schema\\\/person\\\/189a1cea9c7f6704595062aabbbb38fe\"},\"potentialAction\":[{\"@type\":\"SearchAction\",\"target\":{\"@type\":\"EntryPoint\",\"urlTemplate\":\"https:\\\/\\\/www.pickchickbymec.com\\\/?s={search_term_string}\"},\"query-input\":{\"@type\":\"PropertyValueSpecification\",\"valueRequired\":true,\"valueName\":\"search_term_string\"}}],\"inLanguage\":\"en-GB\"},{\"@type\":[\"Person\",\"Organization\"],\"@id\":\"https:\\\/\\\/www.pickchickbymec.com\\\/#\\\/schema\\\/person\\\/189a1cea9c7f6704595062aabbbb38fe\",\"name\":\"pickchickbymec\",\"image\":{\"@type\":\"ImageObject\",\"inLanguage\":\"en-GB\",\"@id\":\"https:\\\/\\\/secure.gravatar.com\\\/avatar\\\/0c13b11690ce1ad38e031b40cac436947d766b2585e3e81250e6cf60b0a3b61f?s=96&d=mm&r=g\",\"url\":\"https:\\\/\\\/secure.gravatar.com\\\/avatar\\\/0c13b11690ce1ad38e031b40cac436947d766b2585e3e81250e6cf60b0a3b61f?s=96&d=mm&r=g\",\"contentUrl\":\"https:\\\/\\\/secure.gravatar.com\\\/avatar\\\/0c13b11690ce1ad38e031b40cac436947d766b2585e3e81250e6cf60b0a3b61f?s=96&d=mm&r=g\",\"caption\":\"pickchickbymec\"},\"logo\":{\"@id\":\"https:\\\/\\\/secure.gravatar.com\\\/avatar\\\/0c13b11690ce1ad38e031b40cac436947d766b2585e3e81250e6cf60b0a3b61f?s=96&d=mm&r=g\"}}]}<\/script>\n<!-- \/ Yoast SEO plugin. -->","yoast_head_json":{"title":"Marcap\u00e1ginas Caelo (tomo 1) | Papeler\u00eda | Pick\u00b7Chick by Mec","description":"Este marcap\u00e1ginas est\u00e1 inspirado en el primer tomo de nuestro c\u00f3mic independiente Caelo. Laminado y decorado con una cinta de organza.","robots":{"index":"index","follow":"follow","max-snippet":"max-snippet:-1","max-image-preview":"max-image-preview:large","max-video-preview":"max-video-preview:-1"},"canonical":"https:\/\/www.pickchickbymec.com\/en\/product\/marcapaginas-caelo-tomo-1\/","og_locale":"en_GB","og_type":"article","og_title":"Marcap\u00e1ginas Caelo (tomo 1) | Papeler\u00eda | Pick\u00b7Chick by Mec","og_description":"Este marcap\u00e1ginas est\u00e1 inspirado en el primer tomo de nuestro c\u00f3mic independiente Caelo. Laminado y decorado con una cinta de organza.","og_url":"https:\/\/www.pickchickbymec.com\/en\/product\/marcapaginas-caelo-tomo-1\/","og_site_name":"Pick\u00b7Chick by Mec","article_modified_time":"2025-02-03T13:15:54+00:00","og_image":[{"width":1000,"height":1000,"url":"https:\/\/www.pickchickbymec.com\/wp-content\/uploads\/2024\/04\/caelo3.jpg","type":"image\/jpeg"}],"twitter_card":"summary_large_image","twitter_misc":{"Estimated reading time":"2 minutes"},"schema":{"@context":"https:\/\/schema.org","@graph":[{"@type":"WebPage","@id":"https:\/\/www.pickchickbymec.com\/producto\/marcapaginas-caelo-tomo-1\/","url":"https:\/\/www.pickchickbymec.com\/producto\/marcapaginas-caelo-tomo-1\/","name":"Marcap\u00e1ginas Caelo (tomo 1) | Papeler\u00eda | Pick\u00b7Chick by Mec","isPartOf":{"@id":"https:\/\/www.pickchickbymec.com\/#website"},"primaryImageOfPage":{"@id":"https:\/\/www.pickchickbymec.com\/producto\/marcapaginas-caelo-tomo-1\/#primaryimage"},"image":{"@id":"https:\/\/www.pickchickbymec.com\/producto\/marcapaginas-caelo-tomo-1\/#primaryimage"},"thumbnailUrl":"https:\/\/www.pickchickbymec.com\/wp-content\/uploads\/2024\/04\/caelo3.jpg","datePublished":"2024-04-12T17:37:53+00:00","dateModified":"2025-02-03T13:15:54+00:00","description":"Este marcap\u00e1ginas est\u00e1 inspirado en el primer tomo de nuestro c\u00f3mic independiente Caelo. Laminado y decorado con una cinta de organza.","breadcrumb":{"@id":"https:\/\/www.pickchickbymec.com\/producto\/marcapaginas-caelo-tomo-1\/#breadcrumb"},"inLanguage":"en-GB","potentialAction":[{"@type":"ReadAction","target":["https:\/\/www.pickchickbymec.com\/producto\/marcapaginas-caelo-tomo-1\/"]}]},{"@type":"ImageObject","inLanguage":"en-GB","@id":"https:\/\/www.pickchickbymec.com\/producto\/marcapaginas-caelo-tomo-1\/#primaryimage","url":"https:\/\/www.pickchickbymec.com\/wp-content\/uploads\/2024\/04\/caelo3.jpg","contentUrl":"https:\/\/www.pickchickbymec.com\/wp-content\/uploads\/2024\/04\/caelo3.jpg","width":1000,"height":1000},{"@type":"BreadcrumbList","@id":"https:\/\/www.pickchickbymec.com\/producto\/marcapaginas-caelo-tomo-1\/#breadcrumb","itemListElement":[{"@type":"ListItem","position":1,"name":"Portada","item":"https:\/\/www.pickchickbymec.com\/"},{"@type":"ListItem","position":2,"name":"Tienda","item":"https:\/\/www.pickchickbymec.com\/tienda\/"},{"@type":"ListItem","position":3,"name":"Marcap\u00e1ginas Caelo tomo 1"}]},{"@type":"WebSite","@id":"https:\/\/www.pickchickbymec.com\/#website","url":"https:\/\/www.pickchickbymec.com\/","name":"Pick-Chick by Mec","description":"kawaii illustrator and artisan","publisher":{"@id":"https:\/\/www.pickchickbymec.com\/#\/schema\/person\/189a1cea9c7f6704595062aabbbb38fe"},"potentialAction":[{"@type":"SearchAction","target":{"@type":"EntryPoint","urlTemplate":"https:\/\/www.pickchickbymec.com\/?s={search_term_string}"},"query-input":{"@type":"PropertyValueSpecification","valueRequired":true,"valueName":"search_term_string"}}],"inLanguage":"en-GB"},{"@type":["Person","Organization"],"@id":"https:\/\/www.pickchickbymec.com\/#\/schema\/person\/189a1cea9c7f6704595062aabbbb38fe","name":"pickchickbymec","image":{"@type":"ImageObject","inLanguage":"en-GB","@id":"https:\/\/secure.gravatar.com\/avatar\/0c13b11690ce1ad38e031b40cac436947d766b2585e3e81250e6cf60b0a3b61f?s=96&d=mm&r=g","url":"https:\/\/secure.gravatar.com\/avatar\/0c13b11690ce1ad38e031b40cac436947d766b2585e3e81250e6cf60b0a3b61f?s=96&d=mm&r=g","contentUrl":"https:\/\/secure.gravatar.com\/avatar\/0c13b11690ce1ad38e031b40cac436947d766b2585e3e81250e6cf60b0a3b61f?s=96&d=mm&r=g","caption":"pickchickbymec"},"logo":{"@id":"https:\/\/secure.gravatar.com\/avatar\/0c13b11690ce1ad38e031b40cac436947d766b2585e3e81250e6cf60b0a3b61f?s=96&d=mm&r=g"}}]}},"jetpack-related-posts":[],"jetpack_sharing_enabled":true,"_links":{"self":[{"href":"https:\/\/www.pickchickbymec.com\/en\/wp-json\/wp\/v2\/product\/7083","targetHints":{"allow":["GET"]}}],"collection":[{"href":"https:\/\/www.pickchickbymec.com\/en\/wp-json\/wp\/v2\/product"}],"about":[{"href":"https:\/\/www.pickchickbymec.com\/en\/wp-json\/wp\/v2\/types\/product"}],"replies":[{"embeddable":true,"href":"https:\/\/www.pickchickbymec.com\/en\/wp-json\/wp\/v2\/comments?post=7083"}],"wp:featuredmedia":[{"embeddable":true,"href":"https:\/\/www.pickchickbymec.com\/en\/wp-json\/wp\/v2\/media\/7084"}],"wp:attachment":[{"href":"https:\/\/www.pickchickbymec.com\/en\/wp-json\/wp\/v2\/media?parent=7083"}],"wp:term":[{"taxonomy":"product_brand","embeddable":true,"href":"https:\/\/www.pickchickbymec.com\/en\/wp-json\/wp\/v2\/product_brand?post=7083"},{"taxonomy":"product_cat","embeddable":true,"href":"https:\/\/www.pickchickbymec.com\/en\/wp-json\/wp\/v2\/product_cat?post=7083"},{"taxonomy":"product_tag","embeddable":true,"href":"https:\/\/www.pickchickbymec.com\/en\/wp-json\/wp\/v2\/product_tag?post=7083"}],"curies":[{"name":"wp","href":"https:\/\/api.w.org\/{rel}","templated":true}]}}