{"id":7159,"date":"2024-05-10T11:44:12","date_gmt":"2024-05-10T09:44:12","guid":{"rendered":"https:\/\/www.pickchickbymec.com\/?post_type=product&#038;p=7159"},"modified":"2025-12-22T13:29:46","modified_gmt":"2025-12-22T12:29:46","slug":"hoja-de-pegatinas-ponys","status":"publish","type":"product","link":"https:\/\/www.pickchickbymec.com\/en\/product\/hoja-de-pegatinas-ponys\/","title":{"rendered":"Hoja de pegatinas pretroqueladas My Little Pony"},"content":{"rendered":"<p><span style=\"font-weight: 400;\">Hoja de pegatinas pretroqueladas inspiradas en My Little Pony de los a\u00f1os 80. Esta adorable l\u00e1mina contiene seis pegatinas distintas, todas ellas basadas en modelos de Mi Peque\u00f1o Pony de la primera generaci\u00f3n. El lote incluye a Fizzy, Sugar Berry, Ringlets, Streaky, Wave Runner y Night Glider. Son adhesivos impresos en vinilo, por lo que podr\u00e1s usarlo para decorar todo tipo de cosas sin miedo a que se estropeen por el agua: botellas reutilizables, el casco de la moto, el patinete&#8230; No dudes en hacerte con estas pegatinas y dale un toque alegre, cuqui y nost\u00e1lgico a cualquier superficie! Y si te da pena usarlas, puedes dejarlas sin despegar y utilizar la hoja como si fuese una l\u00e1mina normal.<\/span><\/p>\n<p><strong>Hoja de pegatinas pretroquelada My Little Pony. Caracter\u00edsticas:<\/strong><\/p>\n<ul>\n<li>Impresi\u00f3n UV en vinilo<\/li>\n<li>Incluye 6 pegatinas distintas de entre 5 y 7 cm cada una.<\/li>\n<li>Medida din A5 (21 x 14 cm)<\/li>\n<\/ul>\n<p><span style=\"font-weight: 400;\">Este producto se env\u00eda por correo certificado con n\u00famero de seguimiento.\u00a0<\/span><\/p>\n<p><span style=\"font-weight: 400;\">Echa un vistazo al resto de <a href=\"https:\/\/www.pickchickbymec.com\/en\/product-tag\/mlp\/\">productos inspirados en My Little Pony<\/a> \u00a0que hay en mi tienda y combina varias cositas en tu compra para ahorrar en los gastos de env\u00edo.<\/span><\/p>\n<p><span style=\"font-weight: 400;\">\u00a0Si quieres enterarte de todas las novedades y ver fotos del proceso de los nuevos productos s\u00edgueme en <a href=\"https:\/\/twitter.com\/pickchickbymec\">Twitter<\/a> e <a href=\"https:\/\/www.instagram.com\/pickchickbymec\/\">Instagram<\/a>.<\/span><\/p>","protected":false},"excerpt":{"rendered":"<p>Hoja de pegatinas My Little Pony.<\/p>","protected":false},"featured_media":8267,"comment_status":"open","ping_status":"closed","template":"","meta":{"_monsterinsights_skip_tracking":false,"_monsterinsights_sitenote_active":false,"_monsterinsights_sitenote_note":"","_monsterinsights_sitenote_category":0},"product_brand":[],"product_cat":[366],"product_tag":[359,318,372],"class_list":{"0":"post-7159","1":"product","2":"type-product","3":"status-publish","4":"has-post-thumbnail","6":"product_cat-papeleria","7":"product_tag-fanart","8":"product_tag-mlp","9":"product_tag-pegatinas","10":"product_shipping_class-documentos","12":"first","13":"instock","14":"taxable","15":"shipping-taxable","16":"purchasable","17":"product-type-simple"},"yoast_head":"<!-- This site is optimized with the Yoast SEO plugin v27.4 - https:\/\/yoast.com\/product\/yoast-seo-wordpress\/ -->\n<title>Hoja de pegatinas pretroqueladas My Little Pony - Pick\u00b7Chick by Mec<\/title>\n<meta name=\"description\" content=\"Hoja de pegatinas pretroqueladas con dise\u00f1os inspirados en variaos modelos de My Little Pony de los a\u00f1os 80, de la primera generaci\u00f3n. Son de vinilo.\" \/>\n<meta name=\"robots\" content=\"index, follow, max-snippet:-1, max-image-preview:large, max-video-preview:-1\" \/>\n<link rel=\"canonical\" href=\"https:\/\/www.pickchickbymec.com\/en\/product\/hoja-de-pegatinas-ponys\/\" \/>\n<meta property=\"og:locale\" content=\"en_GB\" \/>\n<meta property=\"og:type\" content=\"article\" \/>\n<meta property=\"og:title\" content=\"Hoja de pegatinas pretroqueladas My Little Pony - Pick\u00b7Chick by Mec\" \/>\n<meta property=\"og:description\" content=\"Hoja de pegatinas pretroqueladas con dise\u00f1os inspirados en variaos modelos de My Little Pony de los a\u00f1os 80, de la primera generaci\u00f3n. Son de vinilo.\" \/>\n<meta property=\"og:url\" content=\"https:\/\/www.pickchickbymec.com\/en\/product\/hoja-de-pegatinas-ponys\/\" \/>\n<meta property=\"og:site_name\" content=\"Pick\u00b7Chick by Mec\" \/>\n<meta property=\"article:modified_time\" content=\"2025-12-22T12:29:46+00:00\" \/>\n<meta property=\"og:image\" content=\"https:\/\/www.pickchickbymec.com\/wp-content\/uploads\/2024\/05\/MLP7.jpg\" \/>\n\t<meta property=\"og:image:width\" content=\"1200\" \/>\n\t<meta property=\"og:image:height\" content=\"1247\" \/>\n\t<meta property=\"og:image:type\" content=\"image\/jpeg\" \/>\n<meta name=\"twitter:card\" content=\"summary_large_image\" \/>\n<meta name=\"twitter:label1\" content=\"Estimated reading time\" \/>\n\t<meta name=\"twitter:data1\" content=\"2 minutes\" \/>\n<script type=\"application\/ld+json\" class=\"yoast-schema-graph\">{\"@context\":\"https:\\\/\\\/schema.org\",\"@graph\":[{\"@type\":\"WebPage\",\"@id\":\"https:\\\/\\\/www.pickchickbymec.com\\\/producto\\\/hoja-de-pegatinas-ponys\\\/\",\"url\":\"https:\\\/\\\/www.pickchickbymec.com\\\/producto\\\/hoja-de-pegatinas-ponys\\\/\",\"name\":\"Hoja de pegatinas pretroqueladas My Little Pony - Pick\u00b7Chick by Mec\",\"isPartOf\":{\"@id\":\"https:\\\/\\\/www.pickchickbymec.com\\\/#website\"},\"primaryImageOfPage\":{\"@id\":\"https:\\\/\\\/www.pickchickbymec.com\\\/producto\\\/hoja-de-pegatinas-ponys\\\/#primaryimage\"},\"image\":{\"@id\":\"https:\\\/\\\/www.pickchickbymec.com\\\/producto\\\/hoja-de-pegatinas-ponys\\\/#primaryimage\"},\"thumbnailUrl\":\"https:\\\/\\\/www.pickchickbymec.com\\\/wp-content\\\/uploads\\\/2024\\\/05\\\/MLP7.jpg\",\"datePublished\":\"2024-05-10T09:44:12+00:00\",\"dateModified\":\"2025-12-22T12:29:46+00:00\",\"description\":\"Hoja de pegatinas pretroqueladas con dise\u00f1os inspirados en variaos modelos de My Little Pony de los a\u00f1os 80, de la primera generaci\u00f3n. Son de vinilo.\",\"breadcrumb\":{\"@id\":\"https:\\\/\\\/www.pickchickbymec.com\\\/producto\\\/hoja-de-pegatinas-ponys\\\/#breadcrumb\"},\"inLanguage\":\"en-GB\",\"potentialAction\":[{\"@type\":\"ReadAction\",\"target\":[\"https:\\\/\\\/www.pickchickbymec.com\\\/producto\\\/hoja-de-pegatinas-ponys\\\/\"]}]},{\"@type\":\"ImageObject\",\"inLanguage\":\"en-GB\",\"@id\":\"https:\\\/\\\/www.pickchickbymec.com\\\/producto\\\/hoja-de-pegatinas-ponys\\\/#primaryimage\",\"url\":\"https:\\\/\\\/www.pickchickbymec.com\\\/wp-content\\\/uploads\\\/2024\\\/05\\\/MLP7.jpg\",\"contentUrl\":\"https:\\\/\\\/www.pickchickbymec.com\\\/wp-content\\\/uploads\\\/2024\\\/05\\\/MLP7.jpg\",\"width\":1200,\"height\":1247,\"caption\":\"pegatinas my little pony\"},{\"@type\":\"BreadcrumbList\",\"@id\":\"https:\\\/\\\/www.pickchickbymec.com\\\/producto\\\/hoja-de-pegatinas-ponys\\\/#breadcrumb\",\"itemListElement\":[{\"@type\":\"ListItem\",\"position\":1,\"name\":\"Portada\",\"item\":\"https:\\\/\\\/www.pickchickbymec.com\\\/\"},{\"@type\":\"ListItem\",\"position\":2,\"name\":\"Tienda\",\"item\":\"https:\\\/\\\/www.pickchickbymec.com\\\/tienda\\\/\"},{\"@type\":\"ListItem\",\"position\":3,\"name\":\"Hoja de pegatinas pretroqueladas My Little Pony\"}]},{\"@type\":\"WebSite\",\"@id\":\"https:\\\/\\\/www.pickchickbymec.com\\\/#website\",\"url\":\"https:\\\/\\\/www.pickchickbymec.com\\\/\",\"name\":\"Pick\u00b7Chick by Mec\",\"description\":\"kawaii illustrator and artisan\",\"publisher\":{\"@id\":\"https:\\\/\\\/www.pickchickbymec.com\\\/#\\\/schema\\\/person\\\/189a1cea9c7f6704595062aabbbb38fe\"},\"potentialAction\":[{\"@type\":\"SearchAction\",\"target\":{\"@type\":\"EntryPoint\",\"urlTemplate\":\"https:\\\/\\\/www.pickchickbymec.com\\\/?s={search_term_string}\"},\"query-input\":{\"@type\":\"PropertyValueSpecification\",\"valueRequired\":true,\"valueName\":\"search_term_string\"}}],\"inLanguage\":\"en-GB\"},{\"@type\":[\"Person\",\"Organization\"],\"@id\":\"https:\\\/\\\/www.pickchickbymec.com\\\/#\\\/schema\\\/person\\\/189a1cea9c7f6704595062aabbbb38fe\",\"name\":\"pickchickbymec\",\"image\":{\"@type\":\"ImageObject\",\"inLanguage\":\"en-GB\",\"@id\":\"https:\\\/\\\/secure.gravatar.com\\\/avatar\\\/0c13b11690ce1ad38e031b40cac436947d766b2585e3e81250e6cf60b0a3b61f?s=96&d=mm&r=g\",\"url\":\"https:\\\/\\\/secure.gravatar.com\\\/avatar\\\/0c13b11690ce1ad38e031b40cac436947d766b2585e3e81250e6cf60b0a3b61f?s=96&d=mm&r=g\",\"contentUrl\":\"https:\\\/\\\/secure.gravatar.com\\\/avatar\\\/0c13b11690ce1ad38e031b40cac436947d766b2585e3e81250e6cf60b0a3b61f?s=96&d=mm&r=g\",\"caption\":\"pickchickbymec\"},\"logo\":{\"@id\":\"https:\\\/\\\/secure.gravatar.com\\\/avatar\\\/0c13b11690ce1ad38e031b40cac436947d766b2585e3e81250e6cf60b0a3b61f?s=96&d=mm&r=g\"}}]}<\/script>\n<!-- \/ Yoast SEO plugin. -->","yoast_head_json":{"title":"Hoja de pegatinas pretroqueladas My Little Pony - Pick\u00b7Chick by Mec","description":"Hoja de pegatinas pretroqueladas con dise\u00f1os inspirados en variaos modelos de My Little Pony de los a\u00f1os 80, de la primera generaci\u00f3n. Son de vinilo.","robots":{"index":"index","follow":"follow","max-snippet":"max-snippet:-1","max-image-preview":"max-image-preview:large","max-video-preview":"max-video-preview:-1"},"canonical":"https:\/\/www.pickchickbymec.com\/en\/product\/hoja-de-pegatinas-ponys\/","og_locale":"en_GB","og_type":"article","og_title":"Hoja de pegatinas pretroqueladas My Little Pony - Pick\u00b7Chick by Mec","og_description":"Hoja de pegatinas pretroqueladas con dise\u00f1os inspirados en variaos modelos de My Little Pony de los a\u00f1os 80, de la primera generaci\u00f3n. Son de vinilo.","og_url":"https:\/\/www.pickchickbymec.com\/en\/product\/hoja-de-pegatinas-ponys\/","og_site_name":"Pick\u00b7Chick by Mec","article_modified_time":"2025-12-22T12:29:46+00:00","og_image":[{"width":1200,"height":1247,"url":"https:\/\/www.pickchickbymec.com\/wp-content\/uploads\/2024\/05\/MLP7.jpg","type":"image\/jpeg"}],"twitter_card":"summary_large_image","twitter_misc":{"Estimated reading time":"2 minutes"},"schema":{"@context":"https:\/\/schema.org","@graph":[{"@type":"WebPage","@id":"https:\/\/www.pickchickbymec.com\/producto\/hoja-de-pegatinas-ponys\/","url":"https:\/\/www.pickchickbymec.com\/producto\/hoja-de-pegatinas-ponys\/","name":"Hoja de pegatinas pretroqueladas My Little Pony - Pick\u00b7Chick by Mec","isPartOf":{"@id":"https:\/\/www.pickchickbymec.com\/#website"},"primaryImageOfPage":{"@id":"https:\/\/www.pickchickbymec.com\/producto\/hoja-de-pegatinas-ponys\/#primaryimage"},"image":{"@id":"https:\/\/www.pickchickbymec.com\/producto\/hoja-de-pegatinas-ponys\/#primaryimage"},"thumbnailUrl":"https:\/\/www.pickchickbymec.com\/wp-content\/uploads\/2024\/05\/MLP7.jpg","datePublished":"2024-05-10T09:44:12+00:00","dateModified":"2025-12-22T12:29:46+00:00","description":"Hoja de pegatinas pretroqueladas con dise\u00f1os inspirados en variaos modelos de My Little Pony de los a\u00f1os 80, de la primera generaci\u00f3n. Son de vinilo.","breadcrumb":{"@id":"https:\/\/www.pickchickbymec.com\/producto\/hoja-de-pegatinas-ponys\/#breadcrumb"},"inLanguage":"en-GB","potentialAction":[{"@type":"ReadAction","target":["https:\/\/www.pickchickbymec.com\/producto\/hoja-de-pegatinas-ponys\/"]}]},{"@type":"ImageObject","inLanguage":"en-GB","@id":"https:\/\/www.pickchickbymec.com\/producto\/hoja-de-pegatinas-ponys\/#primaryimage","url":"https:\/\/www.pickchickbymec.com\/wp-content\/uploads\/2024\/05\/MLP7.jpg","contentUrl":"https:\/\/www.pickchickbymec.com\/wp-content\/uploads\/2024\/05\/MLP7.jpg","width":1200,"height":1247,"caption":"pegatinas my little pony"},{"@type":"BreadcrumbList","@id":"https:\/\/www.pickchickbymec.com\/producto\/hoja-de-pegatinas-ponys\/#breadcrumb","itemListElement":[{"@type":"ListItem","position":1,"name":"Portada","item":"https:\/\/www.pickchickbymec.com\/"},{"@type":"ListItem","position":2,"name":"Tienda","item":"https:\/\/www.pickchickbymec.com\/tienda\/"},{"@type":"ListItem","position":3,"name":"Hoja de pegatinas pretroqueladas My Little Pony"}]},{"@type":"WebSite","@id":"https:\/\/www.pickchickbymec.com\/#website","url":"https:\/\/www.pickchickbymec.com\/","name":"Pick-Chick by Mec","description":"kawaii illustrator and artisan","publisher":{"@id":"https:\/\/www.pickchickbymec.com\/#\/schema\/person\/189a1cea9c7f6704595062aabbbb38fe"},"potentialAction":[{"@type":"SearchAction","target":{"@type":"EntryPoint","urlTemplate":"https:\/\/www.pickchickbymec.com\/?s={search_term_string}"},"query-input":{"@type":"PropertyValueSpecification","valueRequired":true,"valueName":"search_term_string"}}],"inLanguage":"en-GB"},{"@type":["Person","Organization"],"@id":"https:\/\/www.pickchickbymec.com\/#\/schema\/person\/189a1cea9c7f6704595062aabbbb38fe","name":"pickchickbymec","image":{"@type":"ImageObject","inLanguage":"en-GB","@id":"https:\/\/secure.gravatar.com\/avatar\/0c13b11690ce1ad38e031b40cac436947d766b2585e3e81250e6cf60b0a3b61f?s=96&d=mm&r=g","url":"https:\/\/secure.gravatar.com\/avatar\/0c13b11690ce1ad38e031b40cac436947d766b2585e3e81250e6cf60b0a3b61f?s=96&d=mm&r=g","contentUrl":"https:\/\/secure.gravatar.com\/avatar\/0c13b11690ce1ad38e031b40cac436947d766b2585e3e81250e6cf60b0a3b61f?s=96&d=mm&r=g","caption":"pickchickbymec"},"logo":{"@id":"https:\/\/secure.gravatar.com\/avatar\/0c13b11690ce1ad38e031b40cac436947d766b2585e3e81250e6cf60b0a3b61f?s=96&d=mm&r=g"}}]}},"jetpack-related-posts":[],"jetpack_sharing_enabled":true,"_links":{"self":[{"href":"https:\/\/www.pickchickbymec.com\/en\/wp-json\/wp\/v2\/product\/7159","targetHints":{"allow":["GET"]}}],"collection":[{"href":"https:\/\/www.pickchickbymec.com\/en\/wp-json\/wp\/v2\/product"}],"about":[{"href":"https:\/\/www.pickchickbymec.com\/en\/wp-json\/wp\/v2\/types\/product"}],"replies":[{"embeddable":true,"href":"https:\/\/www.pickchickbymec.com\/en\/wp-json\/wp\/v2\/comments?post=7159"}],"wp:featuredmedia":[{"embeddable":true,"href":"https:\/\/www.pickchickbymec.com\/en\/wp-json\/wp\/v2\/media\/8267"}],"wp:attachment":[{"href":"https:\/\/www.pickchickbymec.com\/en\/wp-json\/wp\/v2\/media?parent=7159"}],"wp:term":[{"taxonomy":"product_brand","embeddable":true,"href":"https:\/\/www.pickchickbymec.com\/en\/wp-json\/wp\/v2\/product_brand?post=7159"},{"taxonomy":"product_cat","embeddable":true,"href":"https:\/\/www.pickchickbymec.com\/en\/wp-json\/wp\/v2\/product_cat?post=7159"},{"taxonomy":"product_tag","embeddable":true,"href":"https:\/\/www.pickchickbymec.com\/en\/wp-json\/wp\/v2\/product_tag?post=7159"}],"curies":[{"name":"wp","href":"https:\/\/api.w.org\/{rel}","templated":true}]}}