{"id":7246,"date":"2024-05-13T17:29:51","date_gmt":"2024-05-13T15:29:51","guid":{"rendered":"https:\/\/www.pickchickbymec.com\/?post_type=product&#038;p=7246"},"modified":"2025-12-22T13:29:20","modified_gmt":"2025-12-22T12:29:20","slug":"stardew-dungeon-senshi-lamina","status":"publish","type":"product","link":"https:\/\/www.pickchickbymec.com\/en\/product\/stardew-dungeon-senshi-lamina\/","title":{"rendered":"STARDEW DUNGEON SENSHI, l\u00e1mina decorativa inspirada en Dungeon Meshi y Stardew Valley"},"content":{"rendered":"<p>Esta l\u00e1mina es una copia impresa de una de mis ilustraciones en acuarela inspirada en Senshi, uno de los personajes del anime Dungeon Meshi. Esta tierna ilustraci\u00f3n del personaje m\u00e1s amado de la serie es a la vez una parodia del videojuego Stardew Valley. Por eso vemos a los basiliscos como si fuesen gallinas de la granja, y Senshi anda cuidando su huerto pac\u00edficamente (aunque sea encima de un golem). El estilo tradicional de la acuarela y el l\u00e1piz le da un aire tradicional muy favorecedor.<\/p>\n<p>Las copias est\u00e1n realizadas en papel de 300 gramos mate con impresi\u00f3n de alta calidad. Est\u00e1 disponible en dos tama\u00f1os distintos, para que puedas escoger el que mejor se adapta a tus necesidades y espacio:<\/p>\n<p><strong>Medidas:<\/strong><\/p>\n<p><strong>A4:<\/strong> 29 x 21 cm<br \/>\n<strong>A5:<\/strong> 21 x 15 cm<\/p>\n<p>Si deseas que vaya firmada y dedicada por la parte de atr\u00e1s ind\u00edcalo en un mensaje al hacer el pedido, le dar\u00e1 un toque a\u00fan m\u00e1s especial a este producto.<\/p>\n<p>Las l\u00e1minas por s\u00ed solas se env\u00edan bien protegidas por correo certificado con n\u00famero de seguimiento. Si quieres que el paquete vaya registrado puedes comprar este producto junto a otros que s\u00ed tengan la modalidad de env\u00edo certificado o escribirme por email a <a href=\"mailto:pickchickshop@gmail.com\">pickchickshop@gmail.com<\/a>.<\/p>\n<p>Echa un vistazo al resto de <a href=\"https:\/\/www.pickchickbymec.com\/en\/product-tag\/anime\/\">productos inspirados en anime<\/a> de mi tienda y ahorra al combinar los env\u00edos pidiendo m\u00e1s de un producto. Si quieres enterarte de todas las novedades y ver fotos del proceso de los nuevos productos s\u00edgueme en <a href=\"https:\/\/twitter.com\/pickchickbymec\">Twitter<\/a> e <a href=\"https:\/\/www.instagram.com\/pickchickbymec\/\">Instagram<\/a>.<\/p>","protected":false},"excerpt":{"rendered":"<p>Copia impresa de mi ilustraci\u00f3n inspirada en Senshi, de Dungeon Meshi.<\/p>\n<p>Papel 300 gr. mate<\/p>\n<p><strong>Medidas disponibles:<\/strong><\/p>\n<p><strong>A4:<\/strong> 29 x 21 cm<br \/>\n<strong>A5:<\/strong> 21 x 15 cm<\/p>","protected":false},"featured_media":8399,"comment_status":"open","ping_status":"closed","template":"","meta":{"_monsterinsights_skip_tracking":false,"_monsterinsights_sitenote_active":false,"_monsterinsights_sitenote_note":"","_monsterinsights_sitenote_category":0},"product_brand":[],"product_cat":[293],"product_tag":[508,509,359,356,377,539],"class_list":{"0":"post-7246","1":"product","2":"type-product","3":"status-publish","4":"has-post-thumbnail","6":"product_cat-ilustracion-1","7":"product_tag-anime","8":"product_tag-dungeon-senshi","9":"product_tag-fanart","10":"product_tag-ilustracion","11":"product_tag-lamina","12":"product_tag-series-y-pelis","13":"product_shipping_class-documentos","15":"first","16":"instock","17":"taxable","18":"shipping-taxable","19":"purchasable","20":"product-type-variable"},"yoast_head":"<!-- This site is optimized with the Yoast SEO plugin v27.4 - https:\/\/yoast.com\/product\/yoast-seo-wordpress\/ -->\n<title>STARDEW DUNGEON SENSHI, l\u00e1mina decorativa - Pick\u00b7Chick by Mec<\/title>\n<meta name=\"description\" content=\"L\u00e1mina de mi ilustraci\u00f3n en acuarela inspirada en Senshi del anime Dungeon Meshi y el videojuego Stardew Valley. Disponible en dos tama\u00f1os distintos.\" \/>\n<meta name=\"robots\" content=\"index, follow, max-snippet:-1, max-image-preview:large, max-video-preview:-1\" \/>\n<link rel=\"canonical\" href=\"https:\/\/www.pickchickbymec.com\/en\/product\/stardew-dungeon-senshi-lamina\/\" \/>\n<meta property=\"og:locale\" content=\"en_GB\" \/>\n<meta property=\"og:type\" content=\"article\" \/>\n<meta property=\"og:title\" content=\"STARDEW DUNGEON SENSHI, l\u00e1mina decorativa - Pick\u00b7Chick by Mec\" \/>\n<meta property=\"og:description\" content=\"L\u00e1mina de mi ilustraci\u00f3n en acuarela inspirada en Senshi del anime Dungeon Meshi y el videojuego Stardew Valley. Disponible en dos tama\u00f1os distintos.\" \/>\n<meta property=\"og:url\" content=\"https:\/\/www.pickchickbymec.com\/en\/product\/stardew-dungeon-senshi-lamina\/\" \/>\n<meta property=\"og:site_name\" content=\"Pick\u00b7Chick by Mec\" \/>\n<meta property=\"article:modified_time\" content=\"2025-12-22T12:29:20+00:00\" \/>\n<meta property=\"og:image\" content=\"https:\/\/www.pickchickbymec.com\/wp-content\/uploads\/2024\/05\/dungeon-senshi.jpg\" \/>\n\t<meta property=\"og:image:width\" content=\"1200\" \/>\n\t<meta property=\"og:image:height\" content=\"965\" \/>\n\t<meta property=\"og:image:type\" content=\"image\/jpeg\" \/>\n<meta name=\"twitter:card\" content=\"summary_large_image\" \/>\n<meta name=\"twitter:label1\" content=\"Estimated reading time\" \/>\n\t<meta name=\"twitter:data1\" content=\"2 minutes\" \/>\n<script type=\"application\/ld+json\" class=\"yoast-schema-graph\">{\"@context\":\"https:\\\/\\\/schema.org\",\"@graph\":[{\"@type\":\"WebPage\",\"@id\":\"https:\\\/\\\/www.pickchickbymec.com\\\/producto\\\/stardew-dungeon-senshi-lamina\\\/\",\"url\":\"https:\\\/\\\/www.pickchickbymec.com\\\/producto\\\/stardew-dungeon-senshi-lamina\\\/\",\"name\":\"STARDEW DUNGEON SENSHI, l\u00e1mina decorativa - Pick\u00b7Chick by Mec\",\"isPartOf\":{\"@id\":\"https:\\\/\\\/www.pickchickbymec.com\\\/#website\"},\"primaryImageOfPage\":{\"@id\":\"https:\\\/\\\/www.pickchickbymec.com\\\/producto\\\/stardew-dungeon-senshi-lamina\\\/#primaryimage\"},\"image\":{\"@id\":\"https:\\\/\\\/www.pickchickbymec.com\\\/producto\\\/stardew-dungeon-senshi-lamina\\\/#primaryimage\"},\"thumbnailUrl\":\"https:\\\/\\\/www.pickchickbymec.com\\\/wp-content\\\/uploads\\\/2024\\\/05\\\/dungeon-senshi.jpg\",\"datePublished\":\"2024-05-13T15:29:51+00:00\",\"dateModified\":\"2025-12-22T12:29:20+00:00\",\"description\":\"L\u00e1mina de mi ilustraci\u00f3n en acuarela inspirada en Senshi del anime Dungeon Meshi y el videojuego Stardew Valley. Disponible en dos tama\u00f1os distintos.\",\"breadcrumb\":{\"@id\":\"https:\\\/\\\/www.pickchickbymec.com\\\/producto\\\/stardew-dungeon-senshi-lamina\\\/#breadcrumb\"},\"inLanguage\":\"en-GB\",\"potentialAction\":[{\"@type\":\"ReadAction\",\"target\":[\"https:\\\/\\\/www.pickchickbymec.com\\\/producto\\\/stardew-dungeon-senshi-lamina\\\/\"]}]},{\"@type\":\"ImageObject\",\"inLanguage\":\"en-GB\",\"@id\":\"https:\\\/\\\/www.pickchickbymec.com\\\/producto\\\/stardew-dungeon-senshi-lamina\\\/#primaryimage\",\"url\":\"https:\\\/\\\/www.pickchickbymec.com\\\/wp-content\\\/uploads\\\/2024\\\/05\\\/dungeon-senshi.jpg\",\"contentUrl\":\"https:\\\/\\\/www.pickchickbymec.com\\\/wp-content\\\/uploads\\\/2024\\\/05\\\/dungeon-senshi.jpg\",\"width\":1200,\"height\":965},{\"@type\":\"BreadcrumbList\",\"@id\":\"https:\\\/\\\/www.pickchickbymec.com\\\/producto\\\/stardew-dungeon-senshi-lamina\\\/#breadcrumb\",\"itemListElement\":[{\"@type\":\"ListItem\",\"position\":1,\"name\":\"Portada\",\"item\":\"https:\\\/\\\/www.pickchickbymec.com\\\/\"},{\"@type\":\"ListItem\",\"position\":2,\"name\":\"Tienda\",\"item\":\"https:\\\/\\\/www.pickchickbymec.com\\\/tienda\\\/\"},{\"@type\":\"ListItem\",\"position\":3,\"name\":\"STARDEW DUNGEON SENSHI, l\u00e1mina decorativa inspirada en Dungeon Meshi y Stardew Valley\"}]},{\"@type\":\"WebSite\",\"@id\":\"https:\\\/\\\/www.pickchickbymec.com\\\/#website\",\"url\":\"https:\\\/\\\/www.pickchickbymec.com\\\/\",\"name\":\"Pick\u00b7Chick by Mec\",\"description\":\"kawaii illustrator and artisan\",\"publisher\":{\"@id\":\"https:\\\/\\\/www.pickchickbymec.com\\\/#\\\/schema\\\/person\\\/189a1cea9c7f6704595062aabbbb38fe\"},\"potentialAction\":[{\"@type\":\"SearchAction\",\"target\":{\"@type\":\"EntryPoint\",\"urlTemplate\":\"https:\\\/\\\/www.pickchickbymec.com\\\/?s={search_term_string}\"},\"query-input\":{\"@type\":\"PropertyValueSpecification\",\"valueRequired\":true,\"valueName\":\"search_term_string\"}}],\"inLanguage\":\"en-GB\"},{\"@type\":[\"Person\",\"Organization\"],\"@id\":\"https:\\\/\\\/www.pickchickbymec.com\\\/#\\\/schema\\\/person\\\/189a1cea9c7f6704595062aabbbb38fe\",\"name\":\"pickchickbymec\",\"image\":{\"@type\":\"ImageObject\",\"inLanguage\":\"en-GB\",\"@id\":\"https:\\\/\\\/secure.gravatar.com\\\/avatar\\\/0c13b11690ce1ad38e031b40cac436947d766b2585e3e81250e6cf60b0a3b61f?s=96&d=mm&r=g\",\"url\":\"https:\\\/\\\/secure.gravatar.com\\\/avatar\\\/0c13b11690ce1ad38e031b40cac436947d766b2585e3e81250e6cf60b0a3b61f?s=96&d=mm&r=g\",\"contentUrl\":\"https:\\\/\\\/secure.gravatar.com\\\/avatar\\\/0c13b11690ce1ad38e031b40cac436947d766b2585e3e81250e6cf60b0a3b61f?s=96&d=mm&r=g\",\"caption\":\"pickchickbymec\"},\"logo\":{\"@id\":\"https:\\\/\\\/secure.gravatar.com\\\/avatar\\\/0c13b11690ce1ad38e031b40cac436947d766b2585e3e81250e6cf60b0a3b61f?s=96&d=mm&r=g\"}}]}<\/script>\n<!-- \/ Yoast SEO plugin. -->","yoast_head_json":{"title":"STARDEW DUNGEON SENSHI, l\u00e1mina decorativa - Pick\u00b7Chick by Mec","description":"L\u00e1mina de mi ilustraci\u00f3n en acuarela inspirada en Senshi del anime Dungeon Meshi y el videojuego Stardew Valley. Disponible en dos tama\u00f1os distintos.","robots":{"index":"index","follow":"follow","max-snippet":"max-snippet:-1","max-image-preview":"max-image-preview:large","max-video-preview":"max-video-preview:-1"},"canonical":"https:\/\/www.pickchickbymec.com\/en\/product\/stardew-dungeon-senshi-lamina\/","og_locale":"en_GB","og_type":"article","og_title":"STARDEW DUNGEON SENSHI, l\u00e1mina decorativa - Pick\u00b7Chick by Mec","og_description":"L\u00e1mina de mi ilustraci\u00f3n en acuarela inspirada en Senshi del anime Dungeon Meshi y el videojuego Stardew Valley. Disponible en dos tama\u00f1os distintos.","og_url":"https:\/\/www.pickchickbymec.com\/en\/product\/stardew-dungeon-senshi-lamina\/","og_site_name":"Pick\u00b7Chick by Mec","article_modified_time":"2025-12-22T12:29:20+00:00","og_image":[{"width":1200,"height":965,"url":"https:\/\/www.pickchickbymec.com\/wp-content\/uploads\/2024\/05\/dungeon-senshi.jpg","type":"image\/jpeg"}],"twitter_card":"summary_large_image","twitter_misc":{"Estimated reading time":"2 minutes"},"schema":{"@context":"https:\/\/schema.org","@graph":[{"@type":"WebPage","@id":"https:\/\/www.pickchickbymec.com\/producto\/stardew-dungeon-senshi-lamina\/","url":"https:\/\/www.pickchickbymec.com\/producto\/stardew-dungeon-senshi-lamina\/","name":"STARDEW DUNGEON SENSHI, l\u00e1mina decorativa - Pick\u00b7Chick by Mec","isPartOf":{"@id":"https:\/\/www.pickchickbymec.com\/#website"},"primaryImageOfPage":{"@id":"https:\/\/www.pickchickbymec.com\/producto\/stardew-dungeon-senshi-lamina\/#primaryimage"},"image":{"@id":"https:\/\/www.pickchickbymec.com\/producto\/stardew-dungeon-senshi-lamina\/#primaryimage"},"thumbnailUrl":"https:\/\/www.pickchickbymec.com\/wp-content\/uploads\/2024\/05\/dungeon-senshi.jpg","datePublished":"2024-05-13T15:29:51+00:00","dateModified":"2025-12-22T12:29:20+00:00","description":"L\u00e1mina de mi ilustraci\u00f3n en acuarela inspirada en Senshi del anime Dungeon Meshi y el videojuego Stardew Valley. Disponible en dos tama\u00f1os distintos.","breadcrumb":{"@id":"https:\/\/www.pickchickbymec.com\/producto\/stardew-dungeon-senshi-lamina\/#breadcrumb"},"inLanguage":"en-GB","potentialAction":[{"@type":"ReadAction","target":["https:\/\/www.pickchickbymec.com\/producto\/stardew-dungeon-senshi-lamina\/"]}]},{"@type":"ImageObject","inLanguage":"en-GB","@id":"https:\/\/www.pickchickbymec.com\/producto\/stardew-dungeon-senshi-lamina\/#primaryimage","url":"https:\/\/www.pickchickbymec.com\/wp-content\/uploads\/2024\/05\/dungeon-senshi.jpg","contentUrl":"https:\/\/www.pickchickbymec.com\/wp-content\/uploads\/2024\/05\/dungeon-senshi.jpg","width":1200,"height":965},{"@type":"BreadcrumbList","@id":"https:\/\/www.pickchickbymec.com\/producto\/stardew-dungeon-senshi-lamina\/#breadcrumb","itemListElement":[{"@type":"ListItem","position":1,"name":"Portada","item":"https:\/\/www.pickchickbymec.com\/"},{"@type":"ListItem","position":2,"name":"Tienda","item":"https:\/\/www.pickchickbymec.com\/tienda\/"},{"@type":"ListItem","position":3,"name":"STARDEW DUNGEON SENSHI, l\u00e1mina decorativa inspirada en Dungeon Meshi y Stardew Valley"}]},{"@type":"WebSite","@id":"https:\/\/www.pickchickbymec.com\/#website","url":"https:\/\/www.pickchickbymec.com\/","name":"Pick-Chick by Mec","description":"kawaii illustrator and artisan","publisher":{"@id":"https:\/\/www.pickchickbymec.com\/#\/schema\/person\/189a1cea9c7f6704595062aabbbb38fe"},"potentialAction":[{"@type":"SearchAction","target":{"@type":"EntryPoint","urlTemplate":"https:\/\/www.pickchickbymec.com\/?s={search_term_string}"},"query-input":{"@type":"PropertyValueSpecification","valueRequired":true,"valueName":"search_term_string"}}],"inLanguage":"en-GB"},{"@type":["Person","Organization"],"@id":"https:\/\/www.pickchickbymec.com\/#\/schema\/person\/189a1cea9c7f6704595062aabbbb38fe","name":"pickchickbymec","image":{"@type":"ImageObject","inLanguage":"en-GB","@id":"https:\/\/secure.gravatar.com\/avatar\/0c13b11690ce1ad38e031b40cac436947d766b2585e3e81250e6cf60b0a3b61f?s=96&d=mm&r=g","url":"https:\/\/secure.gravatar.com\/avatar\/0c13b11690ce1ad38e031b40cac436947d766b2585e3e81250e6cf60b0a3b61f?s=96&d=mm&r=g","contentUrl":"https:\/\/secure.gravatar.com\/avatar\/0c13b11690ce1ad38e031b40cac436947d766b2585e3e81250e6cf60b0a3b61f?s=96&d=mm&r=g","caption":"pickchickbymec"},"logo":{"@id":"https:\/\/secure.gravatar.com\/avatar\/0c13b11690ce1ad38e031b40cac436947d766b2585e3e81250e6cf60b0a3b61f?s=96&d=mm&r=g"}}]}},"jetpack-related-posts":[],"jetpack_sharing_enabled":true,"_links":{"self":[{"href":"https:\/\/www.pickchickbymec.com\/en\/wp-json\/wp\/v2\/product\/7246","targetHints":{"allow":["GET"]}}],"collection":[{"href":"https:\/\/www.pickchickbymec.com\/en\/wp-json\/wp\/v2\/product"}],"about":[{"href":"https:\/\/www.pickchickbymec.com\/en\/wp-json\/wp\/v2\/types\/product"}],"replies":[{"embeddable":true,"href":"https:\/\/www.pickchickbymec.com\/en\/wp-json\/wp\/v2\/comments?post=7246"}],"wp:featuredmedia":[{"embeddable":true,"href":"https:\/\/www.pickchickbymec.com\/en\/wp-json\/wp\/v2\/media\/8399"}],"wp:attachment":[{"href":"https:\/\/www.pickchickbymec.com\/en\/wp-json\/wp\/v2\/media?parent=7246"}],"wp:term":[{"taxonomy":"product_brand","embeddable":true,"href":"https:\/\/www.pickchickbymec.com\/en\/wp-json\/wp\/v2\/product_brand?post=7246"},{"taxonomy":"product_cat","embeddable":true,"href":"https:\/\/www.pickchickbymec.com\/en\/wp-json\/wp\/v2\/product_cat?post=7246"},{"taxonomy":"product_tag","embeddable":true,"href":"https:\/\/www.pickchickbymec.com\/en\/wp-json\/wp\/v2\/product_tag?post=7246"}],"curies":[{"name":"wp","href":"https:\/\/api.w.org\/{rel}","templated":true}]}}