{"id":7251,"date":"2024-05-13T17:40:19","date_gmt":"2024-05-13T15:40:19","guid":{"rendered":"https:\/\/www.pickchickbymec.com\/?post_type=product&#038;p=7251"},"modified":"2025-12-22T13:28:44","modified_gmt":"2025-12-22T12:28:44","slug":"lamina-yoshi-colours","status":"publish","type":"product","link":"https:\/\/www.pickchickbymec.com\/en\/product\/lamina-yoshi-colours\/","title":{"rendered":"YOSHI COLORES, l\u00e1mina decorativa inspirada en Yoshi&#8217;s Island"},"content":{"rendered":"<p>Esta l\u00e1mina es una copia impresa de una de mis ilustraciones en acuarela inspirada en todos los Yoshi de colores del videojuego Yoshi&#8217;s Island. Aparecen todas las variaciones del protagonista que podemos encontrar en diversos videojuegos junto al beb\u00e9 Mario. Tanto los colores vivos y luminosos que le da la acuarela como la tem\u00e1tica encajan a la perfecci\u00f3n en el ambiente on\u00edrico entre todas esas nubes.<\/p>\n<p>Esta l\u00e1mina es perfecta especialmente para habitaciones infantiles (hay que educarlos en el arte friki y el amor por los videojuegos desde bien chiquitos :D).<\/p>\n<p>Las copias est\u00e1n realizadas en papel de 300 gramos mate con impresi\u00f3n de alta calidad. Est\u00e1 disponible en dos tama\u00f1os distintos, para que puedas escoger el que mejor se adapta a tus necesidades y espacio:<\/p>\n<p><strong>Medidas:<\/strong><\/p>\n<p><strong>A4:<\/strong> 29 x 21 cm<br \/>\n<strong>A5:<\/strong> 21 x 15 cm<\/p>\n<p>Si deseas que vaya firmada y dedicada por la parte de atr\u00e1s ind\u00edcalo en un mensaje al hacer el pedido, le dar\u00e1 un toque a\u00fan m\u00e1s especial a este producto.<\/p>\n<p>Las l\u00e1minas por s\u00ed solas se env\u00edan bien protegidas por correo certificado con n\u00famero de seguimiento.<\/p>\n<p>Echa un vistazo al resto de <a href=\"https:\/\/www.pickchickbymec.com\/en\/product-tag\/videojuegos\/\">productos inspirados en videojuegos<\/a> y ahorra al combinar los env\u00edos pidiendo m\u00e1s de un producto. Si quieres enterarte de todas las novedades y ver fotos del proceso de los nuevos productos s\u00edgueme en <a href=\"https:\/\/twitter.com\/pickchickbymec\">Twitter<\/a> e <a href=\"https:\/\/www.instagram.com\/pickchickbymec\/\">Instagram<\/a>.<\/p>","protected":false},"excerpt":{"rendered":"<p>Copia impresa de mi ilustraci\u00f3n inspirada en Yoshi y sus distintos colores.<\/p>\n<p>Papel 300 gr. mate<\/p>\n<p><strong>Medidas disponibles:<\/strong><\/p>\n<p><strong>A4:<\/strong> 29 x 21 cm<br \/>\n<strong>A5:<\/strong> 21 x 15 cm<\/p>","protected":false},"featured_media":7254,"comment_status":"open","ping_status":"closed","template":"","meta":{"_monsterinsights_skip_tracking":false,"_monsterinsights_sitenote_active":false,"_monsterinsights_sitenote_note":"","_monsterinsights_sitenote_category":0},"product_brand":[],"product_cat":[293],"product_tag":[359,356,377,416,510],"class_list":{"0":"post-7251","1":"product","2":"type-product","3":"status-publish","4":"has-post-thumbnail","6":"product_cat-ilustracion-1","7":"product_tag-fanart","8":"product_tag-ilustracion","9":"product_tag-lamina","10":"product_tag-videojuegos","11":"product_tag-yoshi","12":"product_shipping_class-documentos","14":"first","15":"instock","16":"taxable","17":"shipping-taxable","18":"purchasable","19":"product-type-variable"},"yoast_head":"<!-- This site is optimized with the Yoast SEO plugin v27.4 - https:\/\/yoast.com\/product\/yoast-seo-wordpress\/ -->\n<title>Yoshi colores, l\u00e1mina decorativa de ilustraci\u00f3n en acuarela- Pick\u00b7Chick by Mec<\/title>\n<meta name=\"description\" content=\"L\u00e1mina de una de mis ilustraciones en acuarela inspirada en Yoshi y sus distintas versiones de colores. Disponible en dos tama\u00f1os distintos.\" \/>\n<meta name=\"robots\" content=\"index, follow, max-snippet:-1, max-image-preview:large, max-video-preview:-1\" \/>\n<link rel=\"canonical\" href=\"https:\/\/www.pickchickbymec.com\/en\/product\/lamina-yoshi-colours\/\" \/>\n<meta property=\"og:locale\" content=\"en_GB\" \/>\n<meta property=\"og:type\" content=\"article\" \/>\n<meta property=\"og:title\" content=\"Yoshi colores, l\u00e1mina decorativa de ilustraci\u00f3n en acuarela- Pick\u00b7Chick by Mec\" \/>\n<meta property=\"og:description\" content=\"L\u00e1mina de una de mis ilustraciones en acuarela inspirada en Yoshi y sus distintas versiones de colores. Disponible en dos tama\u00f1os distintos.\" \/>\n<meta property=\"og:url\" content=\"https:\/\/www.pickchickbymec.com\/en\/product\/lamina-yoshi-colours\/\" \/>\n<meta property=\"og:site_name\" content=\"Pick\u00b7Chick by Mec\" \/>\n<meta property=\"article:modified_time\" content=\"2025-12-22T12:28:44+00:00\" \/>\n<meta property=\"og:image\" content=\"https:\/\/www.pickchickbymec.com\/wp-content\/uploads\/2024\/05\/yoshi2.jpg\" \/>\n\t<meta property=\"og:image:width\" content=\"1000\" \/>\n\t<meta property=\"og:image:height\" content=\"765\" \/>\n\t<meta property=\"og:image:type\" content=\"image\/jpeg\" \/>\n<meta name=\"twitter:card\" content=\"summary_large_image\" \/>\n<meta name=\"twitter:label1\" content=\"Estimated reading time\" \/>\n\t<meta name=\"twitter:data1\" content=\"2 minutes\" \/>\n<script type=\"application\/ld+json\" class=\"yoast-schema-graph\">{\"@context\":\"https:\\\/\\\/schema.org\",\"@graph\":[{\"@type\":\"WebPage\",\"@id\":\"https:\\\/\\\/www.pickchickbymec.com\\\/producto\\\/lamina-yoshi-colours\\\/\",\"url\":\"https:\\\/\\\/www.pickchickbymec.com\\\/producto\\\/lamina-yoshi-colours\\\/\",\"name\":\"Yoshi colores, l\u00e1mina decorativa de ilustraci\u00f3n en acuarela- Pick\u00b7Chick by Mec\",\"isPartOf\":{\"@id\":\"https:\\\/\\\/www.pickchickbymec.com\\\/#website\"},\"primaryImageOfPage\":{\"@id\":\"https:\\\/\\\/www.pickchickbymec.com\\\/producto\\\/lamina-yoshi-colours\\\/#primaryimage\"},\"image\":{\"@id\":\"https:\\\/\\\/www.pickchickbymec.com\\\/producto\\\/lamina-yoshi-colours\\\/#primaryimage\"},\"thumbnailUrl\":\"https:\\\/\\\/www.pickchickbymec.com\\\/wp-content\\\/uploads\\\/2024\\\/05\\\/yoshi2.jpg\",\"datePublished\":\"2024-05-13T15:40:19+00:00\",\"dateModified\":\"2025-12-22T12:28:44+00:00\",\"description\":\"L\u00e1mina de una de mis ilustraciones en acuarela inspirada en Yoshi y sus distintas versiones de colores. Disponible en dos tama\u00f1os distintos.\",\"breadcrumb\":{\"@id\":\"https:\\\/\\\/www.pickchickbymec.com\\\/producto\\\/lamina-yoshi-colours\\\/#breadcrumb\"},\"inLanguage\":\"en-GB\",\"potentialAction\":[{\"@type\":\"ReadAction\",\"target\":[\"https:\\\/\\\/www.pickchickbymec.com\\\/producto\\\/lamina-yoshi-colours\\\/\"]}]},{\"@type\":\"ImageObject\",\"inLanguage\":\"en-GB\",\"@id\":\"https:\\\/\\\/www.pickchickbymec.com\\\/producto\\\/lamina-yoshi-colours\\\/#primaryimage\",\"url\":\"https:\\\/\\\/www.pickchickbymec.com\\\/wp-content\\\/uploads\\\/2024\\\/05\\\/yoshi2.jpg\",\"contentUrl\":\"https:\\\/\\\/www.pickchickbymec.com\\\/wp-content\\\/uploads\\\/2024\\\/05\\\/yoshi2.jpg\",\"width\":1000,\"height\":765,\"caption\":\"yoshi colores\"},{\"@type\":\"BreadcrumbList\",\"@id\":\"https:\\\/\\\/www.pickchickbymec.com\\\/producto\\\/lamina-yoshi-colours\\\/#breadcrumb\",\"itemListElement\":[{\"@type\":\"ListItem\",\"position\":1,\"name\":\"Portada\",\"item\":\"https:\\\/\\\/www.pickchickbymec.com\\\/\"},{\"@type\":\"ListItem\",\"position\":2,\"name\":\"Tienda\",\"item\":\"https:\\\/\\\/www.pickchickbymec.com\\\/tienda\\\/\"},{\"@type\":\"ListItem\",\"position\":3,\"name\":\"YOSHI COLORES, l\u00e1mina decorativa inspirada en Yoshi&#8217;s Island\"}]},{\"@type\":\"WebSite\",\"@id\":\"https:\\\/\\\/www.pickchickbymec.com\\\/#website\",\"url\":\"https:\\\/\\\/www.pickchickbymec.com\\\/\",\"name\":\"Pick\u00b7Chick by Mec\",\"description\":\"kawaii illustrator and artisan\",\"publisher\":{\"@id\":\"https:\\\/\\\/www.pickchickbymec.com\\\/#\\\/schema\\\/person\\\/189a1cea9c7f6704595062aabbbb38fe\"},\"potentialAction\":[{\"@type\":\"SearchAction\",\"target\":{\"@type\":\"EntryPoint\",\"urlTemplate\":\"https:\\\/\\\/www.pickchickbymec.com\\\/?s={search_term_string}\"},\"query-input\":{\"@type\":\"PropertyValueSpecification\",\"valueRequired\":true,\"valueName\":\"search_term_string\"}}],\"inLanguage\":\"en-GB\"},{\"@type\":[\"Person\",\"Organization\"],\"@id\":\"https:\\\/\\\/www.pickchickbymec.com\\\/#\\\/schema\\\/person\\\/189a1cea9c7f6704595062aabbbb38fe\",\"name\":\"pickchickbymec\",\"image\":{\"@type\":\"ImageObject\",\"inLanguage\":\"en-GB\",\"@id\":\"https:\\\/\\\/secure.gravatar.com\\\/avatar\\\/0c13b11690ce1ad38e031b40cac436947d766b2585e3e81250e6cf60b0a3b61f?s=96&d=mm&r=g\",\"url\":\"https:\\\/\\\/secure.gravatar.com\\\/avatar\\\/0c13b11690ce1ad38e031b40cac436947d766b2585e3e81250e6cf60b0a3b61f?s=96&d=mm&r=g\",\"contentUrl\":\"https:\\\/\\\/secure.gravatar.com\\\/avatar\\\/0c13b11690ce1ad38e031b40cac436947d766b2585e3e81250e6cf60b0a3b61f?s=96&d=mm&r=g\",\"caption\":\"pickchickbymec\"},\"logo\":{\"@id\":\"https:\\\/\\\/secure.gravatar.com\\\/avatar\\\/0c13b11690ce1ad38e031b40cac436947d766b2585e3e81250e6cf60b0a3b61f?s=96&d=mm&r=g\"}}]}<\/script>\n<!-- \/ Yoast SEO plugin. -->","yoast_head_json":{"title":"Yoshi colores, l\u00e1mina decorativa de ilustraci\u00f3n en acuarela- Pick\u00b7Chick by Mec","description":"L\u00e1mina de una de mis ilustraciones en acuarela inspirada en Yoshi y sus distintas versiones de colores. Disponible en dos tama\u00f1os distintos.","robots":{"index":"index","follow":"follow","max-snippet":"max-snippet:-1","max-image-preview":"max-image-preview:large","max-video-preview":"max-video-preview:-1"},"canonical":"https:\/\/www.pickchickbymec.com\/en\/product\/lamina-yoshi-colours\/","og_locale":"en_GB","og_type":"article","og_title":"Yoshi colores, l\u00e1mina decorativa de ilustraci\u00f3n en acuarela- Pick\u00b7Chick by Mec","og_description":"L\u00e1mina de una de mis ilustraciones en acuarela inspirada en Yoshi y sus distintas versiones de colores. Disponible en dos tama\u00f1os distintos.","og_url":"https:\/\/www.pickchickbymec.com\/en\/product\/lamina-yoshi-colours\/","og_site_name":"Pick\u00b7Chick by Mec","article_modified_time":"2025-12-22T12:28:44+00:00","og_image":[{"width":1000,"height":765,"url":"https:\/\/www.pickchickbymec.com\/wp-content\/uploads\/2024\/05\/yoshi2.jpg","type":"image\/jpeg"}],"twitter_card":"summary_large_image","twitter_misc":{"Estimated reading time":"2 minutes"},"schema":{"@context":"https:\/\/schema.org","@graph":[{"@type":"WebPage","@id":"https:\/\/www.pickchickbymec.com\/producto\/lamina-yoshi-colours\/","url":"https:\/\/www.pickchickbymec.com\/producto\/lamina-yoshi-colours\/","name":"Yoshi colores, l\u00e1mina decorativa de ilustraci\u00f3n en acuarela- Pick\u00b7Chick by Mec","isPartOf":{"@id":"https:\/\/www.pickchickbymec.com\/#website"},"primaryImageOfPage":{"@id":"https:\/\/www.pickchickbymec.com\/producto\/lamina-yoshi-colours\/#primaryimage"},"image":{"@id":"https:\/\/www.pickchickbymec.com\/producto\/lamina-yoshi-colours\/#primaryimage"},"thumbnailUrl":"https:\/\/www.pickchickbymec.com\/wp-content\/uploads\/2024\/05\/yoshi2.jpg","datePublished":"2024-05-13T15:40:19+00:00","dateModified":"2025-12-22T12:28:44+00:00","description":"L\u00e1mina de una de mis ilustraciones en acuarela inspirada en Yoshi y sus distintas versiones de colores. Disponible en dos tama\u00f1os distintos.","breadcrumb":{"@id":"https:\/\/www.pickchickbymec.com\/producto\/lamina-yoshi-colours\/#breadcrumb"},"inLanguage":"en-GB","potentialAction":[{"@type":"ReadAction","target":["https:\/\/www.pickchickbymec.com\/producto\/lamina-yoshi-colours\/"]}]},{"@type":"ImageObject","inLanguage":"en-GB","@id":"https:\/\/www.pickchickbymec.com\/producto\/lamina-yoshi-colours\/#primaryimage","url":"https:\/\/www.pickchickbymec.com\/wp-content\/uploads\/2024\/05\/yoshi2.jpg","contentUrl":"https:\/\/www.pickchickbymec.com\/wp-content\/uploads\/2024\/05\/yoshi2.jpg","width":1000,"height":765,"caption":"yoshi colores"},{"@type":"BreadcrumbList","@id":"https:\/\/www.pickchickbymec.com\/producto\/lamina-yoshi-colours\/#breadcrumb","itemListElement":[{"@type":"ListItem","position":1,"name":"Portada","item":"https:\/\/www.pickchickbymec.com\/"},{"@type":"ListItem","position":2,"name":"Tienda","item":"https:\/\/www.pickchickbymec.com\/tienda\/"},{"@type":"ListItem","position":3,"name":"YOSHI COLORES, l\u00e1mina decorativa inspirada en Yoshi&#8217;s Island"}]},{"@type":"WebSite","@id":"https:\/\/www.pickchickbymec.com\/#website","url":"https:\/\/www.pickchickbymec.com\/","name":"Pick-Chick by Mec","description":"kawaii illustrator and artisan","publisher":{"@id":"https:\/\/www.pickchickbymec.com\/#\/schema\/person\/189a1cea9c7f6704595062aabbbb38fe"},"potentialAction":[{"@type":"SearchAction","target":{"@type":"EntryPoint","urlTemplate":"https:\/\/www.pickchickbymec.com\/?s={search_term_string}"},"query-input":{"@type":"PropertyValueSpecification","valueRequired":true,"valueName":"search_term_string"}}],"inLanguage":"en-GB"},{"@type":["Person","Organization"],"@id":"https:\/\/www.pickchickbymec.com\/#\/schema\/person\/189a1cea9c7f6704595062aabbbb38fe","name":"pickchickbymec","image":{"@type":"ImageObject","inLanguage":"en-GB","@id":"https:\/\/secure.gravatar.com\/avatar\/0c13b11690ce1ad38e031b40cac436947d766b2585e3e81250e6cf60b0a3b61f?s=96&d=mm&r=g","url":"https:\/\/secure.gravatar.com\/avatar\/0c13b11690ce1ad38e031b40cac436947d766b2585e3e81250e6cf60b0a3b61f?s=96&d=mm&r=g","contentUrl":"https:\/\/secure.gravatar.com\/avatar\/0c13b11690ce1ad38e031b40cac436947d766b2585e3e81250e6cf60b0a3b61f?s=96&d=mm&r=g","caption":"pickchickbymec"},"logo":{"@id":"https:\/\/secure.gravatar.com\/avatar\/0c13b11690ce1ad38e031b40cac436947d766b2585e3e81250e6cf60b0a3b61f?s=96&d=mm&r=g"}}]}},"jetpack-related-posts":[],"jetpack_sharing_enabled":true,"_links":{"self":[{"href":"https:\/\/www.pickchickbymec.com\/en\/wp-json\/wp\/v2\/product\/7251","targetHints":{"allow":["GET"]}}],"collection":[{"href":"https:\/\/www.pickchickbymec.com\/en\/wp-json\/wp\/v2\/product"}],"about":[{"href":"https:\/\/www.pickchickbymec.com\/en\/wp-json\/wp\/v2\/types\/product"}],"replies":[{"embeddable":true,"href":"https:\/\/www.pickchickbymec.com\/en\/wp-json\/wp\/v2\/comments?post=7251"}],"wp:featuredmedia":[{"embeddable":true,"href":"https:\/\/www.pickchickbymec.com\/en\/wp-json\/wp\/v2\/media\/7254"}],"wp:attachment":[{"href":"https:\/\/www.pickchickbymec.com\/en\/wp-json\/wp\/v2\/media?parent=7251"}],"wp:term":[{"taxonomy":"product_brand","embeddable":true,"href":"https:\/\/www.pickchickbymec.com\/en\/wp-json\/wp\/v2\/product_brand?post=7251"},{"taxonomy":"product_cat","embeddable":true,"href":"https:\/\/www.pickchickbymec.com\/en\/wp-json\/wp\/v2\/product_cat?post=7251"},{"taxonomy":"product_tag","embeddable":true,"href":"https:\/\/www.pickchickbymec.com\/en\/wp-json\/wp\/v2\/product_tag?post=7251"}],"curies":[{"name":"wp","href":"https:\/\/api.w.org\/{rel}","templated":true}]}}