{"id":7385,"date":"2024-05-21T10:45:27","date_gmt":"2024-05-21T08:45:27","guid":{"rendered":"https:\/\/www.pickchickbymec.com\/?post_type=product&#038;p=7385"},"modified":"2025-08-28T17:35:00","modified_gmt":"2025-08-28T15:35:00","slug":"llavero-acrilico-adolin-kholin-cosmere","status":"publish","type":"product","link":"https:\/\/www.pickchickbymec.com\/en\/product\/llavero-acrilico-adolin-kholin-cosmere\/","title":{"rendered":"Llavero acr\u00edlico Adolin Kholin, de El Archivo de las Tormentas (Cosmere)"},"content":{"rendered":"<p><span style=\"font-weight: 400;\">Llavero acr\u00edlico inspirado en Adolin Kholin, uno de los personajes m\u00e1s queridos del Cosmere, perteneciente a la saga El Archivo de las Tormentas (creada por Brandon Sanderson). El dise\u00f1o consta de dos piezas acr\u00edlicas unidas por una argolla. En la superior, m\u00e1s grande, podemos ver a Adolin seduci\u00e9ndote con la mirada, una actitud muy propia del personaje. La pieza inferior, m\u00e1s peque\u00f1a, muestra su espada esquirlada. Si te gusta la literatura y eres fan del Cosmere este llavero es perfecto para ti. Lleva a Adolin contigo all\u00e1 donde vayas colgando de tus llaves, mochila o bolso, o \u00fasalo para decorar tu estante coloc\u00e1ndolo junto a los libros.<\/span><\/p>\n<p><strong>Llavero acr\u00edlico Adolin y Maya. Especificaciones:<\/strong><\/p>\n<ul>\n<li><span style=\"font-weight: 400;\">Cierre de argolla cl\u00e1sica con efecto envejecido.<\/span><\/li>\n<li>Impreso a doble cara.<\/li>\n<li>Mismo dise\u00f1o a cada lado.<\/li>\n<li>Medidas parte acr\u00edlica superior 6 cm<\/li>\n<li>Medidas parte acr\u00edlica inferior 2,5 cm<\/li>\n<li>Grosor del acr\u00edlico: 3 mm<\/li>\n<\/ul>\n<p><span style=\"font-weight: 400;\">Este producto se env\u00eda por correo certificado con n\u00famero de seguimiento.<\/span><\/p>\n<p><span style=\"font-weight: 400;\">Echa un vistazo al resto de <a href=\"https:\/\/www.pickchickbymec.com\/en\/product-tag\/cosmere\/\">productos de mi tienda inspirados en el Cosmere<\/a> y ahorra al combinar los env\u00edos pidiendo m\u00e1s de un producto. <\/span><\/p>\n<p><span style=\"font-weight: 400;\">Si quieres enterarte de todas las novedades y ver fotos del proceso de los nuevos productos s\u00edgueme en <a href=\"https:\/\/twitter.com\/pickchickbymec\">Twitter<\/a> e <a href=\"https:\/\/www.instagram.com\/pickchickbymec\/\">Instagram<\/a>.<\/span><\/p>","protected":false},"excerpt":{"rendered":"<p>Llavero acr\u00edlico Adolin Kholin, Cosmere.<\/p>","protected":false},"featured_media":7388,"comment_status":"open","ping_status":"closed","template":"","meta":{"_monsterinsights_skip_tracking":false,"_monsterinsights_sitenote_active":false,"_monsterinsights_sitenote_note":"","_monsterinsights_sitenote_category":0},"product_brand":[],"product_cat":[288],"product_tag":[410,448,542,419,359,541,370],"class_list":{"0":"post-7385","1":"product","2":"type-product","3":"status-publish","4":"has-post-thumbnail","6":"product_cat-accesorios","7":"product_tag-acrilico","8":"product_tag-adolin","9":"product_tag-archivo-de-las-tormentas","10":"product_tag-cosmere","11":"product_tag-fanart","12":"product_tag-literatura-fantastica","13":"product_tag-llavero","14":"product_shipping_class-b-certificado-ligero","16":"first","17":"instock","18":"taxable","19":"shipping-taxable","20":"purchasable","21":"product-type-simple"},"yoast_head":"<!-- This site is optimized with the Yoast SEO plugin v27.4 - https:\/\/yoast.com\/product\/yoast-seo-wordpress\/ -->\n<title>Llavero acr\u00edlico Adolin Cosmere | Accesorios | Pick\u00b7Chick by Mec<\/title>\n<meta name=\"description\" content=\"Llavero acr\u00edlico de Adolin Kholin, uno de los personajes de la saga del Archivo de las Tormentas (Cosmere), de Brandon Sanderson (Cosmere).\" \/>\n<meta name=\"robots\" content=\"index, follow, max-snippet:-1, max-image-preview:large, max-video-preview:-1\" \/>\n<link rel=\"canonical\" href=\"https:\/\/www.pickchickbymec.com\/en\/product\/llavero-acrilico-adolin-kholin-cosmere\/\" \/>\n<meta property=\"og:locale\" content=\"en_GB\" \/>\n<meta property=\"og:type\" content=\"article\" \/>\n<meta property=\"og:title\" content=\"Llavero acr\u00edlico Adolin Cosmere | Accesorios | Pick\u00b7Chick by Mec\" \/>\n<meta property=\"og:description\" content=\"Llavero acr\u00edlico de Adolin Kholin, uno de los personajes de la saga del Archivo de las Tormentas (Cosmere), de Brandon Sanderson (Cosmere).\" \/>\n<meta property=\"og:url\" content=\"https:\/\/www.pickchickbymec.com\/en\/product\/llavero-acrilico-adolin-kholin-cosmere\/\" \/>\n<meta property=\"og:site_name\" content=\"Pick\u00b7Chick by Mec\" \/>\n<meta property=\"article:modified_time\" content=\"2025-08-28T15:35:00+00:00\" \/>\n<meta property=\"og:image\" content=\"https:\/\/www.pickchickbymec.com\/wp-content\/uploads\/2024\/05\/ac-adolin-2.jpg\" \/>\n\t<meta property=\"og:image:width\" content=\"1174\" \/>\n\t<meta property=\"og:image:height\" content=\"980\" \/>\n\t<meta property=\"og:image:type\" content=\"image\/jpeg\" \/>\n<meta name=\"twitter:card\" content=\"summary_large_image\" \/>\n<meta name=\"twitter:label1\" content=\"Estimated reading time\" \/>\n\t<meta name=\"twitter:data1\" content=\"2 minutes\" \/>\n<script type=\"application\/ld+json\" class=\"yoast-schema-graph\">{\"@context\":\"https:\\\/\\\/schema.org\",\"@graph\":[{\"@type\":\"WebPage\",\"@id\":\"https:\\\/\\\/www.pickchickbymec.com\\\/producto\\\/llavero-acrilico-adolin-kholin-cosmere\\\/\",\"url\":\"https:\\\/\\\/www.pickchickbymec.com\\\/producto\\\/llavero-acrilico-adolin-kholin-cosmere\\\/\",\"name\":\"Llavero acr\u00edlico Adolin Cosmere | Accesorios | Pick\u00b7Chick by Mec\",\"isPartOf\":{\"@id\":\"https:\\\/\\\/www.pickchickbymec.com\\\/#website\"},\"primaryImageOfPage\":{\"@id\":\"https:\\\/\\\/www.pickchickbymec.com\\\/producto\\\/llavero-acrilico-adolin-kholin-cosmere\\\/#primaryimage\"},\"image\":{\"@id\":\"https:\\\/\\\/www.pickchickbymec.com\\\/producto\\\/llavero-acrilico-adolin-kholin-cosmere\\\/#primaryimage\"},\"thumbnailUrl\":\"https:\\\/\\\/www.pickchickbymec.com\\\/wp-content\\\/uploads\\\/2024\\\/05\\\/ac-adolin-2.jpg\",\"datePublished\":\"2024-05-21T08:45:27+00:00\",\"dateModified\":\"2025-08-28T15:35:00+00:00\",\"description\":\"Llavero acr\u00edlico de Adolin Kholin, uno de los personajes de la saga del Archivo de las Tormentas (Cosmere), de Brandon Sanderson (Cosmere).\",\"breadcrumb\":{\"@id\":\"https:\\\/\\\/www.pickchickbymec.com\\\/producto\\\/llavero-acrilico-adolin-kholin-cosmere\\\/#breadcrumb\"},\"inLanguage\":\"en-GB\",\"potentialAction\":[{\"@type\":\"ReadAction\",\"target\":[\"https:\\\/\\\/www.pickchickbymec.com\\\/producto\\\/llavero-acrilico-adolin-kholin-cosmere\\\/\"]}]},{\"@type\":\"ImageObject\",\"inLanguage\":\"en-GB\",\"@id\":\"https:\\\/\\\/www.pickchickbymec.com\\\/producto\\\/llavero-acrilico-adolin-kholin-cosmere\\\/#primaryimage\",\"url\":\"https:\\\/\\\/www.pickchickbymec.com\\\/wp-content\\\/uploads\\\/2024\\\/05\\\/ac-adolin-2.jpg\",\"contentUrl\":\"https:\\\/\\\/www.pickchickbymec.com\\\/wp-content\\\/uploads\\\/2024\\\/05\\\/ac-adolin-2.jpg\",\"width\":1174,\"height\":980,\"caption\":\"llavero Adolin Cosmere\"},{\"@type\":\"BreadcrumbList\",\"@id\":\"https:\\\/\\\/www.pickchickbymec.com\\\/producto\\\/llavero-acrilico-adolin-kholin-cosmere\\\/#breadcrumb\",\"itemListElement\":[{\"@type\":\"ListItem\",\"position\":1,\"name\":\"Portada\",\"item\":\"https:\\\/\\\/www.pickchickbymec.com\\\/\"},{\"@type\":\"ListItem\",\"position\":2,\"name\":\"Tienda\",\"item\":\"https:\\\/\\\/www.pickchickbymec.com\\\/tienda\\\/\"},{\"@type\":\"ListItem\",\"position\":3,\"name\":\"Llavero acr\u00edlico Adolin Kholin, de El Archivo de las Tormentas (Cosmere)\"}]},{\"@type\":\"WebSite\",\"@id\":\"https:\\\/\\\/www.pickchickbymec.com\\\/#website\",\"url\":\"https:\\\/\\\/www.pickchickbymec.com\\\/\",\"name\":\"Pick\u00b7Chick by Mec\",\"description\":\"kawaii illustrator and artisan\",\"publisher\":{\"@id\":\"https:\\\/\\\/www.pickchickbymec.com\\\/#\\\/schema\\\/person\\\/189a1cea9c7f6704595062aabbbb38fe\"},\"potentialAction\":[{\"@type\":\"SearchAction\",\"target\":{\"@type\":\"EntryPoint\",\"urlTemplate\":\"https:\\\/\\\/www.pickchickbymec.com\\\/?s={search_term_string}\"},\"query-input\":{\"@type\":\"PropertyValueSpecification\",\"valueRequired\":true,\"valueName\":\"search_term_string\"}}],\"inLanguage\":\"en-GB\"},{\"@type\":[\"Person\",\"Organization\"],\"@id\":\"https:\\\/\\\/www.pickchickbymec.com\\\/#\\\/schema\\\/person\\\/189a1cea9c7f6704595062aabbbb38fe\",\"name\":\"pickchickbymec\",\"image\":{\"@type\":\"ImageObject\",\"inLanguage\":\"en-GB\",\"@id\":\"https:\\\/\\\/secure.gravatar.com\\\/avatar\\\/0c13b11690ce1ad38e031b40cac436947d766b2585e3e81250e6cf60b0a3b61f?s=96&d=mm&r=g\",\"url\":\"https:\\\/\\\/secure.gravatar.com\\\/avatar\\\/0c13b11690ce1ad38e031b40cac436947d766b2585e3e81250e6cf60b0a3b61f?s=96&d=mm&r=g\",\"contentUrl\":\"https:\\\/\\\/secure.gravatar.com\\\/avatar\\\/0c13b11690ce1ad38e031b40cac436947d766b2585e3e81250e6cf60b0a3b61f?s=96&d=mm&r=g\",\"caption\":\"pickchickbymec\"},\"logo\":{\"@id\":\"https:\\\/\\\/secure.gravatar.com\\\/avatar\\\/0c13b11690ce1ad38e031b40cac436947d766b2585e3e81250e6cf60b0a3b61f?s=96&d=mm&r=g\"}}]}<\/script>\n<!-- \/ Yoast SEO plugin. -->","yoast_head_json":{"title":"Llavero acr\u00edlico Adolin Cosmere | Accesorios | Pick\u00b7Chick by Mec","description":"Llavero acr\u00edlico de Adolin Kholin, uno de los personajes de la saga del Archivo de las Tormentas (Cosmere), de Brandon Sanderson (Cosmere).","robots":{"index":"index","follow":"follow","max-snippet":"max-snippet:-1","max-image-preview":"max-image-preview:large","max-video-preview":"max-video-preview:-1"},"canonical":"https:\/\/www.pickchickbymec.com\/en\/product\/llavero-acrilico-adolin-kholin-cosmere\/","og_locale":"en_GB","og_type":"article","og_title":"Llavero acr\u00edlico Adolin Cosmere | Accesorios | Pick\u00b7Chick by Mec","og_description":"Llavero acr\u00edlico de Adolin Kholin, uno de los personajes de la saga del Archivo de las Tormentas (Cosmere), de Brandon Sanderson (Cosmere).","og_url":"https:\/\/www.pickchickbymec.com\/en\/product\/llavero-acrilico-adolin-kholin-cosmere\/","og_site_name":"Pick\u00b7Chick by Mec","article_modified_time":"2025-08-28T15:35:00+00:00","og_image":[{"width":1174,"height":980,"url":"https:\/\/www.pickchickbymec.com\/wp-content\/uploads\/2024\/05\/ac-adolin-2.jpg","type":"image\/jpeg"}],"twitter_card":"summary_large_image","twitter_misc":{"Estimated reading time":"2 minutes"},"schema":{"@context":"https:\/\/schema.org","@graph":[{"@type":"WebPage","@id":"https:\/\/www.pickchickbymec.com\/producto\/llavero-acrilico-adolin-kholin-cosmere\/","url":"https:\/\/www.pickchickbymec.com\/producto\/llavero-acrilico-adolin-kholin-cosmere\/","name":"Llavero acr\u00edlico Adolin Cosmere | Accesorios | Pick\u00b7Chick by Mec","isPartOf":{"@id":"https:\/\/www.pickchickbymec.com\/#website"},"primaryImageOfPage":{"@id":"https:\/\/www.pickchickbymec.com\/producto\/llavero-acrilico-adolin-kholin-cosmere\/#primaryimage"},"image":{"@id":"https:\/\/www.pickchickbymec.com\/producto\/llavero-acrilico-adolin-kholin-cosmere\/#primaryimage"},"thumbnailUrl":"https:\/\/www.pickchickbymec.com\/wp-content\/uploads\/2024\/05\/ac-adolin-2.jpg","datePublished":"2024-05-21T08:45:27+00:00","dateModified":"2025-08-28T15:35:00+00:00","description":"Llavero acr\u00edlico de Adolin Kholin, uno de los personajes de la saga del Archivo de las Tormentas (Cosmere), de Brandon Sanderson (Cosmere).","breadcrumb":{"@id":"https:\/\/www.pickchickbymec.com\/producto\/llavero-acrilico-adolin-kholin-cosmere\/#breadcrumb"},"inLanguage":"en-GB","potentialAction":[{"@type":"ReadAction","target":["https:\/\/www.pickchickbymec.com\/producto\/llavero-acrilico-adolin-kholin-cosmere\/"]}]},{"@type":"ImageObject","inLanguage":"en-GB","@id":"https:\/\/www.pickchickbymec.com\/producto\/llavero-acrilico-adolin-kholin-cosmere\/#primaryimage","url":"https:\/\/www.pickchickbymec.com\/wp-content\/uploads\/2024\/05\/ac-adolin-2.jpg","contentUrl":"https:\/\/www.pickchickbymec.com\/wp-content\/uploads\/2024\/05\/ac-adolin-2.jpg","width":1174,"height":980,"caption":"llavero Adolin Cosmere"},{"@type":"BreadcrumbList","@id":"https:\/\/www.pickchickbymec.com\/producto\/llavero-acrilico-adolin-kholin-cosmere\/#breadcrumb","itemListElement":[{"@type":"ListItem","position":1,"name":"Portada","item":"https:\/\/www.pickchickbymec.com\/"},{"@type":"ListItem","position":2,"name":"Tienda","item":"https:\/\/www.pickchickbymec.com\/tienda\/"},{"@type":"ListItem","position":3,"name":"Llavero acr\u00edlico Adolin Kholin, de El Archivo de las Tormentas (Cosmere)"}]},{"@type":"WebSite","@id":"https:\/\/www.pickchickbymec.com\/#website","url":"https:\/\/www.pickchickbymec.com\/","name":"Pick-Chick by Mec","description":"kawaii illustrator and artisan","publisher":{"@id":"https:\/\/www.pickchickbymec.com\/#\/schema\/person\/189a1cea9c7f6704595062aabbbb38fe"},"potentialAction":[{"@type":"SearchAction","target":{"@type":"EntryPoint","urlTemplate":"https:\/\/www.pickchickbymec.com\/?s={search_term_string}"},"query-input":{"@type":"PropertyValueSpecification","valueRequired":true,"valueName":"search_term_string"}}],"inLanguage":"en-GB"},{"@type":["Person","Organization"],"@id":"https:\/\/www.pickchickbymec.com\/#\/schema\/person\/189a1cea9c7f6704595062aabbbb38fe","name":"pickchickbymec","image":{"@type":"ImageObject","inLanguage":"en-GB","@id":"https:\/\/secure.gravatar.com\/avatar\/0c13b11690ce1ad38e031b40cac436947d766b2585e3e81250e6cf60b0a3b61f?s=96&d=mm&r=g","url":"https:\/\/secure.gravatar.com\/avatar\/0c13b11690ce1ad38e031b40cac436947d766b2585e3e81250e6cf60b0a3b61f?s=96&d=mm&r=g","contentUrl":"https:\/\/secure.gravatar.com\/avatar\/0c13b11690ce1ad38e031b40cac436947d766b2585e3e81250e6cf60b0a3b61f?s=96&d=mm&r=g","caption":"pickchickbymec"},"logo":{"@id":"https:\/\/secure.gravatar.com\/avatar\/0c13b11690ce1ad38e031b40cac436947d766b2585e3e81250e6cf60b0a3b61f?s=96&d=mm&r=g"}}]}},"jetpack-related-posts":[],"jetpack_sharing_enabled":true,"_links":{"self":[{"href":"https:\/\/www.pickchickbymec.com\/en\/wp-json\/wp\/v2\/product\/7385","targetHints":{"allow":["GET"]}}],"collection":[{"href":"https:\/\/www.pickchickbymec.com\/en\/wp-json\/wp\/v2\/product"}],"about":[{"href":"https:\/\/www.pickchickbymec.com\/en\/wp-json\/wp\/v2\/types\/product"}],"replies":[{"embeddable":true,"href":"https:\/\/www.pickchickbymec.com\/en\/wp-json\/wp\/v2\/comments?post=7385"}],"wp:featuredmedia":[{"embeddable":true,"href":"https:\/\/www.pickchickbymec.com\/en\/wp-json\/wp\/v2\/media\/7388"}],"wp:attachment":[{"href":"https:\/\/www.pickchickbymec.com\/en\/wp-json\/wp\/v2\/media?parent=7385"}],"wp:term":[{"taxonomy":"product_brand","embeddable":true,"href":"https:\/\/www.pickchickbymec.com\/en\/wp-json\/wp\/v2\/product_brand?post=7385"},{"taxonomy":"product_cat","embeddable":true,"href":"https:\/\/www.pickchickbymec.com\/en\/wp-json\/wp\/v2\/product_cat?post=7385"},{"taxonomy":"product_tag","embeddable":true,"href":"https:\/\/www.pickchickbymec.com\/en\/wp-json\/wp\/v2\/product_tag?post=7385"}],"curies":[{"name":"wp","href":"https:\/\/api.w.org\/{rel}","templated":true}]}}