{"id":7573,"date":"2024-06-03T11:52:54","date_gmt":"2024-06-03T09:52:54","guid":{"rendered":"https:\/\/www.pickchickbymec.com\/?post_type=product&#038;p=7573"},"modified":"2026-03-10T08:11:04","modified_gmt":"2026-03-10T07:11:04","slug":"llavero-de-tela-pokemon-iniciales-paldea","status":"publish","type":"product","link":"https:\/\/www.pickchickbymec.com\/en\/product\/llavero-de-tela-pokemon-iniciales-paldea\/","title":{"rendered":"Llavero de tela Pok\u00e9mon iniciales de Paldea (varios modelos, hecho a mano)"},"content":{"rendered":"<p>Llavero de tela hecho a mano adorable con dise\u00f1o inspirado en los Pok\u00e9mon iniciales de Paldea. Las ilustraciones de estos llaveritos tan achuchables est\u00e1n inspiradas en la est\u00e9tica kawaii, y representan a Fuecoco, Sprigatito y Quaxly. La parte delantera est\u00e1 impresa en tela de sarga con colores muy vivos y bien definidos, y la parte trasera es de tela de peluche de un tono a juego con cada Pok\u00e9mon. En esta secci\u00f3n encontrar\u00e1s llaveritos que llevan tiempo buscando a alguien que los lleve a todas partes, y son dise\u00f1os que no volveremos a producir. Solo queda uno de cada, as\u00ed que no lo dudes si te gusta alguno. Son llaveros grandotes, que te puede servir para encontrar mucho m\u00e1s f\u00e1cilmente las llaves en tu bolso. Se pone y quita con facilidad, as\u00ed que puedes usarlo para decorar cualquier bolso o mochila seg\u00fan la ocasi\u00f3n.<\/p>\n<p><strong>Llavero de tela Pok\u00e9mon iniciales de Paldea. Especificaciones:<\/strong><\/p>\n<ul>\n<li><span style=\"font-weight: 400;\">Parte frontal de tela de sarga<\/span><\/li>\n<li><span style=\"font-weight: 400;\">Parte trasera de tela de peluche<\/span><\/li>\n<li><span style=\"font-weight: 400;\">Cierre de mosquet\u00f3n grande de pl\u00e1stico<\/span><\/li>\n<li>Decorado con cinta de organza<\/li>\n<li>Relleno de fibra<\/li>\n<li>Medidas 10 cm aprox<\/li>\n<li>HECHO A MANO<\/li>\n<li>Los distintos modelos se venden por separado<\/li>\n<\/ul>\n<p><span style=\"font-weight: 400;\">Este producto se env\u00eda por correo certificado con n\u00famero de seguimiento.<\/span><\/p>\n<p><span style=\"font-weight: 400;\">Echa un vistazo al resto de<a href=\"https:\/\/www.pickchickbymec.com\/en\/product-tag\/pokemon\/\"> productos inspirados en Pok\u00e9mon<\/a> que hay en mi tienda y combina varias cositas en tu compra para ahorrar en los gastos de env\u00edo.<\/span><\/p>\n<p><span style=\"font-weight: 400;\">\u00a0Si quieres enterarte de todas las novedades y ver fotos del proceso de los nuevos productos s\u00edgueme en <a href=\"https:\/\/twitter.com\/pickchickbymec\">Twitter<\/a> e <a href=\"https:\/\/www.instagram.com\/pickchickbymec\/\">Instagram<\/a>.<\/span><\/p>","protected":false},"excerpt":{"rendered":"<p>Llavero de tela kawaii de personajes originales.<\/p>\n<p>Hecho a mano.<\/p>","protected":false},"featured_media":7577,"comment_status":"open","ping_status":"closed","template":"","meta":{"_monsterinsights_skip_tracking":false,"_monsterinsights_sitenote_active":false,"_monsterinsights_sitenote_note":"","_monsterinsights_sitenote_category":0},"product_brand":[],"product_cat":[429],"product_tag":[359,370,325,416],"class_list":{"0":"post-7573","1":"product","2":"type-product","3":"status-publish","4":"has-post-thumbnail","6":"product_cat-textil","7":"product_tag-fanart","8":"product_tag-llavero","9":"product_tag-pokemon","10":"product_tag-videojuegos","11":"product_shipping_class-b-certificado-ligero","13":"first","14":"instock","15":"taxable","16":"shipping-taxable","17":"purchasable","18":"product-type-variable"},"yoast_head":"<!-- This site is optimized with the Yoast SEO plugin v27.4 - https:\/\/yoast.com\/product\/yoast-seo-wordpress\/ -->\n<title>Llavero de tela Pok\u00e9mon iniciales Paldea | Pick\u00b7Chick by Mec<\/title>\n<meta name=\"description\" content=\"Llavero de tela kawaii inspirado en los Pok\u00e9mon iniciales de Paldea. Hay 3 modelos disponibles, con la parte delantera de sarga y la trasera de pelito.\" \/>\n<meta name=\"robots\" content=\"index, follow, max-snippet:-1, max-image-preview:large, max-video-preview:-1\" \/>\n<link rel=\"canonical\" href=\"https:\/\/www.pickchickbymec.com\/en\/product\/llavero-de-tela-pokemon-iniciales-paldea\/\" \/>\n<meta property=\"og:locale\" content=\"en_GB\" \/>\n<meta property=\"og:type\" content=\"article\" \/>\n<meta property=\"og:title\" content=\"Llavero de tela Pok\u00e9mon iniciales Paldea | Pick\u00b7Chick by Mec\" \/>\n<meta property=\"og:description\" content=\"Llavero de tela kawaii inspirado en los Pok\u00e9mon iniciales de Paldea. Hay 3 modelos disponibles, con la parte delantera de sarga y la trasera de pelito.\" \/>\n<meta property=\"og:url\" content=\"https:\/\/www.pickchickbymec.com\/en\/product\/llavero-de-tela-pokemon-iniciales-paldea\/\" \/>\n<meta property=\"og:site_name\" content=\"Pick\u00b7Chick by Mec\" \/>\n<meta property=\"article:modified_time\" content=\"2026-03-10T07:11:04+00:00\" \/>\n<meta property=\"og:image\" content=\"https:\/\/www.pickchickbymec.com\/wp-content\/uploads\/2024\/06\/paldea1.jpg\" \/>\n\t<meta property=\"og:image:width\" content=\"1600\" \/>\n\t<meta property=\"og:image:height\" content=\"1377\" \/>\n\t<meta property=\"og:image:type\" content=\"image\/jpeg\" \/>\n<meta name=\"twitter:card\" content=\"summary_large_image\" \/>\n<meta name=\"twitter:label1\" content=\"Estimated reading time\" \/>\n\t<meta name=\"twitter:data1\" content=\"2 minutes\" \/>\n<script type=\"application\/ld+json\" class=\"yoast-schema-graph\">{\"@context\":\"https:\\\/\\\/schema.org\",\"@graph\":[{\"@type\":\"WebPage\",\"@id\":\"https:\\\/\\\/www.pickchickbymec.com\\\/producto\\\/llavero-de-tela-pokemon-iniciales-paldea\\\/\",\"url\":\"https:\\\/\\\/www.pickchickbymec.com\\\/producto\\\/llavero-de-tela-pokemon-iniciales-paldea\\\/\",\"name\":\"Llavero de tela Pok\u00e9mon iniciales Paldea | Pick\u00b7Chick by Mec\",\"isPartOf\":{\"@id\":\"https:\\\/\\\/www.pickchickbymec.com\\\/#website\"},\"primaryImageOfPage\":{\"@id\":\"https:\\\/\\\/www.pickchickbymec.com\\\/producto\\\/llavero-de-tela-pokemon-iniciales-paldea\\\/#primaryimage\"},\"image\":{\"@id\":\"https:\\\/\\\/www.pickchickbymec.com\\\/producto\\\/llavero-de-tela-pokemon-iniciales-paldea\\\/#primaryimage\"},\"thumbnailUrl\":\"https:\\\/\\\/www.pickchickbymec.com\\\/wp-content\\\/uploads\\\/2024\\\/06\\\/paldea1.jpg\",\"datePublished\":\"2024-06-03T09:52:54+00:00\",\"dateModified\":\"2026-03-10T07:11:04+00:00\",\"description\":\"Llavero de tela kawaii inspirado en los Pok\u00e9mon iniciales de Paldea. Hay 3 modelos disponibles, con la parte delantera de sarga y la trasera de pelito.\",\"breadcrumb\":{\"@id\":\"https:\\\/\\\/www.pickchickbymec.com\\\/producto\\\/llavero-de-tela-pokemon-iniciales-paldea\\\/#breadcrumb\"},\"inLanguage\":\"en-GB\",\"potentialAction\":[{\"@type\":\"ReadAction\",\"target\":[\"https:\\\/\\\/www.pickchickbymec.com\\\/producto\\\/llavero-de-tela-pokemon-iniciales-paldea\\\/\"]}]},{\"@type\":\"ImageObject\",\"inLanguage\":\"en-GB\",\"@id\":\"https:\\\/\\\/www.pickchickbymec.com\\\/producto\\\/llavero-de-tela-pokemon-iniciales-paldea\\\/#primaryimage\",\"url\":\"https:\\\/\\\/www.pickchickbymec.com\\\/wp-content\\\/uploads\\\/2024\\\/06\\\/paldea1.jpg\",\"contentUrl\":\"https:\\\/\\\/www.pickchickbymec.com\\\/wp-content\\\/uploads\\\/2024\\\/06\\\/paldea1.jpg\",\"width\":1600,\"height\":1377,\"caption\":\"pokemon llavero\"},{\"@type\":\"BreadcrumbList\",\"@id\":\"https:\\\/\\\/www.pickchickbymec.com\\\/producto\\\/llavero-de-tela-pokemon-iniciales-paldea\\\/#breadcrumb\",\"itemListElement\":[{\"@type\":\"ListItem\",\"position\":1,\"name\":\"Portada\",\"item\":\"https:\\\/\\\/www.pickchickbymec.com\\\/\"},{\"@type\":\"ListItem\",\"position\":2,\"name\":\"Tienda\",\"item\":\"https:\\\/\\\/www.pickchickbymec.com\\\/tienda\\\/\"},{\"@type\":\"ListItem\",\"position\":3,\"name\":\"Llavero de tela Pok\u00e9mon iniciales de Paldea (varios modelos, hecho a mano)\"}]},{\"@type\":\"WebSite\",\"@id\":\"https:\\\/\\\/www.pickchickbymec.com\\\/#website\",\"url\":\"https:\\\/\\\/www.pickchickbymec.com\\\/\",\"name\":\"Pick\u00b7Chick by Mec\",\"description\":\"kawaii illustrator and artisan\",\"publisher\":{\"@id\":\"https:\\\/\\\/www.pickchickbymec.com\\\/#\\\/schema\\\/person\\\/189a1cea9c7f6704595062aabbbb38fe\"},\"potentialAction\":[{\"@type\":\"SearchAction\",\"target\":{\"@type\":\"EntryPoint\",\"urlTemplate\":\"https:\\\/\\\/www.pickchickbymec.com\\\/?s={search_term_string}\"},\"query-input\":{\"@type\":\"PropertyValueSpecification\",\"valueRequired\":true,\"valueName\":\"search_term_string\"}}],\"inLanguage\":\"en-GB\"},{\"@type\":[\"Person\",\"Organization\"],\"@id\":\"https:\\\/\\\/www.pickchickbymec.com\\\/#\\\/schema\\\/person\\\/189a1cea9c7f6704595062aabbbb38fe\",\"name\":\"pickchickbymec\",\"image\":{\"@type\":\"ImageObject\",\"inLanguage\":\"en-GB\",\"@id\":\"https:\\\/\\\/secure.gravatar.com\\\/avatar\\\/0c13b11690ce1ad38e031b40cac436947d766b2585e3e81250e6cf60b0a3b61f?s=96&d=mm&r=g\",\"url\":\"https:\\\/\\\/secure.gravatar.com\\\/avatar\\\/0c13b11690ce1ad38e031b40cac436947d766b2585e3e81250e6cf60b0a3b61f?s=96&d=mm&r=g\",\"contentUrl\":\"https:\\\/\\\/secure.gravatar.com\\\/avatar\\\/0c13b11690ce1ad38e031b40cac436947d766b2585e3e81250e6cf60b0a3b61f?s=96&d=mm&r=g\",\"caption\":\"pickchickbymec\"},\"logo\":{\"@id\":\"https:\\\/\\\/secure.gravatar.com\\\/avatar\\\/0c13b11690ce1ad38e031b40cac436947d766b2585e3e81250e6cf60b0a3b61f?s=96&d=mm&r=g\"}}]}<\/script>\n<!-- \/ Yoast SEO plugin. -->","yoast_head_json":{"title":"Llavero de tela Pok\u00e9mon iniciales Paldea | Pick\u00b7Chick by Mec","description":"Llavero de tela kawaii inspirado en los Pok\u00e9mon iniciales de Paldea. Hay 3 modelos disponibles, con la parte delantera de sarga y la trasera de pelito.","robots":{"index":"index","follow":"follow","max-snippet":"max-snippet:-1","max-image-preview":"max-image-preview:large","max-video-preview":"max-video-preview:-1"},"canonical":"https:\/\/www.pickchickbymec.com\/en\/product\/llavero-de-tela-pokemon-iniciales-paldea\/","og_locale":"en_GB","og_type":"article","og_title":"Llavero de tela Pok\u00e9mon iniciales Paldea | Pick\u00b7Chick by Mec","og_description":"Llavero de tela kawaii inspirado en los Pok\u00e9mon iniciales de Paldea. Hay 3 modelos disponibles, con la parte delantera de sarga y la trasera de pelito.","og_url":"https:\/\/www.pickchickbymec.com\/en\/product\/llavero-de-tela-pokemon-iniciales-paldea\/","og_site_name":"Pick\u00b7Chick by Mec","article_modified_time":"2026-03-10T07:11:04+00:00","og_image":[{"width":1600,"height":1377,"url":"https:\/\/www.pickchickbymec.com\/wp-content\/uploads\/2024\/06\/paldea1.jpg","type":"image\/jpeg"}],"twitter_card":"summary_large_image","twitter_misc":{"Estimated reading time":"2 minutes"},"schema":{"@context":"https:\/\/schema.org","@graph":[{"@type":"WebPage","@id":"https:\/\/www.pickchickbymec.com\/producto\/llavero-de-tela-pokemon-iniciales-paldea\/","url":"https:\/\/www.pickchickbymec.com\/producto\/llavero-de-tela-pokemon-iniciales-paldea\/","name":"Llavero de tela Pok\u00e9mon iniciales Paldea | Pick\u00b7Chick by Mec","isPartOf":{"@id":"https:\/\/www.pickchickbymec.com\/#website"},"primaryImageOfPage":{"@id":"https:\/\/www.pickchickbymec.com\/producto\/llavero-de-tela-pokemon-iniciales-paldea\/#primaryimage"},"image":{"@id":"https:\/\/www.pickchickbymec.com\/producto\/llavero-de-tela-pokemon-iniciales-paldea\/#primaryimage"},"thumbnailUrl":"https:\/\/www.pickchickbymec.com\/wp-content\/uploads\/2024\/06\/paldea1.jpg","datePublished":"2024-06-03T09:52:54+00:00","dateModified":"2026-03-10T07:11:04+00:00","description":"Llavero de tela kawaii inspirado en los Pok\u00e9mon iniciales de Paldea. Hay 3 modelos disponibles, con la parte delantera de sarga y la trasera de pelito.","breadcrumb":{"@id":"https:\/\/www.pickchickbymec.com\/producto\/llavero-de-tela-pokemon-iniciales-paldea\/#breadcrumb"},"inLanguage":"en-GB","potentialAction":[{"@type":"ReadAction","target":["https:\/\/www.pickchickbymec.com\/producto\/llavero-de-tela-pokemon-iniciales-paldea\/"]}]},{"@type":"ImageObject","inLanguage":"en-GB","@id":"https:\/\/www.pickchickbymec.com\/producto\/llavero-de-tela-pokemon-iniciales-paldea\/#primaryimage","url":"https:\/\/www.pickchickbymec.com\/wp-content\/uploads\/2024\/06\/paldea1.jpg","contentUrl":"https:\/\/www.pickchickbymec.com\/wp-content\/uploads\/2024\/06\/paldea1.jpg","width":1600,"height":1377,"caption":"pokemon llavero"},{"@type":"BreadcrumbList","@id":"https:\/\/www.pickchickbymec.com\/producto\/llavero-de-tela-pokemon-iniciales-paldea\/#breadcrumb","itemListElement":[{"@type":"ListItem","position":1,"name":"Portada","item":"https:\/\/www.pickchickbymec.com\/"},{"@type":"ListItem","position":2,"name":"Tienda","item":"https:\/\/www.pickchickbymec.com\/tienda\/"},{"@type":"ListItem","position":3,"name":"Llavero de tela Pok\u00e9mon iniciales de Paldea (varios modelos, hecho a mano)"}]},{"@type":"WebSite","@id":"https:\/\/www.pickchickbymec.com\/#website","url":"https:\/\/www.pickchickbymec.com\/","name":"Pick-Chick by Mec","description":"kawaii illustrator and artisan","publisher":{"@id":"https:\/\/www.pickchickbymec.com\/#\/schema\/person\/189a1cea9c7f6704595062aabbbb38fe"},"potentialAction":[{"@type":"SearchAction","target":{"@type":"EntryPoint","urlTemplate":"https:\/\/www.pickchickbymec.com\/?s={search_term_string}"},"query-input":{"@type":"PropertyValueSpecification","valueRequired":true,"valueName":"search_term_string"}}],"inLanguage":"en-GB"},{"@type":["Person","Organization"],"@id":"https:\/\/www.pickchickbymec.com\/#\/schema\/person\/189a1cea9c7f6704595062aabbbb38fe","name":"pickchickbymec","image":{"@type":"ImageObject","inLanguage":"en-GB","@id":"https:\/\/secure.gravatar.com\/avatar\/0c13b11690ce1ad38e031b40cac436947d766b2585e3e81250e6cf60b0a3b61f?s=96&d=mm&r=g","url":"https:\/\/secure.gravatar.com\/avatar\/0c13b11690ce1ad38e031b40cac436947d766b2585e3e81250e6cf60b0a3b61f?s=96&d=mm&r=g","contentUrl":"https:\/\/secure.gravatar.com\/avatar\/0c13b11690ce1ad38e031b40cac436947d766b2585e3e81250e6cf60b0a3b61f?s=96&d=mm&r=g","caption":"pickchickbymec"},"logo":{"@id":"https:\/\/secure.gravatar.com\/avatar\/0c13b11690ce1ad38e031b40cac436947d766b2585e3e81250e6cf60b0a3b61f?s=96&d=mm&r=g"}}]}},"jetpack-related-posts":[],"jetpack_sharing_enabled":true,"_links":{"self":[{"href":"https:\/\/www.pickchickbymec.com\/en\/wp-json\/wp\/v2\/product\/7573","targetHints":{"allow":["GET"]}}],"collection":[{"href":"https:\/\/www.pickchickbymec.com\/en\/wp-json\/wp\/v2\/product"}],"about":[{"href":"https:\/\/www.pickchickbymec.com\/en\/wp-json\/wp\/v2\/types\/product"}],"replies":[{"embeddable":true,"href":"https:\/\/www.pickchickbymec.com\/en\/wp-json\/wp\/v2\/comments?post=7573"}],"wp:featuredmedia":[{"embeddable":true,"href":"https:\/\/www.pickchickbymec.com\/en\/wp-json\/wp\/v2\/media\/7577"}],"wp:attachment":[{"href":"https:\/\/www.pickchickbymec.com\/en\/wp-json\/wp\/v2\/media?parent=7573"}],"wp:term":[{"taxonomy":"product_brand","embeddable":true,"href":"https:\/\/www.pickchickbymec.com\/en\/wp-json\/wp\/v2\/product_brand?post=7573"},{"taxonomy":"product_cat","embeddable":true,"href":"https:\/\/www.pickchickbymec.com\/en\/wp-json\/wp\/v2\/product_cat?post=7573"},{"taxonomy":"product_tag","embeddable":true,"href":"https:\/\/www.pickchickbymec.com\/en\/wp-json\/wp\/v2\/product_tag?post=7573"}],"curies":[{"name":"wp","href":"https:\/\/api.w.org\/{rel}","templated":true}]}}