{"id":7770,"date":"2024-06-14T18:10:09","date_gmt":"2024-06-14T16:10:09","guid":{"rendered":"https:\/\/www.pickchickbymec.com\/?post_type=product&#038;p=7770"},"modified":"2025-12-29T17:23:53","modified_gmt":"2025-12-29T16:23:53","slug":"cojin-decorativo-cosmere-nacidos-bruma","status":"publish","type":"product","link":"https:\/\/www.pickchickbymec.com\/en\/product\/cojin-decorativo-cosmere-nacidos-bruma\/","title":{"rendered":"Coj\u00edn decorativo Cosmere, Nacidos de la Bruma (varios modelos disponibles, hecho a mano)"},"content":{"rendered":"<p>Coj\u00edn decorativo hecho a mano inspirado en algunos personajes de Nacidos de la Bruma, del Cosmere. \u00bfNecesitas un guardaespaldas alom\u00e1ntico? No te preocupes, Vin y Kelsier chiquitos est\u00e1n aqu\u00ed para protegerte mientras duermes. Estas almohaditas son perfectas para decorar tu habitaci\u00f3n o sal\u00f3n si eres fan de la literatura fant\u00e1stica. Llevan por un lado tela de sarga impresa con la ilustraci\u00f3n de uno de los protagonistas de Nacidos de la Bruma en su versi\u00f3n chibi, y por el otro est\u00e1n hechos de tela de pelo sint\u00e9tico de gran calidad especialmente suave de un tono que combina con la parte delantera. Por el momento puedes elegir entre los personajes Vin y Kelsier.<\/p>\n<p><strong>Coj\u00edn decorativo Cosmere, Nacidos de la Bruma. Especificaciones:<\/strong><\/p>\n<ul>\n<li><span style=\"font-weight: 400;\">Parte frontal de tela de sarga<\/span><\/li>\n<li><span style=\"font-weight: 400;\">Parte trasera de tela de peluche premium<\/span><\/li>\n<li>Relleno de fibra<\/li>\n<li>Medidas 30 cm aprox<\/li>\n<li>HECHO A MANO<\/li>\n<li>Los distintos modelos se venden por separado<\/li>\n<\/ul>\n<p><span style=\"font-weight: 400;\">Este producto se env\u00eda por correo certificado con n\u00famero de seguimiento.<\/span><\/p>\n<p>Tienes sus versiones en llavero de tela <a href=\"https:\/\/www.pickchickbymec.com\/en\/product\/llavero-de-tela-cosmere-nacidos-bruma\/\">aqu\u00ed.<\/a><\/p>\n<p><span style=\"font-weight: 400;\">Echa un vistazo al resto de<a href=\"https:\/\/www.pickchickbymec.com\/en\/product-tag\/Cosmere\/\"> productos inspirados en el Cosmere<\/a> que hay en mi tienda y combina varias cositas en tu compra para ahorrar en los gastos de env\u00edo.<\/span><\/p>\n<p><span style=\"font-weight: 400;\">\u00a0Si quieres enterarte de todas las novedades y ver fotos del proceso de los nuevos productos s\u00edgueme en <a href=\"https:\/\/twitter.com\/pickchickbymec\">Twitter<\/a> e <a href=\"https:\/\/www.instagram.com\/pickchickbymec\/\">Instagram<\/a>.<\/span><\/p>","protected":false},"excerpt":{"rendered":"<p>Coj\u00edn decorativo inspirado en Nacidos de la Bruma, del Cosmere.<\/p>\n<p>Hecho a mano, varios modelos disponibles.<\/p>","protected":false},"featured_media":8418,"comment_status":"open","ping_status":"closed","template":"","meta":{"_monsterinsights_skip_tracking":false,"_monsterinsights_sitenote_active":false,"_monsterinsights_sitenote_note":"","_monsterinsights_sitenote_category":0},"product_brand":[],"product_cat":[429],"product_tag":[523,419,359,541],"class_list":{"0":"post-7770","1":"product","2":"type-product","3":"status-publish","4":"has-post-thumbnail","6":"product_cat-textil","7":"product_tag-cojin","8":"product_tag-cosmere","9":"product_tag-fanart","10":"product_tag-literatura-fantastica","11":"product_shipping_class-paqeconomic","13":"first","14":"instock","15":"taxable","16":"shipping-taxable","17":"purchasable","18":"product-type-variable"},"yoast_head":"<!-- This site is optimized with the Yoast SEO plugin v27.4 - https:\/\/yoast.com\/product\/yoast-seo-wordpress\/ -->\n<title>Coj\u00edn Nacidos de la Bruma (Cosmere) | Pick\u00b7Chick by Mec<\/title>\n<meta name=\"description\" content=\"Coj\u00edn decorativo hecho a mano con dise\u00f1o inspirado en Nacidos de la Bruma, saga del Cosmere creada por Brandon Sanderson.\" \/>\n<meta name=\"robots\" content=\"index, follow, max-snippet:-1, max-image-preview:large, max-video-preview:-1\" \/>\n<link rel=\"canonical\" href=\"https:\/\/www.pickchickbymec.com\/en\/product\/cojin-decorativo-cosmere-nacidos-bruma\/\" \/>\n<meta property=\"og:locale\" content=\"en_GB\" \/>\n<meta property=\"og:type\" content=\"article\" \/>\n<meta property=\"og:title\" content=\"Coj\u00edn Nacidos de la Bruma (Cosmere) | Pick\u00b7Chick by Mec\" \/>\n<meta property=\"og:description\" content=\"Coj\u00edn decorativo hecho a mano con dise\u00f1o inspirado en Nacidos de la Bruma, saga del Cosmere creada por Brandon Sanderson.\" \/>\n<meta property=\"og:url\" content=\"https:\/\/www.pickchickbymec.com\/en\/product\/cojin-decorativo-cosmere-nacidos-bruma\/\" \/>\n<meta property=\"og:site_name\" content=\"Pick\u00b7Chick by Mec\" \/>\n<meta property=\"article:modified_time\" content=\"2025-12-29T16:23:53+00:00\" \/>\n<meta property=\"og:image\" content=\"https:\/\/www.pickchickbymec.com\/wp-content\/uploads\/2024\/06\/Mistborn4.jpg\" \/>\n\t<meta property=\"og:image:width\" content=\"1200\" \/>\n\t<meta property=\"og:image:height\" content=\"800\" \/>\n\t<meta property=\"og:image:type\" content=\"image\/jpeg\" \/>\n<meta name=\"twitter:card\" content=\"summary_large_image\" \/>\n<meta name=\"twitter:label1\" content=\"Estimated reading time\" \/>\n\t<meta name=\"twitter:data1\" content=\"2 minutes\" \/>\n<script type=\"application\/ld+json\" class=\"yoast-schema-graph\">{\"@context\":\"https:\\\/\\\/schema.org\",\"@graph\":[{\"@type\":\"WebPage\",\"@id\":\"https:\\\/\\\/www.pickchickbymec.com\\\/producto\\\/cojin-decorativo-cosmere-nacidos-bruma\\\/\",\"url\":\"https:\\\/\\\/www.pickchickbymec.com\\\/producto\\\/cojin-decorativo-cosmere-nacidos-bruma\\\/\",\"name\":\"Coj\u00edn Nacidos de la Bruma (Cosmere) | Pick\u00b7Chick by Mec\",\"isPartOf\":{\"@id\":\"https:\\\/\\\/www.pickchickbymec.com\\\/#website\"},\"primaryImageOfPage\":{\"@id\":\"https:\\\/\\\/www.pickchickbymec.com\\\/producto\\\/cojin-decorativo-cosmere-nacidos-bruma\\\/#primaryimage\"},\"image\":{\"@id\":\"https:\\\/\\\/www.pickchickbymec.com\\\/producto\\\/cojin-decorativo-cosmere-nacidos-bruma\\\/#primaryimage\"},\"thumbnailUrl\":\"https:\\\/\\\/www.pickchickbymec.com\\\/wp-content\\\/uploads\\\/2024\\\/06\\\/Mistborn4.jpg\",\"datePublished\":\"2024-06-14T16:10:09+00:00\",\"dateModified\":\"2025-12-29T16:23:53+00:00\",\"description\":\"Coj\u00edn decorativo hecho a mano con dise\u00f1o inspirado en Nacidos de la Bruma, saga del Cosmere creada por Brandon Sanderson.\",\"breadcrumb\":{\"@id\":\"https:\\\/\\\/www.pickchickbymec.com\\\/producto\\\/cojin-decorativo-cosmere-nacidos-bruma\\\/#breadcrumb\"},\"inLanguage\":\"en-GB\",\"potentialAction\":[{\"@type\":\"ReadAction\",\"target\":[\"https:\\\/\\\/www.pickchickbymec.com\\\/producto\\\/cojin-decorativo-cosmere-nacidos-bruma\\\/\"]}]},{\"@type\":\"ImageObject\",\"inLanguage\":\"en-GB\",\"@id\":\"https:\\\/\\\/www.pickchickbymec.com\\\/producto\\\/cojin-decorativo-cosmere-nacidos-bruma\\\/#primaryimage\",\"url\":\"https:\\\/\\\/www.pickchickbymec.com\\\/wp-content\\\/uploads\\\/2024\\\/06\\\/Mistborn4.jpg\",\"contentUrl\":\"https:\\\/\\\/www.pickchickbymec.com\\\/wp-content\\\/uploads\\\/2024\\\/06\\\/Mistborn4.jpg\",\"width\":1200,\"height\":800,\"caption\":\"peluche mistborn\"},{\"@type\":\"BreadcrumbList\",\"@id\":\"https:\\\/\\\/www.pickchickbymec.com\\\/producto\\\/cojin-decorativo-cosmere-nacidos-bruma\\\/#breadcrumb\",\"itemListElement\":[{\"@type\":\"ListItem\",\"position\":1,\"name\":\"Portada\",\"item\":\"https:\\\/\\\/www.pickchickbymec.com\\\/\"},{\"@type\":\"ListItem\",\"position\":2,\"name\":\"Tienda\",\"item\":\"https:\\\/\\\/www.pickchickbymec.com\\\/tienda\\\/\"},{\"@type\":\"ListItem\",\"position\":3,\"name\":\"Coj\u00edn decorativo Cosmere, Nacidos de la Bruma (varios modelos disponibles, hecho a mano)\"}]},{\"@type\":\"WebSite\",\"@id\":\"https:\\\/\\\/www.pickchickbymec.com\\\/#website\",\"url\":\"https:\\\/\\\/www.pickchickbymec.com\\\/\",\"name\":\"Pick\u00b7Chick by Mec\",\"description\":\"kawaii illustrator and artisan\",\"publisher\":{\"@id\":\"https:\\\/\\\/www.pickchickbymec.com\\\/#\\\/schema\\\/person\\\/189a1cea9c7f6704595062aabbbb38fe\"},\"potentialAction\":[{\"@type\":\"SearchAction\",\"target\":{\"@type\":\"EntryPoint\",\"urlTemplate\":\"https:\\\/\\\/www.pickchickbymec.com\\\/?s={search_term_string}\"},\"query-input\":{\"@type\":\"PropertyValueSpecification\",\"valueRequired\":true,\"valueName\":\"search_term_string\"}}],\"inLanguage\":\"en-GB\"},{\"@type\":[\"Person\",\"Organization\"],\"@id\":\"https:\\\/\\\/www.pickchickbymec.com\\\/#\\\/schema\\\/person\\\/189a1cea9c7f6704595062aabbbb38fe\",\"name\":\"pickchickbymec\",\"image\":{\"@type\":\"ImageObject\",\"inLanguage\":\"en-GB\",\"@id\":\"https:\\\/\\\/secure.gravatar.com\\\/avatar\\\/0c13b11690ce1ad38e031b40cac436947d766b2585e3e81250e6cf60b0a3b61f?s=96&d=mm&r=g\",\"url\":\"https:\\\/\\\/secure.gravatar.com\\\/avatar\\\/0c13b11690ce1ad38e031b40cac436947d766b2585e3e81250e6cf60b0a3b61f?s=96&d=mm&r=g\",\"contentUrl\":\"https:\\\/\\\/secure.gravatar.com\\\/avatar\\\/0c13b11690ce1ad38e031b40cac436947d766b2585e3e81250e6cf60b0a3b61f?s=96&d=mm&r=g\",\"caption\":\"pickchickbymec\"},\"logo\":{\"@id\":\"https:\\\/\\\/secure.gravatar.com\\\/avatar\\\/0c13b11690ce1ad38e031b40cac436947d766b2585e3e81250e6cf60b0a3b61f?s=96&d=mm&r=g\"}}]}<\/script>\n<!-- \/ Yoast SEO plugin. -->","yoast_head_json":{"title":"Coj\u00edn Nacidos de la Bruma (Cosmere) | Pick\u00b7Chick by Mec","description":"Coj\u00edn decorativo hecho a mano con dise\u00f1o inspirado en Nacidos de la Bruma, saga del Cosmere creada por Brandon Sanderson.","robots":{"index":"index","follow":"follow","max-snippet":"max-snippet:-1","max-image-preview":"max-image-preview:large","max-video-preview":"max-video-preview:-1"},"canonical":"https:\/\/www.pickchickbymec.com\/en\/product\/cojin-decorativo-cosmere-nacidos-bruma\/","og_locale":"en_GB","og_type":"article","og_title":"Coj\u00edn Nacidos de la Bruma (Cosmere) | Pick\u00b7Chick by Mec","og_description":"Coj\u00edn decorativo hecho a mano con dise\u00f1o inspirado en Nacidos de la Bruma, saga del Cosmere creada por Brandon Sanderson.","og_url":"https:\/\/www.pickchickbymec.com\/en\/product\/cojin-decorativo-cosmere-nacidos-bruma\/","og_site_name":"Pick\u00b7Chick by Mec","article_modified_time":"2025-12-29T16:23:53+00:00","og_image":[{"width":1200,"height":800,"url":"https:\/\/www.pickchickbymec.com\/wp-content\/uploads\/2024\/06\/Mistborn4.jpg","type":"image\/jpeg"}],"twitter_card":"summary_large_image","twitter_misc":{"Estimated reading time":"2 minutes"},"schema":{"@context":"https:\/\/schema.org","@graph":[{"@type":"WebPage","@id":"https:\/\/www.pickchickbymec.com\/producto\/cojin-decorativo-cosmere-nacidos-bruma\/","url":"https:\/\/www.pickchickbymec.com\/producto\/cojin-decorativo-cosmere-nacidos-bruma\/","name":"Coj\u00edn Nacidos de la Bruma (Cosmere) | Pick\u00b7Chick by Mec","isPartOf":{"@id":"https:\/\/www.pickchickbymec.com\/#website"},"primaryImageOfPage":{"@id":"https:\/\/www.pickchickbymec.com\/producto\/cojin-decorativo-cosmere-nacidos-bruma\/#primaryimage"},"image":{"@id":"https:\/\/www.pickchickbymec.com\/producto\/cojin-decorativo-cosmere-nacidos-bruma\/#primaryimage"},"thumbnailUrl":"https:\/\/www.pickchickbymec.com\/wp-content\/uploads\/2024\/06\/Mistborn4.jpg","datePublished":"2024-06-14T16:10:09+00:00","dateModified":"2025-12-29T16:23:53+00:00","description":"Coj\u00edn decorativo hecho a mano con dise\u00f1o inspirado en Nacidos de la Bruma, saga del Cosmere creada por Brandon Sanderson.","breadcrumb":{"@id":"https:\/\/www.pickchickbymec.com\/producto\/cojin-decorativo-cosmere-nacidos-bruma\/#breadcrumb"},"inLanguage":"en-GB","potentialAction":[{"@type":"ReadAction","target":["https:\/\/www.pickchickbymec.com\/producto\/cojin-decorativo-cosmere-nacidos-bruma\/"]}]},{"@type":"ImageObject","inLanguage":"en-GB","@id":"https:\/\/www.pickchickbymec.com\/producto\/cojin-decorativo-cosmere-nacidos-bruma\/#primaryimage","url":"https:\/\/www.pickchickbymec.com\/wp-content\/uploads\/2024\/06\/Mistborn4.jpg","contentUrl":"https:\/\/www.pickchickbymec.com\/wp-content\/uploads\/2024\/06\/Mistborn4.jpg","width":1200,"height":800,"caption":"peluche mistborn"},{"@type":"BreadcrumbList","@id":"https:\/\/www.pickchickbymec.com\/producto\/cojin-decorativo-cosmere-nacidos-bruma\/#breadcrumb","itemListElement":[{"@type":"ListItem","position":1,"name":"Portada","item":"https:\/\/www.pickchickbymec.com\/"},{"@type":"ListItem","position":2,"name":"Tienda","item":"https:\/\/www.pickchickbymec.com\/tienda\/"},{"@type":"ListItem","position":3,"name":"Coj\u00edn decorativo Cosmere, Nacidos de la Bruma (varios modelos disponibles, hecho a mano)"}]},{"@type":"WebSite","@id":"https:\/\/www.pickchickbymec.com\/#website","url":"https:\/\/www.pickchickbymec.com\/","name":"Pick-Chick by Mec","description":"kawaii illustrator and artisan","publisher":{"@id":"https:\/\/www.pickchickbymec.com\/#\/schema\/person\/189a1cea9c7f6704595062aabbbb38fe"},"potentialAction":[{"@type":"SearchAction","target":{"@type":"EntryPoint","urlTemplate":"https:\/\/www.pickchickbymec.com\/?s={search_term_string}"},"query-input":{"@type":"PropertyValueSpecification","valueRequired":true,"valueName":"search_term_string"}}],"inLanguage":"en-GB"},{"@type":["Person","Organization"],"@id":"https:\/\/www.pickchickbymec.com\/#\/schema\/person\/189a1cea9c7f6704595062aabbbb38fe","name":"pickchickbymec","image":{"@type":"ImageObject","inLanguage":"en-GB","@id":"https:\/\/secure.gravatar.com\/avatar\/0c13b11690ce1ad38e031b40cac436947d766b2585e3e81250e6cf60b0a3b61f?s=96&d=mm&r=g","url":"https:\/\/secure.gravatar.com\/avatar\/0c13b11690ce1ad38e031b40cac436947d766b2585e3e81250e6cf60b0a3b61f?s=96&d=mm&r=g","contentUrl":"https:\/\/secure.gravatar.com\/avatar\/0c13b11690ce1ad38e031b40cac436947d766b2585e3e81250e6cf60b0a3b61f?s=96&d=mm&r=g","caption":"pickchickbymec"},"logo":{"@id":"https:\/\/secure.gravatar.com\/avatar\/0c13b11690ce1ad38e031b40cac436947d766b2585e3e81250e6cf60b0a3b61f?s=96&d=mm&r=g"}}]}},"jetpack-related-posts":[],"jetpack_sharing_enabled":true,"_links":{"self":[{"href":"https:\/\/www.pickchickbymec.com\/en\/wp-json\/wp\/v2\/product\/7770","targetHints":{"allow":["GET"]}}],"collection":[{"href":"https:\/\/www.pickchickbymec.com\/en\/wp-json\/wp\/v2\/product"}],"about":[{"href":"https:\/\/www.pickchickbymec.com\/en\/wp-json\/wp\/v2\/types\/product"}],"replies":[{"embeddable":true,"href":"https:\/\/www.pickchickbymec.com\/en\/wp-json\/wp\/v2\/comments?post=7770"}],"wp:featuredmedia":[{"embeddable":true,"href":"https:\/\/www.pickchickbymec.com\/en\/wp-json\/wp\/v2\/media\/8418"}],"wp:attachment":[{"href":"https:\/\/www.pickchickbymec.com\/en\/wp-json\/wp\/v2\/media?parent=7770"}],"wp:term":[{"taxonomy":"product_brand","embeddable":true,"href":"https:\/\/www.pickchickbymec.com\/en\/wp-json\/wp\/v2\/product_brand?post=7770"},{"taxonomy":"product_cat","embeddable":true,"href":"https:\/\/www.pickchickbymec.com\/en\/wp-json\/wp\/v2\/product_cat?post=7770"},{"taxonomy":"product_tag","embeddable":true,"href":"https:\/\/www.pickchickbymec.com\/en\/wp-json\/wp\/v2\/product_tag?post=7770"}],"curies":[{"name":"wp","href":"https:\/\/api.w.org\/{rel}","templated":true}]}}