{"id":7781,"date":"2024-06-14T18:24:29","date_gmt":"2024-06-14T16:24:29","guid":{"rendered":"https:\/\/www.pickchickbymec.com\/?post_type=product&#038;p=7781"},"modified":"2026-04-13T07:07:02","modified_gmt":"2026-04-13T05:07:02","slug":"cojin-decorativo-my-little-pony-varios-modelos-disponibles-hecho-a-mano","status":"publish","type":"product","link":"https:\/\/www.pickchickbymec.com\/en\/product\/cojin-decorativo-my-little-pony-varios-modelos-disponibles-hecho-a-mano\/","title":{"rendered":"Coj\u00edn decorativo My Little Pony (varios modelos disponibles, hecho a mano)"},"content":{"rendered":"<p>Coj\u00edn decorativo de estilo kawaii inspirado en My Little Pony de la primera generaci\u00f3n. Si te gustan los ponys de colores y quieres dar un toque dulce y adorable a cualquier rinc\u00f3n de tu casa no dudes en hacerte con estos cojincitos. Por la parte de delante est\u00e1n hechos de tela de sarga con una ilustraci\u00f3n exclusiva inspirada en alg\u00fan peque\u00f1o pony ochentero. Por la trasera llevan tela de peluche muy suave a juego con el dise\u00f1o que los hace mucho m\u00e1s achuchables. Sus tonos brillantes y el efecto arcoiris de algunos transmite toda la magia del universo MLP. Puedes elegir entre Ringlets, Streaky, Sugar Berry, Baby Moondancer y Baby Glory.<\/p>\n<p><strong>Coj\u00edn decorativo My Little Pony. Especificaciones:<\/strong><\/p>\n<ul>\n<li><span style=\"font-weight: 400;\">Parte frontal de tela de sarga<\/span><\/li>\n<li><span style=\"font-weight: 400;\">Parte trasera de tela de peluche<\/span><\/li>\n<li>Relleno de fibra<\/li>\n<li>Medidas 30 cm aprox<\/li>\n<li>HECHO A MANO<\/li>\n<li>Los distintos modelos se venden por separado<\/li>\n<\/ul>\n<p><span style=\"font-weight: 400;\">Este producto se env\u00eda por correo certificado con n\u00famero de seguimiento.<\/span><\/p>\n<p><span style=\"font-weight: 400;\">Echa un vistazo al resto de<a href=\"https:\/\/www.pickchickbymec.com\/en\/product-tag\/mlp\/\"> productos inspirados en My Little Pony<\/a><\/span><span style=\"font-weight: 400;\"> que hay en mi tienda y combina varias cositas en tu compra para ahorrar en los gastos de env\u00edo.<\/span><\/p>\n<p><span style=\"font-weight: 400;\">\u00a0Si quieres enterarte de todas las novedades y ver fotos del proceso de los nuevos productos s\u00edgueme en <a href=\"https:\/\/twitter.com\/pickchickbymec\">Twitter<\/a> e <a href=\"https:\/\/www.instagram.com\/pickchickbymec\/\">Instagram<\/a>.<\/span><\/p>","protected":false},"excerpt":{"rendered":"<p>Coj\u00edn decorativo inspirado en My Little Pony de la primera generaci\u00f3n.<\/p>\n<p>Hecho a mano, varios modelos disponibles.<\/p>","protected":false},"featured_media":7784,"comment_status":"open","ping_status":"closed","template":"","meta":{"_monsterinsights_skip_tracking":false,"_monsterinsights_sitenote_active":false,"_monsterinsights_sitenote_note":"","_monsterinsights_sitenote_category":0},"product_brand":[],"product_cat":[429],"product_tag":[523,359,318],"class_list":{"0":"post-7781","1":"product","2":"type-product","3":"status-publish","4":"has-post-thumbnail","6":"product_cat-textil","7":"product_tag-cojin","8":"product_tag-fanart","9":"product_tag-mlp","10":"product_shipping_class-paqeconomic","12":"first","13":"instock","14":"taxable","15":"shipping-taxable","16":"purchasable","17":"product-type-variable"},"yoast_head":"<!-- This site is optimized with the Yoast SEO plugin v27.4 - https:\/\/yoast.com\/product\/yoast-seo-wordpress\/ -->\n<title>Coj\u00edn My Little Pony hecho a mano | Pick\u00b7Chick by Mec<\/title>\n<meta name=\"description\" content=\"Coj\u00edn decorativo hecho a mano con dise\u00f1o inspirado en My Little Pony de la primera generaci\u00f3n. De estilo kawaii y muy suaves.\" \/>\n<meta name=\"robots\" content=\"index, follow, max-snippet:-1, max-image-preview:large, max-video-preview:-1\" \/>\n<link rel=\"canonical\" href=\"https:\/\/www.pickchickbymec.com\/en\/product\/cojin-decorativo-my-little-pony-varios-modelos-disponibles-hecho-a-mano\/\" \/>\n<meta property=\"og:locale\" content=\"en_GB\" \/>\n<meta property=\"og:type\" content=\"article\" \/>\n<meta property=\"og:title\" content=\"Coj\u00edn My Little Pony hecho a mano | Pick\u00b7Chick by Mec\" \/>\n<meta property=\"og:description\" content=\"Coj\u00edn decorativo hecho a mano con dise\u00f1o inspirado en My Little Pony de la primera generaci\u00f3n. De estilo kawaii y muy suaves.\" \/>\n<meta property=\"og:url\" content=\"https:\/\/www.pickchickbymec.com\/en\/product\/cojin-decorativo-my-little-pony-varios-modelos-disponibles-hecho-a-mano\/\" \/>\n<meta property=\"og:site_name\" content=\"Pick\u00b7Chick by Mec\" \/>\n<meta property=\"article:modified_time\" content=\"2026-04-13T05:07:02+00:00\" \/>\n<meta property=\"og:image\" content=\"https:\/\/www.pickchickbymec.com\/wp-content\/uploads\/2024\/06\/ponys1-1.jpg\" \/>\n\t<meta property=\"og:image:width\" content=\"1000\" \/>\n\t<meta property=\"og:image:height\" content=\"1000\" \/>\n\t<meta property=\"og:image:type\" content=\"image\/jpeg\" \/>\n<meta name=\"twitter:card\" content=\"summary_large_image\" \/>\n<meta name=\"twitter:label1\" content=\"Estimated reading time\" \/>\n\t<meta name=\"twitter:data1\" content=\"2 minutes\" \/>\n<script type=\"application\/ld+json\" class=\"yoast-schema-graph\">{\"@context\":\"https:\\\/\\\/schema.org\",\"@graph\":[{\"@type\":\"WebPage\",\"@id\":\"https:\\\/\\\/www.pickchickbymec.com\\\/producto\\\/cojin-decorativo-my-little-pony-varios-modelos-disponibles-hecho-a-mano\\\/\",\"url\":\"https:\\\/\\\/www.pickchickbymec.com\\\/producto\\\/cojin-decorativo-my-little-pony-varios-modelos-disponibles-hecho-a-mano\\\/\",\"name\":\"Coj\u00edn My Little Pony hecho a mano | Pick\u00b7Chick by Mec\",\"isPartOf\":{\"@id\":\"https:\\\/\\\/www.pickchickbymec.com\\\/#website\"},\"primaryImageOfPage\":{\"@id\":\"https:\\\/\\\/www.pickchickbymec.com\\\/producto\\\/cojin-decorativo-my-little-pony-varios-modelos-disponibles-hecho-a-mano\\\/#primaryimage\"},\"image\":{\"@id\":\"https:\\\/\\\/www.pickchickbymec.com\\\/producto\\\/cojin-decorativo-my-little-pony-varios-modelos-disponibles-hecho-a-mano\\\/#primaryimage\"},\"thumbnailUrl\":\"https:\\\/\\\/www.pickchickbymec.com\\\/wp-content\\\/uploads\\\/2024\\\/06\\\/ponys1-1.jpg\",\"datePublished\":\"2024-06-14T16:24:29+00:00\",\"dateModified\":\"2026-04-13T05:07:02+00:00\",\"description\":\"Coj\u00edn decorativo hecho a mano con dise\u00f1o inspirado en My Little Pony de la primera generaci\u00f3n. De estilo kawaii y muy suaves.\",\"breadcrumb\":{\"@id\":\"https:\\\/\\\/www.pickchickbymec.com\\\/producto\\\/cojin-decorativo-my-little-pony-varios-modelos-disponibles-hecho-a-mano\\\/#breadcrumb\"},\"inLanguage\":\"en-GB\",\"potentialAction\":[{\"@type\":\"ReadAction\",\"target\":[\"https:\\\/\\\/www.pickchickbymec.com\\\/producto\\\/cojin-decorativo-my-little-pony-varios-modelos-disponibles-hecho-a-mano\\\/\"]}]},{\"@type\":\"ImageObject\",\"inLanguage\":\"en-GB\",\"@id\":\"https:\\\/\\\/www.pickchickbymec.com\\\/producto\\\/cojin-decorativo-my-little-pony-varios-modelos-disponibles-hecho-a-mano\\\/#primaryimage\",\"url\":\"https:\\\/\\\/www.pickchickbymec.com\\\/wp-content\\\/uploads\\\/2024\\\/06\\\/ponys1-1.jpg\",\"contentUrl\":\"https:\\\/\\\/www.pickchickbymec.com\\\/wp-content\\\/uploads\\\/2024\\\/06\\\/ponys1-1.jpg\",\"width\":1000,\"height\":1000,\"caption\":\"My little pony cushion\"},{\"@type\":\"BreadcrumbList\",\"@id\":\"https:\\\/\\\/www.pickchickbymec.com\\\/producto\\\/cojin-decorativo-my-little-pony-varios-modelos-disponibles-hecho-a-mano\\\/#breadcrumb\",\"itemListElement\":[{\"@type\":\"ListItem\",\"position\":1,\"name\":\"Portada\",\"item\":\"https:\\\/\\\/www.pickchickbymec.com\\\/\"},{\"@type\":\"ListItem\",\"position\":2,\"name\":\"Tienda\",\"item\":\"https:\\\/\\\/www.pickchickbymec.com\\\/tienda\\\/\"},{\"@type\":\"ListItem\",\"position\":3,\"name\":\"Coj\u00edn decorativo My Little Pony (varios modelos disponibles, hecho a mano)\"}]},{\"@type\":\"WebSite\",\"@id\":\"https:\\\/\\\/www.pickchickbymec.com\\\/#website\",\"url\":\"https:\\\/\\\/www.pickchickbymec.com\\\/\",\"name\":\"Pick\u00b7Chick by Mec\",\"description\":\"kawaii illustrator and artisan\",\"publisher\":{\"@id\":\"https:\\\/\\\/www.pickchickbymec.com\\\/#\\\/schema\\\/person\\\/189a1cea9c7f6704595062aabbbb38fe\"},\"potentialAction\":[{\"@type\":\"SearchAction\",\"target\":{\"@type\":\"EntryPoint\",\"urlTemplate\":\"https:\\\/\\\/www.pickchickbymec.com\\\/?s={search_term_string}\"},\"query-input\":{\"@type\":\"PropertyValueSpecification\",\"valueRequired\":true,\"valueName\":\"search_term_string\"}}],\"inLanguage\":\"en-GB\"},{\"@type\":[\"Person\",\"Organization\"],\"@id\":\"https:\\\/\\\/www.pickchickbymec.com\\\/#\\\/schema\\\/person\\\/189a1cea9c7f6704595062aabbbb38fe\",\"name\":\"pickchickbymec\",\"image\":{\"@type\":\"ImageObject\",\"inLanguage\":\"en-GB\",\"@id\":\"https:\\\/\\\/secure.gravatar.com\\\/avatar\\\/0c13b11690ce1ad38e031b40cac436947d766b2585e3e81250e6cf60b0a3b61f?s=96&d=mm&r=g\",\"url\":\"https:\\\/\\\/secure.gravatar.com\\\/avatar\\\/0c13b11690ce1ad38e031b40cac436947d766b2585e3e81250e6cf60b0a3b61f?s=96&d=mm&r=g\",\"contentUrl\":\"https:\\\/\\\/secure.gravatar.com\\\/avatar\\\/0c13b11690ce1ad38e031b40cac436947d766b2585e3e81250e6cf60b0a3b61f?s=96&d=mm&r=g\",\"caption\":\"pickchickbymec\"},\"logo\":{\"@id\":\"https:\\\/\\\/secure.gravatar.com\\\/avatar\\\/0c13b11690ce1ad38e031b40cac436947d766b2585e3e81250e6cf60b0a3b61f?s=96&d=mm&r=g\"}}]}<\/script>\n<!-- \/ Yoast SEO plugin. -->","yoast_head_json":{"title":"Coj\u00edn My Little Pony hecho a mano | Pick\u00b7Chick by Mec","description":"Coj\u00edn decorativo hecho a mano con dise\u00f1o inspirado en My Little Pony de la primera generaci\u00f3n. De estilo kawaii y muy suaves.","robots":{"index":"index","follow":"follow","max-snippet":"max-snippet:-1","max-image-preview":"max-image-preview:large","max-video-preview":"max-video-preview:-1"},"canonical":"https:\/\/www.pickchickbymec.com\/en\/product\/cojin-decorativo-my-little-pony-varios-modelos-disponibles-hecho-a-mano\/","og_locale":"en_GB","og_type":"article","og_title":"Coj\u00edn My Little Pony hecho a mano | Pick\u00b7Chick by Mec","og_description":"Coj\u00edn decorativo hecho a mano con dise\u00f1o inspirado en My Little Pony de la primera generaci\u00f3n. De estilo kawaii y muy suaves.","og_url":"https:\/\/www.pickchickbymec.com\/en\/product\/cojin-decorativo-my-little-pony-varios-modelos-disponibles-hecho-a-mano\/","og_site_name":"Pick\u00b7Chick by Mec","article_modified_time":"2026-04-13T05:07:02+00:00","og_image":[{"width":1000,"height":1000,"url":"https:\/\/www.pickchickbymec.com\/wp-content\/uploads\/2024\/06\/ponys1-1.jpg","type":"image\/jpeg"}],"twitter_card":"summary_large_image","twitter_misc":{"Estimated reading time":"2 minutes"},"schema":{"@context":"https:\/\/schema.org","@graph":[{"@type":"WebPage","@id":"https:\/\/www.pickchickbymec.com\/producto\/cojin-decorativo-my-little-pony-varios-modelos-disponibles-hecho-a-mano\/","url":"https:\/\/www.pickchickbymec.com\/producto\/cojin-decorativo-my-little-pony-varios-modelos-disponibles-hecho-a-mano\/","name":"Coj\u00edn My Little Pony hecho a mano | Pick\u00b7Chick by Mec","isPartOf":{"@id":"https:\/\/www.pickchickbymec.com\/#website"},"primaryImageOfPage":{"@id":"https:\/\/www.pickchickbymec.com\/producto\/cojin-decorativo-my-little-pony-varios-modelos-disponibles-hecho-a-mano\/#primaryimage"},"image":{"@id":"https:\/\/www.pickchickbymec.com\/producto\/cojin-decorativo-my-little-pony-varios-modelos-disponibles-hecho-a-mano\/#primaryimage"},"thumbnailUrl":"https:\/\/www.pickchickbymec.com\/wp-content\/uploads\/2024\/06\/ponys1-1.jpg","datePublished":"2024-06-14T16:24:29+00:00","dateModified":"2026-04-13T05:07:02+00:00","description":"Coj\u00edn decorativo hecho a mano con dise\u00f1o inspirado en My Little Pony de la primera generaci\u00f3n. De estilo kawaii y muy suaves.","breadcrumb":{"@id":"https:\/\/www.pickchickbymec.com\/producto\/cojin-decorativo-my-little-pony-varios-modelos-disponibles-hecho-a-mano\/#breadcrumb"},"inLanguage":"en-GB","potentialAction":[{"@type":"ReadAction","target":["https:\/\/www.pickchickbymec.com\/producto\/cojin-decorativo-my-little-pony-varios-modelos-disponibles-hecho-a-mano\/"]}]},{"@type":"ImageObject","inLanguage":"en-GB","@id":"https:\/\/www.pickchickbymec.com\/producto\/cojin-decorativo-my-little-pony-varios-modelos-disponibles-hecho-a-mano\/#primaryimage","url":"https:\/\/www.pickchickbymec.com\/wp-content\/uploads\/2024\/06\/ponys1-1.jpg","contentUrl":"https:\/\/www.pickchickbymec.com\/wp-content\/uploads\/2024\/06\/ponys1-1.jpg","width":1000,"height":1000,"caption":"My little pony cushion"},{"@type":"BreadcrumbList","@id":"https:\/\/www.pickchickbymec.com\/producto\/cojin-decorativo-my-little-pony-varios-modelos-disponibles-hecho-a-mano\/#breadcrumb","itemListElement":[{"@type":"ListItem","position":1,"name":"Portada","item":"https:\/\/www.pickchickbymec.com\/"},{"@type":"ListItem","position":2,"name":"Tienda","item":"https:\/\/www.pickchickbymec.com\/tienda\/"},{"@type":"ListItem","position":3,"name":"Coj\u00edn decorativo My Little Pony (varios modelos disponibles, hecho a mano)"}]},{"@type":"WebSite","@id":"https:\/\/www.pickchickbymec.com\/#website","url":"https:\/\/www.pickchickbymec.com\/","name":"Pick-Chick by Mec","description":"kawaii illustrator and artisan","publisher":{"@id":"https:\/\/www.pickchickbymec.com\/#\/schema\/person\/189a1cea9c7f6704595062aabbbb38fe"},"potentialAction":[{"@type":"SearchAction","target":{"@type":"EntryPoint","urlTemplate":"https:\/\/www.pickchickbymec.com\/?s={search_term_string}"},"query-input":{"@type":"PropertyValueSpecification","valueRequired":true,"valueName":"search_term_string"}}],"inLanguage":"en-GB"},{"@type":["Person","Organization"],"@id":"https:\/\/www.pickchickbymec.com\/#\/schema\/person\/189a1cea9c7f6704595062aabbbb38fe","name":"pickchickbymec","image":{"@type":"ImageObject","inLanguage":"en-GB","@id":"https:\/\/secure.gravatar.com\/avatar\/0c13b11690ce1ad38e031b40cac436947d766b2585e3e81250e6cf60b0a3b61f?s=96&d=mm&r=g","url":"https:\/\/secure.gravatar.com\/avatar\/0c13b11690ce1ad38e031b40cac436947d766b2585e3e81250e6cf60b0a3b61f?s=96&d=mm&r=g","contentUrl":"https:\/\/secure.gravatar.com\/avatar\/0c13b11690ce1ad38e031b40cac436947d766b2585e3e81250e6cf60b0a3b61f?s=96&d=mm&r=g","caption":"pickchickbymec"},"logo":{"@id":"https:\/\/secure.gravatar.com\/avatar\/0c13b11690ce1ad38e031b40cac436947d766b2585e3e81250e6cf60b0a3b61f?s=96&d=mm&r=g"}}]}},"jetpack-related-posts":[],"jetpack_sharing_enabled":true,"_links":{"self":[{"href":"https:\/\/www.pickchickbymec.com\/en\/wp-json\/wp\/v2\/product\/7781","targetHints":{"allow":["GET"]}}],"collection":[{"href":"https:\/\/www.pickchickbymec.com\/en\/wp-json\/wp\/v2\/product"}],"about":[{"href":"https:\/\/www.pickchickbymec.com\/en\/wp-json\/wp\/v2\/types\/product"}],"replies":[{"embeddable":true,"href":"https:\/\/www.pickchickbymec.com\/en\/wp-json\/wp\/v2\/comments?post=7781"}],"wp:featuredmedia":[{"embeddable":true,"href":"https:\/\/www.pickchickbymec.com\/en\/wp-json\/wp\/v2\/media\/7784"}],"wp:attachment":[{"href":"https:\/\/www.pickchickbymec.com\/en\/wp-json\/wp\/v2\/media?parent=7781"}],"wp:term":[{"taxonomy":"product_brand","embeddable":true,"href":"https:\/\/www.pickchickbymec.com\/en\/wp-json\/wp\/v2\/product_brand?post=7781"},{"taxonomy":"product_cat","embeddable":true,"href":"https:\/\/www.pickchickbymec.com\/en\/wp-json\/wp\/v2\/product_cat?post=7781"},{"taxonomy":"product_tag","embeddable":true,"href":"https:\/\/www.pickchickbymec.com\/en\/wp-json\/wp\/v2\/product_tag?post=7781"}],"curies":[{"name":"wp","href":"https:\/\/api.w.org\/{rel}","templated":true}]}}