{"id":8078,"date":"2024-09-17T14:49:04","date_gmt":"2024-09-17T12:49:04","guid":{"rendered":"https:\/\/www.pickchickbymec.com\/?post_type=product&#038;p=8078"},"modified":"2026-04-13T07:04:52","modified_gmt":"2026-04-13T05:04:52","slug":"pins-puzzle-bobble-conjunto-de-dos-pins-acrilicos","status":"publish","type":"product","link":"https:\/\/www.pickchickbymec.com\/en\/product\/pins-puzzle-bobble-conjunto-de-dos-pins-acrilicos\/","title":{"rendered":"Pins Puzzle Bobble: Conjunto de dos pins acr\u00edlicos"},"content":{"rendered":"<p><span style=\"font-weight: 400;\">Conjunto de dos pins acr\u00edlicos inspirados en los dragoncitos protagonistas del cl\u00e1sico juego de arcade Puzzle Bobble. Cada pin est\u00e1 impreso con una ilustraci\u00f3n de uno de los personajes, en acr\u00edlico mate de color verde o azul seg\u00fan el modelo. Ambas piezas van unidas por una cadena de cuentas esf\u00e9ricas en tonos pastel que simulan las burbujitas del videojuego original, y el tope trasero es de goma con forma de estrella. Estos pins la mar de adorables son el complemento ideal para cualquier nost\u00e1lgico de las arcade, y quedan bien en cualquier sitio: camisetas, itabags, bolsos, gorros&#8230; Incluso en el corcho de tu habitaci\u00f3n.<\/span><\/p>\n<p><strong>Pins acr\u00edlicos Puzzle Bobble. Especificaciones:<\/strong><\/p>\n<ul>\n<li><span style=\"font-weight: 400;\">Medidas parte acr\u00edlica: 4 cm<\/span><\/li>\n<li>Cierre de goma con forma de estrella.<\/li>\n<li>Se incluyen ambos pins, no se venden por separado.<\/li>\n<li>Medida cuerdecita con cuentas: 9 cm.<\/li>\n<li>Color de las bolitas aleatorio.<\/li>\n<\/ul>\n<p><span style=\"font-weight: 400;\">Este producto se env\u00eda por correo certificado con n\u00famero de seguimiento.<\/span><\/p>\n<p><span style=\"font-weight: 400;\">Echa un vistazo al resto de <a href=\"https:\/\/www.pickchickbymec.com\/en\/product-tag\/videojuegos\/\">productos de mi tienda inspirados en este y otros videojuegos<\/a> y ahorra al combinar los env\u00edos pidiendo m\u00e1s de un producto. <\/span><\/p>\n<p><span style=\"font-weight: 400;\">Si quieres enterarte de todas las novedades y ver fotos del proceso de los nuevos productos s\u00edgueme en <a href=\"https:\/\/twitter.com\/pickchickbymec\">Twitter<\/a> e <a href=\"https:\/\/www.instagram.com\/pickchickbymec\/\">Instagram<\/a>.<\/span><\/p>","protected":false},"excerpt":{"rendered":"<p>Pack de pins inspirados en Pizzle Bobble.<\/p>","protected":false},"featured_media":8213,"comment_status":"open","ping_status":"closed","template":"","meta":{"_monsterinsights_skip_tracking":false,"_monsterinsights_sitenote_active":false,"_monsterinsights_sitenote_note":"","_monsterinsights_sitenote_category":0},"product_brand":[],"product_cat":[288],"product_tag":[527,359,363,540,416],"class_list":{"0":"post-8078","1":"product","2":"type-product","3":"status-publish","4":"has-post-thumbnail","6":"product_cat-accesorios","7":"product_tag-accesorios","8":"product_tag-fanart","9":"product_tag-pin","10":"product_tag-puzzle-bobble","11":"product_tag-videojuegos","12":"product_shipping_class-b-certificado-ligero","14":"first","15":"instock","16":"taxable","17":"shipping-taxable","18":"purchasable","19":"product-type-simple"},"yoast_head":"<!-- This site is optimized with the Yoast SEO plugin v27.4 - https:\/\/yoast.com\/product\/yoast-seo-wordpress\/ -->\n<title>Pins Puzzle Bobble: Conjunto de dos pins acr\u00edlicos - Pick\u00b7Chick by Mec<\/title>\n<meta name=\"description\" content=\"Conjunto de dos pins acr\u00edlicos unidos por una cadena de cuentas e inspirados en el videojuego de las arcade retro Puzzle Bobble.\" \/>\n<meta name=\"robots\" content=\"index, follow, max-snippet:-1, max-image-preview:large, max-video-preview:-1\" \/>\n<link rel=\"canonical\" href=\"https:\/\/www.pickchickbymec.com\/en\/product\/pins-puzzle-bobble-conjunto-de-dos-pins-acrilicos\/\" \/>\n<meta property=\"og:locale\" content=\"en_GB\" \/>\n<meta property=\"og:type\" content=\"article\" \/>\n<meta property=\"og:title\" content=\"Pins Puzzle Bobble: Conjunto de dos pins acr\u00edlicos - Pick\u00b7Chick by Mec\" \/>\n<meta property=\"og:description\" content=\"Conjunto de dos pins acr\u00edlicos unidos por una cadena de cuentas e inspirados en el videojuego de las arcade retro Puzzle Bobble.\" \/>\n<meta property=\"og:url\" content=\"https:\/\/www.pickchickbymec.com\/en\/product\/pins-puzzle-bobble-conjunto-de-dos-pins-acrilicos\/\" \/>\n<meta property=\"og:site_name\" content=\"Pick\u00b7Chick by Mec\" \/>\n<meta property=\"article:modified_time\" content=\"2026-04-13T05:04:52+00:00\" \/>\n<meta property=\"og:image\" content=\"https:\/\/www.pickchickbymec.com\/wp-content\/uploads\/2024\/09\/bobble-2-1.jpg\" \/>\n\t<meta property=\"og:image:width\" content=\"1200\" \/>\n\t<meta property=\"og:image:height\" content=\"1034\" \/>\n\t<meta property=\"og:image:type\" content=\"image\/jpeg\" \/>\n<meta name=\"twitter:card\" content=\"summary_large_image\" \/>\n<meta name=\"twitter:label1\" content=\"Estimated reading time\" \/>\n\t<meta name=\"twitter:data1\" content=\"2 minutes\" \/>\n<script type=\"application\/ld+json\" class=\"yoast-schema-graph\">{\"@context\":\"https:\\\/\\\/schema.org\",\"@graph\":[{\"@type\":\"WebPage\",\"@id\":\"https:\\\/\\\/www.pickchickbymec.com\\\/producto\\\/pins-puzzle-bobble-conjunto-de-dos-pins-acrilicos\\\/\",\"url\":\"https:\\\/\\\/www.pickchickbymec.com\\\/producto\\\/pins-puzzle-bobble-conjunto-de-dos-pins-acrilicos\\\/\",\"name\":\"Pins Puzzle Bobble: Conjunto de dos pins acr\u00edlicos - Pick\u00b7Chick by Mec\",\"isPartOf\":{\"@id\":\"https:\\\/\\\/www.pickchickbymec.com\\\/#website\"},\"primaryImageOfPage\":{\"@id\":\"https:\\\/\\\/www.pickchickbymec.com\\\/producto\\\/pins-puzzle-bobble-conjunto-de-dos-pins-acrilicos\\\/#primaryimage\"},\"image\":{\"@id\":\"https:\\\/\\\/www.pickchickbymec.com\\\/producto\\\/pins-puzzle-bobble-conjunto-de-dos-pins-acrilicos\\\/#primaryimage\"},\"thumbnailUrl\":\"https:\\\/\\\/www.pickchickbymec.com\\\/wp-content\\\/uploads\\\/2024\\\/09\\\/bobble-2-1.jpg\",\"datePublished\":\"2024-09-17T12:49:04+00:00\",\"dateModified\":\"2026-04-13T05:04:52+00:00\",\"description\":\"Conjunto de dos pins acr\u00edlicos unidos por una cadena de cuentas e inspirados en el videojuego de las arcade retro Puzzle Bobble.\",\"breadcrumb\":{\"@id\":\"https:\\\/\\\/www.pickchickbymec.com\\\/producto\\\/pins-puzzle-bobble-conjunto-de-dos-pins-acrilicos\\\/#breadcrumb\"},\"inLanguage\":\"en-GB\",\"potentialAction\":[{\"@type\":\"ReadAction\",\"target\":[\"https:\\\/\\\/www.pickchickbymec.com\\\/producto\\\/pins-puzzle-bobble-conjunto-de-dos-pins-acrilicos\\\/\"]}]},{\"@type\":\"ImageObject\",\"inLanguage\":\"en-GB\",\"@id\":\"https:\\\/\\\/www.pickchickbymec.com\\\/producto\\\/pins-puzzle-bobble-conjunto-de-dos-pins-acrilicos\\\/#primaryimage\",\"url\":\"https:\\\/\\\/www.pickchickbymec.com\\\/wp-content\\\/uploads\\\/2024\\\/09\\\/bobble-2-1.jpg\",\"contentUrl\":\"https:\\\/\\\/www.pickchickbymec.com\\\/wp-content\\\/uploads\\\/2024\\\/09\\\/bobble-2-1.jpg\",\"width\":1200,\"height\":1034},{\"@type\":\"BreadcrumbList\",\"@id\":\"https:\\\/\\\/www.pickchickbymec.com\\\/producto\\\/pins-puzzle-bobble-conjunto-de-dos-pins-acrilicos\\\/#breadcrumb\",\"itemListElement\":[{\"@type\":\"ListItem\",\"position\":1,\"name\":\"Portada\",\"item\":\"https:\\\/\\\/www.pickchickbymec.com\\\/\"},{\"@type\":\"ListItem\",\"position\":2,\"name\":\"Tienda\",\"item\":\"https:\\\/\\\/www.pickchickbymec.com\\\/tienda\\\/\"},{\"@type\":\"ListItem\",\"position\":3,\"name\":\"Pins Puzzle Bobble: Conjunto de dos pins acr\u00edlicos\"}]},{\"@type\":\"WebSite\",\"@id\":\"https:\\\/\\\/www.pickchickbymec.com\\\/#website\",\"url\":\"https:\\\/\\\/www.pickchickbymec.com\\\/\",\"name\":\"Pick\u00b7Chick by Mec\",\"description\":\"kawaii illustrator and artisan\",\"publisher\":{\"@id\":\"https:\\\/\\\/www.pickchickbymec.com\\\/#\\\/schema\\\/person\\\/189a1cea9c7f6704595062aabbbb38fe\"},\"potentialAction\":[{\"@type\":\"SearchAction\",\"target\":{\"@type\":\"EntryPoint\",\"urlTemplate\":\"https:\\\/\\\/www.pickchickbymec.com\\\/?s={search_term_string}\"},\"query-input\":{\"@type\":\"PropertyValueSpecification\",\"valueRequired\":true,\"valueName\":\"search_term_string\"}}],\"inLanguage\":\"en-GB\"},{\"@type\":[\"Person\",\"Organization\"],\"@id\":\"https:\\\/\\\/www.pickchickbymec.com\\\/#\\\/schema\\\/person\\\/189a1cea9c7f6704595062aabbbb38fe\",\"name\":\"pickchickbymec\",\"image\":{\"@type\":\"ImageObject\",\"inLanguage\":\"en-GB\",\"@id\":\"https:\\\/\\\/secure.gravatar.com\\\/avatar\\\/0c13b11690ce1ad38e031b40cac436947d766b2585e3e81250e6cf60b0a3b61f?s=96&d=mm&r=g\",\"url\":\"https:\\\/\\\/secure.gravatar.com\\\/avatar\\\/0c13b11690ce1ad38e031b40cac436947d766b2585e3e81250e6cf60b0a3b61f?s=96&d=mm&r=g\",\"contentUrl\":\"https:\\\/\\\/secure.gravatar.com\\\/avatar\\\/0c13b11690ce1ad38e031b40cac436947d766b2585e3e81250e6cf60b0a3b61f?s=96&d=mm&r=g\",\"caption\":\"pickchickbymec\"},\"logo\":{\"@id\":\"https:\\\/\\\/secure.gravatar.com\\\/avatar\\\/0c13b11690ce1ad38e031b40cac436947d766b2585e3e81250e6cf60b0a3b61f?s=96&d=mm&r=g\"}}]}<\/script>\n<!-- \/ Yoast SEO plugin. -->","yoast_head_json":{"title":"Pins Puzzle Bobble: Conjunto de dos pins acr\u00edlicos - Pick\u00b7Chick by Mec","description":"Conjunto de dos pins acr\u00edlicos unidos por una cadena de cuentas e inspirados en el videojuego de las arcade retro Puzzle Bobble.","robots":{"index":"index","follow":"follow","max-snippet":"max-snippet:-1","max-image-preview":"max-image-preview:large","max-video-preview":"max-video-preview:-1"},"canonical":"https:\/\/www.pickchickbymec.com\/en\/product\/pins-puzzle-bobble-conjunto-de-dos-pins-acrilicos\/","og_locale":"en_GB","og_type":"article","og_title":"Pins Puzzle Bobble: Conjunto de dos pins acr\u00edlicos - Pick\u00b7Chick by Mec","og_description":"Conjunto de dos pins acr\u00edlicos unidos por una cadena de cuentas e inspirados en el videojuego de las arcade retro Puzzle Bobble.","og_url":"https:\/\/www.pickchickbymec.com\/en\/product\/pins-puzzle-bobble-conjunto-de-dos-pins-acrilicos\/","og_site_name":"Pick\u00b7Chick by Mec","article_modified_time":"2026-04-13T05:04:52+00:00","og_image":[{"width":1200,"height":1034,"url":"https:\/\/www.pickchickbymec.com\/wp-content\/uploads\/2024\/09\/bobble-2-1.jpg","type":"image\/jpeg"}],"twitter_card":"summary_large_image","twitter_misc":{"Estimated reading time":"2 minutes"},"schema":{"@context":"https:\/\/schema.org","@graph":[{"@type":"WebPage","@id":"https:\/\/www.pickchickbymec.com\/producto\/pins-puzzle-bobble-conjunto-de-dos-pins-acrilicos\/","url":"https:\/\/www.pickchickbymec.com\/producto\/pins-puzzle-bobble-conjunto-de-dos-pins-acrilicos\/","name":"Pins Puzzle Bobble: Conjunto de dos pins acr\u00edlicos - Pick\u00b7Chick by Mec","isPartOf":{"@id":"https:\/\/www.pickchickbymec.com\/#website"},"primaryImageOfPage":{"@id":"https:\/\/www.pickchickbymec.com\/producto\/pins-puzzle-bobble-conjunto-de-dos-pins-acrilicos\/#primaryimage"},"image":{"@id":"https:\/\/www.pickchickbymec.com\/producto\/pins-puzzle-bobble-conjunto-de-dos-pins-acrilicos\/#primaryimage"},"thumbnailUrl":"https:\/\/www.pickchickbymec.com\/wp-content\/uploads\/2024\/09\/bobble-2-1.jpg","datePublished":"2024-09-17T12:49:04+00:00","dateModified":"2026-04-13T05:04:52+00:00","description":"Conjunto de dos pins acr\u00edlicos unidos por una cadena de cuentas e inspirados en el videojuego de las arcade retro Puzzle Bobble.","breadcrumb":{"@id":"https:\/\/www.pickchickbymec.com\/producto\/pins-puzzle-bobble-conjunto-de-dos-pins-acrilicos\/#breadcrumb"},"inLanguage":"en-GB","potentialAction":[{"@type":"ReadAction","target":["https:\/\/www.pickchickbymec.com\/producto\/pins-puzzle-bobble-conjunto-de-dos-pins-acrilicos\/"]}]},{"@type":"ImageObject","inLanguage":"en-GB","@id":"https:\/\/www.pickchickbymec.com\/producto\/pins-puzzle-bobble-conjunto-de-dos-pins-acrilicos\/#primaryimage","url":"https:\/\/www.pickchickbymec.com\/wp-content\/uploads\/2024\/09\/bobble-2-1.jpg","contentUrl":"https:\/\/www.pickchickbymec.com\/wp-content\/uploads\/2024\/09\/bobble-2-1.jpg","width":1200,"height":1034},{"@type":"BreadcrumbList","@id":"https:\/\/www.pickchickbymec.com\/producto\/pins-puzzle-bobble-conjunto-de-dos-pins-acrilicos\/#breadcrumb","itemListElement":[{"@type":"ListItem","position":1,"name":"Portada","item":"https:\/\/www.pickchickbymec.com\/"},{"@type":"ListItem","position":2,"name":"Tienda","item":"https:\/\/www.pickchickbymec.com\/tienda\/"},{"@type":"ListItem","position":3,"name":"Pins Puzzle Bobble: Conjunto de dos pins acr\u00edlicos"}]},{"@type":"WebSite","@id":"https:\/\/www.pickchickbymec.com\/#website","url":"https:\/\/www.pickchickbymec.com\/","name":"Pick-Chick by Mec","description":"kawaii illustrator and artisan","publisher":{"@id":"https:\/\/www.pickchickbymec.com\/#\/schema\/person\/189a1cea9c7f6704595062aabbbb38fe"},"potentialAction":[{"@type":"SearchAction","target":{"@type":"EntryPoint","urlTemplate":"https:\/\/www.pickchickbymec.com\/?s={search_term_string}"},"query-input":{"@type":"PropertyValueSpecification","valueRequired":true,"valueName":"search_term_string"}}],"inLanguage":"en-GB"},{"@type":["Person","Organization"],"@id":"https:\/\/www.pickchickbymec.com\/#\/schema\/person\/189a1cea9c7f6704595062aabbbb38fe","name":"pickchickbymec","image":{"@type":"ImageObject","inLanguage":"en-GB","@id":"https:\/\/secure.gravatar.com\/avatar\/0c13b11690ce1ad38e031b40cac436947d766b2585e3e81250e6cf60b0a3b61f?s=96&d=mm&r=g","url":"https:\/\/secure.gravatar.com\/avatar\/0c13b11690ce1ad38e031b40cac436947d766b2585e3e81250e6cf60b0a3b61f?s=96&d=mm&r=g","contentUrl":"https:\/\/secure.gravatar.com\/avatar\/0c13b11690ce1ad38e031b40cac436947d766b2585e3e81250e6cf60b0a3b61f?s=96&d=mm&r=g","caption":"pickchickbymec"},"logo":{"@id":"https:\/\/secure.gravatar.com\/avatar\/0c13b11690ce1ad38e031b40cac436947d766b2585e3e81250e6cf60b0a3b61f?s=96&d=mm&r=g"}}]}},"jetpack-related-posts":[],"jetpack_sharing_enabled":true,"_links":{"self":[{"href":"https:\/\/www.pickchickbymec.com\/en\/wp-json\/wp\/v2\/product\/8078","targetHints":{"allow":["GET"]}}],"collection":[{"href":"https:\/\/www.pickchickbymec.com\/en\/wp-json\/wp\/v2\/product"}],"about":[{"href":"https:\/\/www.pickchickbymec.com\/en\/wp-json\/wp\/v2\/types\/product"}],"replies":[{"embeddable":true,"href":"https:\/\/www.pickchickbymec.com\/en\/wp-json\/wp\/v2\/comments?post=8078"}],"wp:featuredmedia":[{"embeddable":true,"href":"https:\/\/www.pickchickbymec.com\/en\/wp-json\/wp\/v2\/media\/8213"}],"wp:attachment":[{"href":"https:\/\/www.pickchickbymec.com\/en\/wp-json\/wp\/v2\/media?parent=8078"}],"wp:term":[{"taxonomy":"product_brand","embeddable":true,"href":"https:\/\/www.pickchickbymec.com\/en\/wp-json\/wp\/v2\/product_brand?post=8078"},{"taxonomy":"product_cat","embeddable":true,"href":"https:\/\/www.pickchickbymec.com\/en\/wp-json\/wp\/v2\/product_cat?post=8078"},{"taxonomy":"product_tag","embeddable":true,"href":"https:\/\/www.pickchickbymec.com\/en\/wp-json\/wp\/v2\/product_tag?post=8078"}],"curies":[{"name":"wp","href":"https:\/\/api.w.org\/{rel}","templated":true}]}}