{"id":8153,"date":"2024-10-22T12:12:03","date_gmt":"2024-10-22T10:12:03","guid":{"rendered":"https:\/\/www.pickchickbymec.com\/?post_type=product&#038;p=8153"},"modified":"2026-01-12T17:27:19","modified_gmt":"2026-01-12T16:27:19","slug":"fanzine-estoy-blandita-comic-autoeditado","status":"publish","type":"product","link":"https:\/\/www.pickchickbymec.com\/en\/product\/fanzine-estoy-blandita-comic-autoeditado\/","title":{"rendered":"Fanzine Estoy blandita (c\u00f3mic autoeditado)"},"content":{"rendered":"<p><em>Estoy blandita<\/em> es un fanzine recopilatorio de varias tiras c\u00f3micas que tratan temas de salud mental y el d\u00eda a d\u00eda de ser artista freelance. Tras el rotundo \u00e9xito de <a href=\"https:\/\/www.pickchickbymec.com\/en\/product\/panadramas-fanzine-comic\/\">Panadramas<\/a> (dos fanzines en el mismo formato pero con las aventuras de trabajar en una panader\u00eda-cafeter\u00eda), llevaba tiempo queriendo volver a sacar alg\u00fan otro c\u00f3mic del estilo pero con vivencias m\u00e1s actuales. Y ahora, tras unos a\u00f1os trabajando por cuenta propia y lidiando con un bajoncillo emocional he sentido que era el momento. A lo largo de estas p\u00e1ginas conocer\u00e1s tanto la parte bonita de vivir del arte como los obst\u00e1culos y la carga que ello supone a veces. Si te gustan las obras que tratan temas de salud mental con cierto toque de humor o si eres artista este c\u00f3mic te har\u00e1 pasar un muy buen rato.<\/p>\n<p><strong>Fanzine Estoy Blandita. Caracter\u00edsticas:<\/strong><\/p>\n<ul>\n<li>Encuaderaci\u00f3n con grapas<\/li>\n<li>Fomato din A5 (15 x 21 cm aprox.)<\/li>\n<li>Impreso a color<\/li>\n<li>Interior de 24 p\u00e1ginas.<\/li>\n<li>Puedes pedir que te lo dedique indic\u00e1ndolo con una nota al hacer el pedido.<\/li>\n<\/ul>\n<p>Este producto se env\u00eda por correo certificado con n\u00famero de seguimiento.<\/p>\n<p>Echa un vistazo a otros productos de<a href=\"https:\/\/www.pickchickbymec.com\/en\/tienda\/\"> mi tienda<\/a> y ahorra en los gastos de env\u00edo al pedir varios art\u00edculos a la vez.<\/p>\n<p>Puedes seguirme por <a href=\"https:\/\/twitter.com\/pickchickbymec\">Twitter<\/a>,<a href=\"https:\/\/bsky.app\/profile\/pickchickbymec.bsky.social\"> Bluesky<\/a> e <a href=\"https:\/\/www.instagram.com\/pickchickbymec\">Instagram<\/a> para enterarte de todas las novedades.<\/p>\n<p>&nbsp;<\/p>","protected":false},"excerpt":{"rendered":"<p>Fanzine Estoy Blandita<\/p>\n<p>24 p\u00e1ginas, formato din A5.<\/p>","protected":false},"featured_media":8154,"comment_status":"open","ping_status":"closed","template":"","meta":{"_monsterinsights_skip_tracking":false,"_monsterinsights_sitenote_active":false,"_monsterinsights_sitenote_note":"","_monsterinsights_sitenote_category":0},"product_brand":[],"product_cat":[302],"product_tag":[375,374,482],"class_list":{"0":"post-8153","1":"product","2":"type-product","3":"status-publish","4":"has-post-thumbnail","6":"product_cat-fanzine","7":"product_tag-comic","8":"product_tag-fanzine","9":"product_tag-oc","10":"product_shipping_class-documentos","12":"first","13":"instock","14":"taxable","15":"shipping-taxable","16":"purchasable","17":"product-type-simple"},"yoast_head":"<!-- This site is optimized with the Yoast SEO plugin v27.4 - https:\/\/yoast.com\/product\/yoast-seo-wordpress\/ -->\n<title>Fanzine Estoy blandita - c\u00f3mic autoeditado | Pick\u00b7Chick by Mec<\/title>\n<meta name=\"description\" content=\"Estoy blandita es un fanzine recopilatorio de tiras c\u00f3micas sobre ser artista freelance y c\u00f3mo afecta a la salud mental, todo narrado con un toque de humor.\" \/>\n<meta name=\"robots\" content=\"index, follow, max-snippet:-1, max-image-preview:large, max-video-preview:-1\" \/>\n<link rel=\"canonical\" href=\"https:\/\/www.pickchickbymec.com\/en\/product\/fanzine-estoy-blandita-comic-autoeditado\/\" \/>\n<meta property=\"og:locale\" content=\"en_GB\" \/>\n<meta property=\"og:type\" content=\"article\" \/>\n<meta property=\"og:title\" content=\"Fanzine Estoy blandita - c\u00f3mic autoeditado | Pick\u00b7Chick by Mec\" \/>\n<meta property=\"og:description\" content=\"Estoy blandita es un fanzine recopilatorio de tiras c\u00f3micas sobre ser artista freelance y c\u00f3mo afecta a la salud mental, todo narrado con un toque de humor.\" \/>\n<meta property=\"og:url\" content=\"https:\/\/www.pickchickbymec.com\/en\/product\/fanzine-estoy-blandita-comic-autoeditado\/\" \/>\n<meta property=\"og:site_name\" content=\"Pick\u00b7Chick by Mec\" \/>\n<meta property=\"article:modified_time\" content=\"2026-01-12T16:27:19+00:00\" \/>\n<meta property=\"og:image\" content=\"https:\/\/www.pickchickbymec.com\/wp-content\/uploads\/2024\/10\/blandita.jpg\" \/>\n\t<meta property=\"og:image:width\" content=\"1200\" \/>\n\t<meta property=\"og:image:height\" content=\"1219\" \/>\n\t<meta property=\"og:image:type\" content=\"image\/jpeg\" \/>\n<meta name=\"twitter:card\" content=\"summary_large_image\" \/>\n<meta name=\"twitter:label1\" content=\"Estimated reading time\" \/>\n\t<meta name=\"twitter:data1\" content=\"2 minutes\" \/>\n<script type=\"application\/ld+json\" class=\"yoast-schema-graph\">{\"@context\":\"https:\\\/\\\/schema.org\",\"@graph\":[{\"@type\":\"WebPage\",\"@id\":\"https:\\\/\\\/www.pickchickbymec.com\\\/producto\\\/fanzine-estoy-blandita-comic-autoeditado\\\/\",\"url\":\"https:\\\/\\\/www.pickchickbymec.com\\\/producto\\\/fanzine-estoy-blandita-comic-autoeditado\\\/\",\"name\":\"Fanzine Estoy blandita - c\u00f3mic autoeditado | Pick\u00b7Chick by Mec\",\"isPartOf\":{\"@id\":\"https:\\\/\\\/www.pickchickbymec.com\\\/#website\"},\"primaryImageOfPage\":{\"@id\":\"https:\\\/\\\/www.pickchickbymec.com\\\/producto\\\/fanzine-estoy-blandita-comic-autoeditado\\\/#primaryimage\"},\"image\":{\"@id\":\"https:\\\/\\\/www.pickchickbymec.com\\\/producto\\\/fanzine-estoy-blandita-comic-autoeditado\\\/#primaryimage\"},\"thumbnailUrl\":\"https:\\\/\\\/www.pickchickbymec.com\\\/wp-content\\\/uploads\\\/2024\\\/10\\\/blandita.jpg\",\"datePublished\":\"2024-10-22T10:12:03+00:00\",\"dateModified\":\"2026-01-12T16:27:19+00:00\",\"description\":\"Estoy blandita es un fanzine recopilatorio de tiras c\u00f3micas sobre ser artista freelance y c\u00f3mo afecta a la salud mental, todo narrado con un toque de humor.\",\"breadcrumb\":{\"@id\":\"https:\\\/\\\/www.pickchickbymec.com\\\/producto\\\/fanzine-estoy-blandita-comic-autoeditado\\\/#breadcrumb\"},\"inLanguage\":\"en-GB\",\"potentialAction\":[{\"@type\":\"ReadAction\",\"target\":[\"https:\\\/\\\/www.pickchickbymec.com\\\/producto\\\/fanzine-estoy-blandita-comic-autoeditado\\\/\"]}]},{\"@type\":\"ImageObject\",\"inLanguage\":\"en-GB\",\"@id\":\"https:\\\/\\\/www.pickchickbymec.com\\\/producto\\\/fanzine-estoy-blandita-comic-autoeditado\\\/#primaryimage\",\"url\":\"https:\\\/\\\/www.pickchickbymec.com\\\/wp-content\\\/uploads\\\/2024\\\/10\\\/blandita.jpg\",\"contentUrl\":\"https:\\\/\\\/www.pickchickbymec.com\\\/wp-content\\\/uploads\\\/2024\\\/10\\\/blandita.jpg\",\"width\":1200,\"height\":1219,\"caption\":\"fanzine estoy blandita\"},{\"@type\":\"BreadcrumbList\",\"@id\":\"https:\\\/\\\/www.pickchickbymec.com\\\/producto\\\/fanzine-estoy-blandita-comic-autoeditado\\\/#breadcrumb\",\"itemListElement\":[{\"@type\":\"ListItem\",\"position\":1,\"name\":\"Portada\",\"item\":\"https:\\\/\\\/www.pickchickbymec.com\\\/\"},{\"@type\":\"ListItem\",\"position\":2,\"name\":\"Tienda\",\"item\":\"https:\\\/\\\/www.pickchickbymec.com\\\/tienda\\\/\"},{\"@type\":\"ListItem\",\"position\":3,\"name\":\"Fanzine Estoy blandita (c\u00f3mic autoeditado)\"}]},{\"@type\":\"WebSite\",\"@id\":\"https:\\\/\\\/www.pickchickbymec.com\\\/#website\",\"url\":\"https:\\\/\\\/www.pickchickbymec.com\\\/\",\"name\":\"Pick\u00b7Chick by Mec\",\"description\":\"kawaii illustrator and artisan\",\"publisher\":{\"@id\":\"https:\\\/\\\/www.pickchickbymec.com\\\/#\\\/schema\\\/person\\\/189a1cea9c7f6704595062aabbbb38fe\"},\"potentialAction\":[{\"@type\":\"SearchAction\",\"target\":{\"@type\":\"EntryPoint\",\"urlTemplate\":\"https:\\\/\\\/www.pickchickbymec.com\\\/?s={search_term_string}\"},\"query-input\":{\"@type\":\"PropertyValueSpecification\",\"valueRequired\":true,\"valueName\":\"search_term_string\"}}],\"inLanguage\":\"en-GB\"},{\"@type\":[\"Person\",\"Organization\"],\"@id\":\"https:\\\/\\\/www.pickchickbymec.com\\\/#\\\/schema\\\/person\\\/189a1cea9c7f6704595062aabbbb38fe\",\"name\":\"pickchickbymec\",\"image\":{\"@type\":\"ImageObject\",\"inLanguage\":\"en-GB\",\"@id\":\"https:\\\/\\\/secure.gravatar.com\\\/avatar\\\/0c13b11690ce1ad38e031b40cac436947d766b2585e3e81250e6cf60b0a3b61f?s=96&d=mm&r=g\",\"url\":\"https:\\\/\\\/secure.gravatar.com\\\/avatar\\\/0c13b11690ce1ad38e031b40cac436947d766b2585e3e81250e6cf60b0a3b61f?s=96&d=mm&r=g\",\"contentUrl\":\"https:\\\/\\\/secure.gravatar.com\\\/avatar\\\/0c13b11690ce1ad38e031b40cac436947d766b2585e3e81250e6cf60b0a3b61f?s=96&d=mm&r=g\",\"caption\":\"pickchickbymec\"},\"logo\":{\"@id\":\"https:\\\/\\\/secure.gravatar.com\\\/avatar\\\/0c13b11690ce1ad38e031b40cac436947d766b2585e3e81250e6cf60b0a3b61f?s=96&d=mm&r=g\"}}]}<\/script>\n<!-- \/ Yoast SEO plugin. -->","yoast_head_json":{"title":"Fanzine Estoy blandita - c\u00f3mic autoeditado | Pick\u00b7Chick by Mec","description":"Estoy blandita es un fanzine recopilatorio de tiras c\u00f3micas sobre ser artista freelance y c\u00f3mo afecta a la salud mental, todo narrado con un toque de humor.","robots":{"index":"index","follow":"follow","max-snippet":"max-snippet:-1","max-image-preview":"max-image-preview:large","max-video-preview":"max-video-preview:-1"},"canonical":"https:\/\/www.pickchickbymec.com\/en\/product\/fanzine-estoy-blandita-comic-autoeditado\/","og_locale":"en_GB","og_type":"article","og_title":"Fanzine Estoy blandita - c\u00f3mic autoeditado | Pick\u00b7Chick by Mec","og_description":"Estoy blandita es un fanzine recopilatorio de tiras c\u00f3micas sobre ser artista freelance y c\u00f3mo afecta a la salud mental, todo narrado con un toque de humor.","og_url":"https:\/\/www.pickchickbymec.com\/en\/product\/fanzine-estoy-blandita-comic-autoeditado\/","og_site_name":"Pick\u00b7Chick by Mec","article_modified_time":"2026-01-12T16:27:19+00:00","og_image":[{"width":1200,"height":1219,"url":"https:\/\/www.pickchickbymec.com\/wp-content\/uploads\/2024\/10\/blandita.jpg","type":"image\/jpeg"}],"twitter_card":"summary_large_image","twitter_misc":{"Estimated reading time":"2 minutes"},"schema":{"@context":"https:\/\/schema.org","@graph":[{"@type":"WebPage","@id":"https:\/\/www.pickchickbymec.com\/producto\/fanzine-estoy-blandita-comic-autoeditado\/","url":"https:\/\/www.pickchickbymec.com\/producto\/fanzine-estoy-blandita-comic-autoeditado\/","name":"Fanzine Estoy blandita - c\u00f3mic autoeditado | Pick\u00b7Chick by Mec","isPartOf":{"@id":"https:\/\/www.pickchickbymec.com\/#website"},"primaryImageOfPage":{"@id":"https:\/\/www.pickchickbymec.com\/producto\/fanzine-estoy-blandita-comic-autoeditado\/#primaryimage"},"image":{"@id":"https:\/\/www.pickchickbymec.com\/producto\/fanzine-estoy-blandita-comic-autoeditado\/#primaryimage"},"thumbnailUrl":"https:\/\/www.pickchickbymec.com\/wp-content\/uploads\/2024\/10\/blandita.jpg","datePublished":"2024-10-22T10:12:03+00:00","dateModified":"2026-01-12T16:27:19+00:00","description":"Estoy blandita es un fanzine recopilatorio de tiras c\u00f3micas sobre ser artista freelance y c\u00f3mo afecta a la salud mental, todo narrado con un toque de humor.","breadcrumb":{"@id":"https:\/\/www.pickchickbymec.com\/producto\/fanzine-estoy-blandita-comic-autoeditado\/#breadcrumb"},"inLanguage":"en-GB","potentialAction":[{"@type":"ReadAction","target":["https:\/\/www.pickchickbymec.com\/producto\/fanzine-estoy-blandita-comic-autoeditado\/"]}]},{"@type":"ImageObject","inLanguage":"en-GB","@id":"https:\/\/www.pickchickbymec.com\/producto\/fanzine-estoy-blandita-comic-autoeditado\/#primaryimage","url":"https:\/\/www.pickchickbymec.com\/wp-content\/uploads\/2024\/10\/blandita.jpg","contentUrl":"https:\/\/www.pickchickbymec.com\/wp-content\/uploads\/2024\/10\/blandita.jpg","width":1200,"height":1219,"caption":"fanzine estoy blandita"},{"@type":"BreadcrumbList","@id":"https:\/\/www.pickchickbymec.com\/producto\/fanzine-estoy-blandita-comic-autoeditado\/#breadcrumb","itemListElement":[{"@type":"ListItem","position":1,"name":"Portada","item":"https:\/\/www.pickchickbymec.com\/"},{"@type":"ListItem","position":2,"name":"Tienda","item":"https:\/\/www.pickchickbymec.com\/tienda\/"},{"@type":"ListItem","position":3,"name":"Fanzine Estoy blandita (c\u00f3mic autoeditado)"}]},{"@type":"WebSite","@id":"https:\/\/www.pickchickbymec.com\/#website","url":"https:\/\/www.pickchickbymec.com\/","name":"Pick-Chick by Mec","description":"kawaii illustrator and artisan","publisher":{"@id":"https:\/\/www.pickchickbymec.com\/#\/schema\/person\/189a1cea9c7f6704595062aabbbb38fe"},"potentialAction":[{"@type":"SearchAction","target":{"@type":"EntryPoint","urlTemplate":"https:\/\/www.pickchickbymec.com\/?s={search_term_string}"},"query-input":{"@type":"PropertyValueSpecification","valueRequired":true,"valueName":"search_term_string"}}],"inLanguage":"en-GB"},{"@type":["Person","Organization"],"@id":"https:\/\/www.pickchickbymec.com\/#\/schema\/person\/189a1cea9c7f6704595062aabbbb38fe","name":"pickchickbymec","image":{"@type":"ImageObject","inLanguage":"en-GB","@id":"https:\/\/secure.gravatar.com\/avatar\/0c13b11690ce1ad38e031b40cac436947d766b2585e3e81250e6cf60b0a3b61f?s=96&d=mm&r=g","url":"https:\/\/secure.gravatar.com\/avatar\/0c13b11690ce1ad38e031b40cac436947d766b2585e3e81250e6cf60b0a3b61f?s=96&d=mm&r=g","contentUrl":"https:\/\/secure.gravatar.com\/avatar\/0c13b11690ce1ad38e031b40cac436947d766b2585e3e81250e6cf60b0a3b61f?s=96&d=mm&r=g","caption":"pickchickbymec"},"logo":{"@id":"https:\/\/secure.gravatar.com\/avatar\/0c13b11690ce1ad38e031b40cac436947d766b2585e3e81250e6cf60b0a3b61f?s=96&d=mm&r=g"}}]}},"jetpack-related-posts":[],"jetpack_sharing_enabled":true,"_links":{"self":[{"href":"https:\/\/www.pickchickbymec.com\/en\/wp-json\/wp\/v2\/product\/8153","targetHints":{"allow":["GET"]}}],"collection":[{"href":"https:\/\/www.pickchickbymec.com\/en\/wp-json\/wp\/v2\/product"}],"about":[{"href":"https:\/\/www.pickchickbymec.com\/en\/wp-json\/wp\/v2\/types\/product"}],"replies":[{"embeddable":true,"href":"https:\/\/www.pickchickbymec.com\/en\/wp-json\/wp\/v2\/comments?post=8153"}],"wp:featuredmedia":[{"embeddable":true,"href":"https:\/\/www.pickchickbymec.com\/en\/wp-json\/wp\/v2\/media\/8154"}],"wp:attachment":[{"href":"https:\/\/www.pickchickbymec.com\/en\/wp-json\/wp\/v2\/media?parent=8153"}],"wp:term":[{"taxonomy":"product_brand","embeddable":true,"href":"https:\/\/www.pickchickbymec.com\/en\/wp-json\/wp\/v2\/product_brand?post=8153"},{"taxonomy":"product_cat","embeddable":true,"href":"https:\/\/www.pickchickbymec.com\/en\/wp-json\/wp\/v2\/product_cat?post=8153"},{"taxonomy":"product_tag","embeddable":true,"href":"https:\/\/www.pickchickbymec.com\/en\/wp-json\/wp\/v2\/product_tag?post=8153"}],"curies":[{"name":"wp","href":"https:\/\/api.w.org\/{rel}","templated":true}]}}